{"id":6225,"date":"2025-04-11T02:32:55","date_gmt":"2025-04-11T02:32:55","guid":{"rendered":"https:\/\/vapingnet.de\/?post_type=product&#038;p=6225"},"modified":"2025-12-30T08:41:44","modified_gmt":"2025-12-30T08:41:44","slug":"strawberry-lychee-e-zigarette-bang-tn-12000-puffs-premium-ohne-zollgebuehren","status":"publish","type":"product","link":"https:\/\/vapingnet.de\/pl\/vape\/strawberry-lychee-e-zigarette-bang-tn-12000-puffs-premium-ohne-zollgebuehren\/","title":{"rendered":"Strawberry Lychee E-papieros Bang Tn 12000 Puffs Premium bez op\u0142at celnych"},"content":{"rendered":"<h2 data-start=\"0\" data-end=\"74\" data-immersive-translate-walked=\"e5244280-d976-436a-8f54-784f965da7ff\">Bang Tn 12000 Puffs: Idealny jednorazowy vape do d\u0142ugotrwa\u0142ej przyjemno\u015bci<\/h2>\n<p class=\"\" data-start=\"76\" data-end=\"379\" data-immersive-translate-paragraph=\"1\" data-immersive-translate-walked=\"e5244280-d976-436a-8f54-784f965da7ff\">Bang Tn 12000 Puffs to idealny towarzysz dla wszystkich, kt\u00f3rzy szukaj\u0105 trwa\u0142ego, wysokiej jako\u015bci i wszechstronnego jednorazowego vape'a. Dzi\u0119ki szerokiemu zakresowi atrakcyjnych cech i unikalnej kombinacji smak\u00f3w, to urz\u0105dzenie zapewnia wyj\u0105tkowe do\u015bwiadczenie vapingowe.<\/p>\n<ul>\n<li data-start=\"381\" data-end=\"429\" data-immersive-translate-walked=\"e5244280-d976-436a-8f54-784f965da7ff\">R\u00f3\u017cnorodne opcje nikotynowe dla ka\u017cdego potrzebuj\u0105cego<br \/>\nBang Tn 12000 Puffs jest dost\u0119pny w r\u00f3\u017cnych st\u0119\u017ceniach nikotyny: 0%, 2%, 3% i 5%. Ten wyb\u00f3r pozwala u\u017cytkownikom dok\u0142adnie dopasowa\u0107 ilo\u015b\u0107 nikotyny do swoich indywidualnych preferencji, czy to dla ca\u0142kowitego rezygnowania z nikotyny, czy dla umiarkowanego lub wysokiego spo\u017cycia nikotyny.<\/li>\n<li data-start=\"744\" data-end=\"791\" data-immersive-translate-walked=\"e5244280-d976-436a-8f54-784f965da7ff\">Pierwszorz\u0119dny smak \u2013 Truskawka Litchi<br \/>\nDzi\u0119ki unikalnemu smakowi truskawki i litchi, Bang Tn 12000 Puffs oferuje niepowtarzalne do\u015bwiadczenie vapingowe. Po\u0142\u0105czenie s\u0142odkiej truskawki z egzotyczn\u0105 nut\u0105 litchi zapewnia \u015bwie\u017cy i przyjemny owocowy smak, kt\u00f3ry zamienia ka\u017cdy zaci\u0105g w przyjemno\u015b\u0107.<\/li>\n<li data-start=\"1089\" data-end=\"1124\" data-immersive-translate-walked=\"e5244280-d976-436a-8f54-784f965da7ff\">D\u0142uga trwa\u0142o\u015b\u0107 i wydajno\u015b\u0107<br \/>\nBang Tn 12000 Puffs wyr\u00f3\u017cnia si\u0119 imponuj\u0105c\u0105 wydajno\u015bci\u0105. Pojemno\u015b\u0107 20 ml p\u0142ynu i bateria o pojemno\u015bci 650 mAh zapewniaj\u0105 d\u0142ugotrwa\u0142\u0105 przyjemno\u015b\u0107. Mesh-spirala o oporze 1,2\u03a9 gwarantuje r\u00f3wnomiern\u0105 i delikatn\u0105 produkcj\u0119 pary, co przek\u0142ada si\u0119 na sta\u0142\u0105 wysok\u0105 jako\u015b\u0107 ka\u017cdego zaci\u0105gni\u0119cia.<\/li>\n<li data-start=\"1481\" data-end=\"1527\" data-immersive-translate-walked=\"e5244280-d976-436a-8f54-784f965da7ff\">Wygodna obs\u0142uga i szybkie \u0142adowanie<br \/>\nDzi\u0119ki z\u0142\u0105czu Type-C i napi\u0119ciu wej\u015bciowemu 5 V oraz 1 A, Bang Tn 12000 Puffs mo\u017cna szybko na\u0142adowa\u0107, dzi\u0119ki czemu jest zawsze gotowy do kolejnego u\u017cycia. Ergonomiczny design i lekkie materia\u0142y PC zapewniaj\u0105 komfortow\u0105 obs\u0142ug\u0119, czyni\u0105c vaping jeszcze bardziej przyjemnym.<\/li>\n<li data-start=\"1837\" data-end=\"1879\" data-immersive-translate-walked=\"e5244280-d976-436a-8f54-784f965da7ff\">Jednorazowy vape dla bezproblemowej przyjemno\u015bci<br \/>\nJako jednorazowy vape, Bang Tn 12000 Puffs oferuje prosty spos\u00f3b na cieszenie si\u0119 vapingiem bez konieczno\u015bci uzupe\u0142niania czy konserwacji. Wystarczy otworzy\u0107, cieszy\u0107 si\u0119 i wyrzuci\u0107 \u2013 tak proste jest vaping.<\/li>\n<li data-start=\"2120\" data-end=\"2160\" data-immersive-translate-walked=\"e5244280-d976-436a-8f54-784f965da7ff\">Zalety zakupu przez vapingnet.de<br \/>\nOpr\u00f3cz doskona\u0142ej wydajno\u015bci, Bang Tn 12000 Puffs ma jeszcze jedn\u0105 zalet\u0119: brak op\u0142at celnych, co czyni zakup przez vapingnet.de szczeg\u00f3lnie atrakcyjnym. Ponadto, klienci korzystaj\u0105 z szybkiej dostawy, kt\u00f3ra trwa od 7 do 15 dni roboczych.<\/li>\n<\/ul>\n<h3 data-start=\"2444\" data-end=\"2487\" data-immersive-translate-walked=\"e5244280-d976-436a-8f54-784f965da7ff\">Must-have dla entuzjast\u00f3w vaping<\/h3>\n<p class=\"\" data-start=\"2489\" data-end=\"2928\" data-immersive-translate-walked=\"e5244280-d976-436a-8f54-784f965da7ff\" data-immersive-translate-paragraph=\"1\">Bang Tn 12000 Puffs to idealny jednorazowy vape dla tych, kt\u00f3rzy ceni\u0105 sobie d\u0142ug\u0105 trwa\u0142o\u015b\u0107, wy\u015bmienity smak i \u0142atwo\u015b\u0107 obs\u0142ugi. Je\u015bli szukasz niezawodnego i wydajnego vape'a spe\u0142niaj\u0105cego wszystkie wymagania, ten model jest w\u0142a\u015bnie dla Ciebie. Odwied\u017a vapingnet.de, aby zam\u00f3wi\u0107 Bang Tn 12000 Puffs i do\u015bwiadczy\u0107 perfekcyjnego vapingowego relaksu.<\/p>","protected":false},"excerpt":{"rendered":"<p>Bang Tn 12000 Puffs: Der Perfekte Einweg-Vape f\u00fcr Langfristigen Genuss Der Bang Tn 12000 Puffs ist der ideale Begleiter f\u00fcr alle, die auf der Suche&#8230;<\/p>","protected":false},"featured_media":6230,"template":"","meta":[],"etheme_brands":[],"product_brand":[101],"product_cat":[88,49,61],"product_tag":[],"class_list":{"0":"post-6225","1":"product","2":"type-product","3":"status-publish","4":"has-post-thumbnail","6":"product_brand-bang-king-vape","7":"product_cat-12k-vape","8":"product_cat-einweg-e-zigarette","9":"product_cat-f","11":"first","12":"instock","13":"shipping-taxable","14":"purchasable","15":"product-type-simple"},"yoast_head":"<!-- This site is optimized with the Yoast SEO plugin v26.5 - https:\/\/yoast.com\/wordpress\/plugins\/seo\/ -->\n<title>Strawberry Lychee E-Zigarette Bang Tn 12000 Puffs Premium ohne Zollgeb\u00fchren | Vapingnet.de<\/title>\n<meta name=\"description\" content=\"Entdecke Strawberry Lychee E-Zigarette Bang Tn 12000 Puffs Premium ohne Zollgeb\u00fchren bei vapingnet.de, \u25ba Gro\u00dfe Auswahl an Geschmacksrichtungen &amp; super g\u00fcnstig!\" \/>\n<meta name=\"robots\" content=\"index, follow, max-snippet:-1, max-image-preview:large, max-video-preview:-1\" \/>\n<link rel=\"canonical\" href=\"https:\/\/vapingnet.de\/pl\/vape\/strawberry-lychee-e-zigarette-bang-tn-12000-puffs-premium-ohne-zollgebuehren\/\" \/>\n<meta property=\"og:locale\" content=\"pl_PL\" \/>\n<meta property=\"og:type\" content=\"article\" \/>\n<meta property=\"og:title\" content=\"Strawberry Lychee E-Zigarette Bang Tn 12000 Puffs Premium ohne Zollgeb\u00fchren | Vapingnet.de\" \/>\n<meta property=\"og:description\" content=\"Entdecke Strawberry Lychee E-Zigarette Bang Tn 12000 Puffs Premium ohne Zollgeb\u00fchren bei vapingnet.de, \u25ba Gro\u00dfe Auswahl an Geschmacksrichtungen &amp; super g\u00fcnstig!\" \/>\n<meta property=\"og:url\" content=\"https:\/\/vapingnet.de\/pl\/vape\/strawberry-lychee-e-zigarette-bang-tn-12000-puffs-premium-ohne-zollgebuehren\/\" \/>\n<meta property=\"og:site_name\" content=\"Vapingnet.de\" \/>\n<meta property=\"article:publisher\" content=\"https:\/\/www.facebook.com\/vapingnetde\/\" \/>\n<meta property=\"article:modified_time\" content=\"2025-12-30T08:41:44+00:00\" \/>\n<meta property=\"og:image\" content=\"https:\/\/vapingnet.de\/wp-content\/uploads\/2025\/04\/Strawberry-Lychee.png\" \/>\n\t<meta property=\"og:image:width\" content=\"1000\" \/>\n\t<meta property=\"og:image:height\" content=\"1000\" \/>\n\t<meta property=\"og:image:type\" content=\"image\/png\" \/>\n<meta name=\"twitter:card\" content=\"summary_large_image\" \/>\n<meta name=\"twitter:label1\" content=\"Est. reading time\" \/>\n\t<meta name=\"twitter:data1\" content=\"3 minutes\" \/>\n<script type=\"application\/ld+json\" class=\"yoast-schema-graph\">{\"@context\":\"https:\/\/schema.org\",\"@graph\":[{\"@type\":\"WebPage\",\"@id\":\"https:\/\/vapingnet.de\/vape\/strawberry-lychee-e-zigarette-bang-tn-12000-puffs-premium-ohne-zollgebuehren\/\",\"url\":\"https:\/\/vapingnet.de\/vape\/strawberry-lychee-e-zigarette-bang-tn-12000-puffs-premium-ohne-zollgebuehren\/\",\"name\":\"Strawberry Lychee E-Zigarette Bang Tn 12000 Puffs Premium ohne Zollgeb\u00fchren | Vapingnet.de\",\"isPartOf\":{\"@id\":\"https:\/\/vapingnet.de\/#website\"},\"primaryImageOfPage\":{\"@id\":\"https:\/\/vapingnet.de\/vape\/strawberry-lychee-e-zigarette-bang-tn-12000-puffs-premium-ohne-zollgebuehren\/#primaryimage\"},\"image\":{\"@id\":\"https:\/\/vapingnet.de\/vape\/strawberry-lychee-e-zigarette-bang-tn-12000-puffs-premium-ohne-zollgebuehren\/#primaryimage\"},\"thumbnailUrl\":\"https:\/\/vapingnet.de\/wp-content\/uploads\/2025\/04\/Strawberry-Lychee.png\",\"datePublished\":\"2025-04-11T02:32:55+00:00\",\"dateModified\":\"2025-12-30T08:41:44+00:00\",\"description\":\"Entdecke Strawberry Lychee E-Zigarette Bang Tn 12000 Puffs Premium ohne Zollgeb\u00fchren bei vapingnet.de, \u25ba Gro\u00dfe Auswahl an Geschmacksrichtungen & super g\u00fcnstig!\",\"breadcrumb\":{\"@id\":\"https:\/\/vapingnet.de\/vape\/strawberry-lychee-e-zigarette-bang-tn-12000-puffs-premium-ohne-zollgebuehren\/#breadcrumb\"},\"inLanguage\":\"pl-PL\",\"potentialAction\":[{\"@type\":\"ReadAction\",\"target\":[\"https:\/\/vapingnet.de\/vape\/strawberry-lychee-e-zigarette-bang-tn-12000-puffs-premium-ohne-zollgebuehren\/\"]}]},{\"@type\":\"ImageObject\",\"inLanguage\":\"pl-PL\",\"@id\":\"https:\/\/vapingnet.de\/vape\/strawberry-lychee-e-zigarette-bang-tn-12000-puffs-premium-ohne-zollgebuehren\/#primaryimage\",\"url\":\"https:\/\/vapingnet.de\/wp-content\/uploads\/2025\/04\/Strawberry-Lychee.png\",\"contentUrl\":\"https:\/\/vapingnet.de\/wp-content\/uploads\/2025\/04\/Strawberry-Lychee.png\",\"width\":1000,\"height\":1000},{\"@type\":\"BreadcrumbList\",\"@id\":\"https:\/\/vapingnet.de\/vape\/strawberry-lychee-e-zigarette-bang-tn-12000-puffs-premium-ohne-zollgebuehren\/#breadcrumb\",\"itemListElement\":[{\"@type\":\"ListItem\",\"position\":1,\"name\":\"Home\",\"item\":\"https:\/\/vapingnet.de\/\"},{\"@type\":\"ListItem\",\"position\":2,\"name\":\"Shop\",\"item\":\"https:\/\/vapingnet.de\/vape\/\"},{\"@type\":\"ListItem\",\"position\":3,\"name\":\"Strawberry Lychee E-Zigarette Bang Tn 12000 Puffs Premium ohne Zollgeb\u00fchren\"}]},{\"@type\":\"WebSite\",\"@id\":\"https:\/\/vapingnet.de\/#website\",\"url\":\"https:\/\/vapingnet.de\/\",\"name\":\"Vapingnet.de\",\"description\":\"\",\"publisher\":{\"@id\":\"https:\/\/vapingnet.de\/#organization\"},\"potentialAction\":[{\"@type\":\"SearchAction\",\"target\":{\"@type\":\"EntryPoint\",\"urlTemplate\":\"https:\/\/vapingnet.de\/?s={search_term_string}\"},\"query-input\":{\"@type\":\"PropertyValueSpecification\",\"valueRequired\":true,\"valueName\":\"search_term_string\"}}],\"inLanguage\":\"pl-PL\"},{\"@type\":\"Organization\",\"@id\":\"https:\/\/vapingnet.de\/#organization\",\"name\":\"Vapingnet.de\",\"url\":\"https:\/\/vapingnet.de\/\",\"logo\":{\"@type\":\"ImageObject\",\"inLanguage\":\"pl-PL\",\"@id\":\"https:\/\/vapingnet.de\/#\/schema\/logo\/image\/\",\"url\":\"https:\/\/vapingnet.de\/wp-content\/uploads\/2025\/03\/cropped-vapingnet.de_.jpg\",\"contentUrl\":\"https:\/\/vapingnet.de\/wp-content\/uploads\/2025\/03\/cropped-vapingnet.de_.jpg\",\"width\":512,\"height\":512,\"caption\":\"Vapingnet.de\"},\"image\":{\"@id\":\"https:\/\/vapingnet.de\/#\/schema\/logo\/image\/\"},\"sameAs\":[\"https:\/\/www.facebook.com\/vapingnetde\/\"]}]}<\/script>\n<!-- \/ Yoast SEO plugin. -->","yoast_head_json":{"title":"Strawberry Lychee E-Zigarette Bang Tn 12000 Puffs Premium ohne Zollgeb\u00fchren | Vapingnet.de","description":"Entdecke Strawberry Lychee E-Zigarette Bang Tn 12000 Puffs Premium ohne Zollgeb\u00fchren bei vapingnet.de, \u25ba Gro\u00dfe Auswahl an Geschmacksrichtungen & super g\u00fcnstig!","robots":{"index":"index","follow":"follow","max-snippet":"max-snippet:-1","max-image-preview":"max-image-preview:large","max-video-preview":"max-video-preview:-1"},"canonical":"https:\/\/vapingnet.de\/pl\/vape\/strawberry-lychee-e-zigarette-bang-tn-12000-puffs-premium-ohne-zollgebuehren\/","og_locale":"pl_PL","og_type":"article","og_title":"Strawberry Lychee E-Zigarette Bang Tn 12000 Puffs Premium ohne Zollgeb\u00fchren | Vapingnet.de","og_description":"Entdecke Strawberry Lychee E-Zigarette Bang Tn 12000 Puffs Premium ohne Zollgeb\u00fchren bei vapingnet.de, \u25ba Gro\u00dfe Auswahl an Geschmacksrichtungen & super g\u00fcnstig!","og_url":"https:\/\/vapingnet.de\/pl\/vape\/strawberry-lychee-e-zigarette-bang-tn-12000-puffs-premium-ohne-zollgebuehren\/","og_site_name":"Vapingnet.de","article_publisher":"https:\/\/www.facebook.com\/vapingnetde\/","article_modified_time":"2025-12-30T08:41:44+00:00","og_image":[{"width":1000,"height":1000,"url":"https:\/\/vapingnet.de\/wp-content\/uploads\/2025\/04\/Strawberry-Lychee.png","type":"image\/png"}],"twitter_card":"summary_large_image","twitter_misc":{"Est. reading time":"3 minutes"},"schema":{"@context":"https:\/\/schema.org","@graph":[{"@type":"WebPage","@id":"https:\/\/vapingnet.de\/vape\/strawberry-lychee-e-zigarette-bang-tn-12000-puffs-premium-ohne-zollgebuehren\/","url":"https:\/\/vapingnet.de\/vape\/strawberry-lychee-e-zigarette-bang-tn-12000-puffs-premium-ohne-zollgebuehren\/","name":"Strawberry Lychee E-Zigarette Bang Tn 12000 Puffs Premium ohne Zollgeb\u00fchren | Vapingnet.de","isPartOf":{"@id":"https:\/\/vapingnet.de\/#website"},"primaryImageOfPage":{"@id":"https:\/\/vapingnet.de\/vape\/strawberry-lychee-e-zigarette-bang-tn-12000-puffs-premium-ohne-zollgebuehren\/#primaryimage"},"image":{"@id":"https:\/\/vapingnet.de\/vape\/strawberry-lychee-e-zigarette-bang-tn-12000-puffs-premium-ohne-zollgebuehren\/#primaryimage"},"thumbnailUrl":"https:\/\/vapingnet.de\/wp-content\/uploads\/2025\/04\/Strawberry-Lychee.png","datePublished":"2025-04-11T02:32:55+00:00","dateModified":"2025-12-30T08:41:44+00:00","description":"Entdecke Strawberry Lychee E-Zigarette Bang Tn 12000 Puffs Premium ohne Zollgeb\u00fchren bei vapingnet.de, \u25ba Gro\u00dfe Auswahl an Geschmacksrichtungen & super g\u00fcnstig!","breadcrumb":{"@id":"https:\/\/vapingnet.de\/vape\/strawberry-lychee-e-zigarette-bang-tn-12000-puffs-premium-ohne-zollgebuehren\/#breadcrumb"},"inLanguage":"pl-PL","potentialAction":[{"@type":"ReadAction","target":["https:\/\/vapingnet.de\/vape\/strawberry-lychee-e-zigarette-bang-tn-12000-puffs-premium-ohne-zollgebuehren\/"]}]},{"@type":"ImageObject","inLanguage":"pl-PL","@id":"https:\/\/vapingnet.de\/vape\/strawberry-lychee-e-zigarette-bang-tn-12000-puffs-premium-ohne-zollgebuehren\/#primaryimage","url":"https:\/\/vapingnet.de\/wp-content\/uploads\/2025\/04\/Strawberry-Lychee.png","contentUrl":"https:\/\/vapingnet.de\/wp-content\/uploads\/2025\/04\/Strawberry-Lychee.png","width":1000,"height":1000},{"@type":"BreadcrumbList","@id":"https:\/\/vapingnet.de\/vape\/strawberry-lychee-e-zigarette-bang-tn-12000-puffs-premium-ohne-zollgebuehren\/#breadcrumb","itemListElement":[{"@type":"ListItem","position":1,"name":"Home","item":"https:\/\/vapingnet.de\/"},{"@type":"ListItem","position":2,"name":"Shop","item":"https:\/\/vapingnet.de\/vape\/"},{"@type":"ListItem","position":3,"name":"Strawberry Lychee E-Zigarette Bang Tn 12000 Puffs Premium ohne Zollgeb\u00fchren"}]},{"@type":"WebSite","@id":"https:\/\/vapingnet.de\/#website","url":"https:\/\/vapingnet.de\/","name":"Vapingnet.de","description":"","publisher":{"@id":"https:\/\/vapingnet.de\/#organization"},"potentialAction":[{"@type":"SearchAction","target":{"@type":"EntryPoint","urlTemplate":"https:\/\/vapingnet.de\/?s={search_term_string}"},"query-input":{"@type":"PropertyValueSpecification","valueRequired":true,"valueName":"search_term_string"}}],"inLanguage":"pl-PL"},{"@type":"Organization","@id":"https:\/\/vapingnet.de\/#organization","name":"Vapingnet.de","url":"https:\/\/vapingnet.de\/","logo":{"@type":"ImageObject","inLanguage":"pl-PL","@id":"https:\/\/vapingnet.de\/#\/schema\/logo\/image\/","url":"https:\/\/vapingnet.de\/wp-content\/uploads\/2025\/03\/cropped-vapingnet.de_.jpg","contentUrl":"https:\/\/vapingnet.de\/wp-content\/uploads\/2025\/03\/cropped-vapingnet.de_.jpg","width":512,"height":512,"caption":"Vapingnet.de"},"image":{"@id":"https:\/\/vapingnet.de\/#\/schema\/logo\/image\/"},"sameAs":["https:\/\/www.facebook.com\/vapingnetde\/"]}]}},"tiered_pricing_type":"fixed","tiered_pricing_fixed_rules":{"10":"7.31","60":"6.58","110":"5.85","200":"5.12"},"tiered_pricing_product_settings":{"layout":"default","base_unit_name":{"singular":null,"plural":null},"default_variation":null},"tiered_pricing_minimum_quantity":null,"tiered_pricing_roles_data":[],"tiered_pricing_percentage_rules":[],"_links":{"self":[{"href":"https:\/\/vapingnet.de\/pl\/wp-json\/wp\/v2\/product\/6225","targetHints":{"allow":["GET"]}}],"collection":[{"href":"https:\/\/vapingnet.de\/pl\/wp-json\/wp\/v2\/product"}],"about":[{"href":"https:\/\/vapingnet.de\/pl\/wp-json\/wp\/v2\/types\/product"}],"version-history":[{"count":1,"href":"https:\/\/vapingnet.de\/pl\/wp-json\/wp\/v2\/product\/6225\/revisions"}],"predecessor-version":[{"id":6235,"href":"https:\/\/vapingnet.de\/pl\/wp-json\/wp\/v2\/product\/6225\/revisions\/6235"}],"wp:featuredmedia":[{"embeddable":true,"href":"https:\/\/vapingnet.de\/pl\/wp-json\/wp\/v2\/media\/6230"}],"wp:attachment":[{"href":"https:\/\/vapingnet.de\/pl\/wp-json\/wp\/v2\/media?parent=6225"}],"wp:term":[{"taxonomy":"brand","embeddable":true,"href":"https:\/\/vapingnet.de\/pl\/wp-json\/wp\/v2\/etheme_brands?post=6225"},{"taxonomy":"product_brand","embeddable":true,"href":"https:\/\/vapingnet.de\/pl\/wp-json\/wp\/v2\/product_brand?post=6225"},{"taxonomy":"product_cat","embeddable":true,"href":"https:\/\/vapingnet.de\/pl\/wp-json\/wp\/v2\/product_cat?post=6225"},{"taxonomy":"product_tag","embeddable":true,"href":"https:\/\/vapingnet.de\/pl\/wp-json\/wp\/v2\/product_tag?post=6225"}],"curies":[{"name":"wp","href":"https:\/\/api.w.org\/{rel}","templated":true}]}}