{"id":6226,"date":"2025-04-11T02:32:57","date_gmt":"2025-04-11T02:32:57","guid":{"rendered":"https:\/\/vapingnet.de\/?post_type=product&#038;p=6226"},"modified":"2025-12-30T08:41:35","modified_gmt":"2025-12-30T08:41:35","slug":"globale-bestseller-bang-tn-12000-puffs-cool-mint-geschmack","status":"publish","type":"product","link":"https:\/\/vapingnet.de\/pl\/vape\/globale-bestseller-bang-tn-12000-puffs-cool-mint-geschmack\/","title":{"rendered":"Globalne bestsellery! Bang Tn 12000 Puffs Cool Mint smak"},"content":{"rendered":"<h2 data-start=\"0\" data-end=\"74\" data-immersive-translate-walked=\"52fb1f10-72a2-405e-be95-c92afd6c9aea\">Bang Tn 12000 Puffs \u2013 Cool Mint Jednorazowy Vape dla d\u0142ugotrwa\u0142ej przyjemno\u015bci<\/h2>\n<p class=\"\" data-start=\"99\" data-end=\"494\" data-immersive-translate-paragraph=\"1\" data-immersive-translate-walked=\"52fb1f10-72a2-405e-be95-c92afd6c9aea\">Bang Tn 12000 Puffs to jednorazowy vape, kt\u00f3ry zachwyca wieloma wyj\u0105tkowymi cechami. Dzi\u0119ki szerokiej gamie zalet i \u015bwie\u017cemu smakowi Cool Mint, stanowi idealne rozwi\u0105zanie dla entuzjast\u00f3w vapingowania poszukuj\u0105cych prostego i wysokiej jako\u015bci produktu. Dowiedz si\u0119, dlaczego Bang Tn 12000 Puffs to doskona\u0142y wyb\u00f3r.<\/p>\n<h4 data-start=\"496\" data-end=\"518\" data-immersive-translate-walked=\"52fb1f10-72a2-405e-be95-c92afd6c9aea\">Wa\u017cne cechy:<\/h4>\n<ul data-start=\"520\" data-end=\"917\">\n<li class=\"\" data-start=\"520\" data-end=\"559\">\n<p class=\"\" data-start=\"522\" data-end=\"559\" data-immersive-translate-walked=\"52fb1f10-72a2-405e-be95-c92afd6c9aea\" data-immersive-translate-paragraph=\"1\">Opcje nikotynowe: 0%, 2%, 3%, 5%<\/p>\n<\/li>\n<li class=\"\" data-start=\"560\" data-end=\"596\">\n<p class=\"\" data-start=\"562\" data-end=\"596\" data-immersive-translate-walked=\"52fb1f10-72a2-405e-be95-c92afd6c9aea\" data-immersive-translate-paragraph=\"1\">Pojemno\u015b\u0107 p\u0142ynu: 20 ml<\/p>\n<\/li>\n<li class=\"\" data-start=\"597\" data-end=\"631\">\n<p class=\"\" data-start=\"599\" data-end=\"631\" data-immersive-translate-walked=\"52fb1f10-72a2-405e-be95-c92afd6c9aea\" data-immersive-translate-paragraph=\"1\">Pojemno\u015b\u0107 baterii: 650 mAh<\/p>\n<\/li>\n<li class=\"\" data-start=\"632\" data-end=\"656\">\n<p class=\"\" data-start=\"634\" data-end=\"656\" data-immersive-translate-walked=\"52fb1f10-72a2-405e-be95-c92afd6c9aea\" data-immersive-translate-paragraph=\"1\">Grza\u0142ka Mesh: 1,2\u03a9<\/p>\n<\/li>\n<li class=\"\" data-start=\"657\" data-end=\"686\">\n<p class=\"\" data-start=\"659\" data-end=\"686\" data-immersive-translate-walked=\"52fb1f10-72a2-405e-be95-c92afd6c9aea\" data-immersive-translate-paragraph=\"1\">Port \u0142adowania: Type-C<\/p>\n<\/li>\n<li class=\"\" data-start=\"687\" data-end=\"722\">\n<p class=\"\" data-start=\"689\" data-end=\"722\" data-immersive-translate-walked=\"52fb1f10-72a2-405e-be95-c92afd6c9aea\" data-immersive-translate-paragraph=\"1\">Materia\u0142: PC (poliw\u0119glan)<\/p>\n<\/li>\n<li class=\"\" data-start=\"723\" data-end=\"748\">\n<p class=\"\" data-start=\"725\" data-end=\"748\" data-immersive-translate-walked=\"52fb1f10-72a2-405e-be95-c92afd6c9aea\" data-immersive-translate-paragraph=\"1\">Wej\u015bcie: 5 V, 1 A<\/p>\n<\/li>\n<li class=\"\" data-start=\"749\" data-end=\"777\">\n<p class=\"\" data-start=\"751\" data-end=\"777\" data-immersive-translate-walked=\"52fb1f10-72a2-405e-be95-c92afd6c9aea\" data-immersive-translate-paragraph=\"1\">Smak: Cool Mint<\/p>\n<\/li>\n<li class=\"\" data-start=\"778\" data-end=\"809\">\n<p class=\"\" data-start=\"780\" data-end=\"809\" data-immersive-translate-walked=\"52fb1f10-72a2-405e-be95-c92afd6c9aea\" data-immersive-translate-paragraph=\"1\">Rodzaj produktu: Jednorazowy vape<\/p>\n<\/li>\n<li class=\"\" data-start=\"810\" data-end=\"843\">\n<p class=\"\" data-start=\"812\" data-end=\"843\" data-immersive-translate-walked=\"52fb1f10-72a2-405e-be95-c92afd6c9aea\" data-immersive-translate-paragraph=\"1\">Czas dostawy: 7\u201315 dni roboczych<\/p>\n<\/li>\n<li class=\"\" data-start=\"844\" data-end=\"883\">\n<p class=\"\" data-start=\"846\" data-end=\"883\" data-immersive-translate-walked=\"52fb1f10-72a2-405e-be95-c92afd6c9aea\" data-immersive-translate-paragraph=\"1\">Zaleta celna: Brak op\u0142at celnych<\/p>\n<\/li>\n<li class=\"\" data-start=\"884\" data-end=\"917\">\n<p class=\"\" data-start=\"886\" data-end=\"917\" data-immersive-translate-walked=\"52fb1f10-72a2-405e-be95-c92afd6c9aea\" data-immersive-translate-paragraph=\"1\">Dost\u0119pno\u015b\u0107: vapingnet.de<\/p>\n<\/li>\n<\/ul>\n<h5 data-start=\"919\" data-end=\"954\" data-immersive-translate-walked=\"52fb1f10-72a2-405e-be95-c92afd6c9aea\">Do\u015bwiadczenie smakowe \u2013 Cool Mint:<\/h5>\n<p class=\"\" data-start=\"956\" data-end=\"1269\" data-immersive-translate-walked=\"52fb1f10-72a2-405e-be95-c92afd6c9aea\" data-immersive-translate-paragraph=\"1\">Dzi\u0119ki smakowi Cool Mint, Bang Tn 12000 Puffs oferuje intensywne, od\u015bwie\u017caj\u0105ce doznania podczas vapingowania. Ch\u0142odny mentolowy smak po\u0142\u0105czony z \u015bwie\u017c\u0105 mi\u0119t\u0105 zapewnia przyjemne, ale mocno od\u015bwie\u017caj\u0105ce doznanie przy ka\u017cdym zaci\u0105gni\u0119ciu. Idealny dla tych, kt\u00f3rzy preferuj\u0105 \u015bwie\u017cy i ch\u0142odz\u0105cy smak.<\/p>\n<h5 data-start=\"1271\" data-end=\"1312\" data-immersive-translate-walked=\"52fb1f10-72a2-405e-be95-c92afd6c9aea\">R\u00f3\u017cnorodno\u015b\u0107 nikotyny dla ka\u017cdego potrzebuj\u0105cego:<\/h5>\n<p class=\"\" data-start=\"1314\" data-end=\"1603\" data-immersive-translate-walked=\"52fb1f10-72a2-405e-be95-c92afd6c9aea\" data-immersive-translate-paragraph=\"1\">Dzi\u0119ki r\u00f3\u017cnym st\u0119\u017ceniom nikotyny 0%, 2%, 3% i 5% mo\u017cesz wybra\u0107 odpowiedni\u0105 dla siebie ilo\u015b\u0107 nikotyny. Niezale\u017cnie od tego, czy wybierzesz opcj\u0119 bez nikotyny, czy silniejszy zastrzyk nikotyny \u2013 Bang Tn 12000 Puffs daje Ci elastyczno\u015b\u0107, kt\u00f3rej potrzebujesz.<\/p>\n<h5 data-start=\"1605\" data-end=\"1636\" data-immersive-translate-walked=\"52fb1f10-72a2-405e-be95-c92afd6c9aea\">Trwa\u0142o\u015b\u0107 i wydajno\u015b\u0107:<\/h5>\n<p class=\"\" data-start=\"1638\" data-end=\"1939\" data-immersive-translate-walked=\"52fb1f10-72a2-405e-be95-c92afd6c9aea\" data-immersive-translate-paragraph=\"1\">Pojemno\u015b\u0107 p\u0142ynu 20 ml i bateria 650 mAh sprawiaj\u0105, \u017ce Bang Tn 12000 Puffs jest zaprojektowany na d\u0142ugi czas u\u017cytkowania. Dzi\u0119ki grza\u0142ce Mesh o oporze 1,2\u03a9, produkowany jest r\u00f3wnomierny dym, zapewniaj\u0105cy sta\u0142e i wysokiej jako\u015bci do\u015bwiadczenie vapingowe.<\/p>\n<h5 data-start=\"1941\" data-end=\"1986\" data-immersive-translate-walked=\"52fb1f10-72a2-405e-be95-c92afd6c9aea\">Praktyczny design \u2013 \u0142atwo\u015b\u0107 obs\u0142ugi:<\/h5>\n<p class=\"\" data-start=\"1988\" data-end=\"2401\" data-immersive-translate-walked=\"52fb1f10-72a2-405e-be95-c92afd6c9aea\" data-immersive-translate-paragraph=\"1\">Materia\u0142 PC zapewnia wytrzyma\u0142o\u015b\u0107 i jednocze\u015bnie lekko\u015b\u0107. Vape jest kompaktowy i por\u0119czny, co sprawia, \u017ce dobrze le\u017cy w d\u0142oni i jest \u0142atwy do przenoszenia. Z\u0142\u0105cze Type-C umo\u017cliwia szybkie \u0142adowanie, dzi\u0119ki czemu mo\u017cesz szybko wr\u00f3ci\u0107 do vapingowania. Przy wej\u015bciowej mocy 5 V i 1 A proces \u0142adowania jest wydajny i oszcz\u0119dza czas.<\/p>\n<h5 data-start=\"2403\" data-end=\"2435\" data-immersive-translate-walked=\"52fb1f10-72a2-405e-be95-c92afd6c9aea\">Zalety jednorazowego u\u017cytku:<\/h5>\n<p class=\"\" data-start=\"2437\" data-end=\"2751\" data-immersive-translate-walked=\"52fb1f10-72a2-405e-be95-c92afd6c9aea\">Jako jednorazowy e-papieros, Bang Tn 12000 Puffs oferuje wyj\u0105tkowo prost\u0105 obs\u0142ug\u0119. Brak nape\u0142niania, brak konserwacji \u2013 wystarczy wyj\u0105\u0107 z opakowania, cieszy\u0107 si\u0119 i wyrzuci\u0107 po u\u017cyciu. Ta nieskomplikowana obs\u0142uga czyni ten produkt idealnym na wycieczki i dla tych, kt\u00f3rzy nie chc\u0105 zajmowa\u0107 si\u0119 ci\u0105g\u0142\u0105 piel\u0119gnacj\u0105 i konserwacj\u0105.<\/p>\n<h5 data-start=\"2753\" data-end=\"2776\" data-immersive-translate-walked=\"52fb1f10-72a2-405e-be95-c92afd6c9aea\">Dlaczego vapingnet.de?<\/h5>\n<p class=\"\" data-start=\"2778\" data-end=\"3119\" data-immersive-translate-walked=\"52fb1f10-72a2-405e-be95-c92afd6c9aea\">Zakup przez vapingnet.de daje Ci dodatkowe korzy\u015bci. Opr\u00f3cz szybkiej dostawy w ci\u0105gu 7 do 15 dni roboczych, w tym produkcie nie obowi\u0105zuj\u0105 op\u0142aty celne, co czyni zakupy jeszcze bardziej atrakcyjnymi. Dzi\u0119ki temu mo\u017cesz cieszy\u0107 si\u0119 Bang Tn 12000 Puffs bez dodatkowych koszt\u00f3w.<\/p>\n<h3 data-start=\"3121\" data-end=\"3131\" data-immersive-translate-walked=\"52fb1f10-72a2-405e-be95-c92afd6c9aea\">Bang Tn 12000 Puffs \u2013 Idealny jednorazowy e-papieros na d\u0142ugotrwa\u0142\u0105 przyjemno\u015b\u0107<\/h3>\n<p class=\"\" data-start=\"3133\" data-end=\"3605\" data-immersive-translate-walked=\"52fb1f10-72a2-405e-be95-c92afd6c9aea\">Bang Tn 12000 Puffs to wyr\u00f3\u017cniaj\u0105cy si\u0119 jednorazowy e-papieros, kt\u00f3ry zachwyca pod wzgl\u0119dem smaku, trwa\u0142o\u015bci i \u0142atwo\u015bci obs\u0142ugi. Z orze\u017awiaj\u0105cym smakiem Cool Mint i r\u00f3\u017cnymi poziomami nikotyny, ten produkt jest idealnym wyborem dla wszystkich poszukuj\u0105cych niezawodnego i praktycznego produktu. Odwied\u017a ju\u017c dzi\u015b vapingnet.de, aby zam\u00f3wi\u0107 Bang Tn 12000 Puffs i cieszy\u0107 si\u0119 najlepszym do\u015bwiadczeniem vapingowym.<\/p>","protected":false},"excerpt":{"rendered":"<p>Bang Tn 12000 Puffs \u2013 Cool Mint Einweg-Vape f\u00fcr Langanhaltenden Genuss Der Bang Tn 12000 Puffs ist ein Einweg-Vape, das mit einer Vielzahl von herausragenden&#8230;<\/p>","protected":false},"featured_media":6231,"template":"","meta":[],"etheme_brands":[],"product_brand":[101],"product_cat":[88,49,61],"product_tag":[],"class_list":{"0":"post-6226","1":"product","2":"type-product","3":"status-publish","4":"has-post-thumbnail","6":"product_brand-bang-king-vape","7":"product_cat-12k-vape","8":"product_cat-einweg-e-zigarette","9":"product_cat-f","11":"first","12":"instock","13":"shipping-taxable","14":"purchasable","15":"product-type-simple"},"yoast_head":"<!-- This site is optimized with the Yoast SEO plugin v26.5 - https:\/\/yoast.com\/wordpress\/plugins\/seo\/ -->\n<title>Globale Bestseller! Bang Tn 12000 Puffs Cool Mint Geschmack | Vapingnet.de<\/title>\n<meta name=\"description\" content=\"Entdecke Globale Bestseller! Bang Tn 12000 Puffs Cool Mint Geschmack bei vapingnet.de, \u25ba Gro\u00dfe Auswahl an Geschmacksrichtungen &amp; super g\u00fcnstig!\" \/>\n<meta name=\"robots\" content=\"index, follow, max-snippet:-1, max-image-preview:large, max-video-preview:-1\" \/>\n<link rel=\"canonical\" href=\"https:\/\/vapingnet.de\/pl\/vape\/globale-bestseller-bang-tn-12000-puffs-cool-mint-geschmack\/\" \/>\n<meta property=\"og:locale\" content=\"pl_PL\" \/>\n<meta property=\"og:type\" content=\"article\" \/>\n<meta property=\"og:title\" content=\"Globale Bestseller! Bang Tn 12000 Puffs Cool Mint Geschmack | Vapingnet.de\" \/>\n<meta property=\"og:description\" content=\"Entdecke Globale Bestseller! Bang Tn 12000 Puffs Cool Mint Geschmack bei vapingnet.de, \u25ba Gro\u00dfe Auswahl an Geschmacksrichtungen &amp; super g\u00fcnstig!\" \/>\n<meta property=\"og:url\" content=\"https:\/\/vapingnet.de\/pl\/vape\/globale-bestseller-bang-tn-12000-puffs-cool-mint-geschmack\/\" \/>\n<meta property=\"og:site_name\" content=\"Vapingnet.de\" \/>\n<meta property=\"article:publisher\" content=\"https:\/\/www.facebook.com\/vapingnetde\/\" \/>\n<meta property=\"article:modified_time\" content=\"2025-12-30T08:41:35+00:00\" \/>\n<meta property=\"og:image\" content=\"https:\/\/vapingnet.de\/wp-content\/uploads\/2025\/04\/COOL-MINT-.png\" \/>\n\t<meta property=\"og:image:width\" content=\"1000\" \/>\n\t<meta property=\"og:image:height\" content=\"1000\" \/>\n\t<meta property=\"og:image:type\" content=\"image\/png\" \/>\n<meta name=\"twitter:card\" content=\"summary_large_image\" \/>\n<meta name=\"twitter:label1\" content=\"Est. reading time\" \/>\n\t<meta name=\"twitter:data1\" content=\"3 minutes\" \/>\n<script type=\"application\/ld+json\" class=\"yoast-schema-graph\">{\"@context\":\"https:\/\/schema.org\",\"@graph\":[{\"@type\":\"WebPage\",\"@id\":\"https:\/\/vapingnet.de\/vape\/globale-bestseller-bang-tn-12000-puffs-cool-mint-geschmack\/\",\"url\":\"https:\/\/vapingnet.de\/vape\/globale-bestseller-bang-tn-12000-puffs-cool-mint-geschmack\/\",\"name\":\"Globale Bestseller! Bang Tn 12000 Puffs Cool Mint Geschmack | Vapingnet.de\",\"isPartOf\":{\"@id\":\"https:\/\/vapingnet.de\/#website\"},\"primaryImageOfPage\":{\"@id\":\"https:\/\/vapingnet.de\/vape\/globale-bestseller-bang-tn-12000-puffs-cool-mint-geschmack\/#primaryimage\"},\"image\":{\"@id\":\"https:\/\/vapingnet.de\/vape\/globale-bestseller-bang-tn-12000-puffs-cool-mint-geschmack\/#primaryimage\"},\"thumbnailUrl\":\"https:\/\/vapingnet.de\/wp-content\/uploads\/2025\/04\/COOL-MINT-.png\",\"datePublished\":\"2025-04-11T02:32:57+00:00\",\"dateModified\":\"2025-12-30T08:41:35+00:00\",\"description\":\"Entdecke Globale Bestseller! Bang Tn 12000 Puffs Cool Mint Geschmack bei vapingnet.de, \u25ba Gro\u00dfe Auswahl an Geschmacksrichtungen & super g\u00fcnstig!\",\"breadcrumb\":{\"@id\":\"https:\/\/vapingnet.de\/vape\/globale-bestseller-bang-tn-12000-puffs-cool-mint-geschmack\/#breadcrumb\"},\"inLanguage\":\"pl-PL\",\"potentialAction\":[{\"@type\":\"ReadAction\",\"target\":[\"https:\/\/vapingnet.de\/vape\/globale-bestseller-bang-tn-12000-puffs-cool-mint-geschmack\/\"]}]},{\"@type\":\"ImageObject\",\"inLanguage\":\"pl-PL\",\"@id\":\"https:\/\/vapingnet.de\/vape\/globale-bestseller-bang-tn-12000-puffs-cool-mint-geschmack\/#primaryimage\",\"url\":\"https:\/\/vapingnet.de\/wp-content\/uploads\/2025\/04\/COOL-MINT-.png\",\"contentUrl\":\"https:\/\/vapingnet.de\/wp-content\/uploads\/2025\/04\/COOL-MINT-.png\",\"width\":1000,\"height\":1000},{\"@type\":\"BreadcrumbList\",\"@id\":\"https:\/\/vapingnet.de\/vape\/globale-bestseller-bang-tn-12000-puffs-cool-mint-geschmack\/#breadcrumb\",\"itemListElement\":[{\"@type\":\"ListItem\",\"position\":1,\"name\":\"Home\",\"item\":\"https:\/\/vapingnet.de\/\"},{\"@type\":\"ListItem\",\"position\":2,\"name\":\"Shop\",\"item\":\"https:\/\/vapingnet.de\/vape\/\"},{\"@type\":\"ListItem\",\"position\":3,\"name\":\"Globale Bestseller! Bang Tn 12000 Puffs Cool Mint Geschmack\"}]},{\"@type\":\"WebSite\",\"@id\":\"https:\/\/vapingnet.de\/#website\",\"url\":\"https:\/\/vapingnet.de\/\",\"name\":\"Vapingnet.de\",\"description\":\"\",\"publisher\":{\"@id\":\"https:\/\/vapingnet.de\/#organization\"},\"potentialAction\":[{\"@type\":\"SearchAction\",\"target\":{\"@type\":\"EntryPoint\",\"urlTemplate\":\"https:\/\/vapingnet.de\/?s={search_term_string}\"},\"query-input\":{\"@type\":\"PropertyValueSpecification\",\"valueRequired\":true,\"valueName\":\"search_term_string\"}}],\"inLanguage\":\"pl-PL\"},{\"@type\":\"Organization\",\"@id\":\"https:\/\/vapingnet.de\/#organization\",\"name\":\"Vapingnet.de\",\"url\":\"https:\/\/vapingnet.de\/\",\"logo\":{\"@type\":\"ImageObject\",\"inLanguage\":\"pl-PL\",\"@id\":\"https:\/\/vapingnet.de\/#\/schema\/logo\/image\/\",\"url\":\"https:\/\/vapingnet.de\/wp-content\/uploads\/2025\/03\/cropped-vapingnet.de_.jpg\",\"contentUrl\":\"https:\/\/vapingnet.de\/wp-content\/uploads\/2025\/03\/cropped-vapingnet.de_.jpg\",\"width\":512,\"height\":512,\"caption\":\"Vapingnet.de\"},\"image\":{\"@id\":\"https:\/\/vapingnet.de\/#\/schema\/logo\/image\/\"},\"sameAs\":[\"https:\/\/www.facebook.com\/vapingnetde\/\"]}]}<\/script>\n<!-- \/ Yoast SEO plugin. -->","yoast_head_json":{"title":"Globale Bestseller! Bang Tn 12000 Puffs Cool Mint Geschmack | Vapingnet.de","description":"Entdecke Globale Bestseller! Bang Tn 12000 Puffs Cool Mint Geschmack bei vapingnet.de, \u25ba Gro\u00dfe Auswahl an Geschmacksrichtungen & super g\u00fcnstig!","robots":{"index":"index","follow":"follow","max-snippet":"max-snippet:-1","max-image-preview":"max-image-preview:large","max-video-preview":"max-video-preview:-1"},"canonical":"https:\/\/vapingnet.de\/pl\/vape\/globale-bestseller-bang-tn-12000-puffs-cool-mint-geschmack\/","og_locale":"pl_PL","og_type":"article","og_title":"Globale Bestseller! Bang Tn 12000 Puffs Cool Mint Geschmack | Vapingnet.de","og_description":"Entdecke Globale Bestseller! Bang Tn 12000 Puffs Cool Mint Geschmack bei vapingnet.de, \u25ba Gro\u00dfe Auswahl an Geschmacksrichtungen & super g\u00fcnstig!","og_url":"https:\/\/vapingnet.de\/pl\/vape\/globale-bestseller-bang-tn-12000-puffs-cool-mint-geschmack\/","og_site_name":"Vapingnet.de","article_publisher":"https:\/\/www.facebook.com\/vapingnetde\/","article_modified_time":"2025-12-30T08:41:35+00:00","og_image":[{"width":1000,"height":1000,"url":"https:\/\/vapingnet.de\/wp-content\/uploads\/2025\/04\/COOL-MINT-.png","type":"image\/png"}],"twitter_card":"summary_large_image","twitter_misc":{"Est. reading time":"3 minutes"},"schema":{"@context":"https:\/\/schema.org","@graph":[{"@type":"WebPage","@id":"https:\/\/vapingnet.de\/vape\/globale-bestseller-bang-tn-12000-puffs-cool-mint-geschmack\/","url":"https:\/\/vapingnet.de\/vape\/globale-bestseller-bang-tn-12000-puffs-cool-mint-geschmack\/","name":"Globale Bestseller! Bang Tn 12000 Puffs Cool Mint Geschmack | Vapingnet.de","isPartOf":{"@id":"https:\/\/vapingnet.de\/#website"},"primaryImageOfPage":{"@id":"https:\/\/vapingnet.de\/vape\/globale-bestseller-bang-tn-12000-puffs-cool-mint-geschmack\/#primaryimage"},"image":{"@id":"https:\/\/vapingnet.de\/vape\/globale-bestseller-bang-tn-12000-puffs-cool-mint-geschmack\/#primaryimage"},"thumbnailUrl":"https:\/\/vapingnet.de\/wp-content\/uploads\/2025\/04\/COOL-MINT-.png","datePublished":"2025-04-11T02:32:57+00:00","dateModified":"2025-12-30T08:41:35+00:00","description":"Entdecke Globale Bestseller! Bang Tn 12000 Puffs Cool Mint Geschmack bei vapingnet.de, \u25ba Gro\u00dfe Auswahl an Geschmacksrichtungen & super g\u00fcnstig!","breadcrumb":{"@id":"https:\/\/vapingnet.de\/vape\/globale-bestseller-bang-tn-12000-puffs-cool-mint-geschmack\/#breadcrumb"},"inLanguage":"pl-PL","potentialAction":[{"@type":"ReadAction","target":["https:\/\/vapingnet.de\/vape\/globale-bestseller-bang-tn-12000-puffs-cool-mint-geschmack\/"]}]},{"@type":"ImageObject","inLanguage":"pl-PL","@id":"https:\/\/vapingnet.de\/vape\/globale-bestseller-bang-tn-12000-puffs-cool-mint-geschmack\/#primaryimage","url":"https:\/\/vapingnet.de\/wp-content\/uploads\/2025\/04\/COOL-MINT-.png","contentUrl":"https:\/\/vapingnet.de\/wp-content\/uploads\/2025\/04\/COOL-MINT-.png","width":1000,"height":1000},{"@type":"BreadcrumbList","@id":"https:\/\/vapingnet.de\/vape\/globale-bestseller-bang-tn-12000-puffs-cool-mint-geschmack\/#breadcrumb","itemListElement":[{"@type":"ListItem","position":1,"name":"Home","item":"https:\/\/vapingnet.de\/"},{"@type":"ListItem","position":2,"name":"Shop","item":"https:\/\/vapingnet.de\/vape\/"},{"@type":"ListItem","position":3,"name":"Globale Bestseller! Bang Tn 12000 Puffs Cool Mint Geschmack"}]},{"@type":"WebSite","@id":"https:\/\/vapingnet.de\/#website","url":"https:\/\/vapingnet.de\/","name":"Vapingnet.de","description":"","publisher":{"@id":"https:\/\/vapingnet.de\/#organization"},"potentialAction":[{"@type":"SearchAction","target":{"@type":"EntryPoint","urlTemplate":"https:\/\/vapingnet.de\/?s={search_term_string}"},"query-input":{"@type":"PropertyValueSpecification","valueRequired":true,"valueName":"search_term_string"}}],"inLanguage":"pl-PL"},{"@type":"Organization","@id":"https:\/\/vapingnet.de\/#organization","name":"Vapingnet.de","url":"https:\/\/vapingnet.de\/","logo":{"@type":"ImageObject","inLanguage":"pl-PL","@id":"https:\/\/vapingnet.de\/#\/schema\/logo\/image\/","url":"https:\/\/vapingnet.de\/wp-content\/uploads\/2025\/03\/cropped-vapingnet.de_.jpg","contentUrl":"https:\/\/vapingnet.de\/wp-content\/uploads\/2025\/03\/cropped-vapingnet.de_.jpg","width":512,"height":512,"caption":"Vapingnet.de"},"image":{"@id":"https:\/\/vapingnet.de\/#\/schema\/logo\/image\/"},"sameAs":["https:\/\/www.facebook.com\/vapingnetde\/"]}]}},"tiered_pricing_type":"fixed","tiered_pricing_fixed_rules":{"10":"7.31","60":"6.58","110":"5.85","200":"5.12"},"tiered_pricing_product_settings":{"layout":"default","base_unit_name":{"singular":null,"plural":null},"default_variation":null},"tiered_pricing_minimum_quantity":null,"tiered_pricing_roles_data":[],"tiered_pricing_percentage_rules":[],"_links":{"self":[{"href":"https:\/\/vapingnet.de\/pl\/wp-json\/wp\/v2\/product\/6226","targetHints":{"allow":["GET"]}}],"collection":[{"href":"https:\/\/vapingnet.de\/pl\/wp-json\/wp\/v2\/product"}],"about":[{"href":"https:\/\/vapingnet.de\/pl\/wp-json\/wp\/v2\/types\/product"}],"version-history":[{"count":1,"href":"https:\/\/vapingnet.de\/pl\/wp-json\/wp\/v2\/product\/6226\/revisions"}],"predecessor-version":[{"id":6236,"href":"https:\/\/vapingnet.de\/pl\/wp-json\/wp\/v2\/product\/6226\/revisions\/6236"}],"wp:featuredmedia":[{"embeddable":true,"href":"https:\/\/vapingnet.de\/pl\/wp-json\/wp\/v2\/media\/6231"}],"wp:attachment":[{"href":"https:\/\/vapingnet.de\/pl\/wp-json\/wp\/v2\/media?parent=6226"}],"wp:term":[{"taxonomy":"brand","embeddable":true,"href":"https:\/\/vapingnet.de\/pl\/wp-json\/wp\/v2\/etheme_brands?post=6226"},{"taxonomy":"product_brand","embeddable":true,"href":"https:\/\/vapingnet.de\/pl\/wp-json\/wp\/v2\/product_brand?post=6226"},{"taxonomy":"product_cat","embeddable":true,"href":"https:\/\/vapingnet.de\/pl\/wp-json\/wp\/v2\/product_cat?post=6226"},{"taxonomy":"product_tag","embeddable":true,"href":"https:\/\/vapingnet.de\/pl\/wp-json\/wp\/v2\/product_tag?post=6226"}],"curies":[{"name":"wp","href":"https:\/\/api.w.org\/{rel}","templated":true}]}}