{"id":6227,"date":"2025-04-11T02:32:59","date_gmt":"2025-04-11T02:32:59","guid":{"rendered":"https:\/\/vapingnet.de\/?post_type=product&#038;p=6227"},"modified":"2025-12-30T08:41:27","modified_gmt":"2025-12-30T08:41:27","slug":"watermelon-strawberry-bang-tn-12000-puffs-fuer-besten-genuss-ohne-zollkosten","status":"publish","type":"product","link":"https:\/\/vapingnet.de\/pl\/vape\/watermelon-strawberry-bang-tn-12000-puffs-fuer-besten-genuss-ohne-zollkosten\/","title":{"rendered":"Arbuz Truskawka Bang Tn 12000 Pali wdech\u00f3w dla najlepszego smaku bez op\u0142at celnych"},"content":{"rendered":"<h2 data-start=\"123\" data-end=\"208\">Bang Tn 12000 Puffs \u2013 Idealny jednorazowy e-papieros do d\u0142ugotrwa\u0142ego parowania<\/h2>\n<p class=\"\" data-start=\"210\" data-end=\"598\">Jednorazowe e-papierosy sta\u0142y si\u0119 jednym z najpopularniejszych wybor\u00f3w dla palaczy, kt\u00f3rzy szukaj\u0105 praktycznego i prostego sposobu na cieszenie si\u0119 vaporem. Bang Tn 12000 Puffs wyr\u00f3\u017cnia si\u0119 szczeg\u00f3lnie. Dzi\u0119ki szerokiemu zakresowi wyj\u0105tkowych cech i imponuj\u0105cej liczbie zaci\u0105gni\u0119\u0107, ten model jest doskona\u0142ym wyborem.<\/p>\n<h4 data-start=\"600\" data-end=\"635\">Cechy i dane techniczne<\/h4>\n<p class=\"\" data-start=\"637\" data-end=\"1085\">Bang Tn 12000 Puffs oferuje pojemno\u015b\u0107 20 ml p\u0142ynu, co zapewnia d\u0142ugotrwa\u0142e vapowanie bez konieczno\u015bci cz\u0119stego uzupe\u0142niania. Z mesh-coilem o oporno\u015bci 1,2\u03a9 zapewnia intensywne i r\u00f3wnomierne doznania. Akumulator o pojemno\u015bci 650mAh gwarantuje wystarczaj\u0105c\u0105 moc na pe\u0142ne 12000 zaci\u0105gni\u0119\u0107, a dzi\u0119ki portowi USB-C mo\u017cna urz\u0105dzenie szybko na\u0142adowa\u0107, gdy zajdzie taka potrzeba.<\/p>\n<p class=\"\" data-start=\"1087\" data-end=\"1483\">Opcje nikotynowe s\u0105 elastyczne, z wyborem spo\u015br\u00f3d nikotyn 0%, 2%, 3% i 5%, dzi\u0119ki czemu zar\u00f3wno nowicjusze, jak i do\u015bwiadczeni palacze znajd\u0105 co\u015b dla siebie. Warto podkre\u015bli\u0107, \u017ce Bang Tn 12000 Puffs dost\u0119pny jest w smaku Watermelon Strawberry \u2013 orze\u017awiaj\u0105ca kombinacja s\u0142odkiej arbuzowej i soczystej truskawkowej.<\/p>\n<h3 data-start=\"1485\" data-end=\"1521\">Zalety Bang Tn 12000 Puffs<\/h3>\n<p class=\"\" data-start=\"1523\" data-end=\"1773\">Wyj\u0105tkow\u0105 zalet\u0105 tego produktu jest to, \u017ce przy zakupie w UE jest on bezc\u0142owy. Oznacza to, \u017ce nabywcy nie musz\u0105 p\u0142aci\u0107 nieoczekiwanych dodatkowych op\u0142at, co czyni go atrakcyjnym wyborem dla wszystkich palaczy w Europie.<\/p>\n<p class=\"\" data-start=\"1775\" data-end=\"2001\">Kolejnym plusem jest szybka wysy\u0142ka w ci\u0105gu 7 do 15 dni roboczych. Zamawiaj\u0105c w zaufanych sklepach internetowych, takich jak vapingnet.de, otrzymuje si\u0119 produkt bez d\u0142ugiego oczekiwania i w wysokiej jako\u015bci.<\/p>\n<h3 data-start=\"2003\" data-end=\"2059\">Dlaczego Bang Tn 12000 Puffs jest w\u0142a\u015bciwym wyborem?<\/h3>\n<p class=\"\" data-start=\"2061\" data-end=\"2507\">Bang Tn 12000 Puffs skierowany jest do palaczy poszukuj\u0105cych niezawodnego i wygodnego jednorazowego urz\u0105dzenia, kt\u00f3re oferuje zar\u00f3wno smak, jak i wydajno\u015b\u0107. Jest idealny na podr\u00f3\u017c i mo\u017ce by\u0107 u\u017cywany bez problemu przez pocz\u0105tkuj\u0105cych oraz do\u015bwiadczonych u\u017cytkownik\u00f3w. Dzi\u0119ki funkcji jednorazowej nie trzeba wykonywa\u0107 dodatkowych czynno\u015bci konserwacyjnych, takich jak uzupe\u0142nianie czy czyszczenie urz\u0105dzenia. Wystarczy wyj\u0105\u0107 z opakowania i zacz\u0105\u0107 vapowa\u0107.<\/p>\n<h4 data-start=\"2875\" data-end=\"2884\">Dlaczego Bang Tn 12000 Puffs to najlepszy wyb\u00f3r dla wymagaj\u0105cych palaczy<\/h4>\n<p class=\"\" data-start=\"2886\" data-end=\"3426\">Bang Tn 12000 Puffs to doskona\u0142y wyb\u00f3r dla tych, kt\u00f3rzy ceni\u0105 d\u0142ug\u0105 trwa\u0142o\u015b\u0107, intensywny smak i prostot\u0119 u\u017cytkowania. Z du\u017c\u0105 pojemno\u015bci\u0105 na p\u0142yn, r\u00f3\u017cnymi poziomami nikotyny do wyboru oraz praktycznym portem USB-C, wyr\u00f3\u017cnia si\u0119 przyjazno\u015bci\u0105 dla u\u017cytkownika. Zamawiaj\u0105c produkt z europejskiego magazynu, unika si\u0119 problem\u00f3w celnych i d\u0142ugiego oczekiwania. Ci, kt\u00f3rzy stawiaj\u0105 na jako\u015b\u0107 i wygod\u0119 vapowania, b\u0119d\u0105 zadowoleni z Bang Tn 12000 Puffs.<\/p>","protected":false},"excerpt":{"rendered":"<p>Bang Tn 12000 Puffs \u2013 Idealny jednorazowy e-papieros na d\u0142ugotrwa\u0142e palenie. Jednorazowe e-papierosy sta\u0142y si\u0119 jedn\u0105 z najpopularniejszych opcji dla palaczy, kt\u00f3rzy szukaj\u0105...<\/p>","protected":false},"featured_media":6232,"template":"","meta":[],"etheme_brands":[],"product_brand":[101],"product_cat":[88,49,61],"product_tag":[],"class_list":{"0":"post-6227","1":"product","2":"type-product","3":"status-publish","4":"has-post-thumbnail","6":"product_brand-bang-king-vape","7":"product_cat-12k-vape","8":"product_cat-einweg-e-zigarette","9":"product_cat-f","11":"first","12":"instock","13":"shipping-taxable","14":"purchasable","15":"product-type-simple"},"yoast_head":"<!-- This site is optimized with the Yoast SEO plugin v26.5 - https:\/\/yoast.com\/wordpress\/plugins\/seo\/ -->\n<title>Watermelon Strawberry Bang Tn 12000 Puffs f\u00fcr besten Genuss ohne Zollkosten | Vapingnet.de<\/title>\n<meta name=\"description\" content=\"Entdecke Watermelon Strawberry Bang Tn 12000 Puffs f\u00fcr besten Genuss ohne Zollkosten bei vapingnet.de, \u25ba Gro\u00dfe Auswahl an Geschmacksrichtungen &amp; super g\u00fcnstig!\" \/>\n<meta name=\"robots\" content=\"index, follow, max-snippet:-1, max-image-preview:large, max-video-preview:-1\" \/>\n<link rel=\"canonical\" href=\"https:\/\/vapingnet.de\/pl\/vape\/watermelon-strawberry-bang-tn-12000-puffs-fuer-besten-genuss-ohne-zollkosten\/\" \/>\n<meta property=\"og:locale\" content=\"pl_PL\" \/>\n<meta property=\"og:type\" content=\"article\" \/>\n<meta property=\"og:title\" content=\"Watermelon Strawberry Bang Tn 12000 Puffs f\u00fcr besten Genuss ohne Zollkosten | Vapingnet.de\" \/>\n<meta property=\"og:description\" content=\"Entdecke Watermelon Strawberry Bang Tn 12000 Puffs f\u00fcr besten Genuss ohne Zollkosten bei vapingnet.de, \u25ba Gro\u00dfe Auswahl an Geschmacksrichtungen &amp; super g\u00fcnstig!\" \/>\n<meta property=\"og:url\" content=\"https:\/\/vapingnet.de\/pl\/vape\/watermelon-strawberry-bang-tn-12000-puffs-fuer-besten-genuss-ohne-zollkosten\/\" \/>\n<meta property=\"og:site_name\" content=\"Vapingnet.de\" \/>\n<meta property=\"article:publisher\" content=\"https:\/\/www.facebook.com\/vapingnetde\/\" \/>\n<meta property=\"article:modified_time\" content=\"2025-12-30T08:41:27+00:00\" \/>\n<meta property=\"og:image\" content=\"https:\/\/vapingnet.de\/wp-content\/uploads\/2025\/04\/Watermelon-Strawberry.png\" \/>\n\t<meta property=\"og:image:width\" content=\"1000\" \/>\n\t<meta property=\"og:image:height\" content=\"1000\" \/>\n\t<meta property=\"og:image:type\" content=\"image\/png\" \/>\n<meta name=\"twitter:card\" content=\"summary_large_image\" \/>\n<meta name=\"twitter:label1\" content=\"Est. reading time\" \/>\n\t<meta name=\"twitter:data1\" content=\"3 minutes\" \/>\n<script type=\"application\/ld+json\" class=\"yoast-schema-graph\">{\"@context\":\"https:\/\/schema.org\",\"@graph\":[{\"@type\":\"WebPage\",\"@id\":\"https:\/\/vapingnet.de\/vape\/watermelon-strawberry-bang-tn-12000-puffs-fuer-besten-genuss-ohne-zollkosten\/\",\"url\":\"https:\/\/vapingnet.de\/vape\/watermelon-strawberry-bang-tn-12000-puffs-fuer-besten-genuss-ohne-zollkosten\/\",\"name\":\"Watermelon Strawberry Bang Tn 12000 Puffs f\u00fcr besten Genuss ohne Zollkosten | Vapingnet.de\",\"isPartOf\":{\"@id\":\"https:\/\/vapingnet.de\/#website\"},\"primaryImageOfPage\":{\"@id\":\"https:\/\/vapingnet.de\/vape\/watermelon-strawberry-bang-tn-12000-puffs-fuer-besten-genuss-ohne-zollkosten\/#primaryimage\"},\"image\":{\"@id\":\"https:\/\/vapingnet.de\/vape\/watermelon-strawberry-bang-tn-12000-puffs-fuer-besten-genuss-ohne-zollkosten\/#primaryimage\"},\"thumbnailUrl\":\"https:\/\/vapingnet.de\/wp-content\/uploads\/2025\/04\/Watermelon-Strawberry.png\",\"datePublished\":\"2025-04-11T02:32:59+00:00\",\"dateModified\":\"2025-12-30T08:41:27+00:00\",\"description\":\"Entdecke Watermelon Strawberry Bang Tn 12000 Puffs f\u00fcr besten Genuss ohne Zollkosten bei vapingnet.de, \u25ba Gro\u00dfe Auswahl an Geschmacksrichtungen & super g\u00fcnstig!\",\"breadcrumb\":{\"@id\":\"https:\/\/vapingnet.de\/vape\/watermelon-strawberry-bang-tn-12000-puffs-fuer-besten-genuss-ohne-zollkosten\/#breadcrumb\"},\"inLanguage\":\"pl-PL\",\"potentialAction\":[{\"@type\":\"ReadAction\",\"target\":[\"https:\/\/vapingnet.de\/vape\/watermelon-strawberry-bang-tn-12000-puffs-fuer-besten-genuss-ohne-zollkosten\/\"]}]},{\"@type\":\"ImageObject\",\"inLanguage\":\"pl-PL\",\"@id\":\"https:\/\/vapingnet.de\/vape\/watermelon-strawberry-bang-tn-12000-puffs-fuer-besten-genuss-ohne-zollkosten\/#primaryimage\",\"url\":\"https:\/\/vapingnet.de\/wp-content\/uploads\/2025\/04\/Watermelon-Strawberry.png\",\"contentUrl\":\"https:\/\/vapingnet.de\/wp-content\/uploads\/2025\/04\/Watermelon-Strawberry.png\",\"width\":1000,\"height\":1000},{\"@type\":\"BreadcrumbList\",\"@id\":\"https:\/\/vapingnet.de\/vape\/watermelon-strawberry-bang-tn-12000-puffs-fuer-besten-genuss-ohne-zollkosten\/#breadcrumb\",\"itemListElement\":[{\"@type\":\"ListItem\",\"position\":1,\"name\":\"Home\",\"item\":\"https:\/\/vapingnet.de\/\"},{\"@type\":\"ListItem\",\"position\":2,\"name\":\"Shop\",\"item\":\"https:\/\/vapingnet.de\/vape\/\"},{\"@type\":\"ListItem\",\"position\":3,\"name\":\"Watermelon Strawberry Bang Tn 12000 Puffs f\u00fcr besten Genuss ohne Zollkosten\"}]},{\"@type\":\"WebSite\",\"@id\":\"https:\/\/vapingnet.de\/#website\",\"url\":\"https:\/\/vapingnet.de\/\",\"name\":\"Vapingnet.de\",\"description\":\"\",\"publisher\":{\"@id\":\"https:\/\/vapingnet.de\/#organization\"},\"potentialAction\":[{\"@type\":\"SearchAction\",\"target\":{\"@type\":\"EntryPoint\",\"urlTemplate\":\"https:\/\/vapingnet.de\/?s={search_term_string}\"},\"query-input\":{\"@type\":\"PropertyValueSpecification\",\"valueRequired\":true,\"valueName\":\"search_term_string\"}}],\"inLanguage\":\"pl-PL\"},{\"@type\":\"Organization\",\"@id\":\"https:\/\/vapingnet.de\/#organization\",\"name\":\"Vapingnet.de\",\"url\":\"https:\/\/vapingnet.de\/\",\"logo\":{\"@type\":\"ImageObject\",\"inLanguage\":\"pl-PL\",\"@id\":\"https:\/\/vapingnet.de\/#\/schema\/logo\/image\/\",\"url\":\"https:\/\/vapingnet.de\/wp-content\/uploads\/2025\/03\/cropped-vapingnet.de_.jpg\",\"contentUrl\":\"https:\/\/vapingnet.de\/wp-content\/uploads\/2025\/03\/cropped-vapingnet.de_.jpg\",\"width\":512,\"height\":512,\"caption\":\"Vapingnet.de\"},\"image\":{\"@id\":\"https:\/\/vapingnet.de\/#\/schema\/logo\/image\/\"},\"sameAs\":[\"https:\/\/www.facebook.com\/vapingnetde\/\"]}]}<\/script>\n<!-- \/ Yoast SEO plugin. -->","yoast_head_json":{"title":"Watermelon Strawberry Bang Tn 12000 Puffs f\u00fcr besten Genuss ohne Zollkosten | Vapingnet.de","description":"Entdecke Watermelon Strawberry Bang Tn 12000 Puffs f\u00fcr besten Genuss ohne Zollkosten bei vapingnet.de, \u25ba Gro\u00dfe Auswahl an Geschmacksrichtungen & super g\u00fcnstig!","robots":{"index":"index","follow":"follow","max-snippet":"max-snippet:-1","max-image-preview":"max-image-preview:large","max-video-preview":"max-video-preview:-1"},"canonical":"https:\/\/vapingnet.de\/pl\/vape\/watermelon-strawberry-bang-tn-12000-puffs-fuer-besten-genuss-ohne-zollkosten\/","og_locale":"pl_PL","og_type":"article","og_title":"Watermelon Strawberry Bang Tn 12000 Puffs f\u00fcr besten Genuss ohne Zollkosten | Vapingnet.de","og_description":"Entdecke Watermelon Strawberry Bang Tn 12000 Puffs f\u00fcr besten Genuss ohne Zollkosten bei vapingnet.de, \u25ba Gro\u00dfe Auswahl an Geschmacksrichtungen & super g\u00fcnstig!","og_url":"https:\/\/vapingnet.de\/pl\/vape\/watermelon-strawberry-bang-tn-12000-puffs-fuer-besten-genuss-ohne-zollkosten\/","og_site_name":"Vapingnet.de","article_publisher":"https:\/\/www.facebook.com\/vapingnetde\/","article_modified_time":"2025-12-30T08:41:27+00:00","og_image":[{"width":1000,"height":1000,"url":"https:\/\/vapingnet.de\/wp-content\/uploads\/2025\/04\/Watermelon-Strawberry.png","type":"image\/png"}],"twitter_card":"summary_large_image","twitter_misc":{"Est. reading time":"3 minutes"},"schema":{"@context":"https:\/\/schema.org","@graph":[{"@type":"WebPage","@id":"https:\/\/vapingnet.de\/vape\/watermelon-strawberry-bang-tn-12000-puffs-fuer-besten-genuss-ohne-zollkosten\/","url":"https:\/\/vapingnet.de\/vape\/watermelon-strawberry-bang-tn-12000-puffs-fuer-besten-genuss-ohne-zollkosten\/","name":"Watermelon Strawberry Bang Tn 12000 Puffs f\u00fcr besten Genuss ohne Zollkosten | Vapingnet.de","isPartOf":{"@id":"https:\/\/vapingnet.de\/#website"},"primaryImageOfPage":{"@id":"https:\/\/vapingnet.de\/vape\/watermelon-strawberry-bang-tn-12000-puffs-fuer-besten-genuss-ohne-zollkosten\/#primaryimage"},"image":{"@id":"https:\/\/vapingnet.de\/vape\/watermelon-strawberry-bang-tn-12000-puffs-fuer-besten-genuss-ohne-zollkosten\/#primaryimage"},"thumbnailUrl":"https:\/\/vapingnet.de\/wp-content\/uploads\/2025\/04\/Watermelon-Strawberry.png","datePublished":"2025-04-11T02:32:59+00:00","dateModified":"2025-12-30T08:41:27+00:00","description":"Entdecke Watermelon Strawberry Bang Tn 12000 Puffs f\u00fcr besten Genuss ohne Zollkosten bei vapingnet.de, \u25ba Gro\u00dfe Auswahl an Geschmacksrichtungen & super g\u00fcnstig!","breadcrumb":{"@id":"https:\/\/vapingnet.de\/vape\/watermelon-strawberry-bang-tn-12000-puffs-fuer-besten-genuss-ohne-zollkosten\/#breadcrumb"},"inLanguage":"pl-PL","potentialAction":[{"@type":"ReadAction","target":["https:\/\/vapingnet.de\/vape\/watermelon-strawberry-bang-tn-12000-puffs-fuer-besten-genuss-ohne-zollkosten\/"]}]},{"@type":"ImageObject","inLanguage":"pl-PL","@id":"https:\/\/vapingnet.de\/vape\/watermelon-strawberry-bang-tn-12000-puffs-fuer-besten-genuss-ohne-zollkosten\/#primaryimage","url":"https:\/\/vapingnet.de\/wp-content\/uploads\/2025\/04\/Watermelon-Strawberry.png","contentUrl":"https:\/\/vapingnet.de\/wp-content\/uploads\/2025\/04\/Watermelon-Strawberry.png","width":1000,"height":1000},{"@type":"BreadcrumbList","@id":"https:\/\/vapingnet.de\/vape\/watermelon-strawberry-bang-tn-12000-puffs-fuer-besten-genuss-ohne-zollkosten\/#breadcrumb","itemListElement":[{"@type":"ListItem","position":1,"name":"Home","item":"https:\/\/vapingnet.de\/"},{"@type":"ListItem","position":2,"name":"Shop","item":"https:\/\/vapingnet.de\/vape\/"},{"@type":"ListItem","position":3,"name":"Watermelon Strawberry Bang Tn 12000 Puffs f\u00fcr besten Genuss ohne Zollkosten"}]},{"@type":"WebSite","@id":"https:\/\/vapingnet.de\/#website","url":"https:\/\/vapingnet.de\/","name":"Vapingnet.de","description":"","publisher":{"@id":"https:\/\/vapingnet.de\/#organization"},"potentialAction":[{"@type":"SearchAction","target":{"@type":"EntryPoint","urlTemplate":"https:\/\/vapingnet.de\/?s={search_term_string}"},"query-input":{"@type":"PropertyValueSpecification","valueRequired":true,"valueName":"search_term_string"}}],"inLanguage":"pl-PL"},{"@type":"Organization","@id":"https:\/\/vapingnet.de\/#organization","name":"Vapingnet.de","url":"https:\/\/vapingnet.de\/","logo":{"@type":"ImageObject","inLanguage":"pl-PL","@id":"https:\/\/vapingnet.de\/#\/schema\/logo\/image\/","url":"https:\/\/vapingnet.de\/wp-content\/uploads\/2025\/03\/cropped-vapingnet.de_.jpg","contentUrl":"https:\/\/vapingnet.de\/wp-content\/uploads\/2025\/03\/cropped-vapingnet.de_.jpg","width":512,"height":512,"caption":"Vapingnet.de"},"image":{"@id":"https:\/\/vapingnet.de\/#\/schema\/logo\/image\/"},"sameAs":["https:\/\/www.facebook.com\/vapingnetde\/"]}]}},"tiered_pricing_type":"fixed","tiered_pricing_fixed_rules":{"10":"7.31","60":"6.58","110":"5.85","200":"5.12"},"tiered_pricing_product_settings":{"layout":"default","base_unit_name":{"singular":null,"plural":null},"default_variation":null},"tiered_pricing_minimum_quantity":null,"tiered_pricing_roles_data":[],"tiered_pricing_percentage_rules":[],"_links":{"self":[{"href":"https:\/\/vapingnet.de\/pl\/wp-json\/wp\/v2\/product\/6227","targetHints":{"allow":["GET"]}}],"collection":[{"href":"https:\/\/vapingnet.de\/pl\/wp-json\/wp\/v2\/product"}],"about":[{"href":"https:\/\/vapingnet.de\/pl\/wp-json\/wp\/v2\/types\/product"}],"version-history":[{"count":1,"href":"https:\/\/vapingnet.de\/pl\/wp-json\/wp\/v2\/product\/6227\/revisions"}],"predecessor-version":[{"id":6237,"href":"https:\/\/vapingnet.de\/pl\/wp-json\/wp\/v2\/product\/6227\/revisions\/6237"}],"wp:featuredmedia":[{"embeddable":true,"href":"https:\/\/vapingnet.de\/pl\/wp-json\/wp\/v2\/media\/6232"}],"wp:attachment":[{"href":"https:\/\/vapingnet.de\/pl\/wp-json\/wp\/v2\/media?parent=6227"}],"wp:term":[{"taxonomy":"brand","embeddable":true,"href":"https:\/\/vapingnet.de\/pl\/wp-json\/wp\/v2\/etheme_brands?post=6227"},{"taxonomy":"product_brand","embeddable":true,"href":"https:\/\/vapingnet.de\/pl\/wp-json\/wp\/v2\/product_brand?post=6227"},{"taxonomy":"product_cat","embeddable":true,"href":"https:\/\/vapingnet.de\/pl\/wp-json\/wp\/v2\/product_cat?post=6227"},{"taxonomy":"product_tag","embeddable":true,"href":"https:\/\/vapingnet.de\/pl\/wp-json\/wp\/v2\/product_tag?post=6227"}],"curies":[{"name":"wp","href":"https:\/\/api.w.org\/{rel}","templated":true}]}}