{"id":6228,"date":"2025-04-11T02:33:04","date_gmt":"2025-04-11T02:33:04","guid":{"rendered":"https:\/\/vapingnet.de\/?post_type=product&#038;p=6228"},"modified":"2025-12-30T08:41:18","modified_gmt":"2025-12-30T08:41:18","slug":"bang-tn-12000-puffs-strawberry-ice-fuer-den-besten-dampfgenuss","status":"publish","type":"product","link":"https:\/\/vapingnet.de\/pl\/vape\/bang-tn-12000-puffs-strawberry-ice-fuer-den-besten-dampfgenuss\/","title":{"rendered":"Bang Tn 12000 Puffs Strawberry Ice dla najlepszej przyjemno\u015bci z parowania"},"content":{"rendered":"<h2 data-start=\"0\" data-end=\"88\">Bang Tn 12000 Puffs: Wydajny i przyjazny dla u\u017cytkownika jednorazowy e-papieros<\/h2>\n<p class=\"\" data-start=\"90\" data-end=\"466\">Bang Tn 12000 Puffs to idealny wyb\u00f3r dla palaczy, kt\u00f3rzy szukaj\u0105 praktycznego i trwa\u0142ego jednorazowego e-papierosa. Oferuje pojemno\u015b\u0107 20 ml p\u0142ynu i mo\u017cliwo\u015b\u0107 wykonania do 12 000 poci\u0105gni\u0119\u0107, zapewniaj\u0105c d\u0142ugotrwa\u0142e i intensywne doznania podczas palenia. Ten e-papieros jest odpowiedni zar\u00f3wno dla pocz\u0105tkuj\u0105cych, jak i do\u015bwiadczonych palaczy.<\/p>\n<h3>Wa\u017cne cechy Bang Tn 12000 Puffs:<\/h3>\n<ol data-start=\"521\" data-end=\"1522\">\n<li class=\"\" data-start=\"521\" data-end=\"794\">\n<p class=\"\" data-start=\"524\" data-end=\"794\">D\u0142uga \u017cywotno\u015b\u0107 i wysoka wydajno\u015b\u0107:<br data-start=\"564\" data-end=\"567\" \/>Dzi\u0119ki baterii o pojemno\u015bci 650mAh Bang Tn 12000 Puffs zapewnia wytrzyma\u0142\u0105 moc. W po\u0142\u0105czeniu z siatk\u0105 grza\u0142ki (1.2\u03a9) osi\u0105gni\u0119to r\u00f3wnomierne odparowywanie, kt\u00f3re zapewnia intensywny smak.<\/p>\n<\/li>\n<li class=\"\" data-start=\"796\" data-end=\"971\">\n<p class=\"\" data-start=\"799\" data-end=\"971\">\u0141atwe \u0142adowanie:<br data-start=\"822\" data-end=\"825\" \/>Z\u0142\u0105cze USB-C gwarantuje szybkie i efektywne \u0142adowanie urz\u0105dzenia, dzi\u0119ki czemu mo\u017cesz szybko wr\u00f3ci\u0107 do palenia.<\/p>\n<\/li>\n<li class=\"\" data-start=\"973\" data-end=\"1235\">\n<p class=\"\" data-start=\"976\" data-end=\"1235\">Wszechstronne opcje nikotynowe:<br data-start=\"1008\" data-end=\"1011\" \/>Bang Tn 12000 Puffs jest dost\u0119pny w r\u00f3\u017cnych st\u0119\u017ceniach nikotyny: 0%, 2%, 3% i 5% nikotyny. Palacze mog\u0105 wybra\u0107 odpowiedni poziom nikotyny, czy chc\u0105 j\u0105 spo\u017cywa\u0107, czy nie.<\/p>\n<\/li>\n<li class=\"\" data-start=\"1237\" data-end=\"1522\">\n<p class=\"\" data-start=\"1240\" data-end=\"1522\">Orze\u017awiaj\u0105cy smak:<br data-start=\"1268\" data-end=\"1271\" \/>Smak Strawberry Ice \u0142\u0105czy s\u0142odycz truskawek z orze\u017awiaj\u0105cym ch\u0142odz\u0105cym mentolem. Idealne doznanie smakowe dla palaczy, kt\u00f3rzy kochaj\u0105 owocowe aromaty i jednocze\u015bnie chc\u0105 cieszy\u0107 si\u0119 \u015bwie\u017co\u015bci\u0105 mentolu.<\/p>\n<\/li>\n<\/ol>\n<h4 data-start=\"1524\" data-end=\"1558\">Zalety dla kupuj\u0105cych w Europie:<\/h4>\n<ul data-start=\"1560\" data-end=\"1892\">\n<li class=\"\" data-start=\"1560\" data-end=\"1730\">\n<p class=\"\" data-start=\"1562\" data-end=\"1730\">Bez c\u0142a: Przy zakupie Bang Tn 12000 Puffs w UE nie obowi\u0105zuj\u0105 op\u0142aty celne, co sprawia, \u017ce ca\u0142y proces zakupu jest prosty i przejrzysty.<\/p>\n<\/li>\n<li class=\"\" data-start=\"1731\" data-end=\"1892\">\n<p class=\"\" data-start=\"1733\" data-end=\"1892\">Szybka dostawa: Wysy\u0142ka zwykle realizowana jest w ci\u0105gu 7 do 15 dni roboczych, wi\u0119c nie musisz d\u0142ugo czeka\u0107 na swoje nowe do\u015bwiadczenie z paleniem.<\/p>\n<\/li>\n<\/ul>\n<h4 data-start=\"1894\" data-end=\"1917\">Mo\u017cliwo\u015b\u0107 zam\u00f3wienia:<\/h4>\n<p class=\"\" data-start=\"1919\" data-end=\"2156\">Bang Tn 12000 Puffs jest dost\u0119pny na vapingnet.de, zaufanym dostawcy, kt\u00f3ry oferuje szeroki wyb\u00f3r produkt\u00f3w dla palaczy. Tam mo\u017cesz bezpiecznie zam\u00f3wi\u0107 produkt i liczy\u0107 na szybk\u0105 dostaw\u0119.<\/p>\n<h4 data-start=\"2158\" data-end=\"2168\">Dlaczego Bang Tn 12000 Puffs to idealny wyb\u00f3r dla wymagaj\u0105cych palaczy<\/h4>\n<p class=\"\" data-start=\"2170\" data-end=\"2711\">Bang Tn 12000 Puffs oferuje doskona\u0142e po\u0142\u0105czenie wysokiej wydajno\u015bci, d\u0142ugiej trwa\u0142o\u015bci i intensywnych dozna\u0144 smakowych. Jest szczeg\u00f3lnie odpowiedni dla palaczy, kt\u00f3rzy szukaj\u0105 prostego, mocnego urz\u0105dzenia jednorazowego, kt\u00f3re jest gotowe do u\u017cycia od razu i zapewnia d\u0142ugotrwa\u0142e u\u017cytkowanie. Z szerokim wyborem opcji nikotynowych i orze\u017awiaj\u0105cym smakiem, jest to idealny wyb\u00f3r dla ka\u017cdego palacza. Zam\u00f3w ju\u017c dzi\u015b na vapingnet.de i do\u015bwiadcz nowego, wygodnego sposobu palenia!<\/p>","protected":false},"excerpt":{"rendered":"<p>Bang Tn 12000 Puffs: Eine leistungsstarke und benutzerfreundliche Einweg-E-Zigarette Die Bang Tn 12000 Puffs ist die ideale Wahl f\u00fcr Dampfer, die nach einer praktischen und&#8230;<\/p>","protected":false},"featured_media":6233,"template":"","meta":[],"etheme_brands":[],"product_brand":[101],"product_cat":[88,49,61],"product_tag":[],"class_list":{"0":"post-6228","1":"product","2":"type-product","3":"status-publish","4":"has-post-thumbnail","6":"product_brand-bang-king-vape","7":"product_cat-12k-vape","8":"product_cat-einweg-e-zigarette","9":"product_cat-f","11":"first","12":"instock","13":"shipping-taxable","14":"purchasable","15":"product-type-simple"},"yoast_head":"<!-- This site is optimized with the Yoast SEO plugin v26.5 - https:\/\/yoast.com\/wordpress\/plugins\/seo\/ -->\n<title>Bang Tn 12000 Puffs Strawberry Ice f\u00fcr den besten Dampfgenuss | Vapingnet.de<\/title>\n<meta name=\"description\" content=\"Entdecke Bang Tn 12000 Puffs Strawberry Ice f\u00fcr den besten Dampfgenuss bei vapingnet.de, \u25ba Gro\u00dfe Auswahl an Geschmacksrichtungen &amp; super g\u00fcnstig!\" \/>\n<meta name=\"robots\" content=\"index, follow, max-snippet:-1, max-image-preview:large, max-video-preview:-1\" \/>\n<link rel=\"canonical\" href=\"https:\/\/vapingnet.de\/pl\/vape\/bang-tn-12000-puffs-strawberry-ice-fuer-den-besten-dampfgenuss\/\" \/>\n<meta property=\"og:locale\" content=\"pl_PL\" \/>\n<meta property=\"og:type\" content=\"article\" \/>\n<meta property=\"og:title\" content=\"Bang Tn 12000 Puffs Strawberry Ice f\u00fcr den besten Dampfgenuss | Vapingnet.de\" \/>\n<meta property=\"og:description\" content=\"Entdecke Bang Tn 12000 Puffs Strawberry Ice f\u00fcr den besten Dampfgenuss bei vapingnet.de, \u25ba Gro\u00dfe Auswahl an Geschmacksrichtungen &amp; super g\u00fcnstig!\" \/>\n<meta property=\"og:url\" content=\"https:\/\/vapingnet.de\/pl\/vape\/bang-tn-12000-puffs-strawberry-ice-fuer-den-besten-dampfgenuss\/\" \/>\n<meta property=\"og:site_name\" content=\"Vapingnet.de\" \/>\n<meta property=\"article:publisher\" content=\"https:\/\/www.facebook.com\/vapingnetde\/\" \/>\n<meta property=\"article:modified_time\" content=\"2025-12-30T08:41:18+00:00\" \/>\n<meta property=\"og:image\" content=\"https:\/\/vapingnet.de\/wp-content\/uploads\/2025\/04\/Watermelon-Strawberry-1.png\" \/>\n\t<meta property=\"og:image:width\" content=\"1000\" \/>\n\t<meta property=\"og:image:height\" content=\"1000\" \/>\n\t<meta property=\"og:image:type\" content=\"image\/png\" \/>\n<meta name=\"twitter:card\" content=\"summary_large_image\" \/>\n<meta name=\"twitter:label1\" content=\"Est. reading time\" \/>\n\t<meta name=\"twitter:data1\" content=\"3 minutes\" \/>\n<script type=\"application\/ld+json\" class=\"yoast-schema-graph\">{\"@context\":\"https:\/\/schema.org\",\"@graph\":[{\"@type\":\"WebPage\",\"@id\":\"https:\/\/vapingnet.de\/vape\/bang-tn-12000-puffs-strawberry-ice-fuer-den-besten-dampfgenuss\/\",\"url\":\"https:\/\/vapingnet.de\/vape\/bang-tn-12000-puffs-strawberry-ice-fuer-den-besten-dampfgenuss\/\",\"name\":\"Bang Tn 12000 Puffs Strawberry Ice f\u00fcr den besten Dampfgenuss | Vapingnet.de\",\"isPartOf\":{\"@id\":\"https:\/\/vapingnet.de\/#website\"},\"primaryImageOfPage\":{\"@id\":\"https:\/\/vapingnet.de\/vape\/bang-tn-12000-puffs-strawberry-ice-fuer-den-besten-dampfgenuss\/#primaryimage\"},\"image\":{\"@id\":\"https:\/\/vapingnet.de\/vape\/bang-tn-12000-puffs-strawberry-ice-fuer-den-besten-dampfgenuss\/#primaryimage\"},\"thumbnailUrl\":\"https:\/\/vapingnet.de\/wp-content\/uploads\/2025\/04\/Watermelon-Strawberry-1.png\",\"datePublished\":\"2025-04-11T02:33:04+00:00\",\"dateModified\":\"2025-12-30T08:41:18+00:00\",\"description\":\"Entdecke Bang Tn 12000 Puffs Strawberry Ice f\u00fcr den besten Dampfgenuss bei vapingnet.de, \u25ba Gro\u00dfe Auswahl an Geschmacksrichtungen & super g\u00fcnstig!\",\"breadcrumb\":{\"@id\":\"https:\/\/vapingnet.de\/vape\/bang-tn-12000-puffs-strawberry-ice-fuer-den-besten-dampfgenuss\/#breadcrumb\"},\"inLanguage\":\"pl-PL\",\"potentialAction\":[{\"@type\":\"ReadAction\",\"target\":[\"https:\/\/vapingnet.de\/vape\/bang-tn-12000-puffs-strawberry-ice-fuer-den-besten-dampfgenuss\/\"]}]},{\"@type\":\"ImageObject\",\"inLanguage\":\"pl-PL\",\"@id\":\"https:\/\/vapingnet.de\/vape\/bang-tn-12000-puffs-strawberry-ice-fuer-den-besten-dampfgenuss\/#primaryimage\",\"url\":\"https:\/\/vapingnet.de\/wp-content\/uploads\/2025\/04\/Watermelon-Strawberry-1.png\",\"contentUrl\":\"https:\/\/vapingnet.de\/wp-content\/uploads\/2025\/04\/Watermelon-Strawberry-1.png\",\"width\":1000,\"height\":1000},{\"@type\":\"BreadcrumbList\",\"@id\":\"https:\/\/vapingnet.de\/vape\/bang-tn-12000-puffs-strawberry-ice-fuer-den-besten-dampfgenuss\/#breadcrumb\",\"itemListElement\":[{\"@type\":\"ListItem\",\"position\":1,\"name\":\"Home\",\"item\":\"https:\/\/vapingnet.de\/\"},{\"@type\":\"ListItem\",\"position\":2,\"name\":\"Shop\",\"item\":\"https:\/\/vapingnet.de\/vape\/\"},{\"@type\":\"ListItem\",\"position\":3,\"name\":\"Bang Tn 12000 Puffs Strawberry Ice f\u00fcr den besten Dampfgenuss\"}]},{\"@type\":\"WebSite\",\"@id\":\"https:\/\/vapingnet.de\/#website\",\"url\":\"https:\/\/vapingnet.de\/\",\"name\":\"Vapingnet.de\",\"description\":\"\",\"publisher\":{\"@id\":\"https:\/\/vapingnet.de\/#organization\"},\"potentialAction\":[{\"@type\":\"SearchAction\",\"target\":{\"@type\":\"EntryPoint\",\"urlTemplate\":\"https:\/\/vapingnet.de\/?s={search_term_string}\"},\"query-input\":{\"@type\":\"PropertyValueSpecification\",\"valueRequired\":true,\"valueName\":\"search_term_string\"}}],\"inLanguage\":\"pl-PL\"},{\"@type\":\"Organization\",\"@id\":\"https:\/\/vapingnet.de\/#organization\",\"name\":\"Vapingnet.de\",\"url\":\"https:\/\/vapingnet.de\/\",\"logo\":{\"@type\":\"ImageObject\",\"inLanguage\":\"pl-PL\",\"@id\":\"https:\/\/vapingnet.de\/#\/schema\/logo\/image\/\",\"url\":\"https:\/\/vapingnet.de\/wp-content\/uploads\/2025\/03\/cropped-vapingnet.de_.jpg\",\"contentUrl\":\"https:\/\/vapingnet.de\/wp-content\/uploads\/2025\/03\/cropped-vapingnet.de_.jpg\",\"width\":512,\"height\":512,\"caption\":\"Vapingnet.de\"},\"image\":{\"@id\":\"https:\/\/vapingnet.de\/#\/schema\/logo\/image\/\"},\"sameAs\":[\"https:\/\/www.facebook.com\/vapingnetde\/\"]}]}<\/script>\n<!-- \/ Yoast SEO plugin. -->","yoast_head_json":{"title":"Bang Tn 12000 Puffs Strawberry Ice f\u00fcr den besten Dampfgenuss | Vapingnet.de","description":"Entdecke Bang Tn 12000 Puffs Strawberry Ice f\u00fcr den besten Dampfgenuss bei vapingnet.de, \u25ba Gro\u00dfe Auswahl an Geschmacksrichtungen & super g\u00fcnstig!","robots":{"index":"index","follow":"follow","max-snippet":"max-snippet:-1","max-image-preview":"max-image-preview:large","max-video-preview":"max-video-preview:-1"},"canonical":"https:\/\/vapingnet.de\/pl\/vape\/bang-tn-12000-puffs-strawberry-ice-fuer-den-besten-dampfgenuss\/","og_locale":"pl_PL","og_type":"article","og_title":"Bang Tn 12000 Puffs Strawberry Ice f\u00fcr den besten Dampfgenuss | Vapingnet.de","og_description":"Entdecke Bang Tn 12000 Puffs Strawberry Ice f\u00fcr den besten Dampfgenuss bei vapingnet.de, \u25ba Gro\u00dfe Auswahl an Geschmacksrichtungen & super g\u00fcnstig!","og_url":"https:\/\/vapingnet.de\/pl\/vape\/bang-tn-12000-puffs-strawberry-ice-fuer-den-besten-dampfgenuss\/","og_site_name":"Vapingnet.de","article_publisher":"https:\/\/www.facebook.com\/vapingnetde\/","article_modified_time":"2025-12-30T08:41:18+00:00","og_image":[{"width":1000,"height":1000,"url":"https:\/\/vapingnet.de\/wp-content\/uploads\/2025\/04\/Watermelon-Strawberry-1.png","type":"image\/png"}],"twitter_card":"summary_large_image","twitter_misc":{"Est. reading time":"3 minutes"},"schema":{"@context":"https:\/\/schema.org","@graph":[{"@type":"WebPage","@id":"https:\/\/vapingnet.de\/vape\/bang-tn-12000-puffs-strawberry-ice-fuer-den-besten-dampfgenuss\/","url":"https:\/\/vapingnet.de\/vape\/bang-tn-12000-puffs-strawberry-ice-fuer-den-besten-dampfgenuss\/","name":"Bang Tn 12000 Puffs Strawberry Ice f\u00fcr den besten Dampfgenuss | Vapingnet.de","isPartOf":{"@id":"https:\/\/vapingnet.de\/#website"},"primaryImageOfPage":{"@id":"https:\/\/vapingnet.de\/vape\/bang-tn-12000-puffs-strawberry-ice-fuer-den-besten-dampfgenuss\/#primaryimage"},"image":{"@id":"https:\/\/vapingnet.de\/vape\/bang-tn-12000-puffs-strawberry-ice-fuer-den-besten-dampfgenuss\/#primaryimage"},"thumbnailUrl":"https:\/\/vapingnet.de\/wp-content\/uploads\/2025\/04\/Watermelon-Strawberry-1.png","datePublished":"2025-04-11T02:33:04+00:00","dateModified":"2025-12-30T08:41:18+00:00","description":"Entdecke Bang Tn 12000 Puffs Strawberry Ice f\u00fcr den besten Dampfgenuss bei vapingnet.de, \u25ba Gro\u00dfe Auswahl an Geschmacksrichtungen & super g\u00fcnstig!","breadcrumb":{"@id":"https:\/\/vapingnet.de\/vape\/bang-tn-12000-puffs-strawberry-ice-fuer-den-besten-dampfgenuss\/#breadcrumb"},"inLanguage":"pl-PL","potentialAction":[{"@type":"ReadAction","target":["https:\/\/vapingnet.de\/vape\/bang-tn-12000-puffs-strawberry-ice-fuer-den-besten-dampfgenuss\/"]}]},{"@type":"ImageObject","inLanguage":"pl-PL","@id":"https:\/\/vapingnet.de\/vape\/bang-tn-12000-puffs-strawberry-ice-fuer-den-besten-dampfgenuss\/#primaryimage","url":"https:\/\/vapingnet.de\/wp-content\/uploads\/2025\/04\/Watermelon-Strawberry-1.png","contentUrl":"https:\/\/vapingnet.de\/wp-content\/uploads\/2025\/04\/Watermelon-Strawberry-1.png","width":1000,"height":1000},{"@type":"BreadcrumbList","@id":"https:\/\/vapingnet.de\/vape\/bang-tn-12000-puffs-strawberry-ice-fuer-den-besten-dampfgenuss\/#breadcrumb","itemListElement":[{"@type":"ListItem","position":1,"name":"Home","item":"https:\/\/vapingnet.de\/"},{"@type":"ListItem","position":2,"name":"Shop","item":"https:\/\/vapingnet.de\/vape\/"},{"@type":"ListItem","position":3,"name":"Bang Tn 12000 Puffs Strawberry Ice f\u00fcr den besten Dampfgenuss"}]},{"@type":"WebSite","@id":"https:\/\/vapingnet.de\/#website","url":"https:\/\/vapingnet.de\/","name":"Vapingnet.de","description":"","publisher":{"@id":"https:\/\/vapingnet.de\/#organization"},"potentialAction":[{"@type":"SearchAction","target":{"@type":"EntryPoint","urlTemplate":"https:\/\/vapingnet.de\/?s={search_term_string}"},"query-input":{"@type":"PropertyValueSpecification","valueRequired":true,"valueName":"search_term_string"}}],"inLanguage":"pl-PL"},{"@type":"Organization","@id":"https:\/\/vapingnet.de\/#organization","name":"Vapingnet.de","url":"https:\/\/vapingnet.de\/","logo":{"@type":"ImageObject","inLanguage":"pl-PL","@id":"https:\/\/vapingnet.de\/#\/schema\/logo\/image\/","url":"https:\/\/vapingnet.de\/wp-content\/uploads\/2025\/03\/cropped-vapingnet.de_.jpg","contentUrl":"https:\/\/vapingnet.de\/wp-content\/uploads\/2025\/03\/cropped-vapingnet.de_.jpg","width":512,"height":512,"caption":"Vapingnet.de"},"image":{"@id":"https:\/\/vapingnet.de\/#\/schema\/logo\/image\/"},"sameAs":["https:\/\/www.facebook.com\/vapingnetde\/"]}]}},"tiered_pricing_type":"fixed","tiered_pricing_fixed_rules":{"10":"7.31","60":"6.58","110":"5.85","200":"5.12"},"tiered_pricing_product_settings":{"layout":"default","base_unit_name":{"singular":null,"plural":null},"default_variation":null},"tiered_pricing_minimum_quantity":null,"tiered_pricing_roles_data":[],"tiered_pricing_percentage_rules":[],"_links":{"self":[{"href":"https:\/\/vapingnet.de\/pl\/wp-json\/wp\/v2\/product\/6228","targetHints":{"allow":["GET"]}}],"collection":[{"href":"https:\/\/vapingnet.de\/pl\/wp-json\/wp\/v2\/product"}],"about":[{"href":"https:\/\/vapingnet.de\/pl\/wp-json\/wp\/v2\/types\/product"}],"version-history":[{"count":3,"href":"https:\/\/vapingnet.de\/pl\/wp-json\/wp\/v2\/product\/6228\/revisions"}],"predecessor-version":[{"id":6240,"href":"https:\/\/vapingnet.de\/pl\/wp-json\/wp\/v2\/product\/6228\/revisions\/6240"}],"wp:featuredmedia":[{"embeddable":true,"href":"https:\/\/vapingnet.de\/pl\/wp-json\/wp\/v2\/media\/6233"}],"wp:attachment":[{"href":"https:\/\/vapingnet.de\/pl\/wp-json\/wp\/v2\/media?parent=6228"}],"wp:term":[{"taxonomy":"brand","embeddable":true,"href":"https:\/\/vapingnet.de\/pl\/wp-json\/wp\/v2\/etheme_brands?post=6228"},{"taxonomy":"product_brand","embeddable":true,"href":"https:\/\/vapingnet.de\/pl\/wp-json\/wp\/v2\/product_brand?post=6228"},{"taxonomy":"product_cat","embeddable":true,"href":"https:\/\/vapingnet.de\/pl\/wp-json\/wp\/v2\/product_cat?post=6228"},{"taxonomy":"product_tag","embeddable":true,"href":"https:\/\/vapingnet.de\/pl\/wp-json\/wp\/v2\/product_tag?post=6228"}],"curies":[{"name":"wp","href":"https:\/\/api.w.org\/{rel}","templated":true}]}}