{"id":6241,"date":"2025-04-11T05:55:04","date_gmt":"2025-04-11T05:55:04","guid":{"rendered":"https:\/\/vapingnet.de\/?post_type=product&#038;p=6241"},"modified":"2025-12-30T08:41:09","modified_gmt":"2025-12-30T08:41:09","slug":"peach-ice-bang-tn-12000-puffs-die-besten-aromen-fuer-internationalen-genuss","status":"publish","type":"product","link":"https:\/\/vapingnet.de\/pl\/vape\/peach-ice-bang-tn-12000-puffs-die-besten-aromen-fuer-internationalen-genuss\/","title":{"rendered":"Peach Ice Bang Tn 12000 Puffs Najlepsze aromaty do mi\u0119dzynarodowej rozkoszy"},"content":{"rendered":"<h2 data-start=\"0\" data-end=\"95\" data-immersive-translate-walked=\"60ca2606-f78e-4c3c-8bd7-cb709aec5577\">Bang Tn 12000 Puffs \u2013 Idealny jednorazowy e-papieros do d\u0142ugotrwa\u0142ego do\u015bwiadczenia vapowania<\/h2>\n<p class=\"\" data-start=\"97\" data-end=\"430\" data-immersive-translate-paragraph=\"1\" data-immersive-translate-walked=\"60ca2606-f78e-4c3c-8bd7-cb709aec5577\">Bang Tn 12000 Puffs to jeden z najnowszych jednorazowych e-papieros\u00f3w, kt\u00f3re wyr\u00f3\u017cniaj\u0105 si\u0119 wysok\u0105 wydajno\u015bci\u0105 i przyjaznym dla u\u017cytkownika designem. Z du\u017c\u0105 pojemno\u015bci\u0105 20 ml p\u0142ynu i mo\u017cliwo\u015bci\u0105 wykonania do <a href=\"https:\/\/vapingnet.de\/pl\/k\/12k-vape\/\" target=\"_blank\" rel=\"noopener\"><strong>12 000 poci\u0105gni\u0119\u0107<\/strong><\/a> jest idealny dla vapowicz\u00f3w poszukuj\u0105cych trwa\u0142ego i prostego rozwi\u0105zania.<\/p>\n<h4 data-start=\"432\" data-end=\"455\" data-immersive-translate-walked=\"60ca2606-f78e-4c3c-8bd7-cb709aec5577\" data-immersive-translate-paragraph=\"1\">Cechy techniczne<\/h4>\n<ul data-start=\"457\" data-end=\"735\" data-immersive-translate-walked=\"60ca2606-f78e-4c3c-8bd7-cb709aec5577\">\n<li class=\"\" data-start=\"457\" data-end=\"512\" data-immersive-translate-walked=\"60ca2606-f78e-4c3c-8bd7-cb709aec5577\">\n<p class=\"\" data-start=\"459\" data-end=\"512\" data-immersive-translate-walked=\"60ca2606-f78e-4c3c-8bd7-cb709aec5577\" data-immersive-translate-paragraph=\"1\">Bateria: 650mAh zapewniaj\u0105ca d\u0142ugotrwa\u0142e u\u017cytkowanie.<\/p>\n<\/li>\n<li class=\"\" data-start=\"513\" data-end=\"601\" data-immersive-translate-walked=\"60ca2606-f78e-4c3c-8bd7-cb709aec5577\">\n<p class=\"\" data-start=\"515\" data-end=\"601\" data-immersive-translate-walked=\"60ca2606-f78e-4c3c-8bd7-cb709aec5577\" data-immersive-translate-paragraph=\"1\">Grza\u0142ka Mesh: oporno\u015b\u0107 1.2\u03a9 dla r\u00f3wnomiernego odparowania i intensywnego smaku.<\/p>\n<\/li>\n<li class=\"\" data-start=\"602\" data-end=\"657\" data-immersive-translate-walked=\"60ca2606-f78e-4c3c-8bd7-cb709aec5577\">\n<p class=\"\" data-start=\"604\" data-end=\"657\" data-immersive-translate-walked=\"60ca2606-f78e-4c3c-8bd7-cb709aec5577\" data-immersive-translate-paragraph=\"1\">Z\u0142\u0105cze USB-C: do szybkiego \u0142adowania (5V, 1A).<\/p>\n<\/li>\n<li class=\"\" data-start=\"658\" data-end=\"735\" data-immersive-translate-walked=\"60ca2606-f78e-4c3c-8bd7-cb709aec5577\">\n<p class=\"\" data-start=\"660\" data-end=\"735\" data-immersive-translate-walked=\"60ca2606-f78e-4c3c-8bd7-cb709aec5577\" data-immersive-translate-paragraph=\"1\">Materia\u0142: Wytrzyma\u0142y materia\u0142 PC zapewniaj\u0105cy stabilne i trwa\u0142e u\u017cytkowanie.<\/p>\n<\/li>\n<\/ul>\n<h4 data-start=\"737\" data-end=\"762\" data-immersive-translate-walked=\"60ca2606-f78e-4c3c-8bd7-cb709aec5577\" data-immersive-translate-paragraph=\"1\">Smak \u2013 Peach Ice<\/h4>\n<p class=\"\" data-start=\"764\" data-end=\"1114\" data-immersive-translate-walked=\"60ca2606-f78e-4c3c-8bd7-cb709aec5577\" data-immersive-translate-paragraph=\"1\">Smak Peach Ice \u0142\u0105czy s\u0142odki smak \u015bwie\u017cych brzoskwi\u0144 z ch\u0142odnym mentolowym akcentem. Ten owocowy i orze\u017awiaj\u0105cy smak jest szczeg\u00f3lnie przyjemny dla vapowicz\u00f3w, kt\u00f3rzy preferuj\u0105 zar\u00f3wno owocowe, jak i ch\u0142odz\u0105ce aromaty. Po\u0142\u0105czenie s\u0142odyczy i orze\u017awienia sprawia, \u017ce vapowanie to wyj\u0105tkowe do\u015bwiadczenie.<\/p>\n<h4 data-start=\"1116\" data-end=\"1135\" data-immersive-translate-walked=\"60ca2606-f78e-4c3c-8bd7-cb709aec5577\" data-immersive-translate-paragraph=\"1\">Opcje nikotynowe<\/h4>\n<p class=\"\" data-start=\"1137\" data-end=\"1398\" data-immersive-translate-walked=\"60ca2606-f78e-4c3c-8bd7-cb709aec5577\" data-immersive-translate-paragraph=\"1\">Dla indywidualnych dozna\u0144 vapowania Bang Tn 12000 Puffs dost\u0119pny jest w r\u00f3\u017cnych mocach nikotyny: 0%, 2%, 3% i 5% nikotyny. Ta r\u00f3\u017cnorodno\u015b\u0107 pozwala vapowiczom wybra\u0107 idealny produkt w zale\u017cno\u015bci od preferencji i zapotrzebowania na nikotyn\u0119.<\/p>\n<h3 class=\"\" data-start=\"1400\" data-end=\"1435\" data-immersive-translate-walked=\"60ca2606-f78e-4c3c-8bd7-cb709aec5577\" data-immersive-translate-paragraph=\"1\">Zalety dla europejskich kupuj\u0105cych<\/h3>\n<ul data-start=\"1437\" data-end=\"1791\" data-immersive-translate-walked=\"60ca2606-f78e-4c3c-8bd7-cb709aec5577\">\n<li class=\"\" data-start=\"1437\" data-end=\"1623\" data-immersive-translate-walked=\"60ca2606-f78e-4c3c-8bd7-cb709aec5577\">\n<p class=\"\" data-start=\"1439\" data-end=\"1623\" data-immersive-translate-walked=\"60ca2606-f78e-4c3c-8bd7-cb709aec5577\" data-immersive-translate-paragraph=\"1\">Bez c\u0142a: Przy zakupie Bang Tn 12000 Puffs w Unii Europejskiej nie obowi\u0105zuj\u0105 dodatkowe op\u0142aty celne, co czyni proces zakupu przejrzystym i prostym.<\/p>\n<\/li>\n<li class=\"\" data-start=\"1624\" data-end=\"1788\" data-immersive-translate-walked=\"60ca2606-f78e-4c3c-8bd7-cb709aec5577\">\n<p class=\"\" data-start=\"1626\" data-end=\"1788\" data-immersive-translate-walked=\"60ca2606-f78e-4c3c-8bd7-cb709aec5577\" data-immersive-translate-paragraph=\"1\">Szybka dostawa: Wysy\u0142ka zwykle realizowana jest w ci\u0105gu 7 do 15 dni roboczych, co dla produktu z zagranicy oznacza szybki czas dostawy.<\/p>\n<\/li>\n<\/ul>\n<h4 data-start=\"1792\" data-end=\"1816\" data-immersive-translate-walked=\"60ca2606-f78e-4c3c-8bd7-cb709aec5577\" data-immersive-translate-paragraph=\"1\">Opcje zam\u00f3wienia<\/h4>\n<p class=\"\" data-start=\"1818\" data-end=\"2104\" data-immersive-translate-walked=\"60ca2606-f78e-4c3c-8bd7-cb709aec5577\" data-immersive-translate-paragraph=\"1\">Bang Tn 12000 Puffs jest dost\u0119pny na vapingnet.de, niezawodnym sklepie internetowym oferuj\u0105cym szeroki wyb\u00f3r produkt\u00f3w dla vapowicz\u00f3w. Klienci mog\u0105 liczy\u0107 na bezpieczn\u0105 i szybk\u0105 dostaw\u0119, bez obaw o op\u0142aty celne czy ukryte koszty.<\/p>\n<h3>Dlaczego Bang Tn 12000 Puffs to idealne jednorazowe urz\u0105dzenie dla wymagaj\u0105cych vapowicz\u00f3w<\/h3>\n<p class=\"\" data-start=\"2117\" data-end=\"2621\" data-immersive-translate-walked=\"60ca2606-f78e-4c3c-8bd7-cb709aec5577\" data-immersive-translate-paragraph=\"1\">Bang Tn 12000 Puffs stanowi doskona\u0142y wyb\u00f3r dla vapowicz\u00f3w, kt\u00f3rzy szukaj\u0105 niezawodnego, trwa\u0142ego i przyjaznego dla u\u017cytkownika jednorazowego urz\u0105dzenia. Du\u017ca pojemno\u015b\u0107 p\u0142ynu, r\u00f3\u017cne opcje nikotyny oraz od\u015bwie\u017caj\u0105cy smak Peach Ice sprawiaj\u0105, \u017ce ten model jest \u015bwietnym wyborem dla wszystkich mi\u0142o\u015bnik\u00f3w vapowania. Zam\u00f3w ju\u017c dzi\u015b na vapingnet.de i do\u015bwiadcz bezproblemowego vapowania bez dodatkowych koszt\u00f3w i z szybk\u0105 dostaw\u0105.<\/p>","protected":false},"excerpt":{"rendered":"<p>Bang Tn 12000 Puffs \u2013 Die perfekte Einweg-E-Zigarette f\u00fcr ein langanhaltendes Dampferlebnis Die Bang Tn 12000 Puffs ist eine der neuesten Einweg-E-Zigaretten, die besonders durch&#8230;<\/p>","protected":false},"featured_media":6247,"template":"","meta":[],"etheme_brands":[],"product_brand":[101],"product_cat":[88,49,61],"product_tag":[],"class_list":{"0":"post-6241","1":"product","2":"type-product","3":"status-publish","4":"has-post-thumbnail","6":"product_brand-bang-king-vape","7":"product_cat-12k-vape","8":"product_cat-einweg-e-zigarette","9":"product_cat-f","11":"first","12":"instock","13":"shipping-taxable","14":"purchasable","15":"product-type-simple"},"yoast_head":"<!-- This site is optimized with the Yoast SEO plugin v26.5 - https:\/\/yoast.com\/wordpress\/plugins\/seo\/ -->\n<title>Peach Ice Bang Tn 12000 Puffs Die besten Aromen f\u00fcr internationalen Genuss | Vapingnet.de<\/title>\n<meta name=\"description\" content=\"Entdecke Peach Ice Bang Tn 12000 Puffs Die besten Aromen f\u00fcr internationalen Genuss bei vapingnet.de, \u25ba Gro\u00dfe Auswahl an Geschmacksrichtungen &amp; super g\u00fcnstig!\" \/>\n<meta name=\"robots\" content=\"index, follow, max-snippet:-1, max-image-preview:large, max-video-preview:-1\" \/>\n<link rel=\"canonical\" href=\"https:\/\/vapingnet.de\/pl\/vape\/peach-ice-bang-tn-12000-puffs-die-besten-aromen-fuer-internationalen-genuss\/\" \/>\n<meta property=\"og:locale\" content=\"pl_PL\" \/>\n<meta property=\"og:type\" content=\"article\" \/>\n<meta property=\"og:title\" content=\"Peach Ice Bang Tn 12000 Puffs Die besten Aromen f\u00fcr internationalen Genuss | Vapingnet.de\" \/>\n<meta property=\"og:description\" content=\"Entdecke Peach Ice Bang Tn 12000 Puffs Die besten Aromen f\u00fcr internationalen Genuss bei vapingnet.de, \u25ba Gro\u00dfe Auswahl an Geschmacksrichtungen &amp; super g\u00fcnstig!\" \/>\n<meta property=\"og:url\" content=\"https:\/\/vapingnet.de\/pl\/vape\/peach-ice-bang-tn-12000-puffs-die-besten-aromen-fuer-internationalen-genuss\/\" \/>\n<meta property=\"og:site_name\" content=\"Vapingnet.de\" \/>\n<meta property=\"article:publisher\" content=\"https:\/\/www.facebook.com\/vapingnetde\/\" \/>\n<meta property=\"article:modified_time\" content=\"2025-12-30T08:41:09+00:00\" \/>\n<meta property=\"og:image\" content=\"https:\/\/vapingnet.de\/wp-content\/uploads\/2025\/04\/Peach-Ice.png\" \/>\n\t<meta property=\"og:image:width\" content=\"1000\" \/>\n\t<meta property=\"og:image:height\" content=\"1000\" \/>\n\t<meta property=\"og:image:type\" content=\"image\/png\" \/>\n<meta name=\"twitter:card\" content=\"summary_large_image\" \/>\n<meta name=\"twitter:label1\" content=\"Est. reading time\" \/>\n\t<meta name=\"twitter:data1\" content=\"3 minutes\" \/>\n<script type=\"application\/ld+json\" class=\"yoast-schema-graph\">{\"@context\":\"https:\/\/schema.org\",\"@graph\":[{\"@type\":\"WebPage\",\"@id\":\"https:\/\/vapingnet.de\/vape\/peach-ice-bang-tn-12000-puffs-die-besten-aromen-fuer-internationalen-genuss\/\",\"url\":\"https:\/\/vapingnet.de\/vape\/peach-ice-bang-tn-12000-puffs-die-besten-aromen-fuer-internationalen-genuss\/\",\"name\":\"Peach Ice Bang Tn 12000 Puffs Die besten Aromen f\u00fcr internationalen Genuss | Vapingnet.de\",\"isPartOf\":{\"@id\":\"https:\/\/vapingnet.de\/#website\"},\"primaryImageOfPage\":{\"@id\":\"https:\/\/vapingnet.de\/vape\/peach-ice-bang-tn-12000-puffs-die-besten-aromen-fuer-internationalen-genuss\/#primaryimage\"},\"image\":{\"@id\":\"https:\/\/vapingnet.de\/vape\/peach-ice-bang-tn-12000-puffs-die-besten-aromen-fuer-internationalen-genuss\/#primaryimage\"},\"thumbnailUrl\":\"https:\/\/vapingnet.de\/wp-content\/uploads\/2025\/04\/Peach-Ice.png\",\"datePublished\":\"2025-04-11T05:55:04+00:00\",\"dateModified\":\"2025-12-30T08:41:09+00:00\",\"description\":\"Entdecke Peach Ice Bang Tn 12000 Puffs Die besten Aromen f\u00fcr internationalen Genuss bei vapingnet.de, \u25ba Gro\u00dfe Auswahl an Geschmacksrichtungen & super g\u00fcnstig!\",\"breadcrumb\":{\"@id\":\"https:\/\/vapingnet.de\/vape\/peach-ice-bang-tn-12000-puffs-die-besten-aromen-fuer-internationalen-genuss\/#breadcrumb\"},\"inLanguage\":\"pl-PL\",\"potentialAction\":[{\"@type\":\"ReadAction\",\"target\":[\"https:\/\/vapingnet.de\/vape\/peach-ice-bang-tn-12000-puffs-die-besten-aromen-fuer-internationalen-genuss\/\"]}]},{\"@type\":\"ImageObject\",\"inLanguage\":\"pl-PL\",\"@id\":\"https:\/\/vapingnet.de\/vape\/peach-ice-bang-tn-12000-puffs-die-besten-aromen-fuer-internationalen-genuss\/#primaryimage\",\"url\":\"https:\/\/vapingnet.de\/wp-content\/uploads\/2025\/04\/Peach-Ice.png\",\"contentUrl\":\"https:\/\/vapingnet.de\/wp-content\/uploads\/2025\/04\/Peach-Ice.png\",\"width\":1000,\"height\":1000},{\"@type\":\"BreadcrumbList\",\"@id\":\"https:\/\/vapingnet.de\/vape\/peach-ice-bang-tn-12000-puffs-die-besten-aromen-fuer-internationalen-genuss\/#breadcrumb\",\"itemListElement\":[{\"@type\":\"ListItem\",\"position\":1,\"name\":\"Home\",\"item\":\"https:\/\/vapingnet.de\/\"},{\"@type\":\"ListItem\",\"position\":2,\"name\":\"Shop\",\"item\":\"https:\/\/vapingnet.de\/vape\/\"},{\"@type\":\"ListItem\",\"position\":3,\"name\":\"Peach Ice Bang Tn 12000 Puffs Die besten Aromen f\u00fcr internationalen Genuss\"}]},{\"@type\":\"WebSite\",\"@id\":\"https:\/\/vapingnet.de\/#website\",\"url\":\"https:\/\/vapingnet.de\/\",\"name\":\"Vapingnet.de\",\"description\":\"\",\"publisher\":{\"@id\":\"https:\/\/vapingnet.de\/#organization\"},\"potentialAction\":[{\"@type\":\"SearchAction\",\"target\":{\"@type\":\"EntryPoint\",\"urlTemplate\":\"https:\/\/vapingnet.de\/?s={search_term_string}\"},\"query-input\":{\"@type\":\"PropertyValueSpecification\",\"valueRequired\":true,\"valueName\":\"search_term_string\"}}],\"inLanguage\":\"pl-PL\"},{\"@type\":\"Organization\",\"@id\":\"https:\/\/vapingnet.de\/#organization\",\"name\":\"Vapingnet.de\",\"url\":\"https:\/\/vapingnet.de\/\",\"logo\":{\"@type\":\"ImageObject\",\"inLanguage\":\"pl-PL\",\"@id\":\"https:\/\/vapingnet.de\/#\/schema\/logo\/image\/\",\"url\":\"https:\/\/vapingnet.de\/wp-content\/uploads\/2025\/03\/cropped-vapingnet.de_.jpg\",\"contentUrl\":\"https:\/\/vapingnet.de\/wp-content\/uploads\/2025\/03\/cropped-vapingnet.de_.jpg\",\"width\":512,\"height\":512,\"caption\":\"Vapingnet.de\"},\"image\":{\"@id\":\"https:\/\/vapingnet.de\/#\/schema\/logo\/image\/\"},\"sameAs\":[\"https:\/\/www.facebook.com\/vapingnetde\/\"]}]}<\/script>\n<!-- \/ Yoast SEO plugin. -->","yoast_head_json":{"title":"Peach Ice Bang Tn 12000 Puffs Die besten Aromen f\u00fcr internationalen Genuss | Vapingnet.de","description":"Entdecke Peach Ice Bang Tn 12000 Puffs Die besten Aromen f\u00fcr internationalen Genuss bei vapingnet.de, \u25ba Gro\u00dfe Auswahl an Geschmacksrichtungen & super g\u00fcnstig!","robots":{"index":"index","follow":"follow","max-snippet":"max-snippet:-1","max-image-preview":"max-image-preview:large","max-video-preview":"max-video-preview:-1"},"canonical":"https:\/\/vapingnet.de\/pl\/vape\/peach-ice-bang-tn-12000-puffs-die-besten-aromen-fuer-internationalen-genuss\/","og_locale":"pl_PL","og_type":"article","og_title":"Peach Ice Bang Tn 12000 Puffs Die besten Aromen f\u00fcr internationalen Genuss | Vapingnet.de","og_description":"Entdecke Peach Ice Bang Tn 12000 Puffs Die besten Aromen f\u00fcr internationalen Genuss bei vapingnet.de, \u25ba Gro\u00dfe Auswahl an Geschmacksrichtungen & super g\u00fcnstig!","og_url":"https:\/\/vapingnet.de\/pl\/vape\/peach-ice-bang-tn-12000-puffs-die-besten-aromen-fuer-internationalen-genuss\/","og_site_name":"Vapingnet.de","article_publisher":"https:\/\/www.facebook.com\/vapingnetde\/","article_modified_time":"2025-12-30T08:41:09+00:00","og_image":[{"width":1000,"height":1000,"url":"https:\/\/vapingnet.de\/wp-content\/uploads\/2025\/04\/Peach-Ice.png","type":"image\/png"}],"twitter_card":"summary_large_image","twitter_misc":{"Est. reading time":"3 minutes"},"schema":{"@context":"https:\/\/schema.org","@graph":[{"@type":"WebPage","@id":"https:\/\/vapingnet.de\/vape\/peach-ice-bang-tn-12000-puffs-die-besten-aromen-fuer-internationalen-genuss\/","url":"https:\/\/vapingnet.de\/vape\/peach-ice-bang-tn-12000-puffs-die-besten-aromen-fuer-internationalen-genuss\/","name":"Peach Ice Bang Tn 12000 Puffs Die besten Aromen f\u00fcr internationalen Genuss | Vapingnet.de","isPartOf":{"@id":"https:\/\/vapingnet.de\/#website"},"primaryImageOfPage":{"@id":"https:\/\/vapingnet.de\/vape\/peach-ice-bang-tn-12000-puffs-die-besten-aromen-fuer-internationalen-genuss\/#primaryimage"},"image":{"@id":"https:\/\/vapingnet.de\/vape\/peach-ice-bang-tn-12000-puffs-die-besten-aromen-fuer-internationalen-genuss\/#primaryimage"},"thumbnailUrl":"https:\/\/vapingnet.de\/wp-content\/uploads\/2025\/04\/Peach-Ice.png","datePublished":"2025-04-11T05:55:04+00:00","dateModified":"2025-12-30T08:41:09+00:00","description":"Entdecke Peach Ice Bang Tn 12000 Puffs Die besten Aromen f\u00fcr internationalen Genuss bei vapingnet.de, \u25ba Gro\u00dfe Auswahl an Geschmacksrichtungen & super g\u00fcnstig!","breadcrumb":{"@id":"https:\/\/vapingnet.de\/vape\/peach-ice-bang-tn-12000-puffs-die-besten-aromen-fuer-internationalen-genuss\/#breadcrumb"},"inLanguage":"pl-PL","potentialAction":[{"@type":"ReadAction","target":["https:\/\/vapingnet.de\/vape\/peach-ice-bang-tn-12000-puffs-die-besten-aromen-fuer-internationalen-genuss\/"]}]},{"@type":"ImageObject","inLanguage":"pl-PL","@id":"https:\/\/vapingnet.de\/vape\/peach-ice-bang-tn-12000-puffs-die-besten-aromen-fuer-internationalen-genuss\/#primaryimage","url":"https:\/\/vapingnet.de\/wp-content\/uploads\/2025\/04\/Peach-Ice.png","contentUrl":"https:\/\/vapingnet.de\/wp-content\/uploads\/2025\/04\/Peach-Ice.png","width":1000,"height":1000},{"@type":"BreadcrumbList","@id":"https:\/\/vapingnet.de\/vape\/peach-ice-bang-tn-12000-puffs-die-besten-aromen-fuer-internationalen-genuss\/#breadcrumb","itemListElement":[{"@type":"ListItem","position":1,"name":"Home","item":"https:\/\/vapingnet.de\/"},{"@type":"ListItem","position":2,"name":"Shop","item":"https:\/\/vapingnet.de\/vape\/"},{"@type":"ListItem","position":3,"name":"Peach Ice Bang Tn 12000 Puffs Die besten Aromen f\u00fcr internationalen Genuss"}]},{"@type":"WebSite","@id":"https:\/\/vapingnet.de\/#website","url":"https:\/\/vapingnet.de\/","name":"Vapingnet.de","description":"","publisher":{"@id":"https:\/\/vapingnet.de\/#organization"},"potentialAction":[{"@type":"SearchAction","target":{"@type":"EntryPoint","urlTemplate":"https:\/\/vapingnet.de\/?s={search_term_string}"},"query-input":{"@type":"PropertyValueSpecification","valueRequired":true,"valueName":"search_term_string"}}],"inLanguage":"pl-PL"},{"@type":"Organization","@id":"https:\/\/vapingnet.de\/#organization","name":"Vapingnet.de","url":"https:\/\/vapingnet.de\/","logo":{"@type":"ImageObject","inLanguage":"pl-PL","@id":"https:\/\/vapingnet.de\/#\/schema\/logo\/image\/","url":"https:\/\/vapingnet.de\/wp-content\/uploads\/2025\/03\/cropped-vapingnet.de_.jpg","contentUrl":"https:\/\/vapingnet.de\/wp-content\/uploads\/2025\/03\/cropped-vapingnet.de_.jpg","width":512,"height":512,"caption":"Vapingnet.de"},"image":{"@id":"https:\/\/vapingnet.de\/#\/schema\/logo\/image\/"},"sameAs":["https:\/\/www.facebook.com\/vapingnetde\/"]}]}},"tiered_pricing_type":"fixed","tiered_pricing_fixed_rules":{"10":"7.31","60":"6.58","110":"5.85","200":"5.12"},"tiered_pricing_product_settings":{"layout":"default","base_unit_name":{"singular":null,"plural":null},"default_variation":null},"tiered_pricing_minimum_quantity":null,"tiered_pricing_roles_data":[],"tiered_pricing_percentage_rules":[],"_links":{"self":[{"href":"https:\/\/vapingnet.de\/pl\/wp-json\/wp\/v2\/product\/6241","targetHints":{"allow":["GET"]}}],"collection":[{"href":"https:\/\/vapingnet.de\/pl\/wp-json\/wp\/v2\/product"}],"about":[{"href":"https:\/\/vapingnet.de\/pl\/wp-json\/wp\/v2\/types\/product"}],"version-history":[{"count":1,"href":"https:\/\/vapingnet.de\/pl\/wp-json\/wp\/v2\/product\/6241\/revisions"}],"predecessor-version":[{"id":6253,"href":"https:\/\/vapingnet.de\/pl\/wp-json\/wp\/v2\/product\/6241\/revisions\/6253"}],"wp:featuredmedia":[{"embeddable":true,"href":"https:\/\/vapingnet.de\/pl\/wp-json\/wp\/v2\/media\/6247"}],"wp:attachment":[{"href":"https:\/\/vapingnet.de\/pl\/wp-json\/wp\/v2\/media?parent=6241"}],"wp:term":[{"taxonomy":"brand","embeddable":true,"href":"https:\/\/vapingnet.de\/pl\/wp-json\/wp\/v2\/etheme_brands?post=6241"},{"taxonomy":"product_brand","embeddable":true,"href":"https:\/\/vapingnet.de\/pl\/wp-json\/wp\/v2\/product_brand?post=6241"},{"taxonomy":"product_cat","embeddable":true,"href":"https:\/\/vapingnet.de\/pl\/wp-json\/wp\/v2\/product_cat?post=6241"},{"taxonomy":"product_tag","embeddable":true,"href":"https:\/\/vapingnet.de\/pl\/wp-json\/wp\/v2\/product_tag?post=6241"}],"curies":[{"name":"wp","href":"https:\/\/api.w.org\/{rel}","templated":true}]}}