{"id":6242,"date":"2025-04-11T05:55:19","date_gmt":"2025-04-11T05:55:19","guid":{"rendered":"https:\/\/vapingnet.de\/?post_type=product&#038;p=6242"},"modified":"2025-12-30T08:41:01","modified_gmt":"2025-12-30T08:41:01","slug":"bang-tn-12000-puffs-mixed-fruit-geschmack-jetzt-weltweit-erhaeltlich","status":"publish","type":"product","link":"https:\/\/vapingnet.de\/pl\/vape\/bang-tn-12000-puffs-mixed-fruit-geschmack-jetzt-weltweit-erhaeltlich\/","title":{"rendered":"Bang Tn 12000 Puffs Mixed Fruit smak dost\u0119pny na ca\u0142ym \u015bwiecie"},"content":{"rendered":"<h2 data-start=\"0\" data-end=\"68\" data-immersive-translate-walked=\"4098eeb9-b934-4946-a4a3-df91369970b7\">Bang Tn 12000 Puffs \u2013 Jednorazowe urz\u0105dzenie do d\u0142ugotrwa\u0142ej przyjemno\u015bci<\/h2>\n<p class=\"\" data-start=\"70\" data-end=\"460\" data-immersive-translate-paragraph=\"1\" data-immersive-translate-walked=\"4098eeb9-b934-4946-a4a3-df91369970b7\">Bang Tn 12000 Puffs to jednorazowa e-papieros, stworzony specjalnie dla vaporyst\u00f3w poszukuj\u0105cych praktycznego, wydajnego i trwa\u0142ego produktu. Dzi\u0119ki imponuj\u0105cej pojemno\u015bci 20 ml p\u0142ynu i mo\u017cliwo\u015bci dostarczenia do 12 000 zaci\u0105gni\u0119\u0107, oferuje niezwykle d\u0142ugi czas u\u017cytkowania i intensywne doznania parowe.<\/p>\n<h4 data-start=\"462\" data-end=\"498\" data-immersive-translate-walked=\"4098eeb9-b934-4946-a4a3-df91369970b7\" data-immersive-translate-paragraph=\"1\">Moc i cechy techniczne<\/h4>\n<ul data-start=\"500\" data-end=\"1144\" data-immersive-translate-walked=\"4098eeb9-b934-4946-a4a3-df91369970b7\">\n<li class=\"\" data-start=\"500\" data-end=\"682\" data-immersive-translate-walked=\"4098eeb9-b934-4946-a4a3-df91369970b7\">\n<p class=\"\" data-start=\"502\" data-end=\"682\" data-immersive-translate-walked=\"4098eeb9-b934-4946-a4a3-df91369970b7\" data-immersive-translate-paragraph=\"1\">Bateria: Bateria 650mAh zapewnia, \u017ce Bang Tn 12000 Puffs mo\u017cna u\u017cywa\u0107 przez d\u0142ugi czas bez konieczno\u015bci ponownego \u0142adowania.<\/p>\n<\/li>\n<li class=\"\" data-start=\"683\" data-end=\"855\" data-immersive-translate-walked=\"4098eeb9-b934-4946-a4a3-df91369970b7\">\n<p class=\"\" data-start=\"685\" data-end=\"855\" data-immersive-translate-walked=\"4098eeb9-b934-4946-a4a3-df91369970b7\" data-immersive-translate-paragraph=\"1\">Grza\u0142ka Mesh: Przy oporze 1.2\u03a9, grza\u0142ka Mesh gwarantuje r\u00f3wnomierne odparowywanie, kt\u00f3re optymalnie wydobywa smak przy ka\u017cdym zaci\u0105gni\u0119ciu.<\/p>\n<\/li>\n<li class=\"\" data-start=\"856\" data-end=\"1012\" data-immersive-translate-walked=\"4098eeb9-b934-4946-a4a3-df91369970b7\">\n<p class=\"\" data-start=\"858\" data-end=\"1012\" data-immersive-translate-walked=\"4098eeb9-b934-4946-a4a3-df91369970b7\" data-immersive-translate-paragraph=\"1\">Z\u0142\u0105cze USB-C: Z\u0142\u0105cze USB-C umo\u017cliwia szybkie i proste \u0142adowanie urz\u0105dzenia z wej\u015bciow\u0105 moc\u0105 5 V, 1 A.<\/p>\n<\/li>\n<li class=\"\" data-start=\"1013\" data-end=\"1144\" data-immersive-translate-walked=\"4098eeb9-b934-4946-a4a3-df91369970b7\">\n<p class=\"\" data-start=\"1015\" data-end=\"1144\" data-immersive-translate-walked=\"4098eeb9-b934-4946-a4a3-df91369970b7\" data-immersive-translate-paragraph=\"1\">Materia\u0142: Wykonany z wytrzyma\u0142ego materia\u0142u PC, Bang Tn 12000 Puffs jest szczeg\u00f3lnie odporny i trwa\u0142y.<\/p>\n<\/li>\n<\/ul>\n<h4 data-start=\"1146\" data-end=\"1182\" data-immersive-translate-walked=\"4098eeb9-b934-4946-a4a3-df91369970b7\" data-immersive-translate-paragraph=\"1\">Do\u015bwiadczenie smakowe \u2013 Mixed Fruit<\/h4>\n<p class=\"\" data-start=\"1184\" data-end=\"1597\" data-immersive-translate-walked=\"4098eeb9-b934-4946-a4a3-df91369970b7\" data-immersive-translate-paragraph=\"1\">Smak Mixed Fruit to idealne po\u0142\u0105czenie r\u00f3\u017cnych nut owocowych, kt\u00f3re prowadzi do \u015bwie\u017cego, s\u0142odkiego i jednocze\u015bnie zr\u00f3wnowa\u017conego doznania smakowego. Ten smak jest szczeg\u00f3lnie odpowiedni dla vaporyst\u00f3w lubi\u0105cych owocowe aromaty i preferuj\u0105cych mieszank\u0119 r\u00f3\u017cnych owoc\u00f3w. Zr\u00f3wnowa\u017cony smak zapewnia przyjemne parowanie przez d\u0142ugi czas.<\/p>\n<h4 data-start=\"1599\" data-end=\"1618\" data-immersive-translate-walked=\"4098eeb9-b934-4946-a4a3-df91369970b7\" data-immersive-translate-paragraph=\"1\">Opcje nikotynowe<\/h4>\n<p class=\"\" data-start=\"1620\" data-end=\"1989\" data-immersive-translate-walked=\"4098eeb9-b934-4946-a4a3-df91369970b7\" data-immersive-translate-paragraph=\"1\">Bang Tn 12000 Puffs oferuje r\u00f3\u017cne st\u0119\u017cenia nikotyny: 0%, 2%, 3% i 5% nikotyny, dzi\u0119ki czemu ka\u017cdy vaporysta mo\u017ce wybra\u0107 odpowiedni\u0105 opcj\u0119. Niezale\u017cnie od tego, czy chcesz cieszy\u0107 si\u0119 parowaniem bez nikotyny, czy szukasz mocniejszego dozowania nikotyny, Bang Tn 12000 Puffs zapewnia odpowiedni\u0105 wersj\u0119 dla ka\u017cdego gustu i potrzeb.<\/p>\n<h4 data-start=\"1991\" data-end=\"2024\" data-immersive-translate-walked=\"4098eeb9-b934-4946-a4a3-df91369970b7\" data-immersive-translate-paragraph=\"1\">Zalety dla kupuj\u0105cych w Europie<\/h4>\n<ul data-start=\"2026\" data-end=\"2415\" data-immersive-translate-walked=\"4098eeb9-b934-4946-a4a3-df91369970b7\">\n<li class=\"\" data-start=\"2026\" data-end=\"2223\" data-immersive-translate-walked=\"4098eeb9-b934-4946-a4a3-df91369970b7\">\n<p class=\"\" data-start=\"2028\" data-end=\"2223\" data-immersive-translate-walked=\"4098eeb9-b934-4946-a4a3-df91369970b7\" data-immersive-translate-paragraph=\"1\">Bez c\u0142a: Zakup Bang Tn 12000 Puffs w Unii Europejskiej jest wolny od c\u0142a, co oznacza brak dodatkowych koszt\u00f3w i przejrzysty proces zakupu.<\/p>\n<\/li>\n<li class=\"\" data-start=\"2224\" data-end=\"2415\" data-immersive-translate-walked=\"4098eeb9-b934-4946-a4a3-df91369970b7\">\n<p class=\"\" data-start=\"2226\" data-end=\"2415\" data-immersive-translate-walked=\"4098eeb9-b934-4946-a4a3-df91369970b7\" data-immersive-translate-paragraph=\"1\">Szybka dostawa: Bang Tn 12000 Puffs jest zwykle dostarczany w ci\u0105gu 7 do 15 dni roboczych, co pozwala klientom na szybk\u0105 i niezawodn\u0105 dostaw\u0119.<\/p>\n<\/li>\n<\/ul>\n<h4 data-start=\"2417\" data-end=\"2441\" data-immersive-translate-walked=\"4098eeb9-b934-4946-a4a3-df91369970b7\" data-immersive-translate-paragraph=\"1\">Opcje zam\u00f3wienia<\/h4>\n<p class=\"\" data-start=\"2443\" data-end=\"2698\" data-immersive-translate-walked=\"4098eeb9-b934-4946-a4a3-df91369970b7\" data-immersive-translate-paragraph=\"1\">Bang Tn 12000 Puffs jest dost\u0119pny na vapingnet.de, uznanym sklepie internetowym oferuj\u0105cym szeroki wyb\u00f3r produkt\u00f3w dla vaporyst\u00f3w. Klienci mog\u0105 wygodnie zamawia\u0107 online i liczy\u0107 na bezpieczn\u0105 dostaw\u0119 bez ukrytych koszt\u00f3w.<\/p>\n<h3>Dlaczego Bang Tn 12000 Puffs to idealny wyb\u00f3r<\/h3>\n<p class=\"\" data-start=\"2757\" data-end=\"3358\" data-immersive-translate-walked=\"4098eeb9-b934-4946-a4a3-df91369970b7\" data-immersive-translate-paragraph=\"1\">Bang Tn 12000 Puffs to doskona\u0142y wyb\u00f3r dla vaporyst\u00f3w poszukuj\u0105cych wydajnej, trwa\u0142ej i przyjaznej dla u\u017cytkownika jednorazowej e-papierosa. Du\u017ca pojemno\u015b\u0107 p\u0142ynu, du\u017ca liczba zaci\u0105gni\u0119\u0107, \u015bwie\u017cy smak Mixed Fruit i r\u00f3\u017cne st\u0119\u017cenia nikotyny sprawiaj\u0105, \u017ce ten model jest niezb\u0119dnym produktem dla wszystkich, kt\u00f3rzy chc\u0105 cieszy\u0107 si\u0119 vapingiem na pe\u0142nych obrotach. Dzi\u0119ki prostemu zamawianiu i szybkiej dostawie przez vapingnet.de mo\u017cesz by\u0107 pewien, \u017ce otrzymujesz wysokiej jako\u015bci produkt, kt\u00f3ry b\u0119dzie Ci d\u0142ugo s\u0142u\u017cy\u0142.<\/p>","protected":false},"excerpt":{"rendered":"<p>Bang Tn 12000 Puffs \u2013 Urz\u0105dzenie jednorazowe na d\u0142ugotrwa\u0142\u0105 przyjemno\u015b\u0107. Bang Tn 12000 Puffs to jednorazowy e-papieros, stworzony specjalnie dla palaczy, kt\u00f3rzy...<\/p>","protected":false},"featured_media":6248,"template":"","meta":[],"etheme_brands":[],"product_brand":[101],"product_cat":[88,49,61],"product_tag":[],"class_list":{"0":"post-6242","1":"product","2":"type-product","3":"status-publish","4":"has-post-thumbnail","6":"product_brand-bang-king-vape","7":"product_cat-12k-vape","8":"product_cat-einweg-e-zigarette","9":"product_cat-f","11":"first","12":"instock","13":"shipping-taxable","14":"purchasable","15":"product-type-simple"},"yoast_head":"<!-- This site is optimized with the Yoast SEO plugin v26.5 - https:\/\/yoast.com\/wordpress\/plugins\/seo\/ -->\n<title>Bang Tn 12000 Puffs Mixed Fruit Geschmack jetzt weltweit erh\u00e4ltlich | Vapingnet.de<\/title>\n<meta name=\"description\" content=\"Entdecke Bang Tn 12000 Puffs Mixed Fruit Geschmack jetzt weltweit erh\u00e4ltlich bei vapingnet.de, \u25ba Gro\u00dfe Auswahl an Geschmacksrichtungen &amp; super g\u00fcnstig!\" \/>\n<meta name=\"robots\" content=\"index, follow, max-snippet:-1, max-image-preview:large, max-video-preview:-1\" \/>\n<link rel=\"canonical\" href=\"https:\/\/vapingnet.de\/pl\/vape\/bang-tn-12000-puffs-mixed-fruit-geschmack-jetzt-weltweit-erhaeltlich\/\" \/>\n<meta property=\"og:locale\" content=\"pl_PL\" \/>\n<meta property=\"og:type\" content=\"article\" \/>\n<meta property=\"og:title\" content=\"Bang Tn 12000 Puffs Mixed Fruit Geschmack jetzt weltweit erh\u00e4ltlich | Vapingnet.de\" \/>\n<meta property=\"og:description\" content=\"Entdecke Bang Tn 12000 Puffs Mixed Fruit Geschmack jetzt weltweit erh\u00e4ltlich bei vapingnet.de, \u25ba Gro\u00dfe Auswahl an Geschmacksrichtungen &amp; super g\u00fcnstig!\" \/>\n<meta property=\"og:url\" content=\"https:\/\/vapingnet.de\/pl\/vape\/bang-tn-12000-puffs-mixed-fruit-geschmack-jetzt-weltweit-erhaeltlich\/\" \/>\n<meta property=\"og:site_name\" content=\"Vapingnet.de\" \/>\n<meta property=\"article:publisher\" content=\"https:\/\/www.facebook.com\/vapingnetde\/\" \/>\n<meta property=\"article:modified_time\" content=\"2025-12-30T08:41:01+00:00\" \/>\n<meta property=\"og:image\" content=\"https:\/\/vapingnet.de\/wp-content\/uploads\/2025\/04\/Mixed-Fruit.png\" \/>\n\t<meta property=\"og:image:width\" content=\"1000\" \/>\n\t<meta property=\"og:image:height\" content=\"1000\" \/>\n\t<meta property=\"og:image:type\" content=\"image\/png\" \/>\n<meta name=\"twitter:card\" content=\"summary_large_image\" \/>\n<meta name=\"twitter:label1\" content=\"Est. reading time\" \/>\n\t<meta name=\"twitter:data1\" content=\"3 minutes\" \/>\n<script type=\"application\/ld+json\" class=\"yoast-schema-graph\">{\"@context\":\"https:\/\/schema.org\",\"@graph\":[{\"@type\":\"WebPage\",\"@id\":\"https:\/\/vapingnet.de\/vape\/bang-tn-12000-puffs-mixed-fruit-geschmack-jetzt-weltweit-erhaeltlich\/\",\"url\":\"https:\/\/vapingnet.de\/vape\/bang-tn-12000-puffs-mixed-fruit-geschmack-jetzt-weltweit-erhaeltlich\/\",\"name\":\"Bang Tn 12000 Puffs Mixed Fruit Geschmack jetzt weltweit erh\u00e4ltlich | Vapingnet.de\",\"isPartOf\":{\"@id\":\"https:\/\/vapingnet.de\/#website\"},\"primaryImageOfPage\":{\"@id\":\"https:\/\/vapingnet.de\/vape\/bang-tn-12000-puffs-mixed-fruit-geschmack-jetzt-weltweit-erhaeltlich\/#primaryimage\"},\"image\":{\"@id\":\"https:\/\/vapingnet.de\/vape\/bang-tn-12000-puffs-mixed-fruit-geschmack-jetzt-weltweit-erhaeltlich\/#primaryimage\"},\"thumbnailUrl\":\"https:\/\/vapingnet.de\/wp-content\/uploads\/2025\/04\/Mixed-Fruit.png\",\"datePublished\":\"2025-04-11T05:55:19+00:00\",\"dateModified\":\"2025-12-30T08:41:01+00:00\",\"description\":\"Entdecke Bang Tn 12000 Puffs Mixed Fruit Geschmack jetzt weltweit erh\u00e4ltlich bei vapingnet.de, \u25ba Gro\u00dfe Auswahl an Geschmacksrichtungen & super g\u00fcnstig!\",\"breadcrumb\":{\"@id\":\"https:\/\/vapingnet.de\/vape\/bang-tn-12000-puffs-mixed-fruit-geschmack-jetzt-weltweit-erhaeltlich\/#breadcrumb\"},\"inLanguage\":\"pl-PL\",\"potentialAction\":[{\"@type\":\"ReadAction\",\"target\":[\"https:\/\/vapingnet.de\/vape\/bang-tn-12000-puffs-mixed-fruit-geschmack-jetzt-weltweit-erhaeltlich\/\"]}]},{\"@type\":\"ImageObject\",\"inLanguage\":\"pl-PL\",\"@id\":\"https:\/\/vapingnet.de\/vape\/bang-tn-12000-puffs-mixed-fruit-geschmack-jetzt-weltweit-erhaeltlich\/#primaryimage\",\"url\":\"https:\/\/vapingnet.de\/wp-content\/uploads\/2025\/04\/Mixed-Fruit.png\",\"contentUrl\":\"https:\/\/vapingnet.de\/wp-content\/uploads\/2025\/04\/Mixed-Fruit.png\",\"width\":1000,\"height\":1000},{\"@type\":\"BreadcrumbList\",\"@id\":\"https:\/\/vapingnet.de\/vape\/bang-tn-12000-puffs-mixed-fruit-geschmack-jetzt-weltweit-erhaeltlich\/#breadcrumb\",\"itemListElement\":[{\"@type\":\"ListItem\",\"position\":1,\"name\":\"Home\",\"item\":\"https:\/\/vapingnet.de\/\"},{\"@type\":\"ListItem\",\"position\":2,\"name\":\"Shop\",\"item\":\"https:\/\/vapingnet.de\/vape\/\"},{\"@type\":\"ListItem\",\"position\":3,\"name\":\"Bang Tn 12000 Puffs Mixed Fruit Geschmack jetzt weltweit erh\u00e4ltlich\"}]},{\"@type\":\"WebSite\",\"@id\":\"https:\/\/vapingnet.de\/#website\",\"url\":\"https:\/\/vapingnet.de\/\",\"name\":\"Vapingnet.de\",\"description\":\"\",\"publisher\":{\"@id\":\"https:\/\/vapingnet.de\/#organization\"},\"potentialAction\":[{\"@type\":\"SearchAction\",\"target\":{\"@type\":\"EntryPoint\",\"urlTemplate\":\"https:\/\/vapingnet.de\/?s={search_term_string}\"},\"query-input\":{\"@type\":\"PropertyValueSpecification\",\"valueRequired\":true,\"valueName\":\"search_term_string\"}}],\"inLanguage\":\"pl-PL\"},{\"@type\":\"Organization\",\"@id\":\"https:\/\/vapingnet.de\/#organization\",\"name\":\"Vapingnet.de\",\"url\":\"https:\/\/vapingnet.de\/\",\"logo\":{\"@type\":\"ImageObject\",\"inLanguage\":\"pl-PL\",\"@id\":\"https:\/\/vapingnet.de\/#\/schema\/logo\/image\/\",\"url\":\"https:\/\/vapingnet.de\/wp-content\/uploads\/2025\/03\/cropped-vapingnet.de_.jpg\",\"contentUrl\":\"https:\/\/vapingnet.de\/wp-content\/uploads\/2025\/03\/cropped-vapingnet.de_.jpg\",\"width\":512,\"height\":512,\"caption\":\"Vapingnet.de\"},\"image\":{\"@id\":\"https:\/\/vapingnet.de\/#\/schema\/logo\/image\/\"},\"sameAs\":[\"https:\/\/www.facebook.com\/vapingnetde\/\"]}]}<\/script>\n<!-- \/ Yoast SEO plugin. -->","yoast_head_json":{"title":"Bang Tn 12000 Puffs Mixed Fruit Geschmack jetzt weltweit erh\u00e4ltlich | Vapingnet.de","description":"Entdecke Bang Tn 12000 Puffs Mixed Fruit Geschmack jetzt weltweit erh\u00e4ltlich bei vapingnet.de, \u25ba Gro\u00dfe Auswahl an Geschmacksrichtungen & super g\u00fcnstig!","robots":{"index":"index","follow":"follow","max-snippet":"max-snippet:-1","max-image-preview":"max-image-preview:large","max-video-preview":"max-video-preview:-1"},"canonical":"https:\/\/vapingnet.de\/pl\/vape\/bang-tn-12000-puffs-mixed-fruit-geschmack-jetzt-weltweit-erhaeltlich\/","og_locale":"pl_PL","og_type":"article","og_title":"Bang Tn 12000 Puffs Mixed Fruit Geschmack jetzt weltweit erh\u00e4ltlich | Vapingnet.de","og_description":"Entdecke Bang Tn 12000 Puffs Mixed Fruit Geschmack jetzt weltweit erh\u00e4ltlich bei vapingnet.de, \u25ba Gro\u00dfe Auswahl an Geschmacksrichtungen & super g\u00fcnstig!","og_url":"https:\/\/vapingnet.de\/pl\/vape\/bang-tn-12000-puffs-mixed-fruit-geschmack-jetzt-weltweit-erhaeltlich\/","og_site_name":"Vapingnet.de","article_publisher":"https:\/\/www.facebook.com\/vapingnetde\/","article_modified_time":"2025-12-30T08:41:01+00:00","og_image":[{"width":1000,"height":1000,"url":"https:\/\/vapingnet.de\/wp-content\/uploads\/2025\/04\/Mixed-Fruit.png","type":"image\/png"}],"twitter_card":"summary_large_image","twitter_misc":{"Est. reading time":"3 minutes"},"schema":{"@context":"https:\/\/schema.org","@graph":[{"@type":"WebPage","@id":"https:\/\/vapingnet.de\/vape\/bang-tn-12000-puffs-mixed-fruit-geschmack-jetzt-weltweit-erhaeltlich\/","url":"https:\/\/vapingnet.de\/vape\/bang-tn-12000-puffs-mixed-fruit-geschmack-jetzt-weltweit-erhaeltlich\/","name":"Bang Tn 12000 Puffs Mixed Fruit Geschmack jetzt weltweit erh\u00e4ltlich | Vapingnet.de","isPartOf":{"@id":"https:\/\/vapingnet.de\/#website"},"primaryImageOfPage":{"@id":"https:\/\/vapingnet.de\/vape\/bang-tn-12000-puffs-mixed-fruit-geschmack-jetzt-weltweit-erhaeltlich\/#primaryimage"},"image":{"@id":"https:\/\/vapingnet.de\/vape\/bang-tn-12000-puffs-mixed-fruit-geschmack-jetzt-weltweit-erhaeltlich\/#primaryimage"},"thumbnailUrl":"https:\/\/vapingnet.de\/wp-content\/uploads\/2025\/04\/Mixed-Fruit.png","datePublished":"2025-04-11T05:55:19+00:00","dateModified":"2025-12-30T08:41:01+00:00","description":"Entdecke Bang Tn 12000 Puffs Mixed Fruit Geschmack jetzt weltweit erh\u00e4ltlich bei vapingnet.de, \u25ba Gro\u00dfe Auswahl an Geschmacksrichtungen & super g\u00fcnstig!","breadcrumb":{"@id":"https:\/\/vapingnet.de\/vape\/bang-tn-12000-puffs-mixed-fruit-geschmack-jetzt-weltweit-erhaeltlich\/#breadcrumb"},"inLanguage":"pl-PL","potentialAction":[{"@type":"ReadAction","target":["https:\/\/vapingnet.de\/vape\/bang-tn-12000-puffs-mixed-fruit-geschmack-jetzt-weltweit-erhaeltlich\/"]}]},{"@type":"ImageObject","inLanguage":"pl-PL","@id":"https:\/\/vapingnet.de\/vape\/bang-tn-12000-puffs-mixed-fruit-geschmack-jetzt-weltweit-erhaeltlich\/#primaryimage","url":"https:\/\/vapingnet.de\/wp-content\/uploads\/2025\/04\/Mixed-Fruit.png","contentUrl":"https:\/\/vapingnet.de\/wp-content\/uploads\/2025\/04\/Mixed-Fruit.png","width":1000,"height":1000},{"@type":"BreadcrumbList","@id":"https:\/\/vapingnet.de\/vape\/bang-tn-12000-puffs-mixed-fruit-geschmack-jetzt-weltweit-erhaeltlich\/#breadcrumb","itemListElement":[{"@type":"ListItem","position":1,"name":"Home","item":"https:\/\/vapingnet.de\/"},{"@type":"ListItem","position":2,"name":"Shop","item":"https:\/\/vapingnet.de\/vape\/"},{"@type":"ListItem","position":3,"name":"Bang Tn 12000 Puffs Mixed Fruit Geschmack jetzt weltweit erh\u00e4ltlich"}]},{"@type":"WebSite","@id":"https:\/\/vapingnet.de\/#website","url":"https:\/\/vapingnet.de\/","name":"Vapingnet.de","description":"","publisher":{"@id":"https:\/\/vapingnet.de\/#organization"},"potentialAction":[{"@type":"SearchAction","target":{"@type":"EntryPoint","urlTemplate":"https:\/\/vapingnet.de\/?s={search_term_string}"},"query-input":{"@type":"PropertyValueSpecification","valueRequired":true,"valueName":"search_term_string"}}],"inLanguage":"pl-PL"},{"@type":"Organization","@id":"https:\/\/vapingnet.de\/#organization","name":"Vapingnet.de","url":"https:\/\/vapingnet.de\/","logo":{"@type":"ImageObject","inLanguage":"pl-PL","@id":"https:\/\/vapingnet.de\/#\/schema\/logo\/image\/","url":"https:\/\/vapingnet.de\/wp-content\/uploads\/2025\/03\/cropped-vapingnet.de_.jpg","contentUrl":"https:\/\/vapingnet.de\/wp-content\/uploads\/2025\/03\/cropped-vapingnet.de_.jpg","width":512,"height":512,"caption":"Vapingnet.de"},"image":{"@id":"https:\/\/vapingnet.de\/#\/schema\/logo\/image\/"},"sameAs":["https:\/\/www.facebook.com\/vapingnetde\/"]}]}},"tiered_pricing_type":"fixed","tiered_pricing_fixed_rules":{"10":"7.31","60":"6.58","110":"5.85","200":"5.12"},"tiered_pricing_product_settings":{"layout":"default","base_unit_name":{"singular":null,"plural":null},"default_variation":null},"tiered_pricing_minimum_quantity":null,"tiered_pricing_roles_data":[],"tiered_pricing_percentage_rules":[],"_links":{"self":[{"href":"https:\/\/vapingnet.de\/pl\/wp-json\/wp\/v2\/product\/6242","targetHints":{"allow":["GET"]}}],"collection":[{"href":"https:\/\/vapingnet.de\/pl\/wp-json\/wp\/v2\/product"}],"about":[{"href":"https:\/\/vapingnet.de\/pl\/wp-json\/wp\/v2\/types\/product"}],"version-history":[{"count":1,"href":"https:\/\/vapingnet.de\/pl\/wp-json\/wp\/v2\/product\/6242\/revisions"}],"predecessor-version":[{"id":6254,"href":"https:\/\/vapingnet.de\/pl\/wp-json\/wp\/v2\/product\/6242\/revisions\/6254"}],"wp:featuredmedia":[{"embeddable":true,"href":"https:\/\/vapingnet.de\/pl\/wp-json\/wp\/v2\/media\/6248"}],"wp:attachment":[{"href":"https:\/\/vapingnet.de\/pl\/wp-json\/wp\/v2\/media?parent=6242"}],"wp:term":[{"taxonomy":"brand","embeddable":true,"href":"https:\/\/vapingnet.de\/pl\/wp-json\/wp\/v2\/etheme_brands?post=6242"},{"taxonomy":"product_brand","embeddable":true,"href":"https:\/\/vapingnet.de\/pl\/wp-json\/wp\/v2\/product_brand?post=6242"},{"taxonomy":"product_cat","embeddable":true,"href":"https:\/\/vapingnet.de\/pl\/wp-json\/wp\/v2\/product_cat?post=6242"},{"taxonomy":"product_tag","embeddable":true,"href":"https:\/\/vapingnet.de\/pl\/wp-json\/wp\/v2\/product_tag?post=6242"}],"curies":[{"name":"wp","href":"https:\/\/api.w.org\/{rel}","templated":true}]}}