{"id":6243,"date":"2025-04-11T05:55:20","date_gmt":"2025-04-11T05:55:20","guid":{"rendered":"https:\/\/vapingnet.de\/?post_type=product&#038;p=6243"},"modified":"2025-12-30T08:40:51","modified_gmt":"2025-12-30T08:40:51","slug":"grape-ice-bang-tn-12000-puffs-high-quality-und-ohne-zollkosten","status":"publish","type":"product","link":"https:\/\/vapingnet.de\/pl\/vape\/grape-ice-bang-tn-12000-puffs-high-quality-und-ohne-zollkosten\/","title":{"rendered":"Grape Ice Bang Tn 12000 Puffs Wysoka jako\u015b\u0107 i bez op\u0142at celnych"},"content":{"rendered":"<p class=\"\" data-start=\"0\" data-end=\"503\">Jednorazowa e-papieros Bang Tn 12000 Puffs wyznacza nowe standardy dla palaczy, kt\u00f3rzy poszukuj\u0105 trwa\u0142ego i wydajnego rozwi\u0105zania. Z pojemno\u015bci\u0105 20 ml p\u0142ynu i mo\u017cliwo\u015bci\u0105 wykonania do 12 000 poci\u0105gni\u0119\u0107, ten model oferuje niezwykle du\u017co przyjemno\u015bci z chmur. Po\u0142\u0105czony z unikalnym smakiem Grape Ice i r\u00f3\u017cnymi poziomami nikotyny, jest idealnym wyborem dla palaczy, kt\u00f3rzy ceni\u0105 sobie zar\u00f3wno komfort, jak i intensywne doznania podczas vapowania.<\/p>\n<h2 data-start=\"505\" data-end=\"555\">Wa\u017cne cechy Bang Tn 12000 Puffs<\/h2>\n<p class=\"\" data-start=\"557\" data-end=\"875\">D\u0142ugi czas u\u017cytkowania<br data-start=\"580\" data-end=\"583\" \/>Bang Tn 12000 Puffs wyr\u00f3\u017cnia si\u0119 swoj\u0105 niezwyk\u0142\u0105 pojemno\u015bci\u0105. Z bateri\u0105 o pojemno\u015bci 650mAh mo\u017cesz cieszy\u0107 si\u0119 do 12 000 poci\u0105gni\u0119\u0107, zanim bateria si\u0119 wyczerpie. Czyni to urz\u0105dzenie idealnym towarzyszem na d\u0142u\u017csze sesje vapowania lub do u\u017cytku w podr\u00f3\u017cy.<\/p>\n<p class=\"\" data-start=\"877\" data-end=\"1125\">Ulepszona jako\u015b\u0107 pary<br data-start=\"906\" data-end=\"909\" \/>Mesh-spirala o oporze 1.2\u03a9 zapewnia r\u00f3wnomierne odparowywanie, kt\u00f3re utrzymuje intensywny i sta\u0142y smak. Oznacza to, \u017ce ka\u017cde poci\u0105gni\u0119cie zapewnia jednolite, wysokiej jako\u015bci do\u015bwiadczenie vapowania.<\/p>\n<p class=\"\" data-start=\"1127\" data-end=\"1480\">Do\u015bwiadczenie smakowe<br data-start=\"1149\" data-end=\"1152\" \/>Smak Grape Ice wprowadza orze\u017awiaj\u0105c\u0105 mieszank\u0119 s\u0142odkich winogron i ch\u0142odz\u0105cego mentolu. To idealny smak dla tych, kt\u00f3rzy wol\u0105 owocowe, ale tak\u017ce orze\u017awiaj\u0105co ch\u0142odne chmury. Smak pozostaje intensywny przez ca\u0142y czas u\u017cytkowania, co czyni vapowanie prawdziw\u0105 przyjemno\u015bci\u0105.<\/p>\n<p class=\"\" data-start=\"1482\" data-end=\"1746\">Wszechstronne opcje nikotynowe<br data-start=\"1513\" data-end=\"1516\" \/>Niezale\u017cnie od tego, czy chcesz spo\u017cywa\u0107 nikotyn\u0119, czy nie, Bang Tn 12000 Puffs oferuje szeroki wyb\u00f3r opcji: nikotyn\u0119 0%, 2%, 3% i 5%. Dzi\u0119ki temu mo\u017cesz wybra\u0107 dok\u0142adnie poziom nikotyny, kt\u00f3ry jest dla Ciebie najwygodniejszy.<\/p>\n<h4 data-start=\"1748\" data-end=\"1783\">Korzy\u015bci dla klient\u00f3w z Europy<\/h4>\n<p class=\"\" data-start=\"1785\" data-end=\"1906\">Bang Tn 12000 Puffs to doskona\u0142y wyb\u00f3r dla palaczy w Europie, poniewa\u017c oferuje kilka istotnych zalet:<\/p>\n<ul data-start=\"1908\" data-end=\"2335\">\n<li class=\"\" data-start=\"1908\" data-end=\"2121\">\n<p class=\"\" data-start=\"1910\" data-end=\"2121\">Bez c\u0142a: Kupuj\u0105c ten produkt, nie ponosisz dodatkowych op\u0142at celnych, poniewa\u017c jest dost\u0119pny w Unii Europejskiej. Gwarantuje to bezproblemowe zakupy bez ukrytych koszt\u00f3w.<\/p>\n<\/li>\n<li class=\"\" data-start=\"2122\" data-end=\"2335\">\n<p class=\"\" data-start=\"2124\" data-end=\"2335\">Szybka dostawa: Z czasem realizacji od 7 do 15 dni roboczych, otrzymasz swoje zam\u00f3wienie szybko i niezawodnie. To szczeg\u00f3lnie wa\u017cne, je\u015bli nie chcesz d\u0142ugo czeka\u0107 na nowy produkt.<\/p>\n<\/li>\n<\/ul>\n<h3>Gdzie mo\u017cna kupi\u0107 Bang Tn 12000 Puffs<\/h3>\n<p class=\"\" data-start=\"2387\" data-end=\"2699\">Bang Tn 12000 Puffs jest dost\u0119pny na stronie internetowej vapingnet.de. Ten sklep internetowy oferuje przyjazn\u0105 dla u\u017cytkownika platform\u0119, na kt\u00f3rej mo\u017cesz bezpiecznie i wygodnie zam\u00f3wi\u0107 produkt. Tam korzystasz nie tylko z szybkiej dostawy, ale tak\u017ce z niezawodnej obs\u0142ugi klienta.<\/p>\n<h4>Dlaczego Bang Tn 12000 Puffs jest idealnym wyborem dla palaczy<\/h4>\n<p class=\"\" data-start=\"2712\" data-end=\"3155\">Bang Tn 12000 Puffs oferuje doskona\u0142e po\u0142\u0105czenie d\u0142ugotrwa\u0142ego u\u017cytkowania, intensywnego smaku i wygodnej obs\u0142ugi. Smak Grape Ice i r\u00f3\u017cne poziomy nikotyny sprawiaj\u0105, \u017ce jest to \u015bwietny wyb\u00f3r dla palaczy poszukuj\u0105cych wszechstronnego i d\u0142ugotrwa\u0142ego do\u015bwiadczenia vapowania. Zam\u00f3w ju\u017c dzi\u015b na vapingnet.de i ciesz si\u0119 szybk\u0105 dostaw\u0105 oraz prostym procesem zakupu.<\/p>","protected":false},"excerpt":{"rendered":"<p>Die Bang Tn 12000 Puffs Einweg-E-Zigarette setzt neue Ma\u00dfst\u00e4be f\u00fcr Dampfer, die auf der Suche nach einer langlebigen und leistungsstarken L\u00f6sung sind. Mit einer Kapazit\u00e4t&#8230;<\/p>","protected":false},"featured_media":6249,"template":"","meta":[],"etheme_brands":[],"product_brand":[101],"product_cat":[88,49,61],"product_tag":[],"class_list":{"0":"post-6243","1":"product","2":"type-product","3":"status-publish","4":"has-post-thumbnail","6":"product_brand-bang-king-vape","7":"product_cat-12k-vape","8":"product_cat-einweg-e-zigarette","9":"product_cat-f","11":"first","12":"instock","13":"shipping-taxable","14":"purchasable","15":"product-type-simple"},"yoast_head":"<!-- This site is optimized with the Yoast SEO plugin v26.5 - https:\/\/yoast.com\/wordpress\/plugins\/seo\/ -->\n<title>Grape Ice Bang Tn 12000 Puffs High Quality und ohne Zollkosten | Vapingnet.de<\/title>\n<meta name=\"description\" content=\"Entdecke Grape Ice Bang Tn 12000 Puffs High Quality und ohne Zollkosten bei vapingnet.de, \u25ba Gro\u00dfe Auswahl an Geschmacksrichtungen &amp; super g\u00fcnstig!\" \/>\n<meta name=\"robots\" content=\"index, follow, max-snippet:-1, max-image-preview:large, max-video-preview:-1\" \/>\n<link rel=\"canonical\" href=\"https:\/\/vapingnet.de\/pl\/vape\/grape-ice-bang-tn-12000-puffs-high-quality-und-ohne-zollkosten\/\" \/>\n<meta property=\"og:locale\" content=\"pl_PL\" \/>\n<meta property=\"og:type\" content=\"article\" \/>\n<meta property=\"og:title\" content=\"Grape Ice Bang Tn 12000 Puffs High Quality und ohne Zollkosten | Vapingnet.de\" \/>\n<meta property=\"og:description\" content=\"Entdecke Grape Ice Bang Tn 12000 Puffs High Quality und ohne Zollkosten bei vapingnet.de, \u25ba Gro\u00dfe Auswahl an Geschmacksrichtungen &amp; super g\u00fcnstig!\" \/>\n<meta property=\"og:url\" content=\"https:\/\/vapingnet.de\/pl\/vape\/grape-ice-bang-tn-12000-puffs-high-quality-und-ohne-zollkosten\/\" \/>\n<meta property=\"og:site_name\" content=\"Vapingnet.de\" \/>\n<meta property=\"article:publisher\" content=\"https:\/\/www.facebook.com\/vapingnetde\/\" \/>\n<meta property=\"article:modified_time\" content=\"2025-12-30T08:40:51+00:00\" \/>\n<meta property=\"og:image\" content=\"https:\/\/vapingnet.de\/wp-content\/uploads\/2025\/04\/Grape-Ice.png\" \/>\n\t<meta property=\"og:image:width\" content=\"1000\" \/>\n\t<meta property=\"og:image:height\" content=\"1000\" \/>\n\t<meta property=\"og:image:type\" content=\"image\/png\" \/>\n<meta name=\"twitter:card\" content=\"summary_large_image\" \/>\n<meta name=\"twitter:label1\" content=\"Est. reading time\" \/>\n\t<meta name=\"twitter:data1\" content=\"3 minutes\" \/>\n<script type=\"application\/ld+json\" class=\"yoast-schema-graph\">{\"@context\":\"https:\/\/schema.org\",\"@graph\":[{\"@type\":\"WebPage\",\"@id\":\"https:\/\/vapingnet.de\/vape\/grape-ice-bang-tn-12000-puffs-high-quality-und-ohne-zollkosten\/\",\"url\":\"https:\/\/vapingnet.de\/vape\/grape-ice-bang-tn-12000-puffs-high-quality-und-ohne-zollkosten\/\",\"name\":\"Grape Ice Bang Tn 12000 Puffs High Quality und ohne Zollkosten | Vapingnet.de\",\"isPartOf\":{\"@id\":\"https:\/\/vapingnet.de\/#website\"},\"primaryImageOfPage\":{\"@id\":\"https:\/\/vapingnet.de\/vape\/grape-ice-bang-tn-12000-puffs-high-quality-und-ohne-zollkosten\/#primaryimage\"},\"image\":{\"@id\":\"https:\/\/vapingnet.de\/vape\/grape-ice-bang-tn-12000-puffs-high-quality-und-ohne-zollkosten\/#primaryimage\"},\"thumbnailUrl\":\"https:\/\/vapingnet.de\/wp-content\/uploads\/2025\/04\/Grape-Ice.png\",\"datePublished\":\"2025-04-11T05:55:20+00:00\",\"dateModified\":\"2025-12-30T08:40:51+00:00\",\"description\":\"Entdecke Grape Ice Bang Tn 12000 Puffs High Quality und ohne Zollkosten bei vapingnet.de, \u25ba Gro\u00dfe Auswahl an Geschmacksrichtungen & super g\u00fcnstig!\",\"breadcrumb\":{\"@id\":\"https:\/\/vapingnet.de\/vape\/grape-ice-bang-tn-12000-puffs-high-quality-und-ohne-zollkosten\/#breadcrumb\"},\"inLanguage\":\"pl-PL\",\"potentialAction\":[{\"@type\":\"ReadAction\",\"target\":[\"https:\/\/vapingnet.de\/vape\/grape-ice-bang-tn-12000-puffs-high-quality-und-ohne-zollkosten\/\"]}]},{\"@type\":\"ImageObject\",\"inLanguage\":\"pl-PL\",\"@id\":\"https:\/\/vapingnet.de\/vape\/grape-ice-bang-tn-12000-puffs-high-quality-und-ohne-zollkosten\/#primaryimage\",\"url\":\"https:\/\/vapingnet.de\/wp-content\/uploads\/2025\/04\/Grape-Ice.png\",\"contentUrl\":\"https:\/\/vapingnet.de\/wp-content\/uploads\/2025\/04\/Grape-Ice.png\",\"width\":1000,\"height\":1000},{\"@type\":\"BreadcrumbList\",\"@id\":\"https:\/\/vapingnet.de\/vape\/grape-ice-bang-tn-12000-puffs-high-quality-und-ohne-zollkosten\/#breadcrumb\",\"itemListElement\":[{\"@type\":\"ListItem\",\"position\":1,\"name\":\"Home\",\"item\":\"https:\/\/vapingnet.de\/\"},{\"@type\":\"ListItem\",\"position\":2,\"name\":\"Shop\",\"item\":\"https:\/\/vapingnet.de\/vape\/\"},{\"@type\":\"ListItem\",\"position\":3,\"name\":\"Grape Ice Bang Tn 12000 Puffs High Quality und ohne Zollkosten\"}]},{\"@type\":\"WebSite\",\"@id\":\"https:\/\/vapingnet.de\/#website\",\"url\":\"https:\/\/vapingnet.de\/\",\"name\":\"Vapingnet.de\",\"description\":\"\",\"publisher\":{\"@id\":\"https:\/\/vapingnet.de\/#organization\"},\"potentialAction\":[{\"@type\":\"SearchAction\",\"target\":{\"@type\":\"EntryPoint\",\"urlTemplate\":\"https:\/\/vapingnet.de\/?s={search_term_string}\"},\"query-input\":{\"@type\":\"PropertyValueSpecification\",\"valueRequired\":true,\"valueName\":\"search_term_string\"}}],\"inLanguage\":\"pl-PL\"},{\"@type\":\"Organization\",\"@id\":\"https:\/\/vapingnet.de\/#organization\",\"name\":\"Vapingnet.de\",\"url\":\"https:\/\/vapingnet.de\/\",\"logo\":{\"@type\":\"ImageObject\",\"inLanguage\":\"pl-PL\",\"@id\":\"https:\/\/vapingnet.de\/#\/schema\/logo\/image\/\",\"url\":\"https:\/\/vapingnet.de\/wp-content\/uploads\/2025\/03\/cropped-vapingnet.de_.jpg\",\"contentUrl\":\"https:\/\/vapingnet.de\/wp-content\/uploads\/2025\/03\/cropped-vapingnet.de_.jpg\",\"width\":512,\"height\":512,\"caption\":\"Vapingnet.de\"},\"image\":{\"@id\":\"https:\/\/vapingnet.de\/#\/schema\/logo\/image\/\"},\"sameAs\":[\"https:\/\/www.facebook.com\/vapingnetde\/\"]}]}<\/script>\n<!-- \/ Yoast SEO plugin. -->","yoast_head_json":{"title":"Grape Ice Bang Tn 12000 Puffs High Quality und ohne Zollkosten | Vapingnet.de","description":"Entdecke Grape Ice Bang Tn 12000 Puffs High Quality und ohne Zollkosten bei vapingnet.de, \u25ba Gro\u00dfe Auswahl an Geschmacksrichtungen & super g\u00fcnstig!","robots":{"index":"index","follow":"follow","max-snippet":"max-snippet:-1","max-image-preview":"max-image-preview:large","max-video-preview":"max-video-preview:-1"},"canonical":"https:\/\/vapingnet.de\/pl\/vape\/grape-ice-bang-tn-12000-puffs-high-quality-und-ohne-zollkosten\/","og_locale":"pl_PL","og_type":"article","og_title":"Grape Ice Bang Tn 12000 Puffs High Quality und ohne Zollkosten | Vapingnet.de","og_description":"Entdecke Grape Ice Bang Tn 12000 Puffs High Quality und ohne Zollkosten bei vapingnet.de, \u25ba Gro\u00dfe Auswahl an Geschmacksrichtungen & super g\u00fcnstig!","og_url":"https:\/\/vapingnet.de\/pl\/vape\/grape-ice-bang-tn-12000-puffs-high-quality-und-ohne-zollkosten\/","og_site_name":"Vapingnet.de","article_publisher":"https:\/\/www.facebook.com\/vapingnetde\/","article_modified_time":"2025-12-30T08:40:51+00:00","og_image":[{"width":1000,"height":1000,"url":"https:\/\/vapingnet.de\/wp-content\/uploads\/2025\/04\/Grape-Ice.png","type":"image\/png"}],"twitter_card":"summary_large_image","twitter_misc":{"Est. reading time":"3 minutes"},"schema":{"@context":"https:\/\/schema.org","@graph":[{"@type":"WebPage","@id":"https:\/\/vapingnet.de\/vape\/grape-ice-bang-tn-12000-puffs-high-quality-und-ohne-zollkosten\/","url":"https:\/\/vapingnet.de\/vape\/grape-ice-bang-tn-12000-puffs-high-quality-und-ohne-zollkosten\/","name":"Grape Ice Bang Tn 12000 Puffs High Quality und ohne Zollkosten | Vapingnet.de","isPartOf":{"@id":"https:\/\/vapingnet.de\/#website"},"primaryImageOfPage":{"@id":"https:\/\/vapingnet.de\/vape\/grape-ice-bang-tn-12000-puffs-high-quality-und-ohne-zollkosten\/#primaryimage"},"image":{"@id":"https:\/\/vapingnet.de\/vape\/grape-ice-bang-tn-12000-puffs-high-quality-und-ohne-zollkosten\/#primaryimage"},"thumbnailUrl":"https:\/\/vapingnet.de\/wp-content\/uploads\/2025\/04\/Grape-Ice.png","datePublished":"2025-04-11T05:55:20+00:00","dateModified":"2025-12-30T08:40:51+00:00","description":"Entdecke Grape Ice Bang Tn 12000 Puffs High Quality und ohne Zollkosten bei vapingnet.de, \u25ba Gro\u00dfe Auswahl an Geschmacksrichtungen & super g\u00fcnstig!","breadcrumb":{"@id":"https:\/\/vapingnet.de\/vape\/grape-ice-bang-tn-12000-puffs-high-quality-und-ohne-zollkosten\/#breadcrumb"},"inLanguage":"pl-PL","potentialAction":[{"@type":"ReadAction","target":["https:\/\/vapingnet.de\/vape\/grape-ice-bang-tn-12000-puffs-high-quality-und-ohne-zollkosten\/"]}]},{"@type":"ImageObject","inLanguage":"pl-PL","@id":"https:\/\/vapingnet.de\/vape\/grape-ice-bang-tn-12000-puffs-high-quality-und-ohne-zollkosten\/#primaryimage","url":"https:\/\/vapingnet.de\/wp-content\/uploads\/2025\/04\/Grape-Ice.png","contentUrl":"https:\/\/vapingnet.de\/wp-content\/uploads\/2025\/04\/Grape-Ice.png","width":1000,"height":1000},{"@type":"BreadcrumbList","@id":"https:\/\/vapingnet.de\/vape\/grape-ice-bang-tn-12000-puffs-high-quality-und-ohne-zollkosten\/#breadcrumb","itemListElement":[{"@type":"ListItem","position":1,"name":"Home","item":"https:\/\/vapingnet.de\/"},{"@type":"ListItem","position":2,"name":"Shop","item":"https:\/\/vapingnet.de\/vape\/"},{"@type":"ListItem","position":3,"name":"Grape Ice Bang Tn 12000 Puffs High Quality und ohne Zollkosten"}]},{"@type":"WebSite","@id":"https:\/\/vapingnet.de\/#website","url":"https:\/\/vapingnet.de\/","name":"Vapingnet.de","description":"","publisher":{"@id":"https:\/\/vapingnet.de\/#organization"},"potentialAction":[{"@type":"SearchAction","target":{"@type":"EntryPoint","urlTemplate":"https:\/\/vapingnet.de\/?s={search_term_string}"},"query-input":{"@type":"PropertyValueSpecification","valueRequired":true,"valueName":"search_term_string"}}],"inLanguage":"pl-PL"},{"@type":"Organization","@id":"https:\/\/vapingnet.de\/#organization","name":"Vapingnet.de","url":"https:\/\/vapingnet.de\/","logo":{"@type":"ImageObject","inLanguage":"pl-PL","@id":"https:\/\/vapingnet.de\/#\/schema\/logo\/image\/","url":"https:\/\/vapingnet.de\/wp-content\/uploads\/2025\/03\/cropped-vapingnet.de_.jpg","contentUrl":"https:\/\/vapingnet.de\/wp-content\/uploads\/2025\/03\/cropped-vapingnet.de_.jpg","width":512,"height":512,"caption":"Vapingnet.de"},"image":{"@id":"https:\/\/vapingnet.de\/#\/schema\/logo\/image\/"},"sameAs":["https:\/\/www.facebook.com\/vapingnetde\/"]}]}},"tiered_pricing_type":"fixed","tiered_pricing_fixed_rules":{"10":"7.31","60":"6.58","110":"5.85","200":"5.12"},"tiered_pricing_product_settings":{"layout":"default","base_unit_name":{"singular":null,"plural":null},"default_variation":null},"tiered_pricing_minimum_quantity":null,"tiered_pricing_roles_data":[],"tiered_pricing_percentage_rules":[],"_links":{"self":[{"href":"https:\/\/vapingnet.de\/pl\/wp-json\/wp\/v2\/product\/6243","targetHints":{"allow":["GET"]}}],"collection":[{"href":"https:\/\/vapingnet.de\/pl\/wp-json\/wp\/v2\/product"}],"about":[{"href":"https:\/\/vapingnet.de\/pl\/wp-json\/wp\/v2\/types\/product"}],"version-history":[{"count":1,"href":"https:\/\/vapingnet.de\/pl\/wp-json\/wp\/v2\/product\/6243\/revisions"}],"predecessor-version":[{"id":6255,"href":"https:\/\/vapingnet.de\/pl\/wp-json\/wp\/v2\/product\/6243\/revisions\/6255"}],"wp:featuredmedia":[{"embeddable":true,"href":"https:\/\/vapingnet.de\/pl\/wp-json\/wp\/v2\/media\/6249"}],"wp:attachment":[{"href":"https:\/\/vapingnet.de\/pl\/wp-json\/wp\/v2\/media?parent=6243"}],"wp:term":[{"taxonomy":"brand","embeddable":true,"href":"https:\/\/vapingnet.de\/pl\/wp-json\/wp\/v2\/etheme_brands?post=6243"},{"taxonomy":"product_brand","embeddable":true,"href":"https:\/\/vapingnet.de\/pl\/wp-json\/wp\/v2\/product_brand?post=6243"},{"taxonomy":"product_cat","embeddable":true,"href":"https:\/\/vapingnet.de\/pl\/wp-json\/wp\/v2\/product_cat?post=6243"},{"taxonomy":"product_tag","embeddable":true,"href":"https:\/\/vapingnet.de\/pl\/wp-json\/wp\/v2\/product_tag?post=6243"}],"curies":[{"name":"wp","href":"https:\/\/api.w.org\/{rel}","templated":true}]}}