{"id":6244,"date":"2025-04-11T05:55:21","date_gmt":"2025-04-11T05:55:21","guid":{"rendered":"https:\/\/vapingnet.de\/?post_type=product&#038;p=6244"},"modified":"2025-12-30T08:40:42","modified_gmt":"2025-12-30T08:40:42","slug":"bang-tn-12000-puffs-geniessen-sie-mr-blue-premium-ohne-importgebuehren","status":"publish","type":"product","link":"https:\/\/vapingnet.de\/pl\/vape\/bang-tn-12000-puffs-geniessen-sie-mr-blue-premium-ohne-importgebuehren\/","title":{"rendered":"Bang Tn 12000 Puffs Ciesz si\u0119 Mr Blue Premium bez op\u0142at importowych"},"content":{"rendered":"<p class=\"\" data-start=\"0\" data-end=\"433\" data-immersive-translate-paragraph=\"1\" data-immersive-translate-walked=\"b73dce8e-cbb5-44b3-880b-30742ae7690b\">Jednorazowa e-papieros Bang Tn 12000 Puffs to jedna z najlepszych opcji dla palaczy, kt\u00f3rzy szukaj\u0105 d\u0142ugotrwa\u0142ego i intensywnego do\u015bwiadczenia vapowania. Z du\u017c\u0105 pojemno\u015bci\u0105 20 ml p\u0142ynu i imponuj\u0105c\u0105 mo\u017cliwo\u015bci\u0105 do 12 000 zaci\u0105gni\u0119\u0107, to urz\u0105dzenie jest idealne dla tych, kt\u00f3rzy chc\u0105 komfortowego i praktycznego vapowania bez konieczno\u015bci ci\u0105g\u0142ego \u0142adowania lub uzupe\u0142niania.<\/p>\n<h2 data-start=\"435\" data-end=\"486\" data-immersive-translate-walked=\"b73dce8e-cbb5-44b3-880b-30742ae7690b\" data-immersive-translate-paragraph=\"1\">Co sprawia, \u017ce Bang Tn 12000 Puffs jest tak wyj\u0105tkowe?<\/h2>\n<p class=\"\" data-start=\"488\" data-end=\"614\" data-immersive-translate-walked=\"b73dce8e-cbb5-44b3-880b-30742ae7690b\" data-immersive-translate-paragraph=\"1\">Bang Tn 12000 Puffs oferuje szereg funkcji, kt\u00f3re czyni\u0105 j\u0105 doskona\u0142ym wyborem dla ka\u017cdego vapera:<\/p>\n<ul>\n<li data-start=\"616\" data-end=\"655\" data-immersive-translate-walked=\"b73dce8e-cbb5-44b3-880b-30742ae7690b\" data-immersive-translate-paragraph=\"1\">Du\u017ca pojemno\u015b\u0107 na d\u0142ugie vapowanie<br \/>\nZ 20 ml p\u0142ynu i bateri\u0105 650mAh, urz\u0105dzenie zapewnia imponuj\u0105c\u0105 \u017cywotno\u015b\u0107. Mesh-spirala 1.2\u03a9 zapewnia r\u00f3wnomierne i wydajne odparowywanie p\u0142ynu. Dzi\u0119ki temu mo\u017cesz cieszy\u0107 si\u0119 pe\u0142nymi 12 000 zaci\u0105gni\u0119ciami bez konieczno\u015bci uzupe\u0142niania lub \u0142adowania.<\/li>\n<li data-start=\"977\" data-end=\"1009\" data-immersive-translate-walked=\"b73dce8e-cbb5-44b3-880b-30742ae7690b\" data-immersive-translate-paragraph=\"1\">Wszechstronne opcje nikotynowe<br \/>\nNiezale\u017cnie od tego, czy jeste\u015b palaczem mocnym, czy preferujesz vapowanie bez nikotyny \u2013 Bang Tn 12000 Puffs oferuje szeroki wyb\u00f3r st\u0119\u017ce\u0144 nikotyny: 0%, 2%, 3% i 5%. To pozwala dostosowa\u0107 idealne do\u015bwiadczenie vapowania do w\u0142asnych preferencji.<\/li>\n<li data-start=\"1289\" data-end=\"1327\" data-immersive-translate-walked=\"b73dce8e-cbb5-44b3-880b-30742ae7690b\" data-immersive-translate-paragraph=\"1\">Unikalny smak \u2013 Mr Blue<br \/>\nSmak Bang Tn 12000 Puffs to po\u0142\u0105czenie \u015bwie\u017cych, owocowych aromat\u00f3w, kt\u00f3re wyr\u00f3\u017cniaj\u0105 si\u0119 smakiem Mr Blue. Oferuje orze\u017awiaj\u0105cy i lekko s\u0142odki aromat, kt\u00f3ry szczeg\u00f3lnie przypadnie do gustu mi\u0142o\u015bnikom owoc\u00f3w. Ka\u017cde zaci\u0105gni\u0119cie zapewnia zr\u00f3wnowa\u017cone i sta\u0142e doznania smakowe, czyni\u0105c vapowanie przyjemno\u015bci\u0105.<\/li>\n<li data-start=\"1683\" data-end=\"1721\" data-immersive-translate-walked=\"b73dce8e-cbb5-44b3-880b-30742ae7690b\" data-immersive-translate-paragraph=\"1\">Praktyczny i prosty w obs\u0142udze<br \/>\nPoniewa\u017c jest to jednorazowa e-papieros, jest idealny dla vapuj\u0105cych poszukuj\u0105cych prostego rozwi\u0105zania. Nie ma konieczno\u015bci \u0142adowania baterii ani uzupe\u0142niania p\u0142ynu. Wystarczy wyj\u0105\u0107 z opakowania i vapowa\u0107 \u2013 to jeszcze nigdy nie by\u0142o tak proste.<\/li>\n<\/ul>\n<h4 data-start=\"1990\" data-end=\"2025\" data-immersive-translate-walked=\"b73dce8e-cbb5-44b3-880b-30742ae7690b\" data-immersive-translate-paragraph=\"1\">Zalety dla europejskich kupuj\u0105cych<\/h4>\n<p class=\"\" data-start=\"2027\" data-end=\"2115\" data-immersive-translate-walked=\"b73dce8e-cbb5-44b3-880b-30742ae7690b\" data-immersive-translate-paragraph=\"1\">Dla vapuj\u0105cych w Europie, Bang Tn 12000 Puffs oferuje kilka znacz\u0105cych korzy\u015bci:<\/p>\n<ul data-start=\"2117\" data-end=\"2581\">\n<li class=\"\" data-start=\"2117\" data-end=\"2352\">\n<p class=\"\" data-start=\"2119\" data-end=\"2352\" data-immersive-translate-walked=\"b73dce8e-cbb5-44b3-880b-30742ae7690b\" data-immersive-translate-paragraph=\"1\">Brak op\u0142at celnych: Przy zakupie Bang Tn 12000 Puffs w UE nie obowi\u0105zuj\u0105 dodatkowe op\u0142aty celne. Zapewnia to prost\u0105 realizacj\u0119 zam\u00f3wienia i przejrzyst\u0105 cen\u0119 bez ukrytych koszt\u00f3w.<\/p>\n<\/li>\n<li class=\"\" data-start=\"2353\" data-end=\"2581\">\n<p class=\"\" data-start=\"2355\" data-end=\"2581\" data-immersive-translate-walked=\"b73dce8e-cbb5-44b3-880b-30742ae7690b\" data-immersive-translate-paragraph=\"1\">Szybka dostawa: Z czasem realizacji od 7 do 15 dni roboczych, otrzymasz sw\u00f3j produkt w kr\u00f3tkim czasie. To idealny spos\u00f3b na szybkie cieszenie si\u0119 vapowaniem bez d\u0142ugiego oczekiwania na przesy\u0142k\u0119.<\/p>\n<\/li>\n<\/ul>\n<h2>Gdzie mo\u017cna kupi\u0107 Bang Tn 12000 Puffs?<\/h2>\n<p class=\"\" data-start=\"2634\" data-end=\"2923\" data-immersive-translate-walked=\"b73dce8e-cbb5-44b3-880b-30742ae7690b\" data-immersive-translate-paragraph=\"1\">Bang Tn 12000 Puffs jest dost\u0119pny na stronie internetowej vapingnet.de. Ten sklep oferuje bezpieczn\u0105 i przyjazn\u0105 u\u017cytkownikowi platform\u0119, na kt\u00f3rej mo\u017cna szybko i wygodnie zam\u00f3wi\u0107 produkt. Dodatkowo korzystasz z szybkiej dostawy i niezawodnej obs\u0142ugi.<\/p>\n<h4 data-start=\"2925\" data-end=\"2991\" data-immersive-translate-walked=\"b73dce8e-cbb5-44b3-880b-30742ae7690b\" data-immersive-translate-paragraph=\"1\">Podsumowanie: Bang Tn 12000 Puffs \u2013 idealny wyb\u00f3r dla vapuj\u0105cych<\/h4>\n<p class=\"\" data-start=\"2993\" data-end=\"3501\" data-immersive-translate-walked=\"b73dce8e-cbb5-44b3-880b-30742ae7690b\" data-immersive-translate-paragraph=\"1\">Bang Tn 12000 Puffs zapewnia wyj\u0105tkowe do\u015bwiadczenie vapowania z d\u0142ug\u0105 \u017cywotno\u015bci\u0105, \u015bwie\u017cym smakiem Mr Blue i r\u00f3\u017cnymi st\u0119\u017ceniami nikotyny, kt\u00f3re spe\u0142ni\u0105 potrzeby ka\u017cdego vapera. Je\u015bli szukasz praktycznego, wydajnego i smakowo intensywnego jednorazowego e-papierosa, ten model jest idealnym wyborem. Zam\u00f3w ju\u017c dzi\u015b na vapingnet.de i ciesz si\u0119 szybk\u0105 dostaw\u0105 oraz doskona\u0142ym stosunkiem jako\u015bci do ceny.<\/p>","protected":false},"excerpt":{"rendered":"<p>Die Bang Tn 12000 Puffs Einweg-E-Zigarette ist eine der besten Optionen f\u00fcr Dampfer, die auf der Suche nach einem langanhaltenden und intensiven Dampferlebnis sind. Mit&#8230;<\/p>","protected":false},"featured_media":6250,"template":"","meta":[],"etheme_brands":[],"product_brand":[101],"product_cat":[88,49,61],"product_tag":[],"class_list":{"0":"post-6244","1":"product","2":"type-product","3":"status-publish","4":"has-post-thumbnail","6":"product_brand-bang-king-vape","7":"product_cat-12k-vape","8":"product_cat-einweg-e-zigarette","9":"product_cat-f","11":"first","12":"instock","13":"shipping-taxable","14":"purchasable","15":"product-type-simple"},"yoast_head":"<!-- This site is optimized with the Yoast SEO plugin v26.5 - https:\/\/yoast.com\/wordpress\/plugins\/seo\/ -->\n<title>Bang Tn 12000 Puffs Genie\u00dfen Sie Mr Blue Premium ohne Importgeb\u00fchren | Vapingnet.de<\/title>\n<meta name=\"description\" content=\"Entdecke Bang Tn 12000 Puffs Genie\u00dfen Sie Mr Blue Premium ohne Importgeb\u00fchren bei vapingnet.de, \u25ba Gro\u00dfe Auswahl an Geschmacksrichtungen &amp; super g\u00fcnstig!\" \/>\n<meta name=\"robots\" content=\"index, follow, max-snippet:-1, max-image-preview:large, max-video-preview:-1\" \/>\n<link rel=\"canonical\" href=\"https:\/\/vapingnet.de\/pl\/vape\/bang-tn-12000-puffs-geniessen-sie-mr-blue-premium-ohne-importgebuehren\/\" \/>\n<meta property=\"og:locale\" content=\"pl_PL\" \/>\n<meta property=\"og:type\" content=\"article\" \/>\n<meta property=\"og:title\" content=\"Bang Tn 12000 Puffs Genie\u00dfen Sie Mr Blue Premium ohne Importgeb\u00fchren | Vapingnet.de\" \/>\n<meta property=\"og:description\" content=\"Entdecke Bang Tn 12000 Puffs Genie\u00dfen Sie Mr Blue Premium ohne Importgeb\u00fchren bei vapingnet.de, \u25ba Gro\u00dfe Auswahl an Geschmacksrichtungen &amp; super g\u00fcnstig!\" \/>\n<meta property=\"og:url\" content=\"https:\/\/vapingnet.de\/pl\/vape\/bang-tn-12000-puffs-geniessen-sie-mr-blue-premium-ohne-importgebuehren\/\" \/>\n<meta property=\"og:site_name\" content=\"Vapingnet.de\" \/>\n<meta property=\"article:publisher\" content=\"https:\/\/www.facebook.com\/vapingnetde\/\" \/>\n<meta property=\"article:modified_time\" content=\"2025-12-30T08:40:42+00:00\" \/>\n<meta property=\"og:image\" content=\"https:\/\/vapingnet.de\/wp-content\/uploads\/2025\/04\/Mr-Blue.png\" \/>\n\t<meta property=\"og:image:width\" content=\"1000\" \/>\n\t<meta property=\"og:image:height\" content=\"1000\" \/>\n\t<meta property=\"og:image:type\" content=\"image\/png\" \/>\n<meta name=\"twitter:card\" content=\"summary_large_image\" \/>\n<meta name=\"twitter:label1\" content=\"Est. reading time\" \/>\n\t<meta name=\"twitter:data1\" content=\"3 minutes\" \/>\n<script type=\"application\/ld+json\" class=\"yoast-schema-graph\">{\"@context\":\"https:\/\/schema.org\",\"@graph\":[{\"@type\":\"WebPage\",\"@id\":\"https:\/\/vapingnet.de\/vape\/bang-tn-12000-puffs-geniessen-sie-mr-blue-premium-ohne-importgebuehren\/\",\"url\":\"https:\/\/vapingnet.de\/vape\/bang-tn-12000-puffs-geniessen-sie-mr-blue-premium-ohne-importgebuehren\/\",\"name\":\"Bang Tn 12000 Puffs Genie\u00dfen Sie Mr Blue Premium ohne Importgeb\u00fchren | Vapingnet.de\",\"isPartOf\":{\"@id\":\"https:\/\/vapingnet.de\/#website\"},\"primaryImageOfPage\":{\"@id\":\"https:\/\/vapingnet.de\/vape\/bang-tn-12000-puffs-geniessen-sie-mr-blue-premium-ohne-importgebuehren\/#primaryimage\"},\"image\":{\"@id\":\"https:\/\/vapingnet.de\/vape\/bang-tn-12000-puffs-geniessen-sie-mr-blue-premium-ohne-importgebuehren\/#primaryimage\"},\"thumbnailUrl\":\"https:\/\/vapingnet.de\/wp-content\/uploads\/2025\/04\/Mr-Blue.png\",\"datePublished\":\"2025-04-11T05:55:21+00:00\",\"dateModified\":\"2025-12-30T08:40:42+00:00\",\"description\":\"Entdecke Bang Tn 12000 Puffs Genie\u00dfen Sie Mr Blue Premium ohne Importgeb\u00fchren bei vapingnet.de, \u25ba Gro\u00dfe Auswahl an Geschmacksrichtungen & super g\u00fcnstig!\",\"breadcrumb\":{\"@id\":\"https:\/\/vapingnet.de\/vape\/bang-tn-12000-puffs-geniessen-sie-mr-blue-premium-ohne-importgebuehren\/#breadcrumb\"},\"inLanguage\":\"pl-PL\",\"potentialAction\":[{\"@type\":\"ReadAction\",\"target\":[\"https:\/\/vapingnet.de\/vape\/bang-tn-12000-puffs-geniessen-sie-mr-blue-premium-ohne-importgebuehren\/\"]}]},{\"@type\":\"ImageObject\",\"inLanguage\":\"pl-PL\",\"@id\":\"https:\/\/vapingnet.de\/vape\/bang-tn-12000-puffs-geniessen-sie-mr-blue-premium-ohne-importgebuehren\/#primaryimage\",\"url\":\"https:\/\/vapingnet.de\/wp-content\/uploads\/2025\/04\/Mr-Blue.png\",\"contentUrl\":\"https:\/\/vapingnet.de\/wp-content\/uploads\/2025\/04\/Mr-Blue.png\",\"width\":1000,\"height\":1000},{\"@type\":\"BreadcrumbList\",\"@id\":\"https:\/\/vapingnet.de\/vape\/bang-tn-12000-puffs-geniessen-sie-mr-blue-premium-ohne-importgebuehren\/#breadcrumb\",\"itemListElement\":[{\"@type\":\"ListItem\",\"position\":1,\"name\":\"Home\",\"item\":\"https:\/\/vapingnet.de\/\"},{\"@type\":\"ListItem\",\"position\":2,\"name\":\"Shop\",\"item\":\"https:\/\/vapingnet.de\/vape\/\"},{\"@type\":\"ListItem\",\"position\":3,\"name\":\"Bang Tn 12000 Puffs Genie\u00dfen Sie Mr Blue Premium ohne Importgeb\u00fchren\"}]},{\"@type\":\"WebSite\",\"@id\":\"https:\/\/vapingnet.de\/#website\",\"url\":\"https:\/\/vapingnet.de\/\",\"name\":\"Vapingnet.de\",\"description\":\"\",\"publisher\":{\"@id\":\"https:\/\/vapingnet.de\/#organization\"},\"potentialAction\":[{\"@type\":\"SearchAction\",\"target\":{\"@type\":\"EntryPoint\",\"urlTemplate\":\"https:\/\/vapingnet.de\/?s={search_term_string}\"},\"query-input\":{\"@type\":\"PropertyValueSpecification\",\"valueRequired\":true,\"valueName\":\"search_term_string\"}}],\"inLanguage\":\"pl-PL\"},{\"@type\":\"Organization\",\"@id\":\"https:\/\/vapingnet.de\/#organization\",\"name\":\"Vapingnet.de\",\"url\":\"https:\/\/vapingnet.de\/\",\"logo\":{\"@type\":\"ImageObject\",\"inLanguage\":\"pl-PL\",\"@id\":\"https:\/\/vapingnet.de\/#\/schema\/logo\/image\/\",\"url\":\"https:\/\/vapingnet.de\/wp-content\/uploads\/2025\/03\/cropped-vapingnet.de_.jpg\",\"contentUrl\":\"https:\/\/vapingnet.de\/wp-content\/uploads\/2025\/03\/cropped-vapingnet.de_.jpg\",\"width\":512,\"height\":512,\"caption\":\"Vapingnet.de\"},\"image\":{\"@id\":\"https:\/\/vapingnet.de\/#\/schema\/logo\/image\/\"},\"sameAs\":[\"https:\/\/www.facebook.com\/vapingnetde\/\"]}]}<\/script>\n<!-- \/ Yoast SEO plugin. -->","yoast_head_json":{"title":"Bang Tn 12000 Puffs Genie\u00dfen Sie Mr Blue Premium ohne Importgeb\u00fchren | Vapingnet.de","description":"Entdecke Bang Tn 12000 Puffs Genie\u00dfen Sie Mr Blue Premium ohne Importgeb\u00fchren bei vapingnet.de, \u25ba Gro\u00dfe Auswahl an Geschmacksrichtungen & super g\u00fcnstig!","robots":{"index":"index","follow":"follow","max-snippet":"max-snippet:-1","max-image-preview":"max-image-preview:large","max-video-preview":"max-video-preview:-1"},"canonical":"https:\/\/vapingnet.de\/pl\/vape\/bang-tn-12000-puffs-geniessen-sie-mr-blue-premium-ohne-importgebuehren\/","og_locale":"pl_PL","og_type":"article","og_title":"Bang Tn 12000 Puffs Genie\u00dfen Sie Mr Blue Premium ohne Importgeb\u00fchren | Vapingnet.de","og_description":"Entdecke Bang Tn 12000 Puffs Genie\u00dfen Sie Mr Blue Premium ohne Importgeb\u00fchren bei vapingnet.de, \u25ba Gro\u00dfe Auswahl an Geschmacksrichtungen & super g\u00fcnstig!","og_url":"https:\/\/vapingnet.de\/pl\/vape\/bang-tn-12000-puffs-geniessen-sie-mr-blue-premium-ohne-importgebuehren\/","og_site_name":"Vapingnet.de","article_publisher":"https:\/\/www.facebook.com\/vapingnetde\/","article_modified_time":"2025-12-30T08:40:42+00:00","og_image":[{"width":1000,"height":1000,"url":"https:\/\/vapingnet.de\/wp-content\/uploads\/2025\/04\/Mr-Blue.png","type":"image\/png"}],"twitter_card":"summary_large_image","twitter_misc":{"Est. reading time":"3 minutes"},"schema":{"@context":"https:\/\/schema.org","@graph":[{"@type":"WebPage","@id":"https:\/\/vapingnet.de\/vape\/bang-tn-12000-puffs-geniessen-sie-mr-blue-premium-ohne-importgebuehren\/","url":"https:\/\/vapingnet.de\/vape\/bang-tn-12000-puffs-geniessen-sie-mr-blue-premium-ohne-importgebuehren\/","name":"Bang Tn 12000 Puffs Genie\u00dfen Sie Mr Blue Premium ohne Importgeb\u00fchren | Vapingnet.de","isPartOf":{"@id":"https:\/\/vapingnet.de\/#website"},"primaryImageOfPage":{"@id":"https:\/\/vapingnet.de\/vape\/bang-tn-12000-puffs-geniessen-sie-mr-blue-premium-ohne-importgebuehren\/#primaryimage"},"image":{"@id":"https:\/\/vapingnet.de\/vape\/bang-tn-12000-puffs-geniessen-sie-mr-blue-premium-ohne-importgebuehren\/#primaryimage"},"thumbnailUrl":"https:\/\/vapingnet.de\/wp-content\/uploads\/2025\/04\/Mr-Blue.png","datePublished":"2025-04-11T05:55:21+00:00","dateModified":"2025-12-30T08:40:42+00:00","description":"Entdecke Bang Tn 12000 Puffs Genie\u00dfen Sie Mr Blue Premium ohne Importgeb\u00fchren bei vapingnet.de, \u25ba Gro\u00dfe Auswahl an Geschmacksrichtungen & super g\u00fcnstig!","breadcrumb":{"@id":"https:\/\/vapingnet.de\/vape\/bang-tn-12000-puffs-geniessen-sie-mr-blue-premium-ohne-importgebuehren\/#breadcrumb"},"inLanguage":"pl-PL","potentialAction":[{"@type":"ReadAction","target":["https:\/\/vapingnet.de\/vape\/bang-tn-12000-puffs-geniessen-sie-mr-blue-premium-ohne-importgebuehren\/"]}]},{"@type":"ImageObject","inLanguage":"pl-PL","@id":"https:\/\/vapingnet.de\/vape\/bang-tn-12000-puffs-geniessen-sie-mr-blue-premium-ohne-importgebuehren\/#primaryimage","url":"https:\/\/vapingnet.de\/wp-content\/uploads\/2025\/04\/Mr-Blue.png","contentUrl":"https:\/\/vapingnet.de\/wp-content\/uploads\/2025\/04\/Mr-Blue.png","width":1000,"height":1000},{"@type":"BreadcrumbList","@id":"https:\/\/vapingnet.de\/vape\/bang-tn-12000-puffs-geniessen-sie-mr-blue-premium-ohne-importgebuehren\/#breadcrumb","itemListElement":[{"@type":"ListItem","position":1,"name":"Home","item":"https:\/\/vapingnet.de\/"},{"@type":"ListItem","position":2,"name":"Shop","item":"https:\/\/vapingnet.de\/vape\/"},{"@type":"ListItem","position":3,"name":"Bang Tn 12000 Puffs Genie\u00dfen Sie Mr Blue Premium ohne Importgeb\u00fchren"}]},{"@type":"WebSite","@id":"https:\/\/vapingnet.de\/#website","url":"https:\/\/vapingnet.de\/","name":"Vapingnet.de","description":"","publisher":{"@id":"https:\/\/vapingnet.de\/#organization"},"potentialAction":[{"@type":"SearchAction","target":{"@type":"EntryPoint","urlTemplate":"https:\/\/vapingnet.de\/?s={search_term_string}"},"query-input":{"@type":"PropertyValueSpecification","valueRequired":true,"valueName":"search_term_string"}}],"inLanguage":"pl-PL"},{"@type":"Organization","@id":"https:\/\/vapingnet.de\/#organization","name":"Vapingnet.de","url":"https:\/\/vapingnet.de\/","logo":{"@type":"ImageObject","inLanguage":"pl-PL","@id":"https:\/\/vapingnet.de\/#\/schema\/logo\/image\/","url":"https:\/\/vapingnet.de\/wp-content\/uploads\/2025\/03\/cropped-vapingnet.de_.jpg","contentUrl":"https:\/\/vapingnet.de\/wp-content\/uploads\/2025\/03\/cropped-vapingnet.de_.jpg","width":512,"height":512,"caption":"Vapingnet.de"},"image":{"@id":"https:\/\/vapingnet.de\/#\/schema\/logo\/image\/"},"sameAs":["https:\/\/www.facebook.com\/vapingnetde\/"]}]}},"tiered_pricing_type":"fixed","tiered_pricing_fixed_rules":{"10":"7.31","60":"6.58","110":"5.85","200":"5.12"},"tiered_pricing_product_settings":{"layout":"default","base_unit_name":{"singular":null,"plural":null},"default_variation":null},"tiered_pricing_minimum_quantity":null,"tiered_pricing_roles_data":[],"tiered_pricing_percentage_rules":[],"_links":{"self":[{"href":"https:\/\/vapingnet.de\/pl\/wp-json\/wp\/v2\/product\/6244","targetHints":{"allow":["GET"]}}],"collection":[{"href":"https:\/\/vapingnet.de\/pl\/wp-json\/wp\/v2\/product"}],"about":[{"href":"https:\/\/vapingnet.de\/pl\/wp-json\/wp\/v2\/types\/product"}],"version-history":[{"count":1,"href":"https:\/\/vapingnet.de\/pl\/wp-json\/wp\/v2\/product\/6244\/revisions"}],"predecessor-version":[{"id":6256,"href":"https:\/\/vapingnet.de\/pl\/wp-json\/wp\/v2\/product\/6244\/revisions\/6256"}],"wp:featuredmedia":[{"embeddable":true,"href":"https:\/\/vapingnet.de\/pl\/wp-json\/wp\/v2\/media\/6250"}],"wp:attachment":[{"href":"https:\/\/vapingnet.de\/pl\/wp-json\/wp\/v2\/media?parent=6244"}],"wp:term":[{"taxonomy":"brand","embeddable":true,"href":"https:\/\/vapingnet.de\/pl\/wp-json\/wp\/v2\/etheme_brands?post=6244"},{"taxonomy":"product_brand","embeddable":true,"href":"https:\/\/vapingnet.de\/pl\/wp-json\/wp\/v2\/product_brand?post=6244"},{"taxonomy":"product_cat","embeddable":true,"href":"https:\/\/vapingnet.de\/pl\/wp-json\/wp\/v2\/product_cat?post=6244"},{"taxonomy":"product_tag","embeddable":true,"href":"https:\/\/vapingnet.de\/pl\/wp-json\/wp\/v2\/product_tag?post=6244"}],"curies":[{"name":"wp","href":"https:\/\/api.w.org\/{rel}","templated":true}]}}