{"id":6245,"date":"2025-04-11T05:55:23","date_gmt":"2025-04-11T05:55:23","guid":{"rendered":"https:\/\/vapingnet.de\/?post_type=product&#038;p=6245"},"modified":"2025-12-30T08:40:33","modified_gmt":"2025-12-30T08:40:33","slug":"bang-tn-12000-puffs-der-erfrischende-watermelon-ice-geschmack-in-bester-qualitaet","status":"publish","type":"product","link":"https:\/\/vapingnet.de\/pl\/vape\/bang-tn-12000-puffs-der-erfrischende-watermelon-ice-geschmack-in-bester-qualitaet\/","title":{"rendered":"Bang Tn 12000 Puffs Orze\u017awiaj\u0105cy smak Watermelon Ice w najlepszej jako\u015bci"},"content":{"rendered":"<p class=\"\" data-start=\"0\" data-end=\"414\">Bang Tn 12000 Puffs to wyr\u00f3\u017cniaj\u0105cy si\u0119 produkt dla palaczy elektronicznych, kt\u00f3rzy szukaj\u0105 wydajnej i smakowitej jednorazowej e-papierosa. Z du\u017c\u0105 pojemno\u015bci\u0105 p\u0142ynu 20 ml i mo\u017cliwo\u015bci\u0105 wykonania 12 000 zaci\u0105gni\u0119\u0107, oferuje niezwyk\u0142e do\u015bwiadczenie vapowania, kt\u00f3re zadowoli zar\u00f3wno nowicjuszy, jak i do\u015bwiadczonych palaczy.<\/p>\n<h2 data-start=\"416\" data-end=\"470\">Specyfikacje techniczne Bang Tn 12000 Puffs<\/h2>\n<p class=\"\" data-start=\"472\" data-end=\"558\">Bang Tn 12000 Puffs wyr\u00f3\u017cnia si\u0119 imponuj\u0105cymi cechami technicznymi:<\/p>\n<ul data-start=\"560\" data-end=\"1341\">\n<li class=\"\" data-start=\"560\" data-end=\"719\">\n<p class=\"\" data-start=\"562\" data-end=\"719\">Pojemno\u015b\u0107 p\u0142ynu: Z 20 ml liquidu, ten model zapewnia d\u0142ugi czas u\u017cytkowania i jest idealny dla palaczy, kt\u00f3rzy nie chc\u0105 ci\u0105gle uzupe\u0142nia\u0107 p\u0142ynu.<\/p>\n<\/li>\n<li class=\"\" data-start=\"720\" data-end=\"960\">\n<p class=\"\" data-start=\"722\" data-end=\"960\">Bateria i moc: Bateria 650mAh zapewnia, \u017ce b\u0119dziesz m\u00f3g\u0142 cieszy\u0107 si\u0119 pe\u0142nymi 12 000 zaci\u0105gni\u0119ciami. Grza\u0142ka Mesh 1.2\u03a9 gwarantuje r\u00f3wnomierne i d\u0142ugotrwa\u0142e odparowywanie, kt\u00f3re zamienia ka\u017cdy zaci\u0105g w przyjemno\u015b\u0107.<\/p>\n<\/li>\n<li class=\"\" data-start=\"961\" data-end=\"1150\">\n<p class=\"\" data-start=\"963\" data-end=\"1150\">Opcje nikotyny: Bang Tn 12000 Puffs dost\u0119pny jest w czterech poziomach nikotyny: 0%, 2%, 3% i 5%, dzi\u0119ki czemu ka\u017cdy palacz mo\u017ce wybra\u0107 odpowiedni\u0105 dla siebie opcj\u0119.<\/p>\n<\/li>\n<li class=\"\" data-start=\"1151\" data-end=\"1341\">\n<p class=\"\" data-start=\"1153\" data-end=\"1341\">Wygoda u\u017cytkowania: Jako jednorazowy e-papieros jest niezwykle przyjazny dla u\u017cytkownika. Nie musisz \u0142adowa\u0107 baterii ani uzupe\u0142nia\u0107 p\u0142ynu \u2013 wystarczy wyci\u0105gn\u0105\u0107 z opakowania i vapowa\u0107.<\/p>\n<\/li>\n<\/ul>\n<h4 data-start=\"1343\" data-end=\"1376\">Smak: Watermelon Ice<\/h4>\n<p class=\"\" data-start=\"1378\" data-end=\"1786\">Szczeg\u00f3ln\u0105 atrakcj\u0105 tego jednorazowego e-papierosa jest smak Watermelon Ice. Orze\u017awiaj\u0105ca kombinacja s\u0142odkiej, soczystej arbuza i ch\u0142odz\u0105cego mentholu zapewnia doznania smakowe, kt\u00f3re szczeg\u00f3lnie w ciep\u0142e miesi\u0105ce stanowi\u0105 prawdziw\u0105 od\u015bwie\u017caj\u0105c\u0105 przyjemno\u015b\u0107. To idealne po\u0142\u0105czenie \u015bwie\u017co\u015bci i owocowo\u015bci, kt\u00f3re zapewnia d\u0142ugotrwa\u0142e i intensywne vapowanie.<\/p>\n<h4>Opcje dostawy i korzy\u015bci dla kupuj\u0105cych z Europy<\/h4>\n<p class=\"\" data-start=\"1844\" data-end=\"1922\">Dla klient\u00f3w z Europy Bang Tn 12000 Puffs oferuje kilka wyra\u017anych zalet:<\/p>\n<ul data-start=\"1924\" data-end=\"2399\">\n<li class=\"\" data-start=\"1924\" data-end=\"2161\">\n<p class=\"\" data-start=\"1926\" data-end=\"2161\">Brak op\u0142at celnych: Du\u017c\u0105 zalet\u0105 dla europejskich klient\u00f3w jest fakt, \u017ce przy zakupie nie ponosz\u0105 oni dodatkowych op\u0142at celnych. Czyni to zakupy szczeg\u00f3lnie atrakcyjnymi i prostymi, bez ukrytych koszt\u00f3w.<\/p>\n<\/li>\n<li class=\"\" data-start=\"2162\" data-end=\"2399\">\n<p class=\"\" data-start=\"2164\" data-end=\"2399\">Szybka dostawa: Bang Tn 12000 Puffs jest dostarczany w ci\u0105gu 7 do 15 dni roboczych. Umo\u017cliwia to kupuj\u0105cym szybkie i niezawodne otrzymanie zam\u00f3wienia, bez konieczno\u015bci d\u0142ugiego oczekiwania na dostaw\u0119.<\/p>\n<\/li>\n<\/ul>\n<h3 data-start=\"2401\" data-end=\"2448\">Gdzie mo\u017cna kupi\u0107 Bang Tn 12000 Puffs?<\/h3>\n<p class=\"\" data-start=\"2450\" data-end=\"2774\">Bang Tn 12000 Puffs jest dost\u0119pny na platformie vapingnet.de, zaufanej platformie dla produkt\u00f3w dla palaczy elektronicznych. Sklep internetowy oferuje prosty proces zamawiania, szybk\u0105 dostaw\u0119 i doskona\u0142\u0105 obs\u0142ug\u0119 klienta. Na stronie znajdziesz szczeg\u00f3\u0142owe informacje o produkcie i \u0142atwy spos\u00f3b zam\u00f3wienia.<\/p>\n<h4 data-start=\"2776\" data-end=\"2823\">Doskona\u0142y wyb\u00f3r dla palaczy<\/h4>\n<p class=\"\" data-start=\"2825\" data-end=\"3391\">Bang Tn 12000 Puffs to pierwszorz\u0119dny wyb\u00f3r dla palaczy, kt\u00f3rzy szukaj\u0105 niezawodnego, wydajnego i smakowitego produktu. Dzi\u0119ki d\u0142ugiej trwa\u0142o\u015bci, praktycznemu jednorazowemu u\u017cytkowaniu i orze\u017awiaj\u0105cemu smakowi Watermelon Ice, zapewnia wyj\u0105tkowe do\u015bwiadczenie vapowania. Je\u015bli szukasz prostego i przyjemnego vapowania, koniecznie wypr\u00f3buj ten jednorazowy e-papieros. Odwied\u017a vapingnet.de, aby z\u0142o\u017cy\u0107 zam\u00f3wienie i cieszy\u0107 si\u0119 \u015bwietnym do\u015bwiadczeniem vapowania.<\/p>","protected":false},"excerpt":{"rendered":"<p>Die Bang Tn 12000 Puffs ist ein herausragendes Produkt f\u00fcr Dampfer, die auf der Suche nach einer leistungsstarken und geschmacklich \u00fcberzeugenden Einweg-E-Zigarette sind. Mit einer&#8230;<\/p>","protected":false},"featured_media":6251,"template":"","meta":[],"etheme_brands":[],"product_brand":[101],"product_cat":[88,49,61],"product_tag":[],"class_list":{"0":"post-6245","1":"product","2":"type-product","3":"status-publish","4":"has-post-thumbnail","6":"product_brand-bang-king-vape","7":"product_cat-12k-vape","8":"product_cat-einweg-e-zigarette","9":"product_cat-f","11":"first","12":"instock","13":"shipping-taxable","14":"purchasable","15":"product-type-simple"},"yoast_head":"<!-- This site is optimized with the Yoast SEO plugin v26.5 - https:\/\/yoast.com\/wordpress\/plugins\/seo\/ -->\n<title>Bang Tn 12000 Puffs Der erfrischende Watermelon Ice Geschmack in bester Qualit\u00e4t | Vapingnet.de<\/title>\n<meta name=\"description\" content=\"Entdecke Bang Tn 12000 Puffs Der erfrischende Watermelon Ice Geschmack in bester Qualit\u00e4t bei vapingnet.de, \u25ba Gro\u00dfe Auswahl an Geschmacksrichtungen &amp; super g\u00fcnstig!\" \/>\n<meta name=\"robots\" content=\"index, follow, max-snippet:-1, max-image-preview:large, max-video-preview:-1\" \/>\n<link rel=\"canonical\" href=\"https:\/\/vapingnet.de\/pl\/vape\/bang-tn-12000-puffs-der-erfrischende-watermelon-ice-geschmack-in-bester-qualitaet\/\" \/>\n<meta property=\"og:locale\" content=\"pl_PL\" \/>\n<meta property=\"og:type\" content=\"article\" \/>\n<meta property=\"og:title\" content=\"Bang Tn 12000 Puffs Der erfrischende Watermelon Ice Geschmack in bester Qualit\u00e4t | Vapingnet.de\" \/>\n<meta property=\"og:description\" content=\"Entdecke Bang Tn 12000 Puffs Der erfrischende Watermelon Ice Geschmack in bester Qualit\u00e4t bei vapingnet.de, \u25ba Gro\u00dfe Auswahl an Geschmacksrichtungen &amp; super g\u00fcnstig!\" \/>\n<meta property=\"og:url\" content=\"https:\/\/vapingnet.de\/pl\/vape\/bang-tn-12000-puffs-der-erfrischende-watermelon-ice-geschmack-in-bester-qualitaet\/\" \/>\n<meta property=\"og:site_name\" content=\"Vapingnet.de\" \/>\n<meta property=\"article:publisher\" content=\"https:\/\/www.facebook.com\/vapingnetde\/\" \/>\n<meta property=\"article:modified_time\" content=\"2025-12-30T08:40:33+00:00\" \/>\n<meta property=\"og:image\" content=\"https:\/\/vapingnet.de\/wp-content\/uploads\/2025\/04\/Watermelon-Ice.png\" \/>\n\t<meta property=\"og:image:width\" content=\"1000\" \/>\n\t<meta property=\"og:image:height\" content=\"1000\" \/>\n\t<meta property=\"og:image:type\" content=\"image\/png\" \/>\n<meta name=\"twitter:card\" content=\"summary_large_image\" \/>\n<meta name=\"twitter:label1\" content=\"Est. reading time\" \/>\n\t<meta name=\"twitter:data1\" content=\"3 minutes\" \/>\n<script type=\"application\/ld+json\" class=\"yoast-schema-graph\">{\"@context\":\"https:\/\/schema.org\",\"@graph\":[{\"@type\":\"WebPage\",\"@id\":\"https:\/\/vapingnet.de\/vape\/bang-tn-12000-puffs-der-erfrischende-watermelon-ice-geschmack-in-bester-qualitaet\/\",\"url\":\"https:\/\/vapingnet.de\/vape\/bang-tn-12000-puffs-der-erfrischende-watermelon-ice-geschmack-in-bester-qualitaet\/\",\"name\":\"Bang Tn 12000 Puffs Der erfrischende Watermelon Ice Geschmack in bester Qualit\u00e4t | Vapingnet.de\",\"isPartOf\":{\"@id\":\"https:\/\/vapingnet.de\/#website\"},\"primaryImageOfPage\":{\"@id\":\"https:\/\/vapingnet.de\/vape\/bang-tn-12000-puffs-der-erfrischende-watermelon-ice-geschmack-in-bester-qualitaet\/#primaryimage\"},\"image\":{\"@id\":\"https:\/\/vapingnet.de\/vape\/bang-tn-12000-puffs-der-erfrischende-watermelon-ice-geschmack-in-bester-qualitaet\/#primaryimage\"},\"thumbnailUrl\":\"https:\/\/vapingnet.de\/wp-content\/uploads\/2025\/04\/Watermelon-Ice.png\",\"datePublished\":\"2025-04-11T05:55:23+00:00\",\"dateModified\":\"2025-12-30T08:40:33+00:00\",\"description\":\"Entdecke Bang Tn 12000 Puffs Der erfrischende Watermelon Ice Geschmack in bester Qualit\u00e4t bei vapingnet.de, \u25ba Gro\u00dfe Auswahl an Geschmacksrichtungen & super g\u00fcnstig!\",\"breadcrumb\":{\"@id\":\"https:\/\/vapingnet.de\/vape\/bang-tn-12000-puffs-der-erfrischende-watermelon-ice-geschmack-in-bester-qualitaet\/#breadcrumb\"},\"inLanguage\":\"pl-PL\",\"potentialAction\":[{\"@type\":\"ReadAction\",\"target\":[\"https:\/\/vapingnet.de\/vape\/bang-tn-12000-puffs-der-erfrischende-watermelon-ice-geschmack-in-bester-qualitaet\/\"]}]},{\"@type\":\"ImageObject\",\"inLanguage\":\"pl-PL\",\"@id\":\"https:\/\/vapingnet.de\/vape\/bang-tn-12000-puffs-der-erfrischende-watermelon-ice-geschmack-in-bester-qualitaet\/#primaryimage\",\"url\":\"https:\/\/vapingnet.de\/wp-content\/uploads\/2025\/04\/Watermelon-Ice.png\",\"contentUrl\":\"https:\/\/vapingnet.de\/wp-content\/uploads\/2025\/04\/Watermelon-Ice.png\",\"width\":1000,\"height\":1000},{\"@type\":\"BreadcrumbList\",\"@id\":\"https:\/\/vapingnet.de\/vape\/bang-tn-12000-puffs-der-erfrischende-watermelon-ice-geschmack-in-bester-qualitaet\/#breadcrumb\",\"itemListElement\":[{\"@type\":\"ListItem\",\"position\":1,\"name\":\"Home\",\"item\":\"https:\/\/vapingnet.de\/\"},{\"@type\":\"ListItem\",\"position\":2,\"name\":\"Shop\",\"item\":\"https:\/\/vapingnet.de\/vape\/\"},{\"@type\":\"ListItem\",\"position\":3,\"name\":\"Bang Tn 12000 Puffs Der erfrischende Watermelon Ice Geschmack in bester Qualit\u00e4t\"}]},{\"@type\":\"WebSite\",\"@id\":\"https:\/\/vapingnet.de\/#website\",\"url\":\"https:\/\/vapingnet.de\/\",\"name\":\"Vapingnet.de\",\"description\":\"\",\"publisher\":{\"@id\":\"https:\/\/vapingnet.de\/#organization\"},\"potentialAction\":[{\"@type\":\"SearchAction\",\"target\":{\"@type\":\"EntryPoint\",\"urlTemplate\":\"https:\/\/vapingnet.de\/?s={search_term_string}\"},\"query-input\":{\"@type\":\"PropertyValueSpecification\",\"valueRequired\":true,\"valueName\":\"search_term_string\"}}],\"inLanguage\":\"pl-PL\"},{\"@type\":\"Organization\",\"@id\":\"https:\/\/vapingnet.de\/#organization\",\"name\":\"Vapingnet.de\",\"url\":\"https:\/\/vapingnet.de\/\",\"logo\":{\"@type\":\"ImageObject\",\"inLanguage\":\"pl-PL\",\"@id\":\"https:\/\/vapingnet.de\/#\/schema\/logo\/image\/\",\"url\":\"https:\/\/vapingnet.de\/wp-content\/uploads\/2025\/03\/cropped-vapingnet.de_.jpg\",\"contentUrl\":\"https:\/\/vapingnet.de\/wp-content\/uploads\/2025\/03\/cropped-vapingnet.de_.jpg\",\"width\":512,\"height\":512,\"caption\":\"Vapingnet.de\"},\"image\":{\"@id\":\"https:\/\/vapingnet.de\/#\/schema\/logo\/image\/\"},\"sameAs\":[\"https:\/\/www.facebook.com\/vapingnetde\/\"]}]}<\/script>\n<!-- \/ Yoast SEO plugin. -->","yoast_head_json":{"title":"Bang Tn 12000 Puffs Der erfrischende Watermelon Ice Geschmack in bester Qualit\u00e4t | Vapingnet.de","description":"Entdecke Bang Tn 12000 Puffs Der erfrischende Watermelon Ice Geschmack in bester Qualit\u00e4t bei vapingnet.de, \u25ba Gro\u00dfe Auswahl an Geschmacksrichtungen & super g\u00fcnstig!","robots":{"index":"index","follow":"follow","max-snippet":"max-snippet:-1","max-image-preview":"max-image-preview:large","max-video-preview":"max-video-preview:-1"},"canonical":"https:\/\/vapingnet.de\/pl\/vape\/bang-tn-12000-puffs-der-erfrischende-watermelon-ice-geschmack-in-bester-qualitaet\/","og_locale":"pl_PL","og_type":"article","og_title":"Bang Tn 12000 Puffs Der erfrischende Watermelon Ice Geschmack in bester Qualit\u00e4t | Vapingnet.de","og_description":"Entdecke Bang Tn 12000 Puffs Der erfrischende Watermelon Ice Geschmack in bester Qualit\u00e4t bei vapingnet.de, \u25ba Gro\u00dfe Auswahl an Geschmacksrichtungen & super g\u00fcnstig!","og_url":"https:\/\/vapingnet.de\/pl\/vape\/bang-tn-12000-puffs-der-erfrischende-watermelon-ice-geschmack-in-bester-qualitaet\/","og_site_name":"Vapingnet.de","article_publisher":"https:\/\/www.facebook.com\/vapingnetde\/","article_modified_time":"2025-12-30T08:40:33+00:00","og_image":[{"width":1000,"height":1000,"url":"https:\/\/vapingnet.de\/wp-content\/uploads\/2025\/04\/Watermelon-Ice.png","type":"image\/png"}],"twitter_card":"summary_large_image","twitter_misc":{"Est. reading time":"3 minutes"},"schema":{"@context":"https:\/\/schema.org","@graph":[{"@type":"WebPage","@id":"https:\/\/vapingnet.de\/vape\/bang-tn-12000-puffs-der-erfrischende-watermelon-ice-geschmack-in-bester-qualitaet\/","url":"https:\/\/vapingnet.de\/vape\/bang-tn-12000-puffs-der-erfrischende-watermelon-ice-geschmack-in-bester-qualitaet\/","name":"Bang Tn 12000 Puffs Der erfrischende Watermelon Ice Geschmack in bester Qualit\u00e4t | Vapingnet.de","isPartOf":{"@id":"https:\/\/vapingnet.de\/#website"},"primaryImageOfPage":{"@id":"https:\/\/vapingnet.de\/vape\/bang-tn-12000-puffs-der-erfrischende-watermelon-ice-geschmack-in-bester-qualitaet\/#primaryimage"},"image":{"@id":"https:\/\/vapingnet.de\/vape\/bang-tn-12000-puffs-der-erfrischende-watermelon-ice-geschmack-in-bester-qualitaet\/#primaryimage"},"thumbnailUrl":"https:\/\/vapingnet.de\/wp-content\/uploads\/2025\/04\/Watermelon-Ice.png","datePublished":"2025-04-11T05:55:23+00:00","dateModified":"2025-12-30T08:40:33+00:00","description":"Entdecke Bang Tn 12000 Puffs Der erfrischende Watermelon Ice Geschmack in bester Qualit\u00e4t bei vapingnet.de, \u25ba Gro\u00dfe Auswahl an Geschmacksrichtungen & super g\u00fcnstig!","breadcrumb":{"@id":"https:\/\/vapingnet.de\/vape\/bang-tn-12000-puffs-der-erfrischende-watermelon-ice-geschmack-in-bester-qualitaet\/#breadcrumb"},"inLanguage":"pl-PL","potentialAction":[{"@type":"ReadAction","target":["https:\/\/vapingnet.de\/vape\/bang-tn-12000-puffs-der-erfrischende-watermelon-ice-geschmack-in-bester-qualitaet\/"]}]},{"@type":"ImageObject","inLanguage":"pl-PL","@id":"https:\/\/vapingnet.de\/vape\/bang-tn-12000-puffs-der-erfrischende-watermelon-ice-geschmack-in-bester-qualitaet\/#primaryimage","url":"https:\/\/vapingnet.de\/wp-content\/uploads\/2025\/04\/Watermelon-Ice.png","contentUrl":"https:\/\/vapingnet.de\/wp-content\/uploads\/2025\/04\/Watermelon-Ice.png","width":1000,"height":1000},{"@type":"BreadcrumbList","@id":"https:\/\/vapingnet.de\/vape\/bang-tn-12000-puffs-der-erfrischende-watermelon-ice-geschmack-in-bester-qualitaet\/#breadcrumb","itemListElement":[{"@type":"ListItem","position":1,"name":"Home","item":"https:\/\/vapingnet.de\/"},{"@type":"ListItem","position":2,"name":"Shop","item":"https:\/\/vapingnet.de\/vape\/"},{"@type":"ListItem","position":3,"name":"Bang Tn 12000 Puffs Der erfrischende Watermelon Ice Geschmack in bester Qualit\u00e4t"}]},{"@type":"WebSite","@id":"https:\/\/vapingnet.de\/#website","url":"https:\/\/vapingnet.de\/","name":"Vapingnet.de","description":"","publisher":{"@id":"https:\/\/vapingnet.de\/#organization"},"potentialAction":[{"@type":"SearchAction","target":{"@type":"EntryPoint","urlTemplate":"https:\/\/vapingnet.de\/?s={search_term_string}"},"query-input":{"@type":"PropertyValueSpecification","valueRequired":true,"valueName":"search_term_string"}}],"inLanguage":"pl-PL"},{"@type":"Organization","@id":"https:\/\/vapingnet.de\/#organization","name":"Vapingnet.de","url":"https:\/\/vapingnet.de\/","logo":{"@type":"ImageObject","inLanguage":"pl-PL","@id":"https:\/\/vapingnet.de\/#\/schema\/logo\/image\/","url":"https:\/\/vapingnet.de\/wp-content\/uploads\/2025\/03\/cropped-vapingnet.de_.jpg","contentUrl":"https:\/\/vapingnet.de\/wp-content\/uploads\/2025\/03\/cropped-vapingnet.de_.jpg","width":512,"height":512,"caption":"Vapingnet.de"},"image":{"@id":"https:\/\/vapingnet.de\/#\/schema\/logo\/image\/"},"sameAs":["https:\/\/www.facebook.com\/vapingnetde\/"]}]}},"tiered_pricing_type":"fixed","tiered_pricing_fixed_rules":{"10":"7.31","60":"6.58","110":"5.85","200":"5.12"},"tiered_pricing_product_settings":{"layout":"default","base_unit_name":{"singular":null,"plural":null},"default_variation":null},"tiered_pricing_minimum_quantity":null,"tiered_pricing_roles_data":[],"tiered_pricing_percentage_rules":[],"_links":{"self":[{"href":"https:\/\/vapingnet.de\/pl\/wp-json\/wp\/v2\/product\/6245","targetHints":{"allow":["GET"]}}],"collection":[{"href":"https:\/\/vapingnet.de\/pl\/wp-json\/wp\/v2\/product"}],"about":[{"href":"https:\/\/vapingnet.de\/pl\/wp-json\/wp\/v2\/types\/product"}],"version-history":[{"count":1,"href":"https:\/\/vapingnet.de\/pl\/wp-json\/wp\/v2\/product\/6245\/revisions"}],"predecessor-version":[{"id":6257,"href":"https:\/\/vapingnet.de\/pl\/wp-json\/wp\/v2\/product\/6245\/revisions\/6257"}],"wp:featuredmedia":[{"embeddable":true,"href":"https:\/\/vapingnet.de\/pl\/wp-json\/wp\/v2\/media\/6251"}],"wp:attachment":[{"href":"https:\/\/vapingnet.de\/pl\/wp-json\/wp\/v2\/media?parent=6245"}],"wp:term":[{"taxonomy":"brand","embeddable":true,"href":"https:\/\/vapingnet.de\/pl\/wp-json\/wp\/v2\/etheme_brands?post=6245"},{"taxonomy":"product_brand","embeddable":true,"href":"https:\/\/vapingnet.de\/pl\/wp-json\/wp\/v2\/product_brand?post=6245"},{"taxonomy":"product_cat","embeddable":true,"href":"https:\/\/vapingnet.de\/pl\/wp-json\/wp\/v2\/product_cat?post=6245"},{"taxonomy":"product_tag","embeddable":true,"href":"https:\/\/vapingnet.de\/pl\/wp-json\/wp\/v2\/product_tag?post=6245"}],"curies":[{"name":"wp","href":"https:\/\/api.w.org\/{rel}","templated":true}]}}