{"id":6246,"date":"2025-04-11T05:55:28","date_gmt":"2025-04-11T05:55:28","guid":{"rendered":"https:\/\/vapingnet.de\/?post_type=product&#038;p=6246"},"modified":"2025-12-30T08:40:23","modified_gmt":"2025-12-30T08:40:23","slug":"strawberry-banana-bang-tn-12000-puffs-der-weltweite-hit-in-top-qualitaet","status":"publish","type":"product","link":"https:\/\/vapingnet.de\/pl\/vape\/strawberry-banana-bang-tn-12000-puffs-der-weltweite-hit-in-top-qualitaet\/","title":{"rendered":"Strawberry Banana Bang Tn 12000 Puffs Globalny hit w najwy\u017cszej jako\u015bci"},"content":{"rendered":"<h2 data-start=\"27\" data-end=\"102\" data-immersive-translate-walked=\"bca56ad2-5e60-4a94-aef0-9ddaf9a8caff\">Bang Tn 12000 Puffs: Idealny komfort i d\u0142ugotrwa\u0142a przyjemno\u015b\u0107<\/h2>\n<p class=\"\" data-start=\"104\" data-end=\"439\" data-immersive-translate-walked=\"bca56ad2-5e60-4a94-aef0-9ddaf9a8caff\" data-immersive-translate-paragraph=\"1\">Dla palaczy, kt\u00f3rzy szukaj\u0105 praktycznego i trwa\u0142ego rozwi\u0105zania, jednorazowa e-papieros Bang Tn 12000 Puffs to doskona\u0142y wyb\u00f3r. Oferuje nie tylko szeroki wyb\u00f3r smak\u00f3w, ale tak\u017ce \u015bwietny stosunek jako\u015bci do ceny i zapewnia, \u017ce ka\u017cdy zaci\u0105gni\u0119cie si\u0119 to sta\u0142e, przyjemne do\u015bwiadczenie.<\/p>\n<h3 class=\"\" data-start=\"441\" data-end=\"477\" data-immersive-translate-walked=\"bca56ad2-5e60-4a94-aef0-9ddaf9a8caff\">Cechy produktu i wydajno\u015b\u0107<\/h3>\n<ul data-start=\"479\" data-end=\"1059\" data-immersive-translate-walked=\"bca56ad2-5e60-4a94-aef0-9ddaf9a8caff\">\n<li class=\"\" data-start=\"479\" data-end=\"593\" data-immersive-translate-walked=\"bca56ad2-5e60-4a94-aef0-9ddaf9a8caff\">\n<p class=\"\" data-start=\"481\" data-end=\"593\" data-immersive-translate-walked=\"bca56ad2-5e60-4a94-aef0-9ddaf9a8caff\" data-immersive-translate-paragraph=\"1\">Opcje nikotynowe: Wybierz spo\u015br\u00f3d nikotyn 0%, 2%, 3% i 5%, aby znale\u017a\u0107 odpowiedni poziom dla siebie.<\/p>\n<\/li>\n<li class=\"\" data-start=\"594\" data-end=\"723\" data-immersive-translate-walked=\"bca56ad2-5e60-4a94-aef0-9ddaf9a8caff\">\n<p class=\"\" data-start=\"596\" data-end=\"723\" data-immersive-translate-walked=\"bca56ad2-5e60-4a94-aef0-9ddaf9a8caff\" data-immersive-translate-paragraph=\"1\">P\u0142yn: Z 20 ml p\u0142ynu ta jednorazowa e-papieros zapewnia imponuj\u0105cy zasi\u0119g do 12 000 zaci\u0105gni\u0119\u0107.<\/p>\n<\/li>\n<li class=\"\" data-start=\"724\" data-end=\"836\" data-immersive-translate-walked=\"bca56ad2-5e60-4a94-aef0-9ddaf9a8caff\">\n<p class=\"\" data-start=\"726\" data-end=\"836\" data-immersive-translate-walked=\"bca56ad2-5e60-4a94-aef0-9ddaf9a8caff\" data-immersive-translate-paragraph=\"1\">Bateria: Bateria o pojemno\u015bci 650mAh zapewnia d\u0142ugie u\u017cytkowanie bez konieczno\u015bci cz\u0119stego \u0142adowania.<\/p>\n<\/li>\n<li class=\"\" data-start=\"837\" data-end=\"936\" data-immersive-translate-walked=\"bca56ad2-5e60-4a94-aef0-9ddaf9a8caff\">\n<p class=\"\" data-start=\"839\" data-end=\"936\" data-immersive-translate-walked=\"bca56ad2-5e60-4a94-aef0-9ddaf9a8caff\" data-immersive-translate-paragraph=\"1\">Port \u0142adowania: Dzi\u0119ki nowoczesnemu portowi Type-C \u0142adowanie jest szybkie i wygodne.<\/p>\n<\/li>\n<li class=\"\" data-start=\"937\" data-end=\"1059\" data-immersive-translate-walked=\"bca56ad2-5e60-4a94-aef0-9ddaf9a8caff\">\n<p class=\"\" data-start=\"939\" data-end=\"1059\" data-immersive-translate-walked=\"bca56ad2-5e60-4a94-aef0-9ddaf9a8caff\" data-immersive-translate-paragraph=\"1\">System grzewczy: Wyposa\u017cony w siatk\u0119 grzewcz\u0105 o oporno\u015bci 1,2\u03a9, kt\u00f3ra zapewnia r\u00f3wnomierne i intensywne wydzielanie pary.<\/p>\n<\/li>\n<\/ul>\n<h5 data-start=\"1061\" data-end=\"1110\" data-immersive-translate-walked=\"bca56ad2-5e60-4a94-aef0-9ddaf9a8caff\">Smak: \u015awie\u017cy smak owocowy<\/h5>\n<p class=\"\" data-start=\"1112\" data-end=\"1394\" data-immersive-translate-walked=\"bca56ad2-5e60-4a94-aef0-9ddaf9a8caff\" data-immersive-translate-paragraph=\"1\">Bang Tn 12000 Puffs z smakiem Watermelon Ice to orze\u017awiaj\u0105ca kombinacja s\u0142odkiej arbuzowej nuty i ch\u0142odnego lodowego akcentu. Ten owocowy smak jest doskonale podkre\u015blony przez siatk\u0119 grzewcz\u0105, dzi\u0119ki czemu ka\u017cde zaci\u0105gni\u0119cie si\u0119 to prawdziwa uczta dla zmys\u0142\u00f3w.<\/p>\n<h5 data-start=\"1396\" data-end=\"1437\" data-immersive-translate-walked=\"bca56ad2-5e60-4a94-aef0-9ddaf9a8caff\">Szybka dostawa: 7-15 dni roboczych<\/h5>\n<p class=\"\" data-start=\"1439\" data-end=\"1700\" data-immersive-translate-walked=\"bca56ad2-5e60-4a94-aef0-9ddaf9a8caff\" data-immersive-translate-paragraph=\"1\">Z zam\u00f3wieniem Bang Tn 12000 Puffs przez vapingnet.de mo\u017cesz liczy\u0107 na szybk\u0105 dostaw\u0119 w ci\u0105gu 7 do 15 dni roboczych. Produkty s\u0105 wysy\u0142ane szybko, dzi\u0119ki czemu wkr\u00f3tce b\u0119dziesz m\u00f3g\u0142 zacz\u0105\u0107 vapowa\u0107 bez d\u0142ugiego oczekiwania.<\/p>\n<h5 data-start=\"1702\" data-end=\"1744\" data-immersive-translate-walked=\"bca56ad2-5e60-4a94-aef0-9ddaf9a8caff\">Bez c\u0142a: Brak ukrytych koszt\u00f3w<\/h5>\n<p class=\"\" data-start=\"1746\" data-end=\"2001\" data-immersive-translate-walked=\"bca56ad2-5e60-4a94-aef0-9ddaf9a8caff\" data-immersive-translate-paragraph=\"1\">Kolejn\u0105 du\u017c\u0105 zalet\u0105 zakupu tego e-papierosa jest to, \u017ce wysy\u0142ka na terenie UE odbywa si\u0119 bez c\u0142a. Oznacza to, \u017ce nie ponosisz dodatkowych op\u0142at celnych ani podatk\u00f3w. P\u0142acisz tylko za produkt, bez niespodziewanych koszt\u00f3w dodatkowych.<\/p>\n<h3 class=\"\" data-start=\"2003\" data-end=\"2058\" data-immersive-translate-walked=\"bca56ad2-5e60-4a94-aef0-9ddaf9a8caff\">Idealny dla r\u00f3\u017cnych potrzeb u\u017cytkownik\u00f3w<\/h3>\n<p class=\"\" data-start=\"2060\" data-end=\"2508\" data-immersive-translate-walked=\"bca56ad2-5e60-4a94-aef0-9ddaf9a8caff\" data-immersive-translate-paragraph=\"1\">Jednorazowy e-papieros Bang Tn 12000 Puffs to doskona\u0142y wyb\u00f3r dla palaczy na ka\u017cdym poziomie zaawansowania. Oferuje du\u017c\u0105 pojemno\u015b\u0107 p\u0142ynu i szeroki wyb\u00f3r st\u0119\u017ce\u0144 nikotyny, spe\u0142niaj\u0105c potrzeby najbardziej zr\u00f3\u017cnicowanych u\u017cytkownik\u00f3w. Przyjemne do\u015bwiadczenie vapowania, \u0142atwo\u015b\u0107 obs\u0142ugi i szybka dostawa sprawiaj\u0105, \u017ce ten e-papieros to \u015bwietny wyb\u00f3r dla wszystkich, kt\u00f3rzy szukaj\u0105 wygodnego i smacznego rozwi\u0105zania.<\/p>\n<p class=\"\" data-start=\"2510\" data-end=\"2636\" data-immersive-translate-walked=\"bca56ad2-5e60-4a94-aef0-9ddaf9a8caff\" data-immersive-translate-paragraph=\"1\">Zam\u00f3w ju\u017c dzi\u015b w vapingnet.de i do\u015bwiadcz komfortu szybkiej dostawy bez dodatkowych op\u0142at!<\/p>","protected":false},"excerpt":{"rendered":"<p>Bang Tn 12000 Puffs: Idealna wygoda i d\u0142ugotrwa\u0142a przyjemno\u015b\u0107. Dla palaczy szukaj\u0105cych praktycznego i trwa\u0142ego rozwi\u0105zania, Bang Tn 12000 Puffs to...<\/p>","protected":false},"featured_media":6252,"template":"","meta":[],"etheme_brands":[],"product_brand":[101],"product_cat":[88,49,61],"product_tag":[],"class_list":{"0":"post-6246","1":"product","2":"type-product","3":"status-publish","4":"has-post-thumbnail","6":"product_brand-bang-king-vape","7":"product_cat-12k-vape","8":"product_cat-einweg-e-zigarette","9":"product_cat-f","11":"first","12":"instock","13":"shipping-taxable","14":"purchasable","15":"product-type-simple"},"yoast_head":"<!-- This site is optimized with the Yoast SEO plugin v26.5 - https:\/\/yoast.com\/wordpress\/plugins\/seo\/ -->\n<title>Strawberry Banana Bang Tn 12000 Puffs Der weltweite Hit in Top Qualit\u00e4t | Vapingnet.de<\/title>\n<meta name=\"description\" content=\"Entdecke Strawberry Banana Bang Tn 12000 Puffs Der weltweite Hit in Top Qualit\u00e4t bei vapingnet.de, \u25ba Gro\u00dfe Auswahl an Geschmacksrichtungen &amp; super g\u00fcnstig!\" \/>\n<meta name=\"robots\" content=\"index, follow, max-snippet:-1, max-image-preview:large, max-video-preview:-1\" \/>\n<link rel=\"canonical\" href=\"https:\/\/vapingnet.de\/pl\/vape\/strawberry-banana-bang-tn-12000-puffs-der-weltweite-hit-in-top-qualitaet\/\" \/>\n<meta property=\"og:locale\" content=\"pl_PL\" \/>\n<meta property=\"og:type\" content=\"article\" \/>\n<meta property=\"og:title\" content=\"Strawberry Banana Bang Tn 12000 Puffs Der weltweite Hit in Top Qualit\u00e4t | Vapingnet.de\" \/>\n<meta property=\"og:description\" content=\"Entdecke Strawberry Banana Bang Tn 12000 Puffs Der weltweite Hit in Top Qualit\u00e4t bei vapingnet.de, \u25ba Gro\u00dfe Auswahl an Geschmacksrichtungen &amp; super g\u00fcnstig!\" \/>\n<meta property=\"og:url\" content=\"https:\/\/vapingnet.de\/pl\/vape\/strawberry-banana-bang-tn-12000-puffs-der-weltweite-hit-in-top-qualitaet\/\" \/>\n<meta property=\"og:site_name\" content=\"Vapingnet.de\" \/>\n<meta property=\"article:publisher\" content=\"https:\/\/www.facebook.com\/vapingnetde\/\" \/>\n<meta property=\"article:modified_time\" content=\"2025-12-30T08:40:23+00:00\" \/>\n<meta property=\"og:image\" content=\"https:\/\/vapingnet.de\/wp-content\/uploads\/2025\/04\/Strawberry-Banana.png\" \/>\n\t<meta property=\"og:image:width\" content=\"1000\" \/>\n\t<meta property=\"og:image:height\" content=\"1000\" \/>\n\t<meta property=\"og:image:type\" content=\"image\/png\" \/>\n<meta name=\"twitter:card\" content=\"summary_large_image\" \/>\n<meta name=\"twitter:label1\" content=\"Est. reading time\" \/>\n\t<meta name=\"twitter:data1\" content=\"3 minutes\" \/>\n<script type=\"application\/ld+json\" class=\"yoast-schema-graph\">{\"@context\":\"https:\/\/schema.org\",\"@graph\":[{\"@type\":\"WebPage\",\"@id\":\"https:\/\/vapingnet.de\/vape\/strawberry-banana-bang-tn-12000-puffs-der-weltweite-hit-in-top-qualitaet\/\",\"url\":\"https:\/\/vapingnet.de\/vape\/strawberry-banana-bang-tn-12000-puffs-der-weltweite-hit-in-top-qualitaet\/\",\"name\":\"Strawberry Banana Bang Tn 12000 Puffs Der weltweite Hit in Top Qualit\u00e4t | Vapingnet.de\",\"isPartOf\":{\"@id\":\"https:\/\/vapingnet.de\/#website\"},\"primaryImageOfPage\":{\"@id\":\"https:\/\/vapingnet.de\/vape\/strawberry-banana-bang-tn-12000-puffs-der-weltweite-hit-in-top-qualitaet\/#primaryimage\"},\"image\":{\"@id\":\"https:\/\/vapingnet.de\/vape\/strawberry-banana-bang-tn-12000-puffs-der-weltweite-hit-in-top-qualitaet\/#primaryimage\"},\"thumbnailUrl\":\"https:\/\/vapingnet.de\/wp-content\/uploads\/2025\/04\/Strawberry-Banana.png\",\"datePublished\":\"2025-04-11T05:55:28+00:00\",\"dateModified\":\"2025-12-30T08:40:23+00:00\",\"description\":\"Entdecke Strawberry Banana Bang Tn 12000 Puffs Der weltweite Hit in Top Qualit\u00e4t bei vapingnet.de, \u25ba Gro\u00dfe Auswahl an Geschmacksrichtungen & super g\u00fcnstig!\",\"breadcrumb\":{\"@id\":\"https:\/\/vapingnet.de\/vape\/strawberry-banana-bang-tn-12000-puffs-der-weltweite-hit-in-top-qualitaet\/#breadcrumb\"},\"inLanguage\":\"pl-PL\",\"potentialAction\":[{\"@type\":\"ReadAction\",\"target\":[\"https:\/\/vapingnet.de\/vape\/strawberry-banana-bang-tn-12000-puffs-der-weltweite-hit-in-top-qualitaet\/\"]}]},{\"@type\":\"ImageObject\",\"inLanguage\":\"pl-PL\",\"@id\":\"https:\/\/vapingnet.de\/vape\/strawberry-banana-bang-tn-12000-puffs-der-weltweite-hit-in-top-qualitaet\/#primaryimage\",\"url\":\"https:\/\/vapingnet.de\/wp-content\/uploads\/2025\/04\/Strawberry-Banana.png\",\"contentUrl\":\"https:\/\/vapingnet.de\/wp-content\/uploads\/2025\/04\/Strawberry-Banana.png\",\"width\":1000,\"height\":1000},{\"@type\":\"BreadcrumbList\",\"@id\":\"https:\/\/vapingnet.de\/vape\/strawberry-banana-bang-tn-12000-puffs-der-weltweite-hit-in-top-qualitaet\/#breadcrumb\",\"itemListElement\":[{\"@type\":\"ListItem\",\"position\":1,\"name\":\"Home\",\"item\":\"https:\/\/vapingnet.de\/\"},{\"@type\":\"ListItem\",\"position\":2,\"name\":\"Shop\",\"item\":\"https:\/\/vapingnet.de\/vape\/\"},{\"@type\":\"ListItem\",\"position\":3,\"name\":\"Strawberry Banana Bang Tn 12000 Puffs Der weltweite Hit in Top Qualit\u00e4t\"}]},{\"@type\":\"WebSite\",\"@id\":\"https:\/\/vapingnet.de\/#website\",\"url\":\"https:\/\/vapingnet.de\/\",\"name\":\"Vapingnet.de\",\"description\":\"\",\"publisher\":{\"@id\":\"https:\/\/vapingnet.de\/#organization\"},\"potentialAction\":[{\"@type\":\"SearchAction\",\"target\":{\"@type\":\"EntryPoint\",\"urlTemplate\":\"https:\/\/vapingnet.de\/?s={search_term_string}\"},\"query-input\":{\"@type\":\"PropertyValueSpecification\",\"valueRequired\":true,\"valueName\":\"search_term_string\"}}],\"inLanguage\":\"pl-PL\"},{\"@type\":\"Organization\",\"@id\":\"https:\/\/vapingnet.de\/#organization\",\"name\":\"Vapingnet.de\",\"url\":\"https:\/\/vapingnet.de\/\",\"logo\":{\"@type\":\"ImageObject\",\"inLanguage\":\"pl-PL\",\"@id\":\"https:\/\/vapingnet.de\/#\/schema\/logo\/image\/\",\"url\":\"https:\/\/vapingnet.de\/wp-content\/uploads\/2025\/03\/cropped-vapingnet.de_.jpg\",\"contentUrl\":\"https:\/\/vapingnet.de\/wp-content\/uploads\/2025\/03\/cropped-vapingnet.de_.jpg\",\"width\":512,\"height\":512,\"caption\":\"Vapingnet.de\"},\"image\":{\"@id\":\"https:\/\/vapingnet.de\/#\/schema\/logo\/image\/\"},\"sameAs\":[\"https:\/\/www.facebook.com\/vapingnetde\/\"]}]}<\/script>\n<!-- \/ Yoast SEO plugin. -->","yoast_head_json":{"title":"Strawberry Banana Bang Tn 12000 Puffs Der weltweite Hit in Top Qualit\u00e4t | Vapingnet.de","description":"Entdecke Strawberry Banana Bang Tn 12000 Puffs Der weltweite Hit in Top Qualit\u00e4t bei vapingnet.de, \u25ba Gro\u00dfe Auswahl an Geschmacksrichtungen & super g\u00fcnstig!","robots":{"index":"index","follow":"follow","max-snippet":"max-snippet:-1","max-image-preview":"max-image-preview:large","max-video-preview":"max-video-preview:-1"},"canonical":"https:\/\/vapingnet.de\/pl\/vape\/strawberry-banana-bang-tn-12000-puffs-der-weltweite-hit-in-top-qualitaet\/","og_locale":"pl_PL","og_type":"article","og_title":"Strawberry Banana Bang Tn 12000 Puffs Der weltweite Hit in Top Qualit\u00e4t | Vapingnet.de","og_description":"Entdecke Strawberry Banana Bang Tn 12000 Puffs Der weltweite Hit in Top Qualit\u00e4t bei vapingnet.de, \u25ba Gro\u00dfe Auswahl an Geschmacksrichtungen & super g\u00fcnstig!","og_url":"https:\/\/vapingnet.de\/pl\/vape\/strawberry-banana-bang-tn-12000-puffs-der-weltweite-hit-in-top-qualitaet\/","og_site_name":"Vapingnet.de","article_publisher":"https:\/\/www.facebook.com\/vapingnetde\/","article_modified_time":"2025-12-30T08:40:23+00:00","og_image":[{"width":1000,"height":1000,"url":"https:\/\/vapingnet.de\/wp-content\/uploads\/2025\/04\/Strawberry-Banana.png","type":"image\/png"}],"twitter_card":"summary_large_image","twitter_misc":{"Est. reading time":"3 minutes"},"schema":{"@context":"https:\/\/schema.org","@graph":[{"@type":"WebPage","@id":"https:\/\/vapingnet.de\/vape\/strawberry-banana-bang-tn-12000-puffs-der-weltweite-hit-in-top-qualitaet\/","url":"https:\/\/vapingnet.de\/vape\/strawberry-banana-bang-tn-12000-puffs-der-weltweite-hit-in-top-qualitaet\/","name":"Strawberry Banana Bang Tn 12000 Puffs Der weltweite Hit in Top Qualit\u00e4t | Vapingnet.de","isPartOf":{"@id":"https:\/\/vapingnet.de\/#website"},"primaryImageOfPage":{"@id":"https:\/\/vapingnet.de\/vape\/strawberry-banana-bang-tn-12000-puffs-der-weltweite-hit-in-top-qualitaet\/#primaryimage"},"image":{"@id":"https:\/\/vapingnet.de\/vape\/strawberry-banana-bang-tn-12000-puffs-der-weltweite-hit-in-top-qualitaet\/#primaryimage"},"thumbnailUrl":"https:\/\/vapingnet.de\/wp-content\/uploads\/2025\/04\/Strawberry-Banana.png","datePublished":"2025-04-11T05:55:28+00:00","dateModified":"2025-12-30T08:40:23+00:00","description":"Entdecke Strawberry Banana Bang Tn 12000 Puffs Der weltweite Hit in Top Qualit\u00e4t bei vapingnet.de, \u25ba Gro\u00dfe Auswahl an Geschmacksrichtungen & super g\u00fcnstig!","breadcrumb":{"@id":"https:\/\/vapingnet.de\/vape\/strawberry-banana-bang-tn-12000-puffs-der-weltweite-hit-in-top-qualitaet\/#breadcrumb"},"inLanguage":"pl-PL","potentialAction":[{"@type":"ReadAction","target":["https:\/\/vapingnet.de\/vape\/strawberry-banana-bang-tn-12000-puffs-der-weltweite-hit-in-top-qualitaet\/"]}]},{"@type":"ImageObject","inLanguage":"pl-PL","@id":"https:\/\/vapingnet.de\/vape\/strawberry-banana-bang-tn-12000-puffs-der-weltweite-hit-in-top-qualitaet\/#primaryimage","url":"https:\/\/vapingnet.de\/wp-content\/uploads\/2025\/04\/Strawberry-Banana.png","contentUrl":"https:\/\/vapingnet.de\/wp-content\/uploads\/2025\/04\/Strawberry-Banana.png","width":1000,"height":1000},{"@type":"BreadcrumbList","@id":"https:\/\/vapingnet.de\/vape\/strawberry-banana-bang-tn-12000-puffs-der-weltweite-hit-in-top-qualitaet\/#breadcrumb","itemListElement":[{"@type":"ListItem","position":1,"name":"Home","item":"https:\/\/vapingnet.de\/"},{"@type":"ListItem","position":2,"name":"Shop","item":"https:\/\/vapingnet.de\/vape\/"},{"@type":"ListItem","position":3,"name":"Strawberry Banana Bang Tn 12000 Puffs Der weltweite Hit in Top Qualit\u00e4t"}]},{"@type":"WebSite","@id":"https:\/\/vapingnet.de\/#website","url":"https:\/\/vapingnet.de\/","name":"Vapingnet.de","description":"","publisher":{"@id":"https:\/\/vapingnet.de\/#organization"},"potentialAction":[{"@type":"SearchAction","target":{"@type":"EntryPoint","urlTemplate":"https:\/\/vapingnet.de\/?s={search_term_string}"},"query-input":{"@type":"PropertyValueSpecification","valueRequired":true,"valueName":"search_term_string"}}],"inLanguage":"pl-PL"},{"@type":"Organization","@id":"https:\/\/vapingnet.de\/#organization","name":"Vapingnet.de","url":"https:\/\/vapingnet.de\/","logo":{"@type":"ImageObject","inLanguage":"pl-PL","@id":"https:\/\/vapingnet.de\/#\/schema\/logo\/image\/","url":"https:\/\/vapingnet.de\/wp-content\/uploads\/2025\/03\/cropped-vapingnet.de_.jpg","contentUrl":"https:\/\/vapingnet.de\/wp-content\/uploads\/2025\/03\/cropped-vapingnet.de_.jpg","width":512,"height":512,"caption":"Vapingnet.de"},"image":{"@id":"https:\/\/vapingnet.de\/#\/schema\/logo\/image\/"},"sameAs":["https:\/\/www.facebook.com\/vapingnetde\/"]}]}},"tiered_pricing_type":"fixed","tiered_pricing_fixed_rules":{"10":"7.31","60":"6.58","110":"5.85","200":"5.12"},"tiered_pricing_product_settings":{"layout":"default","base_unit_name":{"singular":null,"plural":null},"default_variation":null},"tiered_pricing_minimum_quantity":null,"tiered_pricing_roles_data":[],"tiered_pricing_percentage_rules":[],"_links":{"self":[{"href":"https:\/\/vapingnet.de\/pl\/wp-json\/wp\/v2\/product\/6246","targetHints":{"allow":["GET"]}}],"collection":[{"href":"https:\/\/vapingnet.de\/pl\/wp-json\/wp\/v2\/product"}],"about":[{"href":"https:\/\/vapingnet.de\/pl\/wp-json\/wp\/v2\/types\/product"}],"version-history":[{"count":1,"href":"https:\/\/vapingnet.de\/pl\/wp-json\/wp\/v2\/product\/6246\/revisions"}],"predecessor-version":[{"id":6258,"href":"https:\/\/vapingnet.de\/pl\/wp-json\/wp\/v2\/product\/6246\/revisions\/6258"}],"wp:featuredmedia":[{"embeddable":true,"href":"https:\/\/vapingnet.de\/pl\/wp-json\/wp\/v2\/media\/6252"}],"wp:attachment":[{"href":"https:\/\/vapingnet.de\/pl\/wp-json\/wp\/v2\/media?parent=6246"}],"wp:term":[{"taxonomy":"brand","embeddable":true,"href":"https:\/\/vapingnet.de\/pl\/wp-json\/wp\/v2\/etheme_brands?post=6246"},{"taxonomy":"product_brand","embeddable":true,"href":"https:\/\/vapingnet.de\/pl\/wp-json\/wp\/v2\/product_brand?post=6246"},{"taxonomy":"product_cat","embeddable":true,"href":"https:\/\/vapingnet.de\/pl\/wp-json\/wp\/v2\/product_cat?post=6246"},{"taxonomy":"product_tag","embeddable":true,"href":"https:\/\/vapingnet.de\/pl\/wp-json\/wp\/v2\/product_tag?post=6246"}],"curies":[{"name":"wp","href":"https:\/\/api.w.org\/{rel}","templated":true}]}}