{"id":6265,"date":"2025-04-11T07:13:16","date_gmt":"2025-04-11T07:13:16","guid":{"rendered":"https:\/\/vapingnet.de\/?post_type=product&#038;p=6265"},"modified":"2025-06-19T03:39:54","modified_gmt":"2025-06-19T03:39:54","slug":"weltweit-beliebt-bang-king-smart-screen-15000-puff-mit-strawberry-watermelon-wholesale-preis","status":"publish","type":"product","link":"https:\/\/vapingnet.de\/pl\/vape\/weltweit-beliebt-bang-king-smart-screen-15000-puff-mit-strawberry-watermelon-wholesale-preis\/","title":{"rendered":"\u015awiatowo popularny Bang King Smart Screen 15000 Puff z truskawk\u0105 i arbuzem w hurtowej cenie"},"content":{"rendered":"<h2 data-start=\"0\" data-end=\"68\" data-immersive-translate-walked=\"4c2d9c40-b75a-4665-9f09-a77bdc8dae8b\">Bang King Smart Screen 15000 Puff: Idealny wyb\u00f3r dla palaczy elektronicznych<\/h2>\n<p class=\"\" data-start=\"70\" data-end=\"407\" data-immersive-translate-walked=\"4c2d9c40-b75a-4665-9f09-a77bdc8dae8b\" data-immersive-translate-paragraph=\"1\">Bang King Smart Screen 15000 Puff to wyj\u0105tkowa jednorazowa e-papieros, kt\u00f3ra wyr\u00f3\u017cnia si\u0119 wydajno\u015bci\u0105, \u0142atwo\u015bci\u0105 obs\u0142ugi i smakiem. Dzi\u0119ki najnowszej technologii i unikalnemu designowi oferuje wszystko, czego szukaj\u0105 palacze elektroniczni \u2013 od d\u0142ugiej trwa\u0142o\u015bci po intensywne doznania smakowe.<\/p>\n<h4 data-start=\"409\" data-end=\"442\" data-immersive-translate-walked=\"4c2d9c40-b75a-4665-9f09-a77bdc8dae8b\">Szczeg\u00f3\u0142y cech produktu<\/h4>\n<p class=\"\" data-start=\"444\" data-end=\"812\" data-immersive-translate-walked=\"4c2d9c40-b75a-4665-9f09-a77bdc8dae8b\" data-immersive-translate-paragraph=\"1\">Mesh Coil (1.0 Ohm):<br data-start=\"468\" data-end=\"471\" data-immersive-translate-walked=\"4c2d9c40-b75a-4665-9f09-a77bdc8dae8b\" \/>Ten e-papieros jest wyposa\u017cony w mesh coil, kt\u00f3ry zapewnia r\u00f3wnomierne odparowywanie i intensywniejsze doznania smakowe. Technologia mesh umo\u017cliwia lepsz\u0105 cyrkulacj\u0119 powietrza i r\u00f3wnomierne odparowywanie e-liquid, co przek\u0142ada si\u0119 na lepszy smak i d\u0142u\u017csz\u0105 \u017cywotno\u015b\u0107 produktu.<\/p>\n<p class=\"\" data-start=\"814\" data-end=\"1100\" data-immersive-translate-walked=\"4c2d9c40-b75a-4665-9f09-a77bdc8dae8b\" data-immersive-translate-paragraph=\"1\">Pojemno\u015b\u0107 baterii (650mAh):<br data-start=\"845\" data-end=\"848\" data-immersive-translate-walked=\"4c2d9c40-b75a-4665-9f09-a77bdc8dae8b\" \/>Dzi\u0119ki baterii o pojemno\u015bci 650mAh, Bang King Smart Screen 15000 Puff zapewnia d\u0142ugotrwa\u0142e korzystanie z urz\u0105dzenia. Bateria gwarantuje, \u017ce e-papieros mo\u017cna u\u017cywa\u0107 przez d\u0142ugi czas bez konieczno\u015bci \u0142adowania.<\/p>\n<p class=\"\" data-start=\"1102\" data-end=\"1347\" data-immersive-translate-walked=\"4c2d9c40-b75a-4665-9f09-a77bdc8dae8b\" data-immersive-translate-paragraph=\"1\">Pojemno\u015b\u0107 e-liquid (25ml):<br data-start=\"1132\" data-end=\"1135\" data-immersive-translate-walked=\"4c2d9c40-b75a-4665-9f09-a77bdc8dae8b\" \/>Dzi\u0119ki du\u017cej pojemno\u015bci 25ml e-liquid, nie musisz si\u0119 martwi\u0107 o cz\u0119ste uzupe\u0142nianie. Ten e-papieros oferuje d\u0142ugi czas palenia i pozwala cieszy\u0107 si\u0119 nim bez przerw.<\/p>\n<h4 data-start=\"1349\" data-end=\"1401\" data-immersive-translate-walked=\"4c2d9c40-b75a-4665-9f09-a77bdc8dae8b\">R\u00f3\u017cnorodne poziomy nikotyny dla ka\u017cdego gustu<\/h4>\n<p class=\"\" data-start=\"1403\" data-end=\"1548\" data-immersive-translate-walked=\"4c2d9c40-b75a-4665-9f09-a77bdc8dae8b\" data-immersive-translate-paragraph=\"1\">Bang King Smart Screen 15000 Puff jest dost\u0119pny w r\u00f3\u017cnych poziomach nikotyny, aby\u015b m\u00f3g\u0142 znale\u017a\u0107 odpowiednie dla siebie do\u015bwiadczenie:<\/p>\n<ul data-start=\"1550\" data-end=\"1723\" data-immersive-translate-walked=\"4c2d9c40-b75a-4665-9f09-a77bdc8dae8b\">\n<li class=\"\" data-start=\"1550\" data-end=\"1635\" data-immersive-translate-walked=\"4c2d9c40-b75a-4665-9f09-a77bdc8dae8b\">\n<p class=\"\" data-start=\"1552\" data-end=\"1635\" data-immersive-translate-walked=\"4c2d9c40-b75a-4665-9f09-a77bdc8dae8b\" data-immersive-translate-paragraph=\"1\">0% nikotyna: Idealna dla palaczy, kt\u00f3rzy chc\u0105 cieszy\u0107 si\u0119 smakiem bez nikotyny.<\/p>\n<\/li>\n<li class=\"\" data-start=\"1636\" data-end=\"1723\" data-immersive-translate-walked=\"4c2d9c40-b75a-4665-9f09-a77bdc8dae8b\">\n<p class=\"\" data-start=\"1638\" data-end=\"1723\" data-immersive-translate-walked=\"4c2d9c40-b75a-4665-9f09-a77bdc8dae8b\" data-immersive-translate-paragraph=\"1\">2%, 3% i 5% nikotyna: Dla tych, kt\u00f3rzy szukaj\u0105 silniejszego do\u015bwiadczenia nikotynowego.<\/p>\n<\/li>\n<\/ul>\n<h4 data-start=\"1725\" data-end=\"1772\" data-immersive-translate-walked=\"4c2d9c40-b75a-4665-9f09-a77bdc8dae8b\">Wy\u015bwietlacz LED i port \u0142adowania USB typu-C<\/h4>\n<p class=\"\" data-start=\"1774\" data-end=\"2052\" data-immersive-translate-walked=\"4c2d9c40-b75a-4665-9f09-a77bdc8dae8b\" data-immersive-translate-paragraph=\"1\">Bang King Smart Screen 15000 Puff wyposa\u017cony jest w praktyczny wy\u015bwietlacz LED, kt\u00f3ry pokazuje poziom na\u0142adowania baterii i poziom nape\u0142nienia e-liquid. Dodatkowo posiada nowoczesny port \u0142adowania typu-C, co czyni \u0142adowanie szybkim i prostym.<\/p>\n<h4 data-start=\"2054\" data-end=\"2105\" data-immersive-translate-walked=\"4c2d9c40-b75a-4665-9f09-a77bdc8dae8b\">Wy\u015bmienity smak: Truskawka z arbuzem<\/h4>\n<p class=\"\" data-start=\"2107\" data-end=\"2321\" data-immersive-translate-walked=\"4c2d9c40-b75a-4665-9f09-a77bdc8dae8b\" data-immersive-translate-paragraph=\"1\">Smak truskawki z arbuzem w tym e-papierosie \u0142\u0105czy s\u0142odkie truskawki z soczystym arbuzem. Ta owocowa mieszanka zapewnia orze\u017awiaj\u0105ce doznania podczas palenia, kt\u00f3re towarzysz\u0105 Ci przez ca\u0142y dzie\u0144.<\/p>\n<h3>Zalety Bang King Smart Screen 15000 Puff<\/h3>\n<ul data-start=\"2379\" data-end=\"2858\" data-immersive-translate-walked=\"4c2d9c40-b75a-4665-9f09-a77bdc8dae8b\">\n<li class=\"\" data-start=\"2379\" data-end=\"2471\" data-immersive-translate-walked=\"4c2d9c40-b75a-4665-9f09-a77bdc8dae8b\">\n<p class=\"\" data-start=\"2381\" data-end=\"2471\" data-immersive-translate-walked=\"4c2d9c40-b75a-4665-9f09-a77bdc8dae8b\" data-immersive-translate-paragraph=\"1\">D\u0142ugi czas palenia dzi\u0119ki du\u017cej pojemno\u015bci e-liquid i mocnej baterii.<\/p>\n<\/li>\n<li class=\"\" data-start=\"2472\" data-end=\"2579\" data-immersive-translate-walked=\"4c2d9c40-b75a-4665-9f09-a77bdc8dae8b\">\n<p class=\"\" data-start=\"2474\" data-end=\"2579\" data-immersive-translate-walked=\"4c2d9c40-b75a-4665-9f09-a77bdc8dae8b\" data-immersive-translate-paragraph=\"1\">R\u00f3\u017cne poziomy nikotyny (0%, 2%, 3%, 5%), aby sprosta\u0107 Twoim indywidualnym potrzebom.<\/p>\n<\/li>\n<li class=\"\" data-start=\"2580\" data-end=\"2643\" data-immersive-translate-walked=\"4c2d9c40-b75a-4665-9f09-a77bdc8dae8b\">\n<p class=\"\" data-start=\"2582\" data-end=\"2643\" data-immersive-translate-walked=\"4c2d9c40-b75a-4665-9f09-a77bdc8dae8b\" data-immersive-translate-paragraph=\"1\">Wy\u015bwietlacz LED do pokazania poziomu E-liquid i baterii.<\/p>\n<\/li>\n<li class=\"\" data-start=\"2644\" data-end=\"2701\" data-immersive-translate-walked=\"4c2d9c40-b75a-4665-9f09-a77bdc8dae8b\">\n<p class=\"\" data-start=\"2646\" data-end=\"2701\" data-immersive-translate-walked=\"4c2d9c40-b75a-4665-9f09-a77bdc8dae8b\" data-immersive-translate-paragraph=\"1\">Szybkie \u0142adowanie za pomoc\u0105 portu \u0142adowania typu-C.<\/p>\n<\/li>\n<li class=\"\" data-start=\"2702\" data-end=\"2762\" data-immersive-translate-walked=\"4c2d9c40-b75a-4665-9f09-a77bdc8dae8b\">\n<p class=\"\" data-start=\"2704\" data-end=\"2762\" data-immersive-translate-walked=\"4c2d9c40-b75a-4665-9f09-a77bdc8dae8b\" data-immersive-translate-paragraph=\"1\">Orze\u017awiaj\u0105cy smak truskawki z arbuzem.<\/p>\n<\/li>\n<li class=\"\" data-start=\"2763\" data-end=\"2858\" data-immersive-translate-walked=\"4c2d9c40-b75a-4665-9f09-a77bdc8dae8b\">\n<p class=\"\" data-start=\"2765\" data-end=\"2858\" data-immersive-translate-walked=\"4c2d9c40-b75a-4665-9f09-a77bdc8dae8b\" data-immersive-translate-paragraph=\"1\">Wysy\u0142ka bez op\u0142at celnych i dostawa w ci\u0105gu 7-15 dni roboczych na vapingnet.de.<\/p>\n<\/li>\n<\/ul>\n<h4 data-start=\"2860\" data-end=\"2942\" data-immersive-translate-walked=\"4c2d9c40-b75a-4665-9f09-a77bdc8dae8b\">Bang King Smart Screen 15000 puffs dla idealnego do\u015bwiadczenia z chmur\u0105.<\/h4>\n<p class=\"\" data-start=\"2944\" data-end=\"3369\" data-immersive-translate-walked=\"4c2d9c40-b75a-4665-9f09-a77bdc8dae8b\" data-immersive-translate-paragraph=\"1\">Bang King Smart Screen 15000 puffs to idealny wyb\u00f3r dla palaczy, kt\u00f3rzy szukaj\u0105 d\u0142ugotrwa\u0142ej, przyjaznej dla u\u017cytkownika i wy\u015bmienicie smakuj\u0105cej e-papierosa. Z du\u017c\u0105 pojemno\u015bci\u0105 E-liquid, mocn\u0105 bateri\u0105 i pysznym smakiem, oferuje wszystko, czego potrzebujesz, aby cieszy\u0107 si\u0119 najlepszym do\u015bwiadczeniem z chmur\u0105. Zam\u00f3w ju\u017c dzi\u015b na vapingnet.de i ciesz si\u0119 vapingiem na maksa!<\/p>","protected":false},"excerpt":{"rendered":"<p>Bang King Smart Screen 15000 Puff: Die perfekte Wahl f\u00fcr Dampfer Die Bang King Smart Screen 15000 Puff ist eine au\u00dfergew\u00f6hnliche Einweg-E-Zigarette, die sich durch&#8230;<\/p>","protected":false},"featured_media":6857,"template":"","meta":[],"etheme_brands":[],"product_brand":[101],"product_cat":[53,49,61],"product_tag":[],"class_list":{"0":"post-6265","1":"product","2":"type-product","3":"status-publish","4":"has-post-thumbnail","6":"product_brand-bang-king-vape","7":"product_cat-vape-15000-zuege","8":"product_cat-einweg-e-zigarette","9":"product_cat-f","11":"first","12":"instock","13":"shipping-taxable","14":"purchasable","15":"product-type-simple"},"yoast_head":"<!-- This site is optimized with the Yoast SEO plugin v26.5 - https:\/\/yoast.com\/wordpress\/plugins\/seo\/ -->\n<title>Weltweit Beliebt Bang King Smart Screen 15000 Puff Mit Strawberry Watermelon Wholesale Preis | Vapingnet.de<\/title>\n<meta name=\"description\" content=\"Entdecke Weltweit Beliebt Bang King Smart Screen 15000 Puff Mit Strawberry Watermelon Wholesale Preis bei vapingnet.de, \u25ba Gro\u00dfe Auswahl an Geschmacksrichtungen &amp; super g\u00fcnstig!\" \/>\n<meta name=\"robots\" content=\"index, follow, max-snippet:-1, max-image-preview:large, max-video-preview:-1\" \/>\n<link rel=\"canonical\" href=\"https:\/\/vapingnet.de\/pl\/vape\/weltweit-beliebt-bang-king-smart-screen-15000-puff-mit-strawberry-watermelon-wholesale-preis\/\" \/>\n<meta property=\"og:locale\" content=\"pl_PL\" \/>\n<meta property=\"og:type\" content=\"article\" \/>\n<meta property=\"og:title\" content=\"Weltweit Beliebt Bang King Smart Screen 15000 Puff Mit Strawberry Watermelon Wholesale Preis | Vapingnet.de\" \/>\n<meta property=\"og:description\" content=\"Entdecke Weltweit Beliebt Bang King Smart Screen 15000 Puff Mit Strawberry Watermelon Wholesale Preis bei vapingnet.de, \u25ba Gro\u00dfe Auswahl an Geschmacksrichtungen &amp; super g\u00fcnstig!\" \/>\n<meta property=\"og:url\" content=\"https:\/\/vapingnet.de\/pl\/vape\/weltweit-beliebt-bang-king-smart-screen-15000-puff-mit-strawberry-watermelon-wholesale-preis\/\" \/>\n<meta property=\"og:site_name\" content=\"Vapingnet.de\" \/>\n<meta property=\"article:publisher\" content=\"https:\/\/www.facebook.com\/vapingnetde\/\" \/>\n<meta property=\"article:modified_time\" content=\"2025-06-19T03:39:54+00:00\" \/>\n<meta property=\"og:image\" content=\"https:\/\/vapingnet.de\/wp-content\/uploads\/2025\/04\/bang-Strawberry-Watermelon-1.webp\" \/>\n\t<meta property=\"og:image:width\" content=\"1000\" \/>\n\t<meta property=\"og:image:height\" content=\"1000\" \/>\n\t<meta property=\"og:image:type\" content=\"image\/webp\" \/>\n<meta name=\"twitter:card\" content=\"summary_large_image\" \/>\n<meta name=\"twitter:label1\" content=\"Est. reading time\" \/>\n\t<meta name=\"twitter:data1\" content=\"3 minutes\" \/>\n<script type=\"application\/ld+json\" class=\"yoast-schema-graph\">{\"@context\":\"https:\/\/schema.org\",\"@graph\":[{\"@type\":\"WebPage\",\"@id\":\"https:\/\/vapingnet.de\/vape\/weltweit-beliebt-bang-king-smart-screen-15000-puff-mit-strawberry-watermelon-wholesale-preis\/\",\"url\":\"https:\/\/vapingnet.de\/vape\/weltweit-beliebt-bang-king-smart-screen-15000-puff-mit-strawberry-watermelon-wholesale-preis\/\",\"name\":\"Weltweit Beliebt Bang King Smart Screen 15000 Puff Mit Strawberry Watermelon Wholesale Preis | Vapingnet.de\",\"isPartOf\":{\"@id\":\"https:\/\/vapingnet.de\/#website\"},\"primaryImageOfPage\":{\"@id\":\"https:\/\/vapingnet.de\/vape\/weltweit-beliebt-bang-king-smart-screen-15000-puff-mit-strawberry-watermelon-wholesale-preis\/#primaryimage\"},\"image\":{\"@id\":\"https:\/\/vapingnet.de\/vape\/weltweit-beliebt-bang-king-smart-screen-15000-puff-mit-strawberry-watermelon-wholesale-preis\/#primaryimage\"},\"thumbnailUrl\":\"https:\/\/vapingnet.de\/wp-content\/uploads\/2025\/04\/bang-Strawberry-Watermelon-1.webp\",\"datePublished\":\"2025-04-11T07:13:16+00:00\",\"dateModified\":\"2025-06-19T03:39:54+00:00\",\"description\":\"Entdecke Weltweit Beliebt Bang King Smart Screen 15000 Puff Mit Strawberry Watermelon Wholesale Preis bei vapingnet.de, \u25ba Gro\u00dfe Auswahl an Geschmacksrichtungen & super g\u00fcnstig!\",\"breadcrumb\":{\"@id\":\"https:\/\/vapingnet.de\/vape\/weltweit-beliebt-bang-king-smart-screen-15000-puff-mit-strawberry-watermelon-wholesale-preis\/#breadcrumb\"},\"inLanguage\":\"pl-PL\",\"potentialAction\":[{\"@type\":\"ReadAction\",\"target\":[\"https:\/\/vapingnet.de\/vape\/weltweit-beliebt-bang-king-smart-screen-15000-puff-mit-strawberry-watermelon-wholesale-preis\/\"]}]},{\"@type\":\"ImageObject\",\"inLanguage\":\"pl-PL\",\"@id\":\"https:\/\/vapingnet.de\/vape\/weltweit-beliebt-bang-king-smart-screen-15000-puff-mit-strawberry-watermelon-wholesale-preis\/#primaryimage\",\"url\":\"https:\/\/vapingnet.de\/wp-content\/uploads\/2025\/04\/bang-Strawberry-Watermelon-1.webp\",\"contentUrl\":\"https:\/\/vapingnet.de\/wp-content\/uploads\/2025\/04\/bang-Strawberry-Watermelon-1.webp\",\"width\":1000,\"height\":1000},{\"@type\":\"BreadcrumbList\",\"@id\":\"https:\/\/vapingnet.de\/vape\/weltweit-beliebt-bang-king-smart-screen-15000-puff-mit-strawberry-watermelon-wholesale-preis\/#breadcrumb\",\"itemListElement\":[{\"@type\":\"ListItem\",\"position\":1,\"name\":\"Home\",\"item\":\"https:\/\/vapingnet.de\/\"},{\"@type\":\"ListItem\",\"position\":2,\"name\":\"Shop\",\"item\":\"https:\/\/vapingnet.de\/vape\/\"},{\"@type\":\"ListItem\",\"position\":3,\"name\":\"Weltweit Beliebt Bang King Smart Screen 15000 Puff Mit Strawberry Watermelon Wholesale Preis\"}]},{\"@type\":\"WebSite\",\"@id\":\"https:\/\/vapingnet.de\/#website\",\"url\":\"https:\/\/vapingnet.de\/\",\"name\":\"Vapingnet.de\",\"description\":\"\",\"publisher\":{\"@id\":\"https:\/\/vapingnet.de\/#organization\"},\"potentialAction\":[{\"@type\":\"SearchAction\",\"target\":{\"@type\":\"EntryPoint\",\"urlTemplate\":\"https:\/\/vapingnet.de\/?s={search_term_string}\"},\"query-input\":{\"@type\":\"PropertyValueSpecification\",\"valueRequired\":true,\"valueName\":\"search_term_string\"}}],\"inLanguage\":\"pl-PL\"},{\"@type\":\"Organization\",\"@id\":\"https:\/\/vapingnet.de\/#organization\",\"name\":\"Vapingnet.de\",\"url\":\"https:\/\/vapingnet.de\/\",\"logo\":{\"@type\":\"ImageObject\",\"inLanguage\":\"pl-PL\",\"@id\":\"https:\/\/vapingnet.de\/#\/schema\/logo\/image\/\",\"url\":\"https:\/\/vapingnet.de\/wp-content\/uploads\/2025\/03\/cropped-vapingnet.de_.jpg\",\"contentUrl\":\"https:\/\/vapingnet.de\/wp-content\/uploads\/2025\/03\/cropped-vapingnet.de_.jpg\",\"width\":512,\"height\":512,\"caption\":\"Vapingnet.de\"},\"image\":{\"@id\":\"https:\/\/vapingnet.de\/#\/schema\/logo\/image\/\"},\"sameAs\":[\"https:\/\/www.facebook.com\/vapingnetde\/\"]}]}<\/script>\n<!-- \/ Yoast SEO plugin. -->","yoast_head_json":{"title":"Weltweit Beliebt Bang King Smart Screen 15000 Puff Mit Strawberry Watermelon Wholesale Preis | Vapingnet.de","description":"Entdecke Weltweit Beliebt Bang King Smart Screen 15000 Puff Mit Strawberry Watermelon Wholesale Preis bei vapingnet.de, \u25ba Gro\u00dfe Auswahl an Geschmacksrichtungen & super g\u00fcnstig!","robots":{"index":"index","follow":"follow","max-snippet":"max-snippet:-1","max-image-preview":"max-image-preview:large","max-video-preview":"max-video-preview:-1"},"canonical":"https:\/\/vapingnet.de\/pl\/vape\/weltweit-beliebt-bang-king-smart-screen-15000-puff-mit-strawberry-watermelon-wholesale-preis\/","og_locale":"pl_PL","og_type":"article","og_title":"Weltweit Beliebt Bang King Smart Screen 15000 Puff Mit Strawberry Watermelon Wholesale Preis | Vapingnet.de","og_description":"Entdecke Weltweit Beliebt Bang King Smart Screen 15000 Puff Mit Strawberry Watermelon Wholesale Preis bei vapingnet.de, \u25ba Gro\u00dfe Auswahl an Geschmacksrichtungen & super g\u00fcnstig!","og_url":"https:\/\/vapingnet.de\/pl\/vape\/weltweit-beliebt-bang-king-smart-screen-15000-puff-mit-strawberry-watermelon-wholesale-preis\/","og_site_name":"Vapingnet.de","article_publisher":"https:\/\/www.facebook.com\/vapingnetde\/","article_modified_time":"2025-06-19T03:39:54+00:00","og_image":[{"width":1000,"height":1000,"url":"https:\/\/vapingnet.de\/wp-content\/uploads\/2025\/04\/bang-Strawberry-Watermelon-1.webp","type":"image\/webp"}],"twitter_card":"summary_large_image","twitter_misc":{"Est. reading time":"3 minutes"},"schema":{"@context":"https:\/\/schema.org","@graph":[{"@type":"WebPage","@id":"https:\/\/vapingnet.de\/vape\/weltweit-beliebt-bang-king-smart-screen-15000-puff-mit-strawberry-watermelon-wholesale-preis\/","url":"https:\/\/vapingnet.de\/vape\/weltweit-beliebt-bang-king-smart-screen-15000-puff-mit-strawberry-watermelon-wholesale-preis\/","name":"Weltweit Beliebt Bang King Smart Screen 15000 Puff Mit Strawberry Watermelon Wholesale Preis | Vapingnet.de","isPartOf":{"@id":"https:\/\/vapingnet.de\/#website"},"primaryImageOfPage":{"@id":"https:\/\/vapingnet.de\/vape\/weltweit-beliebt-bang-king-smart-screen-15000-puff-mit-strawberry-watermelon-wholesale-preis\/#primaryimage"},"image":{"@id":"https:\/\/vapingnet.de\/vape\/weltweit-beliebt-bang-king-smart-screen-15000-puff-mit-strawberry-watermelon-wholesale-preis\/#primaryimage"},"thumbnailUrl":"https:\/\/vapingnet.de\/wp-content\/uploads\/2025\/04\/bang-Strawberry-Watermelon-1.webp","datePublished":"2025-04-11T07:13:16+00:00","dateModified":"2025-06-19T03:39:54+00:00","description":"Entdecke Weltweit Beliebt Bang King Smart Screen 15000 Puff Mit Strawberry Watermelon Wholesale Preis bei vapingnet.de, \u25ba Gro\u00dfe Auswahl an Geschmacksrichtungen & super g\u00fcnstig!","breadcrumb":{"@id":"https:\/\/vapingnet.de\/vape\/weltweit-beliebt-bang-king-smart-screen-15000-puff-mit-strawberry-watermelon-wholesale-preis\/#breadcrumb"},"inLanguage":"pl-PL","potentialAction":[{"@type":"ReadAction","target":["https:\/\/vapingnet.de\/vape\/weltweit-beliebt-bang-king-smart-screen-15000-puff-mit-strawberry-watermelon-wholesale-preis\/"]}]},{"@type":"ImageObject","inLanguage":"pl-PL","@id":"https:\/\/vapingnet.de\/vape\/weltweit-beliebt-bang-king-smart-screen-15000-puff-mit-strawberry-watermelon-wholesale-preis\/#primaryimage","url":"https:\/\/vapingnet.de\/wp-content\/uploads\/2025\/04\/bang-Strawberry-Watermelon-1.webp","contentUrl":"https:\/\/vapingnet.de\/wp-content\/uploads\/2025\/04\/bang-Strawberry-Watermelon-1.webp","width":1000,"height":1000},{"@type":"BreadcrumbList","@id":"https:\/\/vapingnet.de\/vape\/weltweit-beliebt-bang-king-smart-screen-15000-puff-mit-strawberry-watermelon-wholesale-preis\/#breadcrumb","itemListElement":[{"@type":"ListItem","position":1,"name":"Home","item":"https:\/\/vapingnet.de\/"},{"@type":"ListItem","position":2,"name":"Shop","item":"https:\/\/vapingnet.de\/vape\/"},{"@type":"ListItem","position":3,"name":"Weltweit Beliebt Bang King Smart Screen 15000 Puff Mit Strawberry Watermelon Wholesale Preis"}]},{"@type":"WebSite","@id":"https:\/\/vapingnet.de\/#website","url":"https:\/\/vapingnet.de\/","name":"Vapingnet.de","description":"","publisher":{"@id":"https:\/\/vapingnet.de\/#organization"},"potentialAction":[{"@type":"SearchAction","target":{"@type":"EntryPoint","urlTemplate":"https:\/\/vapingnet.de\/?s={search_term_string}"},"query-input":{"@type":"PropertyValueSpecification","valueRequired":true,"valueName":"search_term_string"}}],"inLanguage":"pl-PL"},{"@type":"Organization","@id":"https:\/\/vapingnet.de\/#organization","name":"Vapingnet.de","url":"https:\/\/vapingnet.de\/","logo":{"@type":"ImageObject","inLanguage":"pl-PL","@id":"https:\/\/vapingnet.de\/#\/schema\/logo\/image\/","url":"https:\/\/vapingnet.de\/wp-content\/uploads\/2025\/03\/cropped-vapingnet.de_.jpg","contentUrl":"https:\/\/vapingnet.de\/wp-content\/uploads\/2025\/03\/cropped-vapingnet.de_.jpg","width":512,"height":512,"caption":"Vapingnet.de"},"image":{"@id":"https:\/\/vapingnet.de\/#\/schema\/logo\/image\/"},"sameAs":["https:\/\/www.facebook.com\/vapingnetde\/"]}]}},"tiered_pricing_type":"fixed","tiered_pricing_fixed_rules":{"10":"8.35","60":"7.52","110":"6.68","200":"5.85"},"tiered_pricing_product_settings":{"layout":"default","base_unit_name":{"singular":null,"plural":null},"default_variation":null},"tiered_pricing_minimum_quantity":null,"tiered_pricing_roles_data":[],"tiered_pricing_percentage_rules":[],"_links":{"self":[{"href":"https:\/\/vapingnet.de\/pl\/wp-json\/wp\/v2\/product\/6265","targetHints":{"allow":["GET"]}}],"collection":[{"href":"https:\/\/vapingnet.de\/pl\/wp-json\/wp\/v2\/product"}],"about":[{"href":"https:\/\/vapingnet.de\/pl\/wp-json\/wp\/v2\/types\/product"}],"version-history":[{"count":1,"href":"https:\/\/vapingnet.de\/pl\/wp-json\/wp\/v2\/product\/6265\/revisions"}],"predecessor-version":[{"id":6271,"href":"https:\/\/vapingnet.de\/pl\/wp-json\/wp\/v2\/product\/6265\/revisions\/6271"}],"wp:featuredmedia":[{"embeddable":true,"href":"https:\/\/vapingnet.de\/pl\/wp-json\/wp\/v2\/media\/6857"}],"wp:attachment":[{"href":"https:\/\/vapingnet.de\/pl\/wp-json\/wp\/v2\/media?parent=6265"}],"wp:term":[{"taxonomy":"brand","embeddable":true,"href":"https:\/\/vapingnet.de\/pl\/wp-json\/wp\/v2\/etheme_brands?post=6265"},{"taxonomy":"product_brand","embeddable":true,"href":"https:\/\/vapingnet.de\/pl\/wp-json\/wp\/v2\/product_brand?post=6265"},{"taxonomy":"product_cat","embeddable":true,"href":"https:\/\/vapingnet.de\/pl\/wp-json\/wp\/v2\/product_cat?post=6265"},{"taxonomy":"product_tag","embeddable":true,"href":"https:\/\/vapingnet.de\/pl\/wp-json\/wp\/v2\/product_tag?post=6265"}],"curies":[{"name":"wp","href":"https:\/\/api.w.org\/{rel}","templated":true}]}}