{"id":6282,"date":"2025-04-11T08:03:09","date_gmt":"2025-04-11T08:03:09","guid":{"rendered":"https:\/\/vapingnet.de\/?post_type=product&#038;p=6282"},"modified":"2025-06-19T03:39:27","modified_gmt":"2025-06-19T03:39:27","slug":"weltweit-beliebter-bang-king-smart-screen-15000-puff-sour-apple-bluerry-ohne-zoll","status":"publish","type":"product","link":"https:\/\/vapingnet.de\/pl\/vape\/weltweit-beliebter-bang-king-smart-screen-15000-puff-sour-apple-bluerry-ohne-zoll\/","title":{"rendered":"\u015awiatowo popularny Bang King Smart Screen 15000 Puff Sour Apple Blueberry Bez c\u0142a"},"content":{"rendered":"<h2 data-start=\"40\" data-end=\"126\">Bang King Smart Screen 15000 Puff: Jednorazowa e-papieros z wybitnym smakiem<\/h2>\n<p class=\"\" data-start=\"128\" data-end=\"479\">Bang King Smart Screen 15000 Puff to rewolucyjne rozwi\u0105zanie dla palaczy, kt\u00f3rzy poszukuj\u0105 d\u0142ugotrwa\u0142ego, wysokiej jako\u015bci do\u015bwiadczenia vapowania. Dzi\u0119ki praktycznemu, przyjaznemu dla u\u017cytkownika designowi i szerokiej gamie wyj\u0105tkowych funkcji, ta jednorazowa e-papieroska oferuje wszystko, czego potrzebujesz, aby zapami\u0119ta\u0107 niezapomniane vapowanie.<\/p>\n<h4>Wydajne specyfikacje<\/h4>\n<ul data-start=\"522\" data-end=\"1224\">\n<li class=\"\" data-start=\"522\" data-end=\"657\">\n<p class=\"\" data-start=\"524\" data-end=\"657\">Mesh Coil (1.0 Ohm): Dzi\u0119ki tej technologii grza\u0142ki para jest r\u00f3wnomierna i intensywna, co sprawia, \u017ce ka\u017cdy zaci\u0105g to przyjemno\u015b\u0107.<\/p>\n<\/li>\n<li class=\"\" data-start=\"658\" data-end=\"818\">\n<p class=\"\" data-start=\"660\" data-end=\"818\">Pojemno\u015b\u0107 baterii 650 mAh: Wytrzyma\u0142a bateria zapewnia d\u0142ugie vapowanie bez konieczno\u015bci martwienia si\u0119 o wydajno\u015b\u0107.<\/p>\n<\/li>\n<li class=\"\" data-start=\"819\" data-end=\"957\">\n<p class=\"\" data-start=\"821\" data-end=\"957\">Pojemno\u015b\u0107 e-liquid 25 ml: Ta hojna ilo\u015b\u0107 liquidu wystarcza na do 15 000 zaci\u0105gni\u0119\u0107, idealne na d\u0142ugi czas u\u017cytkowania lub kilka dni.<\/p>\n<\/li>\n<li class=\"\" data-start=\"958\" data-end=\"1119\">\n<p class=\"\" data-start=\"960\" data-end=\"1119\">Opcje nikotynowego soli: Mo\u017cesz wybra\u0107 spo\u015br\u00f3d czterech r\u00f3\u017cnych st\u0119\u017ce\u0144 nikotyny: 0%, 2%, 3% i 5%, w zale\u017cno\u015bci od swoich preferencji.<\/p>\n<\/li>\n<li class=\"\" data-start=\"1120\" data-end=\"1224\">\n<p class=\"\" data-start=\"1122\" data-end=\"1224\">Z\u0142\u0105cze \u0142adowania Typ-C: Dzi\u0119ki nowoczesnemu z\u0142\u0105czu USB Typ-C \u0142adowanie jest szybkie i wydajne.<\/p>\n<\/li>\n<\/ul>\n<h4>Ekskluzywny smak: Sour Apple Blueberry<\/h4>\n<p class=\"\" data-start=\"1278\" data-end=\"1577\">Kolejnym wyr\u00f3\u017cnikiem Bang King Smart Screen 15000 Puff jest niezwyk\u0142y smak Sour Apple Blueberry. Kwa\u015bna \u015bwie\u017co\u015b\u0107 jab\u0142ka w po\u0142\u0105czeniu z s\u0142odk\u0105 bor\u00f3wk\u0105 zapewnia zr\u00f3wnowa\u017cone i orze\u017awiaj\u0105ce do\u015bwiadczenie vapowania, kt\u00f3re nie pozwoli Ci szybko zapomnie\u0107.<\/p>\n<h3>Dlaczego warto wybra\u0107 Bang King Smart Screen?<\/h3>\n<ol data-start=\"1655\" data-end=\"2187\">\n<li class=\"\" data-start=\"1655\" data-end=\"1782\">\n<p class=\"\" data-start=\"1658\" data-end=\"1782\">Dostawa bez c\u0142a: Nie musisz si\u0119 martwi\u0107 o dodatkowe koszty. Twoje zam\u00f3wienie zostanie dostarczone bez c\u0142a.<\/p>\n<\/li>\n<li class=\"\" data-start=\"1783\" data-end=\"1906\">\n<p class=\"\" data-start=\"1786\" data-end=\"1906\">Szybka wysy\u0142ka: Wysy\u0142ka w ci\u0105gu zaledwie 7-15 dni roboczych pozwoli Ci szybko otrzyma\u0107 produkt.<\/p>\n<\/li>\n<li class=\"\" data-start=\"1907\" data-end=\"2053\">\n<p class=\"\" data-start=\"1910\" data-end=\"2053\">Prosta obs\u0142uga: Ta jednorazowa e-papieroska jest \u0142atwa w u\u017cyciu \u2013 bez konieczno\u015bci nape\u0142niania czy d\u0142ugiego oczekiwania. Mo\u017cesz od razu cieszy\u0107 si\u0119 vapowaniem.<\/p>\n<\/li>\n<li class=\"\" data-start=\"2054\" data-end=\"2187\">\n<p class=\"\" data-start=\"2057\" data-end=\"2187\">Trwa\u0142a i niezawodna: Dzi\u0119ki du\u017cej liczbie zaci\u0105gni\u0119\u0107 i mocnej baterii b\u0119dziesz cieszy\u0107 si\u0119 swoim produktem przez d\u0142ugi czas.<\/p>\n<\/li>\n<\/ol>\n<h4 data-start=\"2189\" data-end=\"2230\">Idealne do\u015bwiadczenie vapowania<\/h4>\n<p class=\"\" data-start=\"2232\" data-end=\"2548\">Bang King Smart Screen 15000 Puff oferuje wszystko, czego mo\u017ce oczekiwa\u0107 vapuj\u0105cy. \u0141\u0105czy wyj\u0105tkowy smak z solidn\u0105 i trwa\u0142\u0105 wydajno\u015bci\u0105, kt\u00f3ra Ci\u0119 nie zawiedzie. Niezale\u017cnie od tego, czy jeste\u015b pocz\u0105tkuj\u0105cy, czy do\u015bwiadczonym vapuj\u0105cym \u2013 ta e-papieroska jest dla Ciebie idealna.<\/p>\n<p class=\"\" data-start=\"2550\" data-end=\"2683\">Odwied\u017a vapingnet.de i zam\u00f3w ju\u017c dzi\u015b swoj\u0105 Bang King Smart Screen 15000 Puff, aby do\u015bwiadczy\u0107 niezr\u00f3wnanego vapowania.<\/p>","protected":false},"excerpt":{"rendered":"<p>Bang King Smart Screen 15000 Puff: Jednorazowy e-papieros o wyj\u0105tkowym smaku Bang King Smart Screen 15000 Puff stanowi rewolucyjne rozwi\u0105zanie dla vaper\u00f3w,...<\/p>","protected":false},"featured_media":6858,"template":"","meta":[],"etheme_brands":[],"product_brand":[101],"product_cat":[53,49,61],"product_tag":[],"class_list":{"0":"post-6282","1":"product","2":"type-product","3":"status-publish","4":"has-post-thumbnail","6":"product_brand-bang-king-vape","7":"product_cat-vape-15000-zuege","8":"product_cat-einweg-e-zigarette","9":"product_cat-f","11":"first","12":"instock","13":"shipping-taxable","14":"purchasable","15":"product-type-simple"},"yoast_head":"<!-- This site is optimized with the Yoast SEO plugin v26.5 - https:\/\/yoast.com\/wordpress\/plugins\/seo\/ -->\n<title>Weltweit Beliebter Bang King Smart Screen 15000 Puff Sour Apple Bluerry Ohne Zoll | Vapingnet.de<\/title>\n<meta name=\"description\" content=\"Entdecke Weltweit Beliebter Bang King Smart Screen 15000 Puff Sour Apple Bluerry Ohne Zoll bei vapingnet.de, \u25ba Gro\u00dfe Auswahl an Geschmacksrichtungen &amp; super g\u00fcnstig!\" \/>\n<meta name=\"robots\" content=\"index, follow, max-snippet:-1, max-image-preview:large, max-video-preview:-1\" \/>\n<link rel=\"canonical\" href=\"https:\/\/vapingnet.de\/pl\/vape\/weltweit-beliebter-bang-king-smart-screen-15000-puff-sour-apple-bluerry-ohne-zoll\/\" \/>\n<meta property=\"og:locale\" content=\"pl_PL\" \/>\n<meta property=\"og:type\" content=\"article\" \/>\n<meta property=\"og:title\" content=\"Weltweit Beliebter Bang King Smart Screen 15000 Puff Sour Apple Bluerry Ohne Zoll | Vapingnet.de\" \/>\n<meta property=\"og:description\" content=\"Entdecke Weltweit Beliebter Bang King Smart Screen 15000 Puff Sour Apple Bluerry Ohne Zoll bei vapingnet.de, \u25ba Gro\u00dfe Auswahl an Geschmacksrichtungen &amp; super g\u00fcnstig!\" \/>\n<meta property=\"og:url\" content=\"https:\/\/vapingnet.de\/pl\/vape\/weltweit-beliebter-bang-king-smart-screen-15000-puff-sour-apple-bluerry-ohne-zoll\/\" \/>\n<meta property=\"og:site_name\" content=\"Vapingnet.de\" \/>\n<meta property=\"article:publisher\" content=\"https:\/\/www.facebook.com\/vapingnetde\/\" \/>\n<meta property=\"article:modified_time\" content=\"2025-06-19T03:39:27+00:00\" \/>\n<meta property=\"og:image\" content=\"https:\/\/vapingnet.de\/wp-content\/uploads\/2025\/04\/Bang-King-Smart-Screen.webp\" \/>\n\t<meta property=\"og:image:width\" content=\"1000\" \/>\n\t<meta property=\"og:image:height\" content=\"1000\" \/>\n\t<meta property=\"og:image:type\" content=\"image\/webp\" \/>\n<meta name=\"twitter:card\" content=\"summary_large_image\" \/>\n<meta name=\"twitter:label1\" content=\"Est. reading time\" \/>\n\t<meta name=\"twitter:data1\" content=\"3 minutes\" \/>\n<script type=\"application\/ld+json\" class=\"yoast-schema-graph\">{\"@context\":\"https:\/\/schema.org\",\"@graph\":[{\"@type\":\"WebPage\",\"@id\":\"https:\/\/vapingnet.de\/vape\/weltweit-beliebter-bang-king-smart-screen-15000-puff-sour-apple-bluerry-ohne-zoll\/\",\"url\":\"https:\/\/vapingnet.de\/vape\/weltweit-beliebter-bang-king-smart-screen-15000-puff-sour-apple-bluerry-ohne-zoll\/\",\"name\":\"Weltweit Beliebter Bang King Smart Screen 15000 Puff Sour Apple Bluerry Ohne Zoll | Vapingnet.de\",\"isPartOf\":{\"@id\":\"https:\/\/vapingnet.de\/#website\"},\"primaryImageOfPage\":{\"@id\":\"https:\/\/vapingnet.de\/vape\/weltweit-beliebter-bang-king-smart-screen-15000-puff-sour-apple-bluerry-ohne-zoll\/#primaryimage\"},\"image\":{\"@id\":\"https:\/\/vapingnet.de\/vape\/weltweit-beliebter-bang-king-smart-screen-15000-puff-sour-apple-bluerry-ohne-zoll\/#primaryimage\"},\"thumbnailUrl\":\"https:\/\/vapingnet.de\/wp-content\/uploads\/2025\/04\/Bang-King-Smart-Screen.webp\",\"datePublished\":\"2025-04-11T08:03:09+00:00\",\"dateModified\":\"2025-06-19T03:39:27+00:00\",\"description\":\"Entdecke Weltweit Beliebter Bang King Smart Screen 15000 Puff Sour Apple Bluerry Ohne Zoll bei vapingnet.de, \u25ba Gro\u00dfe Auswahl an Geschmacksrichtungen & super g\u00fcnstig!\",\"breadcrumb\":{\"@id\":\"https:\/\/vapingnet.de\/vape\/weltweit-beliebter-bang-king-smart-screen-15000-puff-sour-apple-bluerry-ohne-zoll\/#breadcrumb\"},\"inLanguage\":\"pl-PL\",\"potentialAction\":[{\"@type\":\"ReadAction\",\"target\":[\"https:\/\/vapingnet.de\/vape\/weltweit-beliebter-bang-king-smart-screen-15000-puff-sour-apple-bluerry-ohne-zoll\/\"]}]},{\"@type\":\"ImageObject\",\"inLanguage\":\"pl-PL\",\"@id\":\"https:\/\/vapingnet.de\/vape\/weltweit-beliebter-bang-king-smart-screen-15000-puff-sour-apple-bluerry-ohne-zoll\/#primaryimage\",\"url\":\"https:\/\/vapingnet.de\/wp-content\/uploads\/2025\/04\/Bang-King-Smart-Screen.webp\",\"contentUrl\":\"https:\/\/vapingnet.de\/wp-content\/uploads\/2025\/04\/Bang-King-Smart-Screen.webp\",\"width\":1000,\"height\":1000},{\"@type\":\"BreadcrumbList\",\"@id\":\"https:\/\/vapingnet.de\/vape\/weltweit-beliebter-bang-king-smart-screen-15000-puff-sour-apple-bluerry-ohne-zoll\/#breadcrumb\",\"itemListElement\":[{\"@type\":\"ListItem\",\"position\":1,\"name\":\"Home\",\"item\":\"https:\/\/vapingnet.de\/\"},{\"@type\":\"ListItem\",\"position\":2,\"name\":\"Shop\",\"item\":\"https:\/\/vapingnet.de\/vape\/\"},{\"@type\":\"ListItem\",\"position\":3,\"name\":\"Weltweit Beliebter Bang King Smart Screen 15000 Puff Sour Apple Bluerry Ohne Zoll\"}]},{\"@type\":\"WebSite\",\"@id\":\"https:\/\/vapingnet.de\/#website\",\"url\":\"https:\/\/vapingnet.de\/\",\"name\":\"Vapingnet.de\",\"description\":\"\",\"publisher\":{\"@id\":\"https:\/\/vapingnet.de\/#organization\"},\"potentialAction\":[{\"@type\":\"SearchAction\",\"target\":{\"@type\":\"EntryPoint\",\"urlTemplate\":\"https:\/\/vapingnet.de\/?s={search_term_string}\"},\"query-input\":{\"@type\":\"PropertyValueSpecification\",\"valueRequired\":true,\"valueName\":\"search_term_string\"}}],\"inLanguage\":\"pl-PL\"},{\"@type\":\"Organization\",\"@id\":\"https:\/\/vapingnet.de\/#organization\",\"name\":\"Vapingnet.de\",\"url\":\"https:\/\/vapingnet.de\/\",\"logo\":{\"@type\":\"ImageObject\",\"inLanguage\":\"pl-PL\",\"@id\":\"https:\/\/vapingnet.de\/#\/schema\/logo\/image\/\",\"url\":\"https:\/\/vapingnet.de\/wp-content\/uploads\/2025\/03\/cropped-vapingnet.de_.jpg\",\"contentUrl\":\"https:\/\/vapingnet.de\/wp-content\/uploads\/2025\/03\/cropped-vapingnet.de_.jpg\",\"width\":512,\"height\":512,\"caption\":\"Vapingnet.de\"},\"image\":{\"@id\":\"https:\/\/vapingnet.de\/#\/schema\/logo\/image\/\"},\"sameAs\":[\"https:\/\/www.facebook.com\/vapingnetde\/\"]}]}<\/script>\n<!-- \/ Yoast SEO plugin. -->","yoast_head_json":{"title":"Weltweit Beliebter Bang King Smart Screen 15000 Puff Sour Apple Bluerry Ohne Zoll | Vapingnet.de","description":"Entdecke Weltweit Beliebter Bang King Smart Screen 15000 Puff Sour Apple Bluerry Ohne Zoll bei vapingnet.de, \u25ba Gro\u00dfe Auswahl an Geschmacksrichtungen & super g\u00fcnstig!","robots":{"index":"index","follow":"follow","max-snippet":"max-snippet:-1","max-image-preview":"max-image-preview:large","max-video-preview":"max-video-preview:-1"},"canonical":"https:\/\/vapingnet.de\/pl\/vape\/weltweit-beliebter-bang-king-smart-screen-15000-puff-sour-apple-bluerry-ohne-zoll\/","og_locale":"pl_PL","og_type":"article","og_title":"Weltweit Beliebter Bang King Smart Screen 15000 Puff Sour Apple Bluerry Ohne Zoll | Vapingnet.de","og_description":"Entdecke Weltweit Beliebter Bang King Smart Screen 15000 Puff Sour Apple Bluerry Ohne Zoll bei vapingnet.de, \u25ba Gro\u00dfe Auswahl an Geschmacksrichtungen & super g\u00fcnstig!","og_url":"https:\/\/vapingnet.de\/pl\/vape\/weltweit-beliebter-bang-king-smart-screen-15000-puff-sour-apple-bluerry-ohne-zoll\/","og_site_name":"Vapingnet.de","article_publisher":"https:\/\/www.facebook.com\/vapingnetde\/","article_modified_time":"2025-06-19T03:39:27+00:00","og_image":[{"width":1000,"height":1000,"url":"https:\/\/vapingnet.de\/wp-content\/uploads\/2025\/04\/Bang-King-Smart-Screen.webp","type":"image\/webp"}],"twitter_card":"summary_large_image","twitter_misc":{"Est. reading time":"3 minutes"},"schema":{"@context":"https:\/\/schema.org","@graph":[{"@type":"WebPage","@id":"https:\/\/vapingnet.de\/vape\/weltweit-beliebter-bang-king-smart-screen-15000-puff-sour-apple-bluerry-ohne-zoll\/","url":"https:\/\/vapingnet.de\/vape\/weltweit-beliebter-bang-king-smart-screen-15000-puff-sour-apple-bluerry-ohne-zoll\/","name":"Weltweit Beliebter Bang King Smart Screen 15000 Puff Sour Apple Bluerry Ohne Zoll | Vapingnet.de","isPartOf":{"@id":"https:\/\/vapingnet.de\/#website"},"primaryImageOfPage":{"@id":"https:\/\/vapingnet.de\/vape\/weltweit-beliebter-bang-king-smart-screen-15000-puff-sour-apple-bluerry-ohne-zoll\/#primaryimage"},"image":{"@id":"https:\/\/vapingnet.de\/vape\/weltweit-beliebter-bang-king-smart-screen-15000-puff-sour-apple-bluerry-ohne-zoll\/#primaryimage"},"thumbnailUrl":"https:\/\/vapingnet.de\/wp-content\/uploads\/2025\/04\/Bang-King-Smart-Screen.webp","datePublished":"2025-04-11T08:03:09+00:00","dateModified":"2025-06-19T03:39:27+00:00","description":"Entdecke Weltweit Beliebter Bang King Smart Screen 15000 Puff Sour Apple Bluerry Ohne Zoll bei vapingnet.de, \u25ba Gro\u00dfe Auswahl an Geschmacksrichtungen & super g\u00fcnstig!","breadcrumb":{"@id":"https:\/\/vapingnet.de\/vape\/weltweit-beliebter-bang-king-smart-screen-15000-puff-sour-apple-bluerry-ohne-zoll\/#breadcrumb"},"inLanguage":"pl-PL","potentialAction":[{"@type":"ReadAction","target":["https:\/\/vapingnet.de\/vape\/weltweit-beliebter-bang-king-smart-screen-15000-puff-sour-apple-bluerry-ohne-zoll\/"]}]},{"@type":"ImageObject","inLanguage":"pl-PL","@id":"https:\/\/vapingnet.de\/vape\/weltweit-beliebter-bang-king-smart-screen-15000-puff-sour-apple-bluerry-ohne-zoll\/#primaryimage","url":"https:\/\/vapingnet.de\/wp-content\/uploads\/2025\/04\/Bang-King-Smart-Screen.webp","contentUrl":"https:\/\/vapingnet.de\/wp-content\/uploads\/2025\/04\/Bang-King-Smart-Screen.webp","width":1000,"height":1000},{"@type":"BreadcrumbList","@id":"https:\/\/vapingnet.de\/vape\/weltweit-beliebter-bang-king-smart-screen-15000-puff-sour-apple-bluerry-ohne-zoll\/#breadcrumb","itemListElement":[{"@type":"ListItem","position":1,"name":"Home","item":"https:\/\/vapingnet.de\/"},{"@type":"ListItem","position":2,"name":"Shop","item":"https:\/\/vapingnet.de\/vape\/"},{"@type":"ListItem","position":3,"name":"Weltweit Beliebter Bang King Smart Screen 15000 Puff Sour Apple Bluerry Ohne Zoll"}]},{"@type":"WebSite","@id":"https:\/\/vapingnet.de\/#website","url":"https:\/\/vapingnet.de\/","name":"Vapingnet.de","description":"","publisher":{"@id":"https:\/\/vapingnet.de\/#organization"},"potentialAction":[{"@type":"SearchAction","target":{"@type":"EntryPoint","urlTemplate":"https:\/\/vapingnet.de\/?s={search_term_string}"},"query-input":{"@type":"PropertyValueSpecification","valueRequired":true,"valueName":"search_term_string"}}],"inLanguage":"pl-PL"},{"@type":"Organization","@id":"https:\/\/vapingnet.de\/#organization","name":"Vapingnet.de","url":"https:\/\/vapingnet.de\/","logo":{"@type":"ImageObject","inLanguage":"pl-PL","@id":"https:\/\/vapingnet.de\/#\/schema\/logo\/image\/","url":"https:\/\/vapingnet.de\/wp-content\/uploads\/2025\/03\/cropped-vapingnet.de_.jpg","contentUrl":"https:\/\/vapingnet.de\/wp-content\/uploads\/2025\/03\/cropped-vapingnet.de_.jpg","width":512,"height":512,"caption":"Vapingnet.de"},"image":{"@id":"https:\/\/vapingnet.de\/#\/schema\/logo\/image\/"},"sameAs":["https:\/\/www.facebook.com\/vapingnetde\/"]}]}},"tiered_pricing_type":"fixed","tiered_pricing_fixed_rules":{"10":"8.35","60":"7.52","110":"6.68","200":"5.85"},"tiered_pricing_product_settings":{"layout":"default","base_unit_name":{"singular":null,"plural":null},"default_variation":null},"tiered_pricing_minimum_quantity":null,"tiered_pricing_roles_data":[],"tiered_pricing_percentage_rules":[],"_links":{"self":[{"href":"https:\/\/vapingnet.de\/pl\/wp-json\/wp\/v2\/product\/6282","targetHints":{"allow":["GET"]}}],"collection":[{"href":"https:\/\/vapingnet.de\/pl\/wp-json\/wp\/v2\/product"}],"about":[{"href":"https:\/\/vapingnet.de\/pl\/wp-json\/wp\/v2\/types\/product"}],"version-history":[{"count":3,"href":"https:\/\/vapingnet.de\/pl\/wp-json\/wp\/v2\/product\/6282\/revisions"}],"predecessor-version":[{"id":6860,"href":"https:\/\/vapingnet.de\/pl\/wp-json\/wp\/v2\/product\/6282\/revisions\/6860"}],"wp:featuredmedia":[{"embeddable":true,"href":"https:\/\/vapingnet.de\/pl\/wp-json\/wp\/v2\/media\/6858"}],"wp:attachment":[{"href":"https:\/\/vapingnet.de\/pl\/wp-json\/wp\/v2\/media?parent=6282"}],"wp:term":[{"taxonomy":"brand","embeddable":true,"href":"https:\/\/vapingnet.de\/pl\/wp-json\/wp\/v2\/etheme_brands?post=6282"},{"taxonomy":"product_brand","embeddable":true,"href":"https:\/\/vapingnet.de\/pl\/wp-json\/wp\/v2\/product_brand?post=6282"},{"taxonomy":"product_cat","embeddable":true,"href":"https:\/\/vapingnet.de\/pl\/wp-json\/wp\/v2\/product_cat?post=6282"},{"taxonomy":"product_tag","embeddable":true,"href":"https:\/\/vapingnet.de\/pl\/wp-json\/wp\/v2\/product_tag?post=6282"}],"curies":[{"name":"wp","href":"https:\/\/api.w.org\/{rel}","templated":true}]}}