{"id":6283,"date":"2025-04-11T08:03:11","date_gmt":"2025-04-11T08:03:11","guid":{"rendered":"https:\/\/vapingnet.de\/?post_type=product&#038;p=6283"},"modified":"2025-06-19T03:39:27","modified_gmt":"2025-06-19T03:39:27","slug":"exklusiv-bang-king-smart-screen-15000-puff-mit-lush-ice-weltweit-beliebt","status":"publish","type":"product","link":"https:\/\/vapingnet.de\/pl\/vape\/exklusiv-bang-king-smart-screen-15000-puff-mit-lush-ice-weltweit-beliebt\/","title":{"rendered":"Ekskluzywnie Bang King Smart Screen 15000 Puff z Lush Ice \u2013 globalnie popularny"},"content":{"rendered":"<h2 data-start=\"47\" data-end=\"137\">Bang King Smart Screen 15000 Puff \u2013 Jednorazowa e-papieros dla wymagaj\u0105cych palaczy<\/h2>\n<p class=\"\" data-start=\"139\" data-end=\"476\">Dla wszystkich, kt\u00f3rzy poszukuj\u0105 trwa\u0142ego i wydajnego jednorazowego vapingu, Bang King Smart Screen 15000 Puff jest doskona\u0142ym wyborem. Dzi\u0119ki po\u0142\u0105czeniu zaawansowanej technologii i du\u017cej pojemno\u015bci p\u0142ynu, ten model wyznacza nowe standardy na rynku e-papieros\u00f3w jednorazowych.<\/p>\n<h3>Cechy produktu Bang King Smart Screen 15000 Puff<\/h3>\n<p class=\"\" data-start=\"541\" data-end=\"739\">Bang King Smart Screen 15000 Puff zosta\u0142 zaprojektowany, aby zapewni\u0107 wyj\u0105tkowe doznania podczas vapowania. Przyjrzyjmy si\u0119 szczeg\u00f3\u0142owo najwa\u017cniejszym w\u0142a\u015bciwo\u015bciom i zaletom tego e-papierosa:<\/p>\n<ul data-start=\"741\" data-end=\"1175\">\n<li class=\"\" data-start=\"741\" data-end=\"788\">\n<p class=\"\" data-start=\"743\" data-end=\"788\">Model: Bang King Smart Screen 15000 Puff<\/p>\n<\/li>\n<li class=\"\" data-start=\"789\" data-end=\"813\">\n<p class=\"\" data-start=\"791\" data-end=\"813\">Mesh Coil: 1.0 Ohm<\/p>\n<\/li>\n<li class=\"\" data-start=\"814\" data-end=\"846\">\n<p class=\"\" data-start=\"816\" data-end=\"846\">Pojemno\u015b\u0107 baterii: 650 mAh<\/p>\n<\/li>\n<li class=\"\" data-start=\"847\" data-end=\"878\">\n<p class=\"\" data-start=\"849\" data-end=\"878\">Pojemno\u015b\u0107 e-liquid: 25 ml<\/p>\n<\/li>\n<li class=\"\" data-start=\"879\" data-end=\"916\">\n<p class=\"\" data-start=\"881\" data-end=\"916\">Opcje nikotynowe: 0%, 2%, 3%, 5%<\/p>\n<\/li>\n<li class=\"\" data-start=\"917\" data-end=\"943\">\n<p class=\"\" data-start=\"919\" data-end=\"943\">Gniazdo \u0142adowania: Typ-C<\/p>\n<\/li>\n<li class=\"\" data-start=\"944\" data-end=\"970\">\n<p class=\"\" data-start=\"946\" data-end=\"970\">Wy\u015bwietlacz: Wy\u015bwietlacz LED<\/p>\n<\/li>\n<li class=\"\" data-start=\"971\" data-end=\"1053\">\n<p class=\"\" data-start=\"973\" data-end=\"1053\">Smak: Lush Ice<\/p>\n<\/li>\n<li class=\"\" data-start=\"1054\" data-end=\"1088\">\n<p class=\"\" data-start=\"1056\" data-end=\"1088\">Czas dostawy: 7-15 dni roboczych<\/p>\n<\/li>\n<li class=\"\" data-start=\"1089\" data-end=\"1123\">\n<p class=\"\" data-start=\"1091\" data-end=\"1123\">Zaleta: Dostawa bez op\u0142at celnych<\/p>\n<\/li>\n<\/ul>\n<h5 data-start=\"1177\" data-end=\"1232\">Wysoka wydajno\u015b\u0107 do codziennego u\u017cytku<\/h5>\n<p class=\"\" data-start=\"1234\" data-end=\"1532\">Bang King Smart Screen 15000 Puff oferuje do 15 000 poci\u0105gni\u0119\u0107, co czyni go trwa\u0142ym towarzyszem dla palaczy, kt\u00f3rzy du\u017co podr\u00f3\u017cuj\u0105 lub szukaj\u0105 rozwi\u0105zania na d\u0142u\u017cszy czas. Mesh Coil zapewnia r\u00f3wnomierne doznania vapowania z niezmiennym smakiem i delikatnym dymem.<\/p>\n<h5 data-start=\"1534\" data-end=\"1576\">Elastyczno\u015b\u0107 w zakresie nikotyny<\/h5>\n<p class=\"\" data-start=\"1578\" data-end=\"1896\">Kolejn\u0105 atrakcj\u0105 Bang King Smart Screen jest wyb\u00f3r poziomu nikotyny. Niezale\u017cnie od tego, czy wolisz \u0142agodniejsze do\u015bwiadczenie z nikotyn\u0105 0%, czy mocniejsz\u0105 dawk\u0119 5% \u2013 tutaj znajdziesz odpowiedni\u0105 opcj\u0119. Ta elastyczno\u015b\u0107 sprawia, \u017ce e-papieros jest atrakcyjny zar\u00f3wno dla pocz\u0105tkuj\u0105cych, jak i do\u015bwiadczonych palaczy.<\/p>\n<h5 data-start=\"1898\" data-end=\"1945\">Praktyczna opcja \u0142adowania i d\u0142ugotrwa\u0142e u\u017cytkowanie<\/h5>\n<p class=\"\" data-start=\"1947\" data-end=\"2320\">Bateria o pojemno\u015bci 650 mAh zapewnia wystarczaj\u0105c\u0105 energi\u0119 do spo\u017cycia 25 ml e-liquidu przez d\u0142ugi czas. Z\u0142\u0105cze \u0142adowania typu C umo\u017cliwia szybkie i efektywne na\u0142adowanie baterii \u2013 dzi\u0119ki temu mo\u017cesz zawsze przygotowa\u0107 e-papieros do u\u017cycia. Wy\u015bwietlacz LED informuje Ci\u0119 na bie\u017c\u0105co o stanie na\u0142adowania.<\/p>\n<h5 data-start=\"2322\" data-end=\"2364\">Orze\u017awiaj\u0105cy smak \u2013 Lush Ice<\/h5>\n<p class=\"\" data-start=\"2366\" data-end=\"2644\">Smak Lush Ice \u0142\u0105czy arbuz z orze\u017awiaj\u0105c\u0105 nut\u0105 mentolu, co czyni vapowanie szczeg\u00f3lnie od\u015bwie\u017caj\u0105cym do\u015bwiadczeniem. Ten smak jest idealny dla palaczy, kt\u00f3rzy ceni\u0105 zar\u00f3wno owocowe nuty, jak i ch\u0142odne orze\u017awienie.<\/p>\n<h3>Zalety Bang King Smart Screen<\/h3>\n<ul data-start=\"2691\" data-end=\"3077\">\n<li class=\"\" data-start=\"2691\" data-end=\"2834\">\n<p class=\"\" data-start=\"2693\" data-end=\"2834\">\u0141atwa obs\u0142uga: Poniewa\u017c jest to e-papieros jednorazowy, nie musisz si\u0119 martwi\u0107 o nape\u0142nianie czy czyszczenie.<\/p>\n<\/li>\n<li class=\"\" data-start=\"2835\" data-end=\"2962\">\n<p class=\"\" data-start=\"2837\" data-end=\"2962\">Dostawa bez op\u0142at celnych: Zamawiaj bez dodatkowych op\u0142at importowych \u2013 Twoje zam\u00f3wienie zostanie wys\u0142ane bezpo\u015brednio z magazynu.<\/p>\n<\/li>\n<li class=\"\" data-start=\"2963\" data-end=\"3077\">\n<p class=\"\" data-start=\"2965\" data-end=\"3077\">Szybka dostawa: Z czasem dostawy tylko 7-15 dni roboczych, Tw\u00f3j nowy e-papieros szybko trafi do Ciebie.<\/p>\n<\/li>\n<\/ul>\n<h4 data-start=\"3079\" data-end=\"3138\">Dlaczego Bang King Smart Screen 15000 Puff?<\/h4>\n<p class=\"\" data-start=\"3140\" data-end=\"3456\">Dla wszystkich, kt\u00f3rzy szukaj\u0105 wydajnego, d\u0142ugotrwa\u0142ego i \u0142atwego w obs\u0142udze e-papierosa, Bang King Smart Screen 15000 Puff jest idealnym wyborem. Dzi\u0119ki du\u017cej pojemno\u015bci p\u0142ynu, elastycznym opcjom nikotynowym i doskona\u0142emu smakowi, ten model z pewno\u015bci\u0105 zachwyci wielu palaczy.<\/p>\n<p class=\"\" data-start=\"3458\" data-end=\"3680\">Je\u015bli szukasz prostego, intensywnego do\u015bwiadczenia z e-papierosem, koniecznie wypr\u00f3buj Bang King Smart Screen 15000 Puff. Odwied\u017a vapingnet.de i zam\u00f3w ju\u017c dzi\u015b swoj\u0105 now\u0105 e-papierosa.<\/p>","protected":false},"excerpt":{"rendered":"<p>Bang King Smart Screen 15000 Puff \u2013 Einweg-E-Zigarette f\u00fcr den anspruchsvollen Dampfer F\u00fcr alle, die auf der Suche nach einem langlebigen und leistungsstarken Einweg-Vape sind,&#8230;<\/p>","protected":false},"featured_media":6858,"template":"","meta":[],"etheme_brands":[],"product_brand":[101],"product_cat":[53,49,61],"product_tag":[],"class_list":{"0":"post-6283","1":"product","2":"type-product","3":"status-publish","4":"has-post-thumbnail","6":"product_brand-bang-king-vape","7":"product_cat-vape-15000-zuege","8":"product_cat-einweg-e-zigarette","9":"product_cat-f","11":"first","12":"instock","13":"shipping-taxable","14":"purchasable","15":"product-type-simple"},"yoast_head":"<!-- This site is optimized with the Yoast SEO plugin v26.5 - https:\/\/yoast.com\/wordpress\/plugins\/seo\/ -->\n<title>Exklusiv Bang King Smart Screen 15000 Puff Mit Lush Ice Weltweit Beliebt | Vapingnet.de<\/title>\n<meta name=\"description\" content=\"Entdecke Exklusiv Bang King Smart Screen 15000 Puff Mit Lush Ice Weltweit Beliebt bei vapingnet.de, \u25ba Gro\u00dfe Auswahl an Geschmacksrichtungen &amp; super g\u00fcnstig!\" \/>\n<meta name=\"robots\" content=\"index, follow, max-snippet:-1, max-image-preview:large, max-video-preview:-1\" \/>\n<link rel=\"canonical\" href=\"https:\/\/vapingnet.de\/pl\/vape\/exklusiv-bang-king-smart-screen-15000-puff-mit-lush-ice-weltweit-beliebt\/\" \/>\n<meta property=\"og:locale\" content=\"pl_PL\" \/>\n<meta property=\"og:type\" content=\"article\" \/>\n<meta property=\"og:title\" content=\"Exklusiv Bang King Smart Screen 15000 Puff Mit Lush Ice Weltweit Beliebt | Vapingnet.de\" \/>\n<meta property=\"og:description\" content=\"Entdecke Exklusiv Bang King Smart Screen 15000 Puff Mit Lush Ice Weltweit Beliebt bei vapingnet.de, \u25ba Gro\u00dfe Auswahl an Geschmacksrichtungen &amp; super g\u00fcnstig!\" \/>\n<meta property=\"og:url\" content=\"https:\/\/vapingnet.de\/pl\/vape\/exklusiv-bang-king-smart-screen-15000-puff-mit-lush-ice-weltweit-beliebt\/\" \/>\n<meta property=\"og:site_name\" content=\"Vapingnet.de\" \/>\n<meta property=\"article:publisher\" content=\"https:\/\/www.facebook.com\/vapingnetde\/\" \/>\n<meta property=\"article:modified_time\" content=\"2025-06-19T03:39:27+00:00\" \/>\n<meta property=\"og:image\" content=\"https:\/\/vapingnet.de\/wp-content\/uploads\/2025\/04\/Bang-King-Smart-Screen.webp\" \/>\n\t<meta property=\"og:image:width\" content=\"1000\" \/>\n\t<meta property=\"og:image:height\" content=\"1000\" \/>\n\t<meta property=\"og:image:type\" content=\"image\/webp\" \/>\n<meta name=\"twitter:card\" content=\"summary_large_image\" \/>\n<meta name=\"twitter:label1\" content=\"Est. reading time\" \/>\n\t<meta name=\"twitter:data1\" content=\"3 minutes\" \/>\n<script type=\"application\/ld+json\" class=\"yoast-schema-graph\">{\"@context\":\"https:\/\/schema.org\",\"@graph\":[{\"@type\":\"WebPage\",\"@id\":\"https:\/\/vapingnet.de\/vape\/exklusiv-bang-king-smart-screen-15000-puff-mit-lush-ice-weltweit-beliebt\/\",\"url\":\"https:\/\/vapingnet.de\/vape\/exklusiv-bang-king-smart-screen-15000-puff-mit-lush-ice-weltweit-beliebt\/\",\"name\":\"Exklusiv Bang King Smart Screen 15000 Puff Mit Lush Ice Weltweit Beliebt | Vapingnet.de\",\"isPartOf\":{\"@id\":\"https:\/\/vapingnet.de\/#website\"},\"primaryImageOfPage\":{\"@id\":\"https:\/\/vapingnet.de\/vape\/exklusiv-bang-king-smart-screen-15000-puff-mit-lush-ice-weltweit-beliebt\/#primaryimage\"},\"image\":{\"@id\":\"https:\/\/vapingnet.de\/vape\/exklusiv-bang-king-smart-screen-15000-puff-mit-lush-ice-weltweit-beliebt\/#primaryimage\"},\"thumbnailUrl\":\"https:\/\/vapingnet.de\/wp-content\/uploads\/2025\/04\/Bang-King-Smart-Screen.webp\",\"datePublished\":\"2025-04-11T08:03:11+00:00\",\"dateModified\":\"2025-06-19T03:39:27+00:00\",\"description\":\"Entdecke Exklusiv Bang King Smart Screen 15000 Puff Mit Lush Ice Weltweit Beliebt bei vapingnet.de, \u25ba Gro\u00dfe Auswahl an Geschmacksrichtungen & super g\u00fcnstig!\",\"breadcrumb\":{\"@id\":\"https:\/\/vapingnet.de\/vape\/exklusiv-bang-king-smart-screen-15000-puff-mit-lush-ice-weltweit-beliebt\/#breadcrumb\"},\"inLanguage\":\"pl-PL\",\"potentialAction\":[{\"@type\":\"ReadAction\",\"target\":[\"https:\/\/vapingnet.de\/vape\/exklusiv-bang-king-smart-screen-15000-puff-mit-lush-ice-weltweit-beliebt\/\"]}]},{\"@type\":\"ImageObject\",\"inLanguage\":\"pl-PL\",\"@id\":\"https:\/\/vapingnet.de\/vape\/exklusiv-bang-king-smart-screen-15000-puff-mit-lush-ice-weltweit-beliebt\/#primaryimage\",\"url\":\"https:\/\/vapingnet.de\/wp-content\/uploads\/2025\/04\/Bang-King-Smart-Screen.webp\",\"contentUrl\":\"https:\/\/vapingnet.de\/wp-content\/uploads\/2025\/04\/Bang-King-Smart-Screen.webp\",\"width\":1000,\"height\":1000},{\"@type\":\"BreadcrumbList\",\"@id\":\"https:\/\/vapingnet.de\/vape\/exklusiv-bang-king-smart-screen-15000-puff-mit-lush-ice-weltweit-beliebt\/#breadcrumb\",\"itemListElement\":[{\"@type\":\"ListItem\",\"position\":1,\"name\":\"Home\",\"item\":\"https:\/\/vapingnet.de\/\"},{\"@type\":\"ListItem\",\"position\":2,\"name\":\"Shop\",\"item\":\"https:\/\/vapingnet.de\/vape\/\"},{\"@type\":\"ListItem\",\"position\":3,\"name\":\"Exklusiv Bang King Smart Screen 15000 Puff Mit Lush Ice Weltweit Beliebt\"}]},{\"@type\":\"WebSite\",\"@id\":\"https:\/\/vapingnet.de\/#website\",\"url\":\"https:\/\/vapingnet.de\/\",\"name\":\"Vapingnet.de\",\"description\":\"\",\"publisher\":{\"@id\":\"https:\/\/vapingnet.de\/#organization\"},\"potentialAction\":[{\"@type\":\"SearchAction\",\"target\":{\"@type\":\"EntryPoint\",\"urlTemplate\":\"https:\/\/vapingnet.de\/?s={search_term_string}\"},\"query-input\":{\"@type\":\"PropertyValueSpecification\",\"valueRequired\":true,\"valueName\":\"search_term_string\"}}],\"inLanguage\":\"pl-PL\"},{\"@type\":\"Organization\",\"@id\":\"https:\/\/vapingnet.de\/#organization\",\"name\":\"Vapingnet.de\",\"url\":\"https:\/\/vapingnet.de\/\",\"logo\":{\"@type\":\"ImageObject\",\"inLanguage\":\"pl-PL\",\"@id\":\"https:\/\/vapingnet.de\/#\/schema\/logo\/image\/\",\"url\":\"https:\/\/vapingnet.de\/wp-content\/uploads\/2025\/03\/cropped-vapingnet.de_.jpg\",\"contentUrl\":\"https:\/\/vapingnet.de\/wp-content\/uploads\/2025\/03\/cropped-vapingnet.de_.jpg\",\"width\":512,\"height\":512,\"caption\":\"Vapingnet.de\"},\"image\":{\"@id\":\"https:\/\/vapingnet.de\/#\/schema\/logo\/image\/\"},\"sameAs\":[\"https:\/\/www.facebook.com\/vapingnetde\/\"]}]}<\/script>\n<!-- \/ Yoast SEO plugin. -->","yoast_head_json":{"title":"Exklusiv Bang King Smart Screen 15000 Puff Mit Lush Ice Weltweit Beliebt | Vapingnet.de","description":"Entdecke Exklusiv Bang King Smart Screen 15000 Puff Mit Lush Ice Weltweit Beliebt bei vapingnet.de, \u25ba Gro\u00dfe Auswahl an Geschmacksrichtungen & super g\u00fcnstig!","robots":{"index":"index","follow":"follow","max-snippet":"max-snippet:-1","max-image-preview":"max-image-preview:large","max-video-preview":"max-video-preview:-1"},"canonical":"https:\/\/vapingnet.de\/pl\/vape\/exklusiv-bang-king-smart-screen-15000-puff-mit-lush-ice-weltweit-beliebt\/","og_locale":"pl_PL","og_type":"article","og_title":"Exklusiv Bang King Smart Screen 15000 Puff Mit Lush Ice Weltweit Beliebt | Vapingnet.de","og_description":"Entdecke Exklusiv Bang King Smart Screen 15000 Puff Mit Lush Ice Weltweit Beliebt bei vapingnet.de, \u25ba Gro\u00dfe Auswahl an Geschmacksrichtungen & super g\u00fcnstig!","og_url":"https:\/\/vapingnet.de\/pl\/vape\/exklusiv-bang-king-smart-screen-15000-puff-mit-lush-ice-weltweit-beliebt\/","og_site_name":"Vapingnet.de","article_publisher":"https:\/\/www.facebook.com\/vapingnetde\/","article_modified_time":"2025-06-19T03:39:27+00:00","og_image":[{"width":1000,"height":1000,"url":"https:\/\/vapingnet.de\/wp-content\/uploads\/2025\/04\/Bang-King-Smart-Screen.webp","type":"image\/webp"}],"twitter_card":"summary_large_image","twitter_misc":{"Est. reading time":"3 minutes"},"schema":{"@context":"https:\/\/schema.org","@graph":[{"@type":"WebPage","@id":"https:\/\/vapingnet.de\/vape\/exklusiv-bang-king-smart-screen-15000-puff-mit-lush-ice-weltweit-beliebt\/","url":"https:\/\/vapingnet.de\/vape\/exklusiv-bang-king-smart-screen-15000-puff-mit-lush-ice-weltweit-beliebt\/","name":"Exklusiv Bang King Smart Screen 15000 Puff Mit Lush Ice Weltweit Beliebt | Vapingnet.de","isPartOf":{"@id":"https:\/\/vapingnet.de\/#website"},"primaryImageOfPage":{"@id":"https:\/\/vapingnet.de\/vape\/exklusiv-bang-king-smart-screen-15000-puff-mit-lush-ice-weltweit-beliebt\/#primaryimage"},"image":{"@id":"https:\/\/vapingnet.de\/vape\/exklusiv-bang-king-smart-screen-15000-puff-mit-lush-ice-weltweit-beliebt\/#primaryimage"},"thumbnailUrl":"https:\/\/vapingnet.de\/wp-content\/uploads\/2025\/04\/Bang-King-Smart-Screen.webp","datePublished":"2025-04-11T08:03:11+00:00","dateModified":"2025-06-19T03:39:27+00:00","description":"Entdecke Exklusiv Bang King Smart Screen 15000 Puff Mit Lush Ice Weltweit Beliebt bei vapingnet.de, \u25ba Gro\u00dfe Auswahl an Geschmacksrichtungen & super g\u00fcnstig!","breadcrumb":{"@id":"https:\/\/vapingnet.de\/vape\/exklusiv-bang-king-smart-screen-15000-puff-mit-lush-ice-weltweit-beliebt\/#breadcrumb"},"inLanguage":"pl-PL","potentialAction":[{"@type":"ReadAction","target":["https:\/\/vapingnet.de\/vape\/exklusiv-bang-king-smart-screen-15000-puff-mit-lush-ice-weltweit-beliebt\/"]}]},{"@type":"ImageObject","inLanguage":"pl-PL","@id":"https:\/\/vapingnet.de\/vape\/exklusiv-bang-king-smart-screen-15000-puff-mit-lush-ice-weltweit-beliebt\/#primaryimage","url":"https:\/\/vapingnet.de\/wp-content\/uploads\/2025\/04\/Bang-King-Smart-Screen.webp","contentUrl":"https:\/\/vapingnet.de\/wp-content\/uploads\/2025\/04\/Bang-King-Smart-Screen.webp","width":1000,"height":1000},{"@type":"BreadcrumbList","@id":"https:\/\/vapingnet.de\/vape\/exklusiv-bang-king-smart-screen-15000-puff-mit-lush-ice-weltweit-beliebt\/#breadcrumb","itemListElement":[{"@type":"ListItem","position":1,"name":"Home","item":"https:\/\/vapingnet.de\/"},{"@type":"ListItem","position":2,"name":"Shop","item":"https:\/\/vapingnet.de\/vape\/"},{"@type":"ListItem","position":3,"name":"Exklusiv Bang King Smart Screen 15000 Puff Mit Lush Ice Weltweit Beliebt"}]},{"@type":"WebSite","@id":"https:\/\/vapingnet.de\/#website","url":"https:\/\/vapingnet.de\/","name":"Vapingnet.de","description":"","publisher":{"@id":"https:\/\/vapingnet.de\/#organization"},"potentialAction":[{"@type":"SearchAction","target":{"@type":"EntryPoint","urlTemplate":"https:\/\/vapingnet.de\/?s={search_term_string}"},"query-input":{"@type":"PropertyValueSpecification","valueRequired":true,"valueName":"search_term_string"}}],"inLanguage":"pl-PL"},{"@type":"Organization","@id":"https:\/\/vapingnet.de\/#organization","name":"Vapingnet.de","url":"https:\/\/vapingnet.de\/","logo":{"@type":"ImageObject","inLanguage":"pl-PL","@id":"https:\/\/vapingnet.de\/#\/schema\/logo\/image\/","url":"https:\/\/vapingnet.de\/wp-content\/uploads\/2025\/03\/cropped-vapingnet.de_.jpg","contentUrl":"https:\/\/vapingnet.de\/wp-content\/uploads\/2025\/03\/cropped-vapingnet.de_.jpg","width":512,"height":512,"caption":"Vapingnet.de"},"image":{"@id":"https:\/\/vapingnet.de\/#\/schema\/logo\/image\/"},"sameAs":["https:\/\/www.facebook.com\/vapingnetde\/"]}]}},"tiered_pricing_type":"fixed","tiered_pricing_fixed_rules":{"10":"8.35","60":"7.52","110":"6.68","200":"5.85"},"tiered_pricing_product_settings":{"layout":"default","base_unit_name":{"singular":null,"plural":null},"default_variation":null},"tiered_pricing_minimum_quantity":null,"tiered_pricing_roles_data":[],"tiered_pricing_percentage_rules":[],"_links":{"self":[{"href":"https:\/\/vapingnet.de\/pl\/wp-json\/wp\/v2\/product\/6283","targetHints":{"allow":["GET"]}}],"collection":[{"href":"https:\/\/vapingnet.de\/pl\/wp-json\/wp\/v2\/product"}],"about":[{"href":"https:\/\/vapingnet.de\/pl\/wp-json\/wp\/v2\/types\/product"}],"version-history":[{"count":2,"href":"https:\/\/vapingnet.de\/pl\/wp-json\/wp\/v2\/product\/6283\/revisions"}],"predecessor-version":[{"id":6294,"href":"https:\/\/vapingnet.de\/pl\/wp-json\/wp\/v2\/product\/6283\/revisions\/6294"}],"wp:featuredmedia":[{"embeddable":true,"href":"https:\/\/vapingnet.de\/pl\/wp-json\/wp\/v2\/media\/6858"}],"wp:attachment":[{"href":"https:\/\/vapingnet.de\/pl\/wp-json\/wp\/v2\/media?parent=6283"}],"wp:term":[{"taxonomy":"brand","embeddable":true,"href":"https:\/\/vapingnet.de\/pl\/wp-json\/wp\/v2\/etheme_brands?post=6283"},{"taxonomy":"product_brand","embeddable":true,"href":"https:\/\/vapingnet.de\/pl\/wp-json\/wp\/v2\/product_brand?post=6283"},{"taxonomy":"product_cat","embeddable":true,"href":"https:\/\/vapingnet.de\/pl\/wp-json\/wp\/v2\/product_cat?post=6283"},{"taxonomy":"product_tag","embeddable":true,"href":"https:\/\/vapingnet.de\/pl\/wp-json\/wp\/v2\/product_tag?post=6283"}],"curies":[{"name":"wp","href":"https:\/\/api.w.org\/{rel}","templated":true}]}}