{"id":6318,"date":"2025-04-15T02:55:04","date_gmt":"2025-04-15T02:55:04","guid":{"rendered":"https:\/\/vapingnet.de\/?post_type=product&#038;p=6318"},"modified":"2025-05-23T06:32:35","modified_gmt":"2025-05-23T06:32:35","slug":"direkt-vom-hersteller-strawberry-watermelon-elf-box-pulse-x-25000","status":"publish","type":"product","link":"https:\/\/vapingnet.de\/pl\/vape\/direkt-vom-hersteller-strawberry-watermelon-elf-box-pulse-x-25000\/","title":{"rendered":"Prosto od producenta Strawberry Watermelon Elf Box Pulse X 25000"},"content":{"rendered":"<h2 data-start=\"0\" data-end=\"81\" data-immersive-translate-walked=\"d9a96979-4164-4606-9987-7cdcd71d80e7\">Elf Box Pulse X 25000 \u2013 Ostateczna e-papieros dla wymagaj\u0105cych palaczy<\/h2>\n<p class=\"\" data-start=\"83\" data-end=\"472\" data-immersive-translate-walked=\"d9a96979-4164-4606-9987-7cdcd71d80e7\" data-immersive-translate-paragraph=\"1\">Elf Box Pulse X 25000 jest jednym z najbardziej innowacyjnych e-papieros\u00f3w na rynku. \u0141\u0105czy najnowsz\u0105 technologi\u0119 z eleganckim designem i oferuje palaczom niezr\u00f3wnane do\u015bwiadczenie. Ten wielokrotnie \u0142adowany e-papieros jest idealny dla wszystkich, kt\u00f3rzy szukaj\u0105 wydajnej, trwa\u0142ej i smakowo wybitnej alternatywy dla tradycyjnych vape'\u00f3w.<\/p>\n<h3 data-start=\"474\" data-end=\"534\" data-immersive-translate-walked=\"d9a96979-4164-4606-9987-7cdcd71d80e7\">Funkcje i specyfikacje Elf Box Pulse X 25000<\/h3>\n<p class=\"\" data-start=\"536\" data-end=\"990\" data-immersive-translate-walked=\"d9a96979-4164-4606-9987-7cdcd71d80e7\" data-immersive-translate-paragraph=\"1\">Elf Box Pulse X 25000 nie tylko przyci\u0105ga wzrok swoim wygl\u0105dem, ale tak\u017ce oferuje wyj\u0105tkow\u0105 wydajno\u015b\u0107. Dzi\u0119ki podw\u00f3jnemu mesh coil (0,8 ohma + 0,8 ohma) zapewnia intensywny smak i g\u0119st\u0105 par\u0119. Urz\u0105dzenie jest wyposa\u017cone w 18 ml zbiornik na e-liquid, dost\u0119pny w dw\u00f3ch r\u00f3\u017cnych mocach nikotyny: 0%, 2%, 3% i 5%. Dzi\u0119ki temu mo\u017cesz cieszy\u0107 si\u0119 vapowaniem zgodnie z w\u0142asnymi preferencjami i potrzebami.<\/p>\n<p class=\"\" data-start=\"992\" data-end=\"1347\" data-immersive-translate-walked=\"d9a96979-4164-4606-9987-7cdcd71d80e7\" data-immersive-translate-paragraph=\"1\">Wyj\u0105tkow\u0105 cech\u0105 Pulse X jest funkcja AI Power Adjustment Pulse Power, kt\u00f3ra pozwala na optymalne sterowanie vapowaniem za pomoc\u0105 3D Curved Screen. Ponadto, technologia Super Boost VPU Inside zapewnia wyj\u0105tkowo efektywn\u0105 produkcj\u0119 pary. Ta technologia gwarantuje, \u017ce zawsze otrzymujesz idealny zaci\u0105g.<\/p>\n<h4 data-start=\"1349\" data-end=\"1388\" data-immersive-translate-walked=\"d9a96979-4164-4606-9987-7cdcd71d80e7\">Dwa do\u015bwiadczenia parowania w jednym urz\u0105dzeniu<\/h4>\n<p class=\"\" data-start=\"1390\" data-end=\"1688\" data-immersive-translate-walked=\"d9a96979-4164-4606-9987-7cdcd71d80e7\" data-immersive-translate-paragraph=\"1\">Elf Box Pulse X 25000 oferuje dwie r\u00f3\u017cne opcje vapowania: tryb normalny z do 25000 zaci\u0105gni\u0119ciami oraz tryb Pulse, kt\u00f3ry umo\u017cliwia do 15000 zaci\u0105gni\u0119\u0107. Daje to elastyczno\u015b\u0107 wyboru mi\u0119dzy d\u0142u\u017cszym a bardziej intensywnym vapowaniem \u2013 w zale\u017cno\u015bci od potrzeb i upodoba\u0144.<\/p>\n<h4 data-start=\"1690\" data-end=\"1715\" data-immersive-translate-walked=\"d9a96979-4164-4606-9987-7cdcd71d80e7\">Design i obs\u0142uga<\/h4>\n<p class=\"\" data-start=\"1717\" data-end=\"2083\" data-immersive-translate-walked=\"d9a96979-4164-4606-9987-7cdcd71d80e7\" data-immersive-translate-paragraph=\"1\">Design Elf Box Pulse X 25000 jest ergonomiczny i przyjazny dla u\u017cytkownika. Z\u0142\u0105cze Type-C zapewnia szybkie i wygodne \u0142adowanie, dzi\u0119ki czemu mo\u017cesz sp\u0119dza\u0107 mniej czasu na czekaniu i wi\u0119cej na vapowaniu. Przycisk trybu na spodzie urz\u0105dzenia umo\u017cliwia szybkie prze\u0142\u0105czanie mi\u0119dzy dwoma trybami vapowania.<\/p>\n<h4 data-start=\"2085\" data-end=\"2121\" data-immersive-translate-walked=\"d9a96979-4164-4606-9987-7cdcd71d80e7\">Smak: Truskawka z arbuzem<\/h4>\n<p class=\"\" data-start=\"2123\" data-end=\"2376\" data-immersive-translate-walked=\"d9a96979-4164-4606-9987-7cdcd71d80e7\" data-immersive-translate-paragraph=\"1\">Kolejnym atutem Elf Box Pulse X 25000 jest smak. Smak Strawberry Watermelon to \u015bwie\u017ca, s\u0142odka kombinacja soczystych truskawek i orze\u017awiaj\u0105cej arbuza. Idealny dla tych, kt\u00f3rzy kochaj\u0105 owocowe aromaty.<\/p>\n<h3 data-start=\"2378\" data-end=\"2416\" data-immersive-translate-walked=\"d9a96979-4164-4606-9987-7cdcd71d80e7\">Zalety Elf Box Pulse X 25000<\/h3>\n<ul data-start=\"2418\" data-end=\"3044\" data-immersive-translate-walked=\"d9a96979-4164-4606-9987-7cdcd71d80e7\">\n<li class=\"\" data-start=\"2418\" data-end=\"2565\" data-immersive-translate-walked=\"d9a96979-4164-4606-9987-7cdcd71d80e7\">\n<p class=\"\" data-start=\"2420\" data-end=\"2565\" data-immersive-translate-walked=\"d9a96979-4164-4606-9987-7cdcd71d80e7\" data-immersive-translate-paragraph=\"1\">Trwa\u0142o\u015b\u0107: z 25000 zaci\u0105gni\u0119ciami w trybie normalnym i 15000 w trybie Pulse, Elf Box Pulse X 25000 oferuje wyj\u0105tkow\u0105 \u017cywotno\u015b\u0107.<\/p>\n<\/li>\n<li class=\"\" data-start=\"2566\" data-end=\"2697\" data-immersive-translate-walked=\"d9a96979-4164-4606-9987-7cdcd71d80e7\">\n<p class=\"\" data-start=\"2568\" data-end=\"2697\" data-immersive-translate-walked=\"d9a96979-4164-4606-9987-7cdcd71d80e7\" data-immersive-translate-paragraph=\"1\">Wydajno\u015b\u0107: dzi\u0119ki podw\u00f3jnym mesh coil i technologii Super Boost VPU Inside zapewnia intensywne do\u015bwiadczenie vapowania.<\/p>\n<\/li>\n<li class=\"\" data-start=\"2698\" data-end=\"2823\" data-immersive-translate-walked=\"d9a96979-4164-4606-9987-7cdcd71d80e7\">\n<p class=\"\" data-start=\"2700\" data-end=\"2823\" data-immersive-translate-paragraph=\"1\" data-immersive-translate-walked=\"d9a96979-4164-4606-9987-7cdcd71d80e7\">\u0141atwa obs\u0142uga: z\u0142\u0105cze \u0142adowania Type-C i przycisk trybu czyni\u0105 urz\u0105dzenie przyjaznym i praktycznym w u\u017cytkowaniu.<\/p>\n<\/li>\n<li class=\"\" data-start=\"2824\" data-end=\"2946\" data-immersive-translate-walked=\"d9a96979-4164-4606-9987-7cdcd71d80e7\">\n<p class=\"\" data-start=\"2826\" data-end=\"2946\" data-immersive-translate-walked=\"d9a96979-4164-4606-9987-7cdcd71d80e7\" data-immersive-translate-paragraph=\"1\">Sterowalna moc: dzi\u0119ki funkcji AI Power Adjustment mo\u017cesz dostosowa\u0107 moc wed\u0142ug w\u0142asnych preferencji.<\/p>\n<\/li>\n<li class=\"\" data-start=\"2947\" data-end=\"3044\" data-immersive-translate-walked=\"d9a96979-4164-4606-9987-7cdcd71d80e7\">\n<p class=\"\" data-start=\"2949\" data-end=\"3044\" data-immersive-translate-walked=\"d9a96979-4164-4606-9987-7cdcd71d80e7\" data-immersive-translate-paragraph=\"1\">Bez c\u0142a: korzystaj z bezc\u0142owej dostawy, co czyni zakupy jeszcze wygodniejszymi.<\/p>\n<\/li>\n<\/ul>\n<h4 data-start=\"3046\" data-end=\"3081\" data-immersive-translate-walked=\"d9a96979-4164-4606-9987-7cdcd71d80e7\">Zam\u00f3w teraz na vapingnet.de<\/h4>\n<p class=\"\" data-start=\"3083\" data-end=\"3290\" data-immersive-translate-walked=\"d9a96979-4164-4606-9987-7cdcd71d80e7\" data-immersive-translate-paragraph=\"1\">Elf Box Pulse X 25000 jest dost\u0119pny na vapingnet.de, z czasem dostawy od 7 do 15 dni roboczych. Zdobywaj to wydajne e-papieros ju\u017c dzi\u015b i do\u015bwiadcz vapowania na nowym poziomie.<\/p>\n<p class=\"\" data-start=\"3292\" data-end=\"3488\" data-immersive-translate-walked=\"d9a96979-4164-4606-9987-7cdcd71d80e7\" data-immersive-translate-paragraph=\"1\">Elf Box Pulse X 25000 to idealny wyb\u00f3r dla tych, kt\u00f3rzy ceni\u0105 jako\u015b\u0107, wydajno\u015b\u0107 i smak. Wypr\u00f3buj go teraz i odkryj, dlaczego jest ulubionym wyborem wielu palaczy.<\/p>","protected":false},"excerpt":{"rendered":"<p>Elf Box Pulse X 25000 \u2013 Najlepsza e-papierosa dla wymagaj\u0105cych vaper\u00f3w Elf Box Pulse X 25000 to jedna z najbardziej innowacyjnych e-papieros\u00f3w na rynku...<\/p>","protected":false},"featured_media":6875,"template":"","meta":[],"etheme_brands":[],"product_brand":[],"product_cat":[55,49,61],"product_tag":[],"class_list":{"0":"post-6318","1":"product","2":"type-product","3":"status-publish","4":"has-post-thumbnail","6":"product_cat-vape-25000-zuege","7":"product_cat-einweg-e-zigarette","8":"product_cat-f","10":"first","11":"instock","12":"shipping-taxable","13":"purchasable","14":"product-type-simple"},"yoast_head":"<!-- This site is optimized with the Yoast SEO plugin v26.5 - https:\/\/yoast.com\/wordpress\/plugins\/seo\/ -->\n<title>Direkt Vom Hersteller Strawberry Watermelon Elf Box Pulse X 25000 | Vapingnet.de<\/title>\n<meta name=\"description\" content=\"Entdecke Direkt Vom Hersteller Strawberry Watermelon Elf Box Pulse X 25000 bei vapingnet.de, \u25ba Gro\u00dfe Auswahl an Geschmacksrichtungen &amp; super g\u00fcnstig!\" \/>\n<meta name=\"robots\" content=\"index, follow, max-snippet:-1, max-image-preview:large, max-video-preview:-1\" \/>\n<link rel=\"canonical\" href=\"https:\/\/vapingnet.de\/pl\/vape\/direkt-vom-hersteller-strawberry-watermelon-elf-box-pulse-x-25000\/\" \/>\n<meta property=\"og:locale\" content=\"pl_PL\" \/>\n<meta property=\"og:type\" content=\"article\" \/>\n<meta property=\"og:title\" content=\"Direkt Vom Hersteller Strawberry Watermelon Elf Box Pulse X 25000 | Vapingnet.de\" \/>\n<meta property=\"og:description\" content=\"Entdecke Direkt Vom Hersteller Strawberry Watermelon Elf Box Pulse X 25000 bei vapingnet.de, \u25ba Gro\u00dfe Auswahl an Geschmacksrichtungen &amp; super g\u00fcnstig!\" \/>\n<meta property=\"og:url\" content=\"https:\/\/vapingnet.de\/pl\/vape\/direkt-vom-hersteller-strawberry-watermelon-elf-box-pulse-x-25000\/\" \/>\n<meta property=\"og:site_name\" content=\"Vapingnet.de\" \/>\n<meta property=\"article:publisher\" content=\"https:\/\/www.facebook.com\/vapingnetde\/\" \/>\n<meta property=\"article:modified_time\" content=\"2025-05-23T06:32:35+00:00\" \/>\n<meta property=\"og:image\" content=\"https:\/\/vapingnet.de\/wp-content\/uploads\/2025\/04\/STRAWBERRY-WATERMELON-7.webp\" \/>\n\t<meta property=\"og:image:width\" content=\"1000\" \/>\n\t<meta property=\"og:image:height\" content=\"1000\" \/>\n\t<meta property=\"og:image:type\" content=\"image\/webp\" \/>\n<meta name=\"twitter:card\" content=\"summary_large_image\" \/>\n<meta name=\"twitter:label1\" content=\"Est. reading time\" \/>\n\t<meta name=\"twitter:data1\" content=\"3 minutes\" \/>\n<script type=\"application\/ld+json\" class=\"yoast-schema-graph\">{\"@context\":\"https:\/\/schema.org\",\"@graph\":[{\"@type\":\"WebPage\",\"@id\":\"https:\/\/vapingnet.de\/vape\/direkt-vom-hersteller-strawberry-watermelon-elf-box-pulse-x-25000\/\",\"url\":\"https:\/\/vapingnet.de\/vape\/direkt-vom-hersteller-strawberry-watermelon-elf-box-pulse-x-25000\/\",\"name\":\"Direkt Vom Hersteller Strawberry Watermelon Elf Box Pulse X 25000 | Vapingnet.de\",\"isPartOf\":{\"@id\":\"https:\/\/vapingnet.de\/#website\"},\"primaryImageOfPage\":{\"@id\":\"https:\/\/vapingnet.de\/vape\/direkt-vom-hersteller-strawberry-watermelon-elf-box-pulse-x-25000\/#primaryimage\"},\"image\":{\"@id\":\"https:\/\/vapingnet.de\/vape\/direkt-vom-hersteller-strawberry-watermelon-elf-box-pulse-x-25000\/#primaryimage\"},\"thumbnailUrl\":\"https:\/\/vapingnet.de\/wp-content\/uploads\/2025\/04\/STRAWBERRY-WATERMELON-7.webp\",\"datePublished\":\"2025-04-15T02:55:04+00:00\",\"dateModified\":\"2025-05-23T06:32:35+00:00\",\"description\":\"Entdecke Direkt Vom Hersteller Strawberry Watermelon Elf Box Pulse X 25000 bei vapingnet.de, \u25ba Gro\u00dfe Auswahl an Geschmacksrichtungen & super g\u00fcnstig!\",\"breadcrumb\":{\"@id\":\"https:\/\/vapingnet.de\/vape\/direkt-vom-hersteller-strawberry-watermelon-elf-box-pulse-x-25000\/#breadcrumb\"},\"inLanguage\":\"pl-PL\",\"potentialAction\":[{\"@type\":\"ReadAction\",\"target\":[\"https:\/\/vapingnet.de\/vape\/direkt-vom-hersteller-strawberry-watermelon-elf-box-pulse-x-25000\/\"]}]},{\"@type\":\"ImageObject\",\"inLanguage\":\"pl-PL\",\"@id\":\"https:\/\/vapingnet.de\/vape\/direkt-vom-hersteller-strawberry-watermelon-elf-box-pulse-x-25000\/#primaryimage\",\"url\":\"https:\/\/vapingnet.de\/wp-content\/uploads\/2025\/04\/STRAWBERRY-WATERMELON-7.webp\",\"contentUrl\":\"https:\/\/vapingnet.de\/wp-content\/uploads\/2025\/04\/STRAWBERRY-WATERMELON-7.webp\",\"width\":1000,\"height\":1000},{\"@type\":\"BreadcrumbList\",\"@id\":\"https:\/\/vapingnet.de\/vape\/direkt-vom-hersteller-strawberry-watermelon-elf-box-pulse-x-25000\/#breadcrumb\",\"itemListElement\":[{\"@type\":\"ListItem\",\"position\":1,\"name\":\"Home\",\"item\":\"https:\/\/vapingnet.de\/\"},{\"@type\":\"ListItem\",\"position\":2,\"name\":\"Shop\",\"item\":\"https:\/\/vapingnet.de\/vape\/\"},{\"@type\":\"ListItem\",\"position\":3,\"name\":\"Direkt Vom Hersteller Strawberry Watermelon Elf Box Pulse X 25000\"}]},{\"@type\":\"WebSite\",\"@id\":\"https:\/\/vapingnet.de\/#website\",\"url\":\"https:\/\/vapingnet.de\/\",\"name\":\"Vapingnet.de\",\"description\":\"\",\"publisher\":{\"@id\":\"https:\/\/vapingnet.de\/#organization\"},\"potentialAction\":[{\"@type\":\"SearchAction\",\"target\":{\"@type\":\"EntryPoint\",\"urlTemplate\":\"https:\/\/vapingnet.de\/?s={search_term_string}\"},\"query-input\":{\"@type\":\"PropertyValueSpecification\",\"valueRequired\":true,\"valueName\":\"search_term_string\"}}],\"inLanguage\":\"pl-PL\"},{\"@type\":\"Organization\",\"@id\":\"https:\/\/vapingnet.de\/#organization\",\"name\":\"Vapingnet.de\",\"url\":\"https:\/\/vapingnet.de\/\",\"logo\":{\"@type\":\"ImageObject\",\"inLanguage\":\"pl-PL\",\"@id\":\"https:\/\/vapingnet.de\/#\/schema\/logo\/image\/\",\"url\":\"https:\/\/vapingnet.de\/wp-content\/uploads\/2025\/03\/cropped-vapingnet.de_.jpg\",\"contentUrl\":\"https:\/\/vapingnet.de\/wp-content\/uploads\/2025\/03\/cropped-vapingnet.de_.jpg\",\"width\":512,\"height\":512,\"caption\":\"Vapingnet.de\"},\"image\":{\"@id\":\"https:\/\/vapingnet.de\/#\/schema\/logo\/image\/\"},\"sameAs\":[\"https:\/\/www.facebook.com\/vapingnetde\/\"]}]}<\/script>\n<!-- \/ Yoast SEO plugin. -->","yoast_head_json":{"title":"Direkt Vom Hersteller Strawberry Watermelon Elf Box Pulse X 25000 | Vapingnet.de","description":"Entdecke Direkt Vom Hersteller Strawberry Watermelon Elf Box Pulse X 25000 bei vapingnet.de, \u25ba Gro\u00dfe Auswahl an Geschmacksrichtungen & super g\u00fcnstig!","robots":{"index":"index","follow":"follow","max-snippet":"max-snippet:-1","max-image-preview":"max-image-preview:large","max-video-preview":"max-video-preview:-1"},"canonical":"https:\/\/vapingnet.de\/pl\/vape\/direkt-vom-hersteller-strawberry-watermelon-elf-box-pulse-x-25000\/","og_locale":"pl_PL","og_type":"article","og_title":"Direkt Vom Hersteller Strawberry Watermelon Elf Box Pulse X 25000 | Vapingnet.de","og_description":"Entdecke Direkt Vom Hersteller Strawberry Watermelon Elf Box Pulse X 25000 bei vapingnet.de, \u25ba Gro\u00dfe Auswahl an Geschmacksrichtungen & super g\u00fcnstig!","og_url":"https:\/\/vapingnet.de\/pl\/vape\/direkt-vom-hersteller-strawberry-watermelon-elf-box-pulse-x-25000\/","og_site_name":"Vapingnet.de","article_publisher":"https:\/\/www.facebook.com\/vapingnetde\/","article_modified_time":"2025-05-23T06:32:35+00:00","og_image":[{"width":1000,"height":1000,"url":"https:\/\/vapingnet.de\/wp-content\/uploads\/2025\/04\/STRAWBERRY-WATERMELON-7.webp","type":"image\/webp"}],"twitter_card":"summary_large_image","twitter_misc":{"Est. reading time":"3 minutes"},"schema":{"@context":"https:\/\/schema.org","@graph":[{"@type":"WebPage","@id":"https:\/\/vapingnet.de\/vape\/direkt-vom-hersteller-strawberry-watermelon-elf-box-pulse-x-25000\/","url":"https:\/\/vapingnet.de\/vape\/direkt-vom-hersteller-strawberry-watermelon-elf-box-pulse-x-25000\/","name":"Direkt Vom Hersteller Strawberry Watermelon Elf Box Pulse X 25000 | Vapingnet.de","isPartOf":{"@id":"https:\/\/vapingnet.de\/#website"},"primaryImageOfPage":{"@id":"https:\/\/vapingnet.de\/vape\/direkt-vom-hersteller-strawberry-watermelon-elf-box-pulse-x-25000\/#primaryimage"},"image":{"@id":"https:\/\/vapingnet.de\/vape\/direkt-vom-hersteller-strawberry-watermelon-elf-box-pulse-x-25000\/#primaryimage"},"thumbnailUrl":"https:\/\/vapingnet.de\/wp-content\/uploads\/2025\/04\/STRAWBERRY-WATERMELON-7.webp","datePublished":"2025-04-15T02:55:04+00:00","dateModified":"2025-05-23T06:32:35+00:00","description":"Entdecke Direkt Vom Hersteller Strawberry Watermelon Elf Box Pulse X 25000 bei vapingnet.de, \u25ba Gro\u00dfe Auswahl an Geschmacksrichtungen & super g\u00fcnstig!","breadcrumb":{"@id":"https:\/\/vapingnet.de\/vape\/direkt-vom-hersteller-strawberry-watermelon-elf-box-pulse-x-25000\/#breadcrumb"},"inLanguage":"pl-PL","potentialAction":[{"@type":"ReadAction","target":["https:\/\/vapingnet.de\/vape\/direkt-vom-hersteller-strawberry-watermelon-elf-box-pulse-x-25000\/"]}]},{"@type":"ImageObject","inLanguage":"pl-PL","@id":"https:\/\/vapingnet.de\/vape\/direkt-vom-hersteller-strawberry-watermelon-elf-box-pulse-x-25000\/#primaryimage","url":"https:\/\/vapingnet.de\/wp-content\/uploads\/2025\/04\/STRAWBERRY-WATERMELON-7.webp","contentUrl":"https:\/\/vapingnet.de\/wp-content\/uploads\/2025\/04\/STRAWBERRY-WATERMELON-7.webp","width":1000,"height":1000},{"@type":"BreadcrumbList","@id":"https:\/\/vapingnet.de\/vape\/direkt-vom-hersteller-strawberry-watermelon-elf-box-pulse-x-25000\/#breadcrumb","itemListElement":[{"@type":"ListItem","position":1,"name":"Home","item":"https:\/\/vapingnet.de\/"},{"@type":"ListItem","position":2,"name":"Shop","item":"https:\/\/vapingnet.de\/vape\/"},{"@type":"ListItem","position":3,"name":"Direkt Vom Hersteller Strawberry Watermelon Elf Box Pulse X 25000"}]},{"@type":"WebSite","@id":"https:\/\/vapingnet.de\/#website","url":"https:\/\/vapingnet.de\/","name":"Vapingnet.de","description":"","publisher":{"@id":"https:\/\/vapingnet.de\/#organization"},"potentialAction":[{"@type":"SearchAction","target":{"@type":"EntryPoint","urlTemplate":"https:\/\/vapingnet.de\/?s={search_term_string}"},"query-input":{"@type":"PropertyValueSpecification","valueRequired":true,"valueName":"search_term_string"}}],"inLanguage":"pl-PL"},{"@type":"Organization","@id":"https:\/\/vapingnet.de\/#organization","name":"Vapingnet.de","url":"https:\/\/vapingnet.de\/","logo":{"@type":"ImageObject","inLanguage":"pl-PL","@id":"https:\/\/vapingnet.de\/#\/schema\/logo\/image\/","url":"https:\/\/vapingnet.de\/wp-content\/uploads\/2025\/03\/cropped-vapingnet.de_.jpg","contentUrl":"https:\/\/vapingnet.de\/wp-content\/uploads\/2025\/03\/cropped-vapingnet.de_.jpg","width":512,"height":512,"caption":"Vapingnet.de"},"image":{"@id":"https:\/\/vapingnet.de\/#\/schema\/logo\/image\/"},"sameAs":["https:\/\/www.facebook.com\/vapingnetde\/"]}]}},"tiered_pricing_type":"fixed","tiered_pricing_fixed_rules":{"10":"13.77","60":"12.39","110":"11.02","200":"9.64"},"tiered_pricing_product_settings":{"layout":"default","base_unit_name":{"singular":null,"plural":null},"default_variation":null},"tiered_pricing_minimum_quantity":null,"tiered_pricing_roles_data":[],"tiered_pricing_percentage_rules":[],"_links":{"self":[{"href":"https:\/\/vapingnet.de\/pl\/wp-json\/wp\/v2\/product\/6318","targetHints":{"allow":["GET"]}}],"collection":[{"href":"https:\/\/vapingnet.de\/pl\/wp-json\/wp\/v2\/product"}],"about":[{"href":"https:\/\/vapingnet.de\/pl\/wp-json\/wp\/v2\/types\/product"}],"version-history":[{"count":3,"href":"https:\/\/vapingnet.de\/pl\/wp-json\/wp\/v2\/product\/6318\/revisions"}],"predecessor-version":[{"id":6330,"href":"https:\/\/vapingnet.de\/pl\/wp-json\/wp\/v2\/product\/6318\/revisions\/6330"}],"wp:featuredmedia":[{"embeddable":true,"href":"https:\/\/vapingnet.de\/pl\/wp-json\/wp\/v2\/media\/6875"}],"wp:attachment":[{"href":"https:\/\/vapingnet.de\/pl\/wp-json\/wp\/v2\/media?parent=6318"}],"wp:term":[{"taxonomy":"brand","embeddable":true,"href":"https:\/\/vapingnet.de\/pl\/wp-json\/wp\/v2\/etheme_brands?post=6318"},{"taxonomy":"product_brand","embeddable":true,"href":"https:\/\/vapingnet.de\/pl\/wp-json\/wp\/v2\/product_brand?post=6318"},{"taxonomy":"product_cat","embeddable":true,"href":"https:\/\/vapingnet.de\/pl\/wp-json\/wp\/v2\/product_cat?post=6318"},{"taxonomy":"product_tag","embeddable":true,"href":"https:\/\/vapingnet.de\/pl\/wp-json\/wp\/v2\/product_tag?post=6318"}],"curies":[{"name":"wp","href":"https:\/\/api.w.org\/{rel}","templated":true}]}}