{"id":6323,"date":"2025-04-15T03:24:10","date_gmt":"2025-04-15T03:24:10","guid":{"rendered":"https:\/\/vapingnet.de\/?post_type=product&#038;p=6323"},"modified":"2025-06-19T03:43:03","modified_gmt":"2025-06-19T03:43:03","slug":"fuer-kiwi-passion-fruit-fans-jetzt-elf-box-pulse-x-25000-testen","status":"publish","type":"product","link":"https:\/\/vapingnet.de\/pl\/vape\/fuer-kiwi-passion-fruit-fans-jetzt-elf-box-pulse-x-25000-testen\/","title":{"rendered":"Dla fan\u00f3w Kiwi Passion Fruit teraz wypr\u00f3buj Elf Box Pulse X 25000"},"content":{"rendered":"<h2 data-start=\"0\" data-end=\"57\" data-immersive-translate-walked=\"9bdcfe29-76bc-4d9f-b122-29ad65900c0b\">Elf Box Pulse X 25000 \u2013 Idealny wyb\u00f3r dla palaczy elektronicznych<\/h2>\n<p class=\"\" data-start=\"59\" data-end=\"359\" data-immersive-translate-walked=\"9bdcfe29-76bc-4d9f-b122-29ad65900c0b\" data-immersive-translate-paragraph=\"1\">Elf Box Pulse X 25000 jest jednym z najbardziej zaawansowanych jednorazowych e-papieros\u00f3w na rynku i oferuje imponuj\u0105ce po\u0142\u0105czenie wydajno\u015bci, technologii i smaku. Skierowany jest do palaczy, kt\u00f3rzy ceni\u0105 jako\u015b\u0107, \u0142atwo\u015b\u0107 obs\u0142ugi i niezapomniane doznania podczas vapowania.<\/p>\n<h3 class=\"\" data-start=\"361\" data-end=\"421\" data-immersive-translate-walked=\"9bdcfe29-76bc-4d9f-b122-29ad65900c0b\">Specyfikacje techniczne Elf Box Pulse X 25000<\/h3>\n<div class=\"pointer-events-none relative left-[50%]! flex w-[100cqw] translate-x-[-50%] justify-center *:pointer-events-auto\" data-immersive-translate-walked=\"9bdcfe29-76bc-4d9f-b122-29ad65900c0b\">\n<div class=\"tableContainer horzScrollShadows\" data-immersive-translate-walked=\"9bdcfe29-76bc-4d9f-b122-29ad65900c0b\">\n<table class=\"min-w-full\" data-start=\"423\" data-end=\"1523\" data-immersive-translate-walked=\"9bdcfe29-76bc-4d9f-b122-29ad65900c0b\">\n<thead data-start=\"423\" data-end=\"506\" data-immersive-translate-walked=\"9bdcfe29-76bc-4d9f-b122-29ad65900c0b\">\n<tr data-start=\"423\" data-end=\"506\" data-immersive-translate-walked=\"9bdcfe29-76bc-4d9f-b122-29ad65900c0b\">\n<th data-start=\"423\" data-end=\"457\" data-immersive-translate-walked=\"9bdcfe29-76bc-4d9f-b122-29ad65900c0b\">W\u0142a\u015bciwo\u015b\u0107<\/th>\n<th data-start=\"457\" data-end=\"506\" data-immersive-translate-walked=\"9bdcfe29-76bc-4d9f-b122-29ad65900c0b\">Szczeg\u00f3\u0142y<\/th>\n<\/tr>\n<\/thead>\n<tbody data-start=\"592\" data-end=\"1523\" data-immersive-translate-walked=\"9bdcfe29-76bc-4d9f-b122-29ad65900c0b\">\n<tr data-start=\"592\" data-end=\"676\" data-immersive-translate-walked=\"9bdcfe29-76bc-4d9f-b122-29ad65900c0b\">\n<td class=\"max-w-[calc(var(--thread-content-max-width)*2\/3)]\" data-start=\"592\" data-end=\"627\" data-immersive-translate-walked=\"9bdcfe29-76bc-4d9f-b122-29ad65900c0b\">Podw\u00f3jny Mesh Coil<\/td>\n<td class=\"max-w-[calc(var(--thread-content-max-width)*2\/3)]\" data-start=\"627\" data-end=\"676\" data-immersive-translate-walked=\"9bdcfe29-76bc-4d9f-b122-29ad65900c0b\" data-immersive-translate-paragraph=\"1\">0,8 Ohm + 0,8 Ohm<\/td>\n<\/tr>\n<tr data-start=\"677\" data-end=\"761\" data-immersive-translate-walked=\"9bdcfe29-76bc-4d9f-b122-29ad65900c0b\">\n<td class=\"max-w-[calc(var(--thread-content-max-width)*2\/3)]\" data-start=\"677\" data-end=\"712\" data-immersive-translate-walked=\"9bdcfe29-76bc-4d9f-b122-29ad65900c0b\">Pojemno\u015b\u0107 e-liquid<\/td>\n<td class=\"max-w-[calc(var(--thread-content-max-width)*2\/3)]\" data-start=\"712\" data-end=\"761\" data-immersive-translate-walked=\"9bdcfe29-76bc-4d9f-b122-29ad65900c0b\" data-immersive-translate-paragraph=\"1\">18 ml<\/td>\n<\/tr>\n<tr data-start=\"762\" data-end=\"846\" data-immersive-translate-walked=\"9bdcfe29-76bc-4d9f-b122-29ad65900c0b\">\n<td class=\"max-w-[calc(var(--thread-content-max-width)*2\/3)]\" data-start=\"762\" data-end=\"797\" data-immersive-translate-walked=\"9bdcfe29-76bc-4d9f-b122-29ad65900c0b\">Nikotyna<\/td>\n<td class=\"max-w-[calc(var(--thread-content-max-width)*2\/3)]\" data-start=\"797\" data-end=\"846\" data-immersive-translate-walked=\"9bdcfe29-76bc-4d9f-b122-29ad65900c0b\">0%, 2%, 3%, 5%<\/td>\n<\/tr>\n<tr data-start=\"847\" data-end=\"931\" data-immersive-translate-walked=\"9bdcfe29-76bc-4d9f-b122-29ad65900c0b\">\n<td class=\"max-w-[calc(var(--thread-content-max-width)*2\/3)]\" data-start=\"847\" data-end=\"882\" data-immersive-translate-walked=\"9bdcfe29-76bc-4d9f-b122-29ad65900c0b\">Bateria<\/td>\n<td class=\"max-w-[calc(var(--thread-content-max-width)*2\/3)]\" data-start=\"882\" data-end=\"931\" data-immersive-translate-walked=\"9bdcfe29-76bc-4d9f-b122-29ad65900c0b\" data-immersive-translate-paragraph=\"1\">13 500 mAh<\/td>\n<\/tr>\n<tr data-start=\"932\" data-end=\"1015\" data-immersive-translate-walked=\"9bdcfe29-76bc-4d9f-b122-29ad65900c0b\">\n<td class=\"max-w-[calc(var(--thread-content-max-width)*2\/3)]\" data-start=\"932\" data-end=\"967\" data-immersive-translate-walked=\"9bdcfe29-76bc-4d9f-b122-29ad65900c0b\">Czas vapowania (tryb normalny)<\/td>\n<td class=\"max-w-[calc(var(--thread-content-max-width)*2\/3)]\" data-start=\"967\" data-end=\"1015\" data-immersive-translate-walked=\"9bdcfe29-76bc-4d9f-b122-29ad65900c0b\" data-immersive-translate-paragraph=\"1\">Do 25 000 poci\u0105gni\u0119\u0107<\/td>\n<\/tr>\n<tr data-start=\"1016\" data-end=\"1099\" data-immersive-translate-walked=\"9bdcfe29-76bc-4d9f-b122-29ad65900c0b\">\n<td class=\"max-w-[calc(var(--thread-content-max-width)*2\/3)]\" data-start=\"1016\" data-end=\"1051\" data-immersive-translate-walked=\"9bdcfe29-76bc-4d9f-b122-29ad65900c0b\">Czas vapowania (tryb pulsowy)<\/td>\n<td class=\"max-w-[calc(var(--thread-content-max-width)*2\/3)]\" data-start=\"1051\" data-end=\"1099\" data-immersive-translate-walked=\"9bdcfe29-76bc-4d9f-b122-29ad65900c0b\" data-immersive-translate-paragraph=\"1\">Do 15 000 poci\u0105gni\u0119\u0107<\/td>\n<\/tr>\n<tr data-start=\"1100\" data-end=\"1184\" data-immersive-translate-walked=\"9bdcfe29-76bc-4d9f-b122-29ad65900c0b\">\n<td class=\"max-w-[calc(var(--thread-content-max-width)*2\/3)]\" data-start=\"1100\" data-end=\"1135\" data-immersive-translate-walked=\"9bdcfe29-76bc-4d9f-b122-29ad65900c0b\">\u0141adowanie<\/td>\n<td class=\"max-w-[calc(var(--thread-content-max-width)*2\/3)]\" data-start=\"1135\" data-end=\"1184\" data-immersive-translate-walked=\"9bdcfe29-76bc-4d9f-b122-29ad65900c0b\" data-immersive-translate-paragraph=\"1\">Z\u0142\u0105cze Type-C (szybkie \u0142adowanie)<\/td>\n<\/tr>\n<tr data-start=\"1185\" data-end=\"1269\" data-immersive-translate-walked=\"9bdcfe29-76bc-4d9f-b122-29ad65900c0b\">\n<td class=\"max-w-[calc(var(--thread-content-max-width)*2\/3)]\" data-start=\"1185\" data-end=\"1220\" data-immersive-translate-walked=\"9bdcfe29-76bc-4d9f-b122-29ad65900c0b\">Smak<\/td>\n<td class=\"max-w-[calc(var(--thread-content-max-width)*2\/3)]\" data-start=\"1220\" data-end=\"1269\" data-immersive-translate-walked=\"9bdcfe29-76bc-4d9f-b122-29ad65900c0b\" data-immersive-translate-paragraph=\"1\">Kiwi, Passion Fruit<\/td>\n<\/tr>\n<tr data-start=\"1270\" data-end=\"1353\" data-immersive-translate-walked=\"9bdcfe29-76bc-4d9f-b122-29ad65900c0b\">\n<td class=\"max-w-[calc(var(--thread-content-max-width)*2\/3)]\" data-start=\"1270\" data-end=\"1305\" data-immersive-translate-walked=\"9bdcfe29-76bc-4d9f-b122-29ad65900c0b\">Wyb\u00f3r trybu<\/td>\n<td class=\"max-w-[calc(var(--thread-content-max-width)*2\/3)]\" data-start=\"1305\" data-end=\"1353\" data-immersive-translate-walked=\"9bdcfe29-76bc-4d9f-b122-29ad65900c0b\" data-immersive-translate-paragraph=\"1\">Tryb normalny i tryb pulsowy<\/td>\n<\/tr>\n<tr data-start=\"1354\" data-end=\"1438\" data-immersive-translate-walked=\"9bdcfe29-76bc-4d9f-b122-29ad65900c0b\">\n<td class=\"max-w-[calc(var(--thread-content-max-width)*2\/3)]\" data-start=\"1354\" data-end=\"1389\" data-immersive-translate-walked=\"9bdcfe29-76bc-4d9f-b122-29ad65900c0b\">Czas dostawy<\/td>\n<td class=\"max-w-[calc(var(--thread-content-max-width)*2\/3)]\" data-start=\"1389\" data-end=\"1438\" data-immersive-translate-walked=\"9bdcfe29-76bc-4d9f-b122-29ad65900c0b\" data-immersive-translate-paragraph=\"1\">7-15 dni roboczych<\/td>\n<\/tr>\n<tr data-start=\"1439\" data-end=\"1523\" data-immersive-translate-walked=\"9bdcfe29-76bc-4d9f-b122-29ad65900c0b\">\n<td class=\"max-w-[calc(var(--thread-content-max-width)*2\/3)]\" data-start=\"1439\" data-end=\"1474\" data-immersive-translate-walked=\"9bdcfe29-76bc-4d9f-b122-29ad65900c0b\">Zaleta<\/td>\n<td class=\"max-w-[calc(var(--thread-content-max-width)*2\/3)]\" data-start=\"1474\" data-end=\"1523\" data-immersive-translate-walked=\"9bdcfe29-76bc-4d9f-b122-29ad65900c0b\" data-immersive-translate-paragraph=\"1\">Dostawa bezc\u0142owa<\/td>\n<\/tr>\n<\/tbody>\n<\/table>\n<\/div>\n<\/div>\n<h4 data-start=\"1525\" data-end=\"1562\" data-immersive-translate-walked=\"9bdcfe29-76bc-4d9f-b122-29ad65900c0b\">Najwy\u017csza technologia vapowania<\/h4>\n<p class=\"\" data-start=\"1564\" data-end=\"1951\" data-immersive-translate-walked=\"9bdcfe29-76bc-4d9f-b122-29ad65900c0b\" data-immersive-translate-paragraph=\"1\">Elf Box Pulse X 25000 wykorzystuje najnowsze technologie, kt\u00f3re zapewniaj\u0105 intensywne i r\u00f3wnomierne vapowanie. Podw\u00f3jne Mesh Coils (0,8 Ohm + 0,8 Ohm) oferuj\u0105 doskona\u0142\u0105 wydajno\u015b\u0107 parowania i gwarantuj\u0105 pe\u0142ny smak przy ka\u017cdym poci\u0105gni\u0119ciu. 18 ml zbiornik na e-liquid pozwala na d\u0142ugi czas vapowania, dzi\u0119ki czemu mo\u017cesz cieszy\u0107 si\u0119 nim d\u0142u\u017cej bez konieczno\u015bci cz\u0119stego uzupe\u0142niania.<\/p>\n<p class=\"\" data-start=\"1953\" data-end=\"2181\" data-immersive-translate-walked=\"9bdcfe29-76bc-4d9f-b122-29ad65900c0b\" data-immersive-translate-paragraph=\"1\">Funkcja regulacji mocy AI na zakrzywionym ekranie 3D dostosowuje moc automatycznie do Twoich potrzeb vapowania. Dzi\u0119ki Super Boost VPU Inside para jest r\u00f3wnomiernie generowana, a Ty mo\u017cesz cieszy\u0107 si\u0119 pe\u0142nym aromatem.<\/p>\n<h4 data-start=\"2183\" data-end=\"2226\" data-immersive-translate-walked=\"9bdcfe29-76bc-4d9f-b122-29ad65900c0b\">Dwa tryby vapowania na ka\u017cd\u0105 okazj\u0119<\/h4>\n<p class=\"\" data-start=\"2228\" data-end=\"2368\" data-immersive-translate-walked=\"9bdcfe29-76bc-4d9f-b122-29ad65900c0b\" data-immersive-translate-paragraph=\"1\">Elf Box Pulse X 25000 oferuje dwa r\u00f3\u017cne tryby vapowania, kt\u00f3re pozwalaj\u0105 wybra\u0107 mi\u0119dzy d\u0142u\u017cszymi a bardziej intensywnymi sesjami vapowania:<\/p>\n<ul data-start=\"2370\" data-end=\"2554\" data-immersive-translate-walked=\"9bdcfe29-76bc-4d9f-b122-29ad65900c0b\">\n<li class=\"\" data-start=\"2370\" data-end=\"2452\" data-immersive-translate-walked=\"9bdcfe29-76bc-4d9f-b122-29ad65900c0b\">\n<p class=\"\" data-start=\"2372\" data-end=\"2452\" data-immersive-translate-walked=\"9bdcfe29-76bc-4d9f-b122-29ad65900c0b\" data-immersive-translate-paragraph=\"1\">Tryb normalny: do 25 000 poci\u0105gni\u0119\u0107 \u2013 idealny na d\u0142ugie sesje vapowania.<\/p>\n<\/li>\n<li class=\"\" data-start=\"2453\" data-end=\"2554\" data-immersive-translate-walked=\"9bdcfe29-76bc-4d9f-b122-29ad65900c0b\">\n<p class=\"\" data-start=\"2455\" data-end=\"2554\" data-immersive-translate-walked=\"9bdcfe29-76bc-4d9f-b122-29ad65900c0b\" data-immersive-translate-paragraph=\"1\">Tryb Puls: do 15 000 zaci\u0105gni\u0119\u0107 \u2013 szybsza i intensywniejsza przyjemno\u015b\u0107 z parowania przy kr\u00f3tszych zaci\u0105gni\u0119ciach.<\/p>\n<\/li>\n<\/ul>\n<h4 data-start=\"2556\" data-end=\"2607\" data-immersive-translate-walked=\"9bdcfe29-76bc-4d9f-b122-29ad65900c0b\">Orze\u017awiaj\u0105cy smak: Kiwi Passion Fruit<\/h4>\n<p class=\"\" data-start=\"2609\" data-end=\"2896\" data-immersive-translate-walked=\"9bdcfe29-76bc-4d9f-b122-29ad65900c0b\" data-immersive-translate-paragraph=\"1\">Smak Kiwi Passion Fruit oferuje owocow\u0105 kombinacj\u0119 s\u0142odkiej marakui i soczystej kiwi. Ta egzotyczna mieszanka zapewnia orze\u017awiaj\u0105ce doznania podczas parowania, charakteryzuj\u0105ce si\u0119 intensywnym, przyjemnym smakiem, kt\u00f3ry rozpieszcza podniebienie przy ka\u017cdym zaci\u0105gni\u0119ciu.<\/p>\n<h3>Zalety Elf Box Pulse X 25000<\/h3>\n<ul data-start=\"2942\" data-end=\"3346\" data-immersive-translate-walked=\"9bdcfe29-76bc-4d9f-b122-29ad65900c0b\">\n<li class=\"\" data-start=\"2942\" data-end=\"3042\" data-immersive-translate-walked=\"9bdcfe29-76bc-4d9f-b122-29ad65900c0b\">\n<p class=\"\" data-start=\"2944\" data-end=\"3042\" data-immersive-translate-walked=\"9bdcfe29-76bc-4d9f-b122-29ad65900c0b\" data-immersive-translate-paragraph=\"1\">D\u0142uga \u017cywotno\u015b\u0107: do 25 000 zaci\u0105gni\u0119\u0107 w trybie normalnym i 15 000 zaci\u0105gni\u0119\u0107 w trybie Puls.<\/p>\n<\/li>\n<li class=\"\" data-start=\"3043\" data-end=\"3168\" data-immersive-translate-walked=\"9bdcfe29-76bc-4d9f-b122-29ad65900c0b\">\n<p class=\"\" data-start=\"3045\" data-end=\"3168\" data-immersive-translate-walked=\"9bdcfe29-76bc-4d9f-b122-29ad65900c0b\" data-immersive-translate-paragraph=\"1\">Wszechstronne opcje nikotynowe: wybierz spo\u015br\u00f3d nikotyn 0%, 2%, 3% lub 5%, aby dostosowa\u0107 vapowanie do w\u0142asnych preferencji.<\/p>\n<\/li>\n<li class=\"\" data-start=\"3169\" data-end=\"3253\" data-immersive-translate-walked=\"9bdcfe29-76bc-4d9f-b122-29ad65900c0b\">\n<p class=\"\" data-start=\"3171\" data-end=\"3253\" data-immersive-translate-walked=\"9bdcfe29-76bc-4d9f-b122-29ad65900c0b\" data-immersive-translate-paragraph=\"1\">\u0141atwa obs\u0142uga: z\u0142\u0105cze Type-C do szybkiego i wygodnego \u0142adowania.<\/p>\n<\/li>\n<li class=\"\" data-start=\"3254\" data-end=\"3346\" data-immersive-translate-walked=\"9bdcfe29-76bc-4d9f-b122-29ad65900c0b\">\n<p class=\"\" data-start=\"3256\" data-end=\"3346\" data-immersive-translate-walked=\"9bdcfe29-76bc-4d9f-b122-29ad65900c0b\" data-immersive-translate-paragraph=\"1\">Dostawa bez c\u0142a: brak dodatkowych op\u0142at celnych, co upraszcza proces zakupu.<\/p>\n<\/li>\n<\/ul>\n<h4 data-start=\"3348\" data-end=\"3380\" data-immersive-translate-walked=\"9bdcfe29-76bc-4d9f-b122-29ad65900c0b\">Zam\u00f3wienie i dostawa<\/h4>\n<p class=\"\" data-start=\"3382\" data-end=\"3645\" data-immersive-translate-walked=\"9bdcfe29-76bc-4d9f-b122-29ad65900c0b\" data-immersive-translate-paragraph=\"1\">Elf Box Pulse X 25000 jest dost\u0119pny na vapingnet.de. Zam\u00f3w urz\u0105dzenie wygodnie online i skorzystaj z szybkiej dostawy w ci\u0105gu 7-15 dni roboczych. Dostawa bez c\u0142a, wi\u0119c nie musisz si\u0119 obawia\u0107 ukrytych koszt\u00f3w.<\/p>\n<p class=\"\" data-start=\"3662\" data-end=\"4050\" data-immersive-translate-walked=\"9bdcfe29-76bc-4d9f-b122-29ad65900c0b\" data-immersive-translate-paragraph=\"1\">Elf Box Pulse X 25000 to doskona\u0142y wyb\u00f3r dla wszystkich vaporyst\u00f3w ceni\u0105cych wydajno\u015b\u0107, smak i \u0142atwo\u015b\u0107 obs\u0142ugi. Z d\u0142ug\u0105 \u017cywotno\u015bci\u0105, innowacyjn\u0105 technologi\u0105 i unikalnym smakiem jest idealnym rozwi\u0105zaniem dla pe\u0142nego satysfakcji do\u015bwiadczenia parowania. Zdobywaj swoj\u0105 Elf Box Pulse X 25000 na vapingnet.de i odkryj na nowo przyjemno\u015b\u0107 z parowania.<\/p>","protected":false},"excerpt":{"rendered":"<p>Elf Box Pulse X 25000 \u2013 Die perfekte Wahl f\u00fcr Dampfer Die Elf Box Pulse X 25000 ist eine der fortschrittlichsten Einweg-E-Zigaretten auf dem Markt&#8230;<\/p>","protected":false},"featured_media":6872,"template":"","meta":[],"etheme_brands":[],"product_brand":[100],"product_cat":[55,49,61],"product_tag":[],"class_list":{"0":"post-6323","1":"product","2":"type-product","3":"status-publish","4":"has-post-thumbnail","6":"product_brand-elf-box-vape","7":"product_cat-vape-25000-zuege","8":"product_cat-einweg-e-zigarette","9":"product_cat-f","11":"first","12":"instock","13":"shipping-taxable","14":"purchasable","15":"product-type-simple"},"yoast_head":"<!-- This site is optimized with the Yoast SEO plugin v26.5 - https:\/\/yoast.com\/wordpress\/plugins\/seo\/ -->\n<title>F\u00fcr Kiwi Passion Fruit Fans Jetzt Elf Box Pulse X 25000 Testen | Vapingnet.de<\/title>\n<meta name=\"description\" content=\"Entdecke F\u00fcr Kiwi Passion Fruit Fans Jetzt Elf Box Pulse X 25000 Testen bei vapingnet.de, \u25ba Gro\u00dfe Auswahl an Geschmacksrichtungen &amp; super g\u00fcnstig!\" \/>\n<meta name=\"robots\" content=\"index, follow, max-snippet:-1, max-image-preview:large, max-video-preview:-1\" \/>\n<link rel=\"canonical\" href=\"https:\/\/vapingnet.de\/pl\/vape\/fuer-kiwi-passion-fruit-fans-jetzt-elf-box-pulse-x-25000-testen\/\" \/>\n<meta property=\"og:locale\" content=\"pl_PL\" \/>\n<meta property=\"og:type\" content=\"article\" \/>\n<meta property=\"og:title\" content=\"F\u00fcr Kiwi Passion Fruit Fans Jetzt Elf Box Pulse X 25000 Testen | Vapingnet.de\" \/>\n<meta property=\"og:description\" content=\"Entdecke F\u00fcr Kiwi Passion Fruit Fans Jetzt Elf Box Pulse X 25000 Testen bei vapingnet.de, \u25ba Gro\u00dfe Auswahl an Geschmacksrichtungen &amp; super g\u00fcnstig!\" \/>\n<meta property=\"og:url\" content=\"https:\/\/vapingnet.de\/pl\/vape\/fuer-kiwi-passion-fruit-fans-jetzt-elf-box-pulse-x-25000-testen\/\" \/>\n<meta property=\"og:site_name\" content=\"Vapingnet.de\" \/>\n<meta property=\"article:publisher\" content=\"https:\/\/www.facebook.com\/vapingnetde\/\" \/>\n<meta property=\"article:modified_time\" content=\"2025-06-19T03:43:03+00:00\" \/>\n<meta property=\"og:image\" content=\"https:\/\/vapingnet.de\/wp-content\/uploads\/2025\/04\/KIWI-PASSION-FRUIT-4.webp\" \/>\n\t<meta property=\"og:image:width\" content=\"1000\" \/>\n\t<meta property=\"og:image:height\" content=\"1000\" \/>\n\t<meta property=\"og:image:type\" content=\"image\/webp\" \/>\n<meta name=\"twitter:card\" content=\"summary_large_image\" \/>\n<meta name=\"twitter:label1\" content=\"Est. reading time\" \/>\n\t<meta name=\"twitter:data1\" content=\"3 minutes\" \/>\n<script type=\"application\/ld+json\" class=\"yoast-schema-graph\">{\"@context\":\"https:\/\/schema.org\",\"@graph\":[{\"@type\":\"WebPage\",\"@id\":\"https:\/\/vapingnet.de\/vape\/fuer-kiwi-passion-fruit-fans-jetzt-elf-box-pulse-x-25000-testen\/\",\"url\":\"https:\/\/vapingnet.de\/vape\/fuer-kiwi-passion-fruit-fans-jetzt-elf-box-pulse-x-25000-testen\/\",\"name\":\"F\u00fcr Kiwi Passion Fruit Fans Jetzt Elf Box Pulse X 25000 Testen | Vapingnet.de\",\"isPartOf\":{\"@id\":\"https:\/\/vapingnet.de\/#website\"},\"primaryImageOfPage\":{\"@id\":\"https:\/\/vapingnet.de\/vape\/fuer-kiwi-passion-fruit-fans-jetzt-elf-box-pulse-x-25000-testen\/#primaryimage\"},\"image\":{\"@id\":\"https:\/\/vapingnet.de\/vape\/fuer-kiwi-passion-fruit-fans-jetzt-elf-box-pulse-x-25000-testen\/#primaryimage\"},\"thumbnailUrl\":\"https:\/\/vapingnet.de\/wp-content\/uploads\/2025\/04\/KIWI-PASSION-FRUIT-4.webp\",\"datePublished\":\"2025-04-15T03:24:10+00:00\",\"dateModified\":\"2025-06-19T03:43:03+00:00\",\"description\":\"Entdecke F\u00fcr Kiwi Passion Fruit Fans Jetzt Elf Box Pulse X 25000 Testen bei vapingnet.de, \u25ba Gro\u00dfe Auswahl an Geschmacksrichtungen & super g\u00fcnstig!\",\"breadcrumb\":{\"@id\":\"https:\/\/vapingnet.de\/vape\/fuer-kiwi-passion-fruit-fans-jetzt-elf-box-pulse-x-25000-testen\/#breadcrumb\"},\"inLanguage\":\"pl-PL\",\"potentialAction\":[{\"@type\":\"ReadAction\",\"target\":[\"https:\/\/vapingnet.de\/vape\/fuer-kiwi-passion-fruit-fans-jetzt-elf-box-pulse-x-25000-testen\/\"]}]},{\"@type\":\"ImageObject\",\"inLanguage\":\"pl-PL\",\"@id\":\"https:\/\/vapingnet.de\/vape\/fuer-kiwi-passion-fruit-fans-jetzt-elf-box-pulse-x-25000-testen\/#primaryimage\",\"url\":\"https:\/\/vapingnet.de\/wp-content\/uploads\/2025\/04\/KIWI-PASSION-FRUIT-4.webp\",\"contentUrl\":\"https:\/\/vapingnet.de\/wp-content\/uploads\/2025\/04\/KIWI-PASSION-FRUIT-4.webp\",\"width\":1000,\"height\":1000},{\"@type\":\"BreadcrumbList\",\"@id\":\"https:\/\/vapingnet.de\/vape\/fuer-kiwi-passion-fruit-fans-jetzt-elf-box-pulse-x-25000-testen\/#breadcrumb\",\"itemListElement\":[{\"@type\":\"ListItem\",\"position\":1,\"name\":\"Home\",\"item\":\"https:\/\/vapingnet.de\/\"},{\"@type\":\"ListItem\",\"position\":2,\"name\":\"Shop\",\"item\":\"https:\/\/vapingnet.de\/vape\/\"},{\"@type\":\"ListItem\",\"position\":3,\"name\":\"F\u00fcr Kiwi Passion Fruit Fans Jetzt Elf Box Pulse X 25000 Testen\"}]},{\"@type\":\"WebSite\",\"@id\":\"https:\/\/vapingnet.de\/#website\",\"url\":\"https:\/\/vapingnet.de\/\",\"name\":\"Vapingnet.de\",\"description\":\"\",\"publisher\":{\"@id\":\"https:\/\/vapingnet.de\/#organization\"},\"potentialAction\":[{\"@type\":\"SearchAction\",\"target\":{\"@type\":\"EntryPoint\",\"urlTemplate\":\"https:\/\/vapingnet.de\/?s={search_term_string}\"},\"query-input\":{\"@type\":\"PropertyValueSpecification\",\"valueRequired\":true,\"valueName\":\"search_term_string\"}}],\"inLanguage\":\"pl-PL\"},{\"@type\":\"Organization\",\"@id\":\"https:\/\/vapingnet.de\/#organization\",\"name\":\"Vapingnet.de\",\"url\":\"https:\/\/vapingnet.de\/\",\"logo\":{\"@type\":\"ImageObject\",\"inLanguage\":\"pl-PL\",\"@id\":\"https:\/\/vapingnet.de\/#\/schema\/logo\/image\/\",\"url\":\"https:\/\/vapingnet.de\/wp-content\/uploads\/2025\/03\/cropped-vapingnet.de_.jpg\",\"contentUrl\":\"https:\/\/vapingnet.de\/wp-content\/uploads\/2025\/03\/cropped-vapingnet.de_.jpg\",\"width\":512,\"height\":512,\"caption\":\"Vapingnet.de\"},\"image\":{\"@id\":\"https:\/\/vapingnet.de\/#\/schema\/logo\/image\/\"},\"sameAs\":[\"https:\/\/www.facebook.com\/vapingnetde\/\"]}]}<\/script>\n<!-- \/ Yoast SEO plugin. -->","yoast_head_json":{"title":"F\u00fcr Kiwi Passion Fruit Fans Jetzt Elf Box Pulse X 25000 Testen | Vapingnet.de","description":"Entdecke F\u00fcr Kiwi Passion Fruit Fans Jetzt Elf Box Pulse X 25000 Testen bei vapingnet.de, \u25ba Gro\u00dfe Auswahl an Geschmacksrichtungen & super g\u00fcnstig!","robots":{"index":"index","follow":"follow","max-snippet":"max-snippet:-1","max-image-preview":"max-image-preview:large","max-video-preview":"max-video-preview:-1"},"canonical":"https:\/\/vapingnet.de\/pl\/vape\/fuer-kiwi-passion-fruit-fans-jetzt-elf-box-pulse-x-25000-testen\/","og_locale":"pl_PL","og_type":"article","og_title":"F\u00fcr Kiwi Passion Fruit Fans Jetzt Elf Box Pulse X 25000 Testen | Vapingnet.de","og_description":"Entdecke F\u00fcr Kiwi Passion Fruit Fans Jetzt Elf Box Pulse X 25000 Testen bei vapingnet.de, \u25ba Gro\u00dfe Auswahl an Geschmacksrichtungen & super g\u00fcnstig!","og_url":"https:\/\/vapingnet.de\/pl\/vape\/fuer-kiwi-passion-fruit-fans-jetzt-elf-box-pulse-x-25000-testen\/","og_site_name":"Vapingnet.de","article_publisher":"https:\/\/www.facebook.com\/vapingnetde\/","article_modified_time":"2025-06-19T03:43:03+00:00","og_image":[{"width":1000,"height":1000,"url":"https:\/\/vapingnet.de\/wp-content\/uploads\/2025\/04\/KIWI-PASSION-FRUIT-4.webp","type":"image\/webp"}],"twitter_card":"summary_large_image","twitter_misc":{"Est. reading time":"3 minutes"},"schema":{"@context":"https:\/\/schema.org","@graph":[{"@type":"WebPage","@id":"https:\/\/vapingnet.de\/vape\/fuer-kiwi-passion-fruit-fans-jetzt-elf-box-pulse-x-25000-testen\/","url":"https:\/\/vapingnet.de\/vape\/fuer-kiwi-passion-fruit-fans-jetzt-elf-box-pulse-x-25000-testen\/","name":"F\u00fcr Kiwi Passion Fruit Fans Jetzt Elf Box Pulse X 25000 Testen | Vapingnet.de","isPartOf":{"@id":"https:\/\/vapingnet.de\/#website"},"primaryImageOfPage":{"@id":"https:\/\/vapingnet.de\/vape\/fuer-kiwi-passion-fruit-fans-jetzt-elf-box-pulse-x-25000-testen\/#primaryimage"},"image":{"@id":"https:\/\/vapingnet.de\/vape\/fuer-kiwi-passion-fruit-fans-jetzt-elf-box-pulse-x-25000-testen\/#primaryimage"},"thumbnailUrl":"https:\/\/vapingnet.de\/wp-content\/uploads\/2025\/04\/KIWI-PASSION-FRUIT-4.webp","datePublished":"2025-04-15T03:24:10+00:00","dateModified":"2025-06-19T03:43:03+00:00","description":"Entdecke F\u00fcr Kiwi Passion Fruit Fans Jetzt Elf Box Pulse X 25000 Testen bei vapingnet.de, \u25ba Gro\u00dfe Auswahl an Geschmacksrichtungen & super g\u00fcnstig!","breadcrumb":{"@id":"https:\/\/vapingnet.de\/vape\/fuer-kiwi-passion-fruit-fans-jetzt-elf-box-pulse-x-25000-testen\/#breadcrumb"},"inLanguage":"pl-PL","potentialAction":[{"@type":"ReadAction","target":["https:\/\/vapingnet.de\/vape\/fuer-kiwi-passion-fruit-fans-jetzt-elf-box-pulse-x-25000-testen\/"]}]},{"@type":"ImageObject","inLanguage":"pl-PL","@id":"https:\/\/vapingnet.de\/vape\/fuer-kiwi-passion-fruit-fans-jetzt-elf-box-pulse-x-25000-testen\/#primaryimage","url":"https:\/\/vapingnet.de\/wp-content\/uploads\/2025\/04\/KIWI-PASSION-FRUIT-4.webp","contentUrl":"https:\/\/vapingnet.de\/wp-content\/uploads\/2025\/04\/KIWI-PASSION-FRUIT-4.webp","width":1000,"height":1000},{"@type":"BreadcrumbList","@id":"https:\/\/vapingnet.de\/vape\/fuer-kiwi-passion-fruit-fans-jetzt-elf-box-pulse-x-25000-testen\/#breadcrumb","itemListElement":[{"@type":"ListItem","position":1,"name":"Home","item":"https:\/\/vapingnet.de\/"},{"@type":"ListItem","position":2,"name":"Shop","item":"https:\/\/vapingnet.de\/vape\/"},{"@type":"ListItem","position":3,"name":"F\u00fcr Kiwi Passion Fruit Fans Jetzt Elf Box Pulse X 25000 Testen"}]},{"@type":"WebSite","@id":"https:\/\/vapingnet.de\/#website","url":"https:\/\/vapingnet.de\/","name":"Vapingnet.de","description":"","publisher":{"@id":"https:\/\/vapingnet.de\/#organization"},"potentialAction":[{"@type":"SearchAction","target":{"@type":"EntryPoint","urlTemplate":"https:\/\/vapingnet.de\/?s={search_term_string}"},"query-input":{"@type":"PropertyValueSpecification","valueRequired":true,"valueName":"search_term_string"}}],"inLanguage":"pl-PL"},{"@type":"Organization","@id":"https:\/\/vapingnet.de\/#organization","name":"Vapingnet.de","url":"https:\/\/vapingnet.de\/","logo":{"@type":"ImageObject","inLanguage":"pl-PL","@id":"https:\/\/vapingnet.de\/#\/schema\/logo\/image\/","url":"https:\/\/vapingnet.de\/wp-content\/uploads\/2025\/03\/cropped-vapingnet.de_.jpg","contentUrl":"https:\/\/vapingnet.de\/wp-content\/uploads\/2025\/03\/cropped-vapingnet.de_.jpg","width":512,"height":512,"caption":"Vapingnet.de"},"image":{"@id":"https:\/\/vapingnet.de\/#\/schema\/logo\/image\/"},"sameAs":["https:\/\/www.facebook.com\/vapingnetde\/"]}]}},"tiered_pricing_type":"fixed","tiered_pricing_fixed_rules":{"10":"13.77","60":"12.39","110":"11.02","200":"9.64"},"tiered_pricing_product_settings":{"layout":"default","base_unit_name":{"singular":null,"plural":null},"default_variation":null},"tiered_pricing_minimum_quantity":null,"tiered_pricing_roles_data":[],"tiered_pricing_percentage_rules":[],"_links":{"self":[{"href":"https:\/\/vapingnet.de\/pl\/wp-json\/wp\/v2\/product\/6323","targetHints":{"allow":["GET"]}}],"collection":[{"href":"https:\/\/vapingnet.de\/pl\/wp-json\/wp\/v2\/product"}],"about":[{"href":"https:\/\/vapingnet.de\/pl\/wp-json\/wp\/v2\/types\/product"}],"version-history":[{"count":1,"href":"https:\/\/vapingnet.de\/pl\/wp-json\/wp\/v2\/product\/6323\/revisions"}],"predecessor-version":[{"id":6333,"href":"https:\/\/vapingnet.de\/pl\/wp-json\/wp\/v2\/product\/6323\/revisions\/6333"}],"wp:featuredmedia":[{"embeddable":true,"href":"https:\/\/vapingnet.de\/pl\/wp-json\/wp\/v2\/media\/6872"}],"wp:attachment":[{"href":"https:\/\/vapingnet.de\/pl\/wp-json\/wp\/v2\/media?parent=6323"}],"wp:term":[{"taxonomy":"brand","embeddable":true,"href":"https:\/\/vapingnet.de\/pl\/wp-json\/wp\/v2\/etheme_brands?post=6323"},{"taxonomy":"product_brand","embeddable":true,"href":"https:\/\/vapingnet.de\/pl\/wp-json\/wp\/v2\/product_brand?post=6323"},{"taxonomy":"product_cat","embeddable":true,"href":"https:\/\/vapingnet.de\/pl\/wp-json\/wp\/v2\/product_cat?post=6323"},{"taxonomy":"product_tag","embeddable":true,"href":"https:\/\/vapingnet.de\/pl\/wp-json\/wp\/v2\/product_tag?post=6323"}],"curies":[{"name":"wp","href":"https:\/\/api.w.org\/{rel}","templated":true}]}}