{"id":6324,"date":"2025-04-15T03:24:13","date_gmt":"2025-04-15T03:24:13","guid":{"rendered":"https:\/\/vapingnet.de\/?post_type=product&#038;p=6324"},"modified":"2025-06-19T03:43:02","modified_gmt":"2025-06-19T03:43:02","slug":"direkt-ab-werk-elf-box-pulse-x-25000-lush-ice-verfuegbar","status":"publish","type":"product","link":"https:\/\/vapingnet.de\/pl\/vape\/direkt-ab-werk-elf-box-pulse-x-25000-lush-ice-verfuegbar\/","title":{"rendered":"Bezpo\u015brednio z fabryki Elf Box Pulse X 25000 Lush Ice dost\u0119pny"},"content":{"rendered":"<h2 data-start=\"0\" data-end=\"75\" data-immersive-translate-walked=\"6fd65f42-cd05-4dad-a69b-4fb8df9d7599\">Elf Box Pulse X 25000: Idealne po\u0142\u0105czenie wydajno\u015bci i przyjemno\u015bci<\/h2>\n<p class=\"\" data-start=\"77\" data-end=\"428\" data-immersive-translate-walked=\"6fd65f42-cd05-4dad-a69b-4fb8df9d7599\" data-immersive-translate-paragraph=\"1\">Elf Box Pulse X 25000 to najnowszy jednorazowy e-papieros, kt\u00f3ry zachwyca swoimi wyj\u0105tkowymi cechami technicznymi i unikalnym doznaniem smakowym. Ten e-papieros zosta\u0142 stworzony dla palaczy, kt\u00f3rzy szukaj\u0105 wydajnego, \u0142atwego w obs\u0142udze urz\u0105dzenia, zapewniaj\u0105cego jednocze\u015bnie intensywne doznania podczas vapowania.<\/p>\n<h4 data-start=\"430\" data-end=\"467\" data-immersive-translate-walked=\"6fd65f42-cd05-4dad-a69b-4fb8df9d7599\">Szczeg\u00f3\u0142y cech technicznych<\/h4>\n<h5 data-start=\"469\" data-end=\"500\" data-immersive-translate-walked=\"6fd65f42-cd05-4dad-a69b-4fb8df9d7599\">Moc i pojemno\u015b\u0107<\/h5>\n<p class=\"\" data-start=\"501\" data-end=\"944\" data-immersive-translate-walked=\"6fd65f42-cd05-4dad-a69b-4fb8df9d7599\" data-immersive-translate-paragraph=\"1\">Elf Box Pulse X 25000 wyposa\u017cony jest w podw\u00f3jne cewki Mesh o oporno\u015bci 0,8 Ohm + 0,8 Ohm, kt\u00f3re zapewniaj\u0105 r\u00f3wnomiern\u0105 produkcj\u0119 pary i intensywny aromat. E-papieros ma pojemno\u015b\u0107 18 ml e-liquidu, co wystarcza na wiele sesji vapowania, oraz mocn\u0105 bateri\u0119 o pojemno\u015bci 13 500 mAh, gwarantuj\u0105c\u0105 d\u0142ug\u0105 \u017cywotno\u015b\u0107. W trybie normalnym mo\u017cna cieszy\u0107 si\u0119 do 25 000 zaci\u0105gni\u0119\u0107.<\/p>\n<h5 data-start=\"946\" data-end=\"983\" data-immersive-translate-walked=\"6fd65f42-cd05-4dad-a69b-4fb8df9d7599\">Opcja \u0142adowania i port \u0142adowania<\/h5>\n<p class=\"\" data-start=\"984\" data-end=\"1152\" data-immersive-translate-walked=\"6fd65f42-cd05-4dad-a69b-4fb8df9d7599\" data-immersive-translate-paragraph=\"1\">Dzi\u0119ki nowoczesnemu portowi Type-C mo\u017cna urz\u0105dzenie szybko i efektywnie na\u0142adowa\u0107. Zapewnia to, \u017ce w kr\u00f3tkim czasie zn\u00f3w b\u0119dziesz gotowy do vapowania.<\/p>\n<h5 data-start=\"1154\" data-end=\"1196\" data-immersive-translate-walked=\"6fd65f42-cd05-4dad-a69b-4fb8df9d7599\">Dwa tryby dla wszechstronnej przyjemno\u015bci<\/h5>\n<p class=\"\" data-start=\"1197\" data-end=\"1325\" data-immersive-translate-walked=\"6fd65f42-cd05-4dad-a69b-4fb8df9d7599\" data-immersive-translate-paragraph=\"1\">Jedn\u0105 z najbardziej innowacyjnych funkcji Elf Box Pulse X 25000 jest mo\u017cliwo\u015b\u0107 wyboru mi\u0119dzy dwoma trybami vapowania:<\/p>\n<ol data-start=\"1327\" data-end=\"1520\" data-immersive-translate-walked=\"6fd65f42-cd05-4dad-a69b-4fb8df9d7599\">\n<li class=\"\" data-start=\"1327\" data-end=\"1422\" data-immersive-translate-walked=\"6fd65f42-cd05-4dad-a69b-4fb8df9d7599\">\n<p class=\"\" data-start=\"1330\" data-end=\"1422\" data-immersive-translate-walked=\"6fd65f42-cd05-4dad-a69b-4fb8df9d7599\" data-immersive-translate-paragraph=\"1\">Tryb normalny: do 25 000 zaci\u0105gni\u0119\u0107, idealny na d\u0142u\u017csze sesje vapowania bez przerw.<\/p>\n<\/li>\n<li class=\"\" data-start=\"1423\" data-end=\"1520\" data-immersive-translate-walked=\"6fd65f42-cd05-4dad-a69b-4fb8df9d7599\">\n<p class=\"\" data-start=\"1426\" data-end=\"1520\" data-immersive-translate-walked=\"6fd65f42-cd05-4dad-a69b-4fb8df9d7599\" data-immersive-translate-paragraph=\"1\">Tryb Pulse: do 15 000 zaci\u0105gni\u0119\u0107, oferuje intensywniejsz\u0105 par\u0119 i szybsze chmury dymu.<\/p>\n<\/li>\n<\/ol>\n<h5 data-start=\"1522\" data-end=\"1550\" data-immersive-translate-walked=\"6fd65f42-cd05-4dad-a69b-4fb8df9d7599\">Regulacja mocy AI<\/h5>\n<p class=\"\" data-start=\"1551\" data-end=\"1773\" data-immersive-translate-walked=\"6fd65f42-cd05-4dad-a69b-4fb8df9d7599\" data-immersive-translate-paragraph=\"1\">Funkcja regulacji mocy AI na zakrzywionym ekranie 3D zapewnia automatyczne dostosowanie wydajno\u015bci urz\u0105dzenia do stylu vapowania. Dzi\u0119ki temu zawsze uzyskujesz idealne doznania \u2013 zgodnie z w\u0142asnymi preferencjami.<\/p>\n<h5 data-start=\"1775\" data-end=\"1811\" data-immersive-translate-walked=\"6fd65f42-cd05-4dad-a69b-4fb8df9d7599\">Do\u015bwiadczenie smakowe: Lush Ice<\/h5>\n<p class=\"\" data-start=\"1813\" data-end=\"2102\" data-immersive-translate-walked=\"6fd65f42-cd05-4dad-a69b-4fb8df9d7599\" data-immersive-translate-paragraph=\"1\">Smak Lush Ice sprawia, \u017ce vapowanie staje si\u0119 orze\u017awiaj\u0105cym prze\u017cyciem. Smak \u0142\u0105czy s\u0142odycz arbuza z ch\u0142odz\u0105cym mentolem, co jest szczeg\u00f3lnie idealne w gor\u0105ce letnie miesi\u0105ce. Ka\u017cde zaci\u0105gni\u0119cie zapewnia doskona\u0142\u0105 r\u00f3wnowag\u0119 mi\u0119dzy owocowo\u015bci\u0105 a \u015bwie\u017co\u015bci\u0105.<\/p>\n<h3>Zalety Elf Box Pulse X 25000<\/h3>\n<ul data-start=\"2148\" data-end=\"2674\" data-immersive-translate-walked=\"6fd65f42-cd05-4dad-a69b-4fb8df9d7599\">\n<li class=\"\" data-start=\"2148\" data-end=\"2272\" data-immersive-translate-walked=\"6fd65f42-cd05-4dad-a69b-4fb8df9d7599\">\n<p class=\"\" data-start=\"2150\" data-end=\"2272\" data-immersive-translate-walked=\"6fd65f42-cd05-4dad-a69b-4fb8df9d7599\" data-immersive-translate-paragraph=\"1\">D\u0142uga trwa\u0142o\u015b\u0107 vapowania: do 25 000 zaci\u0105gni\u0119\u0107 w trybie normalnym i 15 000 w trybie Pulse, zapewniaj\u0105ce d\u0142ugotrwa\u0142\u0105 przyjemno\u015b\u0107.<\/p>\n<\/li>\n<li class=\"\" data-start=\"2273\" data-end=\"2400\" data-immersive-translate-walked=\"6fd65f42-cd05-4dad-a69b-4fb8df9d7599\">\n<p class=\"\" data-start=\"2275\" data-end=\"2400\" data-immersive-translate-walked=\"6fd65f42-cd05-4dad-a69b-4fb8df9d7599\" data-immersive-translate-paragraph=\"1\">Wszechstronne opcje nikotynowe: wybierz spo\u015br\u00f3d nikotyn 0%, 2%, 3% lub 5%, aby dostosowa\u0107 vapowanie do w\u0142asnych preferencji.<\/p>\n<\/li>\n<li class=\"\" data-start=\"2401\" data-end=\"2530\" data-immersive-translate-walked=\"6fd65f42-cd05-4dad-a69b-4fb8df9d7599\">\n<p class=\"\" data-start=\"2403\" data-end=\"2530\" data-immersive-translate-walked=\"6fd65f42-cd05-4dad-a69b-4fb8df9d7599\" data-immersive-translate-paragraph=\"1\">\u0141atwa obs\u0142uga: port Type-C zapewnia szybkie \u0142adowanie, dzi\u0119ki czemu zawsze jeste\u015b gotowy do vapowania.<\/p>\n<\/li>\n<li class=\"\" data-start=\"2531\" data-end=\"2674\" data-immersive-translate-walked=\"6fd65f42-cd05-4dad-a69b-4fb8df9d7599\">\n<p class=\"\" data-start=\"2533\" data-end=\"2674\" data-immersive-translate-walked=\"6fd65f42-cd05-4dad-a69b-4fb8df9d7599\" data-immersive-translate-paragraph=\"1\">Dostawa bez c\u0142a: zam\u00f3wienia na vapingnet.de docieraj\u0105 bez dodatkowych op\u0142at celnych, co upraszcza ca\u0142y proces zakupu.<\/p>\n<\/li>\n<\/ul>\n<h4 data-start=\"2676\" data-end=\"2734\" data-immersive-translate-walked=\"6fd65f42-cd05-4dad-a69b-4fb8df9d7599\">Dlaczego Elf Box Pulse X 25000 jest najlepszym wyborem<\/h4>\n<p class=\"\" data-start=\"2736\" data-end=\"3110\" data-immersive-translate-walked=\"6fd65f42-cd05-4dad-a69b-4fb8df9d7599\" data-immersive-translate-paragraph=\"1\">Elf Box Pulse X 25000 to co\u015b wi\u0119cej ni\u017c zwyk\u0142a jednorazowa e-papieros. Dzi\u0119ki d\u0142ugiej \u017cywotno\u015bci, innowacyjnej technologii i wyborowi opcji nikotynowych, stanowi idealne rozwi\u0105zanie dla palaczy, kt\u00f3rzy ceni\u0105 zar\u00f3wno wydajno\u015b\u0107, jak i smak. Smak Lush Ice zapewnia ch\u0142odz\u0105ce doznanie, kt\u00f3re zamienia ka\u017cdy zaci\u0105g na przyjemno\u015b\u0107.<\/p>\n<h4 data-start=\"3112\" data-end=\"3144\" data-immersive-translate-walked=\"6fd65f42-cd05-4dad-a69b-4fb8df9d7599\">Zam\u00f3wienie i dostawa<\/h4>\n<p class=\"\" data-start=\"3146\" data-end=\"3403\" data-immersive-translate-walked=\"6fd65f42-cd05-4dad-a69b-4fb8df9d7599\" data-immersive-translate-paragraph=\"1\">Elf Box Pulse X 25000 jest dost\u0119pny na vapingnet.de. Zam\u00f3w wygodnie online i odbierz swoje urz\u0105dzenie w ci\u0105gu 7-15 dni roboczych prosto do domu. Dzi\u0119ki bezc\u0142owej dostawie nie musisz si\u0119 martwi\u0107 o dodatkowe koszty.<\/p>\n<p class=\"\" data-start=\"3420\" data-end=\"3857\" data-immersive-translate-walked=\"6fd65f42-cd05-4dad-a69b-4fb8df9d7599\" data-immersive-translate-paragraph=\"1\">Elf Box Pulse X 25000 oferuje wszystko, czego mo\u017ce oczekiwa\u0107 palacz \u2013 od d\u0142ugiej \u017cywotno\u015bci i szybkiego \u0142adowania po intensywne doznania smakowe. Je\u015bli szukasz wysokiej jako\u015bci, przyjaznego u\u017cytkownikowi urz\u0105dzenia, kt\u00f3re zachwyci Ci\u0119 przy ka\u017cdym zaci\u0105gni\u0119ciu, Elf Box Pulse X 25000 jest w\u0142a\u015bnie dla Ciebie. Zam\u00f3w ju\u017c dzi\u015b na vapingnet.de i do\u015bwiadcz palenia na najwy\u017cszym poziomie.<\/p>","protected":false},"excerpt":{"rendered":"<p>Elf Box Pulse X 25000: Idealne po\u0142\u0105czenie wydajno\u015bci i przyjemno\u015bci Elf Box Pulse X 25000 to najnowsza jednorazowa e-papierosa, kt\u00f3ra dzi\u0119ki swoim...<\/p>","protected":false},"featured_media":6871,"template":"","meta":[],"etheme_brands":[],"product_brand":[100],"product_cat":[55,49,61],"product_tag":[],"class_list":{"0":"post-6324","1":"product","2":"type-product","3":"status-publish","4":"has-post-thumbnail","6":"product_brand-elf-box-vape","7":"product_cat-vape-25000-zuege","8":"product_cat-einweg-e-zigarette","9":"product_cat-f","11":"first","12":"instock","13":"shipping-taxable","14":"purchasable","15":"product-type-simple"},"yoast_head":"<!-- This site is optimized with the Yoast SEO plugin v26.5 - https:\/\/yoast.com\/wordpress\/plugins\/seo\/ -->\n<title>Direkt Ab Werk Elf Box Pulse X 25000 Lush Ice Verf\u00fcgbar | Vapingnet.de<\/title>\n<meta name=\"description\" content=\"Entdecke Direkt Ab Werk Elf Box Pulse X 25000 Lush Ice Verf\u00fcgbar bei vapingnet.de, \u25ba Gro\u00dfe Auswahl an Geschmacksrichtungen &amp; super g\u00fcnstig!\" \/>\n<meta name=\"robots\" content=\"index, follow, max-snippet:-1, max-image-preview:large, max-video-preview:-1\" \/>\n<link rel=\"canonical\" href=\"https:\/\/vapingnet.de\/pl\/vape\/direkt-ab-werk-elf-box-pulse-x-25000-lush-ice-verfuegbar\/\" \/>\n<meta property=\"og:locale\" content=\"pl_PL\" \/>\n<meta property=\"og:type\" content=\"article\" \/>\n<meta property=\"og:title\" content=\"Direkt Ab Werk Elf Box Pulse X 25000 Lush Ice Verf\u00fcgbar | Vapingnet.de\" \/>\n<meta property=\"og:description\" content=\"Entdecke Direkt Ab Werk Elf Box Pulse X 25000 Lush Ice Verf\u00fcgbar bei vapingnet.de, \u25ba Gro\u00dfe Auswahl an Geschmacksrichtungen &amp; super g\u00fcnstig!\" \/>\n<meta property=\"og:url\" content=\"https:\/\/vapingnet.de\/pl\/vape\/direkt-ab-werk-elf-box-pulse-x-25000-lush-ice-verfuegbar\/\" \/>\n<meta property=\"og:site_name\" content=\"Vapingnet.de\" \/>\n<meta property=\"article:publisher\" content=\"https:\/\/www.facebook.com\/vapingnetde\/\" \/>\n<meta property=\"article:modified_time\" content=\"2025-06-19T03:43:02+00:00\" \/>\n<meta property=\"og:image\" content=\"https:\/\/vapingnet.de\/wp-content\/uploads\/2025\/04\/LUSH-LCE.webp\" \/>\n\t<meta property=\"og:image:width\" content=\"1000\" \/>\n\t<meta property=\"og:image:height\" content=\"1000\" \/>\n\t<meta property=\"og:image:type\" content=\"image\/webp\" \/>\n<meta name=\"twitter:card\" content=\"summary_large_image\" \/>\n<meta name=\"twitter:label1\" content=\"Est. reading time\" \/>\n\t<meta name=\"twitter:data1\" content=\"4 minutes\" \/>\n<script type=\"application\/ld+json\" class=\"yoast-schema-graph\">{\"@context\":\"https:\/\/schema.org\",\"@graph\":[{\"@type\":\"WebPage\",\"@id\":\"https:\/\/vapingnet.de\/vape\/direkt-ab-werk-elf-box-pulse-x-25000-lush-ice-verfuegbar\/\",\"url\":\"https:\/\/vapingnet.de\/vape\/direkt-ab-werk-elf-box-pulse-x-25000-lush-ice-verfuegbar\/\",\"name\":\"Direkt Ab Werk Elf Box Pulse X 25000 Lush Ice Verf\u00fcgbar | Vapingnet.de\",\"isPartOf\":{\"@id\":\"https:\/\/vapingnet.de\/#website\"},\"primaryImageOfPage\":{\"@id\":\"https:\/\/vapingnet.de\/vape\/direkt-ab-werk-elf-box-pulse-x-25000-lush-ice-verfuegbar\/#primaryimage\"},\"image\":{\"@id\":\"https:\/\/vapingnet.de\/vape\/direkt-ab-werk-elf-box-pulse-x-25000-lush-ice-verfuegbar\/#primaryimage\"},\"thumbnailUrl\":\"https:\/\/vapingnet.de\/wp-content\/uploads\/2025\/04\/LUSH-LCE.webp\",\"datePublished\":\"2025-04-15T03:24:13+00:00\",\"dateModified\":\"2025-06-19T03:43:02+00:00\",\"description\":\"Entdecke Direkt Ab Werk Elf Box Pulse X 25000 Lush Ice Verf\u00fcgbar bei vapingnet.de, \u25ba Gro\u00dfe Auswahl an Geschmacksrichtungen & super g\u00fcnstig!\",\"breadcrumb\":{\"@id\":\"https:\/\/vapingnet.de\/vape\/direkt-ab-werk-elf-box-pulse-x-25000-lush-ice-verfuegbar\/#breadcrumb\"},\"inLanguage\":\"pl-PL\",\"potentialAction\":[{\"@type\":\"ReadAction\",\"target\":[\"https:\/\/vapingnet.de\/vape\/direkt-ab-werk-elf-box-pulse-x-25000-lush-ice-verfuegbar\/\"]}]},{\"@type\":\"ImageObject\",\"inLanguage\":\"pl-PL\",\"@id\":\"https:\/\/vapingnet.de\/vape\/direkt-ab-werk-elf-box-pulse-x-25000-lush-ice-verfuegbar\/#primaryimage\",\"url\":\"https:\/\/vapingnet.de\/wp-content\/uploads\/2025\/04\/LUSH-LCE.webp\",\"contentUrl\":\"https:\/\/vapingnet.de\/wp-content\/uploads\/2025\/04\/LUSH-LCE.webp\",\"width\":1000,\"height\":1000},{\"@type\":\"BreadcrumbList\",\"@id\":\"https:\/\/vapingnet.de\/vape\/direkt-ab-werk-elf-box-pulse-x-25000-lush-ice-verfuegbar\/#breadcrumb\",\"itemListElement\":[{\"@type\":\"ListItem\",\"position\":1,\"name\":\"Home\",\"item\":\"https:\/\/vapingnet.de\/\"},{\"@type\":\"ListItem\",\"position\":2,\"name\":\"Shop\",\"item\":\"https:\/\/vapingnet.de\/vape\/\"},{\"@type\":\"ListItem\",\"position\":3,\"name\":\"Direkt Ab Werk Elf Box Pulse X 25000 Lush Ice Verf\u00fcgbar\"}]},{\"@type\":\"WebSite\",\"@id\":\"https:\/\/vapingnet.de\/#website\",\"url\":\"https:\/\/vapingnet.de\/\",\"name\":\"Vapingnet.de\",\"description\":\"\",\"publisher\":{\"@id\":\"https:\/\/vapingnet.de\/#organization\"},\"potentialAction\":[{\"@type\":\"SearchAction\",\"target\":{\"@type\":\"EntryPoint\",\"urlTemplate\":\"https:\/\/vapingnet.de\/?s={search_term_string}\"},\"query-input\":{\"@type\":\"PropertyValueSpecification\",\"valueRequired\":true,\"valueName\":\"search_term_string\"}}],\"inLanguage\":\"pl-PL\"},{\"@type\":\"Organization\",\"@id\":\"https:\/\/vapingnet.de\/#organization\",\"name\":\"Vapingnet.de\",\"url\":\"https:\/\/vapingnet.de\/\",\"logo\":{\"@type\":\"ImageObject\",\"inLanguage\":\"pl-PL\",\"@id\":\"https:\/\/vapingnet.de\/#\/schema\/logo\/image\/\",\"url\":\"https:\/\/vapingnet.de\/wp-content\/uploads\/2025\/03\/cropped-vapingnet.de_.jpg\",\"contentUrl\":\"https:\/\/vapingnet.de\/wp-content\/uploads\/2025\/03\/cropped-vapingnet.de_.jpg\",\"width\":512,\"height\":512,\"caption\":\"Vapingnet.de\"},\"image\":{\"@id\":\"https:\/\/vapingnet.de\/#\/schema\/logo\/image\/\"},\"sameAs\":[\"https:\/\/www.facebook.com\/vapingnetde\/\"]}]}<\/script>\n<!-- \/ Yoast SEO plugin. -->","yoast_head_json":{"title":"Direkt Ab Werk Elf Box Pulse X 25000 Lush Ice Verf\u00fcgbar | Vapingnet.de","description":"Entdecke Direkt Ab Werk Elf Box Pulse X 25000 Lush Ice Verf\u00fcgbar bei vapingnet.de, \u25ba Gro\u00dfe Auswahl an Geschmacksrichtungen & super g\u00fcnstig!","robots":{"index":"index","follow":"follow","max-snippet":"max-snippet:-1","max-image-preview":"max-image-preview:large","max-video-preview":"max-video-preview:-1"},"canonical":"https:\/\/vapingnet.de\/pl\/vape\/direkt-ab-werk-elf-box-pulse-x-25000-lush-ice-verfuegbar\/","og_locale":"pl_PL","og_type":"article","og_title":"Direkt Ab Werk Elf Box Pulse X 25000 Lush Ice Verf\u00fcgbar | Vapingnet.de","og_description":"Entdecke Direkt Ab Werk Elf Box Pulse X 25000 Lush Ice Verf\u00fcgbar bei vapingnet.de, \u25ba Gro\u00dfe Auswahl an Geschmacksrichtungen & super g\u00fcnstig!","og_url":"https:\/\/vapingnet.de\/pl\/vape\/direkt-ab-werk-elf-box-pulse-x-25000-lush-ice-verfuegbar\/","og_site_name":"Vapingnet.de","article_publisher":"https:\/\/www.facebook.com\/vapingnetde\/","article_modified_time":"2025-06-19T03:43:02+00:00","og_image":[{"width":1000,"height":1000,"url":"https:\/\/vapingnet.de\/wp-content\/uploads\/2025\/04\/LUSH-LCE.webp","type":"image\/webp"}],"twitter_card":"summary_large_image","twitter_misc":{"Est. reading time":"4 minutes"},"schema":{"@context":"https:\/\/schema.org","@graph":[{"@type":"WebPage","@id":"https:\/\/vapingnet.de\/vape\/direkt-ab-werk-elf-box-pulse-x-25000-lush-ice-verfuegbar\/","url":"https:\/\/vapingnet.de\/vape\/direkt-ab-werk-elf-box-pulse-x-25000-lush-ice-verfuegbar\/","name":"Direkt Ab Werk Elf Box Pulse X 25000 Lush Ice Verf\u00fcgbar | Vapingnet.de","isPartOf":{"@id":"https:\/\/vapingnet.de\/#website"},"primaryImageOfPage":{"@id":"https:\/\/vapingnet.de\/vape\/direkt-ab-werk-elf-box-pulse-x-25000-lush-ice-verfuegbar\/#primaryimage"},"image":{"@id":"https:\/\/vapingnet.de\/vape\/direkt-ab-werk-elf-box-pulse-x-25000-lush-ice-verfuegbar\/#primaryimage"},"thumbnailUrl":"https:\/\/vapingnet.de\/wp-content\/uploads\/2025\/04\/LUSH-LCE.webp","datePublished":"2025-04-15T03:24:13+00:00","dateModified":"2025-06-19T03:43:02+00:00","description":"Entdecke Direkt Ab Werk Elf Box Pulse X 25000 Lush Ice Verf\u00fcgbar bei vapingnet.de, \u25ba Gro\u00dfe Auswahl an Geschmacksrichtungen & super g\u00fcnstig!","breadcrumb":{"@id":"https:\/\/vapingnet.de\/vape\/direkt-ab-werk-elf-box-pulse-x-25000-lush-ice-verfuegbar\/#breadcrumb"},"inLanguage":"pl-PL","potentialAction":[{"@type":"ReadAction","target":["https:\/\/vapingnet.de\/vape\/direkt-ab-werk-elf-box-pulse-x-25000-lush-ice-verfuegbar\/"]}]},{"@type":"ImageObject","inLanguage":"pl-PL","@id":"https:\/\/vapingnet.de\/vape\/direkt-ab-werk-elf-box-pulse-x-25000-lush-ice-verfuegbar\/#primaryimage","url":"https:\/\/vapingnet.de\/wp-content\/uploads\/2025\/04\/LUSH-LCE.webp","contentUrl":"https:\/\/vapingnet.de\/wp-content\/uploads\/2025\/04\/LUSH-LCE.webp","width":1000,"height":1000},{"@type":"BreadcrumbList","@id":"https:\/\/vapingnet.de\/vape\/direkt-ab-werk-elf-box-pulse-x-25000-lush-ice-verfuegbar\/#breadcrumb","itemListElement":[{"@type":"ListItem","position":1,"name":"Home","item":"https:\/\/vapingnet.de\/"},{"@type":"ListItem","position":2,"name":"Shop","item":"https:\/\/vapingnet.de\/vape\/"},{"@type":"ListItem","position":3,"name":"Direkt Ab Werk Elf Box Pulse X 25000 Lush Ice Verf\u00fcgbar"}]},{"@type":"WebSite","@id":"https:\/\/vapingnet.de\/#website","url":"https:\/\/vapingnet.de\/","name":"Vapingnet.de","description":"","publisher":{"@id":"https:\/\/vapingnet.de\/#organization"},"potentialAction":[{"@type":"SearchAction","target":{"@type":"EntryPoint","urlTemplate":"https:\/\/vapingnet.de\/?s={search_term_string}"},"query-input":{"@type":"PropertyValueSpecification","valueRequired":true,"valueName":"search_term_string"}}],"inLanguage":"pl-PL"},{"@type":"Organization","@id":"https:\/\/vapingnet.de\/#organization","name":"Vapingnet.de","url":"https:\/\/vapingnet.de\/","logo":{"@type":"ImageObject","inLanguage":"pl-PL","@id":"https:\/\/vapingnet.de\/#\/schema\/logo\/image\/","url":"https:\/\/vapingnet.de\/wp-content\/uploads\/2025\/03\/cropped-vapingnet.de_.jpg","contentUrl":"https:\/\/vapingnet.de\/wp-content\/uploads\/2025\/03\/cropped-vapingnet.de_.jpg","width":512,"height":512,"caption":"Vapingnet.de"},"image":{"@id":"https:\/\/vapingnet.de\/#\/schema\/logo\/image\/"},"sameAs":["https:\/\/www.facebook.com\/vapingnetde\/"]}]}},"tiered_pricing_type":"fixed","tiered_pricing_fixed_rules":{"10":"13.77","60":"12.39","110":"11.02","200":"9.64"},"tiered_pricing_product_settings":{"layout":"default","base_unit_name":{"singular":null,"plural":null},"default_variation":null},"tiered_pricing_minimum_quantity":null,"tiered_pricing_roles_data":[],"tiered_pricing_percentage_rules":[],"_links":{"self":[{"href":"https:\/\/vapingnet.de\/pl\/wp-json\/wp\/v2\/product\/6324","targetHints":{"allow":["GET"]}}],"collection":[{"href":"https:\/\/vapingnet.de\/pl\/wp-json\/wp\/v2\/product"}],"about":[{"href":"https:\/\/vapingnet.de\/pl\/wp-json\/wp\/v2\/types\/product"}],"version-history":[{"count":1,"href":"https:\/\/vapingnet.de\/pl\/wp-json\/wp\/v2\/product\/6324\/revisions"}],"predecessor-version":[{"id":6334,"href":"https:\/\/vapingnet.de\/pl\/wp-json\/wp\/v2\/product\/6324\/revisions\/6334"}],"wp:featuredmedia":[{"embeddable":true,"href":"https:\/\/vapingnet.de\/pl\/wp-json\/wp\/v2\/media\/6871"}],"wp:attachment":[{"href":"https:\/\/vapingnet.de\/pl\/wp-json\/wp\/v2\/media?parent=6324"}],"wp:term":[{"taxonomy":"brand","embeddable":true,"href":"https:\/\/vapingnet.de\/pl\/wp-json\/wp\/v2\/etheme_brands?post=6324"},{"taxonomy":"product_brand","embeddable":true,"href":"https:\/\/vapingnet.de\/pl\/wp-json\/wp\/v2\/product_brand?post=6324"},{"taxonomy":"product_cat","embeddable":true,"href":"https:\/\/vapingnet.de\/pl\/wp-json\/wp\/v2\/product_cat?post=6324"},{"taxonomy":"product_tag","embeddable":true,"href":"https:\/\/vapingnet.de\/pl\/wp-json\/wp\/v2\/product_tag?post=6324"}],"curies":[{"name":"wp","href":"https:\/\/api.w.org\/{rel}","templated":true}]}}