{"id":6338,"date":"2025-04-15T05:34:49","date_gmt":"2025-04-15T05:34:49","guid":{"rendered":"https:\/\/vapingnet.de\/?post_type=product&#038;p=6338"},"modified":"2025-06-19T03:43:02","modified_gmt":"2025-06-19T03:43:02","slug":"grape-ice-genuss-mit-elf-box-pulse-x-25000-jetzt-zollfrei-bestellen","status":"publish","type":"product","link":"https:\/\/vapingnet.de\/pl\/vape\/grape-ice-genuss-mit-elf-box-pulse-x-25000-jetzt-zollfrei-bestellen\/","title":{"rendered":"Grape Ice, rozkoszuj si\u0119 ELF BOX PULSE X 25000, zam\u00f3w bezc\u0142owo ju\u017c teraz"},"content":{"rendered":"<h2 data-start=\"89\" data-end=\"150\" data-immersive-translate-walked=\"d848d5cc-2bf8-4ca9-870a-f792cfe3b4ef\">Dzie\u0144 z Elf Box Pulse X 25000 \u2013 Edycja Grape Ice<\/h2>\n<p class=\"\" data-start=\"152\" data-end=\"446\" data-immersive-translate-walked=\"d848d5cc-2bf8-4ca9-870a-f792cfe3b4ef\" data-immersive-translate-paragraph=\"1\">Wyobra\u017a sobie, \u017ce zaczynasz dzie\u0144 z jasn\u0105 g\u0142ow\u0105 i \u015bwie\u017cym smakiem w ustach. W twojej r\u0119ce znajduje si\u0119 Elf Box Pulse X 25000, twoja nowa ulubiona e-papieros. W\u0142\u0105czasz go \u2013 delikatne pod\u015bwietlenie na zakrzywionym wy\u015bwietlaczu 3D sygnalizuje: Gotowy na pierwszy zaci\u0105g.<\/p>\n<p class=\"\" data-start=\"448\" data-end=\"651\" data-immersive-translate-walked=\"d848d5cc-2bf8-4ca9-870a-f792cfe3b4ef\" data-immersive-translate-paragraph=\"1\">Ju\u017c podczas inhalacji rozwija si\u0119 intensywny aromat Grape Ice \u2013 s\u0142odkie winogrona z odrobin\u0105 lodowistej \u015bwie\u017co\u015bci. Idealne po\u0142\u0105czenie dla tych, kt\u00f3rzy chc\u0105 cieszy\u0107 si\u0119 r\u00f3wnowag\u0105 owoc\u00f3w i ch\u0142odu.<\/p>\n<p data-start=\"448\" data-end=\"651\" data-immersive-translate-walked=\"d848d5cc-2bf8-4ca9-870a-f792cfe3b4ef\" data-immersive-translate-paragraph=\"1\"><img fetchpriority=\"high\" decoding=\"async\" class=\"wp-image-6867 aligncenter\" src=\"https:\/\/vapingnet.de\/wp-content\/uploads\/2025\/04\/GRAPE-ICE-5-300x300.webp\" alt=\"\" width=\"494\" height=\"494\" srcset=\"https:\/\/vapingnet.de\/wp-content\/uploads\/2025\/04\/GRAPE-ICE-5-300x300.webp 300w, https:\/\/vapingnet.de\/wp-content\/uploads\/2025\/04\/GRAPE-ICE-5-150x150.webp 150w, https:\/\/vapingnet.de\/wp-content\/uploads\/2025\/04\/GRAPE-ICE-5-768x768.webp 768w, https:\/\/vapingnet.de\/wp-content\/uploads\/2025\/04\/GRAPE-ICE-5-600x600.webp 600w, https:\/\/vapingnet.de\/wp-content\/uploads\/2025\/04\/GRAPE-ICE-5-100x100.webp 100w, https:\/\/vapingnet.de\/wp-content\/uploads\/2025\/04\/GRAPE-ICE-5-1x1.webp 1w, https:\/\/vapingnet.de\/wp-content\/uploads\/2025\/04\/GRAPE-ICE-5-10x10.webp 10w, https:\/\/vapingnet.de\/wp-content\/uploads\/2025\/04\/GRAPE-ICE-5.webp 1000w\" sizes=\"(max-width: 494px) 100vw, 494px\" \/><\/p>\n<h4 data-start=\"653\" data-end=\"697\" data-immersive-translate-walked=\"d848d5cc-2bf8-4ca9-870a-f792cfe3b4ef\" data-immersive-translate-paragraph=\"1\">Technologiczne innowacje, kt\u00f3re mo\u017cna poczu\u0107<\/h4>\n<p class=\"\" data-start=\"699\" data-end=\"771\" data-immersive-translate-walked=\"d848d5cc-2bf8-4ca9-870a-f792cfe3b4ef\" data-immersive-translate-paragraph=\"1\">Ten jednorazowy e-papieros ma wszystko, czego oczekuj\u0105 nowocze\u015bni palacze:<\/p>\n<ul data-start=\"773\" data-end=\"1175\" data-immersive-translate-walked=\"d848d5cc-2bf8-4ca9-870a-f792cfe3b4ef\">\n<li class=\"\" data-start=\"773\" data-end=\"858\" data-immersive-translate-walked=\"d848d5cc-2bf8-4ca9-870a-f792cfe3b4ef\">\n<p class=\"\" data-start=\"775\" data-end=\"858\" data-immersive-translate-walked=\"d848d5cc-2bf8-4ca9-870a-f792cfe3b4ef\" data-immersive-translate-paragraph=\"1\">Podw\u00f3jne cewki Mesh (0,8 Ohm + 0,8 Ohm) dla r\u00f3wnomiernego smaku przy ka\u017cdym zaci\u0105gni\u0119ciu<\/p>\n<\/li>\n<li class=\"\" data-start=\"859\" data-end=\"920\" data-immersive-translate-walked=\"d848d5cc-2bf8-4ca9-870a-f792cfe3b4ef\">\n<p class=\"\" data-start=\"861\" data-end=\"920\" data-immersive-translate-walked=\"d848d5cc-2bf8-4ca9-870a-f792cfe3b4ef\" data-immersive-translate-paragraph=\"1\">18 ml e-liquid \u2013 wystarczy na tygodnie przyjemno\u015bci<\/p>\n<\/li>\n<li class=\"\" data-start=\"921\" data-end=\"994\" data-immersive-translate-walked=\"d848d5cc-2bf8-4ca9-870a-f792cfe3b4ef\">\n<p class=\"\" data-start=\"923\" data-end=\"994\" data-immersive-translate-walked=\"d848d5cc-2bf8-4ca9-870a-f792cfe3b4ef\" data-immersive-translate-paragraph=\"1\">Cztery opcje nikotyny: 0%, 2%, 3% lub 5% \u2013 to ty decydujesz<\/p>\n<\/li>\n<li class=\"\" data-start=\"995\" data-end=\"1072\" data-immersive-translate-walked=\"d848d5cc-2bf8-4ca9-870a-f792cfe3b4ef\">\n<p class=\"\" data-start=\"997\" data-end=\"1072\" data-immersive-translate-walked=\"d848d5cc-2bf8-4ca9-870a-f792cfe3b4ef\" data-immersive-translate-paragraph=\"1\">Bateria 13500 mAh z \u0142adowaniem Type-C dla \u0142atwego ponownego na\u0142adowania<\/p>\n<\/li>\n<li class=\"\" data-start=\"1073\" data-end=\"1175\" data-immersive-translate-walked=\"d848d5cc-2bf8-4ca9-870a-f792cfe3b4ef\">\n<p class=\"\" data-start=\"1075\" data-end=\"1175\" data-immersive-translate-walked=\"d848d5cc-2bf8-4ca9-870a-f792cfe3b4ef\" data-immersive-translate-paragraph=\"1\">Super Boost VPU &amp; AI Power Adjustment \u2013 inteligentna technologia dostosowuje moc do twojego stylu<\/p>\n<\/li>\n<\/ul>\n<h4 data-start=\"1177\" data-end=\"1208\" data-immersive-translate-walked=\"d848d5cc-2bf8-4ca9-870a-f792cfe3b4ef\" data-immersive-translate-paragraph=\"1\">Dwa tryby \u2013 dwa do\u015bwiadczenia<\/h4>\n<p class=\"\" data-start=\"1210\" data-end=\"1441\" data-immersive-translate-walked=\"d848d5cc-2bf8-4ca9-870a-f792cfe3b4ef\" data-immersive-translate-paragraph=\"1\">Chcesz delikatnie i d\u0142ugo pali\u0107? Pozosta\u0144 w trybie normalnym z do 25 000 zaci\u0105gni\u0119ciami.<br data-start=\"1305\" data-end=\"1308\" data-immersive-translate-walked=\"d848d5cc-2bf8-4ca9-870a-f792cfe3b4ef\" \/>Lub prze\u0142\u0105cz si\u0119 na tryb Pulse, kt\u00f3ry oferuje mocniejsze, g\u0119stsze do\u015bwiadczenie z 15 000 intensywnych zaci\u0105gni\u0119\u0107.<\/p>\n<p class=\"\" data-start=\"1443\" data-end=\"1515\" data-immersive-translate-walked=\"d848d5cc-2bf8-4ca9-870a-f792cfe3b4ef\" data-immersive-translate-paragraph=\"1\">Prze\u0142\u0105cznik znajduje si\u0119 na dolnej ko\u0144c\u00f3wce \u2013 dyskretny i praktyczny.<\/p>\n<h4 data-start=\"1517\" data-end=\"1549\" data-immersive-translate-walked=\"d848d5cc-2bf8-4ca9-870a-f792cfe3b4ef\" data-immersive-translate-paragraph=\"1\">W podr\u00f3\u017cy \u2013 bez zmartwie\u0144<\/h4>\n<p class=\"\" data-start=\"1551\" data-end=\"1615\" data-immersive-translate-walked=\"d848d5cc-2bf8-4ca9-870a-f792cfe3b4ef\" data-immersive-translate-paragraph=\"1\">Pakujesz Elf Box Pulse X 25000 do torby i wiesz:<\/p>\n<ul data-start=\"1616\" data-end=\"1752\" data-immersive-translate-walked=\"d848d5cc-2bf8-4ca9-870a-f792cfe3b4ef\">\n<li class=\"\" data-start=\"1616\" data-end=\"1635\" data-immersive-translate-walked=\"d848d5cc-2bf8-4ca9-870a-f792cfe3b4ef\">\n<p class=\"\" data-start=\"1618\" data-end=\"1635\" data-immersive-translate-walked=\"d848d5cc-2bf8-4ca9-870a-f792cfe3b4ef\" data-immersive-translate-paragraph=\"1\">Brak uzupe\u0142niania<\/p>\n<\/li>\n<li class=\"\" data-start=\"1636\" data-end=\"1652\" data-immersive-translate-walked=\"d848d5cc-2bf8-4ca9-870a-f792cfe3b4ef\">\n<p class=\"\" data-start=\"1638\" data-end=\"1652\" data-immersive-translate-walked=\"d848d5cc-2bf8-4ca9-870a-f792cfe3b4ef\" data-immersive-translate-paragraph=\"1\">Bez zawijania<\/p>\n<\/li>\n<li class=\"\" data-start=\"1653\" data-end=\"1708\" data-immersive-translate-walked=\"d848d5cc-2bf8-4ca9-870a-f792cfe3b4ef\">\n<p class=\"\" data-start=\"1655\" data-end=\"1708\" data-immersive-translate-walked=\"d848d5cc-2bf8-4ca9-870a-f792cfe3b4ef\" data-immersive-translate-paragraph=\"1\">Brak op\u0142at celnych przy dostawie powy\u017cej vapingnet.de<\/p>\n<\/li>\n<li class=\"\" data-start=\"1709\" data-end=\"1752\" data-immersive-translate-walked=\"d848d5cc-2bf8-4ca9-870a-f792cfe3b4ef\">\n<p class=\"\" data-start=\"1711\" data-end=\"1752\" data-immersive-translate-walked=\"d848d5cc-2bf8-4ca9-870a-f792cfe3b4ef\" data-immersive-translate-paragraph=\"1\">Szybka dostawa w ci\u0105gu 7\u201315 dni roboczych<\/p>\n<\/li>\n<\/ul>\n<p class=\"\" data-start=\"1754\" data-end=\"1864\" data-immersive-translate-walked=\"d848d5cc-2bf8-4ca9-870a-f792cfe3b4ef\" data-immersive-translate-paragraph=\"1\">Niezale\u017cnie od tego, czy spacerujesz, pijesz kaw\u0119 w kawiarni, czy wieczorem na kanapie \u2013 Grape Ice pozostaje \u015bwie\u017cy, mocny i niezawodny.<\/p>\n<h2 data-start=\"1866\" data-end=\"1891\" data-immersive-translate-walked=\"d848d5cc-2bf8-4ca9-870a-f792cfe3b4ef\" data-immersive-translate-paragraph=\"1\">Tw\u00f3j kolejny krok<\/h2>\n<p class=\"\" data-start=\"1893\" data-end=\"2018\" data-immersive-translate-walked=\"d848d5cc-2bf8-4ca9-870a-f792cfe3b4ef\" data-immersive-translate-paragraph=\"1\">Je\u015bli zale\u017cy Ci na technologii, smaku i komforcie, Elf Box Pulse X 25000 to idealne urz\u0105dzenie dla Ciebie.<\/p>\n<p class=\"\" data-start=\"2020\" data-end=\"2177\" data-immersive-translate-walked=\"d848d5cc-2bf8-4ca9-870a-f792cfe3b4ef\" data-immersive-translate-paragraph=\"1\">Odwied\u017a teraz vapingnet.de i zafunduj sobie ulepszenie swojego do\u015bwiadczenia z waporyzacj\u0105. Zam\u00f3w \u0142atwo, dostawa bez c\u0142a, ciesz si\u0119.<\/p>","protected":false},"excerpt":{"rendered":"<p>Ein Tag mit der Elf Box Pulse X 25000 \u2013 Grape Ice Edition Stell dir vor, du startest den Tag mit einem klaren Kopf und&#8230;<\/p>","protected":false},"featured_media":6867,"template":"","meta":[],"etheme_brands":[],"product_brand":[100],"product_cat":[55,49,61],"product_tag":[],"class_list":{"0":"post-6338","1":"product","2":"type-product","3":"status-publish","4":"has-post-thumbnail","6":"product_brand-elf-box-vape","7":"product_cat-vape-25000-zuege","8":"product_cat-einweg-e-zigarette","9":"product_cat-f","11":"first","12":"instock","13":"shipping-taxable","14":"purchasable","15":"product-type-simple"},"yoast_head":"<!-- This site is optimized with the Yoast SEO plugin v26.5 - https:\/\/yoast.com\/wordpress\/plugins\/seo\/ -->\n<title>Grape Ice Genuss Mit ELF BOX PULSE X 25000 Jetzt Zollfrei Bestellen | Vapingnet.de<\/title>\n<meta name=\"description\" content=\"Entdecke Grape Ice Genuss Mit ELF BOX PULSE X 25000 Jetzt Zollfrei Bestellen bei vapingnet.de, \u25ba Gro\u00dfe Auswahl an Geschmacksrichtungen &amp; super g\u00fcnstig!\" \/>\n<meta name=\"robots\" content=\"index, follow, max-snippet:-1, max-image-preview:large, max-video-preview:-1\" \/>\n<link rel=\"canonical\" href=\"https:\/\/vapingnet.de\/pl\/vape\/grape-ice-genuss-mit-elf-box-pulse-x-25000-jetzt-zollfrei-bestellen\/\" \/>\n<meta property=\"og:locale\" content=\"pl_PL\" \/>\n<meta property=\"og:type\" content=\"article\" \/>\n<meta property=\"og:title\" content=\"Grape Ice Genuss Mit ELF BOX PULSE X 25000 Jetzt Zollfrei Bestellen | Vapingnet.de\" \/>\n<meta property=\"og:description\" content=\"Entdecke Grape Ice Genuss Mit ELF BOX PULSE X 25000 Jetzt Zollfrei Bestellen bei vapingnet.de, \u25ba Gro\u00dfe Auswahl an Geschmacksrichtungen &amp; super g\u00fcnstig!\" \/>\n<meta property=\"og:url\" content=\"https:\/\/vapingnet.de\/pl\/vape\/grape-ice-genuss-mit-elf-box-pulse-x-25000-jetzt-zollfrei-bestellen\/\" \/>\n<meta property=\"og:site_name\" content=\"Vapingnet.de\" \/>\n<meta property=\"article:publisher\" content=\"https:\/\/www.facebook.com\/vapingnetde\/\" \/>\n<meta property=\"article:modified_time\" content=\"2025-06-19T03:43:02+00:00\" \/>\n<meta property=\"og:image\" content=\"https:\/\/vapingnet.de\/wp-content\/uploads\/2025\/04\/GRAPE-ICE-5.webp\" \/>\n\t<meta property=\"og:image:width\" content=\"1000\" \/>\n\t<meta property=\"og:image:height\" content=\"1000\" \/>\n\t<meta property=\"og:image:type\" content=\"image\/webp\" \/>\n<meta name=\"twitter:card\" content=\"summary_large_image\" \/>\n<meta name=\"twitter:label1\" content=\"Est. reading time\" \/>\n\t<meta name=\"twitter:data1\" content=\"3 minutes\" \/>\n<script type=\"application\/ld+json\" class=\"yoast-schema-graph\">{\"@context\":\"https:\/\/schema.org\",\"@graph\":[{\"@type\":\"WebPage\",\"@id\":\"https:\/\/vapingnet.de\/vape\/grape-ice-genuss-mit-elf-box-pulse-x-25000-jetzt-zollfrei-bestellen\/\",\"url\":\"https:\/\/vapingnet.de\/vape\/grape-ice-genuss-mit-elf-box-pulse-x-25000-jetzt-zollfrei-bestellen\/\",\"name\":\"Grape Ice Genuss Mit ELF BOX PULSE X 25000 Jetzt Zollfrei Bestellen | Vapingnet.de\",\"isPartOf\":{\"@id\":\"https:\/\/vapingnet.de\/#website\"},\"primaryImageOfPage\":{\"@id\":\"https:\/\/vapingnet.de\/vape\/grape-ice-genuss-mit-elf-box-pulse-x-25000-jetzt-zollfrei-bestellen\/#primaryimage\"},\"image\":{\"@id\":\"https:\/\/vapingnet.de\/vape\/grape-ice-genuss-mit-elf-box-pulse-x-25000-jetzt-zollfrei-bestellen\/#primaryimage\"},\"thumbnailUrl\":\"https:\/\/vapingnet.de\/wp-content\/uploads\/2025\/04\/GRAPE-ICE-5.webp\",\"datePublished\":\"2025-04-15T05:34:49+00:00\",\"dateModified\":\"2025-06-19T03:43:02+00:00\",\"description\":\"Entdecke Grape Ice Genuss Mit ELF BOX PULSE X 25000 Jetzt Zollfrei Bestellen bei vapingnet.de, \u25ba Gro\u00dfe Auswahl an Geschmacksrichtungen & super g\u00fcnstig!\",\"breadcrumb\":{\"@id\":\"https:\/\/vapingnet.de\/vape\/grape-ice-genuss-mit-elf-box-pulse-x-25000-jetzt-zollfrei-bestellen\/#breadcrumb\"},\"inLanguage\":\"pl-PL\",\"potentialAction\":[{\"@type\":\"ReadAction\",\"target\":[\"https:\/\/vapingnet.de\/vape\/grape-ice-genuss-mit-elf-box-pulse-x-25000-jetzt-zollfrei-bestellen\/\"]}]},{\"@type\":\"ImageObject\",\"inLanguage\":\"pl-PL\",\"@id\":\"https:\/\/vapingnet.de\/vape\/grape-ice-genuss-mit-elf-box-pulse-x-25000-jetzt-zollfrei-bestellen\/#primaryimage\",\"url\":\"https:\/\/vapingnet.de\/wp-content\/uploads\/2025\/04\/GRAPE-ICE-5.webp\",\"contentUrl\":\"https:\/\/vapingnet.de\/wp-content\/uploads\/2025\/04\/GRAPE-ICE-5.webp\",\"width\":1000,\"height\":1000},{\"@type\":\"BreadcrumbList\",\"@id\":\"https:\/\/vapingnet.de\/vape\/grape-ice-genuss-mit-elf-box-pulse-x-25000-jetzt-zollfrei-bestellen\/#breadcrumb\",\"itemListElement\":[{\"@type\":\"ListItem\",\"position\":1,\"name\":\"Home\",\"item\":\"https:\/\/vapingnet.de\/\"},{\"@type\":\"ListItem\",\"position\":2,\"name\":\"Shop\",\"item\":\"https:\/\/vapingnet.de\/vape\/\"},{\"@type\":\"ListItem\",\"position\":3,\"name\":\"Grape Ice Genuss Mit ELF BOX PULSE X 25000 Jetzt Zollfrei Bestellen\"}]},{\"@type\":\"WebSite\",\"@id\":\"https:\/\/vapingnet.de\/#website\",\"url\":\"https:\/\/vapingnet.de\/\",\"name\":\"Vapingnet.de\",\"description\":\"\",\"publisher\":{\"@id\":\"https:\/\/vapingnet.de\/#organization\"},\"potentialAction\":[{\"@type\":\"SearchAction\",\"target\":{\"@type\":\"EntryPoint\",\"urlTemplate\":\"https:\/\/vapingnet.de\/?s={search_term_string}\"},\"query-input\":{\"@type\":\"PropertyValueSpecification\",\"valueRequired\":true,\"valueName\":\"search_term_string\"}}],\"inLanguage\":\"pl-PL\"},{\"@type\":\"Organization\",\"@id\":\"https:\/\/vapingnet.de\/#organization\",\"name\":\"Vapingnet.de\",\"url\":\"https:\/\/vapingnet.de\/\",\"logo\":{\"@type\":\"ImageObject\",\"inLanguage\":\"pl-PL\",\"@id\":\"https:\/\/vapingnet.de\/#\/schema\/logo\/image\/\",\"url\":\"https:\/\/vapingnet.de\/wp-content\/uploads\/2025\/03\/cropped-vapingnet.de_.jpg\",\"contentUrl\":\"https:\/\/vapingnet.de\/wp-content\/uploads\/2025\/03\/cropped-vapingnet.de_.jpg\",\"width\":512,\"height\":512,\"caption\":\"Vapingnet.de\"},\"image\":{\"@id\":\"https:\/\/vapingnet.de\/#\/schema\/logo\/image\/\"},\"sameAs\":[\"https:\/\/www.facebook.com\/vapingnetde\/\"]}]}<\/script>\n<!-- \/ Yoast SEO plugin. -->","yoast_head_json":{"title":"Grape Ice Genuss Mit ELF BOX PULSE X 25000 Jetzt Zollfrei Bestellen | Vapingnet.de","description":"Entdecke Grape Ice Genuss Mit ELF BOX PULSE X 25000 Jetzt Zollfrei Bestellen bei vapingnet.de, \u25ba Gro\u00dfe Auswahl an Geschmacksrichtungen & super g\u00fcnstig!","robots":{"index":"index","follow":"follow","max-snippet":"max-snippet:-1","max-image-preview":"max-image-preview:large","max-video-preview":"max-video-preview:-1"},"canonical":"https:\/\/vapingnet.de\/pl\/vape\/grape-ice-genuss-mit-elf-box-pulse-x-25000-jetzt-zollfrei-bestellen\/","og_locale":"pl_PL","og_type":"article","og_title":"Grape Ice Genuss Mit ELF BOX PULSE X 25000 Jetzt Zollfrei Bestellen | Vapingnet.de","og_description":"Entdecke Grape Ice Genuss Mit ELF BOX PULSE X 25000 Jetzt Zollfrei Bestellen bei vapingnet.de, \u25ba Gro\u00dfe Auswahl an Geschmacksrichtungen & super g\u00fcnstig!","og_url":"https:\/\/vapingnet.de\/pl\/vape\/grape-ice-genuss-mit-elf-box-pulse-x-25000-jetzt-zollfrei-bestellen\/","og_site_name":"Vapingnet.de","article_publisher":"https:\/\/www.facebook.com\/vapingnetde\/","article_modified_time":"2025-06-19T03:43:02+00:00","og_image":[{"width":1000,"height":1000,"url":"https:\/\/vapingnet.de\/wp-content\/uploads\/2025\/04\/GRAPE-ICE-5.webp","type":"image\/webp"}],"twitter_card":"summary_large_image","twitter_misc":{"Est. reading time":"3 minutes"},"schema":{"@context":"https:\/\/schema.org","@graph":[{"@type":"WebPage","@id":"https:\/\/vapingnet.de\/vape\/grape-ice-genuss-mit-elf-box-pulse-x-25000-jetzt-zollfrei-bestellen\/","url":"https:\/\/vapingnet.de\/vape\/grape-ice-genuss-mit-elf-box-pulse-x-25000-jetzt-zollfrei-bestellen\/","name":"Grape Ice Genuss Mit ELF BOX PULSE X 25000 Jetzt Zollfrei Bestellen | Vapingnet.de","isPartOf":{"@id":"https:\/\/vapingnet.de\/#website"},"primaryImageOfPage":{"@id":"https:\/\/vapingnet.de\/vape\/grape-ice-genuss-mit-elf-box-pulse-x-25000-jetzt-zollfrei-bestellen\/#primaryimage"},"image":{"@id":"https:\/\/vapingnet.de\/vape\/grape-ice-genuss-mit-elf-box-pulse-x-25000-jetzt-zollfrei-bestellen\/#primaryimage"},"thumbnailUrl":"https:\/\/vapingnet.de\/wp-content\/uploads\/2025\/04\/GRAPE-ICE-5.webp","datePublished":"2025-04-15T05:34:49+00:00","dateModified":"2025-06-19T03:43:02+00:00","description":"Entdecke Grape Ice Genuss Mit ELF BOX PULSE X 25000 Jetzt Zollfrei Bestellen bei vapingnet.de, \u25ba Gro\u00dfe Auswahl an Geschmacksrichtungen & super g\u00fcnstig!","breadcrumb":{"@id":"https:\/\/vapingnet.de\/vape\/grape-ice-genuss-mit-elf-box-pulse-x-25000-jetzt-zollfrei-bestellen\/#breadcrumb"},"inLanguage":"pl-PL","potentialAction":[{"@type":"ReadAction","target":["https:\/\/vapingnet.de\/vape\/grape-ice-genuss-mit-elf-box-pulse-x-25000-jetzt-zollfrei-bestellen\/"]}]},{"@type":"ImageObject","inLanguage":"pl-PL","@id":"https:\/\/vapingnet.de\/vape\/grape-ice-genuss-mit-elf-box-pulse-x-25000-jetzt-zollfrei-bestellen\/#primaryimage","url":"https:\/\/vapingnet.de\/wp-content\/uploads\/2025\/04\/GRAPE-ICE-5.webp","contentUrl":"https:\/\/vapingnet.de\/wp-content\/uploads\/2025\/04\/GRAPE-ICE-5.webp","width":1000,"height":1000},{"@type":"BreadcrumbList","@id":"https:\/\/vapingnet.de\/vape\/grape-ice-genuss-mit-elf-box-pulse-x-25000-jetzt-zollfrei-bestellen\/#breadcrumb","itemListElement":[{"@type":"ListItem","position":1,"name":"Home","item":"https:\/\/vapingnet.de\/"},{"@type":"ListItem","position":2,"name":"Shop","item":"https:\/\/vapingnet.de\/vape\/"},{"@type":"ListItem","position":3,"name":"Grape Ice Genuss Mit ELF BOX PULSE X 25000 Jetzt Zollfrei Bestellen"}]},{"@type":"WebSite","@id":"https:\/\/vapingnet.de\/#website","url":"https:\/\/vapingnet.de\/","name":"Vapingnet.de","description":"","publisher":{"@id":"https:\/\/vapingnet.de\/#organization"},"potentialAction":[{"@type":"SearchAction","target":{"@type":"EntryPoint","urlTemplate":"https:\/\/vapingnet.de\/?s={search_term_string}"},"query-input":{"@type":"PropertyValueSpecification","valueRequired":true,"valueName":"search_term_string"}}],"inLanguage":"pl-PL"},{"@type":"Organization","@id":"https:\/\/vapingnet.de\/#organization","name":"Vapingnet.de","url":"https:\/\/vapingnet.de\/","logo":{"@type":"ImageObject","inLanguage":"pl-PL","@id":"https:\/\/vapingnet.de\/#\/schema\/logo\/image\/","url":"https:\/\/vapingnet.de\/wp-content\/uploads\/2025\/03\/cropped-vapingnet.de_.jpg","contentUrl":"https:\/\/vapingnet.de\/wp-content\/uploads\/2025\/03\/cropped-vapingnet.de_.jpg","width":512,"height":512,"caption":"Vapingnet.de"},"image":{"@id":"https:\/\/vapingnet.de\/#\/schema\/logo\/image\/"},"sameAs":["https:\/\/www.facebook.com\/vapingnetde\/"]}]}},"tiered_pricing_type":"fixed","tiered_pricing_fixed_rules":{"10":"13.77","60":"12.39","110":"11.02","200":"9.64"},"tiered_pricing_product_settings":{"layout":"default","base_unit_name":{"singular":null,"plural":null},"default_variation":null},"tiered_pricing_minimum_quantity":null,"tiered_pricing_roles_data":[],"tiered_pricing_percentage_rules":[],"_links":{"self":[{"href":"https:\/\/vapingnet.de\/pl\/wp-json\/wp\/v2\/product\/6338","targetHints":{"allow":["GET"]}}],"collection":[{"href":"https:\/\/vapingnet.de\/pl\/wp-json\/wp\/v2\/product"}],"about":[{"href":"https:\/\/vapingnet.de\/pl\/wp-json\/wp\/v2\/types\/product"}],"version-history":[{"count":3,"href":"https:\/\/vapingnet.de\/pl\/wp-json\/wp\/v2\/product\/6338\/revisions"}],"predecessor-version":[{"id":6869,"href":"https:\/\/vapingnet.de\/pl\/wp-json\/wp\/v2\/product\/6338\/revisions\/6869"}],"wp:featuredmedia":[{"embeddable":true,"href":"https:\/\/vapingnet.de\/pl\/wp-json\/wp\/v2\/media\/6867"}],"wp:attachment":[{"href":"https:\/\/vapingnet.de\/pl\/wp-json\/wp\/v2\/media?parent=6338"}],"wp:term":[{"taxonomy":"brand","embeddable":true,"href":"https:\/\/vapingnet.de\/pl\/wp-json\/wp\/v2\/etheme_brands?post=6338"},{"taxonomy":"product_brand","embeddable":true,"href":"https:\/\/vapingnet.de\/pl\/wp-json\/wp\/v2\/product_brand?post=6338"},{"taxonomy":"product_cat","embeddable":true,"href":"https:\/\/vapingnet.de\/pl\/wp-json\/wp\/v2\/product_cat?post=6338"},{"taxonomy":"product_tag","embeddable":true,"href":"https:\/\/vapingnet.de\/pl\/wp-json\/wp\/v2\/product_tag?post=6338"}],"curies":[{"name":"wp","href":"https:\/\/api.w.org\/{rel}","templated":true}]}}