{"id":6358,"date":"2025-04-15T06:36:58","date_gmt":"2025-04-15T06:36:58","guid":{"rendered":"https:\/\/vapingnet.de\/?post_type=product&#038;p=6358"},"modified":"2025-06-19T03:42:59","modified_gmt":"2025-06-19T03:42:59","slug":"elf-box-digital-12000-mixed-fruit-die-beste-wahl-fuer-neueinsteiger","status":"publish","type":"product","link":"https:\/\/vapingnet.de\/pl\/vape\/elf-box-digital-12000-mixed-fruit-die-beste-wahl-fuer-neueinsteiger\/","title":{"rendered":"ELF BOX Digital 12000 Mixed Fruit Najlepszy wyb\u00f3r dla pocz\u0105tkuj\u0105cych"},"content":{"rendered":"<p class=\"\" data-start=\"0\" data-end=\"337\" data-immersive-translate-paragraph=\"1\" data-immersive-translate-walked=\"660b04b8-1dd5-4258-bfbb-26f6954581e1\">ELF BOX Digital 12000 to idealny wyb\u00f3r dla wszystkich palaczy, kt\u00f3rzy szukaj\u0105 wydajnego, smakowitego i praktycznego jednorazowego e-papierosa. Dzi\u0119ki pojemno\u015bci do 12 000 zaci\u0105gni\u0119\u0107 zapewnia wyj\u0105tkow\u0105 wytrzyma\u0142o\u015b\u0107 i intensywn\u0105 przyjemno\u015b\u0107, co czyni j\u0105 doskona\u0142ym wyborem na podr\u00f3\u017c.<\/p>\n<h2 data-start=\"339\" data-end=\"388\" data-immersive-translate-walked=\"660b04b8-1dd5-4258-bfbb-26f6954581e1\" data-immersive-translate-paragraph=\"1\">Dane techniczne ELF BOX Digital 12000:<\/h2>\n<ul data-start=\"390\" data-end=\"1288\" data-immersive-translate-walked=\"660b04b8-1dd5-4258-bfbb-26f6954581e1\">\n<li class=\"\" data-start=\"390\" data-end=\"427\" data-immersive-translate-walked=\"660b04b8-1dd5-4258-bfbb-26f6954581e1\">\n<p class=\"\" data-start=\"392\" data-end=\"427\" data-immersive-translate-walked=\"660b04b8-1dd5-4258-bfbb-26f6954581e1\" data-immersive-translate-paragraph=\"1\">Zaci\u0105gni\u0119cia: do 12 000 puf\u00f3w<\/p>\n<\/li>\n<li class=\"\" data-start=\"428\" data-end=\"512\" data-immersive-translate-walked=\"660b04b8-1dd5-4258-bfbb-26f6954581e1\">\n<p class=\"\" data-start=\"430\" data-end=\"512\" data-immersive-translate-walked=\"660b04b8-1dd5-4258-bfbb-26f6954581e1\" data-immersive-translate-paragraph=\"1\">Grza\u0142ka: Mesh Coil 0,8 Ohm dla r\u00f3wnomiernego dymu i intensywnego smaku<\/p>\n<\/li>\n<li class=\"\" data-start=\"513\" data-end=\"558\" data-immersive-translate-walked=\"660b04b8-1dd5-4258-bfbb-26f6954581e1\">\n<p class=\"\" data-start=\"515\" data-end=\"558\" data-immersive-translate-walked=\"660b04b8-1dd5-4258-bfbb-26f6954581e1\" data-immersive-translate-paragraph=\"1\">E-liquid: 25 ml na d\u0142ugie u\u017cytkowanie<\/p>\n<\/li>\n<li class=\"\" data-start=\"559\" data-end=\"641\" data-immersive-translate-walked=\"660b04b8-1dd5-4258-bfbb-26f6954581e1\">\n<p class=\"\" data-start=\"561\" data-end=\"641\" data-immersive-translate-walked=\"660b04b8-1dd5-4258-bfbb-26f6954581e1\" data-immersive-translate-paragraph=\"1\">Zawarto\u015b\u0107 nikotyny: 0%, 2%, 3%, 5% \u2013 dla elastycznego wyboru w zale\u017cno\u015bci od preferencji<\/p>\n<\/li>\n<li class=\"\" data-start=\"642\" data-end=\"735\" data-immersive-translate-walked=\"660b04b8-1dd5-4258-bfbb-26f6954581e1\">\n<p class=\"\" data-start=\"644\" data-end=\"735\" data-immersive-translate-walked=\"660b04b8-1dd5-4258-bfbb-26f6954581e1\" data-immersive-translate-paragraph=\"1\">Akumulator: 500 mAh z d\u0142ug\u0105 \u017cywotno\u015bci\u0105 i szybkim \u0142adowaniem przez USB-C<\/p>\n<\/li>\n<li class=\"\" data-start=\"736\" data-end=\"903\" data-immersive-translate-walked=\"660b04b8-1dd5-4258-bfbb-26f6954581e1\">\n<p class=\"\" data-start=\"738\" data-end=\"903\" data-immersive-translate-walked=\"660b04b8-1dd5-4258-bfbb-26f6954581e1\" data-immersive-translate-paragraph=\"1\">Wy\u015bwietlacz: cyfrowy ekran pokazuj\u0105cy poziom akumulatora i liquidu \u2013 praktyczna funkcja, umo\u017cliwiaj\u0105ca kontrol\u0119, kiedy trzeba na\u0142adowa\u0107 lub uzupe\u0142ni\u0107 liquid<\/p>\n<\/li>\n<li class=\"\" data-start=\"904\" data-end=\"987\" data-immersive-translate-walked=\"660b04b8-1dd5-4258-bfbb-26f6954581e1\">\n<p class=\"\" data-start=\"906\" data-end=\"987\" data-immersive-translate-walked=\"660b04b8-1dd5-4258-bfbb-26f6954581e1\" data-immersive-translate-paragraph=\"1\">Waga produktu: tylko 82 g, idealny do codziennego u\u017cytku i w podr\u00f3\u017cy<\/p>\n<\/li>\n<li class=\"\" data-start=\"988\" data-end=\"1086\" data-immersive-translate-walked=\"660b04b8-1dd5-4258-bfbb-26f6954581e1\">\n<p class=\"\" data-start=\"990\" data-end=\"1086\" data-immersive-translate-walked=\"660b04b8-1dd5-4258-bfbb-26f6954581e1\" data-immersive-translate-paragraph=\"1\">Smak: Mixed Fruit \u2013 harmonijna mieszanka r\u00f3\u017cnych owocowych aromat\u00f3w<\/p>\n<\/li>\n<li class=\"\" data-start=\"1087\" data-end=\"1160\" data-immersive-translate-walked=\"660b04b8-1dd5-4258-bfbb-26f6954581e1\">\n<p class=\"\" data-start=\"1089\" data-end=\"1160\" data-immersive-translate-walked=\"660b04b8-1dd5-4258-bfbb-26f6954581e1\" data-immersive-translate-paragraph=\"1\">Jednorazowe e-papieros: brak konieczno\u015bci uzupe\u0142niania lub wymiany cz\u0119\u015bci<\/p>\n<\/li>\n<li class=\"\" data-start=\"1161\" data-end=\"1221\" data-immersive-translate-walked=\"660b04b8-1dd5-4258-bfbb-26f6954581e1\">\n<p class=\"\" data-start=\"1163\" data-end=\"1221\" data-immersive-translate-walked=\"660b04b8-1dd5-4258-bfbb-26f6954581e1\" data-immersive-translate-paragraph=\"1\">Czas dostawy: 7-15 dni roboczych, szybka wysy\u0142ka<\/p>\n<\/li>\n<li class=\"\" data-start=\"1222\" data-end=\"1288\" data-immersive-translate-walked=\"660b04b8-1dd5-4258-bfbb-26f6954581e1\">\n<p class=\"\" data-start=\"1224\" data-end=\"1288\" data-immersive-translate-walked=\"660b04b8-1dd5-4258-bfbb-26f6954581e1\" data-immersive-translate-paragraph=\"1\">Zaleta: dostawa bez c\u0142a bezpo\u015brednio od vapingnet.de<\/p>\n<\/li>\n<\/ul>\n<h3>Komfort i wydajno\u015b\u0107 w jednym urz\u0105dzeniu:<\/h3>\n<p class=\"\" data-start=\"1332\" data-end=\"1652\" data-immersive-translate-walked=\"660b04b8-1dd5-4258-bfbb-26f6954581e1\" data-immersive-translate-paragraph=\"1\">ELF BOX Digital 12000 to doskona\u0142y wyb\u00f3r dla palaczy, kt\u00f3rzy ceni\u0105 sobie mocne i trwa\u0142e urz\u0105dzenie, kt\u00f3re b\u0119dzie im towarzyszy\u0107 w zabieganym codziennym \u017cyciu. Niezale\u017cnie od tego, czy nosisz je w kieszeni podczas dojazd\u00f3w, czy podczas podr\u00f3\u017cy, to e-papieros zapewnia zawsze po\u017c\u0105dany dym \u2013 niezawodnie i bez kompromis\u00f3w.<\/p>\n<p class=\"\" data-start=\"1654\" data-end=\"2077\" data-immersive-translate-walked=\"660b04b8-1dd5-4258-bfbb-26f6954581e1\" data-immersive-translate-paragraph=\"1\">Dzi\u0119ki technologii Mesh Coil 0,8 Ohm u\u017cytkownicy mog\u0105 oczekiwa\u0107 sta\u0142ej wysokiej jako\u015bci dymu i doskona\u0142ego smaku. Z wyborem 25 ml liquidu ELF BOX Digital 12000 jest przygotowany na d\u0142u\u017csze u\u017cycie, wi\u0119c uzupe\u0142nianie lub wymiana produktu nie stanowi\u0105 problemu. Dodatkowo cyfrowy wy\u015bwietlacz pozwala u\u017cytkownikowi zawsze dok\u0142adnie wiedzie\u0107, ile liquidu i akumulatora pozosta\u0142o.<\/p>\n<p class=\"\" data-start=\"2079\" data-end=\"2320\" data-immersive-translate-walked=\"660b04b8-1dd5-4258-bfbb-26f6954581e1\" data-immersive-translate-paragraph=\"1\">Niezale\u017cnie od tego, czy wybierzesz zawarto\u015b\u0107 nikotyny 0%, 2%, 3% czy 5%, ELF BOX Digital 12000 oferuje elastyczno\u015b\u0107, kt\u00f3rej potrzebuje ka\u017cdy palacz, wszystko w praktycznym, kompaktowym designie wa\u017c\u0105cym tylko 82 g.<\/p>\n<h4 data-start=\"2322\" data-end=\"2333\" data-immersive-translate-walked=\"660b04b8-1dd5-4258-bfbb-26f6954581e1\" data-immersive-translate-paragraph=\"1\">Twoja idealna opcja na intensywn\u0105 przyjemno\u015b\u0107 z dymu<\/h4>\n<p class=\"\" data-start=\"2335\" data-end=\"2828\" data-immersive-translate-walked=\"660b04b8-1dd5-4258-bfbb-26f6954581e1\" data-immersive-translate-paragraph=\"1\">Z ELF BOX Digital 12000 otrzymujesz wysokiej jako\u015bci produkt, kt\u00f3ry wyr\u00f3\u017cnia si\u0119 nie tylko wydajno\u015bci\u0105, ale tak\u017ce \u0142atwo\u015bci\u0105 obs\u0142ugi i komfortem. Niezale\u017cnie od tego, czy jeste\u015b do\u015bwiadczonym palaczem, czy nowicjuszem, ten jednorazowy e-papieros to doskona\u0142y wyb\u00f3r, kt\u00f3ry zapewni Ci zawsze perfekcyjn\u0105 przyjemno\u015b\u0107 z dymu. Zam\u00f3w go na vapingnet.de i skorzystaj z szybkiej dostawy oraz bezc\u0142owego importu.<\/p>","protected":false},"excerpt":{"rendered":"<p>Die ELF BOX Digital 12000 ist die ideale Wahl f\u00fcr alle Dampfer, die auf der Suche nach einem leistungsstarken, geschmackvollen und praktischen Einweg-E-Zigaretten-Erlebnis sind. Mit&#8230;<\/p>","protected":false},"featured_media":6363,"template":"","meta":[],"etheme_brands":[],"product_brand":[100],"product_cat":[88,49,61],"product_tag":[],"class_list":{"0":"post-6358","1":"product","2":"type-product","3":"status-publish","4":"has-post-thumbnail","6":"product_brand-elf-box-vape","7":"product_cat-12k-vape","8":"product_cat-einweg-e-zigarette","9":"product_cat-f","11":"first","12":"instock","13":"shipping-taxable","14":"purchasable","15":"product-type-simple"},"yoast_head":"<!-- This site is optimized with the Yoast SEO plugin v26.5 - https:\/\/yoast.com\/wordpress\/plugins\/seo\/ -->\n<title>ELF BOX Digital 12000 Mixed Fruit Die Beste Wahl F\u00fcr Neueinsteiger | Vapingnet.de<\/title>\n<meta name=\"description\" content=\"Entdecke ELF BOX Digital 12000 Mixed Fruit Die Beste Wahl F\u00fcr Neueinsteiger bei vapingnet.de, \u25ba Gro\u00dfe Auswahl an Geschmacksrichtungen &amp; super g\u00fcnstig!\" \/>\n<meta name=\"robots\" content=\"index, follow, max-snippet:-1, max-image-preview:large, max-video-preview:-1\" \/>\n<link rel=\"canonical\" href=\"https:\/\/vapingnet.de\/pl\/vape\/elf-box-digital-12000-mixed-fruit-die-beste-wahl-fuer-neueinsteiger\/\" \/>\n<meta property=\"og:locale\" content=\"pl_PL\" \/>\n<meta property=\"og:type\" content=\"article\" \/>\n<meta property=\"og:title\" content=\"ELF BOX Digital 12000 Mixed Fruit Die Beste Wahl F\u00fcr Neueinsteiger | Vapingnet.de\" \/>\n<meta property=\"og:description\" content=\"Entdecke ELF BOX Digital 12000 Mixed Fruit Die Beste Wahl F\u00fcr Neueinsteiger bei vapingnet.de, \u25ba Gro\u00dfe Auswahl an Geschmacksrichtungen &amp; super g\u00fcnstig!\" \/>\n<meta property=\"og:url\" content=\"https:\/\/vapingnet.de\/pl\/vape\/elf-box-digital-12000-mixed-fruit-die-beste-wahl-fuer-neueinsteiger\/\" \/>\n<meta property=\"og:site_name\" content=\"Vapingnet.de\" \/>\n<meta property=\"article:publisher\" content=\"https:\/\/www.facebook.com\/vapingnetde\/\" \/>\n<meta property=\"article:modified_time\" content=\"2025-06-19T03:42:59+00:00\" \/>\n<meta property=\"og:image\" content=\"https:\/\/vapingnet.de\/wp-content\/uploads\/2025\/04\/Mixed-Fruit.webp\" \/>\n\t<meta property=\"og:image:width\" content=\"1000\" \/>\n\t<meta property=\"og:image:height\" content=\"1000\" \/>\n\t<meta property=\"og:image:type\" content=\"image\/webp\" \/>\n<meta name=\"twitter:card\" content=\"summary_large_image\" \/>\n<meta name=\"twitter:label1\" content=\"Est. reading time\" \/>\n\t<meta name=\"twitter:data1\" content=\"3 minutes\" \/>\n<script type=\"application\/ld+json\" class=\"yoast-schema-graph\">{\"@context\":\"https:\/\/schema.org\",\"@graph\":[{\"@type\":\"WebPage\",\"@id\":\"https:\/\/vapingnet.de\/vape\/elf-box-digital-12000-mixed-fruit-die-beste-wahl-fuer-neueinsteiger\/\",\"url\":\"https:\/\/vapingnet.de\/vape\/elf-box-digital-12000-mixed-fruit-die-beste-wahl-fuer-neueinsteiger\/\",\"name\":\"ELF BOX Digital 12000 Mixed Fruit Die Beste Wahl F\u00fcr Neueinsteiger | Vapingnet.de\",\"isPartOf\":{\"@id\":\"https:\/\/vapingnet.de\/#website\"},\"primaryImageOfPage\":{\"@id\":\"https:\/\/vapingnet.de\/vape\/elf-box-digital-12000-mixed-fruit-die-beste-wahl-fuer-neueinsteiger\/#primaryimage\"},\"image\":{\"@id\":\"https:\/\/vapingnet.de\/vape\/elf-box-digital-12000-mixed-fruit-die-beste-wahl-fuer-neueinsteiger\/#primaryimage\"},\"thumbnailUrl\":\"https:\/\/vapingnet.de\/wp-content\/uploads\/2025\/04\/Mixed-Fruit.webp\",\"datePublished\":\"2025-04-15T06:36:58+00:00\",\"dateModified\":\"2025-06-19T03:42:59+00:00\",\"description\":\"Entdecke ELF BOX Digital 12000 Mixed Fruit Die Beste Wahl F\u00fcr Neueinsteiger bei vapingnet.de, \u25ba Gro\u00dfe Auswahl an Geschmacksrichtungen & super g\u00fcnstig!\",\"breadcrumb\":{\"@id\":\"https:\/\/vapingnet.de\/vape\/elf-box-digital-12000-mixed-fruit-die-beste-wahl-fuer-neueinsteiger\/#breadcrumb\"},\"inLanguage\":\"pl-PL\",\"potentialAction\":[{\"@type\":\"ReadAction\",\"target\":[\"https:\/\/vapingnet.de\/vape\/elf-box-digital-12000-mixed-fruit-die-beste-wahl-fuer-neueinsteiger\/\"]}]},{\"@type\":\"ImageObject\",\"inLanguage\":\"pl-PL\",\"@id\":\"https:\/\/vapingnet.de\/vape\/elf-box-digital-12000-mixed-fruit-die-beste-wahl-fuer-neueinsteiger\/#primaryimage\",\"url\":\"https:\/\/vapingnet.de\/wp-content\/uploads\/2025\/04\/Mixed-Fruit.webp\",\"contentUrl\":\"https:\/\/vapingnet.de\/wp-content\/uploads\/2025\/04\/Mixed-Fruit.webp\",\"width\":1000,\"height\":1000},{\"@type\":\"BreadcrumbList\",\"@id\":\"https:\/\/vapingnet.de\/vape\/elf-box-digital-12000-mixed-fruit-die-beste-wahl-fuer-neueinsteiger\/#breadcrumb\",\"itemListElement\":[{\"@type\":\"ListItem\",\"position\":1,\"name\":\"Home\",\"item\":\"https:\/\/vapingnet.de\/\"},{\"@type\":\"ListItem\",\"position\":2,\"name\":\"Shop\",\"item\":\"https:\/\/vapingnet.de\/vape\/\"},{\"@type\":\"ListItem\",\"position\":3,\"name\":\"ELF BOX Digital 12000 Mixed Fruit Die Beste Wahl F\u00fcr Neueinsteiger\"}]},{\"@type\":\"WebSite\",\"@id\":\"https:\/\/vapingnet.de\/#website\",\"url\":\"https:\/\/vapingnet.de\/\",\"name\":\"Vapingnet.de\",\"description\":\"\",\"publisher\":{\"@id\":\"https:\/\/vapingnet.de\/#organization\"},\"potentialAction\":[{\"@type\":\"SearchAction\",\"target\":{\"@type\":\"EntryPoint\",\"urlTemplate\":\"https:\/\/vapingnet.de\/?s={search_term_string}\"},\"query-input\":{\"@type\":\"PropertyValueSpecification\",\"valueRequired\":true,\"valueName\":\"search_term_string\"}}],\"inLanguage\":\"pl-PL\"},{\"@type\":\"Organization\",\"@id\":\"https:\/\/vapingnet.de\/#organization\",\"name\":\"Vapingnet.de\",\"url\":\"https:\/\/vapingnet.de\/\",\"logo\":{\"@type\":\"ImageObject\",\"inLanguage\":\"pl-PL\",\"@id\":\"https:\/\/vapingnet.de\/#\/schema\/logo\/image\/\",\"url\":\"https:\/\/vapingnet.de\/wp-content\/uploads\/2025\/03\/cropped-vapingnet.de_.jpg\",\"contentUrl\":\"https:\/\/vapingnet.de\/wp-content\/uploads\/2025\/03\/cropped-vapingnet.de_.jpg\",\"width\":512,\"height\":512,\"caption\":\"Vapingnet.de\"},\"image\":{\"@id\":\"https:\/\/vapingnet.de\/#\/schema\/logo\/image\/\"},\"sameAs\":[\"https:\/\/www.facebook.com\/vapingnetde\/\"]}]}<\/script>\n<!-- \/ Yoast SEO plugin. -->","yoast_head_json":{"title":"ELF BOX Digital 12000 Mixed Fruit Die Beste Wahl F\u00fcr Neueinsteiger | Vapingnet.de","description":"Entdecke ELF BOX Digital 12000 Mixed Fruit Die Beste Wahl F\u00fcr Neueinsteiger bei vapingnet.de, \u25ba Gro\u00dfe Auswahl an Geschmacksrichtungen & super g\u00fcnstig!","robots":{"index":"index","follow":"follow","max-snippet":"max-snippet:-1","max-image-preview":"max-image-preview:large","max-video-preview":"max-video-preview:-1"},"canonical":"https:\/\/vapingnet.de\/pl\/vape\/elf-box-digital-12000-mixed-fruit-die-beste-wahl-fuer-neueinsteiger\/","og_locale":"pl_PL","og_type":"article","og_title":"ELF BOX Digital 12000 Mixed Fruit Die Beste Wahl F\u00fcr Neueinsteiger | Vapingnet.de","og_description":"Entdecke ELF BOX Digital 12000 Mixed Fruit Die Beste Wahl F\u00fcr Neueinsteiger bei vapingnet.de, \u25ba Gro\u00dfe Auswahl an Geschmacksrichtungen & super g\u00fcnstig!","og_url":"https:\/\/vapingnet.de\/pl\/vape\/elf-box-digital-12000-mixed-fruit-die-beste-wahl-fuer-neueinsteiger\/","og_site_name":"Vapingnet.de","article_publisher":"https:\/\/www.facebook.com\/vapingnetde\/","article_modified_time":"2025-06-19T03:42:59+00:00","og_image":[{"width":1000,"height":1000,"url":"https:\/\/vapingnet.de\/wp-content\/uploads\/2025\/04\/Mixed-Fruit.webp","type":"image\/webp"}],"twitter_card":"summary_large_image","twitter_misc":{"Est. reading time":"3 minutes"},"schema":{"@context":"https:\/\/schema.org","@graph":[{"@type":"WebPage","@id":"https:\/\/vapingnet.de\/vape\/elf-box-digital-12000-mixed-fruit-die-beste-wahl-fuer-neueinsteiger\/","url":"https:\/\/vapingnet.de\/vape\/elf-box-digital-12000-mixed-fruit-die-beste-wahl-fuer-neueinsteiger\/","name":"ELF BOX Digital 12000 Mixed Fruit Die Beste Wahl F\u00fcr Neueinsteiger | Vapingnet.de","isPartOf":{"@id":"https:\/\/vapingnet.de\/#website"},"primaryImageOfPage":{"@id":"https:\/\/vapingnet.de\/vape\/elf-box-digital-12000-mixed-fruit-die-beste-wahl-fuer-neueinsteiger\/#primaryimage"},"image":{"@id":"https:\/\/vapingnet.de\/vape\/elf-box-digital-12000-mixed-fruit-die-beste-wahl-fuer-neueinsteiger\/#primaryimage"},"thumbnailUrl":"https:\/\/vapingnet.de\/wp-content\/uploads\/2025\/04\/Mixed-Fruit.webp","datePublished":"2025-04-15T06:36:58+00:00","dateModified":"2025-06-19T03:42:59+00:00","description":"Entdecke ELF BOX Digital 12000 Mixed Fruit Die Beste Wahl F\u00fcr Neueinsteiger bei vapingnet.de, \u25ba Gro\u00dfe Auswahl an Geschmacksrichtungen & super g\u00fcnstig!","breadcrumb":{"@id":"https:\/\/vapingnet.de\/vape\/elf-box-digital-12000-mixed-fruit-die-beste-wahl-fuer-neueinsteiger\/#breadcrumb"},"inLanguage":"pl-PL","potentialAction":[{"@type":"ReadAction","target":["https:\/\/vapingnet.de\/vape\/elf-box-digital-12000-mixed-fruit-die-beste-wahl-fuer-neueinsteiger\/"]}]},{"@type":"ImageObject","inLanguage":"pl-PL","@id":"https:\/\/vapingnet.de\/vape\/elf-box-digital-12000-mixed-fruit-die-beste-wahl-fuer-neueinsteiger\/#primaryimage","url":"https:\/\/vapingnet.de\/wp-content\/uploads\/2025\/04\/Mixed-Fruit.webp","contentUrl":"https:\/\/vapingnet.de\/wp-content\/uploads\/2025\/04\/Mixed-Fruit.webp","width":1000,"height":1000},{"@type":"BreadcrumbList","@id":"https:\/\/vapingnet.de\/vape\/elf-box-digital-12000-mixed-fruit-die-beste-wahl-fuer-neueinsteiger\/#breadcrumb","itemListElement":[{"@type":"ListItem","position":1,"name":"Home","item":"https:\/\/vapingnet.de\/"},{"@type":"ListItem","position":2,"name":"Shop","item":"https:\/\/vapingnet.de\/vape\/"},{"@type":"ListItem","position":3,"name":"ELF BOX Digital 12000 Mixed Fruit Die Beste Wahl F\u00fcr Neueinsteiger"}]},{"@type":"WebSite","@id":"https:\/\/vapingnet.de\/#website","url":"https:\/\/vapingnet.de\/","name":"Vapingnet.de","description":"","publisher":{"@id":"https:\/\/vapingnet.de\/#organization"},"potentialAction":[{"@type":"SearchAction","target":{"@type":"EntryPoint","urlTemplate":"https:\/\/vapingnet.de\/?s={search_term_string}"},"query-input":{"@type":"PropertyValueSpecification","valueRequired":true,"valueName":"search_term_string"}}],"inLanguage":"pl-PL"},{"@type":"Organization","@id":"https:\/\/vapingnet.de\/#organization","name":"Vapingnet.de","url":"https:\/\/vapingnet.de\/","logo":{"@type":"ImageObject","inLanguage":"pl-PL","@id":"https:\/\/vapingnet.de\/#\/schema\/logo\/image\/","url":"https:\/\/vapingnet.de\/wp-content\/uploads\/2025\/03\/cropped-vapingnet.de_.jpg","contentUrl":"https:\/\/vapingnet.de\/wp-content\/uploads\/2025\/03\/cropped-vapingnet.de_.jpg","width":512,"height":512,"caption":"Vapingnet.de"},"image":{"@id":"https:\/\/vapingnet.de\/#\/schema\/logo\/image\/"},"sameAs":["https:\/\/www.facebook.com\/vapingnetde\/"]}]}},"tiered_pricing_type":"fixed","tiered_pricing_fixed_rules":{"10":"7.78","60":"7.00","110":"6.22","200":"5.45"},"tiered_pricing_product_settings":{"layout":"default","base_unit_name":{"singular":null,"plural":null},"default_variation":null},"tiered_pricing_minimum_quantity":null,"tiered_pricing_roles_data":[],"tiered_pricing_percentage_rules":[],"_links":{"self":[{"href":"https:\/\/vapingnet.de\/pl\/wp-json\/wp\/v2\/product\/6358","targetHints":{"allow":["GET"]}}],"collection":[{"href":"https:\/\/vapingnet.de\/pl\/wp-json\/wp\/v2\/product"}],"about":[{"href":"https:\/\/vapingnet.de\/pl\/wp-json\/wp\/v2\/types\/product"}],"version-history":[{"count":1,"href":"https:\/\/vapingnet.de\/pl\/wp-json\/wp\/v2\/product\/6358\/revisions"}],"predecessor-version":[{"id":6370,"href":"https:\/\/vapingnet.de\/pl\/wp-json\/wp\/v2\/product\/6358\/revisions\/6370"}],"wp:featuredmedia":[{"embeddable":true,"href":"https:\/\/vapingnet.de\/pl\/wp-json\/wp\/v2\/media\/6363"}],"wp:attachment":[{"href":"https:\/\/vapingnet.de\/pl\/wp-json\/wp\/v2\/media?parent=6358"}],"wp:term":[{"taxonomy":"brand","embeddable":true,"href":"https:\/\/vapingnet.de\/pl\/wp-json\/wp\/v2\/etheme_brands?post=6358"},{"taxonomy":"product_brand","embeddable":true,"href":"https:\/\/vapingnet.de\/pl\/wp-json\/wp\/v2\/product_brand?post=6358"},{"taxonomy":"product_cat","embeddable":true,"href":"https:\/\/vapingnet.de\/pl\/wp-json\/wp\/v2\/product_cat?post=6358"},{"taxonomy":"product_tag","embeddable":true,"href":"https:\/\/vapingnet.de\/pl\/wp-json\/wp\/v2\/product_tag?post=6358"}],"curies":[{"name":"wp","href":"https:\/\/api.w.org\/{rel}","templated":true}]}}