{"id":6360,"date":"2025-04-15T06:37:12","date_gmt":"2025-04-15T06:37:12","guid":{"rendered":"https:\/\/vapingnet.de\/?post_type=product&#038;p=6360"},"modified":"2025-06-19T03:42:58","modified_gmt":"2025-06-19T03:42:58","slug":"elf-box-digital-12000-blueberry-sour-raspberry-einfache-anwendung-fruchtiger","status":"publish","type":"product","link":"https:\/\/vapingnet.de\/pl\/vape\/elf-box-digital-12000-blueberry-sour-raspberry-einfache-anwendung-fruchtiger\/","title":{"rendered":"ELF BOX Digital 12000 Blueberry Sour Raspberry Prosta obs\u0142uga Owocowy"},"content":{"rendered":"<h2 data-start=\"0\" data-end=\"84\" data-immersive-translate-walked=\"6449fb85-98d9-4236-aea1-550e579cc31c\">ELF BOX Digital 12000 \u2013 Idealny jednorazowy e-papieros dla wymagaj\u0105cych palaczy<\/h2>\n<p class=\"\" data-start=\"86\" data-end=\"384\" data-immersive-translate-walked=\"6449fb85-98d9-4236-aea1-550e579cc31c\" data-immersive-translate-paragraph=\"1\">ELF BOX Digital 12000 to nowoczesny jednorazowy e-papieros, zaprojektowany specjalnie dla palaczy, kt\u00f3rzy szukaj\u0105 d\u0142ugotrwa\u0142ego i komfortowego do\u015bwiadczenia vapingowego. \u0141\u0105czy innowacyjne technologie z przyjaznym u\u017cytkowaniu i gwarantuje doskona\u0142\u0105 wydajno\u015b\u0107.<\/p>\n<h4>Dane techniczne<\/h4>\n<div class=\"pointer-events-none relative left-[50%]! flex w-[100cqw] translate-x-[-50%] justify-center *:pointer-events-auto\">\n<table class=\"min-w-full\" style=\"height: 409px;\" width=\"724\" data-start=\"45\" data-end=\"1069\">\n<thead data-start=\"45\" data-end=\"123\">\n<tr data-start=\"45\" data-end=\"123\">\n<th data-start=\"45\" data-end=\"68\"><strong data-start=\"47\" data-end=\"58\">Cecha<\/strong><\/th>\n<th data-start=\"68\" data-end=\"123\"><strong data-start=\"70\" data-end=\"81\">Szczeg\u00f3\u0142y<\/strong><\/th>\n<\/tr>\n<\/thead>\n<tbody data-start=\"203\" data-end=\"1069\">\n<tr data-start=\"203\" data-end=\"281\">\n<td class=\"max-w-[calc(var(--thread-content-max-width)*2\/3)]\" data-start=\"203\" data-end=\"226\"><strong data-start=\"205\" data-end=\"214\">Puffs<\/strong><\/td>\n<td class=\"max-w-[calc(var(--thread-content-max-width)*2\/3)]\" data-start=\"226\" data-end=\"281\">12 000 poci\u0105gni\u0119\u0107<\/td>\n<\/tr>\n<tr data-start=\"282\" data-end=\"360\">\n<td class=\"max-w-[calc(var(--thread-content-max-width)*2\/3)]\" data-start=\"282\" data-end=\"305\"><strong data-start=\"284\" data-end=\"292\">Coil<\/strong><\/td>\n<td class=\"max-w-[calc(var(--thread-content-max-width)*2\/3)]\" data-start=\"305\" data-end=\"360\">Mesh Coil (0,8 Ohma)<\/td>\n<\/tr>\n<tr data-start=\"361\" data-end=\"439\">\n<td class=\"max-w-[calc(var(--thread-content-max-width)*2\/3)]\" data-start=\"361\" data-end=\"384\"><strong data-start=\"363\" data-end=\"375\">E-liquid<\/strong><\/td>\n<td class=\"max-w-[calc(var(--thread-content-max-width)*2\/3)]\" data-start=\"384\" data-end=\"439\">25 ml<\/td>\n<\/tr>\n<tr data-start=\"440\" data-end=\"518\">\n<td class=\"max-w-[calc(var(--thread-content-max-width)*2\/3)]\" data-start=\"440\" data-end=\"463\"><strong data-start=\"442\" data-end=\"453\">Nikotyna<\/strong><\/td>\n<td class=\"max-w-[calc(var(--thread-content-max-width)*2\/3)]\" data-start=\"463\" data-end=\"518\">0%, 2%, 3%, 5%<\/td>\n<\/tr>\n<tr data-start=\"519\" data-end=\"597\">\n<td class=\"max-w-[calc(var(--thread-content-max-width)*2\/3)]\" data-start=\"519\" data-end=\"542\"><strong data-start=\"521\" data-end=\"529\">Akumulator<\/strong><\/td>\n<td class=\"max-w-[calc(var(--thread-content-max-width)*2\/3)]\" data-start=\"542\" data-end=\"597\">500 mAh<\/td>\n<\/tr>\n<tr data-start=\"598\" data-end=\"676\">\n<td class=\"max-w-[calc(var(--thread-content-max-width)*2\/3)]\" data-start=\"598\" data-end=\"621\"><strong data-start=\"600\" data-end=\"619\">Technologia \u0142adowania<\/strong><\/td>\n<td class=\"max-w-[calc(var(--thread-content-max-width)*2\/3)]\" data-start=\"621\" data-end=\"676\">USB-C<\/td>\n<\/tr>\n<tr data-start=\"677\" data-end=\"754\">\n<td class=\"max-w-[calc(var(--thread-content-max-width)*2\/3)]\" data-start=\"677\" data-end=\"700\"><strong data-start=\"679\" data-end=\"699\">Wy\u015bwietlacz cyfrowy<\/strong><\/td>\n<td class=\"max-w-[calc(var(--thread-content-max-width)*2\/3)]\" data-start=\"700\" data-end=\"754\">Wska\u017anik poziomu p\u0142ynu i baterii<\/td>\n<\/tr>\n<tr data-start=\"755\" data-end=\"833\">\n<td class=\"max-w-[calc(var(--thread-content-max-width)*2\/3)]\" data-start=\"755\" data-end=\"778\"><strong data-start=\"757\" data-end=\"768\">Waga<\/strong><\/td>\n<td class=\"max-w-[calc(var(--thread-content-max-width)*2\/3)]\" data-start=\"778\" data-end=\"833\">82 g<\/td>\n<\/tr>\n<tr data-start=\"834\" data-end=\"911\">\n<td class=\"max-w-[calc(var(--thread-content-max-width)*2\/3)]\" data-start=\"834\" data-end=\"857\"><strong data-start=\"836\" data-end=\"849\">Smak<\/strong><\/td>\n<td class=\"max-w-[calc(var(--thread-content-max-width)*2\/3)]\" data-start=\"857\" data-end=\"911\">Jagoda z kwa\u015bnym malinowym<\/td>\n<\/tr>\n<tr data-start=\"912\" data-end=\"990\">\n<td class=\"max-w-[calc(var(--thread-content-max-width)*2\/3)]\" data-start=\"912\" data-end=\"935\"><strong data-start=\"914\" data-end=\"931\">Czas transportu<\/strong><\/td>\n<td class=\"max-w-[calc(var(--thread-content-max-width)*2\/3)]\" data-start=\"935\" data-end=\"990\">7-15 dni roboczych<\/td>\n<\/tr>\n<tr data-start=\"991\" data-end=\"1069\">\n<td class=\"max-w-[calc(var(--thread-content-max-width)*2\/3)]\" data-start=\"991\" data-end=\"1014\"><strong data-start=\"993\" data-end=\"1004\">Zaleta<\/strong><\/td>\n<td class=\"max-w-[calc(var(--thread-content-max-width)*2\/3)]\" data-start=\"1014\" data-end=\"1069\">Bez c\u0142a<\/td>\n<\/tr>\n<\/tbody>\n<\/table>\n<\/div>\n<h3>G\u0142\u00f3wne cechy ELF BOX Digital 12000<\/h3>\n<p>1. Du\u017ca pojemno\u015b\u0107 na d\u0142u\u017csze vapowanie<\/p>\n<p>Z do 12 000 poci\u0105gni\u0119\u0107, ELF BOX Digital 12000 jest przeznaczony do d\u0142u\u017cszego u\u017cytkowania ni\u017c wiele innych jednorazowych e-papieros\u00f3w. Oznacza to, \u017ce mo\u017cesz cieszy\u0107 si\u0119 nim d\u0142u\u017cej, nie martwi\u0105c si\u0119 o uzupe\u0142nianie lub cz\u0119st\u0105 wymian\u0119.<\/p>\n<p>2. Mesh-Coil dla intensywnego smaku<\/p>\n<p>Mesh Coil (0,8 Ohma) zapewnia r\u00f3wnomierne i efektywne odparowywanie e-liquid. Ta technologia optymalizuje doznania smakowe, r\u00f3wnomiernie rozprowadzaj\u0105c par\u0119 i zapewniaj\u0105c intensywniejsze odczuwanie aromatu.<\/p>\n<p>3. Du\u017ca pojemno\u015b\u0107 e-liquid<\/p>\n<p>Z pojemno\u015bci\u0105 e-liquid wynosz\u0105c\u0105 25 ml, nie musisz si\u0119 martwi\u0107, \u017ce p\u0142yn szybko si\u0119 wyczerpie. Umo\u017cliwia to d\u0142u\u017cszy czas vapowania i zmniejsza konieczno\u015b\u0107 cz\u0119stego uzupe\u0142niania.<\/p>\n<p>4. Przyjazny dla u\u017cytkownika cyfrowy wy\u015bwietlacz<\/p>\n<p>Cyfrowy wy\u015bwietlacz zapewnia przejrzysty podgl\u0105d poziomu p\u0142ynu i stanu baterii. Mo\u017cesz w ka\u017cdej chwili odczyta\u0107, ile p\u0142ynu pozosta\u0142o i ile czasu pracy baterii jeszcze zosta\u0142o, co jest szczeg\u00f3lnie praktyczne w codziennym u\u017cytkowaniu.<\/p>\n<p>5. Szybkie \u0142adowanie przez USB-C<\/p>\n<p>Wbudowana bateria o pojemno\u015bci 500 mAh jest wygodnie \u0142adowana przez port USB-C, co zapewnia szybki czas \u0142adowania. Dzi\u0119ki temu ELF BOX Digital 12000 jest zawsze gotowa do u\u017cycia w kr\u00f3tkim czasie.<\/p>\n<h4 data-start=\"2976\" data-end=\"3028\" data-immersive-translate-walked=\"6449fb85-98d9-4236-aea1-550e579cc31c\" data-immersive-translate-paragraph=\"1\">Idealny smak: Blueberry Sour Raspberry<\/h4>\n<p class=\"\" data-start=\"3030\" data-end=\"3386\" data-immersive-translate-walked=\"6449fb85-98d9-4236-aea1-550e579cc31c\" data-immersive-translate-paragraph=\"1\">Smak Blueberry Sour Raspberry \u0142\u0105czy s\u0142odk\u0105 \u015bwie\u017co\u015b\u0107 dojrza\u0142ych jag\u00f3d bor\u00f3wki z lekko kwa\u015bnym akcentem malin. Efektem jest unikalny, orze\u017awiaj\u0105cy smak, kt\u00f3ry zapewnia przyjemne i d\u0142ugotrwa\u0142e do\u015bwiadczenie vapowania. Ten smak jest idealny dla palaczy, kt\u00f3rzy preferuj\u0105 owocowe i s\u0142odko-kwa\u015bne aromaty.<\/p>\n<h4 data-start=\"3388\" data-end=\"3443\" data-immersive-translate-walked=\"6449fb85-98d9-4236-aea1-550e579cc31c\" data-immersive-translate-paragraph=\"1\">Dlaczego warto wybra\u0107 ELF BOX Digital 12000?<\/h4>\n<p class=\"\" data-start=\"3445\" data-end=\"4043\" data-immersive-translate-walked=\"6449fb85-98d9-4236-aea1-550e579cc31c\" data-immersive-translate-paragraph=\"1\">ELF BOX Digital 12000 to doskona\u0142y wyb\u00f3r dla wszystkich, kt\u00f3rzy szukaj\u0105 niezawodnego i przyjemnego do\u015bwiadczenia vapowania. Oferuje nie tylko du\u017c\u0105 liczb\u0119 zaci\u0105gni\u0119\u0107, ale tak\u017ce przyjazny dla u\u017cytkownika cyfrowy wy\u015bwietlacz i szybkie \u0142adowanie. Dzi\u0119ki technologii mesh-coil i du\u017cej pojemno\u015bci e-liquid, jest idealna dla vapuj\u0105cych, kt\u00f3rzy oczekuj\u0105 d\u0142ugotrwa\u0142ego i intensywnego vapowania. Zam\u00f3w ELF BOX Digital 12000 na vapingnet.de, skorzystaj z bezc\u0142owej dostawy i ciesz si\u0119 szybkim wysy\u0142k\u0105 w ci\u0105gu 7-15 dni roboczych.<\/p>","protected":false},"excerpt":{"rendered":"<p>ELF BOX Digital 12000 \u2013 Idealny jednorazowy e-papieros dla wymagaj\u0105cych palaczy. ELF BOX Digital 12000 to nowoczesny jednorazowy e-papieros, stworzony specjalnie dla palaczy...<\/p>","protected":false},"featured_media":6365,"template":"","meta":[],"etheme_brands":[],"product_brand":[100],"product_cat":[88,49,61],"product_tag":[],"class_list":{"0":"post-6360","1":"product","2":"type-product","3":"status-publish","4":"has-post-thumbnail","6":"product_brand-elf-box-vape","7":"product_cat-12k-vape","8":"product_cat-einweg-e-zigarette","9":"product_cat-f","11":"first","12":"instock","13":"shipping-taxable","14":"purchasable","15":"product-type-simple"},"yoast_head":"<!-- This site is optimized with the Yoast SEO plugin v26.5 - https:\/\/yoast.com\/wordpress\/plugins\/seo\/ -->\n<title>ELF BOX Digital 12000 Blueberry Sour Raspberry Einfache Anwendung Fruchtiger | Vapingnet.de<\/title>\n<meta name=\"description\" content=\"Entdecke ELF BOX Digital 12000 Blueberry Sour Raspberry Einfache Anwendung Fruchtiger bei vapingnet.de, \u25ba Gro\u00dfe Auswahl an Geschmacksrichtungen &amp; super g\u00fcnstig!\" \/>\n<meta name=\"robots\" content=\"index, follow, max-snippet:-1, max-image-preview:large, max-video-preview:-1\" \/>\n<link rel=\"canonical\" href=\"https:\/\/vapingnet.de\/pl\/vape\/elf-box-digital-12000-blueberry-sour-raspberry-einfache-anwendung-fruchtiger\/\" \/>\n<meta property=\"og:locale\" content=\"pl_PL\" \/>\n<meta property=\"og:type\" content=\"article\" \/>\n<meta property=\"og:title\" content=\"ELF BOX Digital 12000 Blueberry Sour Raspberry Einfache Anwendung Fruchtiger | Vapingnet.de\" \/>\n<meta property=\"og:description\" content=\"Entdecke ELF BOX Digital 12000 Blueberry Sour Raspberry Einfache Anwendung Fruchtiger bei vapingnet.de, \u25ba Gro\u00dfe Auswahl an Geschmacksrichtungen &amp; super g\u00fcnstig!\" \/>\n<meta property=\"og:url\" content=\"https:\/\/vapingnet.de\/pl\/vape\/elf-box-digital-12000-blueberry-sour-raspberry-einfache-anwendung-fruchtiger\/\" \/>\n<meta property=\"og:site_name\" content=\"Vapingnet.de\" \/>\n<meta property=\"article:publisher\" content=\"https:\/\/www.facebook.com\/vapingnetde\/\" \/>\n<meta property=\"article:modified_time\" content=\"2025-06-19T03:42:58+00:00\" \/>\n<meta property=\"og:image\" content=\"https:\/\/vapingnet.de\/wp-content\/uploads\/2025\/04\/Blueberry-Sour-Raspberry.webp\" \/>\n\t<meta property=\"og:image:width\" content=\"1000\" \/>\n\t<meta property=\"og:image:height\" content=\"1000\" \/>\n\t<meta property=\"og:image:type\" content=\"image\/webp\" \/>\n<meta name=\"twitter:card\" content=\"summary_large_image\" \/>\n<meta name=\"twitter:label1\" content=\"Est. reading time\" \/>\n\t<meta name=\"twitter:data1\" content=\"3 minutes\" \/>\n<script type=\"application\/ld+json\" class=\"yoast-schema-graph\">{\"@context\":\"https:\/\/schema.org\",\"@graph\":[{\"@type\":\"WebPage\",\"@id\":\"https:\/\/vapingnet.de\/vape\/elf-box-digital-12000-blueberry-sour-raspberry-einfache-anwendung-fruchtiger\/\",\"url\":\"https:\/\/vapingnet.de\/vape\/elf-box-digital-12000-blueberry-sour-raspberry-einfache-anwendung-fruchtiger\/\",\"name\":\"ELF BOX Digital 12000 Blueberry Sour Raspberry Einfache Anwendung Fruchtiger | Vapingnet.de\",\"isPartOf\":{\"@id\":\"https:\/\/vapingnet.de\/#website\"},\"primaryImageOfPage\":{\"@id\":\"https:\/\/vapingnet.de\/vape\/elf-box-digital-12000-blueberry-sour-raspberry-einfache-anwendung-fruchtiger\/#primaryimage\"},\"image\":{\"@id\":\"https:\/\/vapingnet.de\/vape\/elf-box-digital-12000-blueberry-sour-raspberry-einfache-anwendung-fruchtiger\/#primaryimage\"},\"thumbnailUrl\":\"https:\/\/vapingnet.de\/wp-content\/uploads\/2025\/04\/Blueberry-Sour-Raspberry.webp\",\"datePublished\":\"2025-04-15T06:37:12+00:00\",\"dateModified\":\"2025-06-19T03:42:58+00:00\",\"description\":\"Entdecke ELF BOX Digital 12000 Blueberry Sour Raspberry Einfache Anwendung Fruchtiger bei vapingnet.de, \u25ba Gro\u00dfe Auswahl an Geschmacksrichtungen & super g\u00fcnstig!\",\"breadcrumb\":{\"@id\":\"https:\/\/vapingnet.de\/vape\/elf-box-digital-12000-blueberry-sour-raspberry-einfache-anwendung-fruchtiger\/#breadcrumb\"},\"inLanguage\":\"pl-PL\",\"potentialAction\":[{\"@type\":\"ReadAction\",\"target\":[\"https:\/\/vapingnet.de\/vape\/elf-box-digital-12000-blueberry-sour-raspberry-einfache-anwendung-fruchtiger\/\"]}]},{\"@type\":\"ImageObject\",\"inLanguage\":\"pl-PL\",\"@id\":\"https:\/\/vapingnet.de\/vape\/elf-box-digital-12000-blueberry-sour-raspberry-einfache-anwendung-fruchtiger\/#primaryimage\",\"url\":\"https:\/\/vapingnet.de\/wp-content\/uploads\/2025\/04\/Blueberry-Sour-Raspberry.webp\",\"contentUrl\":\"https:\/\/vapingnet.de\/wp-content\/uploads\/2025\/04\/Blueberry-Sour-Raspberry.webp\",\"width\":1000,\"height\":1000},{\"@type\":\"BreadcrumbList\",\"@id\":\"https:\/\/vapingnet.de\/vape\/elf-box-digital-12000-blueberry-sour-raspberry-einfache-anwendung-fruchtiger\/#breadcrumb\",\"itemListElement\":[{\"@type\":\"ListItem\",\"position\":1,\"name\":\"Home\",\"item\":\"https:\/\/vapingnet.de\/\"},{\"@type\":\"ListItem\",\"position\":2,\"name\":\"Shop\",\"item\":\"https:\/\/vapingnet.de\/vape\/\"},{\"@type\":\"ListItem\",\"position\":3,\"name\":\"ELF BOX Digital 12000 Blueberry Sour Raspberry Einfache Anwendung Fruchtiger\"}]},{\"@type\":\"WebSite\",\"@id\":\"https:\/\/vapingnet.de\/#website\",\"url\":\"https:\/\/vapingnet.de\/\",\"name\":\"Vapingnet.de\",\"description\":\"\",\"publisher\":{\"@id\":\"https:\/\/vapingnet.de\/#organization\"},\"potentialAction\":[{\"@type\":\"SearchAction\",\"target\":{\"@type\":\"EntryPoint\",\"urlTemplate\":\"https:\/\/vapingnet.de\/?s={search_term_string}\"},\"query-input\":{\"@type\":\"PropertyValueSpecification\",\"valueRequired\":true,\"valueName\":\"search_term_string\"}}],\"inLanguage\":\"pl-PL\"},{\"@type\":\"Organization\",\"@id\":\"https:\/\/vapingnet.de\/#organization\",\"name\":\"Vapingnet.de\",\"url\":\"https:\/\/vapingnet.de\/\",\"logo\":{\"@type\":\"ImageObject\",\"inLanguage\":\"pl-PL\",\"@id\":\"https:\/\/vapingnet.de\/#\/schema\/logo\/image\/\",\"url\":\"https:\/\/vapingnet.de\/wp-content\/uploads\/2025\/03\/cropped-vapingnet.de_.jpg\",\"contentUrl\":\"https:\/\/vapingnet.de\/wp-content\/uploads\/2025\/03\/cropped-vapingnet.de_.jpg\",\"width\":512,\"height\":512,\"caption\":\"Vapingnet.de\"},\"image\":{\"@id\":\"https:\/\/vapingnet.de\/#\/schema\/logo\/image\/\"},\"sameAs\":[\"https:\/\/www.facebook.com\/vapingnetde\/\"]}]}<\/script>\n<!-- \/ Yoast SEO plugin. -->","yoast_head_json":{"title":"ELF BOX Digital 12000 Blueberry Sour Raspberry Einfache Anwendung Fruchtiger | Vapingnet.de","description":"Entdecke ELF BOX Digital 12000 Blueberry Sour Raspberry Einfache Anwendung Fruchtiger bei vapingnet.de, \u25ba Gro\u00dfe Auswahl an Geschmacksrichtungen & super g\u00fcnstig!","robots":{"index":"index","follow":"follow","max-snippet":"max-snippet:-1","max-image-preview":"max-image-preview:large","max-video-preview":"max-video-preview:-1"},"canonical":"https:\/\/vapingnet.de\/pl\/vape\/elf-box-digital-12000-blueberry-sour-raspberry-einfache-anwendung-fruchtiger\/","og_locale":"pl_PL","og_type":"article","og_title":"ELF BOX Digital 12000 Blueberry Sour Raspberry Einfache Anwendung Fruchtiger | Vapingnet.de","og_description":"Entdecke ELF BOX Digital 12000 Blueberry Sour Raspberry Einfache Anwendung Fruchtiger bei vapingnet.de, \u25ba Gro\u00dfe Auswahl an Geschmacksrichtungen & super g\u00fcnstig!","og_url":"https:\/\/vapingnet.de\/pl\/vape\/elf-box-digital-12000-blueberry-sour-raspberry-einfache-anwendung-fruchtiger\/","og_site_name":"Vapingnet.de","article_publisher":"https:\/\/www.facebook.com\/vapingnetde\/","article_modified_time":"2025-06-19T03:42:58+00:00","og_image":[{"width":1000,"height":1000,"url":"https:\/\/vapingnet.de\/wp-content\/uploads\/2025\/04\/Blueberry-Sour-Raspberry.webp","type":"image\/webp"}],"twitter_card":"summary_large_image","twitter_misc":{"Est. reading time":"3 minutes"},"schema":{"@context":"https:\/\/schema.org","@graph":[{"@type":"WebPage","@id":"https:\/\/vapingnet.de\/vape\/elf-box-digital-12000-blueberry-sour-raspberry-einfache-anwendung-fruchtiger\/","url":"https:\/\/vapingnet.de\/vape\/elf-box-digital-12000-blueberry-sour-raspberry-einfache-anwendung-fruchtiger\/","name":"ELF BOX Digital 12000 Blueberry Sour Raspberry Einfache Anwendung Fruchtiger | Vapingnet.de","isPartOf":{"@id":"https:\/\/vapingnet.de\/#website"},"primaryImageOfPage":{"@id":"https:\/\/vapingnet.de\/vape\/elf-box-digital-12000-blueberry-sour-raspberry-einfache-anwendung-fruchtiger\/#primaryimage"},"image":{"@id":"https:\/\/vapingnet.de\/vape\/elf-box-digital-12000-blueberry-sour-raspberry-einfache-anwendung-fruchtiger\/#primaryimage"},"thumbnailUrl":"https:\/\/vapingnet.de\/wp-content\/uploads\/2025\/04\/Blueberry-Sour-Raspberry.webp","datePublished":"2025-04-15T06:37:12+00:00","dateModified":"2025-06-19T03:42:58+00:00","description":"Entdecke ELF BOX Digital 12000 Blueberry Sour Raspberry Einfache Anwendung Fruchtiger bei vapingnet.de, \u25ba Gro\u00dfe Auswahl an Geschmacksrichtungen & super g\u00fcnstig!","breadcrumb":{"@id":"https:\/\/vapingnet.de\/vape\/elf-box-digital-12000-blueberry-sour-raspberry-einfache-anwendung-fruchtiger\/#breadcrumb"},"inLanguage":"pl-PL","potentialAction":[{"@type":"ReadAction","target":["https:\/\/vapingnet.de\/vape\/elf-box-digital-12000-blueberry-sour-raspberry-einfache-anwendung-fruchtiger\/"]}]},{"@type":"ImageObject","inLanguage":"pl-PL","@id":"https:\/\/vapingnet.de\/vape\/elf-box-digital-12000-blueberry-sour-raspberry-einfache-anwendung-fruchtiger\/#primaryimage","url":"https:\/\/vapingnet.de\/wp-content\/uploads\/2025\/04\/Blueberry-Sour-Raspberry.webp","contentUrl":"https:\/\/vapingnet.de\/wp-content\/uploads\/2025\/04\/Blueberry-Sour-Raspberry.webp","width":1000,"height":1000},{"@type":"BreadcrumbList","@id":"https:\/\/vapingnet.de\/vape\/elf-box-digital-12000-blueberry-sour-raspberry-einfache-anwendung-fruchtiger\/#breadcrumb","itemListElement":[{"@type":"ListItem","position":1,"name":"Home","item":"https:\/\/vapingnet.de\/"},{"@type":"ListItem","position":2,"name":"Shop","item":"https:\/\/vapingnet.de\/vape\/"},{"@type":"ListItem","position":3,"name":"ELF BOX Digital 12000 Blueberry Sour Raspberry Einfache Anwendung Fruchtiger"}]},{"@type":"WebSite","@id":"https:\/\/vapingnet.de\/#website","url":"https:\/\/vapingnet.de\/","name":"Vapingnet.de","description":"","publisher":{"@id":"https:\/\/vapingnet.de\/#organization"},"potentialAction":[{"@type":"SearchAction","target":{"@type":"EntryPoint","urlTemplate":"https:\/\/vapingnet.de\/?s={search_term_string}"},"query-input":{"@type":"PropertyValueSpecification","valueRequired":true,"valueName":"search_term_string"}}],"inLanguage":"pl-PL"},{"@type":"Organization","@id":"https:\/\/vapingnet.de\/#organization","name":"Vapingnet.de","url":"https:\/\/vapingnet.de\/","logo":{"@type":"ImageObject","inLanguage":"pl-PL","@id":"https:\/\/vapingnet.de\/#\/schema\/logo\/image\/","url":"https:\/\/vapingnet.de\/wp-content\/uploads\/2025\/03\/cropped-vapingnet.de_.jpg","contentUrl":"https:\/\/vapingnet.de\/wp-content\/uploads\/2025\/03\/cropped-vapingnet.de_.jpg","width":512,"height":512,"caption":"Vapingnet.de"},"image":{"@id":"https:\/\/vapingnet.de\/#\/schema\/logo\/image\/"},"sameAs":["https:\/\/www.facebook.com\/vapingnetde\/"]}]}},"tiered_pricing_type":"fixed","tiered_pricing_fixed_rules":{"10":"7.78","60":"7.00","110":"6.22","200":"5.45"},"tiered_pricing_product_settings":{"layout":"default","base_unit_name":{"singular":null,"plural":null},"default_variation":null},"tiered_pricing_minimum_quantity":null,"tiered_pricing_roles_data":[],"tiered_pricing_percentage_rules":[],"_links":{"self":[{"href":"https:\/\/vapingnet.de\/pl\/wp-json\/wp\/v2\/product\/6360","targetHints":{"allow":["GET"]}}],"collection":[{"href":"https:\/\/vapingnet.de\/pl\/wp-json\/wp\/v2\/product"}],"about":[{"href":"https:\/\/vapingnet.de\/pl\/wp-json\/wp\/v2\/types\/product"}],"version-history":[{"count":1,"href":"https:\/\/vapingnet.de\/pl\/wp-json\/wp\/v2\/product\/6360\/revisions"}],"predecessor-version":[{"id":6372,"href":"https:\/\/vapingnet.de\/pl\/wp-json\/wp\/v2\/product\/6360\/revisions\/6372"}],"wp:featuredmedia":[{"embeddable":true,"href":"https:\/\/vapingnet.de\/pl\/wp-json\/wp\/v2\/media\/6365"}],"wp:attachment":[{"href":"https:\/\/vapingnet.de\/pl\/wp-json\/wp\/v2\/media?parent=6360"}],"wp:term":[{"taxonomy":"brand","embeddable":true,"href":"https:\/\/vapingnet.de\/pl\/wp-json\/wp\/v2\/etheme_brands?post=6360"},{"taxonomy":"product_brand","embeddable":true,"href":"https:\/\/vapingnet.de\/pl\/wp-json\/wp\/v2\/product_brand?post=6360"},{"taxonomy":"product_cat","embeddable":true,"href":"https:\/\/vapingnet.de\/pl\/wp-json\/wp\/v2\/product_cat?post=6360"},{"taxonomy":"product_tag","embeddable":true,"href":"https:\/\/vapingnet.de\/pl\/wp-json\/wp\/v2\/product_tag?post=6360"}],"curies":[{"name":"wp","href":"https:\/\/api.w.org\/{rel}","templated":true}]}}