{"id":6373,"date":"2025-04-15T07:08:52","date_gmt":"2025-04-15T07:08:52","guid":{"rendered":"https:\/\/vapingnet.de\/?post_type=product&#038;p=6373"},"modified":"2025-06-19T03:42:58","modified_gmt":"2025-06-19T03:42:58","slug":"kiwi-passion-fruit-geschmack-in-der-elf-box-digital-12000-langanhaltend","status":"publish","type":"product","link":"https:\/\/vapingnet.de\/pl\/vape\/kiwi-passion-fruit-geschmack-in-der-elf-box-digital-12000-langanhaltend\/","title":{"rendered":"Smak kiwi z marakuj\u0105 w ELF BOX Digital 12000 D\u0142ugotrwa\u0142y"},"content":{"rendered":"<p class=\"\" data-start=\"0\" data-end=\"293\" data-immersive-translate-paragraph=\"1\" data-immersive-translate-walked=\"5b668528-9596-4747-aa7d-1fbda2410136\">ELF BOX Digital 12000 oferuje wyj\u0105tkow\u0105 wydajno\u015b\u0107 i \u0142atwo\u015b\u0107 obs\u0142ugi dla palaczy, kt\u00f3rzy szukaj\u0105 trwa\u0142ej i mocnej e-papierosa. W nast\u0119pnej sekcji szczeg\u00f3\u0142owo przedstawione s\u0105 najwa\u017cniejsze cechy i korzy\u015bci tego produktu.<\/p>\n<h2 data-start=\"295\" data-end=\"342\" data-immersive-translate-walked=\"5b668528-9596-4747-aa7d-1fbda2410136\" data-immersive-translate-paragraph=\"1\">Cechy produktu ELF BOX Digital 12000<\/h2>\n<p class=\"\" data-start=\"344\" data-end=\"644\" data-immersive-translate-walked=\"5b668528-9596-4747-aa7d-1fbda2410136\" data-immersive-translate-paragraph=\"1\">1. Du\u017ca liczba zaci\u0105gni\u0119\u0107 i d\u0142ugi czas u\u017cytkowania<br data-start=\"387\" data-end=\"390\" data-immersive-translate-walked=\"5b668528-9596-4747-aa7d-1fbda2410136\" \/>Z 12 000 zaci\u0105gni\u0119ciami ELF BOX Digital 12000 zapewnia imponuj\u0105c\u0105 \u017cywotno\u015b\u0107. Czyni to j\u0105 idealn\u0105 dla regularnych palaczy, kt\u00f3rzy szukaj\u0105 e-papierosa, kt\u00f3ry zapewni im d\u0142ug\u0105 rado\u015b\u0107 bez konieczno\u015bci cz\u0119stego uzupe\u0142niania lub wymiany.<\/p>\n<p class=\"\" data-start=\"646\" data-end=\"921\" data-immersive-translate-walked=\"5b668528-9596-4747-aa7d-1fbda2410136\" data-immersive-translate-paragraph=\"1\">2. Technologia Mesh Coil<br data-start=\"674\" data-end=\"677\" data-immersive-translate-walked=\"5b668528-9596-4747-aa7d-1fbda2410136\" \/>0,8 Ohm Mesh-Coil zapewnia r\u00f3wnomierne podgrzewanie p\u0142ynu, co prowadzi do lepszego smaku i bardziej intensywnej produkcji pary. Ta technologia gwarantuje, \u017ce ka\u017cda inhalacja b\u0119dzie przyjemnym do\u015bwiadczeniem.<\/p>\n<p class=\"\" data-start=\"923\" data-end=\"1178\" data-immersive-translate-walked=\"5b668528-9596-4747-aa7d-1fbda2410136\" data-immersive-translate-paragraph=\"1\">3. Du\u017ca pojemno\u015b\u0107 e-liquid<br data-start=\"958\" data-end=\"961\" data-immersive-translate-walked=\"5b668528-9596-4747-aa7d-1fbda2410136\" \/>Z pojemno\u015bci\u0105 nape\u0142niania 25 ml e-liquid, mniej si\u0119 martwisz o uzupe\u0142nianie, co znacznie zwi\u0119ksza komfort. Zapewnia wystarczaj\u0105c\u0105 ilo\u015b\u0107 p\u0142ynu na ca\u0142y okres u\u017cytkowania e-papierosa.<\/p>\n<h4 data-start=\"1180\" data-end=\"1225\" data-immersive-translate-walked=\"5b668528-9596-4747-aa7d-1fbda2410136\" data-immersive-translate-paragraph=\"1\">Opcje nikotyny i personalizacji<\/h4>\n<p class=\"\" data-start=\"1227\" data-end=\"1460\" data-immersive-translate-walked=\"5b668528-9596-4747-aa7d-1fbda2410136\" data-immersive-translate-paragraph=\"1\">1. R\u00f3\u017cne st\u0119\u017cenia nikotyny<br data-start=\"1261\" data-end=\"1264\" data-immersive-translate-walked=\"5b668528-9596-4747-aa7d-1fbda2410136\" \/>ELF BOX Digital 12000 oferuje cztery st\u0119\u017cenia nikotyny do wyboru: 0%, 2%, 3% i 5%. Dzi\u0119ki temu mo\u017cesz wybra\u0107 moc zgodnie z w\u0142asnymi preferencjami i dostosowa\u0107 do\u015bwiadczenie palenia.<\/p>\n<h4 data-start=\"1462\" data-end=\"1506\" data-immersive-translate-walked=\"5b668528-9596-4747-aa7d-1fbda2410136\" data-immersive-translate-paragraph=\"1\">Cechy technologiczne i opcje \u0142adowania<\/h4>\n<p class=\"\" data-start=\"1508\" data-end=\"1798\" data-immersive-translate-walked=\"5b668528-9596-4747-aa7d-1fbda2410136\" data-immersive-translate-paragraph=\"1\">1. Akumulator i opcja \u0142adowania<br data-start=\"1534\" data-end=\"1537\" data-immersive-translate-walked=\"5b668528-9596-4747-aa7d-1fbda2410136\" \/>Bateria o pojemno\u015bci 500 mAh w ELF BOX Digital 12000 zapewnia niezawodn\u0105 wydajno\u015b\u0107. Gdy akumulator si\u0119 wyczerpie, mo\u017cna go szybko na\u0142adowa\u0107 za pomoc\u0105 nowoczesnego portu USB-C, dzi\u0119ki czemu nigdy nie musisz d\u0142ugo czeka\u0107 na kolejne palenie.<\/p>\n<p class=\"\" data-start=\"1800\" data-end=\"2030\" data-immersive-translate-walked=\"5b668528-9596-4747-aa7d-1fbda2410136\" data-immersive-translate-paragraph=\"1\">2. Wy\u015bwietlacz cyfrowy<br data-start=\"1823\" data-end=\"1826\" data-immersive-translate-walked=\"5b668528-9596-4747-aa7d-1fbda2410136\" \/>Dzi\u0119ki wy\u015bwietlaczowi cyfrowemu masz zawsze pod kontrol\u0105 poziom p\u0142ynu i stan na\u0142adowania akumulatora. Pomaga to wybra\u0107 idealny moment na \u0142adowanie lub uzupe\u0142nienie.<\/p>\n<h4 data-start=\"2032\" data-end=\"2080\" data-immersive-translate-walked=\"5b668528-9596-4747-aa7d-1fbda2410136\" data-immersive-translate-paragraph=\"1\">Do\u015bwiadczenie smakowe ELF BOX Digital 12000<\/h4>\n<p class=\"\" data-start=\"2082\" data-end=\"2394\" data-immersive-translate-walked=\"5b668528-9596-4747-aa7d-1fbda2410136\" data-immersive-translate-paragraph=\"1\">Smak: Jagoda, kwa\u015bna malina<br data-start=\"2125\" data-end=\"2128\" data-immersive-translate-walked=\"5b668528-9596-4747-aa7d-1fbda2410136\" \/>Dzi\u0119ki orze\u017awiaj\u0105cemu, owocowemu smakowi Jagoda, kwa\u015bna malina, ELF BOX Digital 12000 oferuje intensywne doznania smakowe. Po\u0142\u0105czenie s\u0142odkich jag\u00f3d i kwasowo\u015bci malin zapewnia zr\u00f3wnowa\u017cone i orze\u017awiaj\u0105ce do\u015bwiadczenie palenia.<\/p>\n<h3>Zalety ELF BOX Digital 12000<\/h3>\n<ul data-start=\"2436\" data-end=\"2865\" data-immersive-translate-walked=\"5b668528-9596-4747-aa7d-1fbda2410136\">\n<li class=\"\" data-start=\"2436\" data-end=\"2515\" data-immersive-translate-walked=\"5b668528-9596-4747-aa7d-1fbda2410136\">\n<p class=\"\" data-start=\"2438\" data-end=\"2515\" data-immersive-translate-walked=\"5b668528-9596-4747-aa7d-1fbda2410136\" data-immersive-translate-paragraph=\"1\">D\u0142uga \u017cywotno\u015b\u0107 i du\u017ca liczba zaci\u0105gni\u0119\u0107: 12 000 zaci\u0105gni\u0119\u0107 dla d\u0142ugotrwa\u0142ej przyjemno\u015bci<\/p>\n<\/li>\n<li class=\"\" data-start=\"2516\" data-end=\"2611\" data-immersive-translate-walked=\"5b668528-9596-4747-aa7d-1fbda2410136\">\n<p class=\"\" data-start=\"2518\" data-end=\"2611\" data-immersive-translate-walked=\"5b668528-9596-4747-aa7d-1fbda2410136\" data-immersive-translate-paragraph=\"1\">Najnowocze\u015bniejsza technologia: Mesh-Coil i cyfrowy wy\u015bwietlacz dla lepszego do\u015bwiadczenia palenia<\/p>\n<\/li>\n<li class=\"\" data-start=\"2612\" data-end=\"2684\" data-immersive-translate-walked=\"5b668528-9596-4747-aa7d-1fbda2410136\">\n<p class=\"\" data-start=\"2614\" data-end=\"2684\" data-immersive-translate-walked=\"5b668528-9596-4747-aa7d-1fbda2410136\" data-immersive-translate-paragraph=\"1\">Elastyczne poziomy nikotyny: Wybierz poziom, kt\u00f3ry Ci odpowiada<\/p>\n<\/li>\n<li class=\"\" data-start=\"2685\" data-end=\"2739\" data-immersive-translate-walked=\"5b668528-9596-4747-aa7d-1fbda2410136\">\n<p class=\"\" data-start=\"2687\" data-end=\"2739\" data-immersive-translate-walked=\"5b668528-9596-4747-aa7d-1fbda2410136\" data-immersive-translate-paragraph=\"1\">Praktyczna \u0142adowarka: USB-C do szybkiego \u0142adowania<\/p>\n<\/li>\n<li class=\"\" data-start=\"2740\" data-end=\"2789\" data-immersive-translate-walked=\"5b668528-9596-4747-aa7d-1fbda2410136\">\n<p class=\"\" data-start=\"2742\" data-end=\"2789\" data-immersive-translate-walked=\"5b668528-9596-4747-aa7d-1fbda2410136\" data-immersive-translate-paragraph=\"1\">Bez c\u0142a: Idealne do mi\u0119dzynarodowej wysy\u0142ki<\/p>\n<\/li>\n<li class=\"\" data-start=\"2790\" data-end=\"2865\" data-immersive-translate-walked=\"5b668528-9596-4747-aa7d-1fbda2410136\">\n<p class=\"\" data-start=\"2792\" data-end=\"2865\" data-immersive-translate-walked=\"5b668528-9596-4747-aa7d-1fbda2410136\" data-immersive-translate-paragraph=\"1\">Waga: Zaledwie 82 g, lekka i wygodna w transporcie<\/p>\n<\/li>\n<\/ul>\n<h4 data-start=\"2867\" data-end=\"2898\" data-immersive-translate-walked=\"5b668528-9596-4747-aa7d-1fbda2410136\" data-immersive-translate-paragraph=\"1\">Dostawa i dost\u0119pno\u015b\u0107<\/h4>\n<p class=\"\" data-start=\"2900\" data-end=\"3124\" data-immersive-translate-walked=\"5b668528-9596-4747-aa7d-1fbda2410136\" data-immersive-translate-paragraph=\"1\">1. Szczeg\u00f3\u0142y wysy\u0142ki<br data-start=\"2921\" data-end=\"2924\" data-immersive-translate-walked=\"5b668528-9596-4747-aa7d-1fbda2410136\" \/>ELF BOX Digital 12000 jest dostarczana bezpo\u015brednio do domu w ci\u0105gu 7-15 dni roboczych. Dzi\u0119ki bezc\u0142owej wysy\u0142ce klienci na ca\u0142ym \u015bwiecie mog\u0105 korzysta\u0107 z tego produktu.<\/p>\n<p class=\"\" data-start=\"3126\" data-end=\"3268\" data-immersive-translate-walked=\"5b668528-9596-4747-aa7d-1fbda2410136\" data-immersive-translate-paragraph=\"1\">2. Gdzie mo\u017cna j\u0105 kupi\u0107?<br data-start=\"3156\" data-end=\"3159\" data-immersive-translate-walked=\"5b668528-9596-4747-aa7d-1fbda2410136\" \/>Odwied\u017a vapingnet.de, aby zam\u00f3wi\u0107 ELF BOX Digital 12000 i poprawi\u0107 swoje do\u015bwiadczenie palenia.<\/p>\n<p class=\"\" data-start=\"3281\" data-end=\"3725\" data-immersive-translate-walked=\"5b668528-9596-4747-aa7d-1fbda2410136\" data-immersive-translate-paragraph=\"1\">ELF BOX Digital 12000 to doskona\u0142y wyb\u00f3r dla wszystkich palaczy, kt\u00f3rzy szukaj\u0105 wydajnego, przyjaznego dla u\u017cytkownika i trwa\u0142ego e-papierosa. Z d\u0142ug\u0105 \u017cywotno\u015bci\u0105, innowacyjn\u0105 technologi\u0105 i szerokim wyborem poziom\u00f3w nikotyny, jest idealnym towarzyszem na co dzie\u0144. Je\u015bli chcesz cieszy\u0107 si\u0119 intensywnym, \u015bwie\u017cym doznaniem smakowym, ten model jest dla Ciebie.<\/p>","protected":false},"excerpt":{"rendered":"<p>Die ELF BOX Digital 12000 bietet eine herausragende Leistung und Benutzerfreundlichkeit f\u00fcr Dampfer, die auf der Suche nach einer langlebigen und leistungsstarken E-Zigarette sind. Im&#8230;<\/p>","protected":false},"featured_media":6374,"template":"","meta":[],"etheme_brands":[],"product_brand":[100],"product_cat":[88,49,61],"product_tag":[],"class_list":{"0":"post-6373","1":"product","2":"type-product","3":"status-publish","4":"has-post-thumbnail","6":"product_brand-elf-box-vape","7":"product_cat-12k-vape","8":"product_cat-einweg-e-zigarette","9":"product_cat-f","11":"first","12":"instock","13":"shipping-taxable","14":"purchasable","15":"product-type-simple"},"yoast_head":"<!-- This site is optimized with the Yoast SEO plugin v26.5 - https:\/\/yoast.com\/wordpress\/plugins\/seo\/ -->\n<title>Kiwi Passion Fruit Geschmack In Der ELF BOX Digital 12000 Langanhaltend | Vapingnet.de<\/title>\n<meta name=\"description\" content=\"Entdecke Kiwi Passion Fruit Geschmack In Der ELF BOX Digital 12000 Langanhaltend bei vapingnet.de, \u25ba Gro\u00dfe Auswahl an Geschmacksrichtungen &amp; super g\u00fcnstig!\" \/>\n<meta name=\"robots\" content=\"index, follow, max-snippet:-1, max-image-preview:large, max-video-preview:-1\" \/>\n<link rel=\"canonical\" href=\"https:\/\/vapingnet.de\/pl\/vape\/kiwi-passion-fruit-geschmack-in-der-elf-box-digital-12000-langanhaltend\/\" \/>\n<meta property=\"og:locale\" content=\"pl_PL\" \/>\n<meta property=\"og:type\" content=\"article\" \/>\n<meta property=\"og:title\" content=\"Kiwi Passion Fruit Geschmack In Der ELF BOX Digital 12000 Langanhaltend | Vapingnet.de\" \/>\n<meta property=\"og:description\" content=\"Entdecke Kiwi Passion Fruit Geschmack In Der ELF BOX Digital 12000 Langanhaltend bei vapingnet.de, \u25ba Gro\u00dfe Auswahl an Geschmacksrichtungen &amp; super g\u00fcnstig!\" \/>\n<meta property=\"og:url\" content=\"https:\/\/vapingnet.de\/pl\/vape\/kiwi-passion-fruit-geschmack-in-der-elf-box-digital-12000-langanhaltend\/\" \/>\n<meta property=\"og:site_name\" content=\"Vapingnet.de\" \/>\n<meta property=\"article:publisher\" content=\"https:\/\/www.facebook.com\/vapingnetde\/\" \/>\n<meta property=\"article:modified_time\" content=\"2025-06-19T03:42:58+00:00\" \/>\n<meta property=\"og:image\" content=\"https:\/\/vapingnet.de\/wp-content\/uploads\/2025\/04\/Kiwi-Passion-Fruit-1.webp\" \/>\n\t<meta property=\"og:image:width\" content=\"1000\" \/>\n\t<meta property=\"og:image:height\" content=\"1000\" \/>\n\t<meta property=\"og:image:type\" content=\"image\/webp\" \/>\n<meta name=\"twitter:card\" content=\"summary_large_image\" \/>\n<meta name=\"twitter:label1\" content=\"Est. reading time\" \/>\n\t<meta name=\"twitter:data1\" content=\"3 minutes\" \/>\n<script type=\"application\/ld+json\" class=\"yoast-schema-graph\">{\"@context\":\"https:\/\/schema.org\",\"@graph\":[{\"@type\":\"WebPage\",\"@id\":\"https:\/\/vapingnet.de\/vape\/kiwi-passion-fruit-geschmack-in-der-elf-box-digital-12000-langanhaltend\/\",\"url\":\"https:\/\/vapingnet.de\/vape\/kiwi-passion-fruit-geschmack-in-der-elf-box-digital-12000-langanhaltend\/\",\"name\":\"Kiwi Passion Fruit Geschmack In Der ELF BOX Digital 12000 Langanhaltend | Vapingnet.de\",\"isPartOf\":{\"@id\":\"https:\/\/vapingnet.de\/#website\"},\"primaryImageOfPage\":{\"@id\":\"https:\/\/vapingnet.de\/vape\/kiwi-passion-fruit-geschmack-in-der-elf-box-digital-12000-langanhaltend\/#primaryimage\"},\"image\":{\"@id\":\"https:\/\/vapingnet.de\/vape\/kiwi-passion-fruit-geschmack-in-der-elf-box-digital-12000-langanhaltend\/#primaryimage\"},\"thumbnailUrl\":\"https:\/\/vapingnet.de\/wp-content\/uploads\/2025\/04\/Kiwi-Passion-Fruit-1.webp\",\"datePublished\":\"2025-04-15T07:08:52+00:00\",\"dateModified\":\"2025-06-19T03:42:58+00:00\",\"description\":\"Entdecke Kiwi Passion Fruit Geschmack In Der ELF BOX Digital 12000 Langanhaltend bei vapingnet.de, \u25ba Gro\u00dfe Auswahl an Geschmacksrichtungen & super g\u00fcnstig!\",\"breadcrumb\":{\"@id\":\"https:\/\/vapingnet.de\/vape\/kiwi-passion-fruit-geschmack-in-der-elf-box-digital-12000-langanhaltend\/#breadcrumb\"},\"inLanguage\":\"pl-PL\",\"potentialAction\":[{\"@type\":\"ReadAction\",\"target\":[\"https:\/\/vapingnet.de\/vape\/kiwi-passion-fruit-geschmack-in-der-elf-box-digital-12000-langanhaltend\/\"]}]},{\"@type\":\"ImageObject\",\"inLanguage\":\"pl-PL\",\"@id\":\"https:\/\/vapingnet.de\/vape\/kiwi-passion-fruit-geschmack-in-der-elf-box-digital-12000-langanhaltend\/#primaryimage\",\"url\":\"https:\/\/vapingnet.de\/wp-content\/uploads\/2025\/04\/Kiwi-Passion-Fruit-1.webp\",\"contentUrl\":\"https:\/\/vapingnet.de\/wp-content\/uploads\/2025\/04\/Kiwi-Passion-Fruit-1.webp\",\"width\":1000,\"height\":1000},{\"@type\":\"BreadcrumbList\",\"@id\":\"https:\/\/vapingnet.de\/vape\/kiwi-passion-fruit-geschmack-in-der-elf-box-digital-12000-langanhaltend\/#breadcrumb\",\"itemListElement\":[{\"@type\":\"ListItem\",\"position\":1,\"name\":\"Home\",\"item\":\"https:\/\/vapingnet.de\/\"},{\"@type\":\"ListItem\",\"position\":2,\"name\":\"Shop\",\"item\":\"https:\/\/vapingnet.de\/vape\/\"},{\"@type\":\"ListItem\",\"position\":3,\"name\":\"Kiwi Passion Fruit Geschmack In Der ELF BOX Digital 12000 Langanhaltend\"}]},{\"@type\":\"WebSite\",\"@id\":\"https:\/\/vapingnet.de\/#website\",\"url\":\"https:\/\/vapingnet.de\/\",\"name\":\"Vapingnet.de\",\"description\":\"\",\"publisher\":{\"@id\":\"https:\/\/vapingnet.de\/#organization\"},\"potentialAction\":[{\"@type\":\"SearchAction\",\"target\":{\"@type\":\"EntryPoint\",\"urlTemplate\":\"https:\/\/vapingnet.de\/?s={search_term_string}\"},\"query-input\":{\"@type\":\"PropertyValueSpecification\",\"valueRequired\":true,\"valueName\":\"search_term_string\"}}],\"inLanguage\":\"pl-PL\"},{\"@type\":\"Organization\",\"@id\":\"https:\/\/vapingnet.de\/#organization\",\"name\":\"Vapingnet.de\",\"url\":\"https:\/\/vapingnet.de\/\",\"logo\":{\"@type\":\"ImageObject\",\"inLanguage\":\"pl-PL\",\"@id\":\"https:\/\/vapingnet.de\/#\/schema\/logo\/image\/\",\"url\":\"https:\/\/vapingnet.de\/wp-content\/uploads\/2025\/03\/cropped-vapingnet.de_.jpg\",\"contentUrl\":\"https:\/\/vapingnet.de\/wp-content\/uploads\/2025\/03\/cropped-vapingnet.de_.jpg\",\"width\":512,\"height\":512,\"caption\":\"Vapingnet.de\"},\"image\":{\"@id\":\"https:\/\/vapingnet.de\/#\/schema\/logo\/image\/\"},\"sameAs\":[\"https:\/\/www.facebook.com\/vapingnetde\/\"]}]}<\/script>\n<!-- \/ Yoast SEO plugin. -->","yoast_head_json":{"title":"Kiwi Passion Fruit Geschmack In Der ELF BOX Digital 12000 Langanhaltend | Vapingnet.de","description":"Entdecke Kiwi Passion Fruit Geschmack In Der ELF BOX Digital 12000 Langanhaltend bei vapingnet.de, \u25ba Gro\u00dfe Auswahl an Geschmacksrichtungen & super g\u00fcnstig!","robots":{"index":"index","follow":"follow","max-snippet":"max-snippet:-1","max-image-preview":"max-image-preview:large","max-video-preview":"max-video-preview:-1"},"canonical":"https:\/\/vapingnet.de\/pl\/vape\/kiwi-passion-fruit-geschmack-in-der-elf-box-digital-12000-langanhaltend\/","og_locale":"pl_PL","og_type":"article","og_title":"Kiwi Passion Fruit Geschmack In Der ELF BOX Digital 12000 Langanhaltend | Vapingnet.de","og_description":"Entdecke Kiwi Passion Fruit Geschmack In Der ELF BOX Digital 12000 Langanhaltend bei vapingnet.de, \u25ba Gro\u00dfe Auswahl an Geschmacksrichtungen & super g\u00fcnstig!","og_url":"https:\/\/vapingnet.de\/pl\/vape\/kiwi-passion-fruit-geschmack-in-der-elf-box-digital-12000-langanhaltend\/","og_site_name":"Vapingnet.de","article_publisher":"https:\/\/www.facebook.com\/vapingnetde\/","article_modified_time":"2025-06-19T03:42:58+00:00","og_image":[{"width":1000,"height":1000,"url":"https:\/\/vapingnet.de\/wp-content\/uploads\/2025\/04\/Kiwi-Passion-Fruit-1.webp","type":"image\/webp"}],"twitter_card":"summary_large_image","twitter_misc":{"Est. reading time":"3 minutes"},"schema":{"@context":"https:\/\/schema.org","@graph":[{"@type":"WebPage","@id":"https:\/\/vapingnet.de\/vape\/kiwi-passion-fruit-geschmack-in-der-elf-box-digital-12000-langanhaltend\/","url":"https:\/\/vapingnet.de\/vape\/kiwi-passion-fruit-geschmack-in-der-elf-box-digital-12000-langanhaltend\/","name":"Kiwi Passion Fruit Geschmack In Der ELF BOX Digital 12000 Langanhaltend | Vapingnet.de","isPartOf":{"@id":"https:\/\/vapingnet.de\/#website"},"primaryImageOfPage":{"@id":"https:\/\/vapingnet.de\/vape\/kiwi-passion-fruit-geschmack-in-der-elf-box-digital-12000-langanhaltend\/#primaryimage"},"image":{"@id":"https:\/\/vapingnet.de\/vape\/kiwi-passion-fruit-geschmack-in-der-elf-box-digital-12000-langanhaltend\/#primaryimage"},"thumbnailUrl":"https:\/\/vapingnet.de\/wp-content\/uploads\/2025\/04\/Kiwi-Passion-Fruit-1.webp","datePublished":"2025-04-15T07:08:52+00:00","dateModified":"2025-06-19T03:42:58+00:00","description":"Entdecke Kiwi Passion Fruit Geschmack In Der ELF BOX Digital 12000 Langanhaltend bei vapingnet.de, \u25ba Gro\u00dfe Auswahl an Geschmacksrichtungen & super g\u00fcnstig!","breadcrumb":{"@id":"https:\/\/vapingnet.de\/vape\/kiwi-passion-fruit-geschmack-in-der-elf-box-digital-12000-langanhaltend\/#breadcrumb"},"inLanguage":"pl-PL","potentialAction":[{"@type":"ReadAction","target":["https:\/\/vapingnet.de\/vape\/kiwi-passion-fruit-geschmack-in-der-elf-box-digital-12000-langanhaltend\/"]}]},{"@type":"ImageObject","inLanguage":"pl-PL","@id":"https:\/\/vapingnet.de\/vape\/kiwi-passion-fruit-geschmack-in-der-elf-box-digital-12000-langanhaltend\/#primaryimage","url":"https:\/\/vapingnet.de\/wp-content\/uploads\/2025\/04\/Kiwi-Passion-Fruit-1.webp","contentUrl":"https:\/\/vapingnet.de\/wp-content\/uploads\/2025\/04\/Kiwi-Passion-Fruit-1.webp","width":1000,"height":1000},{"@type":"BreadcrumbList","@id":"https:\/\/vapingnet.de\/vape\/kiwi-passion-fruit-geschmack-in-der-elf-box-digital-12000-langanhaltend\/#breadcrumb","itemListElement":[{"@type":"ListItem","position":1,"name":"Home","item":"https:\/\/vapingnet.de\/"},{"@type":"ListItem","position":2,"name":"Shop","item":"https:\/\/vapingnet.de\/vape\/"},{"@type":"ListItem","position":3,"name":"Kiwi Passion Fruit Geschmack In Der ELF BOX Digital 12000 Langanhaltend"}]},{"@type":"WebSite","@id":"https:\/\/vapingnet.de\/#website","url":"https:\/\/vapingnet.de\/","name":"Vapingnet.de","description":"","publisher":{"@id":"https:\/\/vapingnet.de\/#organization"},"potentialAction":[{"@type":"SearchAction","target":{"@type":"EntryPoint","urlTemplate":"https:\/\/vapingnet.de\/?s={search_term_string}"},"query-input":{"@type":"PropertyValueSpecification","valueRequired":true,"valueName":"search_term_string"}}],"inLanguage":"pl-PL"},{"@type":"Organization","@id":"https:\/\/vapingnet.de\/#organization","name":"Vapingnet.de","url":"https:\/\/vapingnet.de\/","logo":{"@type":"ImageObject","inLanguage":"pl-PL","@id":"https:\/\/vapingnet.de\/#\/schema\/logo\/image\/","url":"https:\/\/vapingnet.de\/wp-content\/uploads\/2025\/03\/cropped-vapingnet.de_.jpg","contentUrl":"https:\/\/vapingnet.de\/wp-content\/uploads\/2025\/03\/cropped-vapingnet.de_.jpg","width":512,"height":512,"caption":"Vapingnet.de"},"image":{"@id":"https:\/\/vapingnet.de\/#\/schema\/logo\/image\/"},"sameAs":["https:\/\/www.facebook.com\/vapingnetde\/"]}]}},"tiered_pricing_type":"fixed","tiered_pricing_fixed_rules":{"10":"7.78","60":"7.00","110":"6.22","200":"5.45"},"tiered_pricing_product_settings":{"layout":"default","base_unit_name":{"singular":null,"plural":null},"default_variation":null},"tiered_pricing_minimum_quantity":null,"tiered_pricing_roles_data":[],"tiered_pricing_percentage_rules":[],"_links":{"self":[{"href":"https:\/\/vapingnet.de\/pl\/wp-json\/wp\/v2\/product\/6373","targetHints":{"allow":["GET"]}}],"collection":[{"href":"https:\/\/vapingnet.de\/pl\/wp-json\/wp\/v2\/product"}],"about":[{"href":"https:\/\/vapingnet.de\/pl\/wp-json\/wp\/v2\/types\/product"}],"version-history":[{"count":3,"href":"https:\/\/vapingnet.de\/pl\/wp-json\/wp\/v2\/product\/6373\/revisions"}],"predecessor-version":[{"id":6387,"href":"https:\/\/vapingnet.de\/pl\/wp-json\/wp\/v2\/product\/6373\/revisions\/6387"}],"wp:featuredmedia":[{"embeddable":true,"href":"https:\/\/vapingnet.de\/pl\/wp-json\/wp\/v2\/media\/6374"}],"wp:attachment":[{"href":"https:\/\/vapingnet.de\/pl\/wp-json\/wp\/v2\/media?parent=6373"}],"wp:term":[{"taxonomy":"brand","embeddable":true,"href":"https:\/\/vapingnet.de\/pl\/wp-json\/wp\/v2\/etheme_brands?post=6373"},{"taxonomy":"product_brand","embeddable":true,"href":"https:\/\/vapingnet.de\/pl\/wp-json\/wp\/v2\/product_brand?post=6373"},{"taxonomy":"product_cat","embeddable":true,"href":"https:\/\/vapingnet.de\/pl\/wp-json\/wp\/v2\/product_cat?post=6373"},{"taxonomy":"product_tag","embeddable":true,"href":"https:\/\/vapingnet.de\/pl\/wp-json\/wp\/v2\/product_tag?post=6373"}],"curies":[{"name":"wp","href":"https:\/\/api.w.org\/{rel}","templated":true}]}}