{"id":6376,"date":"2025-04-15T07:11:28","date_gmt":"2025-04-15T07:11:28","guid":{"rendered":"https:\/\/vapingnet.de\/?post_type=product&#038;p=6376"},"modified":"2025-06-19T03:42:57","modified_gmt":"2025-06-19T03:42:57","slug":"double-apple-geschmack-mit-elf-box-digital-12000-globale-beststeller","status":"publish","type":"product","link":"https:\/\/vapingnet.de\/pl\/vape\/double-apple-geschmack-mit-elf-box-digital-12000-globale-beststeller\/","title":{"rendered":"Smak Double Apple z ELF BOX Digital 12000, globalny bestseller"},"content":{"rendered":"<h2 data-start=\"0\" data-end=\"62\" data-immersive-translate-walked=\"c46dbc58-1a98-428d-b62b-ec891b96e74f\">ELF BOX Digital 12000 \u2013 Twoja ostateczna jednorazowa e-papieros<\/h2>\n<p class=\"\" data-start=\"64\" data-end=\"391\" data-immersive-translate-walked=\"c46dbc58-1a98-428d-b62b-ec891b96e74f\" data-immersive-translate-paragraph=\"1\">ELF BOX Digital 12000 oferuje niezwyk\u0142e doznania podczas palenia dla wszystkich, kt\u00f3rzy szukaj\u0105 niezawodnego, trwa\u0142ego i przyjaznego u\u017cytkownikowi jednorazowego e-papierosa. Z du\u017c\u0105 liczb\u0105 zaci\u0105gni\u0119\u0107, najnowocze\u015bniejsz\u0105 technologi\u0105 i intensywnymi aromatami jest doskona\u0142ym wyborem dla palaczy na ka\u017cdym poziomie zaawansowania.<\/p>\n<h4 data-start=\"393\" data-end=\"421\" data-immersive-translate-walked=\"c46dbc58-1a98-428d-b62b-ec891b96e74f\" data-immersive-translate-paragraph=\"1\">Wa\u017cne cechy produktu<\/h4>\n<ul data-start=\"423\" data-end=\"1172\">\n<li class=\"\" data-start=\"423\" data-end=\"505\">\n<p class=\"\" data-start=\"425\" data-end=\"505\" data-immersive-translate-walked=\"c46dbc58-1a98-428d-b62b-ec891b96e74f\" data-immersive-translate-paragraph=\"1\">Zaci\u0105gni\u0119cia: 12 000 zaci\u0105gni\u0119\u0107 \u2013 na d\u0142ugotrwa\u0142e u\u017cytkowanie bez cz\u0119stego uzupe\u0142niania<\/p>\n<\/li>\n<li class=\"\" data-start=\"506\" data-end=\"593\">\n<p class=\"\" data-start=\"508\" data-end=\"593\" data-immersive-translate-walked=\"c46dbc58-1a98-428d-b62b-ec891b96e74f\" data-immersive-translate-paragraph=\"1\">Grza\u0142ka: Mesh Coil (0,8 Ohm) \u2013 dla r\u00f3wnomiernego odparowania i intensywnego smaku<\/p>\n<\/li>\n<li class=\"\" data-start=\"594\" data-end=\"659\">\n<p class=\"\" data-start=\"596\" data-end=\"659\" data-immersive-translate-walked=\"c46dbc58-1a98-428d-b62b-ec891b96e74f\" data-immersive-translate-paragraph=\"1\">E-liquid: 25 ml \u2013 wystarczaj\u0105co na d\u0142ugotrwa\u0142e u\u017cytkowanie<\/p>\n<\/li>\n<li class=\"\" data-start=\"660\" data-end=\"748\">\n<p class=\"\" data-start=\"662\" data-end=\"748\" data-immersive-translate-walked=\"c46dbc58-1a98-428d-b62b-ec891b96e74f\" data-immersive-translate-paragraph=\"1\">Nikotyna: dost\u0119pna w wersjach 0%, 2%, 3% i 5% \u2013 dla indywidualnych preferencji palenia<\/p>\n<\/li>\n<li class=\"\" data-start=\"749\" data-end=\"839\">\n<p class=\"\" data-start=\"751\" data-end=\"839\" data-immersive-translate-walked=\"c46dbc58-1a98-428d-b62b-ec891b96e74f\" data-immersive-translate-paragraph=\"1\">Akumulator: 500 mAh \u2013 zapewnia d\u0142ug\u0105 \u017cywotno\u015b\u0107 i niezawodne doznania podczas palenia<\/p>\n<\/li>\n<li class=\"\" data-start=\"840\" data-end=\"917\">\n<p class=\"\" data-start=\"842\" data-end=\"917\" data-immersive-translate-walked=\"c46dbc58-1a98-428d-b62b-ec891b96e74f\" data-immersive-translate-paragraph=\"1\">Technologia \u0142adowania: USB-C \u2013 dla szybkiego \u0142adowania i \u0142atwej obs\u0142ugi<\/p>\n<\/li>\n<li class=\"\" data-start=\"918\" data-end=\"1035\">\n<p class=\"\" data-start=\"920\" data-end=\"1035\" data-immersive-translate-walked=\"c46dbc58-1a98-428d-b62b-ec891b96e74f\" data-immersive-translate-paragraph=\"1\">Wy\u015bwietlacz cyfrowy: pokazuje poziom na\u0142adowania akumulatora i poziom p\u0142ynu \u2013 zawsze na bie\u017c\u0105co z aktualnym stanem<\/p>\n<\/li>\n<li class=\"\" data-start=\"1036\" data-end=\"1084\">\n<p class=\"\" data-start=\"1038\" data-end=\"1084\" data-immersive-translate-walked=\"c46dbc58-1a98-428d-b62b-ec891b96e74f\" data-immersive-translate-paragraph=\"1\">Waga produktu: 82 g \u2013 lekki i por\u0119czny<\/p>\n<\/li>\n<li class=\"\" data-start=\"1085\" data-end=\"1172\">\n<p class=\"\" data-start=\"1087\" data-end=\"1172\" data-immersive-translate-walked=\"c46dbc58-1a98-428d-b62b-ec891b96e74f\" data-immersive-translate-paragraph=\"1\">Smak: Double Apple \u2013 owocowa rozkosz, kt\u00f3ra zachwyca przy ka\u017cdym zaci\u0105gni\u0119ciu<\/p>\n<\/li>\n<\/ul>\n<h3>Zalety ELF BOX Digital 12000<\/h3>\n<ul data-start=\"1214\" data-end=\"1808\">\n<li class=\"\" data-start=\"1214\" data-end=\"1378\">\n<p class=\"\" data-start=\"1216\" data-end=\"1378\" data-immersive-translate-walked=\"c46dbc58-1a98-428d-b62b-ec891b96e74f\" data-immersive-translate-paragraph=\"1\">Trwa\u0142o\u015b\u0107: Z 12 000 zaci\u0105gni\u0119ciami ELF BOX Digital 12000 jest idealny do codziennego u\u017cytku i zapewnia d\u0142ug\u0105 \u017cywotno\u015b\u0107 bez konieczno\u015bci cz\u0119stego uzupe\u0142niania.<\/p>\n<\/li>\n<li class=\"\" data-start=\"1379\" data-end=\"1548\">\n<p class=\"\" data-start=\"1381\" data-end=\"1548\" data-immersive-translate-walked=\"c46dbc58-1a98-428d-b62b-ec891b96e74f\" data-immersive-translate-paragraph=\"1\">Przyjazny dla u\u017cytkownika: Dzi\u0119ki wy\u015bwietlaczowi cyfrowemu i prostemu \u0142adowaniu USB-C masz zawsze kontrol\u0119 nad poziomem na\u0142adowania akumulatora i ilo\u015bci\u0105 p\u0142ynu.<\/p>\n<\/li>\n<li class=\"\" data-start=\"1549\" data-end=\"1711\">\n<p class=\"\" data-start=\"1551\" data-end=\"1711\" data-immersive-translate-walked=\"c46dbc58-1a98-428d-b62b-ec891b96e74f\" data-immersive-translate-paragraph=\"1\">Wysokiej jako\u015bci odparowanie: Mesh Coil zapewnia r\u00f3wnomierne odparowanie i intensywny smak, co czyni palenie prawdziw\u0105 przyjemno\u015bci\u0105.<\/p>\n<\/li>\n<li class=\"\" data-start=\"1712\" data-end=\"1808\">\n<p class=\"\" data-start=\"1714\" data-end=\"1808\" data-immersive-translate-walked=\"c46dbc58-1a98-428d-b62b-ec891b96e74f\" data-immersive-translate-paragraph=\"1\">Bez c\u0142a: Korzystaj z bezc\u0142owej wysy\u0142ki i kupuj bez problem\u00f3w na ca\u0142ym \u015bwiecie.<\/p>\n<\/li>\n<\/ul>\n<h4 data-start=\"1810\" data-end=\"1847\" data-immersive-translate-walked=\"c46dbc58-1a98-428d-b62b-ec891b96e74f\" data-immersive-translate-paragraph=\"1\">Do\u015bwiadczenie smakowe \u2013 Double Apple<\/h4>\n<p class=\"\" data-start=\"1849\" data-end=\"2073\" data-immersive-translate-walked=\"c46dbc58-1a98-428d-b62b-ec891b96e74f\" data-immersive-translate-paragraph=\"1\">Smak Double Apple to idealne po\u0142\u0105czenie s\u0142odkich i \u015bwie\u017cych aromat\u00f3w jab\u0142ka, kt\u00f3re razem tworz\u0105 intensywne, ale zr\u00f3wnowa\u017cone doznania podczas palenia. Idealny dla mi\u0142o\u015bnik\u00f3w owocowych, orze\u017awiaj\u0105cych aromat\u00f3w.<\/p>\n<h4 data-start=\"2075\" data-end=\"2111\" data-immersive-translate-walked=\"c46dbc58-1a98-428d-b62b-ec891b96e74f\" data-immersive-translate-paragraph=\"1\">Informacje o dostawie i wysy\u0142ce<\/h4>\n<ul data-start=\"2113\" data-end=\"2450\">\n<li class=\"\" data-start=\"2113\" data-end=\"2203\">\n<p class=\"\" data-start=\"2115\" data-end=\"2203\" data-immersive-translate-walked=\"c46dbc58-1a98-428d-b62b-ec891b96e74f\" data-immersive-translate-paragraph=\"1\">Strona internetowa: ELF BOX Digital 12000 jest dost\u0119pny wy\u0142\u0105cznie na vapingnet.de.<\/p>\n<\/li>\n<li class=\"\" data-start=\"2204\" data-end=\"2343\">\n<p class=\"\" data-start=\"2206\" data-end=\"2343\" data-immersive-translate-walked=\"c46dbc58-1a98-428d-b62b-ec891b96e74f\" data-immersive-translate-paragraph=\"1\">Czas transportu: Wysy\u0142ka realizowana w ci\u0105gu 7-15 dni roboczych, dzi\u0119ki czemu szybko mo\u017cesz cieszy\u0107 si\u0119 swoj\u0105 now\u0105 e-papierosow\u0105.<\/p>\n<\/li>\n<li class=\"\" data-start=\"2344\" data-end=\"2450\">\n<p class=\"\" data-start=\"2346\" data-end=\"2450\" data-immersive-translate-walked=\"c46dbc58-1a98-428d-b62b-ec891b96e74f\" data-immersive-translate-paragraph=\"1\">Zaleta: Wysy\u0142ka bez c\u0142a, co u\u0142atwia mi\u0119dzynarodowe zakupy dla wszystkich klient\u00f3w.<\/p>\n<\/li>\n<\/ul>\n<p class=\"\" data-start=\"2463\" data-end=\"2948\" data-immersive-translate-walked=\"c46dbc58-1a98-428d-b62b-ec891b96e74f\" data-immersive-translate-paragraph=\"1\">ELF BOX Digital 12000 to doskona\u0142y wyb\u00f3r dla palaczy, kt\u00f3rzy ceni\u0105 d\u0142ugotrwa\u0142e u\u017cytkowanie, prost\u0105 obs\u0142ug\u0119 i intensywny smak. Dzi\u0119ki zaawansowanej technologii Mesh Coil, praktycznemu wy\u015bwietlaczowi cyfrowemu i \u015bwietnemu doznaniu smakowemu, jest jednym z najlepszych jednorazowych e-papieros\u00f3w na rynku. Odwied\u017a vapingnet.de, aby odkry\u0107 w\u0142asn\u0105 ELF BOX Digital 12000 i podnie\u015b\u0107 swoje do\u015bwiadczenie z vapowaniem na wy\u017cszy poziom.<\/p>","protected":false},"excerpt":{"rendered":"<p>ELF BOX Digital 12000 \u2013 Ihre ultimative Einweg-E-Zigarette Die ELF BOX Digital 12000 bietet ein au\u00dfergew\u00f6hnliches Dampferlebnis f\u00fcr alle, die auf der Suche nach einer&#8230;<\/p>","protected":false},"featured_media":6381,"template":"","meta":[],"etheme_brands":[],"product_brand":[100],"product_cat":[88,49,61],"product_tag":[],"class_list":{"0":"post-6376","1":"product","2":"type-product","3":"status-publish","4":"has-post-thumbnail","6":"product_brand-elf-box-vape","7":"product_cat-12k-vape","8":"product_cat-einweg-e-zigarette","9":"product_cat-f","11":"first","12":"instock","13":"shipping-taxable","14":"purchasable","15":"product-type-simple"},"yoast_head":"<!-- This site is optimized with the Yoast SEO plugin v26.5 - https:\/\/yoast.com\/wordpress\/plugins\/seo\/ -->\n<title>Double Apple Geschmack mit ELF BOX Digital 12000 Globale Beststeller | Vapingnet.de<\/title>\n<meta name=\"description\" content=\"Entdecke Double Apple Geschmack mit ELF BOX Digital 12000 Globale Beststeller bei vapingnet.de, \u25ba Gro\u00dfe Auswahl an Geschmacksrichtungen &amp; super g\u00fcnstig!\" \/>\n<meta name=\"robots\" content=\"index, follow, max-snippet:-1, max-image-preview:large, max-video-preview:-1\" \/>\n<link rel=\"canonical\" href=\"https:\/\/vapingnet.de\/pl\/vape\/double-apple-geschmack-mit-elf-box-digital-12000-globale-beststeller\/\" \/>\n<meta property=\"og:locale\" content=\"pl_PL\" \/>\n<meta property=\"og:type\" content=\"article\" \/>\n<meta property=\"og:title\" content=\"Double Apple Geschmack mit ELF BOX Digital 12000 Globale Beststeller | Vapingnet.de\" \/>\n<meta property=\"og:description\" content=\"Entdecke Double Apple Geschmack mit ELF BOX Digital 12000 Globale Beststeller bei vapingnet.de, \u25ba Gro\u00dfe Auswahl an Geschmacksrichtungen &amp; super g\u00fcnstig!\" \/>\n<meta property=\"og:url\" content=\"https:\/\/vapingnet.de\/pl\/vape\/double-apple-geschmack-mit-elf-box-digital-12000-globale-beststeller\/\" \/>\n<meta property=\"og:site_name\" content=\"Vapingnet.de\" \/>\n<meta property=\"article:publisher\" content=\"https:\/\/www.facebook.com\/vapingnetde\/\" \/>\n<meta property=\"article:modified_time\" content=\"2025-06-19T03:42:57+00:00\" \/>\n<meta property=\"og:image\" content=\"https:\/\/vapingnet.de\/wp-content\/uploads\/2025\/04\/Double-Apple.webp\" \/>\n\t<meta property=\"og:image:width\" content=\"1000\" \/>\n\t<meta property=\"og:image:height\" content=\"1000\" \/>\n\t<meta property=\"og:image:type\" content=\"image\/webp\" \/>\n<meta name=\"twitter:card\" content=\"summary_large_image\" \/>\n<meta name=\"twitter:label1\" content=\"Est. reading time\" \/>\n\t<meta name=\"twitter:data1\" content=\"3 minutes\" \/>\n<script type=\"application\/ld+json\" class=\"yoast-schema-graph\">{\"@context\":\"https:\/\/schema.org\",\"@graph\":[{\"@type\":\"WebPage\",\"@id\":\"https:\/\/vapingnet.de\/vape\/double-apple-geschmack-mit-elf-box-digital-12000-globale-beststeller\/\",\"url\":\"https:\/\/vapingnet.de\/vape\/double-apple-geschmack-mit-elf-box-digital-12000-globale-beststeller\/\",\"name\":\"Double Apple Geschmack mit ELF BOX Digital 12000 Globale Beststeller | Vapingnet.de\",\"isPartOf\":{\"@id\":\"https:\/\/vapingnet.de\/#website\"},\"primaryImageOfPage\":{\"@id\":\"https:\/\/vapingnet.de\/vape\/double-apple-geschmack-mit-elf-box-digital-12000-globale-beststeller\/#primaryimage\"},\"image\":{\"@id\":\"https:\/\/vapingnet.de\/vape\/double-apple-geschmack-mit-elf-box-digital-12000-globale-beststeller\/#primaryimage\"},\"thumbnailUrl\":\"https:\/\/vapingnet.de\/wp-content\/uploads\/2025\/04\/Double-Apple.webp\",\"datePublished\":\"2025-04-15T07:11:28+00:00\",\"dateModified\":\"2025-06-19T03:42:57+00:00\",\"description\":\"Entdecke Double Apple Geschmack mit ELF BOX Digital 12000 Globale Beststeller bei vapingnet.de, \u25ba Gro\u00dfe Auswahl an Geschmacksrichtungen & super g\u00fcnstig!\",\"breadcrumb\":{\"@id\":\"https:\/\/vapingnet.de\/vape\/double-apple-geschmack-mit-elf-box-digital-12000-globale-beststeller\/#breadcrumb\"},\"inLanguage\":\"pl-PL\",\"potentialAction\":[{\"@type\":\"ReadAction\",\"target\":[\"https:\/\/vapingnet.de\/vape\/double-apple-geschmack-mit-elf-box-digital-12000-globale-beststeller\/\"]}]},{\"@type\":\"ImageObject\",\"inLanguage\":\"pl-PL\",\"@id\":\"https:\/\/vapingnet.de\/vape\/double-apple-geschmack-mit-elf-box-digital-12000-globale-beststeller\/#primaryimage\",\"url\":\"https:\/\/vapingnet.de\/wp-content\/uploads\/2025\/04\/Double-Apple.webp\",\"contentUrl\":\"https:\/\/vapingnet.de\/wp-content\/uploads\/2025\/04\/Double-Apple.webp\",\"width\":1000,\"height\":1000},{\"@type\":\"BreadcrumbList\",\"@id\":\"https:\/\/vapingnet.de\/vape\/double-apple-geschmack-mit-elf-box-digital-12000-globale-beststeller\/#breadcrumb\",\"itemListElement\":[{\"@type\":\"ListItem\",\"position\":1,\"name\":\"Home\",\"item\":\"https:\/\/vapingnet.de\/\"},{\"@type\":\"ListItem\",\"position\":2,\"name\":\"Shop\",\"item\":\"https:\/\/vapingnet.de\/vape\/\"},{\"@type\":\"ListItem\",\"position\":3,\"name\":\"Double Apple Geschmack mit ELF BOX Digital 12000 Globale Beststeller\"}]},{\"@type\":\"WebSite\",\"@id\":\"https:\/\/vapingnet.de\/#website\",\"url\":\"https:\/\/vapingnet.de\/\",\"name\":\"Vapingnet.de\",\"description\":\"\",\"publisher\":{\"@id\":\"https:\/\/vapingnet.de\/#organization\"},\"potentialAction\":[{\"@type\":\"SearchAction\",\"target\":{\"@type\":\"EntryPoint\",\"urlTemplate\":\"https:\/\/vapingnet.de\/?s={search_term_string}\"},\"query-input\":{\"@type\":\"PropertyValueSpecification\",\"valueRequired\":true,\"valueName\":\"search_term_string\"}}],\"inLanguage\":\"pl-PL\"},{\"@type\":\"Organization\",\"@id\":\"https:\/\/vapingnet.de\/#organization\",\"name\":\"Vapingnet.de\",\"url\":\"https:\/\/vapingnet.de\/\",\"logo\":{\"@type\":\"ImageObject\",\"inLanguage\":\"pl-PL\",\"@id\":\"https:\/\/vapingnet.de\/#\/schema\/logo\/image\/\",\"url\":\"https:\/\/vapingnet.de\/wp-content\/uploads\/2025\/03\/cropped-vapingnet.de_.jpg\",\"contentUrl\":\"https:\/\/vapingnet.de\/wp-content\/uploads\/2025\/03\/cropped-vapingnet.de_.jpg\",\"width\":512,\"height\":512,\"caption\":\"Vapingnet.de\"},\"image\":{\"@id\":\"https:\/\/vapingnet.de\/#\/schema\/logo\/image\/\"},\"sameAs\":[\"https:\/\/www.facebook.com\/vapingnetde\/\"]}]}<\/script>\n<!-- \/ Yoast SEO plugin. -->","yoast_head_json":{"title":"Double Apple Geschmack mit ELF BOX Digital 12000 Globale Beststeller | Vapingnet.de","description":"Entdecke Double Apple Geschmack mit ELF BOX Digital 12000 Globale Beststeller bei vapingnet.de, \u25ba Gro\u00dfe Auswahl an Geschmacksrichtungen & super g\u00fcnstig!","robots":{"index":"index","follow":"follow","max-snippet":"max-snippet:-1","max-image-preview":"max-image-preview:large","max-video-preview":"max-video-preview:-1"},"canonical":"https:\/\/vapingnet.de\/pl\/vape\/double-apple-geschmack-mit-elf-box-digital-12000-globale-beststeller\/","og_locale":"pl_PL","og_type":"article","og_title":"Double Apple Geschmack mit ELF BOX Digital 12000 Globale Beststeller | Vapingnet.de","og_description":"Entdecke Double Apple Geschmack mit ELF BOX Digital 12000 Globale Beststeller bei vapingnet.de, \u25ba Gro\u00dfe Auswahl an Geschmacksrichtungen & super g\u00fcnstig!","og_url":"https:\/\/vapingnet.de\/pl\/vape\/double-apple-geschmack-mit-elf-box-digital-12000-globale-beststeller\/","og_site_name":"Vapingnet.de","article_publisher":"https:\/\/www.facebook.com\/vapingnetde\/","article_modified_time":"2025-06-19T03:42:57+00:00","og_image":[{"width":1000,"height":1000,"url":"https:\/\/vapingnet.de\/wp-content\/uploads\/2025\/04\/Double-Apple.webp","type":"image\/webp"}],"twitter_card":"summary_large_image","twitter_misc":{"Est. reading time":"3 minutes"},"schema":{"@context":"https:\/\/schema.org","@graph":[{"@type":"WebPage","@id":"https:\/\/vapingnet.de\/vape\/double-apple-geschmack-mit-elf-box-digital-12000-globale-beststeller\/","url":"https:\/\/vapingnet.de\/vape\/double-apple-geschmack-mit-elf-box-digital-12000-globale-beststeller\/","name":"Double Apple Geschmack mit ELF BOX Digital 12000 Globale Beststeller | Vapingnet.de","isPartOf":{"@id":"https:\/\/vapingnet.de\/#website"},"primaryImageOfPage":{"@id":"https:\/\/vapingnet.de\/vape\/double-apple-geschmack-mit-elf-box-digital-12000-globale-beststeller\/#primaryimage"},"image":{"@id":"https:\/\/vapingnet.de\/vape\/double-apple-geschmack-mit-elf-box-digital-12000-globale-beststeller\/#primaryimage"},"thumbnailUrl":"https:\/\/vapingnet.de\/wp-content\/uploads\/2025\/04\/Double-Apple.webp","datePublished":"2025-04-15T07:11:28+00:00","dateModified":"2025-06-19T03:42:57+00:00","description":"Entdecke Double Apple Geschmack mit ELF BOX Digital 12000 Globale Beststeller bei vapingnet.de, \u25ba Gro\u00dfe Auswahl an Geschmacksrichtungen & super g\u00fcnstig!","breadcrumb":{"@id":"https:\/\/vapingnet.de\/vape\/double-apple-geschmack-mit-elf-box-digital-12000-globale-beststeller\/#breadcrumb"},"inLanguage":"pl-PL","potentialAction":[{"@type":"ReadAction","target":["https:\/\/vapingnet.de\/vape\/double-apple-geschmack-mit-elf-box-digital-12000-globale-beststeller\/"]}]},{"@type":"ImageObject","inLanguage":"pl-PL","@id":"https:\/\/vapingnet.de\/vape\/double-apple-geschmack-mit-elf-box-digital-12000-globale-beststeller\/#primaryimage","url":"https:\/\/vapingnet.de\/wp-content\/uploads\/2025\/04\/Double-Apple.webp","contentUrl":"https:\/\/vapingnet.de\/wp-content\/uploads\/2025\/04\/Double-Apple.webp","width":1000,"height":1000},{"@type":"BreadcrumbList","@id":"https:\/\/vapingnet.de\/vape\/double-apple-geschmack-mit-elf-box-digital-12000-globale-beststeller\/#breadcrumb","itemListElement":[{"@type":"ListItem","position":1,"name":"Home","item":"https:\/\/vapingnet.de\/"},{"@type":"ListItem","position":2,"name":"Shop","item":"https:\/\/vapingnet.de\/vape\/"},{"@type":"ListItem","position":3,"name":"Double Apple Geschmack mit ELF BOX Digital 12000 Globale Beststeller"}]},{"@type":"WebSite","@id":"https:\/\/vapingnet.de\/#website","url":"https:\/\/vapingnet.de\/","name":"Vapingnet.de","description":"","publisher":{"@id":"https:\/\/vapingnet.de\/#organization"},"potentialAction":[{"@type":"SearchAction","target":{"@type":"EntryPoint","urlTemplate":"https:\/\/vapingnet.de\/?s={search_term_string}"},"query-input":{"@type":"PropertyValueSpecification","valueRequired":true,"valueName":"search_term_string"}}],"inLanguage":"pl-PL"},{"@type":"Organization","@id":"https:\/\/vapingnet.de\/#organization","name":"Vapingnet.de","url":"https:\/\/vapingnet.de\/","logo":{"@type":"ImageObject","inLanguage":"pl-PL","@id":"https:\/\/vapingnet.de\/#\/schema\/logo\/image\/","url":"https:\/\/vapingnet.de\/wp-content\/uploads\/2025\/03\/cropped-vapingnet.de_.jpg","contentUrl":"https:\/\/vapingnet.de\/wp-content\/uploads\/2025\/03\/cropped-vapingnet.de_.jpg","width":512,"height":512,"caption":"Vapingnet.de"},"image":{"@id":"https:\/\/vapingnet.de\/#\/schema\/logo\/image\/"},"sameAs":["https:\/\/www.facebook.com\/vapingnetde\/"]}]}},"tiered_pricing_type":"fixed","tiered_pricing_fixed_rules":{"10":"7.78","60":"7.00","110":"6.22","200":"5.45"},"tiered_pricing_product_settings":{"layout":"default","base_unit_name":{"singular":null,"plural":null},"default_variation":null},"tiered_pricing_minimum_quantity":null,"tiered_pricing_roles_data":[],"tiered_pricing_percentage_rules":[],"_links":{"self":[{"href":"https:\/\/vapingnet.de\/pl\/wp-json\/wp\/v2\/product\/6376","targetHints":{"allow":["GET"]}}],"collection":[{"href":"https:\/\/vapingnet.de\/pl\/wp-json\/wp\/v2\/product"}],"about":[{"href":"https:\/\/vapingnet.de\/pl\/wp-json\/wp\/v2\/types\/product"}],"version-history":[{"count":2,"href":"https:\/\/vapingnet.de\/pl\/wp-json\/wp\/v2\/product\/6376\/revisions"}],"predecessor-version":[{"id":6389,"href":"https:\/\/vapingnet.de\/pl\/wp-json\/wp\/v2\/product\/6376\/revisions\/6389"}],"wp:featuredmedia":[{"embeddable":true,"href":"https:\/\/vapingnet.de\/pl\/wp-json\/wp\/v2\/media\/6381"}],"wp:attachment":[{"href":"https:\/\/vapingnet.de\/pl\/wp-json\/wp\/v2\/media?parent=6376"}],"wp:term":[{"taxonomy":"brand","embeddable":true,"href":"https:\/\/vapingnet.de\/pl\/wp-json\/wp\/v2\/etheme_brands?post=6376"},{"taxonomy":"product_brand","embeddable":true,"href":"https:\/\/vapingnet.de\/pl\/wp-json\/wp\/v2\/product_brand?post=6376"},{"taxonomy":"product_cat","embeddable":true,"href":"https:\/\/vapingnet.de\/pl\/wp-json\/wp\/v2\/product_cat?post=6376"},{"taxonomy":"product_tag","embeddable":true,"href":"https:\/\/vapingnet.de\/pl\/wp-json\/wp\/v2\/product_tag?post=6376"}],"curies":[{"name":"wp","href":"https:\/\/api.w.org\/{rel}","templated":true}]}}