{"id":6377,"date":"2025-04-15T07:11:29","date_gmt":"2025-04-15T07:11:29","guid":{"rendered":"https:\/\/vapingnet.de\/?post_type=product&#038;p=6377"},"modified":"2025-06-19T03:42:57","modified_gmt":"2025-06-19T03:42:57","slug":"elf-box-digital-12000-erleben-sie-den-erfrischenden-watermelon-ice-geschmack","status":"publish","type":"product","link":"https:\/\/vapingnet.de\/pl\/vape\/elf-box-digital-12000-erleben-sie-den-erfrischenden-watermelon-ice-geschmack\/","title":{"rendered":"ELF BOX Digital 12000 Do\u015bwiadcz orze\u017awiaj\u0105cego smaku Watermelon Ice"},"content":{"rendered":"<p class=\"\" data-start=\"0\" data-end=\"371\" data-immersive-translate-paragraph=\"1\" data-immersive-translate-walked=\"b0e17a0a-9f10-41d1-9663-7925476ebcee\">ELF BOX Digital 12000 to zaawansowana jednorazowa e-papieros, kt\u00f3ra jest idealna dla wszystkich palaczy, kt\u00f3rzy ceni\u0105 zar\u00f3wno wydajno\u015b\u0107, jak i \u0142atwo\u015b\u0107 obs\u0142ugi. Dzi\u0119ki najnowocze\u015bniejszej technologii, du\u017cej pojemno\u015bci e-liquid i d\u0142ugotrwa\u0142emu doznaniu smakowemu, ten e-papieros jest doskona\u0142ym wyborem do codziennego u\u017cytku.<\/p>\n<h2 data-start=\"373\" data-end=\"418\" data-immersive-translate-walked=\"b0e17a0a-9f10-41d1-9663-7925476ebcee\" data-immersive-translate-paragraph=\"1\">Cechy produktu ELF BOX Digital 12000<\/h2>\n<p class=\"\" data-start=\"420\" data-end=\"719\" data-immersive-translate-walked=\"b0e17a0a-9f10-41d1-9663-7925476ebcee\" data-immersive-translate-paragraph=\"1\">Zaci\u0105gni\u0119cia:<br data-start=\"429\" data-end=\"432\" data-immersive-translate-walked=\"b0e17a0a-9f10-41d1-9663-7925476ebcee\" \/>Z pojemno\u015bci\u0105 12 000 zaci\u0105gni\u0119\u0107, ELF BOX Digital 12000 oferuje imponuj\u0105c\u0105 \u017cywotno\u015b\u0107. Ta ilo\u015b\u0107 zapewnia mo\u017cliwo\u015b\u0107 korzystania z e-papierosa przez d\u0142ugi czas bez konieczno\u015bci cz\u0119stego uzupe\u0142niania lub wymiany.<\/p>\n<p class=\"\" data-start=\"721\" data-end=\"940\" data-immersive-translate-walked=\"b0e17a0a-9f10-41d1-9663-7925476ebcee\" data-immersive-translate-paragraph=\"1\">Grza\u0142ka:<br data-start=\"730\" data-end=\"733\" data-immersive-translate-walked=\"b0e17a0a-9f10-41d1-9663-7925476ebcee\" \/>Mesh Coil o oporze 0,8 Ohma zapewnia r\u00f3wnomierne odparowywanie i doskona\u0142e odwzorowanie smaku. Dzi\u0119ki temu mo\u017cna cieszy\u0107 si\u0119 sta\u0142ym, wysokiej jako\u015bci doznaniem z parowania.<\/p>\n<p class=\"\" data-start=\"942\" data-end=\"1178\" data-immersive-translate-walked=\"b0e17a0a-9f10-41d1-9663-7925476ebcee\" data-immersive-translate-paragraph=\"1\">E-liquid:<br data-start=\"955\" data-end=\"958\" data-immersive-translate-walked=\"b0e17a0a-9f10-41d1-9663-7925476ebcee\" \/>Z pojemno\u015bci\u0105 25 ml e-liquid, ten e-papieros jest przeznaczony do d\u0142u\u017cszego u\u017cytkowania, dzi\u0119ki czemu nie trzeba ci\u0105gle szuka\u0107 uzupe\u0142nienia. Idealny dla palaczy, kt\u00f3rzy preferuj\u0105 d\u0142ugotrwa\u0142\u0105 moc pary.<\/p>\n<p class=\"\" data-start=\"1180\" data-end=\"1404\" data-immersive-translate-walked=\"b0e17a0a-9f10-41d1-9663-7925476ebcee\" data-immersive-translate-paragraph=\"1\">Nikotyna:<br data-start=\"1192\" data-end=\"1195\" data-immersive-translate-walked=\"b0e17a0a-9f10-41d1-9663-7925476ebcee\" \/>ELF BOX Digital 12000 jest dost\u0119pny w r\u00f3\u017cnych st\u0119\u017ceniach nikotyny, w tym 0%, 2%, 3% i 5%. Dzi\u0119ki temu mo\u017cna wybra\u0107 odpowiedni poziom nikotyny i dostosowa\u0107 swoje do\u015bwiadczenie palenia indywidualnie.<\/p>\n<p class=\"\" data-start=\"1406\" data-end=\"1622\" data-immersive-translate-walked=\"b0e17a0a-9f10-41d1-9663-7925476ebcee\" data-immersive-translate-paragraph=\"1\">Akumulator:<br data-start=\"1415\" data-end=\"1418\" data-immersive-translate-walked=\"b0e17a0a-9f10-41d1-9663-7925476ebcee\" \/>Akumulator o pojemno\u015bci 500 mAh zapewnia wystarczaj\u0105c\u0105 moc na d\u0142ugi czas u\u017cytkowania. Mo\u017cna go \u0142atwo na\u0142adowa\u0107 przez USB-C, co zapewnia szybkie i wygodne \u0142adowanie.<\/p>\n<p class=\"\" data-start=\"1624\" data-end=\"1889\" data-immersive-translate-walked=\"b0e17a0a-9f10-41d1-9663-7925476ebcee\" data-immersive-translate-paragraph=\"1\">Wy\u015bwietlacz cyfrowy:<br data-start=\"1645\" data-end=\"1648\" data-immersive-translate-walked=\"b0e17a0a-9f10-41d1-9663-7925476ebcee\" \/>Wy\u015bwietlacz cyfrowy pokazuje zar\u00f3wno poziom na\u0142adowania akumulatora, jak i poziom p\u0142ynu, dzi\u0119ki czemu zawsze wiesz, ile energii i liquidu pozosta\u0142o. To zapewnia bezstresowe u\u017cytkowanie i daje Ci potrzebne bezpiecze\u0144stwo.<\/p>\n<p class=\"\" data-start=\"1891\" data-end=\"2056\" data-immersive-translate-walked=\"b0e17a0a-9f10-41d1-9663-7925476ebcee\" data-immersive-translate-paragraph=\"1\">Waga:<br data-start=\"1903\" data-end=\"1906\" data-immersive-translate-walked=\"b0e17a0a-9f10-41d1-9663-7925476ebcee\" \/>Z wag\u0105 zaledwie 82 g ELF BOX Digital 12000 jest lekki i por\u0119czny. Mo\u017cesz go wygodnie zabra\u0107 ze sob\u0105 i jest idealny na wycieczki.<\/p>\n<h4 data-start=\"2058\" data-end=\"2097\" data-immersive-translate-walked=\"b0e17a0a-9f10-41d1-9663-7925476ebcee\" data-immersive-translate-paragraph=\"1\">Do\u015bwiadczenie smakowe \u2013 Watermelon Ice<\/h4>\n<p class=\"\" data-start=\"2099\" data-end=\"2344\" data-immersive-translate-walked=\"b0e17a0a-9f10-41d1-9663-7925476ebcee\" data-immersive-translate-paragraph=\"1\">Smak Watermelon Ice oferuje orze\u017awiaj\u0105ce po\u0142\u0105czenie s\u0142odkiej arbuza i ch\u0142odz\u0105cego mentolu. Smak jest intensywny i zapewnia od\u015bwie\u017caj\u0105ce doznanie z parowania, kt\u00f3re jest idealne na lato.<\/p>\n<h2 data-start=\"2346\" data-end=\"2384\" data-immersive-translate-walked=\"b0e17a0a-9f10-41d1-9663-7925476ebcee\" data-immersive-translate-paragraph=\"1\">Zalety ELF BOX Digital 12000<\/h2>\n<ul data-start=\"2386\" data-end=\"2889\">\n<li class=\"\" data-start=\"2386\" data-end=\"2548\">\n<p class=\"\" data-start=\"2388\" data-end=\"2548\" data-immersive-translate-walked=\"b0e17a0a-9f10-41d1-9663-7925476ebcee\" data-immersive-translate-paragraph=\"1\">D\u0142uga trwa\u0142o\u015b\u0107: Z 12 000 zaci\u0105gni\u0119ciami i 25 ml e-liquid, ten jednorazowy e-papieros jest wyj\u0105tkowo trwa\u0142y. Nie musisz si\u0119 ci\u0105gle martwi\u0107 o uzupe\u0142nianie.<\/p>\n<\/li>\n<li class=\"\" data-start=\"2549\" data-end=\"2685\">\n<p class=\"\" data-start=\"2551\" data-end=\"2685\" data-immersive-translate-walked=\"b0e17a0a-9f10-41d1-9663-7925476ebcee\" data-immersive-translate-paragraph=\"1\">Najlepsze odparowywanie: Mesh Coil zapewnia r\u00f3wnomierne odparowywanie, kt\u00f3re optymalnie podkre\u015bla smak.<\/p>\n<\/li>\n<li class=\"\" data-start=\"2686\" data-end=\"2780\">\n<p class=\"\" data-start=\"2688\" data-end=\"2780\" data-immersive-translate-walked=\"b0e17a0a-9f10-41d1-9663-7925476ebcee\">\u0141adowanie bezproblemowe: dzi\u0119ki funkcji \u0142adowania USB-C \u0142adowanie jest szybkie i wygodne.<\/p>\n<\/li>\n<li class=\"\" data-start=\"2781\" data-end=\"2889\">\n<p class=\"\" data-start=\"2783\" data-end=\"2889\" data-immersive-translate-walked=\"b0e17a0a-9f10-41d1-9663-7925476ebcee\">Bez c\u0142a: Wysy\u0142ka odbywa si\u0119 bez c\u0142a, co czyni zakupy mi\u0119dzynarodowe szczeg\u00f3lnie atrakcyjnymi.<\/p>\n<\/li>\n<\/ul>\n<h4 data-start=\"2891\" data-end=\"2921\" data-immersive-translate-walked=\"b0e17a0a-9f10-41d1-9663-7925476ebcee\">Szczeg\u00f3\u0142y wysy\u0142ki i dostawy<\/h4>\n<ul data-start=\"2923\" data-end=\"3261\">\n<li class=\"\" data-start=\"2923\" data-end=\"3016\">\n<p class=\"\" data-start=\"2925\" data-end=\"3016\" data-immersive-translate-walked=\"b0e17a0a-9f10-41d1-9663-7925476ebcee\">Strona internetowa: Odwied\u017a vapingnet.de, aby zam\u00f3wi\u0107 ELF BOX Digital 12000.<\/p>\n<\/li>\n<li class=\"\" data-start=\"3017\" data-end=\"3147\">\n<p class=\"\" data-start=\"3019\" data-end=\"3147\" data-immersive-translate-walked=\"b0e17a0a-9f10-41d1-9663-7925476ebcee\">Czas wysy\u0142ki: Czas realizacji wynosi od 7 do 15 dni roboczych, wi\u0119c nie musisz d\u0142ugo czeka\u0107 na swoje zam\u00f3wienie.<\/p>\n<\/li>\n<li class=\"\" data-start=\"3148\" data-end=\"3261\">\n<p class=\"\" data-start=\"3150\" data-end=\"3261\" data-immersive-translate-walked=\"b0e17a0a-9f10-41d1-9663-7925476ebcee\">Zaleta: Wysy\u0142ka bez c\u0142a u\u0142atwia zakupy mi\u0119dzynarodowe i oszcz\u0119dza dodatkowe koszty.<\/p>\n<\/li>\n<\/ul>\n<h4>Dlaczego ELF BOX Digital 12000 jest idealnym wyborem dla Ciebie<\/h4>\n<p class=\"\" data-start=\"3274\" data-end=\"3809\" data-immersive-translate-walked=\"b0e17a0a-9f10-41d1-9663-7925476ebcee\">ELF BOX Digital 12000 to wysokiej klasy jednorazowa e-papieros, kt\u00f3ry zachwyca du\u017c\u0105 pojemno\u015bci\u0105, trwa\u0142o\u015bci\u0105 i intensywnym smakiem. Wariant Watermelon Ice jest szczeg\u00f3lnie orze\u017awiaj\u0105cy i zapewnia ch\u0142odne doznania podczas palenia. Dzi\u0119ki praktycznemu cyfrowemu wy\u015bwietlaczowi i prostemu funkcji \u0142adowania, ten e-papieros jest r\u00f3wnie\u017c bardzo przyjazny dla u\u017cytkownika. Je\u015bli szukasz niezawodnego i wydajnego e-papierosa, ELF BOX Digital 12000 to zdecydowanie w\u0142a\u015bciwy wyb\u00f3r dla Ciebie.<\/p>","protected":false},"excerpt":{"rendered":"<p>Die ELF BOX Digital 12000 ist eine fortschrittliche Einweg-E-Zigarette, die ideal f\u00fcr alle Dampfer ist, die sowohl auf Leistung als auch auf Benutzerfreundlichkeit Wert legen&#8230;.<\/p>","protected":false},"featured_media":6382,"template":"","meta":[],"etheme_brands":[],"product_brand":[100],"product_cat":[88,49,61],"product_tag":[],"class_list":{"0":"post-6377","1":"product","2":"type-product","3":"status-publish","4":"has-post-thumbnail","6":"product_brand-elf-box-vape","7":"product_cat-12k-vape","8":"product_cat-einweg-e-zigarette","9":"product_cat-f","11":"first","12":"instock","13":"shipping-taxable","14":"purchasable","15":"product-type-simple"},"yoast_head":"<!-- This site is optimized with the Yoast SEO plugin v26.5 - https:\/\/yoast.com\/wordpress\/plugins\/seo\/ -->\n<title>ELF BOX Digital 12000 Erleben Sie Den Erfrischenden Watermelon Ice Geschmack | Vapingnet.de<\/title>\n<meta name=\"description\" content=\"Entdecke ELF BOX Digital 12000 Erleben Sie Den Erfrischenden Watermelon Ice Geschmack bei vapingnet.de, \u25ba Gro\u00dfe Auswahl an Geschmacksrichtungen &amp; super g\u00fcnstig!\" \/>\n<meta name=\"robots\" content=\"index, follow, max-snippet:-1, max-image-preview:large, max-video-preview:-1\" \/>\n<link rel=\"canonical\" href=\"https:\/\/vapingnet.de\/pl\/vape\/elf-box-digital-12000-erleben-sie-den-erfrischenden-watermelon-ice-geschmack\/\" \/>\n<meta property=\"og:locale\" content=\"pl_PL\" \/>\n<meta property=\"og:type\" content=\"article\" \/>\n<meta property=\"og:title\" content=\"ELF BOX Digital 12000 Erleben Sie Den Erfrischenden Watermelon Ice Geschmack | Vapingnet.de\" \/>\n<meta property=\"og:description\" content=\"Entdecke ELF BOX Digital 12000 Erleben Sie Den Erfrischenden Watermelon Ice Geschmack bei vapingnet.de, \u25ba Gro\u00dfe Auswahl an Geschmacksrichtungen &amp; super g\u00fcnstig!\" \/>\n<meta property=\"og:url\" content=\"https:\/\/vapingnet.de\/pl\/vape\/elf-box-digital-12000-erleben-sie-den-erfrischenden-watermelon-ice-geschmack\/\" \/>\n<meta property=\"og:site_name\" content=\"Vapingnet.de\" \/>\n<meta property=\"article:publisher\" content=\"https:\/\/www.facebook.com\/vapingnetde\/\" \/>\n<meta property=\"article:modified_time\" content=\"2025-06-19T03:42:57+00:00\" \/>\n<meta property=\"og:image\" content=\"https:\/\/vapingnet.de\/wp-content\/uploads\/2025\/04\/Watermelon-ice.webp\" \/>\n\t<meta property=\"og:image:width\" content=\"1000\" \/>\n\t<meta property=\"og:image:height\" content=\"1000\" \/>\n\t<meta property=\"og:image:type\" content=\"image\/webp\" \/>\n<meta name=\"twitter:card\" content=\"summary_large_image\" \/>\n<meta name=\"twitter:label1\" content=\"Est. reading time\" \/>\n\t<meta name=\"twitter:data1\" content=\"4 minutes\" \/>\n<script type=\"application\/ld+json\" class=\"yoast-schema-graph\">{\"@context\":\"https:\/\/schema.org\",\"@graph\":[{\"@type\":\"WebPage\",\"@id\":\"https:\/\/vapingnet.de\/vape\/elf-box-digital-12000-erleben-sie-den-erfrischenden-watermelon-ice-geschmack\/\",\"url\":\"https:\/\/vapingnet.de\/vape\/elf-box-digital-12000-erleben-sie-den-erfrischenden-watermelon-ice-geschmack\/\",\"name\":\"ELF BOX Digital 12000 Erleben Sie Den Erfrischenden Watermelon Ice Geschmack | Vapingnet.de\",\"isPartOf\":{\"@id\":\"https:\/\/vapingnet.de\/#website\"},\"primaryImageOfPage\":{\"@id\":\"https:\/\/vapingnet.de\/vape\/elf-box-digital-12000-erleben-sie-den-erfrischenden-watermelon-ice-geschmack\/#primaryimage\"},\"image\":{\"@id\":\"https:\/\/vapingnet.de\/vape\/elf-box-digital-12000-erleben-sie-den-erfrischenden-watermelon-ice-geschmack\/#primaryimage\"},\"thumbnailUrl\":\"https:\/\/vapingnet.de\/wp-content\/uploads\/2025\/04\/Watermelon-ice.webp\",\"datePublished\":\"2025-04-15T07:11:29+00:00\",\"dateModified\":\"2025-06-19T03:42:57+00:00\",\"description\":\"Entdecke ELF BOX Digital 12000 Erleben Sie Den Erfrischenden Watermelon Ice Geschmack bei vapingnet.de, \u25ba Gro\u00dfe Auswahl an Geschmacksrichtungen & super g\u00fcnstig!\",\"breadcrumb\":{\"@id\":\"https:\/\/vapingnet.de\/vape\/elf-box-digital-12000-erleben-sie-den-erfrischenden-watermelon-ice-geschmack\/#breadcrumb\"},\"inLanguage\":\"pl-PL\",\"potentialAction\":[{\"@type\":\"ReadAction\",\"target\":[\"https:\/\/vapingnet.de\/vape\/elf-box-digital-12000-erleben-sie-den-erfrischenden-watermelon-ice-geschmack\/\"]}]},{\"@type\":\"ImageObject\",\"inLanguage\":\"pl-PL\",\"@id\":\"https:\/\/vapingnet.de\/vape\/elf-box-digital-12000-erleben-sie-den-erfrischenden-watermelon-ice-geschmack\/#primaryimage\",\"url\":\"https:\/\/vapingnet.de\/wp-content\/uploads\/2025\/04\/Watermelon-ice.webp\",\"contentUrl\":\"https:\/\/vapingnet.de\/wp-content\/uploads\/2025\/04\/Watermelon-ice.webp\",\"width\":1000,\"height\":1000},{\"@type\":\"BreadcrumbList\",\"@id\":\"https:\/\/vapingnet.de\/vape\/elf-box-digital-12000-erleben-sie-den-erfrischenden-watermelon-ice-geschmack\/#breadcrumb\",\"itemListElement\":[{\"@type\":\"ListItem\",\"position\":1,\"name\":\"Home\",\"item\":\"https:\/\/vapingnet.de\/\"},{\"@type\":\"ListItem\",\"position\":2,\"name\":\"Shop\",\"item\":\"https:\/\/vapingnet.de\/vape\/\"},{\"@type\":\"ListItem\",\"position\":3,\"name\":\"ELF BOX Digital 12000 Erleben Sie Den Erfrischenden Watermelon Ice Geschmack\"}]},{\"@type\":\"WebSite\",\"@id\":\"https:\/\/vapingnet.de\/#website\",\"url\":\"https:\/\/vapingnet.de\/\",\"name\":\"Vapingnet.de\",\"description\":\"\",\"publisher\":{\"@id\":\"https:\/\/vapingnet.de\/#organization\"},\"potentialAction\":[{\"@type\":\"SearchAction\",\"target\":{\"@type\":\"EntryPoint\",\"urlTemplate\":\"https:\/\/vapingnet.de\/?s={search_term_string}\"},\"query-input\":{\"@type\":\"PropertyValueSpecification\",\"valueRequired\":true,\"valueName\":\"search_term_string\"}}],\"inLanguage\":\"pl-PL\"},{\"@type\":\"Organization\",\"@id\":\"https:\/\/vapingnet.de\/#organization\",\"name\":\"Vapingnet.de\",\"url\":\"https:\/\/vapingnet.de\/\",\"logo\":{\"@type\":\"ImageObject\",\"inLanguage\":\"pl-PL\",\"@id\":\"https:\/\/vapingnet.de\/#\/schema\/logo\/image\/\",\"url\":\"https:\/\/vapingnet.de\/wp-content\/uploads\/2025\/03\/cropped-vapingnet.de_.jpg\",\"contentUrl\":\"https:\/\/vapingnet.de\/wp-content\/uploads\/2025\/03\/cropped-vapingnet.de_.jpg\",\"width\":512,\"height\":512,\"caption\":\"Vapingnet.de\"},\"image\":{\"@id\":\"https:\/\/vapingnet.de\/#\/schema\/logo\/image\/\"},\"sameAs\":[\"https:\/\/www.facebook.com\/vapingnetde\/\"]}]}<\/script>\n<!-- \/ Yoast SEO plugin. -->","yoast_head_json":{"title":"ELF BOX Digital 12000 Erleben Sie Den Erfrischenden Watermelon Ice Geschmack | Vapingnet.de","description":"Entdecke ELF BOX Digital 12000 Erleben Sie Den Erfrischenden Watermelon Ice Geschmack bei vapingnet.de, \u25ba Gro\u00dfe Auswahl an Geschmacksrichtungen & super g\u00fcnstig!","robots":{"index":"index","follow":"follow","max-snippet":"max-snippet:-1","max-image-preview":"max-image-preview:large","max-video-preview":"max-video-preview:-1"},"canonical":"https:\/\/vapingnet.de\/pl\/vape\/elf-box-digital-12000-erleben-sie-den-erfrischenden-watermelon-ice-geschmack\/","og_locale":"pl_PL","og_type":"article","og_title":"ELF BOX Digital 12000 Erleben Sie Den Erfrischenden Watermelon Ice Geschmack | Vapingnet.de","og_description":"Entdecke ELF BOX Digital 12000 Erleben Sie Den Erfrischenden Watermelon Ice Geschmack bei vapingnet.de, \u25ba Gro\u00dfe Auswahl an Geschmacksrichtungen & super g\u00fcnstig!","og_url":"https:\/\/vapingnet.de\/pl\/vape\/elf-box-digital-12000-erleben-sie-den-erfrischenden-watermelon-ice-geschmack\/","og_site_name":"Vapingnet.de","article_publisher":"https:\/\/www.facebook.com\/vapingnetde\/","article_modified_time":"2025-06-19T03:42:57+00:00","og_image":[{"width":1000,"height":1000,"url":"https:\/\/vapingnet.de\/wp-content\/uploads\/2025\/04\/Watermelon-ice.webp","type":"image\/webp"}],"twitter_card":"summary_large_image","twitter_misc":{"Est. reading time":"4 minutes"},"schema":{"@context":"https:\/\/schema.org","@graph":[{"@type":"WebPage","@id":"https:\/\/vapingnet.de\/vape\/elf-box-digital-12000-erleben-sie-den-erfrischenden-watermelon-ice-geschmack\/","url":"https:\/\/vapingnet.de\/vape\/elf-box-digital-12000-erleben-sie-den-erfrischenden-watermelon-ice-geschmack\/","name":"ELF BOX Digital 12000 Erleben Sie Den Erfrischenden Watermelon Ice Geschmack | Vapingnet.de","isPartOf":{"@id":"https:\/\/vapingnet.de\/#website"},"primaryImageOfPage":{"@id":"https:\/\/vapingnet.de\/vape\/elf-box-digital-12000-erleben-sie-den-erfrischenden-watermelon-ice-geschmack\/#primaryimage"},"image":{"@id":"https:\/\/vapingnet.de\/vape\/elf-box-digital-12000-erleben-sie-den-erfrischenden-watermelon-ice-geschmack\/#primaryimage"},"thumbnailUrl":"https:\/\/vapingnet.de\/wp-content\/uploads\/2025\/04\/Watermelon-ice.webp","datePublished":"2025-04-15T07:11:29+00:00","dateModified":"2025-06-19T03:42:57+00:00","description":"Entdecke ELF BOX Digital 12000 Erleben Sie Den Erfrischenden Watermelon Ice Geschmack bei vapingnet.de, \u25ba Gro\u00dfe Auswahl an Geschmacksrichtungen & super g\u00fcnstig!","breadcrumb":{"@id":"https:\/\/vapingnet.de\/vape\/elf-box-digital-12000-erleben-sie-den-erfrischenden-watermelon-ice-geschmack\/#breadcrumb"},"inLanguage":"pl-PL","potentialAction":[{"@type":"ReadAction","target":["https:\/\/vapingnet.de\/vape\/elf-box-digital-12000-erleben-sie-den-erfrischenden-watermelon-ice-geschmack\/"]}]},{"@type":"ImageObject","inLanguage":"pl-PL","@id":"https:\/\/vapingnet.de\/vape\/elf-box-digital-12000-erleben-sie-den-erfrischenden-watermelon-ice-geschmack\/#primaryimage","url":"https:\/\/vapingnet.de\/wp-content\/uploads\/2025\/04\/Watermelon-ice.webp","contentUrl":"https:\/\/vapingnet.de\/wp-content\/uploads\/2025\/04\/Watermelon-ice.webp","width":1000,"height":1000},{"@type":"BreadcrumbList","@id":"https:\/\/vapingnet.de\/vape\/elf-box-digital-12000-erleben-sie-den-erfrischenden-watermelon-ice-geschmack\/#breadcrumb","itemListElement":[{"@type":"ListItem","position":1,"name":"Home","item":"https:\/\/vapingnet.de\/"},{"@type":"ListItem","position":2,"name":"Shop","item":"https:\/\/vapingnet.de\/vape\/"},{"@type":"ListItem","position":3,"name":"ELF BOX Digital 12000 Erleben Sie Den Erfrischenden Watermelon Ice Geschmack"}]},{"@type":"WebSite","@id":"https:\/\/vapingnet.de\/#website","url":"https:\/\/vapingnet.de\/","name":"Vapingnet.de","description":"","publisher":{"@id":"https:\/\/vapingnet.de\/#organization"},"potentialAction":[{"@type":"SearchAction","target":{"@type":"EntryPoint","urlTemplate":"https:\/\/vapingnet.de\/?s={search_term_string}"},"query-input":{"@type":"PropertyValueSpecification","valueRequired":true,"valueName":"search_term_string"}}],"inLanguage":"pl-PL"},{"@type":"Organization","@id":"https:\/\/vapingnet.de\/#organization","name":"Vapingnet.de","url":"https:\/\/vapingnet.de\/","logo":{"@type":"ImageObject","inLanguage":"pl-PL","@id":"https:\/\/vapingnet.de\/#\/schema\/logo\/image\/","url":"https:\/\/vapingnet.de\/wp-content\/uploads\/2025\/03\/cropped-vapingnet.de_.jpg","contentUrl":"https:\/\/vapingnet.de\/wp-content\/uploads\/2025\/03\/cropped-vapingnet.de_.jpg","width":512,"height":512,"caption":"Vapingnet.de"},"image":{"@id":"https:\/\/vapingnet.de\/#\/schema\/logo\/image\/"},"sameAs":["https:\/\/www.facebook.com\/vapingnetde\/"]}]}},"tiered_pricing_type":"fixed","tiered_pricing_fixed_rules":{"10":"7.78","60":"7.00","110":"6.22","200":"5.45"},"tiered_pricing_product_settings":{"layout":"default","base_unit_name":{"singular":null,"plural":null},"default_variation":null},"tiered_pricing_minimum_quantity":null,"tiered_pricing_roles_data":[],"tiered_pricing_percentage_rules":[],"_links":{"self":[{"href":"https:\/\/vapingnet.de\/pl\/wp-json\/wp\/v2\/product\/6377","targetHints":{"allow":["GET"]}}],"collection":[{"href":"https:\/\/vapingnet.de\/pl\/wp-json\/wp\/v2\/product"}],"about":[{"href":"https:\/\/vapingnet.de\/pl\/wp-json\/wp\/v2\/types\/product"}],"version-history":[{"count":1,"href":"https:\/\/vapingnet.de\/pl\/wp-json\/wp\/v2\/product\/6377\/revisions"}],"predecessor-version":[{"id":6390,"href":"https:\/\/vapingnet.de\/pl\/wp-json\/wp\/v2\/product\/6377\/revisions\/6390"}],"wp:featuredmedia":[{"embeddable":true,"href":"https:\/\/vapingnet.de\/pl\/wp-json\/wp\/v2\/media\/6382"}],"wp:attachment":[{"href":"https:\/\/vapingnet.de\/pl\/wp-json\/wp\/v2\/media?parent=6377"}],"wp:term":[{"taxonomy":"brand","embeddable":true,"href":"https:\/\/vapingnet.de\/pl\/wp-json\/wp\/v2\/etheme_brands?post=6377"},{"taxonomy":"product_brand","embeddable":true,"href":"https:\/\/vapingnet.de\/pl\/wp-json\/wp\/v2\/product_brand?post=6377"},{"taxonomy":"product_cat","embeddable":true,"href":"https:\/\/vapingnet.de\/pl\/wp-json\/wp\/v2\/product_cat?post=6377"},{"taxonomy":"product_tag","embeddable":true,"href":"https:\/\/vapingnet.de\/pl\/wp-json\/wp\/v2\/product_tag?post=6377"}],"curies":[{"name":"wp","href":"https:\/\/api.w.org\/{rel}","templated":true}]}}