{"id":6380,"date":"2025-04-15T07:11:36","date_gmt":"2025-04-15T07:11:36","guid":{"rendered":"https:\/\/vapingnet.de\/?post_type=product&#038;p=6380"},"modified":"2025-06-19T03:42:56","modified_gmt":"2025-06-19T03:42:56","slug":"elf-box-digital-12000-erfrischender-cherry-cola-geschmack-ideal-fuer-unterwegs","status":"publish","type":"product","link":"https:\/\/vapingnet.de\/pl\/vape\/elf-box-digital-12000-erfrischender-cherry-cola-geschmack-ideal-fuer-unterwegs\/","title":{"rendered":"ELF BOX Digital 12000 Orze\u017awiaj\u0105cy smak Cherry Cola, idealny w podr\u00f3\u017cy"},"content":{"rendered":"<h2 data-start=\"0\" data-end=\"88\" data-immersive-translate-walked=\"9ae97cca-57e0-4a1e-85fb-94068c989fac\">ELF BOX Digital 12000: Idealny wyb\u00f3r dla palaczy e-papieros\u00f3w o smaku Cherry Cola<\/h2>\n<p class=\"\" data-start=\"90\" data-end=\"454\" data-immersive-translate-walked=\"9ae97cca-57e0-4a1e-85fb-94068c989fac\" data-immersive-translate-paragraph=\"1\">ELF BOX Digital 12000 oferuje po\u0142\u0105czenie imponuj\u0105cej wydajno\u015bci i wyj\u0105tkowego smaku. Z unikalnym smakiem Cherry-Cola i pojemno\u015bci\u0105 12000 puf\u00f3w jest to idealny produkt dla palaczy, kt\u00f3rzy szukaj\u0105 zar\u00f3wno du\u017cej liczby zaci\u0105gni\u0119\u0107, jak i doskona\u0142ych dozna\u0144 smakowych. Ale co czyni ELF BOX Digital 12000 tak wyj\u0105tkowym?<\/p>\n<h3 data-start=\"456\" data-end=\"492\" data-immersive-translate-walked=\"9ae97cca-57e0-4a1e-85fb-94068c989fac\">Cechy techniczne i zalety<\/h3>\n<ul data-start=\"494\" data-end=\"1336\" data-immersive-translate-walked=\"9ae97cca-57e0-4a1e-85fb-94068c989fac\">\n<li class=\"\" data-start=\"494\" data-end=\"692\" data-immersive-translate-walked=\"9ae97cca-57e0-4a1e-85fb-94068c989fac\">\n<p class=\"\" data-start=\"496\" data-end=\"692\" data-immersive-translate-walked=\"9ae97cca-57e0-4a1e-85fb-94068c989fac\" data-immersive-translate-paragraph=\"1\">12000 zaci\u0105gni\u0119\u0107: Dzi\u0119ki du\u017cej pojemno\u015bci 25 ml e-liquidu mo\u017cesz cieszy\u0107 si\u0119 do 12000 zaci\u0105gni\u0119\u0107. To czyni ELF BOX Digital 12000 trwa\u0142ym towarzyszem na d\u0142ugie sesje palenia.<\/p>\n<\/li>\n<li class=\"\" data-start=\"693\" data-end=\"840\" data-immersive-translate-walked=\"9ae97cca-57e0-4a1e-85fb-94068c989fac\">\n<p class=\"\" data-start=\"695\" data-end=\"840\" data-immersive-translate-walked=\"9ae97cca-57e0-4a1e-85fb-94068c989fac\" data-immersive-translate-paragraph=\"1\">Mesh Coil o oporno\u015bci 0,8 Ohma: Mesh Coil zapewnia r\u00f3wnomiern\u0105 i aromatyczn\u0105 produkcj\u0119 pary, kt\u00f3ra jest szczeg\u00f3lnie intensywna i przyjemna.<\/p>\n<\/li>\n<li class=\"\" data-start=\"841\" data-end=\"965\" data-immersive-translate-walked=\"9ae97cca-57e0-4a1e-85fb-94068c989fac\">\n<p class=\"\" data-start=\"843\" data-end=\"965\" data-immersive-translate-walked=\"9ae97cca-57e0-4a1e-85fb-94068c989fac\" data-immersive-translate-paragraph=\"1\">R\u00f3\u017cne st\u0119\u017cenia nikotyny: Wybierz spo\u015br\u00f3d nikotyny 0%, 2%, 3% lub 5%, w zale\u017cno\u015bci od preferowanego poziomu.<\/p>\n<\/li>\n<li class=\"\" data-start=\"966\" data-end=\"1130\" data-immersive-translate-walked=\"9ae97cca-57e0-4a1e-85fb-94068c989fac\">\n<p class=\"\" data-start=\"968\" data-end=\"1130\" data-immersive-translate-walked=\"9ae97cca-57e0-4a1e-85fb-94068c989fac\" data-immersive-translate-paragraph=\"1\">Wydajna bateria: ELF BOX Digital 12000 wyposa\u017cony jest w bateri\u0119 o pojemno\u015bci 13350-500mAh i mo\u017cna j\u0105 wygodnie \u0142adowa\u0107 przez port Type-C.<\/p>\n<\/li>\n<li class=\"\" data-start=\"1131\" data-end=\"1336\" data-immersive-translate-walked=\"9ae97cca-57e0-4a1e-85fb-94068c989fac\">\n<p class=\"\" data-start=\"1133\" data-end=\"1336\" data-immersive-translate-walked=\"9ae97cca-57e0-4a1e-85fb-94068c989fac\" data-immersive-translate-paragraph=\"1\">Wy\u015bwietlacz cyfrowy: Wbudowany ekran cyfrowy pokazuje poziom p\u0142ynu oraz stan baterii, dzi\u0119ki czemu zawsze wiesz, kiedy konieczne jest uzupe\u0142nienie lub na\u0142adowanie.<\/p>\n<\/li>\n<\/ul>\n<h4 data-start=\"1338\" data-end=\"1373\" data-immersive-translate-walked=\"9ae97cca-57e0-4a1e-85fb-94068c989fac\">Do\u015bwiadczenie smakowe: Cherry Cola<\/h4>\n<p class=\"\" data-start=\"1375\" data-end=\"1681\" data-immersive-translate-walked=\"9ae97cca-57e0-4a1e-85fb-94068c989fac\" data-immersive-translate-paragraph=\"1\">ELF BOX Digital 12000 dost\u0119pny jest z unikalnym smakiem Cherry-Cola. Po\u0142\u0105czenie s\u0142odkiej \u015bwie\u017co\u015bci wi\u015bni i orze\u017awiaj\u0105cej nuty coli zapewnia orze\u017awiaj\u0105ce i satysfakcjonuj\u0105ce doznania podczas palenia. Smak, kt\u00f3ry o\u017cywia zmys\u0142y i mo\u017cna go cieszy\u0107 si\u0119 przez ca\u0142y dzie\u0144.<\/p>\n<h4 data-start=\"1683\" data-end=\"1735\" data-immersive-translate-walked=\"9ae97cca-57e0-4a1e-85fb-94068c989fac\">Jednorazowy design dla maksymalnej wygody u\u017cytkowania<\/h4>\n<p class=\"\" data-start=\"1737\" data-end=\"2018\" data-immersive-translate-walked=\"9ae97cca-57e0-4a1e-85fb-94068c989fac\" data-immersive-translate-paragraph=\"1\">Kolejnym atutem ELF BOX Digital 12000 jest jej jednorazowy design. Nie wymaga konserwacji ani czyszczenia \u2013 wystarczy u\u017cy\u0107 urz\u0105dzenia i wyrzuci\u0107 po u\u017cyciu. To czyni ELF BOX praktycznym rozwi\u0105zaniem dla palaczy, kt\u00f3rzy preferuj\u0105 proste produkty.<\/p>\n<h3 data-start=\"2020\" data-end=\"2047\" data-immersive-translate-walked=\"9ae97cca-57e0-4a1e-85fb-94068c989fac\">Zalety dla kupuj\u0105cego<\/h3>\n<ul data-start=\"2049\" data-end=\"2574\" data-immersive-translate-walked=\"9ae97cca-57e0-4a1e-85fb-94068c989fac\">\n<li class=\"\" data-start=\"2049\" data-end=\"2249\" data-immersive-translate-walked=\"9ae97cca-57e0-4a1e-85fb-94068c989fac\">\n<p class=\"\" data-start=\"2051\" data-end=\"2249\" data-immersive-translate-walked=\"9ae97cca-57e0-4a1e-85fb-94068c989fac\" data-immersive-translate-paragraph=\"1\">Bez op\u0142at celnych: Dzi\u0119ki bezc\u0142owej dostawie nie ponosisz dodatkowych koszt\u00f3w, co czyni ELF BOX Digital 12000 szczeg\u00f3lnie atrakcyjnym wyborem dla klient\u00f3w w Polsce i Europie.<\/p>\n<\/li>\n<li class=\"\" data-start=\"2250\" data-end=\"2396\" data-immersive-translate-walked=\"9ae97cca-57e0-4a1e-85fb-94068c989fac\">\n<p class=\"\" data-start=\"2252\" data-end=\"2396\" data-immersive-translate-walked=\"9ae97cca-57e0-4a1e-85fb-94068c989fac\" data-immersive-translate-paragraph=\"1\">Szybka dostawa: Produkt zostanie dostarczony w ci\u0105gu 7-15 dni roboczych, wi\u0119c nie musisz d\u0142ugo czeka\u0107 na nowego e-papierosa.<\/p>\n<\/li>\n<li class=\"\" data-start=\"2397\" data-end=\"2574\" data-immersive-translate-walked=\"9ae97cca-57e0-4a1e-85fb-94068c989fac\">\n<p class=\"\" data-start=\"2399\" data-end=\"2574\" data-immersive-translate-walked=\"9ae97cca-57e0-4a1e-85fb-94068c989fac\" data-immersive-translate-paragraph=\"1\">Prosty zakup: Zam\u00f3w ELF BOX Digital 12000 wygodnie na platformie vapingnet.de, kt\u00f3ra zapewnia \u0142atwe zam\u00f3wienie i bezpieczn\u0105 dostaw\u0119.<\/p>\n<\/li>\n<\/ul>\n<h4 data-start=\"2576\" data-end=\"2585\" data-immersive-translate-walked=\"9ae97cca-57e0-4a1e-85fb-94068c989fac\">ELF BOX Digital 12000 \u2013 Niezr\u00f3wnane do\u015bwiadczenie palenia<\/h4>\n<p class=\"\" data-start=\"2587\" data-end=\"2962\" data-immersive-translate-walked=\"9ae97cca-57e0-4a1e-85fb-94068c989fac\" data-immersive-translate-paragraph=\"1\">ELF BOX Digital 12000 to doskona\u0142y wyb\u00f3r dla palaczy, kt\u00f3rzy ceni\u0105 wysok\u0105 wydajno\u015b\u0107 i wy\u015bmienity smak. Dzi\u0119ki praktycznemu jednorazowemu u\u017cytkowaniu, du\u017cej liczbie zaci\u0105gni\u0119\u0107 i pysznemu smakowi Cherry-Cola, ten produkt zapewnia wyj\u0105tkowe doznania podczas palenia. Zam\u00f3w ju\u017c dzi\u015b ELF BOX Digital 12000 i odkryj nowy poziom palenia.<\/p>","protected":false},"excerpt":{"rendered":"<p>ELF BOX Digital 12000: Idealny wyb\u00f3r dla palaczy o smaku Cherry Cola. ELF BOX Digital 12000 oferuje po\u0142\u0105czenie imponuj\u0105cego smaku i wydajno\u015bci...<\/p>","protected":false},"featured_media":6385,"template":"","meta":[],"etheme_brands":[],"product_brand":[100],"product_cat":[88,49,61],"product_tag":[],"class_list":{"0":"post-6380","1":"product","2":"type-product","3":"status-publish","4":"has-post-thumbnail","6":"product_brand-elf-box-vape","7":"product_cat-12k-vape","8":"product_cat-einweg-e-zigarette","9":"product_cat-f","11":"first","12":"instock","13":"shipping-taxable","14":"purchasable","15":"product-type-simple"},"yoast_head":"<!-- This site is optimized with the Yoast SEO plugin v26.5 - https:\/\/yoast.com\/wordpress\/plugins\/seo\/ -->\n<title>ELF BOX Digital 12000 Erfrischender Cherry Cola Geschmack, Ideal F\u00fcr Unterwegs | Vapingnet.de<\/title>\n<meta name=\"description\" content=\"Entdecke ELF BOX Digital 12000 Erfrischender Cherry Cola Geschmack, Ideal F\u00fcr Unterwegs bei vapingnet.de, \u25ba Gro\u00dfe Auswahl an Geschmacksrichtungen &amp; super g\u00fcnstig!\" \/>\n<meta name=\"robots\" content=\"index, follow, max-snippet:-1, max-image-preview:large, max-video-preview:-1\" \/>\n<link rel=\"canonical\" href=\"https:\/\/vapingnet.de\/pl\/vape\/elf-box-digital-12000-erfrischender-cherry-cola-geschmack-ideal-fuer-unterwegs\/\" \/>\n<meta property=\"og:locale\" content=\"pl_PL\" \/>\n<meta property=\"og:type\" content=\"article\" \/>\n<meta property=\"og:title\" content=\"ELF BOX Digital 12000 Erfrischender Cherry Cola Geschmack, Ideal F\u00fcr Unterwegs | Vapingnet.de\" \/>\n<meta property=\"og:description\" content=\"Entdecke ELF BOX Digital 12000 Erfrischender Cherry Cola Geschmack, Ideal F\u00fcr Unterwegs bei vapingnet.de, \u25ba Gro\u00dfe Auswahl an Geschmacksrichtungen &amp; super g\u00fcnstig!\" \/>\n<meta property=\"og:url\" content=\"https:\/\/vapingnet.de\/pl\/vape\/elf-box-digital-12000-erfrischender-cherry-cola-geschmack-ideal-fuer-unterwegs\/\" \/>\n<meta property=\"og:site_name\" content=\"Vapingnet.de\" \/>\n<meta property=\"article:publisher\" content=\"https:\/\/www.facebook.com\/vapingnetde\/\" \/>\n<meta property=\"article:modified_time\" content=\"2025-06-19T03:42:56+00:00\" \/>\n<meta property=\"og:image\" content=\"https:\/\/vapingnet.de\/wp-content\/uploads\/2025\/04\/Cherry-cola.webp\" \/>\n\t<meta property=\"og:image:width\" content=\"1000\" \/>\n\t<meta property=\"og:image:height\" content=\"1000\" \/>\n\t<meta property=\"og:image:type\" content=\"image\/webp\" \/>\n<meta name=\"twitter:card\" content=\"summary_large_image\" \/>\n<meta name=\"twitter:label1\" content=\"Est. reading time\" \/>\n\t<meta name=\"twitter:data1\" content=\"3 minutes\" \/>\n<script type=\"application\/ld+json\" class=\"yoast-schema-graph\">{\"@context\":\"https:\/\/schema.org\",\"@graph\":[{\"@type\":\"WebPage\",\"@id\":\"https:\/\/vapingnet.de\/vape\/elf-box-digital-12000-erfrischender-cherry-cola-geschmack-ideal-fuer-unterwegs\/\",\"url\":\"https:\/\/vapingnet.de\/vape\/elf-box-digital-12000-erfrischender-cherry-cola-geschmack-ideal-fuer-unterwegs\/\",\"name\":\"ELF BOX Digital 12000 Erfrischender Cherry Cola Geschmack, Ideal F\u00fcr Unterwegs | Vapingnet.de\",\"isPartOf\":{\"@id\":\"https:\/\/vapingnet.de\/#website\"},\"primaryImageOfPage\":{\"@id\":\"https:\/\/vapingnet.de\/vape\/elf-box-digital-12000-erfrischender-cherry-cola-geschmack-ideal-fuer-unterwegs\/#primaryimage\"},\"image\":{\"@id\":\"https:\/\/vapingnet.de\/vape\/elf-box-digital-12000-erfrischender-cherry-cola-geschmack-ideal-fuer-unterwegs\/#primaryimage\"},\"thumbnailUrl\":\"https:\/\/vapingnet.de\/wp-content\/uploads\/2025\/04\/Cherry-cola.webp\",\"datePublished\":\"2025-04-15T07:11:36+00:00\",\"dateModified\":\"2025-06-19T03:42:56+00:00\",\"description\":\"Entdecke ELF BOX Digital 12000 Erfrischender Cherry Cola Geschmack, Ideal F\u00fcr Unterwegs bei vapingnet.de, \u25ba Gro\u00dfe Auswahl an Geschmacksrichtungen & super g\u00fcnstig!\",\"breadcrumb\":{\"@id\":\"https:\/\/vapingnet.de\/vape\/elf-box-digital-12000-erfrischender-cherry-cola-geschmack-ideal-fuer-unterwegs\/#breadcrumb\"},\"inLanguage\":\"pl-PL\",\"potentialAction\":[{\"@type\":\"ReadAction\",\"target\":[\"https:\/\/vapingnet.de\/vape\/elf-box-digital-12000-erfrischender-cherry-cola-geschmack-ideal-fuer-unterwegs\/\"]}]},{\"@type\":\"ImageObject\",\"inLanguage\":\"pl-PL\",\"@id\":\"https:\/\/vapingnet.de\/vape\/elf-box-digital-12000-erfrischender-cherry-cola-geschmack-ideal-fuer-unterwegs\/#primaryimage\",\"url\":\"https:\/\/vapingnet.de\/wp-content\/uploads\/2025\/04\/Cherry-cola.webp\",\"contentUrl\":\"https:\/\/vapingnet.de\/wp-content\/uploads\/2025\/04\/Cherry-cola.webp\",\"width\":1000,\"height\":1000},{\"@type\":\"BreadcrumbList\",\"@id\":\"https:\/\/vapingnet.de\/vape\/elf-box-digital-12000-erfrischender-cherry-cola-geschmack-ideal-fuer-unterwegs\/#breadcrumb\",\"itemListElement\":[{\"@type\":\"ListItem\",\"position\":1,\"name\":\"Home\",\"item\":\"https:\/\/vapingnet.de\/\"},{\"@type\":\"ListItem\",\"position\":2,\"name\":\"Shop\",\"item\":\"https:\/\/vapingnet.de\/vape\/\"},{\"@type\":\"ListItem\",\"position\":3,\"name\":\"ELF BOX Digital 12000 Erfrischender Cherry Cola Geschmack, Ideal F\u00fcr Unterwegs\"}]},{\"@type\":\"WebSite\",\"@id\":\"https:\/\/vapingnet.de\/#website\",\"url\":\"https:\/\/vapingnet.de\/\",\"name\":\"Vapingnet.de\",\"description\":\"\",\"publisher\":{\"@id\":\"https:\/\/vapingnet.de\/#organization\"},\"potentialAction\":[{\"@type\":\"SearchAction\",\"target\":{\"@type\":\"EntryPoint\",\"urlTemplate\":\"https:\/\/vapingnet.de\/?s={search_term_string}\"},\"query-input\":{\"@type\":\"PropertyValueSpecification\",\"valueRequired\":true,\"valueName\":\"search_term_string\"}}],\"inLanguage\":\"pl-PL\"},{\"@type\":\"Organization\",\"@id\":\"https:\/\/vapingnet.de\/#organization\",\"name\":\"Vapingnet.de\",\"url\":\"https:\/\/vapingnet.de\/\",\"logo\":{\"@type\":\"ImageObject\",\"inLanguage\":\"pl-PL\",\"@id\":\"https:\/\/vapingnet.de\/#\/schema\/logo\/image\/\",\"url\":\"https:\/\/vapingnet.de\/wp-content\/uploads\/2025\/03\/cropped-vapingnet.de_.jpg\",\"contentUrl\":\"https:\/\/vapingnet.de\/wp-content\/uploads\/2025\/03\/cropped-vapingnet.de_.jpg\",\"width\":512,\"height\":512,\"caption\":\"Vapingnet.de\"},\"image\":{\"@id\":\"https:\/\/vapingnet.de\/#\/schema\/logo\/image\/\"},\"sameAs\":[\"https:\/\/www.facebook.com\/vapingnetde\/\"]}]}<\/script>\n<!-- \/ Yoast SEO plugin. -->","yoast_head_json":{"title":"ELF BOX Digital 12000 Erfrischender Cherry Cola Geschmack, Ideal F\u00fcr Unterwegs | Vapingnet.de","description":"Entdecke ELF BOX Digital 12000 Erfrischender Cherry Cola Geschmack, Ideal F\u00fcr Unterwegs bei vapingnet.de, \u25ba Gro\u00dfe Auswahl an Geschmacksrichtungen & super g\u00fcnstig!","robots":{"index":"index","follow":"follow","max-snippet":"max-snippet:-1","max-image-preview":"max-image-preview:large","max-video-preview":"max-video-preview:-1"},"canonical":"https:\/\/vapingnet.de\/pl\/vape\/elf-box-digital-12000-erfrischender-cherry-cola-geschmack-ideal-fuer-unterwegs\/","og_locale":"pl_PL","og_type":"article","og_title":"ELF BOX Digital 12000 Erfrischender Cherry Cola Geschmack, Ideal F\u00fcr Unterwegs | Vapingnet.de","og_description":"Entdecke ELF BOX Digital 12000 Erfrischender Cherry Cola Geschmack, Ideal F\u00fcr Unterwegs bei vapingnet.de, \u25ba Gro\u00dfe Auswahl an Geschmacksrichtungen & super g\u00fcnstig!","og_url":"https:\/\/vapingnet.de\/pl\/vape\/elf-box-digital-12000-erfrischender-cherry-cola-geschmack-ideal-fuer-unterwegs\/","og_site_name":"Vapingnet.de","article_publisher":"https:\/\/www.facebook.com\/vapingnetde\/","article_modified_time":"2025-06-19T03:42:56+00:00","og_image":[{"width":1000,"height":1000,"url":"https:\/\/vapingnet.de\/wp-content\/uploads\/2025\/04\/Cherry-cola.webp","type":"image\/webp"}],"twitter_card":"summary_large_image","twitter_misc":{"Est. reading time":"3 minutes"},"schema":{"@context":"https:\/\/schema.org","@graph":[{"@type":"WebPage","@id":"https:\/\/vapingnet.de\/vape\/elf-box-digital-12000-erfrischender-cherry-cola-geschmack-ideal-fuer-unterwegs\/","url":"https:\/\/vapingnet.de\/vape\/elf-box-digital-12000-erfrischender-cherry-cola-geschmack-ideal-fuer-unterwegs\/","name":"ELF BOX Digital 12000 Erfrischender Cherry Cola Geschmack, Ideal F\u00fcr Unterwegs | Vapingnet.de","isPartOf":{"@id":"https:\/\/vapingnet.de\/#website"},"primaryImageOfPage":{"@id":"https:\/\/vapingnet.de\/vape\/elf-box-digital-12000-erfrischender-cherry-cola-geschmack-ideal-fuer-unterwegs\/#primaryimage"},"image":{"@id":"https:\/\/vapingnet.de\/vape\/elf-box-digital-12000-erfrischender-cherry-cola-geschmack-ideal-fuer-unterwegs\/#primaryimage"},"thumbnailUrl":"https:\/\/vapingnet.de\/wp-content\/uploads\/2025\/04\/Cherry-cola.webp","datePublished":"2025-04-15T07:11:36+00:00","dateModified":"2025-06-19T03:42:56+00:00","description":"Entdecke ELF BOX Digital 12000 Erfrischender Cherry Cola Geschmack, Ideal F\u00fcr Unterwegs bei vapingnet.de, \u25ba Gro\u00dfe Auswahl an Geschmacksrichtungen & super g\u00fcnstig!","breadcrumb":{"@id":"https:\/\/vapingnet.de\/vape\/elf-box-digital-12000-erfrischender-cherry-cola-geschmack-ideal-fuer-unterwegs\/#breadcrumb"},"inLanguage":"pl-PL","potentialAction":[{"@type":"ReadAction","target":["https:\/\/vapingnet.de\/vape\/elf-box-digital-12000-erfrischender-cherry-cola-geschmack-ideal-fuer-unterwegs\/"]}]},{"@type":"ImageObject","inLanguage":"pl-PL","@id":"https:\/\/vapingnet.de\/vape\/elf-box-digital-12000-erfrischender-cherry-cola-geschmack-ideal-fuer-unterwegs\/#primaryimage","url":"https:\/\/vapingnet.de\/wp-content\/uploads\/2025\/04\/Cherry-cola.webp","contentUrl":"https:\/\/vapingnet.de\/wp-content\/uploads\/2025\/04\/Cherry-cola.webp","width":1000,"height":1000},{"@type":"BreadcrumbList","@id":"https:\/\/vapingnet.de\/vape\/elf-box-digital-12000-erfrischender-cherry-cola-geschmack-ideal-fuer-unterwegs\/#breadcrumb","itemListElement":[{"@type":"ListItem","position":1,"name":"Home","item":"https:\/\/vapingnet.de\/"},{"@type":"ListItem","position":2,"name":"Shop","item":"https:\/\/vapingnet.de\/vape\/"},{"@type":"ListItem","position":3,"name":"ELF BOX Digital 12000 Erfrischender Cherry Cola Geschmack, Ideal F\u00fcr Unterwegs"}]},{"@type":"WebSite","@id":"https:\/\/vapingnet.de\/#website","url":"https:\/\/vapingnet.de\/","name":"Vapingnet.de","description":"","publisher":{"@id":"https:\/\/vapingnet.de\/#organization"},"potentialAction":[{"@type":"SearchAction","target":{"@type":"EntryPoint","urlTemplate":"https:\/\/vapingnet.de\/?s={search_term_string}"},"query-input":{"@type":"PropertyValueSpecification","valueRequired":true,"valueName":"search_term_string"}}],"inLanguage":"pl-PL"},{"@type":"Organization","@id":"https:\/\/vapingnet.de\/#organization","name":"Vapingnet.de","url":"https:\/\/vapingnet.de\/","logo":{"@type":"ImageObject","inLanguage":"pl-PL","@id":"https:\/\/vapingnet.de\/#\/schema\/logo\/image\/","url":"https:\/\/vapingnet.de\/wp-content\/uploads\/2025\/03\/cropped-vapingnet.de_.jpg","contentUrl":"https:\/\/vapingnet.de\/wp-content\/uploads\/2025\/03\/cropped-vapingnet.de_.jpg","width":512,"height":512,"caption":"Vapingnet.de"},"image":{"@id":"https:\/\/vapingnet.de\/#\/schema\/logo\/image\/"},"sameAs":["https:\/\/www.facebook.com\/vapingnetde\/"]}]}},"tiered_pricing_type":"fixed","tiered_pricing_fixed_rules":{"10":"7.78","60":"7.00","110":"6.22","200":"5.45"},"tiered_pricing_product_settings":{"layout":"default","base_unit_name":{"singular":null,"plural":null},"default_variation":null},"tiered_pricing_minimum_quantity":null,"tiered_pricing_roles_data":[],"tiered_pricing_percentage_rules":[],"_links":{"self":[{"href":"https:\/\/vapingnet.de\/pl\/wp-json\/wp\/v2\/product\/6380","targetHints":{"allow":["GET"]}}],"collection":[{"href":"https:\/\/vapingnet.de\/pl\/wp-json\/wp\/v2\/product"}],"about":[{"href":"https:\/\/vapingnet.de\/pl\/wp-json\/wp\/v2\/types\/product"}],"version-history":[{"count":1,"href":"https:\/\/vapingnet.de\/pl\/wp-json\/wp\/v2\/product\/6380\/revisions"}],"predecessor-version":[{"id":6394,"href":"https:\/\/vapingnet.de\/pl\/wp-json\/wp\/v2\/product\/6380\/revisions\/6394"}],"wp:featuredmedia":[{"embeddable":true,"href":"https:\/\/vapingnet.de\/pl\/wp-json\/wp\/v2\/media\/6385"}],"wp:attachment":[{"href":"https:\/\/vapingnet.de\/pl\/wp-json\/wp\/v2\/media?parent=6380"}],"wp:term":[{"taxonomy":"brand","embeddable":true,"href":"https:\/\/vapingnet.de\/pl\/wp-json\/wp\/v2\/etheme_brands?post=6380"},{"taxonomy":"product_brand","embeddable":true,"href":"https:\/\/vapingnet.de\/pl\/wp-json\/wp\/v2\/product_brand?post=6380"},{"taxonomy":"product_cat","embeddable":true,"href":"https:\/\/vapingnet.de\/pl\/wp-json\/wp\/v2\/product_cat?post=6380"},{"taxonomy":"product_tag","embeddable":true,"href":"https:\/\/vapingnet.de\/pl\/wp-json\/wp\/v2\/product_tag?post=6380"}],"curies":[{"name":"wp","href":"https:\/\/api.w.org\/{rel}","templated":true}]}}