{"id":6404,"date":"2025-04-21T06:44:54","date_gmt":"2025-04-21T06:44:54","guid":{"rendered":"https:\/\/vapingnet.de\/?post_type=product&#038;p=6404"},"modified":"2025-06-19T03:42:56","modified_gmt":"2025-06-19T03:42:56","slug":"blackberry-ice-macht-suechtig-elf-box-ls15000-jetzt-ohne-zoll-sichern","status":"publish","type":"product","link":"https:\/\/vapingnet.de\/pl\/vape\/blackberry-ice-macht-suechtig-elf-box-ls15000-jetzt-ohne-zoll-sichern\/","title":{"rendered":"Blackberry Ice Uzale\u017cniaj\u0105cy ELF BOX LS15000 Teraz Bez C\u0142a Bezpieczny"},"content":{"rendered":"<h2 data-start=\"32\" data-end=\"85\">ELF BOX LS15000 \u2013 Moc, smak i wolno\u015b\u0107<\/h2>\n<p class=\"\" data-start=\"138\" data-end=\"502\" data-immersive-translate-walked=\"4bf47006-4c3a-48a5-ae85-1d3227c8063d\" data-immersive-translate-paragraph=\"1\">ELF BOX LS15000 wyznacza nowe standardy w zakresie jednorazowych e-papieros\u00f3w. Z pojemno\u015bci\u0105 do 15 000 poci\u0105gni\u0119\u0107, ten model oferuje niezwyk\u0142\u0105 wytrzyma\u0142o\u015b\u0107, zapewniaj\u0105c d\u0142ugi i nieprzerwany komfort korzystania. Dzi\u0119ki mesh coil o oporno\u015bci 0,6 Ohma, para jest r\u00f3wnomiernie podgrzewana, co prowadzi do wyj\u0105tkowo intensywnego doznania smakowego.<\/p>\n<h4 data-start=\"504\" data-end=\"545\" data-immersive-translate-walked=\"4bf47006-4c3a-48a5-ae85-1d3227c8063d\">Owocowa rozkosz \u2013 Blackberry Ice<\/h4>\n<p class=\"\" data-start=\"547\" data-end=\"890\" data-immersive-translate-walked=\"4bf47006-4c3a-48a5-ae85-1d3227c8063d\" data-immersive-translate-paragraph=\"1\">Wewn\u0105trz ELF BOX LS15000 znajduje si\u0119 26 ml e-liquidu w smaku Blackberry Ice. Po\u0142\u0105czenie s\u0142odkich je\u017cyn i orze\u017awiaj\u0105cego efektu ch\u0142odzenia zapewnia unikalne do\u015bwiadczenie vapowania, kt\u00f3re jest zar\u00f3wno owocowe, jak i ch\u0142odne. Idealne dla tych, kt\u00f3rzy szukaj\u0105 zr\u00f3wnowa\u017conego i orze\u017awiaj\u0105cego smaku.<\/p>\n<h4 data-start=\"892\" data-end=\"945\" data-immersive-translate-walked=\"4bf47006-4c3a-48a5-ae85-1d3227c8063d\">Dostosowywalne opcje nikotyny dla ka\u017cdego potrzebuj\u0105cego<\/h4>\n<p class=\"\" data-start=\"947\" data-end=\"1261\" data-immersive-translate-walked=\"4bf47006-4c3a-48a5-ae85-1d3227c8063d\" data-immersive-translate-paragraph=\"1\">Du\u017c\u0105 zalet\u0105 ELF BOX LS15000 jest wyb\u00f3r r\u00f3\u017cnych poziom\u00f3w nikotyny. Mo\u017cesz wybra\u0107 spo\u015br\u00f3d 0, 1, 2 lub 5 mg nikotyny \u2013 wed\u0142ug w\u0142asnych preferencji. Ta elastyczno\u015b\u0107 czyni j\u0105 idealn\u0105 zar\u00f3wno dla os\u00f3b przechodz\u0105cych na vapowanie, jak i dla do\u015bwiadczonych palaczy, kt\u00f3rzy chc\u0105 indywidualnie kontrolowa\u0107 spo\u017cycie nikotyny.<\/p>\n<h3 data-start=\"1263\" data-end=\"1304\" data-immersive-translate-walked=\"4bf47006-4c3a-48a5-ae85-1d3227c8063d\">Komfortowa i \u0142atwa w obs\u0142udze<\/h3>\n<p class=\"\" data-start=\"1306\" data-end=\"1640\" data-immersive-translate-walked=\"4bf47006-4c3a-48a5-ae85-1d3227c8063d\" data-immersive-translate-paragraph=\"1\">ELF BOX LS15000 wyr\u00f3\u017cnia si\u0119 nie tylko wydajno\u015bci\u0105, ale tak\u017ce prostot\u0105 u\u017cytkowania. Akumulator 600 mAh mo\u017cna szybko na\u0142adowa\u0107 za pomoc\u0105 nowoczesnego portu Type-C. Wa\u017cy zaledwie 91 g, jest lekka i kompaktowa \u2013 idealna do codziennego u\u017cytku, zar\u00f3wno w domu, jak i w podr\u00f3\u017cy.<\/p>\n<p class=\"\" data-start=\"1642\" data-end=\"1831\" data-immersive-translate-walked=\"4bf47006-4c3a-48a5-ae85-1d3227c8063d\" data-immersive-translate-paragraph=\"1\">Zam\u00f3wienia na ELF BOX LS15000 mo\u017cna sk\u0142ada\u0107 bezpo\u015brednio przez vapingnet.de, z wysy\u0142k\u0105 bezc\u0142ow\u0105. Twoje zam\u00f3wienie zostanie dostarczone w ci\u0105gu 7 do 15 dni roboczych \u2013 szybko i wygodnie.<\/p>\n<p class=\"\" data-start=\"1833\" data-end=\"1968\" data-immersive-translate-walked=\"4bf47006-4c3a-48a5-ae85-1d3227c8063d\" data-immersive-translate-paragraph=\"1\">Kto szuka wysokiej jako\u015bci, praktycznego i intensywnie smakowego do\u015bwiadczenia vapowania, z pewno\u015bci\u0105 b\u0119dzie zadowolony z ELF BOX LS15000.<\/p>","protected":false},"excerpt":{"rendered":"<p>ELF BOX LS15000 \u2013 Moc, smak i wolno\u015b\u0107 ELF BOX LS15000 wyznacza nowe standardy w dziedzinie jednorazowych e-papieros\u00f3w. Z pojemno\u015bci\u0105 do...<\/p>","protected":false},"featured_media":6405,"template":"","meta":[],"etheme_brands":[],"product_brand":[100],"product_cat":[53,49,61],"product_tag":[],"class_list":{"0":"post-6404","1":"product","2":"type-product","3":"status-publish","4":"has-post-thumbnail","6":"product_brand-elf-box-vape","7":"product_cat-vape-15000-zuege","8":"product_cat-einweg-e-zigarette","9":"product_cat-f","11":"first","12":"instock","13":"shipping-taxable","14":"purchasable","15":"product-type-simple"},"yoast_head":"<!-- This site is optimized with the Yoast SEO plugin v26.5 - https:\/\/yoast.com\/wordpress\/plugins\/seo\/ -->\n<title>Blackberry Ice Macht S\u00fcchtig ELF BOX LS15000 Jetzt Ohne Zoll Sichern | Vapingnet.de<\/title>\n<meta name=\"description\" content=\"Entdecke Blackberry Ice Macht S\u00fcchtig ELF BOX LS15000 Jetzt Ohne Zoll Sichern bei vapingnet.de, \u25ba Gro\u00dfe Auswahl an Geschmacksrichtungen &amp; super g\u00fcnstig!\" \/>\n<meta name=\"robots\" content=\"index, follow, max-snippet:-1, max-image-preview:large, max-video-preview:-1\" \/>\n<link rel=\"canonical\" href=\"https:\/\/vapingnet.de\/pl\/vape\/blackberry-ice-macht-suechtig-elf-box-ls15000-jetzt-ohne-zoll-sichern\/\" \/>\n<meta property=\"og:locale\" content=\"pl_PL\" \/>\n<meta property=\"og:type\" content=\"article\" \/>\n<meta property=\"og:title\" content=\"Blackberry Ice Macht S\u00fcchtig ELF BOX LS15000 Jetzt Ohne Zoll Sichern | Vapingnet.de\" \/>\n<meta property=\"og:description\" content=\"Entdecke Blackberry Ice Macht S\u00fcchtig ELF BOX LS15000 Jetzt Ohne Zoll Sichern bei vapingnet.de, \u25ba Gro\u00dfe Auswahl an Geschmacksrichtungen &amp; super g\u00fcnstig!\" \/>\n<meta property=\"og:url\" content=\"https:\/\/vapingnet.de\/pl\/vape\/blackberry-ice-macht-suechtig-elf-box-ls15000-jetzt-ohne-zoll-sichern\/\" \/>\n<meta property=\"og:site_name\" content=\"Vapingnet.de\" \/>\n<meta property=\"article:publisher\" content=\"https:\/\/www.facebook.com\/vapingnetde\/\" \/>\n<meta property=\"article:modified_time\" content=\"2025-06-19T03:42:56+00:00\" \/>\n<meta property=\"og:image\" content=\"https:\/\/vapingnet.de\/wp-content\/uploads\/2025\/04\/Blackberry-Ice.webp\" \/>\n\t<meta property=\"og:image:width\" content=\"1000\" \/>\n\t<meta property=\"og:image:height\" content=\"1000\" \/>\n\t<meta property=\"og:image:type\" content=\"image\/webp\" \/>\n<meta name=\"twitter:card\" content=\"summary_large_image\" \/>\n<meta name=\"twitter:label1\" content=\"Est. reading time\" \/>\n\t<meta name=\"twitter:data1\" content=\"2 minutes\" \/>\n<script type=\"application\/ld+json\" class=\"yoast-schema-graph\">{\"@context\":\"https:\/\/schema.org\",\"@graph\":[{\"@type\":\"WebPage\",\"@id\":\"https:\/\/vapingnet.de\/vape\/blackberry-ice-macht-suechtig-elf-box-ls15000-jetzt-ohne-zoll-sichern\/\",\"url\":\"https:\/\/vapingnet.de\/vape\/blackberry-ice-macht-suechtig-elf-box-ls15000-jetzt-ohne-zoll-sichern\/\",\"name\":\"Blackberry Ice Macht S\u00fcchtig ELF BOX LS15000 Jetzt Ohne Zoll Sichern | Vapingnet.de\",\"isPartOf\":{\"@id\":\"https:\/\/vapingnet.de\/#website\"},\"primaryImageOfPage\":{\"@id\":\"https:\/\/vapingnet.de\/vape\/blackberry-ice-macht-suechtig-elf-box-ls15000-jetzt-ohne-zoll-sichern\/#primaryimage\"},\"image\":{\"@id\":\"https:\/\/vapingnet.de\/vape\/blackberry-ice-macht-suechtig-elf-box-ls15000-jetzt-ohne-zoll-sichern\/#primaryimage\"},\"thumbnailUrl\":\"https:\/\/vapingnet.de\/wp-content\/uploads\/2025\/04\/Blackberry-Ice.webp\",\"datePublished\":\"2025-04-21T06:44:54+00:00\",\"dateModified\":\"2025-06-19T03:42:56+00:00\",\"description\":\"Entdecke Blackberry Ice Macht S\u00fcchtig ELF BOX LS15000 Jetzt Ohne Zoll Sichern bei vapingnet.de, \u25ba Gro\u00dfe Auswahl an Geschmacksrichtungen & super g\u00fcnstig!\",\"breadcrumb\":{\"@id\":\"https:\/\/vapingnet.de\/vape\/blackberry-ice-macht-suechtig-elf-box-ls15000-jetzt-ohne-zoll-sichern\/#breadcrumb\"},\"inLanguage\":\"pl-PL\",\"potentialAction\":[{\"@type\":\"ReadAction\",\"target\":[\"https:\/\/vapingnet.de\/vape\/blackberry-ice-macht-suechtig-elf-box-ls15000-jetzt-ohne-zoll-sichern\/\"]}]},{\"@type\":\"ImageObject\",\"inLanguage\":\"pl-PL\",\"@id\":\"https:\/\/vapingnet.de\/vape\/blackberry-ice-macht-suechtig-elf-box-ls15000-jetzt-ohne-zoll-sichern\/#primaryimage\",\"url\":\"https:\/\/vapingnet.de\/wp-content\/uploads\/2025\/04\/Blackberry-Ice.webp\",\"contentUrl\":\"https:\/\/vapingnet.de\/wp-content\/uploads\/2025\/04\/Blackberry-Ice.webp\",\"width\":1000,\"height\":1000},{\"@type\":\"BreadcrumbList\",\"@id\":\"https:\/\/vapingnet.de\/vape\/blackberry-ice-macht-suechtig-elf-box-ls15000-jetzt-ohne-zoll-sichern\/#breadcrumb\",\"itemListElement\":[{\"@type\":\"ListItem\",\"position\":1,\"name\":\"Home\",\"item\":\"https:\/\/vapingnet.de\/\"},{\"@type\":\"ListItem\",\"position\":2,\"name\":\"Shop\",\"item\":\"https:\/\/vapingnet.de\/vape\/\"},{\"@type\":\"ListItem\",\"position\":3,\"name\":\"Blackberry Ice Macht S\u00fcchtig ELF BOX LS15000 Jetzt Ohne Zoll Sichern\"}]},{\"@type\":\"WebSite\",\"@id\":\"https:\/\/vapingnet.de\/#website\",\"url\":\"https:\/\/vapingnet.de\/\",\"name\":\"Vapingnet.de\",\"description\":\"\",\"publisher\":{\"@id\":\"https:\/\/vapingnet.de\/#organization\"},\"potentialAction\":[{\"@type\":\"SearchAction\",\"target\":{\"@type\":\"EntryPoint\",\"urlTemplate\":\"https:\/\/vapingnet.de\/?s={search_term_string}\"},\"query-input\":{\"@type\":\"PropertyValueSpecification\",\"valueRequired\":true,\"valueName\":\"search_term_string\"}}],\"inLanguage\":\"pl-PL\"},{\"@type\":\"Organization\",\"@id\":\"https:\/\/vapingnet.de\/#organization\",\"name\":\"Vapingnet.de\",\"url\":\"https:\/\/vapingnet.de\/\",\"logo\":{\"@type\":\"ImageObject\",\"inLanguage\":\"pl-PL\",\"@id\":\"https:\/\/vapingnet.de\/#\/schema\/logo\/image\/\",\"url\":\"https:\/\/vapingnet.de\/wp-content\/uploads\/2025\/03\/cropped-vapingnet.de_.jpg\",\"contentUrl\":\"https:\/\/vapingnet.de\/wp-content\/uploads\/2025\/03\/cropped-vapingnet.de_.jpg\",\"width\":512,\"height\":512,\"caption\":\"Vapingnet.de\"},\"image\":{\"@id\":\"https:\/\/vapingnet.de\/#\/schema\/logo\/image\/\"},\"sameAs\":[\"https:\/\/www.facebook.com\/vapingnetde\/\"]}]}<\/script>\n<!-- \/ Yoast SEO plugin. -->","yoast_head_json":{"title":"Blackberry Ice Macht S\u00fcchtig ELF BOX LS15000 Jetzt Ohne Zoll Sichern | Vapingnet.de","description":"Entdecke Blackberry Ice Macht S\u00fcchtig ELF BOX LS15000 Jetzt Ohne Zoll Sichern bei vapingnet.de, \u25ba Gro\u00dfe Auswahl an Geschmacksrichtungen & super g\u00fcnstig!","robots":{"index":"index","follow":"follow","max-snippet":"max-snippet:-1","max-image-preview":"max-image-preview:large","max-video-preview":"max-video-preview:-1"},"canonical":"https:\/\/vapingnet.de\/pl\/vape\/blackberry-ice-macht-suechtig-elf-box-ls15000-jetzt-ohne-zoll-sichern\/","og_locale":"pl_PL","og_type":"article","og_title":"Blackberry Ice Macht S\u00fcchtig ELF BOX LS15000 Jetzt Ohne Zoll Sichern | Vapingnet.de","og_description":"Entdecke Blackberry Ice Macht S\u00fcchtig ELF BOX LS15000 Jetzt Ohne Zoll Sichern bei vapingnet.de, \u25ba Gro\u00dfe Auswahl an Geschmacksrichtungen & super g\u00fcnstig!","og_url":"https:\/\/vapingnet.de\/pl\/vape\/blackberry-ice-macht-suechtig-elf-box-ls15000-jetzt-ohne-zoll-sichern\/","og_site_name":"Vapingnet.de","article_publisher":"https:\/\/www.facebook.com\/vapingnetde\/","article_modified_time":"2025-06-19T03:42:56+00:00","og_image":[{"width":1000,"height":1000,"url":"https:\/\/vapingnet.de\/wp-content\/uploads\/2025\/04\/Blackberry-Ice.webp","type":"image\/webp"}],"twitter_card":"summary_large_image","twitter_misc":{"Est. reading time":"2 minutes"},"schema":{"@context":"https:\/\/schema.org","@graph":[{"@type":"WebPage","@id":"https:\/\/vapingnet.de\/vape\/blackberry-ice-macht-suechtig-elf-box-ls15000-jetzt-ohne-zoll-sichern\/","url":"https:\/\/vapingnet.de\/vape\/blackberry-ice-macht-suechtig-elf-box-ls15000-jetzt-ohne-zoll-sichern\/","name":"Blackberry Ice Macht S\u00fcchtig ELF BOX LS15000 Jetzt Ohne Zoll Sichern | Vapingnet.de","isPartOf":{"@id":"https:\/\/vapingnet.de\/#website"},"primaryImageOfPage":{"@id":"https:\/\/vapingnet.de\/vape\/blackberry-ice-macht-suechtig-elf-box-ls15000-jetzt-ohne-zoll-sichern\/#primaryimage"},"image":{"@id":"https:\/\/vapingnet.de\/vape\/blackberry-ice-macht-suechtig-elf-box-ls15000-jetzt-ohne-zoll-sichern\/#primaryimage"},"thumbnailUrl":"https:\/\/vapingnet.de\/wp-content\/uploads\/2025\/04\/Blackberry-Ice.webp","datePublished":"2025-04-21T06:44:54+00:00","dateModified":"2025-06-19T03:42:56+00:00","description":"Entdecke Blackberry Ice Macht S\u00fcchtig ELF BOX LS15000 Jetzt Ohne Zoll Sichern bei vapingnet.de, \u25ba Gro\u00dfe Auswahl an Geschmacksrichtungen & super g\u00fcnstig!","breadcrumb":{"@id":"https:\/\/vapingnet.de\/vape\/blackberry-ice-macht-suechtig-elf-box-ls15000-jetzt-ohne-zoll-sichern\/#breadcrumb"},"inLanguage":"pl-PL","potentialAction":[{"@type":"ReadAction","target":["https:\/\/vapingnet.de\/vape\/blackberry-ice-macht-suechtig-elf-box-ls15000-jetzt-ohne-zoll-sichern\/"]}]},{"@type":"ImageObject","inLanguage":"pl-PL","@id":"https:\/\/vapingnet.de\/vape\/blackberry-ice-macht-suechtig-elf-box-ls15000-jetzt-ohne-zoll-sichern\/#primaryimage","url":"https:\/\/vapingnet.de\/wp-content\/uploads\/2025\/04\/Blackberry-Ice.webp","contentUrl":"https:\/\/vapingnet.de\/wp-content\/uploads\/2025\/04\/Blackberry-Ice.webp","width":1000,"height":1000},{"@type":"BreadcrumbList","@id":"https:\/\/vapingnet.de\/vape\/blackberry-ice-macht-suechtig-elf-box-ls15000-jetzt-ohne-zoll-sichern\/#breadcrumb","itemListElement":[{"@type":"ListItem","position":1,"name":"Home","item":"https:\/\/vapingnet.de\/"},{"@type":"ListItem","position":2,"name":"Shop","item":"https:\/\/vapingnet.de\/vape\/"},{"@type":"ListItem","position":3,"name":"Blackberry Ice Macht S\u00fcchtig ELF BOX LS15000 Jetzt Ohne Zoll Sichern"}]},{"@type":"WebSite","@id":"https:\/\/vapingnet.de\/#website","url":"https:\/\/vapingnet.de\/","name":"Vapingnet.de","description":"","publisher":{"@id":"https:\/\/vapingnet.de\/#organization"},"potentialAction":[{"@type":"SearchAction","target":{"@type":"EntryPoint","urlTemplate":"https:\/\/vapingnet.de\/?s={search_term_string}"},"query-input":{"@type":"PropertyValueSpecification","valueRequired":true,"valueName":"search_term_string"}}],"inLanguage":"pl-PL"},{"@type":"Organization","@id":"https:\/\/vapingnet.de\/#organization","name":"Vapingnet.de","url":"https:\/\/vapingnet.de\/","logo":{"@type":"ImageObject","inLanguage":"pl-PL","@id":"https:\/\/vapingnet.de\/#\/schema\/logo\/image\/","url":"https:\/\/vapingnet.de\/wp-content\/uploads\/2025\/03\/cropped-vapingnet.de_.jpg","contentUrl":"https:\/\/vapingnet.de\/wp-content\/uploads\/2025\/03\/cropped-vapingnet.de_.jpg","width":512,"height":512,"caption":"Vapingnet.de"},"image":{"@id":"https:\/\/vapingnet.de\/#\/schema\/logo\/image\/"},"sameAs":["https:\/\/www.facebook.com\/vapingnetde\/"]}]}},"tiered_pricing_type":"fixed","tiered_pricing_fixed_rules":{"10":"8.35","60":"7.54","110":"6.68","200":"5.85"},"tiered_pricing_product_settings":{"layout":"default","base_unit_name":{"singular":null,"plural":null},"default_variation":null},"tiered_pricing_minimum_quantity":null,"tiered_pricing_roles_data":[],"tiered_pricing_percentage_rules":[],"_links":{"self":[{"href":"https:\/\/vapingnet.de\/pl\/wp-json\/wp\/v2\/product\/6404","targetHints":{"allow":["GET"]}}],"collection":[{"href":"https:\/\/vapingnet.de\/pl\/wp-json\/wp\/v2\/product"}],"about":[{"href":"https:\/\/vapingnet.de\/pl\/wp-json\/wp\/v2\/types\/product"}],"version-history":[{"count":3,"href":"https:\/\/vapingnet.de\/pl\/wp-json\/wp\/v2\/product\/6404\/revisions"}],"predecessor-version":[{"id":6422,"href":"https:\/\/vapingnet.de\/pl\/wp-json\/wp\/v2\/product\/6404\/revisions\/6422"}],"wp:featuredmedia":[{"embeddable":true,"href":"https:\/\/vapingnet.de\/pl\/wp-json\/wp\/v2\/media\/6405"}],"wp:attachment":[{"href":"https:\/\/vapingnet.de\/pl\/wp-json\/wp\/v2\/media?parent=6404"}],"wp:term":[{"taxonomy":"brand","embeddable":true,"href":"https:\/\/vapingnet.de\/pl\/wp-json\/wp\/v2\/etheme_brands?post=6404"},{"taxonomy":"product_brand","embeddable":true,"href":"https:\/\/vapingnet.de\/pl\/wp-json\/wp\/v2\/product_brand?post=6404"},{"taxonomy":"product_cat","embeddable":true,"href":"https:\/\/vapingnet.de\/pl\/wp-json\/wp\/v2\/product_cat?post=6404"},{"taxonomy":"product_tag","embeddable":true,"href":"https:\/\/vapingnet.de\/pl\/wp-json\/wp\/v2\/product_tag?post=6404"}],"curies":[{"name":"wp","href":"https:\/\/api.w.org\/{rel}","templated":true}]}}