{"id":6407,"date":"2025-04-21T06:59:37","date_gmt":"2025-04-21T06:59:37","guid":{"rendered":"https:\/\/vapingnet.de\/?post_type=product&#038;p=6407"},"modified":"2025-06-19T03:42:55","modified_gmt":"2025-06-19T03:42:55","slug":"elf-box-ls15000-der-bestseller-mit-blueberry-on-ice-jetzt-fuer-dich","status":"publish","type":"product","link":"https:\/\/vapingnet.de\/pl\/vape\/elf-box-ls15000-der-bestseller-mit-blueberry-on-ice-jetzt-fuer-dich\/","title":{"rendered":"ELF BOX LS15000 Bestseller z Blueberry On Ice Teraz dla Ciebie"},"content":{"rendered":"<h2 data-start=\"0\" data-end=\"68\" data-immersive-translate-walked=\"0f74c40b-b751-4746-8f94-a9a330431290\">Elf Box LS15000 \u2013 Ostateczny wyb\u00f3r dla wymagaj\u0105cych palaczy elektronicznych<\/h2>\n<p class=\"\" data-start=\"70\" data-end=\"420\" data-immersive-translate-walked=\"0f74c40b-b751-4746-8f94-a9a330431290\" data-immersive-translate-paragraph=\"1\">Dla palaczy elektronicznych poszukuj\u0105cych d\u0142ugotrwa\u0142ego i wysokiej jako\u015bci do\u015bwiadczenia, ELF BOX LS15000 jest doskona\u0142ym wyborem. Z imponuj\u0105c\u0105 liczb\u0105 15 000 zaci\u0105gni\u0119\u0107 i praktyczn\u0105 funkcj\u0105 wielokrotnego \u0142adowania, ten jednorazowy e-papieros oferuje wszystko, czego mo\u017cna oczekiwa\u0107 od nowoczesnego produktu vape.<\/p>\n<h4 data-start=\"422\" data-end=\"452\" data-immersive-translate-walked=\"0f74c40b-b751-4746-8f94-a9a330431290\">Specyfikacje techniczne<\/h4>\n<ul data-start=\"454\" data-end=\"644\" data-immersive-translate-walked=\"0f74c40b-b751-4746-8f94-a9a330431290\">\n<li class=\"\" data-start=\"454\" data-end=\"473\" data-immersive-translate-walked=\"0f74c40b-b751-4746-8f94-a9a330431290\">\n<p class=\"\" data-start=\"456\" data-end=\"473\" data-immersive-translate-walked=\"0f74c40b-b751-4746-8f94-a9a330431290\" data-immersive-translate-paragraph=\"1\">Zaci\u0105gni\u0119cia: 15 000<\/p>\n<\/li>\n<li class=\"\" data-start=\"474\" data-end=\"505\" data-immersive-translate-walked=\"0f74c40b-b751-4746-8f94-a9a330431290\">\n<p class=\"\" data-start=\"476\" data-end=\"505\" data-immersive-translate-walked=\"0f74c40b-b751-4746-8f94-a9a330431290\" data-immersive-translate-paragraph=\"1\">Rdze\u0144: Mesh-Coil (0,6 Ohm)<\/p>\n<\/li>\n<li class=\"\" data-start=\"506\" data-end=\"526\" data-immersive-translate-walked=\"0f74c40b-b751-4746-8f94-a9a330431290\">\n<p class=\"\" data-start=\"508\" data-end=\"526\" data-immersive-translate-walked=\"0f74c40b-b751-4746-8f94-a9a330431290\" data-immersive-translate-paragraph=\"1\">E-liquid: 26ml<\/p>\n<\/li>\n<li class=\"\" data-start=\"527\" data-end=\"552\" data-immersive-translate-walked=\"0f74c40b-b751-4746-8f94-a9a330431290\">\n<p class=\"\" data-start=\"529\" data-end=\"552\" data-immersive-translate-walked=\"0f74c40b-b751-4746-8f94-a9a330431290\" data-immersive-translate-paragraph=\"1\">Nikotyna: 0%, 2%, 5%<\/p>\n<\/li>\n<li class=\"\" data-start=\"553\" data-end=\"575\" data-immersive-translate-walked=\"0f74c40b-b751-4746-8f94-a9a330431290\">\n<p class=\"\" data-start=\"555\" data-end=\"575\" data-immersive-translate-walked=\"0f74c40b-b751-4746-8f94-a9a330431290\" data-immersive-translate-paragraph=\"1\">Bateria: 600mAh<\/p>\n<\/li>\n<li class=\"\" data-start=\"576\" data-end=\"618\" data-immersive-translate-walked=\"0f74c40b-b751-4746-8f94-a9a330431290\">\n<p class=\"\" data-start=\"578\" data-end=\"618\" data-immersive-translate-walked=\"0f74c40b-b751-4746-8f94-a9a330431290\" data-immersive-translate-paragraph=\"1\">Wielokrotne \u0142adowanie: Tak, przez USB Type-C<\/p>\n<\/li>\n<li class=\"\" data-start=\"619\" data-end=\"644\" data-immersive-translate-walked=\"0f74c40b-b751-4746-8f94-a9a330431290\">\n<p class=\"\" data-start=\"621\" data-end=\"644\" data-immersive-translate-walked=\"0f74c40b-b751-4746-8f94-a9a330431290\" data-immersive-translate-paragraph=\"1\">Waga produktu: 91g<\/p>\n<\/li>\n<\/ul>\n<h4 data-start=\"646\" data-end=\"693\" data-immersive-translate-walked=\"0f74c40b-b751-4746-8f94-a9a330431290\">Zaawansowana technologia dla najlepszego smaku<\/h4>\n<p class=\"\" data-start=\"695\" data-end=\"1087\" data-immersive-translate-walked=\"0f74c40b-b751-4746-8f94-a9a330431290\" data-immersive-translate-paragraph=\"1\">ELF BOX LS15000 wyposa\u017cony jest w mesh-coil, kt\u00f3ry zapewnia r\u00f3wnomierne odparowywanie i intensywniejszy smak. Op\u00f3r 0,6 Ohma umo\u017cliwia optymalne do\u015bwiadczenie palenia, odpowiednie zar\u00f3wno dla pocz\u0105tkuj\u0105cych, jak i do\u015bwiadczonych u\u017cytkownik\u00f3w. Dzi\u0119ki du\u017cej pojemno\u015bci 26 ml e-liquid, mo\u017cesz cieszy\u0107 si\u0119 d\u0142ugim u\u017cytkowaniem bez konieczno\u015bci cz\u0119stego uzupe\u0142niania.<\/p>\n<h4 data-start=\"1089\" data-end=\"1138\" data-immersive-translate-walked=\"0f74c40b-b751-4746-8f94-a9a330431290\">Blueberry On Ice \u2013 Orze\u017awiaj\u0105cy smak<\/h4>\n<p class=\"\" data-start=\"1140\" data-end=\"1488\" data-immersive-translate-walked=\"0f74c40b-b751-4746-8f94-a9a330431290\" data-immersive-translate-paragraph=\"1\">Jedn\u0105 z wyr\u00f3\u017cniaj\u0105cych cech ELF BOX LS15000 jest unikalny smak \u201eBlueberry On Ice\u201d. Ten smak \u0142\u0105czy s\u0142odycz \u015bwie\u017cych jag\u00f3d z przyjemnym ch\u0142odem, kt\u00f3ry od\u015bwie\u017ca podniebienie i zapewnia ekscytuj\u0105ce do\u015bwiadczenie palenia. Idealny dla tych, kt\u00f3rzy lubi\u0105 owocowe i ch\u0142odne aromaty.<\/p>\n<h4 data-start=\"1490\" data-end=\"1520\" data-immersive-translate-walked=\"0f74c40b-b751-4746-8f94-a9a330431290\">Komfort i wygoda<\/h4>\n<p class=\"\" data-start=\"1522\" data-end=\"1873\" data-immersive-translate-walked=\"0f74c40b-b751-4746-8f94-a9a330431290\" data-immersive-translate-paragraph=\"1\">ELF BOX LS15000 wa\u017cy tylko 91g, co czyni go lekkim i por\u0119cznym, \u0142atwym do przenoszenia w kieszeni lub torebce. Funkcja wielokrotnego \u0142adowania przez USB Type-C zapewnia, \u017ce nigdy nie zostaniesz bez przyjemno\u015bci z palenia. Mo\u017cesz \u0142atwo i szybko na\u0142adowa\u0107 sw\u00f3j e-papieros, nie musz\u0105c kupowa\u0107 dodatkowych baterii.<\/p>\n<h3 data-start=\"1875\" data-end=\"1903\" data-immersive-translate-walked=\"0f74c40b-b751-4746-8f94-a9a330431290\">Zalety w skr\u00f3cie<\/h3>\n<ul data-start=\"1905\" data-end=\"2366\" data-immersive-translate-walked=\"0f74c40b-b751-4746-8f94-a9a330431290\">\n<li class=\"\" data-start=\"1905\" data-end=\"2010\" data-immersive-translate-walked=\"0f74c40b-b751-4746-8f94-a9a330431290\">\n<p class=\"\" data-start=\"1907\" data-end=\"2010\" data-immersive-translate-walked=\"0f74c40b-b751-4746-8f94-a9a330431290\" data-immersive-translate-paragraph=\"1\">Brak op\u0142at celnych: Du\u017ca zaleta dla klient\u00f3w w Polsce, poniewa\u017c nie ponosz\u0105 dodatkowych koszt\u00f3w.<\/p>\n<\/li>\n<li class=\"\" data-start=\"2011\" data-end=\"2134\" data-immersive-translate-walked=\"0f74c40b-b751-4746-8f94-a9a330431290\">\n<p class=\"\" data-start=\"2013\" data-end=\"2134\" data-immersive-translate-walked=\"0f74c40b-b751-4746-8f94-a9a330431290\" data-immersive-translate-paragraph=\"1\">D\u0142uga \u017cywotno\u015b\u0107: Z 15 000 zaci\u0105gni\u0119\u0107, ELF BOX LS15000 jest jednym z najtrwalszych jednorazowych e-papieros\u00f3w na rynku.<\/p>\n<\/li>\n<li class=\"\" data-start=\"2135\" data-end=\"2255\" data-immersive-translate-walked=\"0f74c40b-b751-4746-8f94-a9a330431290\">\n<p class=\"\" data-start=\"2137\" data-end=\"2255\" data-immersive-translate-walked=\"0f74c40b-b751-4746-8f94-a9a330431290\" data-immersive-translate-paragraph=\"1\">Wszechstronne poziomy nikotyny: Mo\u017cesz wybra\u0107 spo\u015br\u00f3d 0%, 2% i 5% nikotyny, aby dopasowa\u0107 swoje preferencje.<\/p>\n<\/li>\n<li class=\"\" data-start=\"2256\" data-end=\"2366\" data-immersive-translate-walked=\"0f74c40b-b751-4746-8f94-a9a330431290\">\n<p class=\"\" data-start=\"2258\" data-end=\"2366\" data-immersive-translate-walked=\"0f74c40b-b751-4746-8f94-a9a330431290\" data-immersive-translate-paragraph=\"1\">Orze\u017awiaj\u0105cy smak: \u201eBlueberry On Ice\u201d to idealne po\u0142\u0105czenie owocowej s\u0142odyczy i ch\u0142odnej \u015bwie\u017co\u015bci.<\/p>\n<\/li>\n<\/ul>\n<h4 data-start=\"2368\" data-end=\"2397\" data-immersive-translate-walked=\"0f74c40b-b751-4746-8f94-a9a330431290\">Wysy\u0142ka i dost\u0119pno\u015b\u0107<\/h4>\n<p class=\"\" data-start=\"2399\" data-end=\"2648\" data-immersive-translate-walked=\"0f74c40b-b751-4746-8f94-a9a330431290\" data-immersive-translate-paragraph=\"1\">ELF BOX LS15000 jest dost\u0119pny na vapingnet.de, z czasem dostawy od 7 do 15 dni roboczych. Dzi\u0119ki mi\u0119dzynarodowej wysy\u0142ce mo\u017cesz korzysta\u0107 z szybkiej dostawy, nie martwi\u0105c si\u0119 o op\u0142aty celne.<\/p>\n<p class=\"\" data-start=\"2661\" data-end=\"3084\" data-immersive-translate-walked=\"0f74c40b-b751-4746-8f94-a9a330431290\" data-immersive-translate-paragraph=\"1\">ELF BOX LS15000 oferuje wszystko, czego oczekujesz od nowoczesnego jednorazowego e-papierosa: wysok\u0105 liczb\u0119 zaci\u0105gni\u0119\u0107, doskona\u0142y smak i wygodn\u0105, wielokrotnego \u0142adowania u\u017cytkowanie. Z orze\u017awiaj\u0105cym smakiem \u201eBlueberry On Ice\u201d i praktyczn\u0105 obs\u0142ug\u0105, jest idealnym wyborem dla ka\u017cdego palacza elektronicznego. Odwied\u017a vapingnet.de, aby zabezpieczy\u0107 sw\u00f3j egzemplarz i podnie\u015b\u0107 swoje do\u015bwiadczenie vapingowe na wy\u017cszy poziom.<\/p>","protected":false},"excerpt":{"rendered":"<p>Elf Box LS15000 \u2013 Ostateczny wyb\u00f3r dla wymagaj\u0105cych waper\u00f3w Dla waper\u00f3w, kt\u00f3rzy szukaj\u0105 d\u0142ugotrwa\u0142ego i wysokiej jako\u015bci do\u015bwiadczenia, jest...<\/p>","protected":false},"featured_media":6412,"template":"","meta":[],"etheme_brands":[],"product_brand":[100],"product_cat":[53,49,61],"product_tag":[],"class_list":{"0":"post-6407","1":"product","2":"type-product","3":"status-publish","4":"has-post-thumbnail","6":"product_brand-elf-box-vape","7":"product_cat-vape-15000-zuege","8":"product_cat-einweg-e-zigarette","9":"product_cat-f","11":"first","12":"instock","13":"shipping-taxable","14":"purchasable","15":"product-type-simple"},"yoast_head":"<!-- This site is optimized with the Yoast SEO plugin v26.5 - https:\/\/yoast.com\/wordpress\/plugins\/seo\/ -->\n<title>ELF BOX LS15000 Der Bestseller Mit Blueberry On Ice Jetzt F\u00fcr Dich | Vapingnet.de<\/title>\n<meta name=\"description\" content=\"Entdecke ELF BOX LS15000 Der Bestseller Mit Blueberry On Ice Jetzt F\u00fcr Dich bei vapingnet.de, \u25ba Gro\u00dfe Auswahl an Geschmacksrichtungen &amp; super g\u00fcnstig!\" \/>\n<meta name=\"robots\" content=\"index, follow, max-snippet:-1, max-image-preview:large, max-video-preview:-1\" \/>\n<link rel=\"canonical\" href=\"https:\/\/vapingnet.de\/pl\/vape\/elf-box-ls15000-der-bestseller-mit-blueberry-on-ice-jetzt-fuer-dich\/\" \/>\n<meta property=\"og:locale\" content=\"pl_PL\" \/>\n<meta property=\"og:type\" content=\"article\" \/>\n<meta property=\"og:title\" content=\"ELF BOX LS15000 Der Bestseller Mit Blueberry On Ice Jetzt F\u00fcr Dich | Vapingnet.de\" \/>\n<meta property=\"og:description\" content=\"Entdecke ELF BOX LS15000 Der Bestseller Mit Blueberry On Ice Jetzt F\u00fcr Dich bei vapingnet.de, \u25ba Gro\u00dfe Auswahl an Geschmacksrichtungen &amp; super g\u00fcnstig!\" \/>\n<meta property=\"og:url\" content=\"https:\/\/vapingnet.de\/pl\/vape\/elf-box-ls15000-der-bestseller-mit-blueberry-on-ice-jetzt-fuer-dich\/\" \/>\n<meta property=\"og:site_name\" content=\"Vapingnet.de\" \/>\n<meta property=\"article:publisher\" content=\"https:\/\/www.facebook.com\/vapingnetde\/\" \/>\n<meta property=\"article:modified_time\" content=\"2025-06-19T03:42:55+00:00\" \/>\n<meta property=\"og:image\" content=\"https:\/\/vapingnet.de\/wp-content\/uploads\/2025\/04\/Blueberry-On-Ice.webp\" \/>\n\t<meta property=\"og:image:width\" content=\"1000\" \/>\n\t<meta property=\"og:image:height\" content=\"1000\" \/>\n\t<meta property=\"og:image:type\" content=\"image\/webp\" \/>\n<meta name=\"twitter:card\" content=\"summary_large_image\" \/>\n<meta name=\"twitter:label1\" content=\"Est. reading time\" \/>\n\t<meta name=\"twitter:data1\" content=\"3 minutes\" \/>\n<script type=\"application\/ld+json\" class=\"yoast-schema-graph\">{\"@context\":\"https:\/\/schema.org\",\"@graph\":[{\"@type\":\"WebPage\",\"@id\":\"https:\/\/vapingnet.de\/vape\/elf-box-ls15000-der-bestseller-mit-blueberry-on-ice-jetzt-fuer-dich\/\",\"url\":\"https:\/\/vapingnet.de\/vape\/elf-box-ls15000-der-bestseller-mit-blueberry-on-ice-jetzt-fuer-dich\/\",\"name\":\"ELF BOX LS15000 Der Bestseller Mit Blueberry On Ice Jetzt F\u00fcr Dich | Vapingnet.de\",\"isPartOf\":{\"@id\":\"https:\/\/vapingnet.de\/#website\"},\"primaryImageOfPage\":{\"@id\":\"https:\/\/vapingnet.de\/vape\/elf-box-ls15000-der-bestseller-mit-blueberry-on-ice-jetzt-fuer-dich\/#primaryimage\"},\"image\":{\"@id\":\"https:\/\/vapingnet.de\/vape\/elf-box-ls15000-der-bestseller-mit-blueberry-on-ice-jetzt-fuer-dich\/#primaryimage\"},\"thumbnailUrl\":\"https:\/\/vapingnet.de\/wp-content\/uploads\/2025\/04\/Blueberry-On-Ice.webp\",\"datePublished\":\"2025-04-21T06:59:37+00:00\",\"dateModified\":\"2025-06-19T03:42:55+00:00\",\"description\":\"Entdecke ELF BOX LS15000 Der Bestseller Mit Blueberry On Ice Jetzt F\u00fcr Dich bei vapingnet.de, \u25ba Gro\u00dfe Auswahl an Geschmacksrichtungen & super g\u00fcnstig!\",\"breadcrumb\":{\"@id\":\"https:\/\/vapingnet.de\/vape\/elf-box-ls15000-der-bestseller-mit-blueberry-on-ice-jetzt-fuer-dich\/#breadcrumb\"},\"inLanguage\":\"pl-PL\",\"potentialAction\":[{\"@type\":\"ReadAction\",\"target\":[\"https:\/\/vapingnet.de\/vape\/elf-box-ls15000-der-bestseller-mit-blueberry-on-ice-jetzt-fuer-dich\/\"]}]},{\"@type\":\"ImageObject\",\"inLanguage\":\"pl-PL\",\"@id\":\"https:\/\/vapingnet.de\/vape\/elf-box-ls15000-der-bestseller-mit-blueberry-on-ice-jetzt-fuer-dich\/#primaryimage\",\"url\":\"https:\/\/vapingnet.de\/wp-content\/uploads\/2025\/04\/Blueberry-On-Ice.webp\",\"contentUrl\":\"https:\/\/vapingnet.de\/wp-content\/uploads\/2025\/04\/Blueberry-On-Ice.webp\",\"width\":1000,\"height\":1000},{\"@type\":\"BreadcrumbList\",\"@id\":\"https:\/\/vapingnet.de\/vape\/elf-box-ls15000-der-bestseller-mit-blueberry-on-ice-jetzt-fuer-dich\/#breadcrumb\",\"itemListElement\":[{\"@type\":\"ListItem\",\"position\":1,\"name\":\"Home\",\"item\":\"https:\/\/vapingnet.de\/\"},{\"@type\":\"ListItem\",\"position\":2,\"name\":\"Shop\",\"item\":\"https:\/\/vapingnet.de\/vape\/\"},{\"@type\":\"ListItem\",\"position\":3,\"name\":\"ELF BOX LS15000 Der Bestseller Mit Blueberry On Ice Jetzt F\u00fcr Dich\"}]},{\"@type\":\"WebSite\",\"@id\":\"https:\/\/vapingnet.de\/#website\",\"url\":\"https:\/\/vapingnet.de\/\",\"name\":\"Vapingnet.de\",\"description\":\"\",\"publisher\":{\"@id\":\"https:\/\/vapingnet.de\/#organization\"},\"potentialAction\":[{\"@type\":\"SearchAction\",\"target\":{\"@type\":\"EntryPoint\",\"urlTemplate\":\"https:\/\/vapingnet.de\/?s={search_term_string}\"},\"query-input\":{\"@type\":\"PropertyValueSpecification\",\"valueRequired\":true,\"valueName\":\"search_term_string\"}}],\"inLanguage\":\"pl-PL\"},{\"@type\":\"Organization\",\"@id\":\"https:\/\/vapingnet.de\/#organization\",\"name\":\"Vapingnet.de\",\"url\":\"https:\/\/vapingnet.de\/\",\"logo\":{\"@type\":\"ImageObject\",\"inLanguage\":\"pl-PL\",\"@id\":\"https:\/\/vapingnet.de\/#\/schema\/logo\/image\/\",\"url\":\"https:\/\/vapingnet.de\/wp-content\/uploads\/2025\/03\/cropped-vapingnet.de_.jpg\",\"contentUrl\":\"https:\/\/vapingnet.de\/wp-content\/uploads\/2025\/03\/cropped-vapingnet.de_.jpg\",\"width\":512,\"height\":512,\"caption\":\"Vapingnet.de\"},\"image\":{\"@id\":\"https:\/\/vapingnet.de\/#\/schema\/logo\/image\/\"},\"sameAs\":[\"https:\/\/www.facebook.com\/vapingnetde\/\"]}]}<\/script>\n<!-- \/ Yoast SEO plugin. -->","yoast_head_json":{"title":"ELF BOX LS15000 Der Bestseller Mit Blueberry On Ice Jetzt F\u00fcr Dich | Vapingnet.de","description":"Entdecke ELF BOX LS15000 Der Bestseller Mit Blueberry On Ice Jetzt F\u00fcr Dich bei vapingnet.de, \u25ba Gro\u00dfe Auswahl an Geschmacksrichtungen & super g\u00fcnstig!","robots":{"index":"index","follow":"follow","max-snippet":"max-snippet:-1","max-image-preview":"max-image-preview:large","max-video-preview":"max-video-preview:-1"},"canonical":"https:\/\/vapingnet.de\/pl\/vape\/elf-box-ls15000-der-bestseller-mit-blueberry-on-ice-jetzt-fuer-dich\/","og_locale":"pl_PL","og_type":"article","og_title":"ELF BOX LS15000 Der Bestseller Mit Blueberry On Ice Jetzt F\u00fcr Dich | Vapingnet.de","og_description":"Entdecke ELF BOX LS15000 Der Bestseller Mit Blueberry On Ice Jetzt F\u00fcr Dich bei vapingnet.de, \u25ba Gro\u00dfe Auswahl an Geschmacksrichtungen & super g\u00fcnstig!","og_url":"https:\/\/vapingnet.de\/pl\/vape\/elf-box-ls15000-der-bestseller-mit-blueberry-on-ice-jetzt-fuer-dich\/","og_site_name":"Vapingnet.de","article_publisher":"https:\/\/www.facebook.com\/vapingnetde\/","article_modified_time":"2025-06-19T03:42:55+00:00","og_image":[{"width":1000,"height":1000,"url":"https:\/\/vapingnet.de\/wp-content\/uploads\/2025\/04\/Blueberry-On-Ice.webp","type":"image\/webp"}],"twitter_card":"summary_large_image","twitter_misc":{"Est. reading time":"3 minutes"},"schema":{"@context":"https:\/\/schema.org","@graph":[{"@type":"WebPage","@id":"https:\/\/vapingnet.de\/vape\/elf-box-ls15000-der-bestseller-mit-blueberry-on-ice-jetzt-fuer-dich\/","url":"https:\/\/vapingnet.de\/vape\/elf-box-ls15000-der-bestseller-mit-blueberry-on-ice-jetzt-fuer-dich\/","name":"ELF BOX LS15000 Der Bestseller Mit Blueberry On Ice Jetzt F\u00fcr Dich | Vapingnet.de","isPartOf":{"@id":"https:\/\/vapingnet.de\/#website"},"primaryImageOfPage":{"@id":"https:\/\/vapingnet.de\/vape\/elf-box-ls15000-der-bestseller-mit-blueberry-on-ice-jetzt-fuer-dich\/#primaryimage"},"image":{"@id":"https:\/\/vapingnet.de\/vape\/elf-box-ls15000-der-bestseller-mit-blueberry-on-ice-jetzt-fuer-dich\/#primaryimage"},"thumbnailUrl":"https:\/\/vapingnet.de\/wp-content\/uploads\/2025\/04\/Blueberry-On-Ice.webp","datePublished":"2025-04-21T06:59:37+00:00","dateModified":"2025-06-19T03:42:55+00:00","description":"Entdecke ELF BOX LS15000 Der Bestseller Mit Blueberry On Ice Jetzt F\u00fcr Dich bei vapingnet.de, \u25ba Gro\u00dfe Auswahl an Geschmacksrichtungen & super g\u00fcnstig!","breadcrumb":{"@id":"https:\/\/vapingnet.de\/vape\/elf-box-ls15000-der-bestseller-mit-blueberry-on-ice-jetzt-fuer-dich\/#breadcrumb"},"inLanguage":"pl-PL","potentialAction":[{"@type":"ReadAction","target":["https:\/\/vapingnet.de\/vape\/elf-box-ls15000-der-bestseller-mit-blueberry-on-ice-jetzt-fuer-dich\/"]}]},{"@type":"ImageObject","inLanguage":"pl-PL","@id":"https:\/\/vapingnet.de\/vape\/elf-box-ls15000-der-bestseller-mit-blueberry-on-ice-jetzt-fuer-dich\/#primaryimage","url":"https:\/\/vapingnet.de\/wp-content\/uploads\/2025\/04\/Blueberry-On-Ice.webp","contentUrl":"https:\/\/vapingnet.de\/wp-content\/uploads\/2025\/04\/Blueberry-On-Ice.webp","width":1000,"height":1000},{"@type":"BreadcrumbList","@id":"https:\/\/vapingnet.de\/vape\/elf-box-ls15000-der-bestseller-mit-blueberry-on-ice-jetzt-fuer-dich\/#breadcrumb","itemListElement":[{"@type":"ListItem","position":1,"name":"Home","item":"https:\/\/vapingnet.de\/"},{"@type":"ListItem","position":2,"name":"Shop","item":"https:\/\/vapingnet.de\/vape\/"},{"@type":"ListItem","position":3,"name":"ELF BOX LS15000 Der Bestseller Mit Blueberry On Ice Jetzt F\u00fcr Dich"}]},{"@type":"WebSite","@id":"https:\/\/vapingnet.de\/#website","url":"https:\/\/vapingnet.de\/","name":"Vapingnet.de","description":"","publisher":{"@id":"https:\/\/vapingnet.de\/#organization"},"potentialAction":[{"@type":"SearchAction","target":{"@type":"EntryPoint","urlTemplate":"https:\/\/vapingnet.de\/?s={search_term_string}"},"query-input":{"@type":"PropertyValueSpecification","valueRequired":true,"valueName":"search_term_string"}}],"inLanguage":"pl-PL"},{"@type":"Organization","@id":"https:\/\/vapingnet.de\/#organization","name":"Vapingnet.de","url":"https:\/\/vapingnet.de\/","logo":{"@type":"ImageObject","inLanguage":"pl-PL","@id":"https:\/\/vapingnet.de\/#\/schema\/logo\/image\/","url":"https:\/\/vapingnet.de\/wp-content\/uploads\/2025\/03\/cropped-vapingnet.de_.jpg","contentUrl":"https:\/\/vapingnet.de\/wp-content\/uploads\/2025\/03\/cropped-vapingnet.de_.jpg","width":512,"height":512,"caption":"Vapingnet.de"},"image":{"@id":"https:\/\/vapingnet.de\/#\/schema\/logo\/image\/"},"sameAs":["https:\/\/www.facebook.com\/vapingnetde\/"]}]}},"tiered_pricing_type":"fixed","tiered_pricing_fixed_rules":{"10":"8.35","60":"7.54","110":"6.68","200":"5.85"},"tiered_pricing_product_settings":{"layout":"default","base_unit_name":{"singular":null,"plural":null},"default_variation":null},"tiered_pricing_minimum_quantity":null,"tiered_pricing_roles_data":[],"tiered_pricing_percentage_rules":[],"_links":{"self":[{"href":"https:\/\/vapingnet.de\/pl\/wp-json\/wp\/v2\/product\/6407","targetHints":{"allow":["GET"]}}],"collection":[{"href":"https:\/\/vapingnet.de\/pl\/wp-json\/wp\/v2\/product"}],"about":[{"href":"https:\/\/vapingnet.de\/pl\/wp-json\/wp\/v2\/types\/product"}],"version-history":[{"count":1,"href":"https:\/\/vapingnet.de\/pl\/wp-json\/wp\/v2\/product\/6407\/revisions"}],"predecessor-version":[{"id":6423,"href":"https:\/\/vapingnet.de\/pl\/wp-json\/wp\/v2\/product\/6407\/revisions\/6423"}],"wp:featuredmedia":[{"embeddable":true,"href":"https:\/\/vapingnet.de\/pl\/wp-json\/wp\/v2\/media\/6412"}],"wp:attachment":[{"href":"https:\/\/vapingnet.de\/pl\/wp-json\/wp\/v2\/media?parent=6407"}],"wp:term":[{"taxonomy":"brand","embeddable":true,"href":"https:\/\/vapingnet.de\/pl\/wp-json\/wp\/v2\/etheme_brands?post=6407"},{"taxonomy":"product_brand","embeddable":true,"href":"https:\/\/vapingnet.de\/pl\/wp-json\/wp\/v2\/product_brand?post=6407"},{"taxonomy":"product_cat","embeddable":true,"href":"https:\/\/vapingnet.de\/pl\/wp-json\/wp\/v2\/product_cat?post=6407"},{"taxonomy":"product_tag","embeddable":true,"href":"https:\/\/vapingnet.de\/pl\/wp-json\/wp\/v2\/product_tag?post=6407"}],"curies":[{"name":"wp","href":"https:\/\/api.w.org\/{rel}","templated":true}]}}