{"id":6409,"date":"2025-04-21T06:59:44","date_gmt":"2025-04-21T06:59:44","guid":{"rendered":"https:\/\/vapingnet.de\/?post_type=product&#038;p=6409"},"modified":"2025-06-19T03:42:54","modified_gmt":"2025-06-19T03:42:54","slug":"elf-box-ls15000-hochwertig-langanhaltend-strawberry-kiwi-im-trend","status":"publish","type":"product","link":"https:\/\/vapingnet.de\/pl\/vape\/elf-box-ls15000-hochwertig-langanhaltend-strawberry-kiwi-im-trend\/","title":{"rendered":"ELF BOX LS15000 Wysokiej jako\u015bci d\u0142ugotrwa\u0142y Truskawka Kiwi W Trendzie"},"content":{"rendered":"<h2 data-start=\"0\" data-end=\"69\" data-immersive-translate-walked=\"ae5f9cdc-8663-43c4-a880-bfd30efa7dc1\">ELF BOX LS15000: Trwa\u0142a przyjemno\u015b\u0107 dla palaczy e-papieros\u00f3w o wyrazistym smaku<\/h2>\n<p class=\"\" data-start=\"71\" data-end=\"387\" data-immersive-translate-walked=\"ae5f9cdc-8663-43c4-a880-bfd30efa7dc1\" data-immersive-translate-paragraph=\"1\">Je\u015bli szukasz jednorazowego e-papierosa, kt\u00f3ry d\u0142ugo dzia\u0142a, dobrze smakuje i jest wygodny w u\u017cyciu, ELF BOX LS15000 jest idealnym wyborem. Ten e-papieros \u0142\u0105czy du\u017c\u0105 liczb\u0119 zaci\u0105gni\u0119\u0107 z najwy\u017cszej jako\u015bci doznaniem smakowym i praktyczn\u0105, wielokrotnie \u0142aduj\u0105c\u0105 si\u0119 funkcj\u0105.<\/p>\n<h4 data-start=\"389\" data-end=\"409\" data-immersive-translate-walked=\"ae5f9cdc-8663-43c4-a880-bfd30efa7dc1\">Dane techniczne<\/h4>\n<ul data-start=\"411\" data-end=\"601\" data-immersive-translate-walked=\"ae5f9cdc-8663-43c4-a880-bfd30efa7dc1\">\n<li class=\"\" data-start=\"411\" data-end=\"430\" data-immersive-translate-walked=\"ae5f9cdc-8663-43c4-a880-bfd30efa7dc1\">\n<p class=\"\" data-start=\"413\" data-end=\"430\" data-immersive-translate-walked=\"ae5f9cdc-8663-43c4-a880-bfd30efa7dc1\" data-immersive-translate-paragraph=\"1\">Zaci\u0105gni\u0119cia: 15 000<\/p>\n<\/li>\n<li class=\"\" data-start=\"431\" data-end=\"462\" data-immersive-translate-walked=\"ae5f9cdc-8663-43c4-a880-bfd30efa7dc1\">\n<p class=\"\" data-start=\"433\" data-end=\"462\" data-immersive-translate-walked=\"ae5f9cdc-8663-43c4-a880-bfd30efa7dc1\" data-immersive-translate-paragraph=\"1\">Rdze\u0144: Mesh-Coil (0,6 Ohm)<\/p>\n<\/li>\n<li class=\"\" data-start=\"463\" data-end=\"483\" data-immersive-translate-walked=\"ae5f9cdc-8663-43c4-a880-bfd30efa7dc1\">\n<p class=\"\" data-start=\"465\" data-end=\"483\" data-immersive-translate-walked=\"ae5f9cdc-8663-43c4-a880-bfd30efa7dc1\" data-immersive-translate-paragraph=\"1\">E-liquid: 26ml<\/p>\n<\/li>\n<li class=\"\" data-start=\"484\" data-end=\"509\" data-immersive-translate-walked=\"ae5f9cdc-8663-43c4-a880-bfd30efa7dc1\">\n<p class=\"\" data-start=\"486\" data-end=\"509\" data-immersive-translate-walked=\"ae5f9cdc-8663-43c4-a880-bfd30efa7dc1\" data-immersive-translate-paragraph=\"1\">Nikotyna: 0%, 2%, 5%<\/p>\n<\/li>\n<li class=\"\" data-start=\"510\" data-end=\"532\" data-immersive-translate-walked=\"ae5f9cdc-8663-43c4-a880-bfd30efa7dc1\">\n<p class=\"\" data-start=\"512\" data-end=\"532\" data-immersive-translate-walked=\"ae5f9cdc-8663-43c4-a880-bfd30efa7dc1\" data-immersive-translate-paragraph=\"1\">Bateria: 600mAh<\/p>\n<\/li>\n<li class=\"\" data-start=\"533\" data-end=\"575\" data-immersive-translate-walked=\"ae5f9cdc-8663-43c4-a880-bfd30efa7dc1\">\n<p class=\"\" data-start=\"535\" data-end=\"575\" data-immersive-translate-walked=\"ae5f9cdc-8663-43c4-a880-bfd30efa7dc1\" data-immersive-translate-paragraph=\"1\">Wielokrotne \u0142adowanie: Tak, przez USB Type-C<\/p>\n<\/li>\n<li class=\"\" data-start=\"576\" data-end=\"601\" data-immersive-translate-walked=\"ae5f9cdc-8663-43c4-a880-bfd30efa7dc1\">\n<p class=\"\" data-start=\"578\" data-end=\"601\" data-immersive-translate-walked=\"ae5f9cdc-8663-43c4-a880-bfd30efa7dc1\" data-immersive-translate-paragraph=\"1\">Waga produktu: 91g<\/p>\n<\/li>\n<\/ul>\n<h4 data-start=\"603\" data-end=\"655\" data-immersive-translate-walked=\"ae5f9cdc-8663-43c4-a880-bfd30efa7dc1\">Egzotyczna kombinacja smak\u00f3w: Truskawka Kiwi<\/h4>\n<p class=\"\" data-start=\"657\" data-end=\"1068\" data-immersive-translate-walked=\"ae5f9cdc-8663-43c4-a880-bfd30efa7dc1\" data-immersive-translate-paragraph=\"1\">ELF BOX LS15000 oferuje pyszny smak, kt\u00f3ry \u0142\u0105czy s\u0142odycz \u015bwie\u017cych truskawek z tropikaln\u0105 owocowo\u015bci\u0105 kiwi. Smak \u201eTruskawka Kiwi\u201d to idealne po\u0142\u0105czenie owocowej s\u0142odyczy i orze\u017awiaj\u0105cej \u015bwie\u017co\u015bci, co czyni go idealnym dla palaczy ceni\u0105cych owocowe i smaczne aromaty. Ten smak zapewnia przyjemne doznania podczas inhalacji i d\u0142ugo pozostaje w pami\u0119ci.<\/p>\n<h4 data-start=\"1070\" data-end=\"1114\" data-immersive-translate-walked=\"ae5f9cdc-8663-43c4-a880-bfd30efa7dc1\">D\u0142uga trwa\u0142o\u015b\u0107 i praktyczne u\u017cytkowanie<\/h4>\n<p class=\"\" data-start=\"1116\" data-end=\"1439\" data-immersive-translate-walked=\"ae5f9cdc-8663-43c4-a880-bfd30efa7dc1\" data-immersive-translate-paragraph=\"1\">Z imponuj\u0105c\u0105 pojemno\u015bci\u0105 <a href=\"https:\/\/vapingnet.de\/pl\/k\/vape-15000-zuege\/\" target=\"_blank\" rel=\"noopener\"><strong>15 000 zaci\u0105gni\u0119\u0107<\/strong><\/a> oraz 26ml e-liquid, ELF BOX LS15000 zapewnia wyj\u0105tkow\u0105 \u017cywotno\u015b\u0107, dzi\u0119ki czemu mo\u017cna cieszy\u0107 si\u0119 tym e-papierosem przez d\u0142ugi czas, bez obawy, \u017ce szybko si\u0119 wyczerpie. Mesh-Coil o oporno\u015bci 0,6 Ohm zapewnia r\u00f3wnomierne odparowywanie i intensywny smak przy ka\u017cdym zaci\u0105gni\u0119ciu.<\/p>\n<p class=\"\" data-start=\"1441\" data-end=\"1702\" data-immersive-translate-walked=\"ae5f9cdc-8663-43c4-a880-bfd30efa7dc1\" data-immersive-translate-paragraph=\"1\">Dzi\u0119ki funkcji wielokrotnego \u0142adowania przez USB Type-C mo\u017cna \u0142atwo na\u0142adowa\u0107 ELF BOX LS15000, gdy bateria si\u0119 wyczerpie. Kompaktowa konstrukcja i niewielka waga 91g sprawiaj\u0105, \u017ce jest ona bardzo por\u0119czna i idealna do u\u017cytku mobilnego.<\/p>\n<h3 data-start=\"1704\" data-end=\"1752\" data-immersive-translate-walked=\"ae5f9cdc-8663-43c4-a880-bfd30efa7dc1\">Zalety ELF BOX LS15000 w skr\u00f3cie<\/h3>\n<ul data-start=\"1754\" data-end=\"2304\" data-immersive-translate-walked=\"ae5f9cdc-8663-43c4-a880-bfd30efa7dc1\">\n<li class=\"\" data-start=\"1754\" data-end=\"1825\" data-immersive-translate-walked=\"ae5f9cdc-8663-43c4-a880-bfd30efa7dc1\">\n<p class=\"\" data-start=\"1756\" data-end=\"1825\" data-immersive-translate-walked=\"ae5f9cdc-8663-43c4-a880-bfd30efa7dc1\" data-immersive-translate-paragraph=\"1\">15 000 zaci\u0105gni\u0119\u0107: d\u0142ugotrwa\u0142a \u017cywotno\u015b\u0107 dla d\u0142ugotrwa\u0142ej przyjemno\u015bci z inhalacji.<\/p>\n<\/li>\n<li class=\"\" data-start=\"1826\" data-end=\"1935\" data-immersive-translate-walked=\"ae5f9cdc-8663-43c4-a880-bfd30efa7dc1\">\n<p class=\"\" data-start=\"1828\" data-end=\"1935\" data-immersive-translate-walked=\"ae5f9cdc-8663-43c4-a880-bfd30efa7dc1\" data-immersive-translate-paragraph=\"1\">Orze\u017awiaj\u0105cy smak: mieszanka \u201eTruskawka Kiwi\u201d oferuje owocowe i przyjemne doznania podczas inhalacji.<\/p>\n<\/li>\n<li class=\"\" data-start=\"1936\" data-end=\"2006\" data-immersive-translate-walked=\"ae5f9cdc-8663-43c4-a880-bfd30efa7dc1\">\n<p class=\"\" data-start=\"1938\" data-end=\"2006\" data-immersive-translate-walked=\"ae5f9cdc-8663-43c4-a880-bfd30efa7dc1\" data-immersive-translate-paragraph=\"1\">R\u00f3\u017cne poziomy nikotyny: dost\u0119pne w 0%, 2% i 5% nikotyny.<\/p>\n<\/li>\n<li class=\"\" data-start=\"2007\" data-end=\"2126\" data-immersive-translate-walked=\"ae5f9cdc-8663-43c4-a880-bfd30efa7dc1\">\n<p class=\"\" data-start=\"2009\" data-end=\"2126\" data-immersive-translate-walked=\"ae5f9cdc-8663-43c4-a880-bfd30efa7dc1\" data-immersive-translate-paragraph=\"1\">Wygodne i lekkie: z wag\u0105 zaledwie 91g i kompaktowym rozmiarem, ELF BOX LS15000 jest szczeg\u00f3lnie por\u0119czny.<\/p>\n<\/li>\n<li class=\"\" data-start=\"2127\" data-end=\"2203\" data-immersive-translate-walked=\"ae5f9cdc-8663-43c4-a880-bfd30efa7dc1\">\n<p class=\"\" data-start=\"2129\" data-end=\"2203\" data-immersive-translate-walked=\"ae5f9cdc-8663-43c4-a880-bfd30efa7dc1\" data-immersive-translate-paragraph=\"1\">Ponownie \u0142adowalne: \u0142atwe \u0142adowanie przez USB Type-C dla d\u0142ugotrwa\u0142ego u\u017cytkowania.<\/p>\n<\/li>\n<li class=\"\" data-start=\"2204\" data-end=\"2304\" data-immersive-translate-walked=\"ae5f9cdc-8663-43c4-a880-bfd30efa7dc1\">\n<p class=\"\" data-start=\"2206\" data-end=\"2304\" data-immersive-translate-walked=\"ae5f9cdc-8663-43c4-a880-bfd30efa7dc1\" data-immersive-translate-paragraph=\"1\">Brak op\u0142at celnych: przy zakupie przez vapingnet.de nie obowi\u0105zuj\u0105 dodatkowe op\u0142aty celne.<\/p>\n<\/li>\n<\/ul>\n<h4 data-start=\"2306\" data-end=\"2337\" data-immersive-translate-walked=\"ae5f9cdc-8663-43c4-a880-bfd30efa7dc1\">Dostawa i dost\u0119pno\u015b\u0107<\/h4>\n<p class=\"\" data-start=\"2339\" data-end=\"2534\" data-immersive-translate-walked=\"ae5f9cdc-8663-43c4-a880-bfd30efa7dc1\" data-immersive-translate-paragraph=\"1\">ELF BOX LS15000 jest dost\u0119pny w vapingnet.de i dostarczany w ci\u0105gu 7-15 dni roboczych. Dzi\u0119ki szybkiej wysy\u0142ce mo\u017cesz cieszy\u0107 si\u0119 nowym do\u015bwiadczeniem vapingowym w najkr\u00f3tszym czasie.<\/p>\n<h4 data-start=\"2536\" data-end=\"2545\" data-immersive-translate-walked=\"ae5f9cdc-8663-43c4-a880-bfd30efa7dc1\">ELF BOX LS15000 \u2013 idealny wyb\u00f3r dla trwa\u0142ej przyjemno\u015bci i owocowego smaku<\/h4>\n<p class=\"\" data-start=\"2547\" data-end=\"3022\" data-immersive-translate-walked=\"ae5f9cdc-8663-43c4-a880-bfd30efa7dc1\" data-immersive-translate-paragraph=\"1\">ELF BOX LS15000 oferuje nie tylko doskona\u0142y smak, ale tak\u017ce d\u0142ug\u0105 \u017cywotno\u015b\u0107 i przyjazn\u0105 obs\u0142ug\u0119. Po\u0142\u0105czenie smaku \u201eTruskawka Kiwi\u201d i praktycznej, ponownie \u0142adowalnej funkcji czyni j\u0105 idealnym wyborem dla vaporzyst\u00f3w poszukuj\u0105cych niezawodnego i wysokiej jako\u015bci e-papierosa. Odwied\u017a vapingnet.de, aby zam\u00f3wi\u0107 swoj\u0105 ELF BOX LS15000 i do\u015bwiadczy\u0107 niezapomnianego vapingowego prze\u017cycia.<\/p>","protected":false},"excerpt":{"rendered":"<p>ELF BOX LS15000: Trwa\u0142a przyjemno\u015b\u0107 dla waper\u00f3w ze smakiem Je\u015bli szukasz jednorazowego e-papierosa, kt\u00f3ry d\u0142ugo dzia\u0142a, dobrze smakuje i...<\/p>","protected":false},"featured_media":6418,"template":"","meta":[],"etheme_brands":[],"product_brand":[100],"product_cat":[53,49,61],"product_tag":[],"class_list":{"0":"post-6409","1":"product","2":"type-product","3":"status-publish","4":"has-post-thumbnail","6":"product_brand-elf-box-vape","7":"product_cat-vape-15000-zuege","8":"product_cat-einweg-e-zigarette","9":"product_cat-f","11":"first","12":"instock","13":"shipping-taxable","14":"purchasable","15":"product-type-simple"},"yoast_head":"<!-- This site is optimized with the Yoast SEO plugin v26.5 - https:\/\/yoast.com\/wordpress\/plugins\/seo\/ -->\n<title>ELF BOX LS15000 Hochwertig Langanhaltend Strawberry Kiwi Im Trend | Vapingnet.de<\/title>\n<meta name=\"description\" content=\"Entdecke ELF BOX LS15000 Hochwertig Langanhaltend Strawberry Kiwi Im Trend bei vapingnet.de, \u25ba Gro\u00dfe Auswahl an Geschmacksrichtungen &amp; super g\u00fcnstig!\" \/>\n<meta name=\"robots\" content=\"index, follow, max-snippet:-1, max-image-preview:large, max-video-preview:-1\" \/>\n<link rel=\"canonical\" href=\"https:\/\/vapingnet.de\/pl\/vape\/elf-box-ls15000-hochwertig-langanhaltend-strawberry-kiwi-im-trend\/\" \/>\n<meta property=\"og:locale\" content=\"pl_PL\" \/>\n<meta property=\"og:type\" content=\"article\" \/>\n<meta property=\"og:title\" content=\"ELF BOX LS15000 Hochwertig Langanhaltend Strawberry Kiwi Im Trend | Vapingnet.de\" \/>\n<meta property=\"og:description\" content=\"Entdecke ELF BOX LS15000 Hochwertig Langanhaltend Strawberry Kiwi Im Trend bei vapingnet.de, \u25ba Gro\u00dfe Auswahl an Geschmacksrichtungen &amp; super g\u00fcnstig!\" \/>\n<meta property=\"og:url\" content=\"https:\/\/vapingnet.de\/pl\/vape\/elf-box-ls15000-hochwertig-langanhaltend-strawberry-kiwi-im-trend\/\" \/>\n<meta property=\"og:site_name\" content=\"Vapingnet.de\" \/>\n<meta property=\"article:publisher\" content=\"https:\/\/www.facebook.com\/vapingnetde\/\" \/>\n<meta property=\"article:modified_time\" content=\"2025-06-19T03:42:54+00:00\" \/>\n<meta property=\"og:image\" content=\"https:\/\/vapingnet.de\/wp-content\/uploads\/2025\/04\/Strawberry-Kiwi.webp\" \/>\n\t<meta property=\"og:image:width\" content=\"1000\" \/>\n\t<meta property=\"og:image:height\" content=\"1000\" \/>\n\t<meta property=\"og:image:type\" content=\"image\/webp\" \/>\n<meta name=\"twitter:card\" content=\"summary_large_image\" \/>\n<meta name=\"twitter:label1\" content=\"Est. reading time\" \/>\n\t<meta name=\"twitter:data1\" content=\"3 minutes\" \/>\n<script type=\"application\/ld+json\" class=\"yoast-schema-graph\">{\"@context\":\"https:\/\/schema.org\",\"@graph\":[{\"@type\":\"WebPage\",\"@id\":\"https:\/\/vapingnet.de\/vape\/elf-box-ls15000-hochwertig-langanhaltend-strawberry-kiwi-im-trend\/\",\"url\":\"https:\/\/vapingnet.de\/vape\/elf-box-ls15000-hochwertig-langanhaltend-strawberry-kiwi-im-trend\/\",\"name\":\"ELF BOX LS15000 Hochwertig Langanhaltend Strawberry Kiwi Im Trend | Vapingnet.de\",\"isPartOf\":{\"@id\":\"https:\/\/vapingnet.de\/#website\"},\"primaryImageOfPage\":{\"@id\":\"https:\/\/vapingnet.de\/vape\/elf-box-ls15000-hochwertig-langanhaltend-strawberry-kiwi-im-trend\/#primaryimage\"},\"image\":{\"@id\":\"https:\/\/vapingnet.de\/vape\/elf-box-ls15000-hochwertig-langanhaltend-strawberry-kiwi-im-trend\/#primaryimage\"},\"thumbnailUrl\":\"https:\/\/vapingnet.de\/wp-content\/uploads\/2025\/04\/Strawberry-Kiwi.webp\",\"datePublished\":\"2025-04-21T06:59:44+00:00\",\"dateModified\":\"2025-06-19T03:42:54+00:00\",\"description\":\"Entdecke ELF BOX LS15000 Hochwertig Langanhaltend Strawberry Kiwi Im Trend bei vapingnet.de, \u25ba Gro\u00dfe Auswahl an Geschmacksrichtungen & super g\u00fcnstig!\",\"breadcrumb\":{\"@id\":\"https:\/\/vapingnet.de\/vape\/elf-box-ls15000-hochwertig-langanhaltend-strawberry-kiwi-im-trend\/#breadcrumb\"},\"inLanguage\":\"pl-PL\",\"potentialAction\":[{\"@type\":\"ReadAction\",\"target\":[\"https:\/\/vapingnet.de\/vape\/elf-box-ls15000-hochwertig-langanhaltend-strawberry-kiwi-im-trend\/\"]}]},{\"@type\":\"ImageObject\",\"inLanguage\":\"pl-PL\",\"@id\":\"https:\/\/vapingnet.de\/vape\/elf-box-ls15000-hochwertig-langanhaltend-strawberry-kiwi-im-trend\/#primaryimage\",\"url\":\"https:\/\/vapingnet.de\/wp-content\/uploads\/2025\/04\/Strawberry-Kiwi.webp\",\"contentUrl\":\"https:\/\/vapingnet.de\/wp-content\/uploads\/2025\/04\/Strawberry-Kiwi.webp\",\"width\":1000,\"height\":1000},{\"@type\":\"BreadcrumbList\",\"@id\":\"https:\/\/vapingnet.de\/vape\/elf-box-ls15000-hochwertig-langanhaltend-strawberry-kiwi-im-trend\/#breadcrumb\",\"itemListElement\":[{\"@type\":\"ListItem\",\"position\":1,\"name\":\"Home\",\"item\":\"https:\/\/vapingnet.de\/\"},{\"@type\":\"ListItem\",\"position\":2,\"name\":\"Shop\",\"item\":\"https:\/\/vapingnet.de\/vape\/\"},{\"@type\":\"ListItem\",\"position\":3,\"name\":\"ELF BOX LS15000 Hochwertig Langanhaltend Strawberry Kiwi Im Trend\"}]},{\"@type\":\"WebSite\",\"@id\":\"https:\/\/vapingnet.de\/#website\",\"url\":\"https:\/\/vapingnet.de\/\",\"name\":\"Vapingnet.de\",\"description\":\"\",\"publisher\":{\"@id\":\"https:\/\/vapingnet.de\/#organization\"},\"potentialAction\":[{\"@type\":\"SearchAction\",\"target\":{\"@type\":\"EntryPoint\",\"urlTemplate\":\"https:\/\/vapingnet.de\/?s={search_term_string}\"},\"query-input\":{\"@type\":\"PropertyValueSpecification\",\"valueRequired\":true,\"valueName\":\"search_term_string\"}}],\"inLanguage\":\"pl-PL\"},{\"@type\":\"Organization\",\"@id\":\"https:\/\/vapingnet.de\/#organization\",\"name\":\"Vapingnet.de\",\"url\":\"https:\/\/vapingnet.de\/\",\"logo\":{\"@type\":\"ImageObject\",\"inLanguage\":\"pl-PL\",\"@id\":\"https:\/\/vapingnet.de\/#\/schema\/logo\/image\/\",\"url\":\"https:\/\/vapingnet.de\/wp-content\/uploads\/2025\/03\/cropped-vapingnet.de_.jpg\",\"contentUrl\":\"https:\/\/vapingnet.de\/wp-content\/uploads\/2025\/03\/cropped-vapingnet.de_.jpg\",\"width\":512,\"height\":512,\"caption\":\"Vapingnet.de\"},\"image\":{\"@id\":\"https:\/\/vapingnet.de\/#\/schema\/logo\/image\/\"},\"sameAs\":[\"https:\/\/www.facebook.com\/vapingnetde\/\"]}]}<\/script>\n<!-- \/ Yoast SEO plugin. -->","yoast_head_json":{"title":"ELF BOX LS15000 Hochwertig Langanhaltend Strawberry Kiwi Im Trend | Vapingnet.de","description":"Entdecke ELF BOX LS15000 Hochwertig Langanhaltend Strawberry Kiwi Im Trend bei vapingnet.de, \u25ba Gro\u00dfe Auswahl an Geschmacksrichtungen & super g\u00fcnstig!","robots":{"index":"index","follow":"follow","max-snippet":"max-snippet:-1","max-image-preview":"max-image-preview:large","max-video-preview":"max-video-preview:-1"},"canonical":"https:\/\/vapingnet.de\/pl\/vape\/elf-box-ls15000-hochwertig-langanhaltend-strawberry-kiwi-im-trend\/","og_locale":"pl_PL","og_type":"article","og_title":"ELF BOX LS15000 Hochwertig Langanhaltend Strawberry Kiwi Im Trend | Vapingnet.de","og_description":"Entdecke ELF BOX LS15000 Hochwertig Langanhaltend Strawberry Kiwi Im Trend bei vapingnet.de, \u25ba Gro\u00dfe Auswahl an Geschmacksrichtungen & super g\u00fcnstig!","og_url":"https:\/\/vapingnet.de\/pl\/vape\/elf-box-ls15000-hochwertig-langanhaltend-strawberry-kiwi-im-trend\/","og_site_name":"Vapingnet.de","article_publisher":"https:\/\/www.facebook.com\/vapingnetde\/","article_modified_time":"2025-06-19T03:42:54+00:00","og_image":[{"width":1000,"height":1000,"url":"https:\/\/vapingnet.de\/wp-content\/uploads\/2025\/04\/Strawberry-Kiwi.webp","type":"image\/webp"}],"twitter_card":"summary_large_image","twitter_misc":{"Est. reading time":"3 minutes"},"schema":{"@context":"https:\/\/schema.org","@graph":[{"@type":"WebPage","@id":"https:\/\/vapingnet.de\/vape\/elf-box-ls15000-hochwertig-langanhaltend-strawberry-kiwi-im-trend\/","url":"https:\/\/vapingnet.de\/vape\/elf-box-ls15000-hochwertig-langanhaltend-strawberry-kiwi-im-trend\/","name":"ELF BOX LS15000 Hochwertig Langanhaltend Strawberry Kiwi Im Trend | Vapingnet.de","isPartOf":{"@id":"https:\/\/vapingnet.de\/#website"},"primaryImageOfPage":{"@id":"https:\/\/vapingnet.de\/vape\/elf-box-ls15000-hochwertig-langanhaltend-strawberry-kiwi-im-trend\/#primaryimage"},"image":{"@id":"https:\/\/vapingnet.de\/vape\/elf-box-ls15000-hochwertig-langanhaltend-strawberry-kiwi-im-trend\/#primaryimage"},"thumbnailUrl":"https:\/\/vapingnet.de\/wp-content\/uploads\/2025\/04\/Strawberry-Kiwi.webp","datePublished":"2025-04-21T06:59:44+00:00","dateModified":"2025-06-19T03:42:54+00:00","description":"Entdecke ELF BOX LS15000 Hochwertig Langanhaltend Strawberry Kiwi Im Trend bei vapingnet.de, \u25ba Gro\u00dfe Auswahl an Geschmacksrichtungen & super g\u00fcnstig!","breadcrumb":{"@id":"https:\/\/vapingnet.de\/vape\/elf-box-ls15000-hochwertig-langanhaltend-strawberry-kiwi-im-trend\/#breadcrumb"},"inLanguage":"pl-PL","potentialAction":[{"@type":"ReadAction","target":["https:\/\/vapingnet.de\/vape\/elf-box-ls15000-hochwertig-langanhaltend-strawberry-kiwi-im-trend\/"]}]},{"@type":"ImageObject","inLanguage":"pl-PL","@id":"https:\/\/vapingnet.de\/vape\/elf-box-ls15000-hochwertig-langanhaltend-strawberry-kiwi-im-trend\/#primaryimage","url":"https:\/\/vapingnet.de\/wp-content\/uploads\/2025\/04\/Strawberry-Kiwi.webp","contentUrl":"https:\/\/vapingnet.de\/wp-content\/uploads\/2025\/04\/Strawberry-Kiwi.webp","width":1000,"height":1000},{"@type":"BreadcrumbList","@id":"https:\/\/vapingnet.de\/vape\/elf-box-ls15000-hochwertig-langanhaltend-strawberry-kiwi-im-trend\/#breadcrumb","itemListElement":[{"@type":"ListItem","position":1,"name":"Home","item":"https:\/\/vapingnet.de\/"},{"@type":"ListItem","position":2,"name":"Shop","item":"https:\/\/vapingnet.de\/vape\/"},{"@type":"ListItem","position":3,"name":"ELF BOX LS15000 Hochwertig Langanhaltend Strawberry Kiwi Im Trend"}]},{"@type":"WebSite","@id":"https:\/\/vapingnet.de\/#website","url":"https:\/\/vapingnet.de\/","name":"Vapingnet.de","description":"","publisher":{"@id":"https:\/\/vapingnet.de\/#organization"},"potentialAction":[{"@type":"SearchAction","target":{"@type":"EntryPoint","urlTemplate":"https:\/\/vapingnet.de\/?s={search_term_string}"},"query-input":{"@type":"PropertyValueSpecification","valueRequired":true,"valueName":"search_term_string"}}],"inLanguage":"pl-PL"},{"@type":"Organization","@id":"https:\/\/vapingnet.de\/#organization","name":"Vapingnet.de","url":"https:\/\/vapingnet.de\/","logo":{"@type":"ImageObject","inLanguage":"pl-PL","@id":"https:\/\/vapingnet.de\/#\/schema\/logo\/image\/","url":"https:\/\/vapingnet.de\/wp-content\/uploads\/2025\/03\/cropped-vapingnet.de_.jpg","contentUrl":"https:\/\/vapingnet.de\/wp-content\/uploads\/2025\/03\/cropped-vapingnet.de_.jpg","width":512,"height":512,"caption":"Vapingnet.de"},"image":{"@id":"https:\/\/vapingnet.de\/#\/schema\/logo\/image\/"},"sameAs":["https:\/\/www.facebook.com\/vapingnetde\/"]}]}},"tiered_pricing_type":"fixed","tiered_pricing_fixed_rules":{"10":"8.35","60":"7.54","110":"6.68","200":"5.85"},"tiered_pricing_product_settings":{"layout":"default","base_unit_name":{"singular":null,"plural":null},"default_variation":null},"tiered_pricing_minimum_quantity":null,"tiered_pricing_roles_data":[],"tiered_pricing_percentage_rules":[],"_links":{"self":[{"href":"https:\/\/vapingnet.de\/pl\/wp-json\/wp\/v2\/product\/6409","targetHints":{"allow":["GET"]}}],"collection":[{"href":"https:\/\/vapingnet.de\/pl\/wp-json\/wp\/v2\/product"}],"about":[{"href":"https:\/\/vapingnet.de\/pl\/wp-json\/wp\/v2\/types\/product"}],"version-history":[{"count":1,"href":"https:\/\/vapingnet.de\/pl\/wp-json\/wp\/v2\/product\/6409\/revisions"}],"predecessor-version":[{"id":6425,"href":"https:\/\/vapingnet.de\/pl\/wp-json\/wp\/v2\/product\/6409\/revisions\/6425"}],"wp:featuredmedia":[{"embeddable":true,"href":"https:\/\/vapingnet.de\/pl\/wp-json\/wp\/v2\/media\/6418"}],"wp:attachment":[{"href":"https:\/\/vapingnet.de\/pl\/wp-json\/wp\/v2\/media?parent=6409"}],"wp:term":[{"taxonomy":"brand","embeddable":true,"href":"https:\/\/vapingnet.de\/pl\/wp-json\/wp\/v2\/etheme_brands?post=6409"},{"taxonomy":"product_brand","embeddable":true,"href":"https:\/\/vapingnet.de\/pl\/wp-json\/wp\/v2\/product_brand?post=6409"},{"taxonomy":"product_cat","embeddable":true,"href":"https:\/\/vapingnet.de\/pl\/wp-json\/wp\/v2\/product_cat?post=6409"},{"taxonomy":"product_tag","embeddable":true,"href":"https:\/\/vapingnet.de\/pl\/wp-json\/wp\/v2\/product_tag?post=6409"}],"curies":[{"name":"wp","href":"https:\/\/api.w.org\/{rel}","templated":true}]}}