{"id":6410,"date":"2025-04-21T06:59:46","date_gmt":"2025-04-21T06:59:46","guid":{"rendered":"https:\/\/vapingnet.de\/?post_type=product&#038;p=6410"},"modified":"2025-06-19T03:42:54","modified_gmt":"2025-06-19T03:42:54","slug":"elf-box-ls15000-mit-blue-razz-lemonade-der-vape-trend-ohne-zollgebuehren","status":"publish","type":"product","link":"https:\/\/vapingnet.de\/pl\/vape\/elf-box-ls15000-mit-blue-razz-lemonade-der-vape-trend-ohne-zollgebuehren\/","title":{"rendered":"ELF BOX LS15000 z Blue Razz Lemonade, trend vape bez op\u0142at celnych"},"content":{"rendered":"<h2 data-start=\"0\" data-end=\"63\" data-immersive-translate-walked=\"a5a6adc2-6f67-4a31-b234-32a68ba45492\">Do\u015bwiadcz najwy\u017cszej jako\u015bci vapingu z ELF BOX LS15000<\/h2>\n<p class=\"\" data-start=\"65\" data-end=\"419\" data-immersive-translate-walked=\"a5a6adc2-6f67-4a31-b234-32a68ba45492\" data-immersive-translate-paragraph=\"1\">Jednorazowa e-papieros ELF BOX LS15000 oferuje wyj\u0105tkow\u0105 moc i orze\u017awiaj\u0105cy smak, kt\u00f3ry zamienia vapowanie w prawdziw\u0105 przyjemno\u015b\u0107. Idealny dla vapist\u00f3w poszukuj\u0105cych trwa\u0142ego i wydajnego e-papierosa, ten jednorazowy e-papieros ma szereg zalet, kt\u00f3re czyni\u0105 go popularnym wyborem.<\/p>\n<h4 data-start=\"421\" data-end=\"473\" data-immersive-translate-walked=\"a5a6adc2-6f67-4a31-b234-32a68ba45492\" data-immersive-translate-paragraph=\"1\">Najwy\u017csza moc dla d\u0142ugotrwa\u0142ej przyjemno\u015bci z chmur<\/h4>\n<p class=\"\" data-start=\"475\" data-end=\"915\" data-immersive-translate-walked=\"a5a6adc2-6f67-4a31-b234-32a68ba45492\" data-immersive-translate-paragraph=\"1\">Z imponuj\u0105c\u0105 pojemno\u015bci\u0105 26 ml e-liquid i \u017cywotno\u015bci\u0105 do 15 000 poci\u0105gni\u0119\u0107, ELF BOX LS15000 jest zaprojektowany na d\u0142ugotrwa\u0142e u\u017cytkowanie. Wydajny mesh-coil o oporno\u015bci 0,6 Ohma zapewnia r\u00f3wnomierne odparowywanie i intensywny smak przy ka\u017cdym poci\u0105gni\u0119ciu. Ten e-papieros oferuje idealne po\u0142\u0105czenie \u0142atwo\u015bci obs\u0142ugi i wyj\u0105tkowej wydajno\u015bci, dzi\u0119ki czemu nie musisz martwi\u0107 si\u0119 o cz\u0119ste uzupe\u0142nianie.<\/p>\n<h4 data-start=\"917\" data-end=\"959\" data-immersive-translate-walked=\"a5a6adc2-6f67-4a31-b234-32a68ba45492\" data-immersive-translate-paragraph=\"1\">Do\u015bwiadczenie smakowe: Blue Razz Lemonade<\/h4>\n<p class=\"\" data-start=\"961\" data-end=\"1245\" data-immersive-translate-walked=\"a5a6adc2-6f67-4a31-b234-32a68ba45492\" data-immersive-translate-paragraph=\"1\">Smak Blue Razz Lemonade to orze\u017awiaj\u0105ca przyjemno\u015b\u0107, \u0142\u0105cz\u0105ca s\u0142odk\u0105 owocowo\u015b\u0107 bor\u00f3wek z orze\u017awiaj\u0105cym akcentem lemoniady cytrynowej. Ka\u017cde poci\u0105gni\u0119cie tego jednorazowego e-papierosa zapewnia \u017cywy, \u015bwie\u017cy smak, kt\u00f3ry jeszcze bardziej uprzyjemnia vapowanie.<\/p>\n<h4 data-start=\"1247\" data-end=\"1287\" data-immersive-translate-walked=\"a5a6adc2-6f67-4a31-b234-32a68ba45492\" data-immersive-translate-paragraph=\"1\">Wygoda u\u017cytkowania i elastyczno\u015b\u0107<\/h4>\n<p class=\"\" data-start=\"1289\" data-end=\"1625\" data-immersive-translate-walked=\"a5a6adc2-6f67-4a31-b234-32a68ba45492\" data-immersive-translate-paragraph=\"1\">ELF BOX LS15000 dzi\u0119ki baterii 600mAh i praktycznemu \u0142adowaniu USB Type-C zapewnia wygod\u0119 u\u017cytkowania. Ten e-papieros mo\u017cna \u0142atwo na\u0142adowa\u0107, co wyd\u0142u\u017ca jego \u017cywotno\u015b\u0107. Wa\u017cy zaledwie 91g, jest lekki i por\u0119czny, co czyni go idealnym towarzyszem na co dzie\u0144.<\/p>\n<h4 data-start=\"1627\" data-end=\"1673\" data-immersive-translate-walked=\"a5a6adc2-6f67-4a31-b234-32a68ba45492\" data-immersive-translate-paragraph=\"1\">Opcje nikotynowe dostosowane do indywidualnych preferencji<\/h4>\n<p class=\"\" data-start=\"1675\" data-end=\"1925\" data-immersive-translate-walked=\"a5a6adc2-6f67-4a31-b234-32a68ba45492\" data-immersive-translate-paragraph=\"1\">Dzi\u0119ki st\u0119\u017ceniom nikotyny 0%, 2% i 5%, vapory mog\u0105 wybra\u0107 ELF BOX LS15000 zgodnie z w\u0142asnymi preferencjami. Niezale\u017cnie od tego, czy chcesz do\u015bwiadczenia bez nikotyny, czy mocniejszego dozowania nikotyny, ten e-papieros dostosuje si\u0119 do Twoich potrzeb.<\/p>\n<h3>G\u0142\u00f3wne cechy ELF BOX LS15000:<\/h3>\n<ul data-start=\"1971\" data-end=\"2393\" data-immersive-translate-walked=\"a5a6adc2-6f67-4a31-b234-32a68ba45492\">\n<li class=\"\" data-start=\"1971\" data-end=\"2011\" data-immersive-translate-walked=\"a5a6adc2-6f67-4a31-b234-32a68ba45492\">\n<p class=\"\" data-start=\"1973\" data-end=\"2011\" data-immersive-translate-walked=\"a5a6adc2-6f67-4a31-b234-32a68ba45492\" data-immersive-translate-paragraph=\"1\">15 000 poci\u0105gni\u0119\u0107 dla d\u0142ugotrwa\u0142ej przyjemno\u015bci<\/p>\n<\/li>\n<li class=\"\" data-start=\"2012\" data-end=\"2080\" data-immersive-translate-walked=\"a5a6adc2-6f67-4a31-b234-32a68ba45492\">\n<p class=\"\" data-start=\"2014\" data-end=\"2080\" data-immersive-translate-walked=\"a5a6adc2-6f67-4a31-b234-32a68ba45492\" data-immersive-translate-paragraph=\"1\">Smak Blue Razz Lemonade dla \u015bwie\u017cego, owocowego do\u015bwiadczenia<\/p>\n<\/li>\n<li class=\"\" data-start=\"2081\" data-end=\"2133\" data-immersive-translate-walked=\"a5a6adc2-6f67-4a31-b234-32a68ba45492\">\n<p class=\"\" data-start=\"2083\" data-end=\"2133\" data-immersive-translate-walked=\"a5a6adc2-6f67-4a31-b234-32a68ba45492\" data-immersive-translate-paragraph=\"1\">Mesh-coil o oporno\u015bci 0,6 Ohma dla r\u00f3wnomiernego odparowywania<\/p>\n<\/li>\n<li class=\"\" data-start=\"2134\" data-end=\"2197\" data-immersive-translate-walked=\"a5a6adc2-6f67-4a31-b234-32a68ba45492\">\n<p class=\"\" data-start=\"2136\" data-end=\"2197\" data-immersive-translate-walked=\"a5a6adc2-6f67-4a31-b234-32a68ba45492\" data-immersive-translate-paragraph=\"1\">Mo\u017cliwo\u015b\u0107 \u0142adowania przez USB Type-C dla d\u0142u\u017cszego u\u017cytkowania<\/p>\n<\/li>\n<li class=\"\" data-start=\"2198\" data-end=\"2246\" data-immersive-translate-walked=\"a5a6adc2-6f67-4a31-b234-32a68ba45492\">\n<p class=\"\" data-start=\"2200\" data-end=\"2246\" data-immersive-translate-walked=\"a5a6adc2-6f67-4a31-b234-32a68ba45492\" data-immersive-translate-paragraph=\"1\">Bateria 600mAh dla niezawodnej wydajno\u015bci<\/p>\n<\/li>\n<li class=\"\" data-start=\"2247\" data-end=\"2299\" data-immersive-translate-walked=\"a5a6adc2-6f67-4a31-b234-32a68ba45492\">\n<p class=\"\" data-start=\"2249\" data-end=\"2299\" data-immersive-translate-walked=\"a5a6adc2-6f67-4a31-b234-32a68ba45492\" data-immersive-translate-paragraph=\"1\">Waga zaledwie 91g, idealny do u\u017cytku mobilnego<\/p>\n<\/li>\n<li class=\"\" data-start=\"2300\" data-end=\"2341\" data-immersive-translate-walked=\"a5a6adc2-6f67-4a31-b234-32a68ba45492\">\n<p class=\"\" data-start=\"2302\" data-end=\"2341\" data-immersive-translate-walked=\"a5a6adc2-6f67-4a31-b234-32a68ba45492\" data-immersive-translate-paragraph=\"1\">Dost\u0119pny w st\u0119\u017ceniach nikotyny: 0%, 2%, 5%<\/p>\n<\/li>\n<li class=\"\" data-start=\"2342\" data-end=\"2393\" data-immersive-translate-walked=\"a5a6adc2-6f67-4a31-b234-32a68ba45492\">\n<p class=\"\" data-start=\"2344\" data-end=\"2393\" data-immersive-translate-walked=\"a5a6adc2-6f67-4a31-b234-32a68ba45492\" data-immersive-translate-paragraph=\"1\">Brak op\u0142at celnych przy zakupie na vapingnet.de<\/p>\n<\/li>\n<\/ul>\n<h4 data-start=\"2395\" data-end=\"2417\" data-immersive-translate-walked=\"a5a6adc2-6f67-4a31-b234-32a68ba45492\" data-immersive-translate-paragraph=\"1\">Szybka dostawa<\/h4>\n<p class=\"\" data-start=\"2419\" data-end=\"2635\" data-immersive-translate-walked=\"a5a6adc2-6f67-4a31-b234-32a68ba45492\" data-immersive-translate-paragraph=\"1\">Zam\u00f3w ELF BOX LS15000 na vapingnet.de i ciesz si\u0119 dostaw\u0105 w ci\u0105gu 7-15 dni roboczych. Dzi\u0119ki szybkiej wysy\u0142ce szybko skorzystasz z tego wysokiej jako\u015bci e-papierosa.<\/p>\n<p class=\"\" data-start=\"2637\" data-end=\"2941\" data-immersive-translate-walked=\"a5a6adc2-6f67-4a31-b234-32a68ba45492\" data-immersive-translate-paragraph=\"1\">ELF BOX LS15000 \u0142\u0105czy wszystko, czego oczekujesz od nowoczesnego jednorazowego e-papierosa: d\u0142ugotrwa\u0142\u0105 moc, intensywny smak i prost\u0105 obs\u0142ug\u0119. Pozw\u00f3l sobie na to wyj\u0105tkowe do\u015bwiadczenie vapingu i odkryj orze\u017awiaj\u0105cy smak Blue Razz Lemonade!<\/p>","protected":false},"excerpt":{"rendered":"<p>Erlebe das ultimative Dampferlebnis mit der ELF BOX LS15000 Die ELF BOX LS15000 Einweg-E-Zigarette bietet eine au\u00dfergew\u00f6hnliche Leistung und einen erfrischenden Geschmack, der das Dampfen&#8230;<\/p>","protected":false},"featured_media":6411,"template":"","meta":[],"etheme_brands":[],"product_brand":[100],"product_cat":[53,49,61],"product_tag":[],"class_list":{"0":"post-6410","1":"product","2":"type-product","3":"status-publish","4":"has-post-thumbnail","6":"product_brand-elf-box-vape","7":"product_cat-vape-15000-zuege","8":"product_cat-einweg-e-zigarette","9":"product_cat-f","11":"first","12":"instock","13":"shipping-taxable","14":"purchasable","15":"product-type-simple"},"yoast_head":"<!-- This site is optimized with the Yoast SEO plugin v26.5 - https:\/\/yoast.com\/wordpress\/plugins\/seo\/ -->\n<title>ELF BOX LS15000 Mit Blue Razz Lemonade Der Vape Trend Ohne Zollgeb\u00fchren | Vapingnet.de<\/title>\n<meta name=\"description\" content=\"Entdecke ELF BOX LS15000 Mit Blue Razz Lemonade Der Vape Trend Ohne Zollgeb\u00fchren bei vapingnet.de, \u25ba Gro\u00dfe Auswahl an Geschmacksrichtungen &amp; super g\u00fcnstig!\" \/>\n<meta name=\"robots\" content=\"index, follow, max-snippet:-1, max-image-preview:large, max-video-preview:-1\" \/>\n<link rel=\"canonical\" href=\"https:\/\/vapingnet.de\/pl\/vape\/elf-box-ls15000-mit-blue-razz-lemonade-der-vape-trend-ohne-zollgebuehren\/\" \/>\n<meta property=\"og:locale\" content=\"pl_PL\" \/>\n<meta property=\"og:type\" content=\"article\" \/>\n<meta property=\"og:title\" content=\"ELF BOX LS15000 Mit Blue Razz Lemonade Der Vape Trend Ohne Zollgeb\u00fchren | Vapingnet.de\" \/>\n<meta property=\"og:description\" content=\"Entdecke ELF BOX LS15000 Mit Blue Razz Lemonade Der Vape Trend Ohne Zollgeb\u00fchren bei vapingnet.de, \u25ba Gro\u00dfe Auswahl an Geschmacksrichtungen &amp; super g\u00fcnstig!\" \/>\n<meta property=\"og:url\" content=\"https:\/\/vapingnet.de\/pl\/vape\/elf-box-ls15000-mit-blue-razz-lemonade-der-vape-trend-ohne-zollgebuehren\/\" \/>\n<meta property=\"og:site_name\" content=\"Vapingnet.de\" \/>\n<meta property=\"article:publisher\" content=\"https:\/\/www.facebook.com\/vapingnetde\/\" \/>\n<meta property=\"article:modified_time\" content=\"2025-06-19T03:42:54+00:00\" \/>\n<meta property=\"og:image\" content=\"https:\/\/vapingnet.de\/wp-content\/uploads\/2025\/04\/Blue-Razz-Lemonade.webp\" \/>\n\t<meta property=\"og:image:width\" content=\"1000\" \/>\n\t<meta property=\"og:image:height\" content=\"1000\" \/>\n\t<meta property=\"og:image:type\" content=\"image\/webp\" \/>\n<meta name=\"twitter:card\" content=\"summary_large_image\" \/>\n<meta name=\"twitter:label1\" content=\"Est. reading time\" \/>\n\t<meta name=\"twitter:data1\" content=\"3 minutes\" \/>\n<script type=\"application\/ld+json\" class=\"yoast-schema-graph\">{\"@context\":\"https:\/\/schema.org\",\"@graph\":[{\"@type\":\"WebPage\",\"@id\":\"https:\/\/vapingnet.de\/vape\/elf-box-ls15000-mit-blue-razz-lemonade-der-vape-trend-ohne-zollgebuehren\/\",\"url\":\"https:\/\/vapingnet.de\/vape\/elf-box-ls15000-mit-blue-razz-lemonade-der-vape-trend-ohne-zollgebuehren\/\",\"name\":\"ELF BOX LS15000 Mit Blue Razz Lemonade Der Vape Trend Ohne Zollgeb\u00fchren | Vapingnet.de\",\"isPartOf\":{\"@id\":\"https:\/\/vapingnet.de\/#website\"},\"primaryImageOfPage\":{\"@id\":\"https:\/\/vapingnet.de\/vape\/elf-box-ls15000-mit-blue-razz-lemonade-der-vape-trend-ohne-zollgebuehren\/#primaryimage\"},\"image\":{\"@id\":\"https:\/\/vapingnet.de\/vape\/elf-box-ls15000-mit-blue-razz-lemonade-der-vape-trend-ohne-zollgebuehren\/#primaryimage\"},\"thumbnailUrl\":\"https:\/\/vapingnet.de\/wp-content\/uploads\/2025\/04\/Blue-Razz-Lemonade.webp\",\"datePublished\":\"2025-04-21T06:59:46+00:00\",\"dateModified\":\"2025-06-19T03:42:54+00:00\",\"description\":\"Entdecke ELF BOX LS15000 Mit Blue Razz Lemonade Der Vape Trend Ohne Zollgeb\u00fchren bei vapingnet.de, \u25ba Gro\u00dfe Auswahl an Geschmacksrichtungen & super g\u00fcnstig!\",\"breadcrumb\":{\"@id\":\"https:\/\/vapingnet.de\/vape\/elf-box-ls15000-mit-blue-razz-lemonade-der-vape-trend-ohne-zollgebuehren\/#breadcrumb\"},\"inLanguage\":\"pl-PL\",\"potentialAction\":[{\"@type\":\"ReadAction\",\"target\":[\"https:\/\/vapingnet.de\/vape\/elf-box-ls15000-mit-blue-razz-lemonade-der-vape-trend-ohne-zollgebuehren\/\"]}]},{\"@type\":\"ImageObject\",\"inLanguage\":\"pl-PL\",\"@id\":\"https:\/\/vapingnet.de\/vape\/elf-box-ls15000-mit-blue-razz-lemonade-der-vape-trend-ohne-zollgebuehren\/#primaryimage\",\"url\":\"https:\/\/vapingnet.de\/wp-content\/uploads\/2025\/04\/Blue-Razz-Lemonade.webp\",\"contentUrl\":\"https:\/\/vapingnet.de\/wp-content\/uploads\/2025\/04\/Blue-Razz-Lemonade.webp\",\"width\":1000,\"height\":1000},{\"@type\":\"BreadcrumbList\",\"@id\":\"https:\/\/vapingnet.de\/vape\/elf-box-ls15000-mit-blue-razz-lemonade-der-vape-trend-ohne-zollgebuehren\/#breadcrumb\",\"itemListElement\":[{\"@type\":\"ListItem\",\"position\":1,\"name\":\"Home\",\"item\":\"https:\/\/vapingnet.de\/\"},{\"@type\":\"ListItem\",\"position\":2,\"name\":\"Shop\",\"item\":\"https:\/\/vapingnet.de\/vape\/\"},{\"@type\":\"ListItem\",\"position\":3,\"name\":\"ELF BOX LS15000 Mit Blue Razz Lemonade Der Vape Trend Ohne Zollgeb\u00fchren\"}]},{\"@type\":\"WebSite\",\"@id\":\"https:\/\/vapingnet.de\/#website\",\"url\":\"https:\/\/vapingnet.de\/\",\"name\":\"Vapingnet.de\",\"description\":\"\",\"publisher\":{\"@id\":\"https:\/\/vapingnet.de\/#organization\"},\"potentialAction\":[{\"@type\":\"SearchAction\",\"target\":{\"@type\":\"EntryPoint\",\"urlTemplate\":\"https:\/\/vapingnet.de\/?s={search_term_string}\"},\"query-input\":{\"@type\":\"PropertyValueSpecification\",\"valueRequired\":true,\"valueName\":\"search_term_string\"}}],\"inLanguage\":\"pl-PL\"},{\"@type\":\"Organization\",\"@id\":\"https:\/\/vapingnet.de\/#organization\",\"name\":\"Vapingnet.de\",\"url\":\"https:\/\/vapingnet.de\/\",\"logo\":{\"@type\":\"ImageObject\",\"inLanguage\":\"pl-PL\",\"@id\":\"https:\/\/vapingnet.de\/#\/schema\/logo\/image\/\",\"url\":\"https:\/\/vapingnet.de\/wp-content\/uploads\/2025\/03\/cropped-vapingnet.de_.jpg\",\"contentUrl\":\"https:\/\/vapingnet.de\/wp-content\/uploads\/2025\/03\/cropped-vapingnet.de_.jpg\",\"width\":512,\"height\":512,\"caption\":\"Vapingnet.de\"},\"image\":{\"@id\":\"https:\/\/vapingnet.de\/#\/schema\/logo\/image\/\"},\"sameAs\":[\"https:\/\/www.facebook.com\/vapingnetde\/\"]}]}<\/script>\n<!-- \/ Yoast SEO plugin. -->","yoast_head_json":{"title":"ELF BOX LS15000 Mit Blue Razz Lemonade Der Vape Trend Ohne Zollgeb\u00fchren | Vapingnet.de","description":"Entdecke ELF BOX LS15000 Mit Blue Razz Lemonade Der Vape Trend Ohne Zollgeb\u00fchren bei vapingnet.de, \u25ba Gro\u00dfe Auswahl an Geschmacksrichtungen & super g\u00fcnstig!","robots":{"index":"index","follow":"follow","max-snippet":"max-snippet:-1","max-image-preview":"max-image-preview:large","max-video-preview":"max-video-preview:-1"},"canonical":"https:\/\/vapingnet.de\/pl\/vape\/elf-box-ls15000-mit-blue-razz-lemonade-der-vape-trend-ohne-zollgebuehren\/","og_locale":"pl_PL","og_type":"article","og_title":"ELF BOX LS15000 Mit Blue Razz Lemonade Der Vape Trend Ohne Zollgeb\u00fchren | Vapingnet.de","og_description":"Entdecke ELF BOX LS15000 Mit Blue Razz Lemonade Der Vape Trend Ohne Zollgeb\u00fchren bei vapingnet.de, \u25ba Gro\u00dfe Auswahl an Geschmacksrichtungen & super g\u00fcnstig!","og_url":"https:\/\/vapingnet.de\/pl\/vape\/elf-box-ls15000-mit-blue-razz-lemonade-der-vape-trend-ohne-zollgebuehren\/","og_site_name":"Vapingnet.de","article_publisher":"https:\/\/www.facebook.com\/vapingnetde\/","article_modified_time":"2025-06-19T03:42:54+00:00","og_image":[{"width":1000,"height":1000,"url":"https:\/\/vapingnet.de\/wp-content\/uploads\/2025\/04\/Blue-Razz-Lemonade.webp","type":"image\/webp"}],"twitter_card":"summary_large_image","twitter_misc":{"Est. reading time":"3 minutes"},"schema":{"@context":"https:\/\/schema.org","@graph":[{"@type":"WebPage","@id":"https:\/\/vapingnet.de\/vape\/elf-box-ls15000-mit-blue-razz-lemonade-der-vape-trend-ohne-zollgebuehren\/","url":"https:\/\/vapingnet.de\/vape\/elf-box-ls15000-mit-blue-razz-lemonade-der-vape-trend-ohne-zollgebuehren\/","name":"ELF BOX LS15000 Mit Blue Razz Lemonade Der Vape Trend Ohne Zollgeb\u00fchren | Vapingnet.de","isPartOf":{"@id":"https:\/\/vapingnet.de\/#website"},"primaryImageOfPage":{"@id":"https:\/\/vapingnet.de\/vape\/elf-box-ls15000-mit-blue-razz-lemonade-der-vape-trend-ohne-zollgebuehren\/#primaryimage"},"image":{"@id":"https:\/\/vapingnet.de\/vape\/elf-box-ls15000-mit-blue-razz-lemonade-der-vape-trend-ohne-zollgebuehren\/#primaryimage"},"thumbnailUrl":"https:\/\/vapingnet.de\/wp-content\/uploads\/2025\/04\/Blue-Razz-Lemonade.webp","datePublished":"2025-04-21T06:59:46+00:00","dateModified":"2025-06-19T03:42:54+00:00","description":"Entdecke ELF BOX LS15000 Mit Blue Razz Lemonade Der Vape Trend Ohne Zollgeb\u00fchren bei vapingnet.de, \u25ba Gro\u00dfe Auswahl an Geschmacksrichtungen & super g\u00fcnstig!","breadcrumb":{"@id":"https:\/\/vapingnet.de\/vape\/elf-box-ls15000-mit-blue-razz-lemonade-der-vape-trend-ohne-zollgebuehren\/#breadcrumb"},"inLanguage":"pl-PL","potentialAction":[{"@type":"ReadAction","target":["https:\/\/vapingnet.de\/vape\/elf-box-ls15000-mit-blue-razz-lemonade-der-vape-trend-ohne-zollgebuehren\/"]}]},{"@type":"ImageObject","inLanguage":"pl-PL","@id":"https:\/\/vapingnet.de\/vape\/elf-box-ls15000-mit-blue-razz-lemonade-der-vape-trend-ohne-zollgebuehren\/#primaryimage","url":"https:\/\/vapingnet.de\/wp-content\/uploads\/2025\/04\/Blue-Razz-Lemonade.webp","contentUrl":"https:\/\/vapingnet.de\/wp-content\/uploads\/2025\/04\/Blue-Razz-Lemonade.webp","width":1000,"height":1000},{"@type":"BreadcrumbList","@id":"https:\/\/vapingnet.de\/vape\/elf-box-ls15000-mit-blue-razz-lemonade-der-vape-trend-ohne-zollgebuehren\/#breadcrumb","itemListElement":[{"@type":"ListItem","position":1,"name":"Home","item":"https:\/\/vapingnet.de\/"},{"@type":"ListItem","position":2,"name":"Shop","item":"https:\/\/vapingnet.de\/vape\/"},{"@type":"ListItem","position":3,"name":"ELF BOX LS15000 Mit Blue Razz Lemonade Der Vape Trend Ohne Zollgeb\u00fchren"}]},{"@type":"WebSite","@id":"https:\/\/vapingnet.de\/#website","url":"https:\/\/vapingnet.de\/","name":"Vapingnet.de","description":"","publisher":{"@id":"https:\/\/vapingnet.de\/#organization"},"potentialAction":[{"@type":"SearchAction","target":{"@type":"EntryPoint","urlTemplate":"https:\/\/vapingnet.de\/?s={search_term_string}"},"query-input":{"@type":"PropertyValueSpecification","valueRequired":true,"valueName":"search_term_string"}}],"inLanguage":"pl-PL"},{"@type":"Organization","@id":"https:\/\/vapingnet.de\/#organization","name":"Vapingnet.de","url":"https:\/\/vapingnet.de\/","logo":{"@type":"ImageObject","inLanguage":"pl-PL","@id":"https:\/\/vapingnet.de\/#\/schema\/logo\/image\/","url":"https:\/\/vapingnet.de\/wp-content\/uploads\/2025\/03\/cropped-vapingnet.de_.jpg","contentUrl":"https:\/\/vapingnet.de\/wp-content\/uploads\/2025\/03\/cropped-vapingnet.de_.jpg","width":512,"height":512,"caption":"Vapingnet.de"},"image":{"@id":"https:\/\/vapingnet.de\/#\/schema\/logo\/image\/"},"sameAs":["https:\/\/www.facebook.com\/vapingnetde\/"]}]}},"tiered_pricing_type":"fixed","tiered_pricing_fixed_rules":{"10":"8.35","60":"7.54","110":"6.68","200":"5.85"},"tiered_pricing_product_settings":{"layout":"default","base_unit_name":{"singular":null,"plural":null},"default_variation":null},"tiered_pricing_minimum_quantity":null,"tiered_pricing_roles_data":[],"tiered_pricing_percentage_rules":[],"_links":{"self":[{"href":"https:\/\/vapingnet.de\/pl\/wp-json\/wp\/v2\/product\/6410","targetHints":{"allow":["GET"]}}],"collection":[{"href":"https:\/\/vapingnet.de\/pl\/wp-json\/wp\/v2\/product"}],"about":[{"href":"https:\/\/vapingnet.de\/pl\/wp-json\/wp\/v2\/types\/product"}],"version-history":[{"count":1,"href":"https:\/\/vapingnet.de\/pl\/wp-json\/wp\/v2\/product\/6410\/revisions"}],"predecessor-version":[{"id":6426,"href":"https:\/\/vapingnet.de\/pl\/wp-json\/wp\/v2\/product\/6410\/revisions\/6426"}],"wp:featuredmedia":[{"embeddable":true,"href":"https:\/\/vapingnet.de\/pl\/wp-json\/wp\/v2\/media\/6411"}],"wp:attachment":[{"href":"https:\/\/vapingnet.de\/pl\/wp-json\/wp\/v2\/media?parent=6410"}],"wp:term":[{"taxonomy":"brand","embeddable":true,"href":"https:\/\/vapingnet.de\/pl\/wp-json\/wp\/v2\/etheme_brands?post=6410"},{"taxonomy":"product_brand","embeddable":true,"href":"https:\/\/vapingnet.de\/pl\/wp-json\/wp\/v2\/product_brand?post=6410"},{"taxonomy":"product_cat","embeddable":true,"href":"https:\/\/vapingnet.de\/pl\/wp-json\/wp\/v2\/product_cat?post=6410"},{"taxonomy":"product_tag","embeddable":true,"href":"https:\/\/vapingnet.de\/pl\/wp-json\/wp\/v2\/product_tag?post=6410"}],"curies":[{"name":"wp","href":"https:\/\/api.w.org\/{rel}","templated":true}]}}