{"id":6427,"date":"2025-04-21T07:27:23","date_gmt":"2025-04-21T07:27:23","guid":{"rendered":"https:\/\/vapingnet.de\/?post_type=product&#038;p=6427"},"modified":"2025-06-19T03:42:54","modified_gmt":"2025-06-19T03:42:54","slug":"elf-box-ls15000-mit-watermelon-ice-bestes-aroma-ohne-zollkosten","status":"publish","type":"product","link":"https:\/\/vapingnet.de\/pl\/vape\/elf-box-ls15000-mit-watermelon-ice-bestes-aroma-ohne-zollkosten\/","title":{"rendered":"ELF BOX LS15000 z Watermelon Ice Najlepszy aromat Bez op\u0142at celnych"},"content":{"rendered":"<h2 data-start=\"0\" data-end=\"80\" data-immersive-translate-walked=\"9ab05a8a-02ce-49ef-989e-c1be648e1593\">ELF BOX LS15000: Ostateczny jednorazowy e-papieros do intensywnego od\u015bwie\u017cenia<\/h2>\n<p class=\"\" data-start=\"82\" data-end=\"380\" data-immersive-translate-walked=\"9ab05a8a-02ce-49ef-989e-c1be648e1593\" data-immersive-translate-paragraph=\"1\">ELF BOX LS15000 jest jednym z najbardziej zaawansowanych jednorazowych e-papieros\u00f3w na rynku, kt\u00f3re zachwycaj\u0105 szeregiem imponuj\u0105cych funkcji. \u0141\u0105czy du\u017c\u0105 pojemno\u015b\u0107 e-liquid z innowacyjn\u0105 technologi\u0105 Mesh-Coil, zapewniaj\u0105c niezr\u00f3wnane do\u015bwiadczenie parowania.<\/p>\n<h3>Moc i technologia ELF BOX LS15000<\/h3>\n<p class=\"\" data-start=\"436\" data-end=\"877\" data-immersive-translate-walked=\"9ab05a8a-02ce-49ef-989e-c1be648e1593\" data-immersive-translate-paragraph=\"1\">ELF BOX LS15000 jest wyposa\u017cony w Mesh-Coil o oporno\u015bci 0,6 Ohma, co umo\u017cliwia wyj\u0105tkowo r\u00f3wnomiern\u0105 produkcj\u0119 pary. Ta technologia zapewnia, \u017ce smak pozostaje intensywny i wyra\u017any, jednocze\u015bnie optymalizuj\u0105c produkcj\u0119 pary. Z pojemno\u015bci\u0105 e-liquid 26 ml, LS15000 dostarcza wystarczaj\u0105cej ilo\u015bci p\u0142ynu na nawet 15000 zaci\u0105gni\u0119\u0107 \u2013 jedn\u0105 z najwy\u017cszych pojemno\u015bci w\u015br\u00f3d jednorazowych e-papieros\u00f3w.<\/p>\n<p class=\"\" data-start=\"879\" data-end=\"1210\" data-immersive-translate-walked=\"9ab05a8a-02ce-49ef-989e-c1be648e1593\" data-immersive-translate-paragraph=\"1\">Kolejnym atutem jest akumulator o pojemno\u015bci 600mAh, kt\u00f3ry mo\u017cna szybko i \u0142atwo na\u0142adowa\u0107 przez port Type-C, co umo\u017cliwia d\u0142ugotrwa\u0142e u\u017cytkowanie. Dzi\u0119ki temu ELF BOX LS15000 jest odpowiedni zar\u00f3wno dla pocz\u0105tkuj\u0105cych, jak i do\u015bwiadczonych palaczy, kt\u00f3rzy szukaj\u0105 niezawodnego i d\u0142ugotrwa\u0142ego do\u015bwiadczenia parowania.<\/p>\n<h4 data-start=\"1212\" data-end=\"1254\" data-immersive-translate-walked=\"9ab05a8a-02ce-49ef-989e-c1be648e1593\">Do\u015bwiadczenie smakowe: Watermelon Ice<\/h4>\n<p class=\"\" data-start=\"1256\" data-end=\"1545\" data-immersive-translate-walked=\"9ab05a8a-02ce-49ef-989e-c1be648e1593\" data-immersive-translate-paragraph=\"1\">Smak Watermelon Ice w ELF BOX LS15000 oferuje idealn\u0105 r\u00f3wnowag\u0119 mi\u0119dzy s\u0142odycz\u0105 soczystej arbuza a orze\u017awiaj\u0105cym ch\u0142odem lodu. Smak pozostaje wyra\u017any i \u017cywy nawet przy d\u0142u\u017cszym u\u017cytkowaniu, co stanowi unikalne do\u015bwiadczenie dla wielu palaczy.<\/p>\n<h4 data-start=\"1547\" data-end=\"1593\" data-immersive-translate-walked=\"9ab05a8a-02ce-49ef-989e-c1be648e1593\">Wszechstronno\u015b\u0107 i dostosowalno\u015b\u0107<\/h4>\n<p class=\"\" data-start=\"1595\" data-end=\"1933\" data-immersive-translate-walked=\"9ab05a8a-02ce-49ef-989e-c1be648e1593\" data-immersive-translate-paragraph=\"1\">ELF BOX LS15000 jest dost\u0119pny w mocach nikotynowych 0%, 2% i 5%, co daje palaczom mo\u017cliwo\u015b\u0107 precyzyjnego dostosowania spo\u017cycia nikotyny do w\u0142asnych preferencji. Jest idealny dla tych, kt\u00f3rzy szukaj\u0105 wygodnego i szybkiego rozwi\u0105zania, nie rezygnuj\u0105c z personalizowanego do\u015bwiadczenia parowania.<\/p>\n<h3>Zalety ELF BOX LS15000<\/h3>\n<ul data-start=\"1973\" data-end=\"2560\" data-immersive-translate-walked=\"9ab05a8a-02ce-49ef-989e-c1be648e1593\">\n<li class=\"\" data-start=\"1973\" data-end=\"2071\" data-immersive-translate-walked=\"9ab05a8a-02ce-49ef-989e-c1be648e1593\">\n<p class=\"\" data-start=\"1975\" data-end=\"2071\" data-immersive-translate-walked=\"9ab05a8a-02ce-49ef-989e-c1be648e1593\" data-immersive-translate-paragraph=\"1\">Bez op\u0142at celnych: Zam\u00f3wienia s\u0105 dostarczane bez op\u0142at celnych, wi\u0119c nie ponosisz dodatkowych koszt\u00f3w.<\/p>\n<\/li>\n<li class=\"\" data-start=\"2072\" data-end=\"2203\" data-immersive-translate-walked=\"9ab05a8a-02ce-49ef-989e-c1be648e1593\">\n<p class=\"\" data-start=\"2074\" data-end=\"2203\" data-immersive-translate-walked=\"9ab05a8a-02ce-49ef-989e-c1be648e1593\" data-immersive-translate-paragraph=\"1\">Szybka dostawa: Wysy\u0142ka realizowana w ci\u0105gu 7-15 dni roboczych, dzi\u0119ki czemu szybko otrzymasz swoje zam\u00f3wienie.<\/p>\n<\/li>\n<li class=\"\" data-start=\"2204\" data-end=\"2343\" data-immersive-translate-walked=\"9ab05a8a-02ce-49ef-989e-c1be648e1593\">\n<p class=\"\" data-start=\"2206\" data-end=\"2343\" data-immersive-translate-walked=\"9ab05a8a-02ce-49ef-989e-c1be648e1593\" data-immersive-translate-paragraph=\"1\">Wydajny akumulator: Akumulator wystarcza na d\u0142ugie u\u017cytkowanie i mo\u017cna go \u0142atwo na\u0142adowa\u0107 przez port Type-C.<\/p>\n<\/li>\n<li class=\"\" data-start=\"2344\" data-end=\"2467\" data-immersive-translate-walked=\"9ab05a8a-02ce-49ef-989e-c1be648e1593\">\n<p class=\"\" data-start=\"2346\" data-end=\"2467\" data-immersive-translate-walked=\"9ab05a8a-02ce-49ef-989e-c1be648e1593\" data-immersive-translate-paragraph=\"1\">Du\u017ca pojemno\u015b\u0107 e-liquid: Z 26 ml e-liquid mo\u017cna cieszy\u0107 si\u0119 do 15000 zaci\u0105gni\u0119\u0107 bez konieczno\u015bci cz\u0119stego uzupe\u0142niania.<\/p>\n<\/li>\n<li class=\"\" data-start=\"2468\" data-end=\"2560\" data-immersive-translate-walked=\"9ab05a8a-02ce-49ef-989e-c1be648e1593\">\n<p class=\"\" data-start=\"2470\" data-end=\"2560\" data-immersive-translate-walked=\"9ab05a8a-02ce-49ef-989e-c1be648e1593\" data-immersive-translate-paragraph=\"1\">Przyjazny dla u\u017cytkownika: Urz\u0105dzenie jest \u0142atwe w obs\u0142udze i nie wymaga konserwacji.<\/p>\n<\/li>\n<\/ul>\n<h4 data-start=\"2562\" data-end=\"2575\" data-immersive-translate-walked=\"9ab05a8a-02ce-49ef-989e-c1be648e1593\">Dlaczego ELF BOX LS15000 jest Twoim idealnym wyborem<\/h4>\n<p class=\"\" data-start=\"2577\" data-end=\"2933\" data-immersive-translate-walked=\"9ab05a8a-02ce-49ef-989e-c1be648e1593\" data-immersive-translate-paragraph=\"1\">ELF BOX LS15000 oferuje wszystko, czego potrzebuje palacz: du\u017c\u0105 liczb\u0119 zaci\u0105gni\u0119\u0107, mocny smak i prost\u0105 obs\u0142ug\u0119. Smak Watermelon Ice jest idealny dla tych, kt\u00f3rzy szukaj\u0105 orze\u017awiaj\u0105cej, s\u0142odkiej warianty parowania. Zam\u00f3w ju\u017c dzi\u015b na vapingnet.de i ciesz si\u0119 niezapomnianym do\u015bwiadczeniem parowania.<\/p>","protected":false},"excerpt":{"rendered":"<p>ELF BOX LS15000: Najlepszy jednorazowy e-papieros dla intensywnego orze\u017awienia. ELF BOX LS15000 to jeden z najbardziej zaawansowanych jednorazowych e-papieros\u00f3w na rynku, oferuj\u0105cy szeroki wyb\u00f3r...<\/p>","protected":false},"featured_media":6420,"template":"","meta":[],"etheme_brands":[],"product_brand":[100],"product_cat":[53,49,61],"product_tag":[],"class_list":{"0":"post-6427","1":"product","2":"type-product","3":"status-publish","4":"has-post-thumbnail","6":"product_brand-elf-box-vape","7":"product_cat-vape-15000-zuege","8":"product_cat-einweg-e-zigarette","9":"product_cat-f","11":"first","12":"instock","13":"shipping-taxable","14":"purchasable","15":"product-type-simple"},"yoast_head":"<!-- This site is optimized with the Yoast SEO plugin v26.5 - https:\/\/yoast.com\/wordpress\/plugins\/seo\/ -->\n<title>ELF BOX LS15000 Mit Watermelon Ice Bestes Aroma Ohne Zollkosten | Vapingnet.de<\/title>\n<meta name=\"description\" content=\"Entdecke ELF BOX LS15000 Mit Watermelon Ice Bestes Aroma Ohne Zollkosten bei vapingnet.de, \u25ba Gro\u00dfe Auswahl an Geschmacksrichtungen &amp; super g\u00fcnstig!\" \/>\n<meta name=\"robots\" content=\"index, follow, max-snippet:-1, max-image-preview:large, max-video-preview:-1\" \/>\n<link rel=\"canonical\" href=\"https:\/\/vapingnet.de\/pl\/vape\/elf-box-ls15000-mit-watermelon-ice-bestes-aroma-ohne-zollkosten\/\" \/>\n<meta property=\"og:locale\" content=\"pl_PL\" \/>\n<meta property=\"og:type\" content=\"article\" \/>\n<meta property=\"og:title\" content=\"ELF BOX LS15000 Mit Watermelon Ice Bestes Aroma Ohne Zollkosten | Vapingnet.de\" \/>\n<meta property=\"og:description\" content=\"Entdecke ELF BOX LS15000 Mit Watermelon Ice Bestes Aroma Ohne Zollkosten bei vapingnet.de, \u25ba Gro\u00dfe Auswahl an Geschmacksrichtungen &amp; super g\u00fcnstig!\" \/>\n<meta property=\"og:url\" content=\"https:\/\/vapingnet.de\/pl\/vape\/elf-box-ls15000-mit-watermelon-ice-bestes-aroma-ohne-zollkosten\/\" \/>\n<meta property=\"og:site_name\" content=\"Vapingnet.de\" \/>\n<meta property=\"article:publisher\" content=\"https:\/\/www.facebook.com\/vapingnetde\/\" \/>\n<meta property=\"article:modified_time\" content=\"2025-06-19T03:42:54+00:00\" \/>\n<meta property=\"og:image\" content=\"https:\/\/vapingnet.de\/wp-content\/uploads\/2025\/04\/Watermelon-Ice-1.webp\" \/>\n\t<meta property=\"og:image:width\" content=\"1000\" \/>\n\t<meta property=\"og:image:height\" content=\"1000\" \/>\n\t<meta property=\"og:image:type\" content=\"image\/webp\" \/>\n<meta name=\"twitter:card\" content=\"summary_large_image\" \/>\n<meta name=\"twitter:label1\" content=\"Est. reading time\" \/>\n\t<meta name=\"twitter:data1\" content=\"3 minutes\" \/>\n<script type=\"application\/ld+json\" class=\"yoast-schema-graph\">{\"@context\":\"https:\/\/schema.org\",\"@graph\":[{\"@type\":\"WebPage\",\"@id\":\"https:\/\/vapingnet.de\/vape\/elf-box-ls15000-mit-watermelon-ice-bestes-aroma-ohne-zollkosten\/\",\"url\":\"https:\/\/vapingnet.de\/vape\/elf-box-ls15000-mit-watermelon-ice-bestes-aroma-ohne-zollkosten\/\",\"name\":\"ELF BOX LS15000 Mit Watermelon Ice Bestes Aroma Ohne Zollkosten | Vapingnet.de\",\"isPartOf\":{\"@id\":\"https:\/\/vapingnet.de\/#website\"},\"primaryImageOfPage\":{\"@id\":\"https:\/\/vapingnet.de\/vape\/elf-box-ls15000-mit-watermelon-ice-bestes-aroma-ohne-zollkosten\/#primaryimage\"},\"image\":{\"@id\":\"https:\/\/vapingnet.de\/vape\/elf-box-ls15000-mit-watermelon-ice-bestes-aroma-ohne-zollkosten\/#primaryimage\"},\"thumbnailUrl\":\"https:\/\/vapingnet.de\/wp-content\/uploads\/2025\/04\/Watermelon-Ice-1.webp\",\"datePublished\":\"2025-04-21T07:27:23+00:00\",\"dateModified\":\"2025-06-19T03:42:54+00:00\",\"description\":\"Entdecke ELF BOX LS15000 Mit Watermelon Ice Bestes Aroma Ohne Zollkosten bei vapingnet.de, \u25ba Gro\u00dfe Auswahl an Geschmacksrichtungen & super g\u00fcnstig!\",\"breadcrumb\":{\"@id\":\"https:\/\/vapingnet.de\/vape\/elf-box-ls15000-mit-watermelon-ice-bestes-aroma-ohne-zollkosten\/#breadcrumb\"},\"inLanguage\":\"pl-PL\",\"potentialAction\":[{\"@type\":\"ReadAction\",\"target\":[\"https:\/\/vapingnet.de\/vape\/elf-box-ls15000-mit-watermelon-ice-bestes-aroma-ohne-zollkosten\/\"]}]},{\"@type\":\"ImageObject\",\"inLanguage\":\"pl-PL\",\"@id\":\"https:\/\/vapingnet.de\/vape\/elf-box-ls15000-mit-watermelon-ice-bestes-aroma-ohne-zollkosten\/#primaryimage\",\"url\":\"https:\/\/vapingnet.de\/wp-content\/uploads\/2025\/04\/Watermelon-Ice-1.webp\",\"contentUrl\":\"https:\/\/vapingnet.de\/wp-content\/uploads\/2025\/04\/Watermelon-Ice-1.webp\",\"width\":1000,\"height\":1000},{\"@type\":\"BreadcrumbList\",\"@id\":\"https:\/\/vapingnet.de\/vape\/elf-box-ls15000-mit-watermelon-ice-bestes-aroma-ohne-zollkosten\/#breadcrumb\",\"itemListElement\":[{\"@type\":\"ListItem\",\"position\":1,\"name\":\"Home\",\"item\":\"https:\/\/vapingnet.de\/\"},{\"@type\":\"ListItem\",\"position\":2,\"name\":\"Shop\",\"item\":\"https:\/\/vapingnet.de\/vape\/\"},{\"@type\":\"ListItem\",\"position\":3,\"name\":\"ELF BOX LS15000 Mit Watermelon Ice Bestes Aroma Ohne Zollkosten\"}]},{\"@type\":\"WebSite\",\"@id\":\"https:\/\/vapingnet.de\/#website\",\"url\":\"https:\/\/vapingnet.de\/\",\"name\":\"Vapingnet.de\",\"description\":\"\",\"publisher\":{\"@id\":\"https:\/\/vapingnet.de\/#organization\"},\"potentialAction\":[{\"@type\":\"SearchAction\",\"target\":{\"@type\":\"EntryPoint\",\"urlTemplate\":\"https:\/\/vapingnet.de\/?s={search_term_string}\"},\"query-input\":{\"@type\":\"PropertyValueSpecification\",\"valueRequired\":true,\"valueName\":\"search_term_string\"}}],\"inLanguage\":\"pl-PL\"},{\"@type\":\"Organization\",\"@id\":\"https:\/\/vapingnet.de\/#organization\",\"name\":\"Vapingnet.de\",\"url\":\"https:\/\/vapingnet.de\/\",\"logo\":{\"@type\":\"ImageObject\",\"inLanguage\":\"pl-PL\",\"@id\":\"https:\/\/vapingnet.de\/#\/schema\/logo\/image\/\",\"url\":\"https:\/\/vapingnet.de\/wp-content\/uploads\/2025\/03\/cropped-vapingnet.de_.jpg\",\"contentUrl\":\"https:\/\/vapingnet.de\/wp-content\/uploads\/2025\/03\/cropped-vapingnet.de_.jpg\",\"width\":512,\"height\":512,\"caption\":\"Vapingnet.de\"},\"image\":{\"@id\":\"https:\/\/vapingnet.de\/#\/schema\/logo\/image\/\"},\"sameAs\":[\"https:\/\/www.facebook.com\/vapingnetde\/\"]}]}<\/script>\n<!-- \/ Yoast SEO plugin. -->","yoast_head_json":{"title":"ELF BOX LS15000 Mit Watermelon Ice Bestes Aroma Ohne Zollkosten | Vapingnet.de","description":"Entdecke ELF BOX LS15000 Mit Watermelon Ice Bestes Aroma Ohne Zollkosten bei vapingnet.de, \u25ba Gro\u00dfe Auswahl an Geschmacksrichtungen & super g\u00fcnstig!","robots":{"index":"index","follow":"follow","max-snippet":"max-snippet:-1","max-image-preview":"max-image-preview:large","max-video-preview":"max-video-preview:-1"},"canonical":"https:\/\/vapingnet.de\/pl\/vape\/elf-box-ls15000-mit-watermelon-ice-bestes-aroma-ohne-zollkosten\/","og_locale":"pl_PL","og_type":"article","og_title":"ELF BOX LS15000 Mit Watermelon Ice Bestes Aroma Ohne Zollkosten | Vapingnet.de","og_description":"Entdecke ELF BOX LS15000 Mit Watermelon Ice Bestes Aroma Ohne Zollkosten bei vapingnet.de, \u25ba Gro\u00dfe Auswahl an Geschmacksrichtungen & super g\u00fcnstig!","og_url":"https:\/\/vapingnet.de\/pl\/vape\/elf-box-ls15000-mit-watermelon-ice-bestes-aroma-ohne-zollkosten\/","og_site_name":"Vapingnet.de","article_publisher":"https:\/\/www.facebook.com\/vapingnetde\/","article_modified_time":"2025-06-19T03:42:54+00:00","og_image":[{"width":1000,"height":1000,"url":"https:\/\/vapingnet.de\/wp-content\/uploads\/2025\/04\/Watermelon-Ice-1.webp","type":"image\/webp"}],"twitter_card":"summary_large_image","twitter_misc":{"Est. reading time":"3 minutes"},"schema":{"@context":"https:\/\/schema.org","@graph":[{"@type":"WebPage","@id":"https:\/\/vapingnet.de\/vape\/elf-box-ls15000-mit-watermelon-ice-bestes-aroma-ohne-zollkosten\/","url":"https:\/\/vapingnet.de\/vape\/elf-box-ls15000-mit-watermelon-ice-bestes-aroma-ohne-zollkosten\/","name":"ELF BOX LS15000 Mit Watermelon Ice Bestes Aroma Ohne Zollkosten | Vapingnet.de","isPartOf":{"@id":"https:\/\/vapingnet.de\/#website"},"primaryImageOfPage":{"@id":"https:\/\/vapingnet.de\/vape\/elf-box-ls15000-mit-watermelon-ice-bestes-aroma-ohne-zollkosten\/#primaryimage"},"image":{"@id":"https:\/\/vapingnet.de\/vape\/elf-box-ls15000-mit-watermelon-ice-bestes-aroma-ohne-zollkosten\/#primaryimage"},"thumbnailUrl":"https:\/\/vapingnet.de\/wp-content\/uploads\/2025\/04\/Watermelon-Ice-1.webp","datePublished":"2025-04-21T07:27:23+00:00","dateModified":"2025-06-19T03:42:54+00:00","description":"Entdecke ELF BOX LS15000 Mit Watermelon Ice Bestes Aroma Ohne Zollkosten bei vapingnet.de, \u25ba Gro\u00dfe Auswahl an Geschmacksrichtungen & super g\u00fcnstig!","breadcrumb":{"@id":"https:\/\/vapingnet.de\/vape\/elf-box-ls15000-mit-watermelon-ice-bestes-aroma-ohne-zollkosten\/#breadcrumb"},"inLanguage":"pl-PL","potentialAction":[{"@type":"ReadAction","target":["https:\/\/vapingnet.de\/vape\/elf-box-ls15000-mit-watermelon-ice-bestes-aroma-ohne-zollkosten\/"]}]},{"@type":"ImageObject","inLanguage":"pl-PL","@id":"https:\/\/vapingnet.de\/vape\/elf-box-ls15000-mit-watermelon-ice-bestes-aroma-ohne-zollkosten\/#primaryimage","url":"https:\/\/vapingnet.de\/wp-content\/uploads\/2025\/04\/Watermelon-Ice-1.webp","contentUrl":"https:\/\/vapingnet.de\/wp-content\/uploads\/2025\/04\/Watermelon-Ice-1.webp","width":1000,"height":1000},{"@type":"BreadcrumbList","@id":"https:\/\/vapingnet.de\/vape\/elf-box-ls15000-mit-watermelon-ice-bestes-aroma-ohne-zollkosten\/#breadcrumb","itemListElement":[{"@type":"ListItem","position":1,"name":"Home","item":"https:\/\/vapingnet.de\/"},{"@type":"ListItem","position":2,"name":"Shop","item":"https:\/\/vapingnet.de\/vape\/"},{"@type":"ListItem","position":3,"name":"ELF BOX LS15000 Mit Watermelon Ice Bestes Aroma Ohne Zollkosten"}]},{"@type":"WebSite","@id":"https:\/\/vapingnet.de\/#website","url":"https:\/\/vapingnet.de\/","name":"Vapingnet.de","description":"","publisher":{"@id":"https:\/\/vapingnet.de\/#organization"},"potentialAction":[{"@type":"SearchAction","target":{"@type":"EntryPoint","urlTemplate":"https:\/\/vapingnet.de\/?s={search_term_string}"},"query-input":{"@type":"PropertyValueSpecification","valueRequired":true,"valueName":"search_term_string"}}],"inLanguage":"pl-PL"},{"@type":"Organization","@id":"https:\/\/vapingnet.de\/#organization","name":"Vapingnet.de","url":"https:\/\/vapingnet.de\/","logo":{"@type":"ImageObject","inLanguage":"pl-PL","@id":"https:\/\/vapingnet.de\/#\/schema\/logo\/image\/","url":"https:\/\/vapingnet.de\/wp-content\/uploads\/2025\/03\/cropped-vapingnet.de_.jpg","contentUrl":"https:\/\/vapingnet.de\/wp-content\/uploads\/2025\/03\/cropped-vapingnet.de_.jpg","width":512,"height":512,"caption":"Vapingnet.de"},"image":{"@id":"https:\/\/vapingnet.de\/#\/schema\/logo\/image\/"},"sameAs":["https:\/\/www.facebook.com\/vapingnetde\/"]}]}},"tiered_pricing_type":"fixed","tiered_pricing_fixed_rules":{"10":"8.35","60":"7.54","110":"6.68","200":"5.85"},"tiered_pricing_product_settings":{"layout":"default","base_unit_name":{"singular":null,"plural":null},"default_variation":null},"tiered_pricing_minimum_quantity":null,"tiered_pricing_roles_data":[],"tiered_pricing_percentage_rules":[],"_links":{"self":[{"href":"https:\/\/vapingnet.de\/pl\/wp-json\/wp\/v2\/product\/6427","targetHints":{"allow":["GET"]}}],"collection":[{"href":"https:\/\/vapingnet.de\/pl\/wp-json\/wp\/v2\/product"}],"about":[{"href":"https:\/\/vapingnet.de\/pl\/wp-json\/wp\/v2\/types\/product"}],"version-history":[{"count":3,"href":"https:\/\/vapingnet.de\/pl\/wp-json\/wp\/v2\/product\/6427\/revisions"}],"predecessor-version":[{"id":6436,"href":"https:\/\/vapingnet.de\/pl\/wp-json\/wp\/v2\/product\/6427\/revisions\/6436"}],"wp:featuredmedia":[{"embeddable":true,"href":"https:\/\/vapingnet.de\/pl\/wp-json\/wp\/v2\/media\/6420"}],"wp:attachment":[{"href":"https:\/\/vapingnet.de\/pl\/wp-json\/wp\/v2\/media?parent=6427"}],"wp:term":[{"taxonomy":"brand","embeddable":true,"href":"https:\/\/vapingnet.de\/pl\/wp-json\/wp\/v2\/etheme_brands?post=6427"},{"taxonomy":"product_brand","embeddable":true,"href":"https:\/\/vapingnet.de\/pl\/wp-json\/wp\/v2\/product_brand?post=6427"},{"taxonomy":"product_cat","embeddable":true,"href":"https:\/\/vapingnet.de\/pl\/wp-json\/wp\/v2\/product_cat?post=6427"},{"taxonomy":"product_tag","embeddable":true,"href":"https:\/\/vapingnet.de\/pl\/wp-json\/wp\/v2\/product_tag?post=6427"}],"curies":[{"name":"wp","href":"https:\/\/api.w.org\/{rel}","templated":true}]}}