{"id":6429,"date":"2025-04-21T07:29:45","date_gmt":"2025-04-21T07:29:45","guid":{"rendered":"https:\/\/vapingnet.de\/?post_type=product&#038;p=6429"},"modified":"2025-06-19T03:42:53","modified_gmt":"2025-06-19T03:42:53","slug":"strawberry-watermelon-in-der-elf-box-ls15000-top-qualitaet-direkt-vom","status":"publish","type":"product","link":"https:\/\/vapingnet.de\/pl\/vape\/strawberry-watermelon-in-der-elf-box-ls15000-top-qualitaet-direkt-vom\/","title":{"rendered":"Strawberry Watermelon w ELF BOX LS15000 Wysoka Jako\u015b\u0107 Bezpo\u015brednio od"},"content":{"rendered":"<h2 data-start=\"0\" data-end=\"72\" data-immersive-translate-walked=\"391464d2-6753-4c13-8179-848e3dd2b8dc\">ELF BOX LS15000: Idealny jednorazowy e-papieros dla mi\u0142o\u015bnik\u00f3w owoc\u00f3w<\/h2>\n<p class=\"\" data-start=\"74\" data-end=\"315\" data-immersive-translate-walked=\"391464d2-6753-4c13-8179-848e3dd2b8dc\" data-immersive-translate-paragraph=\"1\">ELF BOX LS15000 wyznacza nowe standardy w zakresie jednorazowych e-papieros\u00f3w. Dzi\u0119ki du\u017cej pojemno\u015bci e-liquid, zaawansowanej technologii mesh-coil i orze\u017awiaj\u0105cemu smakowi, stanie si\u0119 niezb\u0119dnym gad\u017cetem dla ka\u017cdego palacza pary.<\/p>\n<h4 data-start=\"317\" data-end=\"351\" data-immersive-translate-walked=\"391464d2-6753-4c13-8179-848e3dd2b8dc\">Specyfikacje techniczne<\/h4>\n<p class=\"\" data-start=\"353\" data-end=\"827\" data-immersive-translate-walked=\"391464d2-6753-4c13-8179-848e3dd2b8dc\" data-immersive-translate-paragraph=\"1\">ELF BOX LS15000 wyposa\u017cony jest w mesh-coil o oporno\u015bci 0,6 Ohma, zapewniaj\u0105cy r\u00f3wnomierne i skuteczne odparowywanie. 26 ml e-liquid wystarcza na nawet do 15 000 poci\u0105gni\u0119\u0107, co czyni go jednym z najtrwalszych jednorazowych e-papieros\u00f3w na rynku. Akumulator o pojemno\u015bci 600 mAh zapewnia d\u0142ugotrwa\u0142\u0105 przyjemno\u015b\u0107 i mo\u017cna go wygodnie na\u0142adowa\u0107 przez port Type-C. Z wag\u0105 zaledwie 91 g urz\u0105dzenie jest lekkie i \u0142atwe w obs\u0142udze.<\/p>\n<h4 data-start=\"829\" data-end=\"877\" data-immersive-translate-walked=\"391464d2-6753-4c13-8179-848e3dd2b8dc\">Owocowa rozkosz: Truskawka Arbuz<\/h4>\n<p class=\"\" data-start=\"879\" data-end=\"1241\" data-immersive-translate-walked=\"391464d2-6753-4c13-8179-848e3dd2b8dc\" data-immersive-translate-paragraph=\"1\">Smak Truskawka Arbuz oferuje orze\u017awiaj\u0105c\u0105 mieszank\u0119 s\u0142odkich truskawek i soczystego arbuza. Idealny dla palaczy pary poszukuj\u0105cych owocowego, ale nie zbyt intensywnego doznania smakowego. Ten smak pozostaje \u015bwie\u017cy i wyra\u017any nawet przy d\u0142u\u017cszym u\u017cytkowaniu, zapewniaj\u0105c niezapomniane doznania parowania.<\/p>\n<h4 data-start=\"1243\" data-end=\"1274\" data-immersive-translate-walked=\"391464d2-6753-4c13-8179-848e3dd2b8dc\">Elastyczne poziomy nikotyny<\/h4>\n<p class=\"\" data-start=\"1276\" data-end=\"1561\" data-immersive-translate-paragraph=\"1\" data-immersive-translate-walked=\"391464d2-6753-4c13-8179-848e3dd2b8dc\">ELF BOX LS15000 dost\u0119pny jest w mocach nikotynowych 0%, 2% i 5%, dzi\u0119ki czemu ka\u017cdy palacz mo\u017ce wybra\u0107 odpowiedni\u0105 dla siebie moc. Niezale\u017cnie od tego, czy jeste\u015b pocz\u0105tkuj\u0105cym, czy do\u015bwiadczonym palaczem pary \u2013 ten e-papieros mo\u017cna idealnie dopasowa\u0107 do swoich potrzeb.<\/p>\n<h4 data-start=\"1563\" data-end=\"1595\" data-immersive-translate-walked=\"391464d2-6753-4c13-8179-848e3dd2b8dc\">Zalety w skr\u00f3cie<\/h4>\n<ul data-start=\"1597\" data-end=\"2068\" data-immersive-translate-walked=\"391464d2-6753-4c13-8179-848e3dd2b8dc\">\n<li class=\"\" data-start=\"1597\" data-end=\"1690\" data-immersive-translate-walked=\"391464d2-6753-4c13-8179-848e3dd2b8dc\">\n<p class=\"\" data-start=\"1599\" data-end=\"1690\" data-immersive-translate-walked=\"391464d2-6753-4c13-8179-848e3dd2b8dc\" data-immersive-translate-paragraph=\"1\">Darmowa dostawa: Brak dodatkowych koszt\u00f3w przy zam\u00f3wieniu ELF BOX LS15000.<\/p>\n<\/li>\n<li class=\"\" data-start=\"1691\" data-end=\"1782\" data-immersive-translate-walked=\"391464d2-6753-4c13-8179-848e3dd2b8dc\">\n<p class=\"\" data-start=\"1693\" data-end=\"1782\" data-immersive-translate-walked=\"391464d2-6753-4c13-8179-848e3dd2b8dc\" data-immersive-translate-paragraph=\"1\">D\u0142uga \u017cywotno\u015b\u0107: Do 15 000 poci\u0105gni\u0119\u0107 dzi\u0119ki du\u017cej pojemno\u015bci e-liquid 26 ml.<\/p>\n<\/li>\n<li class=\"\" data-start=\"1783\" data-end=\"1850\" data-immersive-translate-walked=\"391464d2-6753-4c13-8179-848e3dd2b8dc\">\n<p class=\"\" data-start=\"1785\" data-end=\"1850\" data-immersive-translate-walked=\"391464d2-6753-4c13-8179-848e3dd2b8dc\" data-immersive-translate-paragraph=\"1\">Szybka dostawa: Czas realizacji wynosi tylko 7-15 dni roboczych.<\/p>\n<\/li>\n<li class=\"\" data-start=\"1851\" data-end=\"1951\" data-immersive-translate-walked=\"391464d2-6753-4c13-8179-848e3dd2b8dc\">\n<p class=\"\" data-start=\"1853\" data-end=\"1951\" data-immersive-translate-walked=\"391464d2-6753-4c13-8179-848e3dd2b8dc\" data-immersive-translate-paragraph=\"1\">Szybkie \u0142adowanie: Dzi\u0119ki portowi Type-C \u0142adowanie akumulatora jest szczeg\u00f3lnie wygodne.<\/p>\n<\/li>\n<li class=\"\" data-start=\"1952\" data-end=\"2068\" data-immersive-translate-walked=\"391464d2-6753-4c13-8179-848e3dd2b8dc\">\n<p class=\"\" data-start=\"1954\" data-end=\"2068\" data-immersive-translate-walked=\"391464d2-6753-4c13-8179-848e3dd2b8dc\" data-immersive-translate-paragraph=\"1\">Orze\u017awiaj\u0105cy smak: Po\u0142\u0105czenie truskawki i arbuza zapewnia owocowe doznania podczas parowania.<\/p>\n<\/li>\n<\/ul>\n<h3>Dlaczego wybra\u0107 ELF BOX LS15000?<\/h3>\n<p class=\"\" data-start=\"2113\" data-end=\"2539\" data-immersive-translate-walked=\"391464d2-6753-4c13-8179-848e3dd2b8dc\" data-immersive-translate-paragraph=\"1\">ELF BOX LS15000 wyr\u00f3\u017cnia si\u0119 wysok\u0105 wydajno\u015bci\u0105, prost\u0105 obs\u0142ug\u0105 i orze\u017awiaj\u0105cym smakiem Truskawka Arbuz. Z licznymi zaletami, takimi jak darmowa dostawa i szybka wysy\u0142ka, jest idealnym wyborem dla wszystkich poszukuj\u0105cych wysokiej jako\u015bci jednorazowego e-papierosa. Zam\u00f3w ju\u017c dzi\u015b na vapingnet.de i ciesz si\u0119 d\u0142ugotrwa\u0142ym, \u015bwie\u017cym do\u015bwiadczeniem parowania.<\/p>","protected":false},"excerpt":{"rendered":"<p>ELF BOX LS15000: Die perfekte Einweg-E-Zigarette f\u00fcr Fruchtliebhaber Die ELF BOX LS15000 setzt neue Ma\u00dfst\u00e4be im Bereich der Einweg-E-Zigaretten. Mit einer gro\u00dfz\u00fcgigen E-Liquid-Kapazit\u00e4t, fortschrittlicher Mesh-Coil-Technologie&#8230;<\/p>","protected":false},"featured_media":6419,"template":"","meta":[],"etheme_brands":[],"product_brand":[100],"product_cat":[53,49,61],"product_tag":[],"class_list":{"0":"post-6429","1":"product","2":"type-product","3":"status-publish","4":"has-post-thumbnail","6":"product_brand-elf-box-vape","7":"product_cat-vape-15000-zuege","8":"product_cat-einweg-e-zigarette","9":"product_cat-f","11":"first","12":"instock","13":"shipping-taxable","14":"purchasable","15":"product-type-simple"},"yoast_head":"<!-- This site is optimized with the Yoast SEO plugin v26.5 - https:\/\/yoast.com\/wordpress\/plugins\/seo\/ -->\n<title>Strawberry Watermelon In Der ELF BOX LS15000 Top Qualit\u00e4t Direkt Vom | Vapingnet.de<\/title>\n<meta name=\"description\" content=\"Entdecke Strawberry Watermelon In Der ELF BOX LS15000 Top Qualit\u00e4t Direkt Vom bei vapingnet.de, \u25ba Gro\u00dfe Auswahl an Geschmacksrichtungen &amp; super g\u00fcnstig!\" \/>\n<meta name=\"robots\" content=\"index, follow, max-snippet:-1, max-image-preview:large, max-video-preview:-1\" \/>\n<link rel=\"canonical\" href=\"https:\/\/vapingnet.de\/pl\/vape\/strawberry-watermelon-in-der-elf-box-ls15000-top-qualitaet-direkt-vom\/\" \/>\n<meta property=\"og:locale\" content=\"pl_PL\" \/>\n<meta property=\"og:type\" content=\"article\" \/>\n<meta property=\"og:title\" content=\"Strawberry Watermelon In Der ELF BOX LS15000 Top Qualit\u00e4t Direkt Vom | Vapingnet.de\" \/>\n<meta property=\"og:description\" content=\"Entdecke Strawberry Watermelon In Der ELF BOX LS15000 Top Qualit\u00e4t Direkt Vom bei vapingnet.de, \u25ba Gro\u00dfe Auswahl an Geschmacksrichtungen &amp; super g\u00fcnstig!\" \/>\n<meta property=\"og:url\" content=\"https:\/\/vapingnet.de\/pl\/vape\/strawberry-watermelon-in-der-elf-box-ls15000-top-qualitaet-direkt-vom\/\" \/>\n<meta property=\"og:site_name\" content=\"Vapingnet.de\" \/>\n<meta property=\"article:publisher\" content=\"https:\/\/www.facebook.com\/vapingnetde\/\" \/>\n<meta property=\"article:modified_time\" content=\"2025-06-19T03:42:53+00:00\" \/>\n<meta property=\"og:image\" content=\"https:\/\/vapingnet.de\/wp-content\/uploads\/2025\/04\/Strawberry-Watermelon-2.webp\" \/>\n\t<meta property=\"og:image:width\" content=\"1000\" \/>\n\t<meta property=\"og:image:height\" content=\"1000\" \/>\n\t<meta property=\"og:image:type\" content=\"image\/webp\" \/>\n<meta name=\"twitter:card\" content=\"summary_large_image\" \/>\n<meta name=\"twitter:label1\" content=\"Est. reading time\" \/>\n\t<meta name=\"twitter:data1\" content=\"3 minutes\" \/>\n<script type=\"application\/ld+json\" class=\"yoast-schema-graph\">{\"@context\":\"https:\/\/schema.org\",\"@graph\":[{\"@type\":\"WebPage\",\"@id\":\"https:\/\/vapingnet.de\/vape\/strawberry-watermelon-in-der-elf-box-ls15000-top-qualitaet-direkt-vom\/\",\"url\":\"https:\/\/vapingnet.de\/vape\/strawberry-watermelon-in-der-elf-box-ls15000-top-qualitaet-direkt-vom\/\",\"name\":\"Strawberry Watermelon In Der ELF BOX LS15000 Top Qualit\u00e4t Direkt Vom | Vapingnet.de\",\"isPartOf\":{\"@id\":\"https:\/\/vapingnet.de\/#website\"},\"primaryImageOfPage\":{\"@id\":\"https:\/\/vapingnet.de\/vape\/strawberry-watermelon-in-der-elf-box-ls15000-top-qualitaet-direkt-vom\/#primaryimage\"},\"image\":{\"@id\":\"https:\/\/vapingnet.de\/vape\/strawberry-watermelon-in-der-elf-box-ls15000-top-qualitaet-direkt-vom\/#primaryimage\"},\"thumbnailUrl\":\"https:\/\/vapingnet.de\/wp-content\/uploads\/2025\/04\/Strawberry-Watermelon-2.webp\",\"datePublished\":\"2025-04-21T07:29:45+00:00\",\"dateModified\":\"2025-06-19T03:42:53+00:00\",\"description\":\"Entdecke Strawberry Watermelon In Der ELF BOX LS15000 Top Qualit\u00e4t Direkt Vom bei vapingnet.de, \u25ba Gro\u00dfe Auswahl an Geschmacksrichtungen & super g\u00fcnstig!\",\"breadcrumb\":{\"@id\":\"https:\/\/vapingnet.de\/vape\/strawberry-watermelon-in-der-elf-box-ls15000-top-qualitaet-direkt-vom\/#breadcrumb\"},\"inLanguage\":\"pl-PL\",\"potentialAction\":[{\"@type\":\"ReadAction\",\"target\":[\"https:\/\/vapingnet.de\/vape\/strawberry-watermelon-in-der-elf-box-ls15000-top-qualitaet-direkt-vom\/\"]}]},{\"@type\":\"ImageObject\",\"inLanguage\":\"pl-PL\",\"@id\":\"https:\/\/vapingnet.de\/vape\/strawberry-watermelon-in-der-elf-box-ls15000-top-qualitaet-direkt-vom\/#primaryimage\",\"url\":\"https:\/\/vapingnet.de\/wp-content\/uploads\/2025\/04\/Strawberry-Watermelon-2.webp\",\"contentUrl\":\"https:\/\/vapingnet.de\/wp-content\/uploads\/2025\/04\/Strawberry-Watermelon-2.webp\",\"width\":1000,\"height\":1000},{\"@type\":\"BreadcrumbList\",\"@id\":\"https:\/\/vapingnet.de\/vape\/strawberry-watermelon-in-der-elf-box-ls15000-top-qualitaet-direkt-vom\/#breadcrumb\",\"itemListElement\":[{\"@type\":\"ListItem\",\"position\":1,\"name\":\"Home\",\"item\":\"https:\/\/vapingnet.de\/\"},{\"@type\":\"ListItem\",\"position\":2,\"name\":\"Shop\",\"item\":\"https:\/\/vapingnet.de\/vape\/\"},{\"@type\":\"ListItem\",\"position\":3,\"name\":\"Strawberry Watermelon In Der ELF BOX LS15000 Top Qualit\u00e4t Direkt Vom\"}]},{\"@type\":\"WebSite\",\"@id\":\"https:\/\/vapingnet.de\/#website\",\"url\":\"https:\/\/vapingnet.de\/\",\"name\":\"Vapingnet.de\",\"description\":\"\",\"publisher\":{\"@id\":\"https:\/\/vapingnet.de\/#organization\"},\"potentialAction\":[{\"@type\":\"SearchAction\",\"target\":{\"@type\":\"EntryPoint\",\"urlTemplate\":\"https:\/\/vapingnet.de\/?s={search_term_string}\"},\"query-input\":{\"@type\":\"PropertyValueSpecification\",\"valueRequired\":true,\"valueName\":\"search_term_string\"}}],\"inLanguage\":\"pl-PL\"},{\"@type\":\"Organization\",\"@id\":\"https:\/\/vapingnet.de\/#organization\",\"name\":\"Vapingnet.de\",\"url\":\"https:\/\/vapingnet.de\/\",\"logo\":{\"@type\":\"ImageObject\",\"inLanguage\":\"pl-PL\",\"@id\":\"https:\/\/vapingnet.de\/#\/schema\/logo\/image\/\",\"url\":\"https:\/\/vapingnet.de\/wp-content\/uploads\/2025\/03\/cropped-vapingnet.de_.jpg\",\"contentUrl\":\"https:\/\/vapingnet.de\/wp-content\/uploads\/2025\/03\/cropped-vapingnet.de_.jpg\",\"width\":512,\"height\":512,\"caption\":\"Vapingnet.de\"},\"image\":{\"@id\":\"https:\/\/vapingnet.de\/#\/schema\/logo\/image\/\"},\"sameAs\":[\"https:\/\/www.facebook.com\/vapingnetde\/\"]}]}<\/script>\n<!-- \/ Yoast SEO plugin. -->","yoast_head_json":{"title":"Strawberry Watermelon In Der ELF BOX LS15000 Top Qualit\u00e4t Direkt Vom | Vapingnet.de","description":"Entdecke Strawberry Watermelon In Der ELF BOX LS15000 Top Qualit\u00e4t Direkt Vom bei vapingnet.de, \u25ba Gro\u00dfe Auswahl an Geschmacksrichtungen & super g\u00fcnstig!","robots":{"index":"index","follow":"follow","max-snippet":"max-snippet:-1","max-image-preview":"max-image-preview:large","max-video-preview":"max-video-preview:-1"},"canonical":"https:\/\/vapingnet.de\/pl\/vape\/strawberry-watermelon-in-der-elf-box-ls15000-top-qualitaet-direkt-vom\/","og_locale":"pl_PL","og_type":"article","og_title":"Strawberry Watermelon In Der ELF BOX LS15000 Top Qualit\u00e4t Direkt Vom | Vapingnet.de","og_description":"Entdecke Strawberry Watermelon In Der ELF BOX LS15000 Top Qualit\u00e4t Direkt Vom bei vapingnet.de, \u25ba Gro\u00dfe Auswahl an Geschmacksrichtungen & super g\u00fcnstig!","og_url":"https:\/\/vapingnet.de\/pl\/vape\/strawberry-watermelon-in-der-elf-box-ls15000-top-qualitaet-direkt-vom\/","og_site_name":"Vapingnet.de","article_publisher":"https:\/\/www.facebook.com\/vapingnetde\/","article_modified_time":"2025-06-19T03:42:53+00:00","og_image":[{"width":1000,"height":1000,"url":"https:\/\/vapingnet.de\/wp-content\/uploads\/2025\/04\/Strawberry-Watermelon-2.webp","type":"image\/webp"}],"twitter_card":"summary_large_image","twitter_misc":{"Est. reading time":"3 minutes"},"schema":{"@context":"https:\/\/schema.org","@graph":[{"@type":"WebPage","@id":"https:\/\/vapingnet.de\/vape\/strawberry-watermelon-in-der-elf-box-ls15000-top-qualitaet-direkt-vom\/","url":"https:\/\/vapingnet.de\/vape\/strawberry-watermelon-in-der-elf-box-ls15000-top-qualitaet-direkt-vom\/","name":"Strawberry Watermelon In Der ELF BOX LS15000 Top Qualit\u00e4t Direkt Vom | Vapingnet.de","isPartOf":{"@id":"https:\/\/vapingnet.de\/#website"},"primaryImageOfPage":{"@id":"https:\/\/vapingnet.de\/vape\/strawberry-watermelon-in-der-elf-box-ls15000-top-qualitaet-direkt-vom\/#primaryimage"},"image":{"@id":"https:\/\/vapingnet.de\/vape\/strawberry-watermelon-in-der-elf-box-ls15000-top-qualitaet-direkt-vom\/#primaryimage"},"thumbnailUrl":"https:\/\/vapingnet.de\/wp-content\/uploads\/2025\/04\/Strawberry-Watermelon-2.webp","datePublished":"2025-04-21T07:29:45+00:00","dateModified":"2025-06-19T03:42:53+00:00","description":"Entdecke Strawberry Watermelon In Der ELF BOX LS15000 Top Qualit\u00e4t Direkt Vom bei vapingnet.de, \u25ba Gro\u00dfe Auswahl an Geschmacksrichtungen & super g\u00fcnstig!","breadcrumb":{"@id":"https:\/\/vapingnet.de\/vape\/strawberry-watermelon-in-der-elf-box-ls15000-top-qualitaet-direkt-vom\/#breadcrumb"},"inLanguage":"pl-PL","potentialAction":[{"@type":"ReadAction","target":["https:\/\/vapingnet.de\/vape\/strawberry-watermelon-in-der-elf-box-ls15000-top-qualitaet-direkt-vom\/"]}]},{"@type":"ImageObject","inLanguage":"pl-PL","@id":"https:\/\/vapingnet.de\/vape\/strawberry-watermelon-in-der-elf-box-ls15000-top-qualitaet-direkt-vom\/#primaryimage","url":"https:\/\/vapingnet.de\/wp-content\/uploads\/2025\/04\/Strawberry-Watermelon-2.webp","contentUrl":"https:\/\/vapingnet.de\/wp-content\/uploads\/2025\/04\/Strawberry-Watermelon-2.webp","width":1000,"height":1000},{"@type":"BreadcrumbList","@id":"https:\/\/vapingnet.de\/vape\/strawberry-watermelon-in-der-elf-box-ls15000-top-qualitaet-direkt-vom\/#breadcrumb","itemListElement":[{"@type":"ListItem","position":1,"name":"Home","item":"https:\/\/vapingnet.de\/"},{"@type":"ListItem","position":2,"name":"Shop","item":"https:\/\/vapingnet.de\/vape\/"},{"@type":"ListItem","position":3,"name":"Strawberry Watermelon In Der ELF BOX LS15000 Top Qualit\u00e4t Direkt Vom"}]},{"@type":"WebSite","@id":"https:\/\/vapingnet.de\/#website","url":"https:\/\/vapingnet.de\/","name":"Vapingnet.de","description":"","publisher":{"@id":"https:\/\/vapingnet.de\/#organization"},"potentialAction":[{"@type":"SearchAction","target":{"@type":"EntryPoint","urlTemplate":"https:\/\/vapingnet.de\/?s={search_term_string}"},"query-input":{"@type":"PropertyValueSpecification","valueRequired":true,"valueName":"search_term_string"}}],"inLanguage":"pl-PL"},{"@type":"Organization","@id":"https:\/\/vapingnet.de\/#organization","name":"Vapingnet.de","url":"https:\/\/vapingnet.de\/","logo":{"@type":"ImageObject","inLanguage":"pl-PL","@id":"https:\/\/vapingnet.de\/#\/schema\/logo\/image\/","url":"https:\/\/vapingnet.de\/wp-content\/uploads\/2025\/03\/cropped-vapingnet.de_.jpg","contentUrl":"https:\/\/vapingnet.de\/wp-content\/uploads\/2025\/03\/cropped-vapingnet.de_.jpg","width":512,"height":512,"caption":"Vapingnet.de"},"image":{"@id":"https:\/\/vapingnet.de\/#\/schema\/logo\/image\/"},"sameAs":["https:\/\/www.facebook.com\/vapingnetde\/"]}]}},"tiered_pricing_type":"fixed","tiered_pricing_fixed_rules":{"10":"8.35","60":"7.54","110":"6.68","200":"5.85"},"tiered_pricing_product_settings":{"layout":"default","base_unit_name":{"singular":null,"plural":null},"default_variation":null},"tiered_pricing_minimum_quantity":null,"tiered_pricing_roles_data":[],"tiered_pricing_percentage_rules":[],"_links":{"self":[{"href":"https:\/\/vapingnet.de\/pl\/wp-json\/wp\/v2\/product\/6429","targetHints":{"allow":["GET"]}}],"collection":[{"href":"https:\/\/vapingnet.de\/pl\/wp-json\/wp\/v2\/product"}],"about":[{"href":"https:\/\/vapingnet.de\/pl\/wp-json\/wp\/v2\/types\/product"}],"version-history":[{"count":1,"href":"https:\/\/vapingnet.de\/pl\/wp-json\/wp\/v2\/product\/6429\/revisions"}],"predecessor-version":[{"id":6437,"href":"https:\/\/vapingnet.de\/pl\/wp-json\/wp\/v2\/product\/6429\/revisions\/6437"}],"wp:featuredmedia":[{"embeddable":true,"href":"https:\/\/vapingnet.de\/pl\/wp-json\/wp\/v2\/media\/6419"}],"wp:attachment":[{"href":"https:\/\/vapingnet.de\/pl\/wp-json\/wp\/v2\/media?parent=6429"}],"wp:term":[{"taxonomy":"brand","embeddable":true,"href":"https:\/\/vapingnet.de\/pl\/wp-json\/wp\/v2\/etheme_brands?post=6429"},{"taxonomy":"product_brand","embeddable":true,"href":"https:\/\/vapingnet.de\/pl\/wp-json\/wp\/v2\/product_brand?post=6429"},{"taxonomy":"product_cat","embeddable":true,"href":"https:\/\/vapingnet.de\/pl\/wp-json\/wp\/v2\/product_cat?post=6429"},{"taxonomy":"product_tag","embeddable":true,"href":"https:\/\/vapingnet.de\/pl\/wp-json\/wp\/v2\/product_tag?post=6429"}],"curies":[{"name":"wp","href":"https:\/\/api.w.org\/{rel}","templated":true}]}}