{"id":6430,"date":"2025-04-21T07:29:46","date_gmt":"2025-04-21T07:29:46","guid":{"rendered":"https:\/\/vapingnet.de\/?post_type=product&#038;p=6430"},"modified":"2025-06-19T03:42:53","modified_gmt":"2025-06-19T03:42:53","slug":"elf-box-ls15000-jetzt-mit-strawberry-ice-weltweit-beliebt-und-zollfrei","status":"publish","type":"product","link":"https:\/\/vapingnet.de\/pl\/vape\/elf-box-ls15000-jetzt-mit-strawberry-ice-weltweit-beliebt-und-zollfrei\/","title":{"rendered":"ELF BOX LS15000 Teraz z truskawkowym lodem, na ca\u0142ym \u015bwiecie popularny i bezc\u0142owy"},"content":{"rendered":"<h2 data-start=\"0\" data-end=\"81\" data-immersive-translate-walked=\"33d7b14d-b3a8-4bb4-bc8a-e3001b62a8bb\">Odkryj ELF BOX LS15000 \u2013 Strawberry Ice dla niezapomnianej przyjemno\u015bci<\/h2>\n<p class=\"\" data-start=\"83\" data-end=\"376\" data-immersive-translate-walked=\"33d7b14d-b3a8-4bb4-bc8a-e3001b62a8bb\" data-immersive-translate-paragraph=\"1\">ELF BOX LS15000 to wyr\u00f3\u017cniaj\u0105ca si\u0119 jednorazowa e-papieros, kt\u00f3ra oferuje nie tylko d\u0142ug\u0105 \u017cywotno\u015b\u0107 i intensywny smak, ale tak\u017ce praktyczne funkcje. Z orze\u017awiaj\u0105cym smakiem Strawberry Ice ka\u017cdy zaci\u0105gni\u0119cie si\u0119 to od\u015bwie\u017caj\u0105ce do\u015bwiadczenie.<\/p>\n<h4 data-start=\"378\" data-end=\"430\" data-immersive-translate-walked=\"33d7b14d-b3a8-4bb4-bc8a-e3001b62a8bb\">D\u0142uga trwa\u0142o\u015b\u0107 dla d\u0142ugotrwa\u0142ej przyjemno\u015bci<\/h4>\n<p class=\"\" data-start=\"432\" data-end=\"872\" data-immersive-translate-walked=\"33d7b14d-b3a8-4bb4-bc8a-e3001b62a8bb\" data-immersive-translate-paragraph=\"1\">Dzi\u0119ki du\u017cej pojemno\u015bci 26 ml e-liquid, mo\u017cesz cieszy\u0107 si\u0119 ELF BOX LS15000 a\u017c do 15 000 zaci\u0105gni\u0119\u0107. Ta imponuj\u0105ca wydajno\u015b\u0107 jest osi\u0105gni\u0119ta dzi\u0119ki zaawansowanemu mesh-coil o oporno\u015bci 0,6 Ohma, kt\u00f3ry zapewnia r\u00f3wnomierne odparowywanie i intensywny smak. Bateria o pojemno\u015bci 600 mAh jest \u0142atwa do \u0142adowania przez port Type-C i zapewnia mo\u017cliwo\u015b\u0107 kontynuowania vapowania w dowolnym momencie.<\/p>\n<h4 data-start=\"874\" data-end=\"922\" data-immersive-translate-walked=\"33d7b14d-b3a8-4bb4-bc8a-e3001b62a8bb\">\u015awie\u017cy truskawkowy kop z Strawberry Ice<\/h4>\n<p class=\"\" data-start=\"924\" data-end=\"1254\" data-immersive-translate-walked=\"33d7b14d-b3a8-4bb4-bc8a-e3001b62a8bb\" data-immersive-translate-paragraph=\"1\">Smak Strawberry Ice to idealne po\u0142\u0105czenie s\u0142odkich, dojrza\u0142ych truskawek i orze\u017awiaj\u0105cej nuty lodu. Ta mieszanka zapewnia doznania smakowe przypominaj\u0105ce ciep\u0142e letnie dni i jednocze\u015bnie ch\u0142odz\u0105ce orze\u017awienie. Idealne dla vapowicz\u00f3w poszukuj\u0105cych owocowej, \u015bwie\u017cej przyjemno\u015bci.<\/p>\n<h4 data-start=\"1256\" data-end=\"1313\" data-immersive-translate-walked=\"33d7b14d-b3a8-4bb4-bc8a-e3001b62a8bb\">Elastyczne st\u0119\u017cenia nikotyny dla indywidualnego vapowania<\/h4>\n<p class=\"\" data-start=\"1315\" data-end=\"1556\" data-immersive-translate-walked=\"33d7b14d-b3a8-4bb4-bc8a-e3001b62a8bb\" data-immersive-translate-paragraph=\"1\">Z ELF BOX LS15000 mo\u017cesz wybra\u0107 ilo\u015b\u0107 nikotyny zgodnie z w\u0142asnymi preferencjami. Masz do wyboru nikotyn\u0119 0%, 2% i 5%, co pozwala na idealne dopasowanie do\u015bwiadczenia vapowania do Twoich potrzeb.<\/p>\n<h3>Dlaczego ELF BOX LS15000?<\/h3>\n<ul data-start=\"1594\" data-end=\"1880\" data-immersive-translate-walked=\"33d7b14d-b3a8-4bb4-bc8a-e3001b62a8bb\">\n<li class=\"\" data-start=\"1594\" data-end=\"1655\" data-immersive-translate-walked=\"33d7b14d-b3a8-4bb4-bc8a-e3001b62a8bb\">\n<p class=\"\" data-start=\"1596\" data-end=\"1655\" data-immersive-translate-walked=\"33d7b14d-b3a8-4bb4-bc8a-e3001b62a8bb\" data-immersive-translate-paragraph=\"1\">Szybka dostawa w ci\u0105gu 7 do 15 dni roboczych<\/p>\n<\/li>\n<li class=\"\" data-start=\"1656\" data-end=\"1708\" data-immersive-translate-walked=\"33d7b14d-b3a8-4bb4-bc8a-e3001b62a8bb\">\n<p class=\"\" data-start=\"1658\" data-end=\"1708\" data-immersive-translate-walked=\"33d7b14d-b3a8-4bb4-bc8a-e3001b62a8bb\" data-immersive-translate-paragraph=\"1\">Dostawa bez c\u0142a bezpo\u015brednio do Twojego domu<\/p>\n<\/li>\n<li class=\"\" data-start=\"1709\" data-end=\"1766\" data-immersive-translate-walked=\"33d7b14d-b3a8-4bb4-bc8a-e3001b62a8bb\">\n<p class=\"\" data-start=\"1711\" data-end=\"1766\" data-immersive-translate-walked=\"33d7b14d-b3a8-4bb4-bc8a-e3001b62a8bb\" data-immersive-translate-paragraph=\"1\">Praktyczny port Type-C do szybkiego \u0142adowania<\/p>\n<\/li>\n<li class=\"\" data-start=\"1767\" data-end=\"1818\" data-immersive-translate-walked=\"33d7b14d-b3a8-4bb4-bc8a-e3001b62a8bb\">\n<p class=\"\" data-start=\"1769\" data-end=\"1818\" data-immersive-translate-walked=\"33d7b14d-b3a8-4bb4-bc8a-e3001b62a8bb\" data-immersive-translate-paragraph=\"1\">D\u0142uga \u017cywotno\u015b\u0107 do 15 000 zaci\u0105gni\u0119\u0107<\/p>\n<\/li>\n<li class=\"\" data-start=\"1819\" data-end=\"1880\" data-immersive-translate-walked=\"33d7b14d-b3a8-4bb4-bc8a-e3001b62a8bb\">\n<p class=\"\" data-start=\"1821\" data-end=\"1880\" data-immersive-translate-walked=\"33d7b14d-b3a8-4bb4-bc8a-e3001b62a8bb\" data-immersive-translate-paragraph=\"1\">Intensywny smak dzi\u0119ki technologii mesh-coil<\/p>\n<\/li>\n<\/ul>\n<h4 data-start=\"1882\" data-end=\"1921\" data-immersive-translate-walked=\"33d7b14d-b3a8-4bb4-bc8a-e3001b62a8bb\">Zam\u00f3w teraz ELF BOX LS15000 na vapingnet.de<\/h4>\n<p class=\"\" data-start=\"1923\" data-end=\"2345\" data-immersive-translate-walked=\"33d7b14d-b3a8-4bb4-bc8a-e3001b62a8bb\" data-immersive-translate-paragraph=\"1\">ELF BOX LS15000 oferuje wszystko, czego potrzebujesz, aby cieszy\u0107 si\u0119 najwy\u017cszej klasy do\u015bwiadczeniem vapowania. Z smakiem Strawberry Ice, d\u0142ug\u0105 \u017cywotno\u015bci\u0105 i elastycznymi st\u0119\u017ceniami nikotyny, ta jednorazowa e-papieros to idealny wyb\u00f3r dla vapowicz\u00f3w poszukuj\u0105cych jako\u015bci i komfortu. Zam\u00f3w ju\u017c teraz na vapingnet.de i ciesz si\u0119 szybk\u0105, bezc\u0142ow\u0105 dostaw\u0105 prosto do domu.<\/p>","protected":false},"excerpt":{"rendered":"<p>Odkryj ELF BOX LS15000 \u2013 Strawberry Ice dla niezapomnianej przyjemno\u015bci ELF BOX LS15000 to wyj\u0105tkowy jednorazowy e-papieros, kt\u00f3ry nie tylko zapewnia...<\/p>","protected":false},"featured_media":6417,"template":"","meta":[],"etheme_brands":[],"product_brand":[100],"product_cat":[53,49,61],"product_tag":[],"class_list":{"0":"post-6430","1":"product","2":"type-product","3":"status-publish","4":"has-post-thumbnail","6":"product_brand-elf-box-vape","7":"product_cat-vape-15000-zuege","8":"product_cat-einweg-e-zigarette","9":"product_cat-f","11":"first","12":"instock","13":"shipping-taxable","14":"purchasable","15":"product-type-simple"},"yoast_head":"<!-- This site is optimized with the Yoast SEO plugin v26.5 - https:\/\/yoast.com\/wordpress\/plugins\/seo\/ -->\n<title>ELF BOX LS15000 Jetzt Mit Strawberry Ice Weltweit Beliebt und Zollfrei | Vapingnet.de<\/title>\n<meta name=\"description\" content=\"Entdecke ELF BOX LS15000 Jetzt Mit Strawberry Ice Weltweit Beliebt und Zollfrei bei vapingnet.de, \u25ba Gro\u00dfe Auswahl an Geschmacksrichtungen &amp; super g\u00fcnstig!\" \/>\n<meta name=\"robots\" content=\"index, follow, max-snippet:-1, max-image-preview:large, max-video-preview:-1\" \/>\n<link rel=\"canonical\" href=\"https:\/\/vapingnet.de\/pl\/vape\/elf-box-ls15000-jetzt-mit-strawberry-ice-weltweit-beliebt-und-zollfrei\/\" \/>\n<meta property=\"og:locale\" content=\"pl_PL\" \/>\n<meta property=\"og:type\" content=\"article\" \/>\n<meta property=\"og:title\" content=\"ELF BOX LS15000 Jetzt Mit Strawberry Ice Weltweit Beliebt und Zollfrei | Vapingnet.de\" \/>\n<meta property=\"og:description\" content=\"Entdecke ELF BOX LS15000 Jetzt Mit Strawberry Ice Weltweit Beliebt und Zollfrei bei vapingnet.de, \u25ba Gro\u00dfe Auswahl an Geschmacksrichtungen &amp; super g\u00fcnstig!\" \/>\n<meta property=\"og:url\" content=\"https:\/\/vapingnet.de\/pl\/vape\/elf-box-ls15000-jetzt-mit-strawberry-ice-weltweit-beliebt-und-zollfrei\/\" \/>\n<meta property=\"og:site_name\" content=\"Vapingnet.de\" \/>\n<meta property=\"article:publisher\" content=\"https:\/\/www.facebook.com\/vapingnetde\/\" \/>\n<meta property=\"article:modified_time\" content=\"2025-06-19T03:42:53+00:00\" \/>\n<meta property=\"og:image\" content=\"https:\/\/vapingnet.de\/wp-content\/uploads\/2025\/04\/Strawberry-Ice-2.webp\" \/>\n\t<meta property=\"og:image:width\" content=\"1000\" \/>\n\t<meta property=\"og:image:height\" content=\"1000\" \/>\n\t<meta property=\"og:image:type\" content=\"image\/webp\" \/>\n<meta name=\"twitter:card\" content=\"summary_large_image\" \/>\n<meta name=\"twitter:label1\" content=\"Est. reading time\" \/>\n\t<meta name=\"twitter:data1\" content=\"2 minutes\" \/>\n<script type=\"application\/ld+json\" class=\"yoast-schema-graph\">{\"@context\":\"https:\/\/schema.org\",\"@graph\":[{\"@type\":\"WebPage\",\"@id\":\"https:\/\/vapingnet.de\/vape\/elf-box-ls15000-jetzt-mit-strawberry-ice-weltweit-beliebt-und-zollfrei\/\",\"url\":\"https:\/\/vapingnet.de\/vape\/elf-box-ls15000-jetzt-mit-strawberry-ice-weltweit-beliebt-und-zollfrei\/\",\"name\":\"ELF BOX LS15000 Jetzt Mit Strawberry Ice Weltweit Beliebt und Zollfrei | Vapingnet.de\",\"isPartOf\":{\"@id\":\"https:\/\/vapingnet.de\/#website\"},\"primaryImageOfPage\":{\"@id\":\"https:\/\/vapingnet.de\/vape\/elf-box-ls15000-jetzt-mit-strawberry-ice-weltweit-beliebt-und-zollfrei\/#primaryimage\"},\"image\":{\"@id\":\"https:\/\/vapingnet.de\/vape\/elf-box-ls15000-jetzt-mit-strawberry-ice-weltweit-beliebt-und-zollfrei\/#primaryimage\"},\"thumbnailUrl\":\"https:\/\/vapingnet.de\/wp-content\/uploads\/2025\/04\/Strawberry-Ice-2.webp\",\"datePublished\":\"2025-04-21T07:29:46+00:00\",\"dateModified\":\"2025-06-19T03:42:53+00:00\",\"description\":\"Entdecke ELF BOX LS15000 Jetzt Mit Strawberry Ice Weltweit Beliebt und Zollfrei bei vapingnet.de, \u25ba Gro\u00dfe Auswahl an Geschmacksrichtungen & super g\u00fcnstig!\",\"breadcrumb\":{\"@id\":\"https:\/\/vapingnet.de\/vape\/elf-box-ls15000-jetzt-mit-strawberry-ice-weltweit-beliebt-und-zollfrei\/#breadcrumb\"},\"inLanguage\":\"pl-PL\",\"potentialAction\":[{\"@type\":\"ReadAction\",\"target\":[\"https:\/\/vapingnet.de\/vape\/elf-box-ls15000-jetzt-mit-strawberry-ice-weltweit-beliebt-und-zollfrei\/\"]}]},{\"@type\":\"ImageObject\",\"inLanguage\":\"pl-PL\",\"@id\":\"https:\/\/vapingnet.de\/vape\/elf-box-ls15000-jetzt-mit-strawberry-ice-weltweit-beliebt-und-zollfrei\/#primaryimage\",\"url\":\"https:\/\/vapingnet.de\/wp-content\/uploads\/2025\/04\/Strawberry-Ice-2.webp\",\"contentUrl\":\"https:\/\/vapingnet.de\/wp-content\/uploads\/2025\/04\/Strawberry-Ice-2.webp\",\"width\":1000,\"height\":1000},{\"@type\":\"BreadcrumbList\",\"@id\":\"https:\/\/vapingnet.de\/vape\/elf-box-ls15000-jetzt-mit-strawberry-ice-weltweit-beliebt-und-zollfrei\/#breadcrumb\",\"itemListElement\":[{\"@type\":\"ListItem\",\"position\":1,\"name\":\"Home\",\"item\":\"https:\/\/vapingnet.de\/\"},{\"@type\":\"ListItem\",\"position\":2,\"name\":\"Shop\",\"item\":\"https:\/\/vapingnet.de\/vape\/\"},{\"@type\":\"ListItem\",\"position\":3,\"name\":\"ELF BOX LS15000 Jetzt Mit Strawberry Ice Weltweit Beliebt und Zollfrei\"}]},{\"@type\":\"WebSite\",\"@id\":\"https:\/\/vapingnet.de\/#website\",\"url\":\"https:\/\/vapingnet.de\/\",\"name\":\"Vapingnet.de\",\"description\":\"\",\"publisher\":{\"@id\":\"https:\/\/vapingnet.de\/#organization\"},\"potentialAction\":[{\"@type\":\"SearchAction\",\"target\":{\"@type\":\"EntryPoint\",\"urlTemplate\":\"https:\/\/vapingnet.de\/?s={search_term_string}\"},\"query-input\":{\"@type\":\"PropertyValueSpecification\",\"valueRequired\":true,\"valueName\":\"search_term_string\"}}],\"inLanguage\":\"pl-PL\"},{\"@type\":\"Organization\",\"@id\":\"https:\/\/vapingnet.de\/#organization\",\"name\":\"Vapingnet.de\",\"url\":\"https:\/\/vapingnet.de\/\",\"logo\":{\"@type\":\"ImageObject\",\"inLanguage\":\"pl-PL\",\"@id\":\"https:\/\/vapingnet.de\/#\/schema\/logo\/image\/\",\"url\":\"https:\/\/vapingnet.de\/wp-content\/uploads\/2025\/03\/cropped-vapingnet.de_.jpg\",\"contentUrl\":\"https:\/\/vapingnet.de\/wp-content\/uploads\/2025\/03\/cropped-vapingnet.de_.jpg\",\"width\":512,\"height\":512,\"caption\":\"Vapingnet.de\"},\"image\":{\"@id\":\"https:\/\/vapingnet.de\/#\/schema\/logo\/image\/\"},\"sameAs\":[\"https:\/\/www.facebook.com\/vapingnetde\/\"]}]}<\/script>\n<!-- \/ Yoast SEO plugin. -->","yoast_head_json":{"title":"ELF BOX LS15000 Jetzt Mit Strawberry Ice Weltweit Beliebt und Zollfrei | Vapingnet.de","description":"Entdecke ELF BOX LS15000 Jetzt Mit Strawberry Ice Weltweit Beliebt und Zollfrei bei vapingnet.de, \u25ba Gro\u00dfe Auswahl an Geschmacksrichtungen & super g\u00fcnstig!","robots":{"index":"index","follow":"follow","max-snippet":"max-snippet:-1","max-image-preview":"max-image-preview:large","max-video-preview":"max-video-preview:-1"},"canonical":"https:\/\/vapingnet.de\/pl\/vape\/elf-box-ls15000-jetzt-mit-strawberry-ice-weltweit-beliebt-und-zollfrei\/","og_locale":"pl_PL","og_type":"article","og_title":"ELF BOX LS15000 Jetzt Mit Strawberry Ice Weltweit Beliebt und Zollfrei | Vapingnet.de","og_description":"Entdecke ELF BOX LS15000 Jetzt Mit Strawberry Ice Weltweit Beliebt und Zollfrei bei vapingnet.de, \u25ba Gro\u00dfe Auswahl an Geschmacksrichtungen & super g\u00fcnstig!","og_url":"https:\/\/vapingnet.de\/pl\/vape\/elf-box-ls15000-jetzt-mit-strawberry-ice-weltweit-beliebt-und-zollfrei\/","og_site_name":"Vapingnet.de","article_publisher":"https:\/\/www.facebook.com\/vapingnetde\/","article_modified_time":"2025-06-19T03:42:53+00:00","og_image":[{"width":1000,"height":1000,"url":"https:\/\/vapingnet.de\/wp-content\/uploads\/2025\/04\/Strawberry-Ice-2.webp","type":"image\/webp"}],"twitter_card":"summary_large_image","twitter_misc":{"Est. reading time":"2 minutes"},"schema":{"@context":"https:\/\/schema.org","@graph":[{"@type":"WebPage","@id":"https:\/\/vapingnet.de\/vape\/elf-box-ls15000-jetzt-mit-strawberry-ice-weltweit-beliebt-und-zollfrei\/","url":"https:\/\/vapingnet.de\/vape\/elf-box-ls15000-jetzt-mit-strawberry-ice-weltweit-beliebt-und-zollfrei\/","name":"ELF BOX LS15000 Jetzt Mit Strawberry Ice Weltweit Beliebt und Zollfrei | Vapingnet.de","isPartOf":{"@id":"https:\/\/vapingnet.de\/#website"},"primaryImageOfPage":{"@id":"https:\/\/vapingnet.de\/vape\/elf-box-ls15000-jetzt-mit-strawberry-ice-weltweit-beliebt-und-zollfrei\/#primaryimage"},"image":{"@id":"https:\/\/vapingnet.de\/vape\/elf-box-ls15000-jetzt-mit-strawberry-ice-weltweit-beliebt-und-zollfrei\/#primaryimage"},"thumbnailUrl":"https:\/\/vapingnet.de\/wp-content\/uploads\/2025\/04\/Strawberry-Ice-2.webp","datePublished":"2025-04-21T07:29:46+00:00","dateModified":"2025-06-19T03:42:53+00:00","description":"Entdecke ELF BOX LS15000 Jetzt Mit Strawberry Ice Weltweit Beliebt und Zollfrei bei vapingnet.de, \u25ba Gro\u00dfe Auswahl an Geschmacksrichtungen & super g\u00fcnstig!","breadcrumb":{"@id":"https:\/\/vapingnet.de\/vape\/elf-box-ls15000-jetzt-mit-strawberry-ice-weltweit-beliebt-und-zollfrei\/#breadcrumb"},"inLanguage":"pl-PL","potentialAction":[{"@type":"ReadAction","target":["https:\/\/vapingnet.de\/vape\/elf-box-ls15000-jetzt-mit-strawberry-ice-weltweit-beliebt-und-zollfrei\/"]}]},{"@type":"ImageObject","inLanguage":"pl-PL","@id":"https:\/\/vapingnet.de\/vape\/elf-box-ls15000-jetzt-mit-strawberry-ice-weltweit-beliebt-und-zollfrei\/#primaryimage","url":"https:\/\/vapingnet.de\/wp-content\/uploads\/2025\/04\/Strawberry-Ice-2.webp","contentUrl":"https:\/\/vapingnet.de\/wp-content\/uploads\/2025\/04\/Strawberry-Ice-2.webp","width":1000,"height":1000},{"@type":"BreadcrumbList","@id":"https:\/\/vapingnet.de\/vape\/elf-box-ls15000-jetzt-mit-strawberry-ice-weltweit-beliebt-und-zollfrei\/#breadcrumb","itemListElement":[{"@type":"ListItem","position":1,"name":"Home","item":"https:\/\/vapingnet.de\/"},{"@type":"ListItem","position":2,"name":"Shop","item":"https:\/\/vapingnet.de\/vape\/"},{"@type":"ListItem","position":3,"name":"ELF BOX LS15000 Jetzt Mit Strawberry Ice Weltweit Beliebt und Zollfrei"}]},{"@type":"WebSite","@id":"https:\/\/vapingnet.de\/#website","url":"https:\/\/vapingnet.de\/","name":"Vapingnet.de","description":"","publisher":{"@id":"https:\/\/vapingnet.de\/#organization"},"potentialAction":[{"@type":"SearchAction","target":{"@type":"EntryPoint","urlTemplate":"https:\/\/vapingnet.de\/?s={search_term_string}"},"query-input":{"@type":"PropertyValueSpecification","valueRequired":true,"valueName":"search_term_string"}}],"inLanguage":"pl-PL"},{"@type":"Organization","@id":"https:\/\/vapingnet.de\/#organization","name":"Vapingnet.de","url":"https:\/\/vapingnet.de\/","logo":{"@type":"ImageObject","inLanguage":"pl-PL","@id":"https:\/\/vapingnet.de\/#\/schema\/logo\/image\/","url":"https:\/\/vapingnet.de\/wp-content\/uploads\/2025\/03\/cropped-vapingnet.de_.jpg","contentUrl":"https:\/\/vapingnet.de\/wp-content\/uploads\/2025\/03\/cropped-vapingnet.de_.jpg","width":512,"height":512,"caption":"Vapingnet.de"},"image":{"@id":"https:\/\/vapingnet.de\/#\/schema\/logo\/image\/"},"sameAs":["https:\/\/www.facebook.com\/vapingnetde\/"]}]}},"tiered_pricing_type":"fixed","tiered_pricing_fixed_rules":{"10":"8.35","60":"7.54","110":"6.68","200":"5.85"},"tiered_pricing_product_settings":{"layout":"default","base_unit_name":{"singular":null,"plural":null},"default_variation":null},"tiered_pricing_minimum_quantity":null,"tiered_pricing_roles_data":[],"tiered_pricing_percentage_rules":[],"_links":{"self":[{"href":"https:\/\/vapingnet.de\/pl\/wp-json\/wp\/v2\/product\/6430","targetHints":{"allow":["GET"]}}],"collection":[{"href":"https:\/\/vapingnet.de\/pl\/wp-json\/wp\/v2\/product"}],"about":[{"href":"https:\/\/vapingnet.de\/pl\/wp-json\/wp\/v2\/types\/product"}],"version-history":[{"count":1,"href":"https:\/\/vapingnet.de\/pl\/wp-json\/wp\/v2\/product\/6430\/revisions"}],"predecessor-version":[{"id":6438,"href":"https:\/\/vapingnet.de\/pl\/wp-json\/wp\/v2\/product\/6430\/revisions\/6438"}],"wp:featuredmedia":[{"embeddable":true,"href":"https:\/\/vapingnet.de\/pl\/wp-json\/wp\/v2\/media\/6417"}],"wp:attachment":[{"href":"https:\/\/vapingnet.de\/pl\/wp-json\/wp\/v2\/media?parent=6430"}],"wp:term":[{"taxonomy":"brand","embeddable":true,"href":"https:\/\/vapingnet.de\/pl\/wp-json\/wp\/v2\/etheme_brands?post=6430"},{"taxonomy":"product_brand","embeddable":true,"href":"https:\/\/vapingnet.de\/pl\/wp-json\/wp\/v2\/product_brand?post=6430"},{"taxonomy":"product_cat","embeddable":true,"href":"https:\/\/vapingnet.de\/pl\/wp-json\/wp\/v2\/product_cat?post=6430"},{"taxonomy":"product_tag","embeddable":true,"href":"https:\/\/vapingnet.de\/pl\/wp-json\/wp\/v2\/product_tag?post=6430"}],"curies":[{"name":"wp","href":"https:\/\/api.w.org\/{rel}","templated":true}]}}