{"id":6431,"date":"2025-04-21T07:29:48","date_gmt":"2025-04-21T07:29:48","guid":{"rendered":"https:\/\/vapingnet.de\/?post_type=product&#038;p=6431"},"modified":"2025-06-19T03:42:52","modified_gmt":"2025-06-19T03:42:52","slug":"erlebe-peach-mango-pineapple-mit-elf-box-ls15000-guenstig-und-direkt-ab-werk","status":"publish","type":"product","link":"https:\/\/vapingnet.de\/pl\/vape\/erlebe-peach-mango-pineapple-mit-elf-box-ls15000-guenstig-und-direkt-ab-werk\/","title":{"rendered":"Do\u015bwiadcz Peach Mango Pineapple z ELF BOX LS15000 Tanio i Bezpo\u015brednio z Fabryki"},"content":{"rendered":"<h2 data-start=\"0\" data-end=\"71\" data-immersive-translate-walked=\"10cfca06-867b-45c4-a480-b634a2d673e1\">ELF BOX LS15000: Pot\u0119\u017cne do\u015bwiadczenie vapingowe z 15000 poci\u0105gni\u0119ciami<\/h2>\n<p class=\"\" data-start=\"73\" data-end=\"384\" data-immersive-translate-walked=\"10cfca06-867b-45c4-a480-b634a2d673e1\" data-immersive-translate-paragraph=\"1\">ELF BOX LS15000 to wyr\u00f3\u017cniaj\u0105cy si\u0119 wyb\u00f3r dla entuzjast\u00f3w vapingowych, kt\u00f3rzy szukaj\u0105 trwa\u0142ego, wydajnego i intensywnie smakowego jednorazowego vapingu. Z imponuj\u0105c\u0105 liczb\u0105 15000 poci\u0105gni\u0119\u0107 i wyrafinowanym designem, ten model oferuje unikalne do\u015bwiadczenie parowania.<\/p>\n<h3 data-start=\"386\" data-end=\"405\" data-immersive-translate-walked=\"10cfca06-867b-45c4-a480-b634a2d673e1\">Cechy produktu<\/h3>\n<p class=\"\" data-start=\"407\" data-end=\"692\" data-immersive-translate-walked=\"10cfca06-867b-45c4-a480-b634a2d673e1\" data-immersive-translate-paragraph=\"1\">ELF BOX LS15000 jest wyposa\u017cony w mesh-coil o oporno\u015bci 0,6 Ohma, co zapewnia r\u00f3wnomierne i bogate wytwarzanie pary. Ta technologia gwarantuje r\u00f3wnomierne podgrzewanie e-liquidu i przyczynia si\u0119 do intensywnego smaku.<\/p>\n<p class=\"\" data-start=\"694\" data-end=\"1053\" data-immersive-translate-walked=\"10cfca06-867b-45c4-a480-b634a2d673e1\" data-immersive-translate-paragraph=\"1\">Urz\u0105dzenie zawiera \u0142\u0105cznie 26 ml e-liquidu, dost\u0119pnego w r\u00f3\u017cnych mocach nikotyny: 0, %, 2, % lub 5, %. Dzi\u0119ki temu u\u017cytkownicy mog\u0105 wybra\u0107 idealn\u0105 ilo\u015b\u0107 nikotyny zgodnie z w\u0142asnymi preferencjami. Zapas e-liquidu w po\u0142\u0105czeniu z technologi\u0105 mesh-coil zapewnia d\u0142ug\u0105 \u017cywotno\u015b\u0107 i sta\u0142e wysokie do\u015bwiadczenie parowania przez ca\u0142y okres u\u017cytkowania.<\/p>\n<p class=\"\" data-start=\"1055\" data-end=\"1471\" data-immersive-translate-walked=\"10cfca06-867b-45c4-a480-b634a2d673e1\" data-immersive-translate-paragraph=\"1\">ELF BOX LS15000 jest wyposa\u017cony w akumulator o pojemno\u015bci 600 mAh, kt\u00f3ry mo\u017cna \u0142adowa\u0107 przez praktyczny port Type-C. Czyni to urz\u0105dzenie nie tylko trwa\u0142ym, ale tak\u017ce bardziej przyjaznym dla \u015brodowiska i ta\u0144szym, poniewa\u017c akumulator mo\u017cna na\u0142adowa\u0107 ponownie w razie potrzeby. Pomimo swojej wydajnej specyfikacji, wa\u017cy zaledwie 91 g, co czyni go por\u0119cznym i wygodnym w codziennym u\u017cytkowaniu.<\/p>\n<h4 data-start=\"1473\" data-end=\"1518\" data-immersive-translate-walked=\"10cfca06-867b-45c4-a480-b634a2d673e1\">Do\u015bwiadczenie smakowe: Peach Mango Pineapple<\/h4>\n<p class=\"\" data-start=\"1520\" data-end=\"1879\" data-immersive-translate-walked=\"10cfca06-867b-45c4-a480-b634a2d673e1\" data-immersive-translate-paragraph=\"1\">Wyj\u0105tkow\u0105 cech\u0105 ELF BOX LS15000 jest wyb\u00f3r smak\u00f3w. Szczeg\u00f3lnie wyr\u00f3\u017cnia si\u0119 smak \u201ePeach Mango Pineapple\u201d, \u0142\u0105cz\u0105cy tropikalne owoce i oferuj\u0105cy orze\u017awiaj\u0105cy, s\u0142odki aromat. Po\u0142\u0105czenie soczystych brzoskwi\u0144, dojrza\u0142ych mango i orze\u017awiaj\u0105cej ananasa zapewnia smakowe doznanie przy ka\u017cdym poci\u0105gni\u0119ciu.<\/p>\n<p class=\"\" data-start=\"1881\" data-end=\"1927\" data-immersive-translate-walked=\"10cfca06-867b-45c4-a480-b634a2d673e1\">Jednorazowy vaping dla nieskomplikowanej przyjemno\u015bci<\/p>\n<p class=\"\" data-start=\"1929\" data-end=\"2240\" data-immersive-translate-walked=\"10cfca06-867b-45c4-a480-b634a2d673e1\" data-immersive-translate-paragraph=\"1\">Podobnie jak wiele innych jednorazowych e-papieros\u00f3w, ELF BOX LS15000 oferuje prost\u0105 obs\u0142ug\u0119 bez konieczno\u015bci dodatkowej konserwacji czy przygotowa\u0144. Vape jest gotowy do u\u017cycia od razu po wyj\u0119ciu z opakowania i nie wymaga \u017cadnych specjalnych ustawie\u0144 czy regulacji. Wystarczy wci\u0105gn\u0105\u0107 i cieszy\u0107 si\u0119 pe\u0142nym smakiem.<\/p>\n<h4 data-start=\"2242\" data-end=\"2268\" data-immersive-translate-walked=\"10cfca06-867b-45c4-a480-b634a2d673e1\">Zalety i transport<\/h4>\n<p class=\"\" data-start=\"2270\" data-end=\"2626\" data-immersive-translate-walked=\"10cfca06-867b-45c4-a480-b634a2d673e1\" data-immersive-translate-paragraph=\"1\">ELF BOX LS15000 wyr\u00f3\u017cnia si\u0119 nie tylko wysok\u0105 wydajno\u015bci\u0105 i \u0142atwo\u015bci\u0105 obs\u0142ugi, ale tak\u017ce korzystnym sposobem transportu. Wysy\u0142ka odbywa si\u0119 bez op\u0142at celnych, co stanowi dodatkow\u0105 zalet\u0119 dla klient\u00f3w w Polsce. Czas dostawy zazwyczaj wynosi od 7 do 15 dni roboczych, gwarantuj\u0105c szybk\u0105 realizacj\u0119 zam\u00f3wienia.<\/p>\n<h4 data-start=\"2628\" data-end=\"2637\" data-immersive-translate-walked=\"10cfca06-867b-45c4-a480-b634a2d673e1\">Dlaczego ELF BOX LS15000 to idealny wyb\u00f3r dla vaporyst\u00f3w<\/h4>\n<p class=\"\" data-start=\"2639\" data-end=\"3128\" data-immersive-translate-walked=\"10cfca06-867b-45c4-a480-b634a2d673e1\" data-immersive-translate-paragraph=\"1\">ELF BOX LS15000 to doskona\u0142y wyb\u00f3r dla vaporyst\u00f3w poszukuj\u0105cych wydajnego, przyjaznego dla u\u017cytkownika i smakowo przekonuj\u0105cego vapingu. Z 15000 poci\u0105gni\u0119ciami, d\u0142ugim czasem pracy akumulatora i imponuj\u0105c\u0105 r\u00f3\u017cnorodno\u015bci\u0105 smak\u00f3w, ten model zapewnia wyj\u0105tkowe do\u015bwiadczenie parowania. Je\u015bli szukasz wysokiej jako\u015bci jednorazowego vapingu, kt\u00f3ry \u0142\u0105czy praktyczno\u015b\u0107 z niezwyk\u0142\u0105 wydajno\u015bci\u0105, ELF BOX LS15000 jest idealnym wyborem.<\/p>\n<p class=\"\" data-start=\"3130\" data-end=\"3225\" data-immersive-translate-walked=\"10cfca06-867b-45c4-a480-b634a2d673e1\" data-immersive-translate-paragraph=\"1\">Dost\u0119pny na vapingnet.de, zaufanym dostawcy Twoich potrzeb vapingowych.<\/p>","protected":false},"excerpt":{"rendered":"<p>ELF BOX LS15000: Mocne do\u015bwiadczenie vape z 15000 zaci\u0105gni\u0119ciami. ELF BOX LS15000 to doskona\u0142y wyb\u00f3r dla entuzjast\u00f3w wapowania, kt\u00f3rzy szukaj\u0105...<\/p>","protected":false},"featured_media":6416,"template":"","meta":[],"etheme_brands":[],"product_brand":[100],"product_cat":[53,49,61],"product_tag":[],"class_list":{"0":"post-6431","1":"product","2":"type-product","3":"status-publish","4":"has-post-thumbnail","6":"product_brand-elf-box-vape","7":"product_cat-vape-15000-zuege","8":"product_cat-einweg-e-zigarette","9":"product_cat-f","11":"first","12":"instock","13":"shipping-taxable","14":"purchasable","15":"product-type-simple"},"yoast_head":"<!-- This site is optimized with the Yoast SEO plugin v26.5 - https:\/\/yoast.com\/wordpress\/plugins\/seo\/ -->\n<title>Erlebe Peach Mango Pineapple Mit ELF BOX LS15000 G\u00fcnstig Und Direkt Ab Werk | Vapingnet.de<\/title>\n<meta name=\"description\" content=\"Entdecke Erlebe Peach Mango Pineapple Mit ELF BOX LS15000 G\u00fcnstig Und Direkt Ab Werk bei vapingnet.de, \u25ba Gro\u00dfe Auswahl an Geschmacksrichtungen &amp; super g\u00fcnstig!\" \/>\n<meta name=\"robots\" content=\"index, follow, max-snippet:-1, max-image-preview:large, max-video-preview:-1\" \/>\n<link rel=\"canonical\" href=\"https:\/\/vapingnet.de\/pl\/vape\/erlebe-peach-mango-pineapple-mit-elf-box-ls15000-guenstig-und-direkt-ab-werk\/\" \/>\n<meta property=\"og:locale\" content=\"pl_PL\" \/>\n<meta property=\"og:type\" content=\"article\" \/>\n<meta property=\"og:title\" content=\"Erlebe Peach Mango Pineapple Mit ELF BOX LS15000 G\u00fcnstig Und Direkt Ab Werk | Vapingnet.de\" \/>\n<meta property=\"og:description\" content=\"Entdecke Erlebe Peach Mango Pineapple Mit ELF BOX LS15000 G\u00fcnstig Und Direkt Ab Werk bei vapingnet.de, \u25ba Gro\u00dfe Auswahl an Geschmacksrichtungen &amp; super g\u00fcnstig!\" \/>\n<meta property=\"og:url\" content=\"https:\/\/vapingnet.de\/pl\/vape\/erlebe-peach-mango-pineapple-mit-elf-box-ls15000-guenstig-und-direkt-ab-werk\/\" \/>\n<meta property=\"og:site_name\" content=\"Vapingnet.de\" \/>\n<meta property=\"article:publisher\" content=\"https:\/\/www.facebook.com\/vapingnetde\/\" \/>\n<meta property=\"article:modified_time\" content=\"2025-06-19T03:42:52+00:00\" \/>\n<meta property=\"og:image\" content=\"https:\/\/vapingnet.de\/wp-content\/uploads\/2025\/04\/Peach-Mango-Pineapple.webp\" \/>\n\t<meta property=\"og:image:width\" content=\"1000\" \/>\n\t<meta property=\"og:image:height\" content=\"1000\" \/>\n\t<meta property=\"og:image:type\" content=\"image\/webp\" \/>\n<meta name=\"twitter:card\" content=\"summary_large_image\" \/>\n<meta name=\"twitter:label1\" content=\"Est. reading time\" \/>\n\t<meta name=\"twitter:data1\" content=\"3 minutes\" \/>\n<script type=\"application\/ld+json\" class=\"yoast-schema-graph\">{\"@context\":\"https:\/\/schema.org\",\"@graph\":[{\"@type\":\"WebPage\",\"@id\":\"https:\/\/vapingnet.de\/vape\/erlebe-peach-mango-pineapple-mit-elf-box-ls15000-guenstig-und-direkt-ab-werk\/\",\"url\":\"https:\/\/vapingnet.de\/vape\/erlebe-peach-mango-pineapple-mit-elf-box-ls15000-guenstig-und-direkt-ab-werk\/\",\"name\":\"Erlebe Peach Mango Pineapple Mit ELF BOX LS15000 G\u00fcnstig Und Direkt Ab Werk | Vapingnet.de\",\"isPartOf\":{\"@id\":\"https:\/\/vapingnet.de\/#website\"},\"primaryImageOfPage\":{\"@id\":\"https:\/\/vapingnet.de\/vape\/erlebe-peach-mango-pineapple-mit-elf-box-ls15000-guenstig-und-direkt-ab-werk\/#primaryimage\"},\"image\":{\"@id\":\"https:\/\/vapingnet.de\/vape\/erlebe-peach-mango-pineapple-mit-elf-box-ls15000-guenstig-und-direkt-ab-werk\/#primaryimage\"},\"thumbnailUrl\":\"https:\/\/vapingnet.de\/wp-content\/uploads\/2025\/04\/Peach-Mango-Pineapple.webp\",\"datePublished\":\"2025-04-21T07:29:48+00:00\",\"dateModified\":\"2025-06-19T03:42:52+00:00\",\"description\":\"Entdecke Erlebe Peach Mango Pineapple Mit ELF BOX LS15000 G\u00fcnstig Und Direkt Ab Werk bei vapingnet.de, \u25ba Gro\u00dfe Auswahl an Geschmacksrichtungen & super g\u00fcnstig!\",\"breadcrumb\":{\"@id\":\"https:\/\/vapingnet.de\/vape\/erlebe-peach-mango-pineapple-mit-elf-box-ls15000-guenstig-und-direkt-ab-werk\/#breadcrumb\"},\"inLanguage\":\"pl-PL\",\"potentialAction\":[{\"@type\":\"ReadAction\",\"target\":[\"https:\/\/vapingnet.de\/vape\/erlebe-peach-mango-pineapple-mit-elf-box-ls15000-guenstig-und-direkt-ab-werk\/\"]}]},{\"@type\":\"ImageObject\",\"inLanguage\":\"pl-PL\",\"@id\":\"https:\/\/vapingnet.de\/vape\/erlebe-peach-mango-pineapple-mit-elf-box-ls15000-guenstig-und-direkt-ab-werk\/#primaryimage\",\"url\":\"https:\/\/vapingnet.de\/wp-content\/uploads\/2025\/04\/Peach-Mango-Pineapple.webp\",\"contentUrl\":\"https:\/\/vapingnet.de\/wp-content\/uploads\/2025\/04\/Peach-Mango-Pineapple.webp\",\"width\":1000,\"height\":1000},{\"@type\":\"BreadcrumbList\",\"@id\":\"https:\/\/vapingnet.de\/vape\/erlebe-peach-mango-pineapple-mit-elf-box-ls15000-guenstig-und-direkt-ab-werk\/#breadcrumb\",\"itemListElement\":[{\"@type\":\"ListItem\",\"position\":1,\"name\":\"Home\",\"item\":\"https:\/\/vapingnet.de\/\"},{\"@type\":\"ListItem\",\"position\":2,\"name\":\"Shop\",\"item\":\"https:\/\/vapingnet.de\/vape\/\"},{\"@type\":\"ListItem\",\"position\":3,\"name\":\"Erlebe Peach Mango Pineapple Mit ELF BOX LS15000 G\u00fcnstig Und Direkt Ab Werk\"}]},{\"@type\":\"WebSite\",\"@id\":\"https:\/\/vapingnet.de\/#website\",\"url\":\"https:\/\/vapingnet.de\/\",\"name\":\"Vapingnet.de\",\"description\":\"\",\"publisher\":{\"@id\":\"https:\/\/vapingnet.de\/#organization\"},\"potentialAction\":[{\"@type\":\"SearchAction\",\"target\":{\"@type\":\"EntryPoint\",\"urlTemplate\":\"https:\/\/vapingnet.de\/?s={search_term_string}\"},\"query-input\":{\"@type\":\"PropertyValueSpecification\",\"valueRequired\":true,\"valueName\":\"search_term_string\"}}],\"inLanguage\":\"pl-PL\"},{\"@type\":\"Organization\",\"@id\":\"https:\/\/vapingnet.de\/#organization\",\"name\":\"Vapingnet.de\",\"url\":\"https:\/\/vapingnet.de\/\",\"logo\":{\"@type\":\"ImageObject\",\"inLanguage\":\"pl-PL\",\"@id\":\"https:\/\/vapingnet.de\/#\/schema\/logo\/image\/\",\"url\":\"https:\/\/vapingnet.de\/wp-content\/uploads\/2025\/03\/cropped-vapingnet.de_.jpg\",\"contentUrl\":\"https:\/\/vapingnet.de\/wp-content\/uploads\/2025\/03\/cropped-vapingnet.de_.jpg\",\"width\":512,\"height\":512,\"caption\":\"Vapingnet.de\"},\"image\":{\"@id\":\"https:\/\/vapingnet.de\/#\/schema\/logo\/image\/\"},\"sameAs\":[\"https:\/\/www.facebook.com\/vapingnetde\/\"]}]}<\/script>\n<!-- \/ Yoast SEO plugin. -->","yoast_head_json":{"title":"Erlebe Peach Mango Pineapple Mit ELF BOX LS15000 G\u00fcnstig Und Direkt Ab Werk | Vapingnet.de","description":"Entdecke Erlebe Peach Mango Pineapple Mit ELF BOX LS15000 G\u00fcnstig Und Direkt Ab Werk bei vapingnet.de, \u25ba Gro\u00dfe Auswahl an Geschmacksrichtungen & super g\u00fcnstig!","robots":{"index":"index","follow":"follow","max-snippet":"max-snippet:-1","max-image-preview":"max-image-preview:large","max-video-preview":"max-video-preview:-1"},"canonical":"https:\/\/vapingnet.de\/pl\/vape\/erlebe-peach-mango-pineapple-mit-elf-box-ls15000-guenstig-und-direkt-ab-werk\/","og_locale":"pl_PL","og_type":"article","og_title":"Erlebe Peach Mango Pineapple Mit ELF BOX LS15000 G\u00fcnstig Und Direkt Ab Werk | Vapingnet.de","og_description":"Entdecke Erlebe Peach Mango Pineapple Mit ELF BOX LS15000 G\u00fcnstig Und Direkt Ab Werk bei vapingnet.de, \u25ba Gro\u00dfe Auswahl an Geschmacksrichtungen & super g\u00fcnstig!","og_url":"https:\/\/vapingnet.de\/pl\/vape\/erlebe-peach-mango-pineapple-mit-elf-box-ls15000-guenstig-und-direkt-ab-werk\/","og_site_name":"Vapingnet.de","article_publisher":"https:\/\/www.facebook.com\/vapingnetde\/","article_modified_time":"2025-06-19T03:42:52+00:00","og_image":[{"width":1000,"height":1000,"url":"https:\/\/vapingnet.de\/wp-content\/uploads\/2025\/04\/Peach-Mango-Pineapple.webp","type":"image\/webp"}],"twitter_card":"summary_large_image","twitter_misc":{"Est. reading time":"3 minutes"},"schema":{"@context":"https:\/\/schema.org","@graph":[{"@type":"WebPage","@id":"https:\/\/vapingnet.de\/vape\/erlebe-peach-mango-pineapple-mit-elf-box-ls15000-guenstig-und-direkt-ab-werk\/","url":"https:\/\/vapingnet.de\/vape\/erlebe-peach-mango-pineapple-mit-elf-box-ls15000-guenstig-und-direkt-ab-werk\/","name":"Erlebe Peach Mango Pineapple Mit ELF BOX LS15000 G\u00fcnstig Und Direkt Ab Werk | Vapingnet.de","isPartOf":{"@id":"https:\/\/vapingnet.de\/#website"},"primaryImageOfPage":{"@id":"https:\/\/vapingnet.de\/vape\/erlebe-peach-mango-pineapple-mit-elf-box-ls15000-guenstig-und-direkt-ab-werk\/#primaryimage"},"image":{"@id":"https:\/\/vapingnet.de\/vape\/erlebe-peach-mango-pineapple-mit-elf-box-ls15000-guenstig-und-direkt-ab-werk\/#primaryimage"},"thumbnailUrl":"https:\/\/vapingnet.de\/wp-content\/uploads\/2025\/04\/Peach-Mango-Pineapple.webp","datePublished":"2025-04-21T07:29:48+00:00","dateModified":"2025-06-19T03:42:52+00:00","description":"Entdecke Erlebe Peach Mango Pineapple Mit ELF BOX LS15000 G\u00fcnstig Und Direkt Ab Werk bei vapingnet.de, \u25ba Gro\u00dfe Auswahl an Geschmacksrichtungen & super g\u00fcnstig!","breadcrumb":{"@id":"https:\/\/vapingnet.de\/vape\/erlebe-peach-mango-pineapple-mit-elf-box-ls15000-guenstig-und-direkt-ab-werk\/#breadcrumb"},"inLanguage":"pl-PL","potentialAction":[{"@type":"ReadAction","target":["https:\/\/vapingnet.de\/vape\/erlebe-peach-mango-pineapple-mit-elf-box-ls15000-guenstig-und-direkt-ab-werk\/"]}]},{"@type":"ImageObject","inLanguage":"pl-PL","@id":"https:\/\/vapingnet.de\/vape\/erlebe-peach-mango-pineapple-mit-elf-box-ls15000-guenstig-und-direkt-ab-werk\/#primaryimage","url":"https:\/\/vapingnet.de\/wp-content\/uploads\/2025\/04\/Peach-Mango-Pineapple.webp","contentUrl":"https:\/\/vapingnet.de\/wp-content\/uploads\/2025\/04\/Peach-Mango-Pineapple.webp","width":1000,"height":1000},{"@type":"BreadcrumbList","@id":"https:\/\/vapingnet.de\/vape\/erlebe-peach-mango-pineapple-mit-elf-box-ls15000-guenstig-und-direkt-ab-werk\/#breadcrumb","itemListElement":[{"@type":"ListItem","position":1,"name":"Home","item":"https:\/\/vapingnet.de\/"},{"@type":"ListItem","position":2,"name":"Shop","item":"https:\/\/vapingnet.de\/vape\/"},{"@type":"ListItem","position":3,"name":"Erlebe Peach Mango Pineapple Mit ELF BOX LS15000 G\u00fcnstig Und Direkt Ab Werk"}]},{"@type":"WebSite","@id":"https:\/\/vapingnet.de\/#website","url":"https:\/\/vapingnet.de\/","name":"Vapingnet.de","description":"","publisher":{"@id":"https:\/\/vapingnet.de\/#organization"},"potentialAction":[{"@type":"SearchAction","target":{"@type":"EntryPoint","urlTemplate":"https:\/\/vapingnet.de\/?s={search_term_string}"},"query-input":{"@type":"PropertyValueSpecification","valueRequired":true,"valueName":"search_term_string"}}],"inLanguage":"pl-PL"},{"@type":"Organization","@id":"https:\/\/vapingnet.de\/#organization","name":"Vapingnet.de","url":"https:\/\/vapingnet.de\/","logo":{"@type":"ImageObject","inLanguage":"pl-PL","@id":"https:\/\/vapingnet.de\/#\/schema\/logo\/image\/","url":"https:\/\/vapingnet.de\/wp-content\/uploads\/2025\/03\/cropped-vapingnet.de_.jpg","contentUrl":"https:\/\/vapingnet.de\/wp-content\/uploads\/2025\/03\/cropped-vapingnet.de_.jpg","width":512,"height":512,"caption":"Vapingnet.de"},"image":{"@id":"https:\/\/vapingnet.de\/#\/schema\/logo\/image\/"},"sameAs":["https:\/\/www.facebook.com\/vapingnetde\/"]}]}},"tiered_pricing_type":"fixed","tiered_pricing_fixed_rules":{"10":"8.35","60":"7.54","110":"6.68","200":"5.85"},"tiered_pricing_product_settings":{"layout":"default","base_unit_name":{"singular":null,"plural":null},"default_variation":null},"tiered_pricing_minimum_quantity":null,"tiered_pricing_roles_data":[],"tiered_pricing_percentage_rules":[],"_links":{"self":[{"href":"https:\/\/vapingnet.de\/pl\/wp-json\/wp\/v2\/product\/6431","targetHints":{"allow":["GET"]}}],"collection":[{"href":"https:\/\/vapingnet.de\/pl\/wp-json\/wp\/v2\/product"}],"about":[{"href":"https:\/\/vapingnet.de\/pl\/wp-json\/wp\/v2\/types\/product"}],"version-history":[{"count":1,"href":"https:\/\/vapingnet.de\/pl\/wp-json\/wp\/v2\/product\/6431\/revisions"}],"predecessor-version":[{"id":6439,"href":"https:\/\/vapingnet.de\/pl\/wp-json\/wp\/v2\/product\/6431\/revisions\/6439"}],"wp:featuredmedia":[{"embeddable":true,"href":"https:\/\/vapingnet.de\/pl\/wp-json\/wp\/v2\/media\/6416"}],"wp:attachment":[{"href":"https:\/\/vapingnet.de\/pl\/wp-json\/wp\/v2\/media?parent=6431"}],"wp:term":[{"taxonomy":"brand","embeddable":true,"href":"https:\/\/vapingnet.de\/pl\/wp-json\/wp\/v2\/etheme_brands?post=6431"},{"taxonomy":"product_brand","embeddable":true,"href":"https:\/\/vapingnet.de\/pl\/wp-json\/wp\/v2\/product_brand?post=6431"},{"taxonomy":"product_cat","embeddable":true,"href":"https:\/\/vapingnet.de\/pl\/wp-json\/wp\/v2\/product_cat?post=6431"},{"taxonomy":"product_tag","embeddable":true,"href":"https:\/\/vapingnet.de\/pl\/wp-json\/wp\/v2\/product_tag?post=6431"}],"curies":[{"name":"wp","href":"https:\/\/api.w.org\/{rel}","templated":true}]}}