{"id":6432,"date":"2025-04-21T07:29:50","date_gmt":"2025-04-21T07:29:50","guid":{"rendered":"https:\/\/vapingnet.de\/?post_type=product&#038;p=6432"},"modified":"2025-06-19T03:42:52","modified_gmt":"2025-06-19T03:42:52","slug":"elf-box-ls15000-mit-grape-ice-jetzt-bestellen-zollfrei-lieferung","status":"publish","type":"product","link":"https:\/\/vapingnet.de\/pl\/vape\/elf-box-ls15000-mit-grape-ice-jetzt-bestellen-zollfrei-lieferung\/","title":{"rendered":"ELF BOX LS15000 z Grape Ice - Zam\u00f3w Teraz Bez C\u0142a Dostawa"},"content":{"rendered":"<h2 data-start=\"0\" data-end=\"73\" data-immersive-translate-walked=\"f951bc89-7b47-4074-8fea-0943f826cadf\">ELF BOX LS15000: Unikalne vapowanie z dodatkow\u0105 porcj\u0105 \u015bwie\u017co\u015bci<\/h2>\n<p class=\"\" data-start=\"75\" data-end=\"662\" data-immersive-translate-walked=\"f951bc89-7b47-4074-8fea-0943f826cadf\" data-immersive-translate-paragraph=\"1\">ELF BOX LS15000 prezentuje si\u0119 jako idealny wyb\u00f3r dla wymagaj\u0105cych palaczy, kt\u00f3rzy szukaj\u0105 nie tylko d\u0142ugiej \u017cywotno\u015bci, ale tak\u017ce intensywnego doznania smakowego. Z imponuj\u0105c\u0105 liczb\u0105 15000 poci\u0105gni\u0119\u0107 i praktyczn\u0105, wielokrotnie \u0142adowan\u0105 funkcj\u0105, ten model wyr\u00f3\u017cnia si\u0119 znacznie spo\u015br\u00f3d innych jednorazowych vape'\u00f3w. Po\u0142\u0105czenie wysokiej jako\u015bci technologii Mesh-Coil, du\u017cego zapasu e-liquid i \u015bwie\u017cego smaku czyni ELF BOX LS15000 wyj\u0105tkow\u0105 opcj\u0105 dla tych, kt\u00f3rzy nie chc\u0105 i\u015b\u0107 na kompromisy podczas vapowania.<\/p>\n<h3 data-start=\"664\" data-end=\"706\" data-immersive-translate-walked=\"f951bc89-7b47-4074-8fea-0943f826cadf\">Dane techniczne ELF BOX LS15000<\/h3>\n<p class=\"\" data-start=\"708\" data-end=\"1000\" data-immersive-translate-walked=\"f951bc89-7b47-4074-8fea-0943f826cadf\" data-immersive-translate-paragraph=\"1\">ELF BOX LS15000 wyposa\u017cony jest w nowoczesn\u0105 mesh-coil, kt\u00f3ra przy rezystancji 0,6 Ohma zapewnia szczeg\u00f3lnie r\u00f3wnomierny i intensywny dym. Ta technologia coil gwarantuje, \u017ce ka\u017cde poci\u0105gni\u0119cie dostarcza intensywne i czyste doznanie smakowe.<\/p>\n<p class=\"\" data-start=\"1002\" data-end=\"1342\" data-immersive-translate-walked=\"f951bc89-7b47-4074-8fea-0943f826cadf\" data-immersive-translate-paragraph=\"1\">Z pojemno\u015bci\u0105 e-liquid 26 ml, urz\u0105dzenie zapewnia wystarczaj\u0105c\u0105 ilo\u015b\u0107 p\u0142ynu na d\u0142ugi czas u\u017cytkowania i gwarantuje, \u017ce smak pozostanie niezmienny przez ca\u0142y okres u\u017cytkowania. U\u017cytkownicy mog\u0105 wybiera\u0107 spo\u015br\u00f3d trzech r\u00f3\u017cnych poziom\u00f3w nikotyny: 0%, 2% lub 5%, w zale\u017cno\u015bci od osobistych preferencji i po\u017c\u0105danego poziomu nikotyny.<\/p>\n<p class=\"\" data-start=\"1344\" data-end=\"1743\" data-immersive-translate-walked=\"f951bc89-7b47-4074-8fea-0943f826cadf\" data-immersive-translate-paragraph=\"1\">Wbudowany akumulator o pojemno\u015bci 600 mAh zapewnia niezawodne zasilanie i mo\u017cna go szybko i \u0142atwo na\u0142adowa\u0107 przez port Type-C. Urz\u0105dzenie wa\u017cy tylko 91 g, co czyni je lekkim i por\u0119cznym do codziennego u\u017cytku. Dzi\u0119ki funkcji wielokrotnego \u0142adowania eliminuje konieczno\u015b\u0107 cz\u0119stej wymiany urz\u0105dze\u0144, co jest korzystne zar\u00f3wno ekologicznie, jak i ekonomicznie.<\/p>\n<h4 data-start=\"1745\" data-end=\"1778\" data-immersive-translate-walked=\"f951bc89-7b47-4074-8fea-0943f826cadf\">Do\u015bwiadczenie smakowe: Grape Ice<\/h4>\n<p class=\"\" data-start=\"1780\" data-end=\"2314\" data-immersive-translate-walked=\"f951bc89-7b47-4074-8fea-0943f826cadf\" data-immersive-translate-paragraph=\"1\">Smak \u201eGrape Ice\u201d to doskona\u0142y wyb\u00f3r dla palaczy, kt\u00f3rzy szukaj\u0105 orze\u017awiaj\u0105cej i owocowej mieszanki aromat\u00f3w. Soczyste winogrona \u0142\u0105cz\u0105 si\u0119 z lodow\u0105 \u015bwie\u017co\u015bci\u0105, zapewniaj\u0105c intensywne, ch\u0142odne vapowanie. Ten smak jest idealny dla tych, kt\u00f3rzy kochaj\u0105 owocowe nuty, ale jednocze\u015bnie chc\u0105 cieszy\u0107 si\u0119 orze\u017awiaj\u0105cym ch\u0142odem mentolu lub lodowego smaku. Grape Ice oferuje idealne doznanie smakowe na gor\u0105ce dni lub ka\u017cd\u0105 okazj\u0119, gdy po\u017c\u0105dany jest orze\u017awiaj\u0105cy dym.<\/p>\n<h4 data-start=\"2316\" data-end=\"2350\" data-immersive-translate-walked=\"f951bc89-7b47-4074-8fea-0943f826cadf\">Prosta obs\u0142uga i design<\/h4>\n<p class=\"\" data-start=\"2352\" data-end=\"2731\" data-immersive-translate-walked=\"f951bc89-7b47-4074-8fea-0943f826cadf\" data-immersive-translate-paragraph=\"1\">ELF BOX LS15000 wyr\u00f3\u017cnia si\u0119 \u0142atwo\u015bci\u0105 u\u017cytkowania. Urz\u0105dzenie jest gotowe do u\u017cycia od razu po wyj\u0119ciu z opakowania i nie wymaga skomplikowanych ustawie\u0144 ani przygotowa\u0144. Wystarczy wyj\u0105\u0107 z opakowania i rozpocz\u0105\u0107 przyjemno\u015b\u0107 z dymu. Ta prostota czyni je idealnym wyborem zar\u00f3wno dla pocz\u0105tkuj\u0105cych, jak i do\u015bwiadczonych palaczy, kt\u00f3rzy szukaj\u0105 praktycznego rozwi\u0105zania.<\/p>\n<h4 data-start=\"2733\" data-end=\"2765\" data-immersive-translate-walked=\"f951bc89-7b47-4074-8fea-0943f826cadf\">Zalety ELF BOX LS15000<\/h4>\n<p class=\"\" data-start=\"2767\" data-end=\"3113\" data-immersive-translate-walked=\"f951bc89-7b47-4074-8fea-0943f826cadf\" data-immersive-translate-paragraph=\"1\">Opr\u00f3cz aspekt\u00f3w technicznych, ELF BOX LS15000 oferuje liczne zalety, kt\u00f3re wyr\u00f3\u017cniaj\u0105 j\u0105 spo\u015br\u00f3d innych jednorazowych vape'\u00f3w. Szczeg\u00f3lnie warto podkre\u015bli\u0107 dostaw\u0119 bez op\u0142at celnych, co jest szczeg\u00f3lnie atrakcyjne na rynku europejskim. Dostawa realizowana jest w ci\u0105gu 7 do 15 dni roboczych, dzi\u0119ki czemu mo\u017cna szybko otrzyma\u0107 zam\u00f3wienie.<\/p>\n<h4 data-start=\"3115\" data-end=\"3158\" data-immersive-translate-walked=\"f951bc89-7b47-4074-8fea-0943f826cadf\">Podsumowanie: ELF BOX LS15000 jako najlepszy wyb\u00f3r<\/h4>\n<p class=\"\" data-start=\"3160\" data-end=\"3601\" data-immersive-translate-walked=\"f951bc89-7b47-4074-8fea-0943f826cadf\" data-immersive-translate-paragraph=\"1\">ELF BOX LS15000 to doskona\u0142y produkt dla palaczy, kt\u00f3rzy szukaj\u0105 trwa\u0142ego, praktycznego i smakowitego urz\u0105dzenia. Dzi\u0119ki du\u017cej pojemno\u015bci, wysokiej jako\u015bci technologii coil i wyborowi spo\u015br\u00f3d r\u00f3\u017cnych poziom\u00f3w nikotyny spe\u0142nia oczekiwania wielu palaczy. \u015awie\u017cy smak \u201eGrape Ice\u201d zapewnia przyjemne i orze\u017awiaj\u0105ce do\u015bwiadczenie vapowania, kt\u00f3re za ka\u017cdym razem zachwyca.<\/p>\n<p class=\"\" data-start=\"3603\" data-end=\"3739\" data-immersive-translate-walked=\"f951bc89-7b47-4074-8fea-0943f826cadf\" data-immersive-translate-paragraph=\"1\">Dla wszystkich, kt\u00f3rzy szukaj\u0105 niezawodnego i wysokiej jako\u015bci jednorazowego vape'a, vapingnet.de jest idealnym \u017ar\u00f3d\u0142em zaopatrzenia.<\/p>","protected":false},"excerpt":{"rendered":"<p>ELF BOX LS15000: Einzigartiges Dampfen mit einer Extraportion Frische Die ELF BOX LS15000 pr\u00e4sentiert sich als die perfekte Wahl f\u00fcr anspruchsvolle Dampfer, die nicht nur&#8230;<\/p>","protected":false},"featured_media":6413,"template":"","meta":[],"etheme_brands":[],"product_brand":[100],"product_cat":[53,49,61],"product_tag":[],"class_list":{"0":"post-6432","1":"product","2":"type-product","3":"status-publish","4":"has-post-thumbnail","6":"product_brand-elf-box-vape","7":"product_cat-vape-15000-zuege","8":"product_cat-einweg-e-zigarette","9":"product_cat-f","11":"first","12":"instock","13":"shipping-taxable","14":"purchasable","15":"product-type-simple"},"yoast_head":"<!-- This site is optimized with the Yoast SEO plugin v26.5 - https:\/\/yoast.com\/wordpress\/plugins\/seo\/ -->\n<title>ELF BOX LS15000 Mit Grape Ice Jetzt Bestellen Zollfrei Lieferung | Vapingnet.de<\/title>\n<meta name=\"description\" content=\"Entdecke ELF BOX LS15000 Mit Grape Ice Jetzt Bestellen Zollfrei Lieferung bei vapingnet.de, \u25ba Gro\u00dfe Auswahl an Geschmacksrichtungen &amp; super g\u00fcnstig!\" \/>\n<meta name=\"robots\" content=\"index, follow, max-snippet:-1, max-image-preview:large, max-video-preview:-1\" \/>\n<link rel=\"canonical\" href=\"https:\/\/vapingnet.de\/pl\/vape\/elf-box-ls15000-mit-grape-ice-jetzt-bestellen-zollfrei-lieferung\/\" \/>\n<meta property=\"og:locale\" content=\"pl_PL\" \/>\n<meta property=\"og:type\" content=\"article\" \/>\n<meta property=\"og:title\" content=\"ELF BOX LS15000 Mit Grape Ice Jetzt Bestellen Zollfrei Lieferung | Vapingnet.de\" \/>\n<meta property=\"og:description\" content=\"Entdecke ELF BOX LS15000 Mit Grape Ice Jetzt Bestellen Zollfrei Lieferung bei vapingnet.de, \u25ba Gro\u00dfe Auswahl an Geschmacksrichtungen &amp; super g\u00fcnstig!\" \/>\n<meta property=\"og:url\" content=\"https:\/\/vapingnet.de\/pl\/vape\/elf-box-ls15000-mit-grape-ice-jetzt-bestellen-zollfrei-lieferung\/\" \/>\n<meta property=\"og:site_name\" content=\"Vapingnet.de\" \/>\n<meta property=\"article:publisher\" content=\"https:\/\/www.facebook.com\/vapingnetde\/\" \/>\n<meta property=\"article:modified_time\" content=\"2025-06-19T03:42:52+00:00\" \/>\n<meta property=\"og:image\" content=\"https:\/\/vapingnet.de\/wp-content\/uploads\/2025\/04\/Grape-Ice-1.webp\" \/>\n\t<meta property=\"og:image:width\" content=\"1000\" \/>\n\t<meta property=\"og:image:height\" content=\"1000\" \/>\n\t<meta property=\"og:image:type\" content=\"image\/webp\" \/>\n<meta name=\"twitter:card\" content=\"summary_large_image\" \/>\n<meta name=\"twitter:label1\" content=\"Est. reading time\" \/>\n\t<meta name=\"twitter:data1\" content=\"3 minutes\" \/>\n<script type=\"application\/ld+json\" class=\"yoast-schema-graph\">{\"@context\":\"https:\/\/schema.org\",\"@graph\":[{\"@type\":\"WebPage\",\"@id\":\"https:\/\/vapingnet.de\/vape\/elf-box-ls15000-mit-grape-ice-jetzt-bestellen-zollfrei-lieferung\/\",\"url\":\"https:\/\/vapingnet.de\/vape\/elf-box-ls15000-mit-grape-ice-jetzt-bestellen-zollfrei-lieferung\/\",\"name\":\"ELF BOX LS15000 Mit Grape Ice Jetzt Bestellen Zollfrei Lieferung | Vapingnet.de\",\"isPartOf\":{\"@id\":\"https:\/\/vapingnet.de\/#website\"},\"primaryImageOfPage\":{\"@id\":\"https:\/\/vapingnet.de\/vape\/elf-box-ls15000-mit-grape-ice-jetzt-bestellen-zollfrei-lieferung\/#primaryimage\"},\"image\":{\"@id\":\"https:\/\/vapingnet.de\/vape\/elf-box-ls15000-mit-grape-ice-jetzt-bestellen-zollfrei-lieferung\/#primaryimage\"},\"thumbnailUrl\":\"https:\/\/vapingnet.de\/wp-content\/uploads\/2025\/04\/Grape-Ice-1.webp\",\"datePublished\":\"2025-04-21T07:29:50+00:00\",\"dateModified\":\"2025-06-19T03:42:52+00:00\",\"description\":\"Entdecke ELF BOX LS15000 Mit Grape Ice Jetzt Bestellen Zollfrei Lieferung bei vapingnet.de, \u25ba Gro\u00dfe Auswahl an Geschmacksrichtungen & super g\u00fcnstig!\",\"breadcrumb\":{\"@id\":\"https:\/\/vapingnet.de\/vape\/elf-box-ls15000-mit-grape-ice-jetzt-bestellen-zollfrei-lieferung\/#breadcrumb\"},\"inLanguage\":\"pl-PL\",\"potentialAction\":[{\"@type\":\"ReadAction\",\"target\":[\"https:\/\/vapingnet.de\/vape\/elf-box-ls15000-mit-grape-ice-jetzt-bestellen-zollfrei-lieferung\/\"]}]},{\"@type\":\"ImageObject\",\"inLanguage\":\"pl-PL\",\"@id\":\"https:\/\/vapingnet.de\/vape\/elf-box-ls15000-mit-grape-ice-jetzt-bestellen-zollfrei-lieferung\/#primaryimage\",\"url\":\"https:\/\/vapingnet.de\/wp-content\/uploads\/2025\/04\/Grape-Ice-1.webp\",\"contentUrl\":\"https:\/\/vapingnet.de\/wp-content\/uploads\/2025\/04\/Grape-Ice-1.webp\",\"width\":1000,\"height\":1000},{\"@type\":\"BreadcrumbList\",\"@id\":\"https:\/\/vapingnet.de\/vape\/elf-box-ls15000-mit-grape-ice-jetzt-bestellen-zollfrei-lieferung\/#breadcrumb\",\"itemListElement\":[{\"@type\":\"ListItem\",\"position\":1,\"name\":\"Home\",\"item\":\"https:\/\/vapingnet.de\/\"},{\"@type\":\"ListItem\",\"position\":2,\"name\":\"Shop\",\"item\":\"https:\/\/vapingnet.de\/vape\/\"},{\"@type\":\"ListItem\",\"position\":3,\"name\":\"ELF BOX LS15000 Mit Grape Ice Jetzt Bestellen Zollfrei Lieferung\"}]},{\"@type\":\"WebSite\",\"@id\":\"https:\/\/vapingnet.de\/#website\",\"url\":\"https:\/\/vapingnet.de\/\",\"name\":\"Vapingnet.de\",\"description\":\"\",\"publisher\":{\"@id\":\"https:\/\/vapingnet.de\/#organization\"},\"potentialAction\":[{\"@type\":\"SearchAction\",\"target\":{\"@type\":\"EntryPoint\",\"urlTemplate\":\"https:\/\/vapingnet.de\/?s={search_term_string}\"},\"query-input\":{\"@type\":\"PropertyValueSpecification\",\"valueRequired\":true,\"valueName\":\"search_term_string\"}}],\"inLanguage\":\"pl-PL\"},{\"@type\":\"Organization\",\"@id\":\"https:\/\/vapingnet.de\/#organization\",\"name\":\"Vapingnet.de\",\"url\":\"https:\/\/vapingnet.de\/\",\"logo\":{\"@type\":\"ImageObject\",\"inLanguage\":\"pl-PL\",\"@id\":\"https:\/\/vapingnet.de\/#\/schema\/logo\/image\/\",\"url\":\"https:\/\/vapingnet.de\/wp-content\/uploads\/2025\/03\/cropped-vapingnet.de_.jpg\",\"contentUrl\":\"https:\/\/vapingnet.de\/wp-content\/uploads\/2025\/03\/cropped-vapingnet.de_.jpg\",\"width\":512,\"height\":512,\"caption\":\"Vapingnet.de\"},\"image\":{\"@id\":\"https:\/\/vapingnet.de\/#\/schema\/logo\/image\/\"},\"sameAs\":[\"https:\/\/www.facebook.com\/vapingnetde\/\"]}]}<\/script>\n<!-- \/ Yoast SEO plugin. -->","yoast_head_json":{"title":"ELF BOX LS15000 Mit Grape Ice Jetzt Bestellen Zollfrei Lieferung | Vapingnet.de","description":"Entdecke ELF BOX LS15000 Mit Grape Ice Jetzt Bestellen Zollfrei Lieferung bei vapingnet.de, \u25ba Gro\u00dfe Auswahl an Geschmacksrichtungen & super g\u00fcnstig!","robots":{"index":"index","follow":"follow","max-snippet":"max-snippet:-1","max-image-preview":"max-image-preview:large","max-video-preview":"max-video-preview:-1"},"canonical":"https:\/\/vapingnet.de\/pl\/vape\/elf-box-ls15000-mit-grape-ice-jetzt-bestellen-zollfrei-lieferung\/","og_locale":"pl_PL","og_type":"article","og_title":"ELF BOX LS15000 Mit Grape Ice Jetzt Bestellen Zollfrei Lieferung | Vapingnet.de","og_description":"Entdecke ELF BOX LS15000 Mit Grape Ice Jetzt Bestellen Zollfrei Lieferung bei vapingnet.de, \u25ba Gro\u00dfe Auswahl an Geschmacksrichtungen & super g\u00fcnstig!","og_url":"https:\/\/vapingnet.de\/pl\/vape\/elf-box-ls15000-mit-grape-ice-jetzt-bestellen-zollfrei-lieferung\/","og_site_name":"Vapingnet.de","article_publisher":"https:\/\/www.facebook.com\/vapingnetde\/","article_modified_time":"2025-06-19T03:42:52+00:00","og_image":[{"width":1000,"height":1000,"url":"https:\/\/vapingnet.de\/wp-content\/uploads\/2025\/04\/Grape-Ice-1.webp","type":"image\/webp"}],"twitter_card":"summary_large_image","twitter_misc":{"Est. reading time":"3 minutes"},"schema":{"@context":"https:\/\/schema.org","@graph":[{"@type":"WebPage","@id":"https:\/\/vapingnet.de\/vape\/elf-box-ls15000-mit-grape-ice-jetzt-bestellen-zollfrei-lieferung\/","url":"https:\/\/vapingnet.de\/vape\/elf-box-ls15000-mit-grape-ice-jetzt-bestellen-zollfrei-lieferung\/","name":"ELF BOX LS15000 Mit Grape Ice Jetzt Bestellen Zollfrei Lieferung | Vapingnet.de","isPartOf":{"@id":"https:\/\/vapingnet.de\/#website"},"primaryImageOfPage":{"@id":"https:\/\/vapingnet.de\/vape\/elf-box-ls15000-mit-grape-ice-jetzt-bestellen-zollfrei-lieferung\/#primaryimage"},"image":{"@id":"https:\/\/vapingnet.de\/vape\/elf-box-ls15000-mit-grape-ice-jetzt-bestellen-zollfrei-lieferung\/#primaryimage"},"thumbnailUrl":"https:\/\/vapingnet.de\/wp-content\/uploads\/2025\/04\/Grape-Ice-1.webp","datePublished":"2025-04-21T07:29:50+00:00","dateModified":"2025-06-19T03:42:52+00:00","description":"Entdecke ELF BOX LS15000 Mit Grape Ice Jetzt Bestellen Zollfrei Lieferung bei vapingnet.de, \u25ba Gro\u00dfe Auswahl an Geschmacksrichtungen & super g\u00fcnstig!","breadcrumb":{"@id":"https:\/\/vapingnet.de\/vape\/elf-box-ls15000-mit-grape-ice-jetzt-bestellen-zollfrei-lieferung\/#breadcrumb"},"inLanguage":"pl-PL","potentialAction":[{"@type":"ReadAction","target":["https:\/\/vapingnet.de\/vape\/elf-box-ls15000-mit-grape-ice-jetzt-bestellen-zollfrei-lieferung\/"]}]},{"@type":"ImageObject","inLanguage":"pl-PL","@id":"https:\/\/vapingnet.de\/vape\/elf-box-ls15000-mit-grape-ice-jetzt-bestellen-zollfrei-lieferung\/#primaryimage","url":"https:\/\/vapingnet.de\/wp-content\/uploads\/2025\/04\/Grape-Ice-1.webp","contentUrl":"https:\/\/vapingnet.de\/wp-content\/uploads\/2025\/04\/Grape-Ice-1.webp","width":1000,"height":1000},{"@type":"BreadcrumbList","@id":"https:\/\/vapingnet.de\/vape\/elf-box-ls15000-mit-grape-ice-jetzt-bestellen-zollfrei-lieferung\/#breadcrumb","itemListElement":[{"@type":"ListItem","position":1,"name":"Home","item":"https:\/\/vapingnet.de\/"},{"@type":"ListItem","position":2,"name":"Shop","item":"https:\/\/vapingnet.de\/vape\/"},{"@type":"ListItem","position":3,"name":"ELF BOX LS15000 Mit Grape Ice Jetzt Bestellen Zollfrei Lieferung"}]},{"@type":"WebSite","@id":"https:\/\/vapingnet.de\/#website","url":"https:\/\/vapingnet.de\/","name":"Vapingnet.de","description":"","publisher":{"@id":"https:\/\/vapingnet.de\/#organization"},"potentialAction":[{"@type":"SearchAction","target":{"@type":"EntryPoint","urlTemplate":"https:\/\/vapingnet.de\/?s={search_term_string}"},"query-input":{"@type":"PropertyValueSpecification","valueRequired":true,"valueName":"search_term_string"}}],"inLanguage":"pl-PL"},{"@type":"Organization","@id":"https:\/\/vapingnet.de\/#organization","name":"Vapingnet.de","url":"https:\/\/vapingnet.de\/","logo":{"@type":"ImageObject","inLanguage":"pl-PL","@id":"https:\/\/vapingnet.de\/#\/schema\/logo\/image\/","url":"https:\/\/vapingnet.de\/wp-content\/uploads\/2025\/03\/cropped-vapingnet.de_.jpg","contentUrl":"https:\/\/vapingnet.de\/wp-content\/uploads\/2025\/03\/cropped-vapingnet.de_.jpg","width":512,"height":512,"caption":"Vapingnet.de"},"image":{"@id":"https:\/\/vapingnet.de\/#\/schema\/logo\/image\/"},"sameAs":["https:\/\/www.facebook.com\/vapingnetde\/"]}]}},"tiered_pricing_type":"fixed","tiered_pricing_fixed_rules":{"10":"8.35","60":"7.54","110":"6.68","200":"5.85"},"tiered_pricing_product_settings":{"layout":"default","base_unit_name":{"singular":null,"plural":null},"default_variation":null},"tiered_pricing_minimum_quantity":null,"tiered_pricing_roles_data":[],"tiered_pricing_percentage_rules":[],"_links":{"self":[{"href":"https:\/\/vapingnet.de\/pl\/wp-json\/wp\/v2\/product\/6432","targetHints":{"allow":["GET"]}}],"collection":[{"href":"https:\/\/vapingnet.de\/pl\/wp-json\/wp\/v2\/product"}],"about":[{"href":"https:\/\/vapingnet.de\/pl\/wp-json\/wp\/v2\/types\/product"}],"version-history":[{"count":1,"href":"https:\/\/vapingnet.de\/pl\/wp-json\/wp\/v2\/product\/6432\/revisions"}],"predecessor-version":[{"id":6440,"href":"https:\/\/vapingnet.de\/pl\/wp-json\/wp\/v2\/product\/6432\/revisions\/6440"}],"wp:featuredmedia":[{"embeddable":true,"href":"https:\/\/vapingnet.de\/pl\/wp-json\/wp\/v2\/media\/6413"}],"wp:attachment":[{"href":"https:\/\/vapingnet.de\/pl\/wp-json\/wp\/v2\/media?parent=6432"}],"wp:term":[{"taxonomy":"brand","embeddable":true,"href":"https:\/\/vapingnet.de\/pl\/wp-json\/wp\/v2\/etheme_brands?post=6432"},{"taxonomy":"product_brand","embeddable":true,"href":"https:\/\/vapingnet.de\/pl\/wp-json\/wp\/v2\/product_brand?post=6432"},{"taxonomy":"product_cat","embeddable":true,"href":"https:\/\/vapingnet.de\/pl\/wp-json\/wp\/v2\/product_cat?post=6432"},{"taxonomy":"product_tag","embeddable":true,"href":"https:\/\/vapingnet.de\/pl\/wp-json\/wp\/v2\/product_tag?post=6432"}],"curies":[{"name":"wp","href":"https:\/\/api.w.org\/{rel}","templated":true}]}}