{"id":6433,"date":"2025-04-21T07:29:55","date_gmt":"2025-04-21T07:29:55","guid":{"rendered":"https:\/\/vapingnet.de\/?post_type=product&#038;p=6433"},"modified":"2025-06-19T03:42:52","modified_gmt":"2025-06-19T03:42:52","slug":"top-geschmack-mango-banana-elf-box-ls15000-jetzt-ohne-zollgebuehren","status":"publish","type":"product","link":"https:\/\/vapingnet.de\/pl\/vape\/top-geschmack-mango-banana-elf-box-ls15000-jetzt-ohne-zollgebuehren\/","title":{"rendered":"Najlepszy smak Mango Banana ELF BOX LS15000 Teraz bez op\u0142at celnych"},"content":{"rendered":"<h2 data-start=\"0\" data-end=\"84\" data-immersive-translate-walked=\"0ee4c1cb-35a9-47db-b4f2-89f110f97503\">ELF BOX LS15000: Pot\u0119\u017cne do\u015bwiadczenie vapingowe z smakiem mango-banan<\/h2>\n<p class=\"\" data-start=\"86\" data-end=\"407\" data-immersive-translate-walked=\"0ee4c1cb-35a9-47db-b4f2-89f110f97503\" data-immersive-translate-paragraph=\"1\">ELF BOX LS15000 oferuje palaczom pary niezr\u00f3wnane doznania. Z imponuj\u0105c\u0105 liczb\u0105 15000 zaci\u0105gni\u0119\u0107 i przemy\u015blanym wyposa\u017ceniem, ten jednorazowy vape to wi\u0119cej ni\u017c tylko prosta alternatywa. \u0141\u0105czy funkcjonalno\u015b\u0107, komfort i unikalne doznania smakowe \u2013 idealny dla nowoczesnego palacza.<\/p>\n<h3>Podstawowe cechy ELF BOX LS15000<\/h3>\n<ul data-start=\"464\" data-end=\"1464\" data-immersive-translate-walked=\"0ee4c1cb-35a9-47db-b4f2-89f110f97503\">\n<li class=\"\" data-start=\"464\" data-end=\"711\" data-immersive-translate-walked=\"0ee4c1cb-35a9-47db-b4f2-89f110f97503\">\n<p class=\"\" data-start=\"466\" data-end=\"711\" data-immersive-translate-walked=\"0ee4c1cb-35a9-47db-b4f2-89f110f97503\" data-immersive-translate-paragraph=\"1\">Technologia Mesh-Coil: ELF BOX LS15000 jest wyposa\u017cony w mesh-coil o oporze 0,6 Ohma. Ta technologia zapewnia r\u00f3wnomierne odparowywanie e-liquid i dostarcza sta\u0142y, intensywny smak.<\/p>\n<\/li>\n<li class=\"\" data-start=\"715\" data-end=\"891\" data-immersive-translate-walked=\"0ee4c1cb-35a9-47db-b4f2-89f110f97503\">\n<p class=\"\" data-start=\"717\" data-end=\"891\" data-immersive-translate-walked=\"0ee4c1cb-35a9-47db-b4f2-89f110f97503\" data-immersive-translate-paragraph=\"1\">Pojemno\u015b\u0107 e-liquid: Urz\u0105dzenie zawiera 26 ml e-liquid, co umo\u017cliwia d\u0142ugie u\u017cytkowanie bez konieczno\u015bci uzupe\u0142niania. Ta hojna ilo\u015b\u0107 jest idealna na d\u0142ugie sesje parowania.<\/p>\n<\/li>\n<li class=\"\" data-start=\"893\" data-end=\"1076\" data-immersive-translate-walked=\"0ee4c1cb-35a9-47db-b4f2-89f110f97503\">\n<p class=\"\" data-start=\"895\" data-end=\"1076\" data-immersive-translate-walked=\"0ee4c1cb-35a9-47db-b4f2-89f110f97503\" data-immersive-translate-paragraph=\"1\">Opcje nikotyny: ELF BOX LS15000 dost\u0119pny jest w st\u0119\u017ceniach nikotyny 0, 1, 2 i 5 mg. Ta r\u00f3\u017cnorodno\u015b\u0107 pozwala u\u017cytkownikom wybra\u0107 odpowiedni\u0105 dawk\u0119 nikotyny dla siebie.<\/p>\n<\/li>\n<li class=\"\" data-start=\"1078\" data-end=\"1320\" data-immersive-translate-walked=\"0ee4c1cb-35a9-47db-b4f2-89f110f97503\">\n<p class=\"\" data-start=\"1080\" data-end=\"1320\" data-immersive-translate-walked=\"0ee4c1cb-35a9-47db-b4f2-89f110f97503\" data-immersive-translate-paragraph=\"1\">Akumulator i funkcja \u0142adowania: Wyposa\u017cony w akumulator 600 mAh, gwarantuje d\u0142ug\u0105 \u017cywotno\u015b\u0107. Akumulator mo\u017cna wygodnie na\u0142adowa\u0107 przez port Type-C, co zapewnia szybkie i bezproblemowe uzupe\u0142nianie energii.<\/p>\n<\/li>\n<li class=\"\" data-start=\"1322\" data-end=\"1464\" data-immersive-translate-walked=\"0ee4c1cb-35a9-47db-b4f2-89f110f97503\">\n<p class=\"\" data-start=\"1324\" data-end=\"1464\" data-immersive-translate-walked=\"0ee4c1cb-35a9-47db-b4f2-89f110f97503\" data-immersive-translate-paragraph=\"1\">Waga i obs\u0142uga: Zaledwie 91 g, ELF BOX LS15000 jest lekki i por\u0119czny, co czyni palenie w podr\u00f3\u017cy szczeg\u00f3lnie komfortowym.<\/p>\n<\/li>\n<\/ul>\n<h4 data-start=\"1466\" data-end=\"1506\" data-immersive-translate-walked=\"0ee4c1cb-35a9-47db-b4f2-89f110f97503\">Do\u015bwiadczenie smakowe: Mango Banana<\/h4>\n<p class=\"\" data-start=\"1508\" data-end=\"1812\" data-immersive-translate-walked=\"0ee4c1cb-35a9-47db-b4f2-89f110f97503\" data-immersive-translate-paragraph=\"1\">ELF BOX LS15000 oferuje smak \u201eMango Banana\u201d, tropikaln\u0105 kombinacj\u0119 dojrza\u0142ych mango i s\u0142odkich banan\u00f3w. Owocowy smak jest intensywny i jednocze\u015bnie orze\u017awiaj\u0105cy. Ten miks jest idealny dla palaczy kochaj\u0105cych tropikalne aromaty i ceni\u0105cych s\u0142odkie, przyjemne chmury dymu.<\/p>\n<h3>Dlaczego wybra\u0107 ELF BOX LS15000?<\/h3>\n<ul data-start=\"1857\" data-end=\"2592\" data-immersive-translate-walked=\"0ee4c1cb-35a9-47db-b4f2-89f110f97503\">\n<li class=\"\" data-start=\"1857\" data-end=\"2127\" data-immersive-translate-walked=\"0ee4c1cb-35a9-47db-b4f2-89f110f97503\">\n<p class=\"\" data-start=\"1859\" data-end=\"2127\" data-immersive-translate-walked=\"0ee4c1cb-35a9-47db-b4f2-89f110f97503\" data-immersive-translate-paragraph=\"1\">D\u0142uga \u017cywotno\u015b\u0107: Z 15000 zaci\u0105gni\u0119ciami, to urz\u0105dzenie oferuje wyj\u0105tkow\u0105 trwa\u0142o\u015b\u0107 w por\u00f3wnaniu do innych jednorazowych vape na rynku. Oznacza to, \u017ce rzadziej b\u0119dziesz szuka\u0107 nowego vape, co jest korzystnym rozwi\u0105zaniem na d\u0142u\u017csz\u0105 met\u0119.<\/p>\n<\/li>\n<li class=\"\" data-start=\"2129\" data-end=\"2344\" data-immersive-translate-walked=\"0ee4c1cb-35a9-47db-b4f2-89f110f97503\">\n<p class=\"\" data-start=\"2131\" data-end=\"2344\" data-immersive-translate-walked=\"0ee4c1cb-35a9-47db-b4f2-89f110f97503\" data-immersive-translate-paragraph=\"1\">\u0141atwa obs\u0142uga: Podobnie jak wiele innych jednorazowych vape, ELF BOX LS15000 jest niezwykle prosty w obs\u0142udze. Nie wymaga \u017cadnych przygotowa\u0144 \u2013 wystarczy wyj\u0105\u0107 z opakowania i cieszy\u0107 si\u0119 pe\u0142nym smakiem.<\/p>\n<\/li>\n<li class=\"\" data-start=\"2346\" data-end=\"2592\" data-immersive-translate-walked=\"0ee4c1cb-35a9-47db-b4f2-89f110f97503\">\n<p class=\"\" data-start=\"2348\" data-end=\"2592\" data-immersive-translate-walked=\"0ee4c1cb-35a9-47db-b4f2-89f110f97503\" data-immersive-translate-paragraph=\"1\">Dostawa bez c\u0142a: ELF BOX LS15000 jest dostarczany bez c\u0142a, co jest szczeg\u00f3lnie korzystne dla klient\u00f3w w Polsce. Szybki czas dostawy od 7 do 15 dni roboczych zapewnia, \u017ce zam\u00f3wienie dotrze do Ciebie szybko i bezproblemowo.<\/p>\n<\/li>\n<\/ul>\n<h4 data-start=\"2594\" data-end=\"2615\" data-immersive-translate-walked=\"0ee4c1cb-35a9-47db-b4f2-89f110f97503\">Dost\u0119pno\u015b\u0107<\/h4>\n<p class=\"\" data-start=\"2617\" data-end=\"2943\" data-immersive-translate-walked=\"0ee4c1cb-35a9-47db-b4f2-89f110f97503\" data-immersive-translate-paragraph=\"1\">ELF BOX LS15000 jest dost\u0119pny na vapingnet.de. Tam mo\u017cna zam\u00f3wi\u0107 urz\u0105dzenie w r\u00f3\u017cnych st\u0119\u017ceniach nikotyny oraz w popularnym smaku Mango Banana. Je\u015bli szukasz niezawodnego, praktycznego i intensywnego smakowo jednorazowego vape, ELF BOX LS15000 jest doskona\u0142ym wyborem.<\/p>","protected":false},"excerpt":{"rendered":"<p>ELF BOX LS15000: Ein leistungsstarkes Vaping-Erlebnis mit Mango-Banane Geschmack Die ELF BOX LS15000 bietet Dampfern ein unvergleichliches Erlebnis. Mit einer beachtlichen Anzahl von 15000 Z\u00fcgen&#8230;<\/p>","protected":false},"featured_media":6415,"template":"","meta":[],"etheme_brands":[],"product_brand":[100],"product_cat":[53,49,61],"product_tag":[],"class_list":{"0":"post-6433","1":"product","2":"type-product","3":"status-publish","4":"has-post-thumbnail","6":"product_brand-elf-box-vape","7":"product_cat-vape-15000-zuege","8":"product_cat-einweg-e-zigarette","9":"product_cat-f","11":"first","12":"instock","13":"shipping-taxable","14":"purchasable","15":"product-type-simple"},"yoast_head":"<!-- This site is optimized with the Yoast SEO plugin v26.5 - https:\/\/yoast.com\/wordpress\/plugins\/seo\/ -->\n<title>Top Geschmack Mango Banana ELF BOX LS15000 Jetzt Ohne Zollgeb\u00fchren | Vapingnet.de<\/title>\n<meta name=\"description\" content=\"Entdecke Top Geschmack Mango Banana ELF BOX LS15000 Jetzt Ohne Zollgeb\u00fchren bei vapingnet.de, \u25ba Gro\u00dfe Auswahl an Geschmacksrichtungen &amp; super g\u00fcnstig!\" \/>\n<meta name=\"robots\" content=\"index, follow, max-snippet:-1, max-image-preview:large, max-video-preview:-1\" \/>\n<link rel=\"canonical\" href=\"https:\/\/vapingnet.de\/pl\/vape\/top-geschmack-mango-banana-elf-box-ls15000-jetzt-ohne-zollgebuehren\/\" \/>\n<meta property=\"og:locale\" content=\"pl_PL\" \/>\n<meta property=\"og:type\" content=\"article\" \/>\n<meta property=\"og:title\" content=\"Top Geschmack Mango Banana ELF BOX LS15000 Jetzt Ohne Zollgeb\u00fchren | Vapingnet.de\" \/>\n<meta property=\"og:description\" content=\"Entdecke Top Geschmack Mango Banana ELF BOX LS15000 Jetzt Ohne Zollgeb\u00fchren bei vapingnet.de, \u25ba Gro\u00dfe Auswahl an Geschmacksrichtungen &amp; super g\u00fcnstig!\" \/>\n<meta property=\"og:url\" content=\"https:\/\/vapingnet.de\/pl\/vape\/top-geschmack-mango-banana-elf-box-ls15000-jetzt-ohne-zollgebuehren\/\" \/>\n<meta property=\"og:site_name\" content=\"Vapingnet.de\" \/>\n<meta property=\"article:publisher\" content=\"https:\/\/www.facebook.com\/vapingnetde\/\" \/>\n<meta property=\"article:modified_time\" content=\"2025-06-19T03:42:52+00:00\" \/>\n<meta property=\"og:image\" content=\"https:\/\/vapingnet.de\/wp-content\/uploads\/2025\/04\/Mango-Banana.webp\" \/>\n\t<meta property=\"og:image:width\" content=\"1000\" \/>\n\t<meta property=\"og:image:height\" content=\"1000\" \/>\n\t<meta property=\"og:image:type\" content=\"image\/webp\" \/>\n<meta name=\"twitter:card\" content=\"summary_large_image\" \/>\n<meta name=\"twitter:label1\" content=\"Est. reading time\" \/>\n\t<meta name=\"twitter:data1\" content=\"3 minutes\" \/>\n<script type=\"application\/ld+json\" class=\"yoast-schema-graph\">{\"@context\":\"https:\/\/schema.org\",\"@graph\":[{\"@type\":\"WebPage\",\"@id\":\"https:\/\/vapingnet.de\/vape\/top-geschmack-mango-banana-elf-box-ls15000-jetzt-ohne-zollgebuehren\/\",\"url\":\"https:\/\/vapingnet.de\/vape\/top-geschmack-mango-banana-elf-box-ls15000-jetzt-ohne-zollgebuehren\/\",\"name\":\"Top Geschmack Mango Banana ELF BOX LS15000 Jetzt Ohne Zollgeb\u00fchren | Vapingnet.de\",\"isPartOf\":{\"@id\":\"https:\/\/vapingnet.de\/#website\"},\"primaryImageOfPage\":{\"@id\":\"https:\/\/vapingnet.de\/vape\/top-geschmack-mango-banana-elf-box-ls15000-jetzt-ohne-zollgebuehren\/#primaryimage\"},\"image\":{\"@id\":\"https:\/\/vapingnet.de\/vape\/top-geschmack-mango-banana-elf-box-ls15000-jetzt-ohne-zollgebuehren\/#primaryimage\"},\"thumbnailUrl\":\"https:\/\/vapingnet.de\/wp-content\/uploads\/2025\/04\/Mango-Banana.webp\",\"datePublished\":\"2025-04-21T07:29:55+00:00\",\"dateModified\":\"2025-06-19T03:42:52+00:00\",\"description\":\"Entdecke Top Geschmack Mango Banana ELF BOX LS15000 Jetzt Ohne Zollgeb\u00fchren bei vapingnet.de, \u25ba Gro\u00dfe Auswahl an Geschmacksrichtungen & super g\u00fcnstig!\",\"breadcrumb\":{\"@id\":\"https:\/\/vapingnet.de\/vape\/top-geschmack-mango-banana-elf-box-ls15000-jetzt-ohne-zollgebuehren\/#breadcrumb\"},\"inLanguage\":\"pl-PL\",\"potentialAction\":[{\"@type\":\"ReadAction\",\"target\":[\"https:\/\/vapingnet.de\/vape\/top-geschmack-mango-banana-elf-box-ls15000-jetzt-ohne-zollgebuehren\/\"]}]},{\"@type\":\"ImageObject\",\"inLanguage\":\"pl-PL\",\"@id\":\"https:\/\/vapingnet.de\/vape\/top-geschmack-mango-banana-elf-box-ls15000-jetzt-ohne-zollgebuehren\/#primaryimage\",\"url\":\"https:\/\/vapingnet.de\/wp-content\/uploads\/2025\/04\/Mango-Banana.webp\",\"contentUrl\":\"https:\/\/vapingnet.de\/wp-content\/uploads\/2025\/04\/Mango-Banana.webp\",\"width\":1000,\"height\":1000},{\"@type\":\"BreadcrumbList\",\"@id\":\"https:\/\/vapingnet.de\/vape\/top-geschmack-mango-banana-elf-box-ls15000-jetzt-ohne-zollgebuehren\/#breadcrumb\",\"itemListElement\":[{\"@type\":\"ListItem\",\"position\":1,\"name\":\"Home\",\"item\":\"https:\/\/vapingnet.de\/\"},{\"@type\":\"ListItem\",\"position\":2,\"name\":\"Shop\",\"item\":\"https:\/\/vapingnet.de\/vape\/\"},{\"@type\":\"ListItem\",\"position\":3,\"name\":\"Top Geschmack Mango Banana ELF BOX LS15000 Jetzt Ohne Zollgeb\u00fchren\"}]},{\"@type\":\"WebSite\",\"@id\":\"https:\/\/vapingnet.de\/#website\",\"url\":\"https:\/\/vapingnet.de\/\",\"name\":\"Vapingnet.de\",\"description\":\"\",\"publisher\":{\"@id\":\"https:\/\/vapingnet.de\/#organization\"},\"potentialAction\":[{\"@type\":\"SearchAction\",\"target\":{\"@type\":\"EntryPoint\",\"urlTemplate\":\"https:\/\/vapingnet.de\/?s={search_term_string}\"},\"query-input\":{\"@type\":\"PropertyValueSpecification\",\"valueRequired\":true,\"valueName\":\"search_term_string\"}}],\"inLanguage\":\"pl-PL\"},{\"@type\":\"Organization\",\"@id\":\"https:\/\/vapingnet.de\/#organization\",\"name\":\"Vapingnet.de\",\"url\":\"https:\/\/vapingnet.de\/\",\"logo\":{\"@type\":\"ImageObject\",\"inLanguage\":\"pl-PL\",\"@id\":\"https:\/\/vapingnet.de\/#\/schema\/logo\/image\/\",\"url\":\"https:\/\/vapingnet.de\/wp-content\/uploads\/2025\/03\/cropped-vapingnet.de_.jpg\",\"contentUrl\":\"https:\/\/vapingnet.de\/wp-content\/uploads\/2025\/03\/cropped-vapingnet.de_.jpg\",\"width\":512,\"height\":512,\"caption\":\"Vapingnet.de\"},\"image\":{\"@id\":\"https:\/\/vapingnet.de\/#\/schema\/logo\/image\/\"},\"sameAs\":[\"https:\/\/www.facebook.com\/vapingnetde\/\"]}]}<\/script>\n<!-- \/ Yoast SEO plugin. -->","yoast_head_json":{"title":"Top Geschmack Mango Banana ELF BOX LS15000 Jetzt Ohne Zollgeb\u00fchren | Vapingnet.de","description":"Entdecke Top Geschmack Mango Banana ELF BOX LS15000 Jetzt Ohne Zollgeb\u00fchren bei vapingnet.de, \u25ba Gro\u00dfe Auswahl an Geschmacksrichtungen & super g\u00fcnstig!","robots":{"index":"index","follow":"follow","max-snippet":"max-snippet:-1","max-image-preview":"max-image-preview:large","max-video-preview":"max-video-preview:-1"},"canonical":"https:\/\/vapingnet.de\/pl\/vape\/top-geschmack-mango-banana-elf-box-ls15000-jetzt-ohne-zollgebuehren\/","og_locale":"pl_PL","og_type":"article","og_title":"Top Geschmack Mango Banana ELF BOX LS15000 Jetzt Ohne Zollgeb\u00fchren | Vapingnet.de","og_description":"Entdecke Top Geschmack Mango Banana ELF BOX LS15000 Jetzt Ohne Zollgeb\u00fchren bei vapingnet.de, \u25ba Gro\u00dfe Auswahl an Geschmacksrichtungen & super g\u00fcnstig!","og_url":"https:\/\/vapingnet.de\/pl\/vape\/top-geschmack-mango-banana-elf-box-ls15000-jetzt-ohne-zollgebuehren\/","og_site_name":"Vapingnet.de","article_publisher":"https:\/\/www.facebook.com\/vapingnetde\/","article_modified_time":"2025-06-19T03:42:52+00:00","og_image":[{"width":1000,"height":1000,"url":"https:\/\/vapingnet.de\/wp-content\/uploads\/2025\/04\/Mango-Banana.webp","type":"image\/webp"}],"twitter_card":"summary_large_image","twitter_misc":{"Est. reading time":"3 minutes"},"schema":{"@context":"https:\/\/schema.org","@graph":[{"@type":"WebPage","@id":"https:\/\/vapingnet.de\/vape\/top-geschmack-mango-banana-elf-box-ls15000-jetzt-ohne-zollgebuehren\/","url":"https:\/\/vapingnet.de\/vape\/top-geschmack-mango-banana-elf-box-ls15000-jetzt-ohne-zollgebuehren\/","name":"Top Geschmack Mango Banana ELF BOX LS15000 Jetzt Ohne Zollgeb\u00fchren | Vapingnet.de","isPartOf":{"@id":"https:\/\/vapingnet.de\/#website"},"primaryImageOfPage":{"@id":"https:\/\/vapingnet.de\/vape\/top-geschmack-mango-banana-elf-box-ls15000-jetzt-ohne-zollgebuehren\/#primaryimage"},"image":{"@id":"https:\/\/vapingnet.de\/vape\/top-geschmack-mango-banana-elf-box-ls15000-jetzt-ohne-zollgebuehren\/#primaryimage"},"thumbnailUrl":"https:\/\/vapingnet.de\/wp-content\/uploads\/2025\/04\/Mango-Banana.webp","datePublished":"2025-04-21T07:29:55+00:00","dateModified":"2025-06-19T03:42:52+00:00","description":"Entdecke Top Geschmack Mango Banana ELF BOX LS15000 Jetzt Ohne Zollgeb\u00fchren bei vapingnet.de, \u25ba Gro\u00dfe Auswahl an Geschmacksrichtungen & super g\u00fcnstig!","breadcrumb":{"@id":"https:\/\/vapingnet.de\/vape\/top-geschmack-mango-banana-elf-box-ls15000-jetzt-ohne-zollgebuehren\/#breadcrumb"},"inLanguage":"pl-PL","potentialAction":[{"@type":"ReadAction","target":["https:\/\/vapingnet.de\/vape\/top-geschmack-mango-banana-elf-box-ls15000-jetzt-ohne-zollgebuehren\/"]}]},{"@type":"ImageObject","inLanguage":"pl-PL","@id":"https:\/\/vapingnet.de\/vape\/top-geschmack-mango-banana-elf-box-ls15000-jetzt-ohne-zollgebuehren\/#primaryimage","url":"https:\/\/vapingnet.de\/wp-content\/uploads\/2025\/04\/Mango-Banana.webp","contentUrl":"https:\/\/vapingnet.de\/wp-content\/uploads\/2025\/04\/Mango-Banana.webp","width":1000,"height":1000},{"@type":"BreadcrumbList","@id":"https:\/\/vapingnet.de\/vape\/top-geschmack-mango-banana-elf-box-ls15000-jetzt-ohne-zollgebuehren\/#breadcrumb","itemListElement":[{"@type":"ListItem","position":1,"name":"Home","item":"https:\/\/vapingnet.de\/"},{"@type":"ListItem","position":2,"name":"Shop","item":"https:\/\/vapingnet.de\/vape\/"},{"@type":"ListItem","position":3,"name":"Top Geschmack Mango Banana ELF BOX LS15000 Jetzt Ohne Zollgeb\u00fchren"}]},{"@type":"WebSite","@id":"https:\/\/vapingnet.de\/#website","url":"https:\/\/vapingnet.de\/","name":"Vapingnet.de","description":"","publisher":{"@id":"https:\/\/vapingnet.de\/#organization"},"potentialAction":[{"@type":"SearchAction","target":{"@type":"EntryPoint","urlTemplate":"https:\/\/vapingnet.de\/?s={search_term_string}"},"query-input":{"@type":"PropertyValueSpecification","valueRequired":true,"valueName":"search_term_string"}}],"inLanguage":"pl-PL"},{"@type":"Organization","@id":"https:\/\/vapingnet.de\/#organization","name":"Vapingnet.de","url":"https:\/\/vapingnet.de\/","logo":{"@type":"ImageObject","inLanguage":"pl-PL","@id":"https:\/\/vapingnet.de\/#\/schema\/logo\/image\/","url":"https:\/\/vapingnet.de\/wp-content\/uploads\/2025\/03\/cropped-vapingnet.de_.jpg","contentUrl":"https:\/\/vapingnet.de\/wp-content\/uploads\/2025\/03\/cropped-vapingnet.de_.jpg","width":512,"height":512,"caption":"Vapingnet.de"},"image":{"@id":"https:\/\/vapingnet.de\/#\/schema\/logo\/image\/"},"sameAs":["https:\/\/www.facebook.com\/vapingnetde\/"]}]}},"tiered_pricing_type":"fixed","tiered_pricing_fixed_rules":{"10":"8.35","60":"7.54","110":"6.68","200":"5.85"},"tiered_pricing_product_settings":{"layout":"default","base_unit_name":{"singular":null,"plural":null},"default_variation":null},"tiered_pricing_minimum_quantity":null,"tiered_pricing_roles_data":[],"tiered_pricing_percentage_rules":[],"_links":{"self":[{"href":"https:\/\/vapingnet.de\/pl\/wp-json\/wp\/v2\/product\/6433","targetHints":{"allow":["GET"]}}],"collection":[{"href":"https:\/\/vapingnet.de\/pl\/wp-json\/wp\/v2\/product"}],"about":[{"href":"https:\/\/vapingnet.de\/pl\/wp-json\/wp\/v2\/types\/product"}],"version-history":[{"count":1,"href":"https:\/\/vapingnet.de\/pl\/wp-json\/wp\/v2\/product\/6433\/revisions"}],"predecessor-version":[{"id":6441,"href":"https:\/\/vapingnet.de\/pl\/wp-json\/wp\/v2\/product\/6433\/revisions\/6441"}],"wp:featuredmedia":[{"embeddable":true,"href":"https:\/\/vapingnet.de\/pl\/wp-json\/wp\/v2\/media\/6415"}],"wp:attachment":[{"href":"https:\/\/vapingnet.de\/pl\/wp-json\/wp\/v2\/media?parent=6433"}],"wp:term":[{"taxonomy":"brand","embeddable":true,"href":"https:\/\/vapingnet.de\/pl\/wp-json\/wp\/v2\/etheme_brands?post=6433"},{"taxonomy":"product_brand","embeddable":true,"href":"https:\/\/vapingnet.de\/pl\/wp-json\/wp\/v2\/product_brand?post=6433"},{"taxonomy":"product_cat","embeddable":true,"href":"https:\/\/vapingnet.de\/pl\/wp-json\/wp\/v2\/product_cat?post=6433"},{"taxonomy":"product_tag","embeddable":true,"href":"https:\/\/vapingnet.de\/pl\/wp-json\/wp\/v2\/product_tag?post=6433"}],"curies":[{"name":"wp","href":"https:\/\/api.w.org\/{rel}","templated":true}]}}