{"id":6459,"date":"2025-04-21T09:09:14","date_gmt":"2025-04-21T09:09:14","guid":{"rendered":"https:\/\/vapingnet.de\/?post_type=product&#038;p=6459"},"modified":"2025-06-19T03:42:50","modified_gmt":"2025-06-19T03:42:50","slug":"peach-ice-geschmack-bei-elf-shisha-16000-direkt-vom-hersteller","status":"publish","type":"product","link":"https:\/\/vapingnet.de\/pl\/vape\/peach-ice-geschmack-bei-elf-shisha-16000-direkt-vom-hersteller\/","title":{"rendered":"Smak Peach Ice w ELF SHISHA 16000 bezpo\u015brednio od producenta"},"content":{"rendered":"<h2 data-start=\"0\" data-end=\"62\" data-immersive-translate-walked=\"b9c2f737-3810-44d4-aca3-7b10e1dd4b4a\">Elf Shisha 16000: Nowy standard jednorazowych e-papieros\u00f3w<\/h2>\n<p class=\"\" data-start=\"64\" data-end=\"320\" data-immersive-translate-walked=\"b9c2f737-3810-44d4-aca3-7b10e1dd4b4a\" data-immersive-translate-paragraph=\"1\">Elf Shisha 16000 to idealne rozwi\u0105zanie dla wszystkich, kt\u00f3rzy poszukuj\u0105 wysokiej jako\u015bci i d\u0142ugotrwa\u0142ego do\u015bwiadczenia z chmurzeniem. Dzi\u0119ki szerokiemu zakresowi zaawansowanych funkcji i przyjemnemu designowi ten model wyznacza nowe standardy dla jednorazowych e-papieros\u00f3w.<\/p>\n<h4 data-start=\"322\" data-end=\"366\" data-immersive-translate-walked=\"b9c2f737-3810-44d4-aca3-7b10e1dd4b4a\">Przegl\u0105d najwa\u017cniejszych funkcji<\/h4>\n<h5 data-start=\"368\" data-end=\"398\" data-immersive-translate-walked=\"b9c2f737-3810-44d4-aca3-7b10e1dd4b4a\">Najwy\u017csza wydajno\u015b\u0107<\/h5>\n<p class=\"\" data-start=\"400\" data-end=\"685\" data-immersive-translate-walked=\"b9c2f737-3810-44d4-aca3-7b10e1dd4b4a\" data-immersive-translate-paragraph=\"1\">Z 28 ml e-liquid i imponuj\u0105c\u0105 pojemno\u015bci\u0105 16000 poci\u0105gni\u0119\u0107, Elf Shisha 16000 oferuje wyj\u0105tkowo d\u0142ug\u0105 \u017cywotno\u015b\u0107. Mesh Coil o oporno\u015bci 0,6 Ohma zapewnia r\u00f3wnomierne odparowywanie i dostarcza sta\u0142y, mocny smak.<\/p>\n<h5 data-start=\"687\" data-end=\"728\" data-immersive-translate-walked=\"b9c2f737-3810-44d4-aca3-7b10e1dd4b4a\">Opcje nikotynowe dla ka\u017cdego potrzebuj\u0105cego<\/h5>\n<p class=\"\" data-start=\"730\" data-end=\"1003\" data-immersive-translate-walked=\"b9c2f737-3810-44d4-aca3-7b10e1dd4b4a\" data-immersive-translate-paragraph=\"1\">Wybierz spo\u015br\u00f3d poziom\u00f3w nikotyny 0%, 2%, 3% lub 5% \u2013 w zale\u017cno\u015bci od preferencji i zapotrzebowania na nikotyn\u0119. Niezale\u017cnie od tego, czy wolisz delikatne, czy intensywne do\u015bwiadczenie z chmurzeniem, Elf Shisha 16000 znajdzie idealn\u0105 opcj\u0119 dla Twoich potrzeb.<\/p>\n<h5 data-start=\"1005\" data-end=\"1034\" data-immersive-translate-walked=\"b9c2f737-3810-44d4-aca3-7b10e1dd4b4a\">Smak: Peach Ice<\/h5>\n<p class=\"\" data-start=\"1036\" data-end=\"1281\" data-immersive-translate-walked=\"b9c2f737-3810-44d4-aca3-7b10e1dd4b4a\" data-immersive-translate-paragraph=\"1\">Smak Peach Ice to orze\u017awiaj\u0105ca kombinacja s\u0142odkich, soczystych brzoskwi\u0144 i ch\u0142odnej, lodowej nuty. Ten smak jest szczeg\u00f3lnie popularny w\u015br\u00f3d palaczy, kt\u00f3rzy szukaj\u0105 owocowego i jednocze\u015bnie orze\u017awiaj\u0105cego do\u015bwiadczenia z chmurzeniem.<\/p>\n<h4 data-start=\"1283\" data-end=\"1309\" data-immersive-translate-walked=\"b9c2f737-3810-44d4-aca3-7b10e1dd4b4a\">Dane techniczne<\/h4>\n<ul data-start=\"1311\" data-end=\"1588\">\n<li class=\"\" data-start=\"1311\" data-end=\"1367\">\n<p class=\"\" data-start=\"1313\" data-end=\"1367\" data-immersive-translate-walked=\"b9c2f737-3810-44d4-aca3-7b10e1dd4b4a\" data-immersive-translate-paragraph=\"1\">Bateria: 600 mAh zapewniaj\u0105ca d\u0142ugotrwa\u0142\u0105 wydajno\u015b\u0107<\/p>\n<\/li>\n<li class=\"\" data-start=\"1368\" data-end=\"1422\">\n<p class=\"\" data-start=\"1370\" data-end=\"1422\" data-immersive-translate-walked=\"b9c2f737-3810-44d4-aca3-7b10e1dd4b4a\" data-immersive-translate-paragraph=\"1\">Gniazdo \u0142adowania: Type-C do szybkiego \u0142adowania<\/p>\n<\/li>\n<li class=\"\" data-start=\"1423\" data-end=\"1463\">\n<p class=\"\" data-start=\"1425\" data-end=\"1463\" data-immersive-translate-walked=\"b9c2f737-3810-44d4-aca3-7b10e1dd4b4a\" data-immersive-translate-paragraph=\"1\">Waga: 85 g, lekki i por\u0119czny<\/p>\n<\/li>\n<li class=\"\" data-start=\"1464\" data-end=\"1510\">\n<p class=\"\" data-start=\"1466\" data-end=\"1510\" data-immersive-translate-walked=\"b9c2f737-3810-44d4-aca3-7b10e1dd4b4a\" data-immersive-translate-paragraph=\"1\">Wy\u015bwietlacz LED: Pokazuje stan baterii<\/p>\n<\/li>\n<li class=\"\" data-start=\"1511\" data-end=\"1588\">\n<p class=\"\" data-start=\"1513\" data-end=\"1588\" data-immersive-translate-walked=\"b9c2f737-3810-44d4-aca3-7b10e1dd4b4a\" data-immersive-translate-paragraph=\"1\">Regulowana kontrola przep\u0142ywu powietrza: Dla spersonalizowanego do\u015bwiadczenia z chmurzeniem<\/p>\n<\/li>\n<\/ul>\n<h4 data-start=\"1590\" data-end=\"1627\" data-immersive-translate-walked=\"b9c2f737-3810-44d4-aca3-7b10e1dd4b4a\">Zalety Elf Shisha 16000<\/h4>\n<p class=\"\" data-start=\"1685\" data-end=\"1890\" data-immersive-translate-walked=\"b9c2f737-3810-44d4-aca3-7b10e1dd4b4a\" data-immersive-translate-paragraph=\"1\">Zam\u00f3w Elf Shisha 16000 bezc\u0142owo i skorzystaj z szybkiej wysy\u0142ki w ci\u0105gu 7-15 dni roboczych. To praktyczne rozwi\u0105zanie sprawia, \u017ce palenie jest jeszcze bardziej komfortowe i proste.<\/p>\n<h3>Dlaczego wybra\u0107 Elf Shisha 16000?<\/h3>\n<p class=\"\" data-start=\"1932\" data-end=\"2242\" data-immersive-translate-walked=\"b9c2f737-3810-44d4-aca3-7b10e1dd4b4a\" data-immersive-translate-paragraph=\"1\">Elf Shisha 16000 \u0142\u0105czy wszystko, czego mo\u017ce oczekiwa\u0107 palacz: d\u0142ug\u0105 \u017cywotno\u015b\u0107, doskona\u0142\u0105 jako\u015b\u0107 smaku i wysok\u0105 przyjazno\u015b\u0107 dla u\u017cytkownika. Je\u015bli szukasz niezawodnego i wydajnego jednorazowego e-papierosa, Elf Shisha 16000 to idealny wyb\u00f3r dla Ciebie.<\/p>\n<p class=\"\" data-start=\"2244\" data-end=\"2338\">Odwied\u017a vapingnet.de, aby dowiedzie\u0107 si\u0119 wi\u0119cej i zam\u00f3wi\u0107 Elf Shisha 16000.<\/p>","protected":false},"excerpt":{"rendered":"<p>Elf Shisha 16000: Nowy standard w\u015br\u00f3d jednorazowych e-papieros\u00f3w Elf Shisha 16000 to idealne rozwi\u0105zanie dla tych, kt\u00f3rzy poszukuj\u0105 wysokiej jako\u015bci i d\u0142ugotrwa\u0142ego do\u015bwiadczenia vapingu...<\/p>","protected":false},"featured_media":6471,"template":"","meta":[],"etheme_brands":[],"product_brand":[100],"product_cat":[91,49,61],"product_tag":[],"class_list":{"0":"post-6459","1":"product","2":"type-product","3":"status-publish","4":"has-post-thumbnail","6":"product_brand-elf-box-vape","7":"product_cat-16k-vape","8":"product_cat-einweg-e-zigarette","9":"product_cat-f","11":"first","12":"instock","13":"shipping-taxable","14":"purchasable","15":"product-type-simple"},"yoast_head":"<!-- This site is optimized with the Yoast SEO plugin v26.5 - https:\/\/yoast.com\/wordpress\/plugins\/seo\/ -->\n<title>Peach Ice Geschmack bei ELF SHISHA 16000 Direkt vom Hersteller | Vapingnet.de<\/title>\n<meta name=\"description\" content=\"Entdecke Peach Ice Geschmack bei ELF SHISHA 16000 Direkt vom Hersteller bei vapingnet.de, \u25ba Gro\u00dfe Auswahl an Geschmacksrichtungen &amp; super g\u00fcnstig!\" \/>\n<meta name=\"robots\" content=\"index, follow, max-snippet:-1, max-image-preview:large, max-video-preview:-1\" \/>\n<link rel=\"canonical\" href=\"https:\/\/vapingnet.de\/pl\/vape\/peach-ice-geschmack-bei-elf-shisha-16000-direkt-vom-hersteller\/\" \/>\n<meta property=\"og:locale\" content=\"pl_PL\" \/>\n<meta property=\"og:type\" content=\"article\" \/>\n<meta property=\"og:title\" content=\"Peach Ice Geschmack bei ELF SHISHA 16000 Direkt vom Hersteller | Vapingnet.de\" \/>\n<meta property=\"og:description\" content=\"Entdecke Peach Ice Geschmack bei ELF SHISHA 16000 Direkt vom Hersteller bei vapingnet.de, \u25ba Gro\u00dfe Auswahl an Geschmacksrichtungen &amp; super g\u00fcnstig!\" \/>\n<meta property=\"og:url\" content=\"https:\/\/vapingnet.de\/pl\/vape\/peach-ice-geschmack-bei-elf-shisha-16000-direkt-vom-hersteller\/\" \/>\n<meta property=\"og:site_name\" content=\"Vapingnet.de\" \/>\n<meta property=\"article:publisher\" content=\"https:\/\/www.facebook.com\/vapingnetde\/\" \/>\n<meta property=\"article:modified_time\" content=\"2025-06-19T03:42:50+00:00\" \/>\n<meta property=\"og:image\" content=\"https:\/\/vapingnet.de\/wp-content\/uploads\/2025\/04\/Peach-Ice-1.webp\" \/>\n\t<meta property=\"og:image:width\" content=\"1000\" \/>\n\t<meta property=\"og:image:height\" content=\"1000\" \/>\n\t<meta property=\"og:image:type\" content=\"image\/webp\" \/>\n<meta name=\"twitter:card\" content=\"summary_large_image\" \/>\n<meta name=\"twitter:label1\" content=\"Est. reading time\" \/>\n\t<meta name=\"twitter:data1\" content=\"2 minutes\" \/>\n<script type=\"application\/ld+json\" class=\"yoast-schema-graph\">{\"@context\":\"https:\/\/schema.org\",\"@graph\":[{\"@type\":\"WebPage\",\"@id\":\"https:\/\/vapingnet.de\/vape\/peach-ice-geschmack-bei-elf-shisha-16000-direkt-vom-hersteller\/\",\"url\":\"https:\/\/vapingnet.de\/vape\/peach-ice-geschmack-bei-elf-shisha-16000-direkt-vom-hersteller\/\",\"name\":\"Peach Ice Geschmack bei ELF SHISHA 16000 Direkt vom Hersteller | Vapingnet.de\",\"isPartOf\":{\"@id\":\"https:\/\/vapingnet.de\/#website\"},\"primaryImageOfPage\":{\"@id\":\"https:\/\/vapingnet.de\/vape\/peach-ice-geschmack-bei-elf-shisha-16000-direkt-vom-hersteller\/#primaryimage\"},\"image\":{\"@id\":\"https:\/\/vapingnet.de\/vape\/peach-ice-geschmack-bei-elf-shisha-16000-direkt-vom-hersteller\/#primaryimage\"},\"thumbnailUrl\":\"https:\/\/vapingnet.de\/wp-content\/uploads\/2025\/04\/Peach-Ice-1.webp\",\"datePublished\":\"2025-04-21T09:09:14+00:00\",\"dateModified\":\"2025-06-19T03:42:50+00:00\",\"description\":\"Entdecke Peach Ice Geschmack bei ELF SHISHA 16000 Direkt vom Hersteller bei vapingnet.de, \u25ba Gro\u00dfe Auswahl an Geschmacksrichtungen & super g\u00fcnstig!\",\"breadcrumb\":{\"@id\":\"https:\/\/vapingnet.de\/vape\/peach-ice-geschmack-bei-elf-shisha-16000-direkt-vom-hersteller\/#breadcrumb\"},\"inLanguage\":\"pl-PL\",\"potentialAction\":[{\"@type\":\"ReadAction\",\"target\":[\"https:\/\/vapingnet.de\/vape\/peach-ice-geschmack-bei-elf-shisha-16000-direkt-vom-hersteller\/\"]}]},{\"@type\":\"ImageObject\",\"inLanguage\":\"pl-PL\",\"@id\":\"https:\/\/vapingnet.de\/vape\/peach-ice-geschmack-bei-elf-shisha-16000-direkt-vom-hersteller\/#primaryimage\",\"url\":\"https:\/\/vapingnet.de\/wp-content\/uploads\/2025\/04\/Peach-Ice-1.webp\",\"contentUrl\":\"https:\/\/vapingnet.de\/wp-content\/uploads\/2025\/04\/Peach-Ice-1.webp\",\"width\":1000,\"height\":1000},{\"@type\":\"BreadcrumbList\",\"@id\":\"https:\/\/vapingnet.de\/vape\/peach-ice-geschmack-bei-elf-shisha-16000-direkt-vom-hersteller\/#breadcrumb\",\"itemListElement\":[{\"@type\":\"ListItem\",\"position\":1,\"name\":\"Home\",\"item\":\"https:\/\/vapingnet.de\/\"},{\"@type\":\"ListItem\",\"position\":2,\"name\":\"Shop\",\"item\":\"https:\/\/vapingnet.de\/vape\/\"},{\"@type\":\"ListItem\",\"position\":3,\"name\":\"Peach Ice Geschmack bei ELF SHISHA 16000 Direkt vom Hersteller\"}]},{\"@type\":\"WebSite\",\"@id\":\"https:\/\/vapingnet.de\/#website\",\"url\":\"https:\/\/vapingnet.de\/\",\"name\":\"Vapingnet.de\",\"description\":\"\",\"publisher\":{\"@id\":\"https:\/\/vapingnet.de\/#organization\"},\"potentialAction\":[{\"@type\":\"SearchAction\",\"target\":{\"@type\":\"EntryPoint\",\"urlTemplate\":\"https:\/\/vapingnet.de\/?s={search_term_string}\"},\"query-input\":{\"@type\":\"PropertyValueSpecification\",\"valueRequired\":true,\"valueName\":\"search_term_string\"}}],\"inLanguage\":\"pl-PL\"},{\"@type\":\"Organization\",\"@id\":\"https:\/\/vapingnet.de\/#organization\",\"name\":\"Vapingnet.de\",\"url\":\"https:\/\/vapingnet.de\/\",\"logo\":{\"@type\":\"ImageObject\",\"inLanguage\":\"pl-PL\",\"@id\":\"https:\/\/vapingnet.de\/#\/schema\/logo\/image\/\",\"url\":\"https:\/\/vapingnet.de\/wp-content\/uploads\/2025\/03\/cropped-vapingnet.de_.jpg\",\"contentUrl\":\"https:\/\/vapingnet.de\/wp-content\/uploads\/2025\/03\/cropped-vapingnet.de_.jpg\",\"width\":512,\"height\":512,\"caption\":\"Vapingnet.de\"},\"image\":{\"@id\":\"https:\/\/vapingnet.de\/#\/schema\/logo\/image\/\"},\"sameAs\":[\"https:\/\/www.facebook.com\/vapingnetde\/\"]}]}<\/script>\n<!-- \/ Yoast SEO plugin. -->","yoast_head_json":{"title":"Peach Ice Geschmack bei ELF SHISHA 16000 Direkt vom Hersteller | Vapingnet.de","description":"Entdecke Peach Ice Geschmack bei ELF SHISHA 16000 Direkt vom Hersteller bei vapingnet.de, \u25ba Gro\u00dfe Auswahl an Geschmacksrichtungen & super g\u00fcnstig!","robots":{"index":"index","follow":"follow","max-snippet":"max-snippet:-1","max-image-preview":"max-image-preview:large","max-video-preview":"max-video-preview:-1"},"canonical":"https:\/\/vapingnet.de\/pl\/vape\/peach-ice-geschmack-bei-elf-shisha-16000-direkt-vom-hersteller\/","og_locale":"pl_PL","og_type":"article","og_title":"Peach Ice Geschmack bei ELF SHISHA 16000 Direkt vom Hersteller | Vapingnet.de","og_description":"Entdecke Peach Ice Geschmack bei ELF SHISHA 16000 Direkt vom Hersteller bei vapingnet.de, \u25ba Gro\u00dfe Auswahl an Geschmacksrichtungen & super g\u00fcnstig!","og_url":"https:\/\/vapingnet.de\/pl\/vape\/peach-ice-geschmack-bei-elf-shisha-16000-direkt-vom-hersteller\/","og_site_name":"Vapingnet.de","article_publisher":"https:\/\/www.facebook.com\/vapingnetde\/","article_modified_time":"2025-06-19T03:42:50+00:00","og_image":[{"width":1000,"height":1000,"url":"https:\/\/vapingnet.de\/wp-content\/uploads\/2025\/04\/Peach-Ice-1.webp","type":"image\/webp"}],"twitter_card":"summary_large_image","twitter_misc":{"Est. reading time":"2 minutes"},"schema":{"@context":"https:\/\/schema.org","@graph":[{"@type":"WebPage","@id":"https:\/\/vapingnet.de\/vape\/peach-ice-geschmack-bei-elf-shisha-16000-direkt-vom-hersteller\/","url":"https:\/\/vapingnet.de\/vape\/peach-ice-geschmack-bei-elf-shisha-16000-direkt-vom-hersteller\/","name":"Peach Ice Geschmack bei ELF SHISHA 16000 Direkt vom Hersteller | Vapingnet.de","isPartOf":{"@id":"https:\/\/vapingnet.de\/#website"},"primaryImageOfPage":{"@id":"https:\/\/vapingnet.de\/vape\/peach-ice-geschmack-bei-elf-shisha-16000-direkt-vom-hersteller\/#primaryimage"},"image":{"@id":"https:\/\/vapingnet.de\/vape\/peach-ice-geschmack-bei-elf-shisha-16000-direkt-vom-hersteller\/#primaryimage"},"thumbnailUrl":"https:\/\/vapingnet.de\/wp-content\/uploads\/2025\/04\/Peach-Ice-1.webp","datePublished":"2025-04-21T09:09:14+00:00","dateModified":"2025-06-19T03:42:50+00:00","description":"Entdecke Peach Ice Geschmack bei ELF SHISHA 16000 Direkt vom Hersteller bei vapingnet.de, \u25ba Gro\u00dfe Auswahl an Geschmacksrichtungen & super g\u00fcnstig!","breadcrumb":{"@id":"https:\/\/vapingnet.de\/vape\/peach-ice-geschmack-bei-elf-shisha-16000-direkt-vom-hersteller\/#breadcrumb"},"inLanguage":"pl-PL","potentialAction":[{"@type":"ReadAction","target":["https:\/\/vapingnet.de\/vape\/peach-ice-geschmack-bei-elf-shisha-16000-direkt-vom-hersteller\/"]}]},{"@type":"ImageObject","inLanguage":"pl-PL","@id":"https:\/\/vapingnet.de\/vape\/peach-ice-geschmack-bei-elf-shisha-16000-direkt-vom-hersteller\/#primaryimage","url":"https:\/\/vapingnet.de\/wp-content\/uploads\/2025\/04\/Peach-Ice-1.webp","contentUrl":"https:\/\/vapingnet.de\/wp-content\/uploads\/2025\/04\/Peach-Ice-1.webp","width":1000,"height":1000},{"@type":"BreadcrumbList","@id":"https:\/\/vapingnet.de\/vape\/peach-ice-geschmack-bei-elf-shisha-16000-direkt-vom-hersteller\/#breadcrumb","itemListElement":[{"@type":"ListItem","position":1,"name":"Home","item":"https:\/\/vapingnet.de\/"},{"@type":"ListItem","position":2,"name":"Shop","item":"https:\/\/vapingnet.de\/vape\/"},{"@type":"ListItem","position":3,"name":"Peach Ice Geschmack bei ELF SHISHA 16000 Direkt vom Hersteller"}]},{"@type":"WebSite","@id":"https:\/\/vapingnet.de\/#website","url":"https:\/\/vapingnet.de\/","name":"Vapingnet.de","description":"","publisher":{"@id":"https:\/\/vapingnet.de\/#organization"},"potentialAction":[{"@type":"SearchAction","target":{"@type":"EntryPoint","urlTemplate":"https:\/\/vapingnet.de\/?s={search_term_string}"},"query-input":{"@type":"PropertyValueSpecification","valueRequired":true,"valueName":"search_term_string"}}],"inLanguage":"pl-PL"},{"@type":"Organization","@id":"https:\/\/vapingnet.de\/#organization","name":"Vapingnet.de","url":"https:\/\/vapingnet.de\/","logo":{"@type":"ImageObject","inLanguage":"pl-PL","@id":"https:\/\/vapingnet.de\/#\/schema\/logo\/image\/","url":"https:\/\/vapingnet.de\/wp-content\/uploads\/2025\/03\/cropped-vapingnet.de_.jpg","contentUrl":"https:\/\/vapingnet.de\/wp-content\/uploads\/2025\/03\/cropped-vapingnet.de_.jpg","width":512,"height":512,"caption":"Vapingnet.de"},"image":{"@id":"https:\/\/vapingnet.de\/#\/schema\/logo\/image\/"},"sameAs":["https:\/\/www.facebook.com\/vapingnetde\/"]}]}},"tiered_pricing_type":"fixed","tiered_pricing_fixed_rules":{"10":"9.41","60":"8.47","110":"7.53","200":"6.59"},"tiered_pricing_product_settings":{"layout":"default","base_unit_name":{"singular":null,"plural":null},"default_variation":null},"tiered_pricing_minimum_quantity":null,"tiered_pricing_roles_data":[],"tiered_pricing_percentage_rules":[],"_links":{"self":[{"href":"https:\/\/vapingnet.de\/pl\/wp-json\/wp\/v2\/product\/6459","targetHints":{"allow":["GET"]}}],"collection":[{"href":"https:\/\/vapingnet.de\/pl\/wp-json\/wp\/v2\/product"}],"about":[{"href":"https:\/\/vapingnet.de\/pl\/wp-json\/wp\/v2\/types\/product"}],"version-history":[{"count":1,"href":"https:\/\/vapingnet.de\/pl\/wp-json\/wp\/v2\/product\/6459\/revisions"}],"predecessor-version":[{"id":6479,"href":"https:\/\/vapingnet.de\/pl\/wp-json\/wp\/v2\/product\/6459\/revisions\/6479"}],"wp:featuredmedia":[{"embeddable":true,"href":"https:\/\/vapingnet.de\/pl\/wp-json\/wp\/v2\/media\/6471"}],"wp:attachment":[{"href":"https:\/\/vapingnet.de\/pl\/wp-json\/wp\/v2\/media?parent=6459"}],"wp:term":[{"taxonomy":"brand","embeddable":true,"href":"https:\/\/vapingnet.de\/pl\/wp-json\/wp\/v2\/etheme_brands?post=6459"},{"taxonomy":"product_brand","embeddable":true,"href":"https:\/\/vapingnet.de\/pl\/wp-json\/wp\/v2\/product_brand?post=6459"},{"taxonomy":"product_cat","embeddable":true,"href":"https:\/\/vapingnet.de\/pl\/wp-json\/wp\/v2\/product_cat?post=6459"},{"taxonomy":"product_tag","embeddable":true,"href":"https:\/\/vapingnet.de\/pl\/wp-json\/wp\/v2\/product_tag?post=6459"}],"curies":[{"name":"wp","href":"https:\/\/api.w.org\/{rel}","templated":true}]}}