{"id":6462,"date":"2025-04-21T09:09:20","date_gmt":"2025-04-21T09:09:20","guid":{"rendered":"https:\/\/vapingnet.de\/?post_type=product&#038;p=6462"},"modified":"2025-06-19T03:42:49","modified_gmt":"2025-06-19T03:42:49","slug":"elf-shisha-16000-double-apple-hochwertig-guenstig-sofort-lieferbar","status":"publish","type":"product","link":"https:\/\/vapingnet.de\/pl\/vape\/elf-shisha-16000-double-apple-hochwertig-guenstig-sofort-lieferbar\/","title":{"rendered":"ELF SHISHA 16000 Double Apple Wysoka jako\u015b\u0107 Niska cena Natychmiast dost\u0119pne"},"content":{"rendered":"<h2 data-start=\"105\" data-end=\"190\" data-immersive-translate-walked=\"6cc8dd26-2550-42bb-85c6-c633db04013b\">Rewolucja w formacie kieszonkowym: nowa ELF SHISHA 16000 o smaku Double Apple<\/h2>\n<p class=\"\" data-start=\"192\" data-end=\"402\" data-immersive-translate-walked=\"6cc8dd26-2550-42bb-85c6-c633db04013b\">Berlin \u2013 W czasach, gdy mobilno\u015b\u0107 i komfort s\u0105 na pierwszym miejscu, ELF SHISHA 16000 zaskakuje imponuj\u0105cym po\u0142\u0105czeniem wydajno\u015bci, smaku i technicznej finezji.<\/p>\n<h4 data-start=\"404\" data-end=\"452\" data-immersive-translate-walked=\"6cc8dd26-2550-42bb-85c6-c633db04013b\">16000 zaci\u0105gni\u0119\u0107 \u2013 Maksymalna wolno\u015b\u0107 w podr\u00f3\u017cy<\/h4>\n<p class=\"\" data-start=\"454\" data-end=\"743\" data-immersive-translate-walked=\"6cc8dd26-2550-42bb-85c6-c633db04013b\" data-immersive-translate-paragraph=\"1\">ELF SHISHA 16000 wyznacza nowe standardy w zakresie jednorazowych e-papieros\u00f3w dzi\u0119ki swojej du\u017cej pojemno\u015bci 16000 zaci\u0105gni\u0119\u0107. U\u017cytkownicy korzystaj\u0105 z d\u0142ugotrwa\u0142ego do\u015bwiadczenia bez konieczno\u015bci ci\u0105g\u0142ego uzupe\u0142niania lub \u0142adowania \u2013 idealne na podr\u00f3\u017ce, festiwale lub po prostu na co dzie\u0144.<\/p>\n<h4 data-start=\"745\" data-end=\"798\" data-immersive-translate-walked=\"6cc8dd26-2550-42bb-85c6-c633db04013b\">Double Apple: kultowy smak w nowoczesnym wydaniu<\/h4>\n<p class=\"\" data-start=\"800\" data-end=\"1138\" data-immersive-translate-walked=\"6cc8dd26-2550-42bb-85c6-c633db04013b\" data-immersive-translate-paragraph=\"1\">Z popularnym aromatem Double Apple ELF SHISHA wprowadza klasyk\u0119 w nowoczesnej ods\u0142onie. S\u0142odko-kwa\u015bna mieszanka jab\u0142ek rozwija si\u0119 dzi\u0119ki mesh coil (0,6 Ohm), zapewniaj\u0105c szczeg\u00f3lnie aromatyczne i \u0142agodne doznania w gardle. Intensywne wytwarzanie pary \u0142\u0105czy si\u0119 z delikatn\u0105 r\u00f3wnowag\u0105 smak\u00f3w \u2013 to moment przyjemno\u015bci dla fan\u00f3w shishy i vapor\u00f3w.<\/p>\n<h3 data-start=\"1140\" data-end=\"1170\" data-immersive-translate-walked=\"6cc8dd26-2550-42bb-85c6-c633db04013b\">Technologia spotyka komfort<\/h3>\n<p class=\"\" data-start=\"1172\" data-end=\"1271\" data-immersive-translate-walked=\"6cc8dd26-2550-42bb-85c6-c633db04013b\" data-immersive-translate-paragraph=\"1\">Jednorazowy e-papieros zachwyca nie tylko smakiem, ale tak\u017ce nowoczesn\u0105 technologi\u0105:<\/p>\n<ul data-start=\"1273\" data-end=\"1538\" data-immersive-translate-walked=\"6cc8dd26-2550-42bb-85c6-c633db04013b\">\n<li class=\"\" data-start=\"1273\" data-end=\"1333\" data-immersive-translate-walked=\"6cc8dd26-2550-42bb-85c6-c633db04013b\">\n<p class=\"\" data-start=\"1275\" data-end=\"1333\" data-immersive-translate-walked=\"6cc8dd26-2550-42bb-85c6-c633db04013b\" data-immersive-translate-paragraph=\"1\">Wy\u015bwietlacz LED pokazuj\u0105cy poziom na\u0142adowania baterii i poziom liquidu<\/p>\n<\/li>\n<li class=\"\" data-start=\"1334\" data-end=\"1392\" data-immersive-translate-walked=\"6cc8dd26-2550-42bb-85c6-c633db04013b\">\n<p class=\"\" data-start=\"1336\" data-end=\"1392\" data-immersive-translate-walked=\"6cc8dd26-2550-42bb-85c6-c633db04013b\" data-immersive-translate-paragraph=\"1\">Regulowany przep\u0142yw powietrza dla indywidualnego nat\u0119\u017cenia zaci\u0105gni\u0119cia<\/p>\n<\/li>\n<li class=\"\" data-start=\"1393\" data-end=\"1471\" data-immersive-translate-walked=\"6cc8dd26-2550-42bb-85c6-c633db04013b\">\n<p class=\"\" data-start=\"1395\" data-end=\"1471\" data-immersive-translate-walked=\"6cc8dd26-2550-42bb-85c6-c633db04013b\" data-immersive-translate-paragraph=\"1\">Mo\u017cliwo\u015b\u0107 \u0142adowania przez Type-C \u2013 bardziej ekologiczne ni\u017c tradycyjne disposable<\/p>\n<\/li>\n<li class=\"\" data-start=\"1472\" data-end=\"1538\" data-immersive-translate-walked=\"6cc8dd26-2550-42bb-85c6-c633db04013b\">\n<p class=\"\" data-start=\"1474\" data-end=\"1538\" data-immersive-translate-walked=\"6cc8dd26-2550-42bb-85c6-c633db04013b\" data-immersive-translate-paragraph=\"1\">Lekki, wa\u017c\u0105cy tylko 85 g \u2013 kompaktowy, stylowy i praktyczny<\/p>\n<\/li>\n<\/ul>\n<h4 data-start=\"1540\" data-end=\"1588\" data-immersive-translate-walked=\"6cc8dd26-2550-42bb-85c6-c633db04013b\">Elastyczny wyb\u00f3r nikotyny i wysy\u0142ka bezc\u0142owa<\/h4>\n<p class=\"\" data-start=\"1590\" data-end=\"1927\" data-immersive-translate-walked=\"6cc8dd26-2550-42bb-85c6-c633db04013b\" data-immersive-translate-paragraph=\"1\">Dost\u0119pny z nikotyn\u0105 0, %, 2 %, 3 % lub 5 %, ELF SHISHA 16000 dostosowuje si\u0119 do r\u00f3\u017cnych potrzeb \u2013 czy to redukcji spo\u017cycia nikotyny, czy jako mocna alternatywa dla papierosa. Mo\u017cna go zam\u00f3wi\u0107 bezc\u0142owo przez vapingnet.de, z czasem dostawy od 7 do 15 dni roboczych na terenie Europy.<\/p>\n<h4 data-start=\"1929\" data-end=\"1976\" data-immersive-translate-walked=\"6cc8dd26-2550-42bb-85c6-c633db04013b\">Nowoczesne o\u015bwiadczenie dla rynku vapor\u00f3w<\/h4>\n<p class=\"\" data-start=\"1978\" data-end=\"2254\" data-immersive-translate-walked=\"6cc8dd26-2550-42bb-85c6-c633db04013b\" data-immersive-translate-paragraph=\"1\">ELF SHISHA 16000 symbolizuje now\u0105 generacj\u0119 disposable vape\u2019\u00f3w: wydajne, stylowe i proste w obs\u0142udze. Kto chce do\u015bwiadczy\u0107 parowego relaksu w najbardziej kompaktowej i eleganckiej formie, znajdzie w tej vape niezawodnego towarzysza na co dzie\u0144.<\/p>","protected":false},"excerpt":{"rendered":"<p>Rewolucja w kieszonkowym rozmiarze: Nowy Elf Shisha 16000 o smaku Double Apple Berlin \u2013 W czasach, gdy mobilno\u015b\u0107 i komfort s\u0105 na pierwszym miejscu...<\/p>","protected":false},"featured_media":6466,"template":"","meta":[],"etheme_brands":[],"product_brand":[100],"product_cat":[91,49,61],"product_tag":[],"class_list":{"0":"post-6462","1":"product","2":"type-product","3":"status-publish","4":"has-post-thumbnail","6":"product_brand-elf-box-vape","7":"product_cat-16k-vape","8":"product_cat-einweg-e-zigarette","9":"product_cat-f","11":"first","12":"instock","13":"shipping-taxable","14":"purchasable","15":"product-type-simple"},"yoast_head":"<!-- This site is optimized with the Yoast SEO plugin v26.5 - https:\/\/yoast.com\/wordpress\/plugins\/seo\/ -->\n<title>ELF SHISHA 16000 Double Apple Hochwertig G\u00fcnstig Sofort Lieferbar | Vapingnet.de<\/title>\n<meta name=\"description\" content=\"Entdecke ELF SHISHA 16000 Double Apple Hochwertig G\u00fcnstig Sofort Lieferbar bei vapingnet.de, \u25ba Gro\u00dfe Auswahl an Geschmacksrichtungen &amp; super g\u00fcnstig!\" \/>\n<meta name=\"robots\" content=\"index, follow, max-snippet:-1, max-image-preview:large, max-video-preview:-1\" \/>\n<link rel=\"canonical\" href=\"https:\/\/vapingnet.de\/pl\/vape\/elf-shisha-16000-double-apple-hochwertig-guenstig-sofort-lieferbar\/\" \/>\n<meta property=\"og:locale\" content=\"pl_PL\" \/>\n<meta property=\"og:type\" content=\"article\" \/>\n<meta property=\"og:title\" content=\"ELF SHISHA 16000 Double Apple Hochwertig G\u00fcnstig Sofort Lieferbar | Vapingnet.de\" \/>\n<meta property=\"og:description\" content=\"Entdecke ELF SHISHA 16000 Double Apple Hochwertig G\u00fcnstig Sofort Lieferbar bei vapingnet.de, \u25ba Gro\u00dfe Auswahl an Geschmacksrichtungen &amp; super g\u00fcnstig!\" \/>\n<meta property=\"og:url\" content=\"https:\/\/vapingnet.de\/pl\/vape\/elf-shisha-16000-double-apple-hochwertig-guenstig-sofort-lieferbar\/\" \/>\n<meta property=\"og:site_name\" content=\"Vapingnet.de\" \/>\n<meta property=\"article:publisher\" content=\"https:\/\/www.facebook.com\/vapingnetde\/\" \/>\n<meta property=\"article:modified_time\" content=\"2025-06-19T03:42:49+00:00\" \/>\n<meta property=\"og:image\" content=\"https:\/\/vapingnet.de\/wp-content\/uploads\/2025\/04\/Double-Apple-1.webp\" \/>\n\t<meta property=\"og:image:width\" content=\"1000\" \/>\n\t<meta property=\"og:image:height\" content=\"1000\" \/>\n\t<meta property=\"og:image:type\" content=\"image\/webp\" \/>\n<meta name=\"twitter:card\" content=\"summary_large_image\" \/>\n<meta name=\"twitter:label1\" content=\"Est. reading time\" \/>\n\t<meta name=\"twitter:data1\" content=\"2 minutes\" \/>\n<script type=\"application\/ld+json\" class=\"yoast-schema-graph\">{\"@context\":\"https:\/\/schema.org\",\"@graph\":[{\"@type\":\"WebPage\",\"@id\":\"https:\/\/vapingnet.de\/vape\/elf-shisha-16000-double-apple-hochwertig-guenstig-sofort-lieferbar\/\",\"url\":\"https:\/\/vapingnet.de\/vape\/elf-shisha-16000-double-apple-hochwertig-guenstig-sofort-lieferbar\/\",\"name\":\"ELF SHISHA 16000 Double Apple Hochwertig G\u00fcnstig Sofort Lieferbar | Vapingnet.de\",\"isPartOf\":{\"@id\":\"https:\/\/vapingnet.de\/#website\"},\"primaryImageOfPage\":{\"@id\":\"https:\/\/vapingnet.de\/vape\/elf-shisha-16000-double-apple-hochwertig-guenstig-sofort-lieferbar\/#primaryimage\"},\"image\":{\"@id\":\"https:\/\/vapingnet.de\/vape\/elf-shisha-16000-double-apple-hochwertig-guenstig-sofort-lieferbar\/#primaryimage\"},\"thumbnailUrl\":\"https:\/\/vapingnet.de\/wp-content\/uploads\/2025\/04\/Double-Apple-1.webp\",\"datePublished\":\"2025-04-21T09:09:20+00:00\",\"dateModified\":\"2025-06-19T03:42:49+00:00\",\"description\":\"Entdecke ELF SHISHA 16000 Double Apple Hochwertig G\u00fcnstig Sofort Lieferbar bei vapingnet.de, \u25ba Gro\u00dfe Auswahl an Geschmacksrichtungen & super g\u00fcnstig!\",\"breadcrumb\":{\"@id\":\"https:\/\/vapingnet.de\/vape\/elf-shisha-16000-double-apple-hochwertig-guenstig-sofort-lieferbar\/#breadcrumb\"},\"inLanguage\":\"pl-PL\",\"potentialAction\":[{\"@type\":\"ReadAction\",\"target\":[\"https:\/\/vapingnet.de\/vape\/elf-shisha-16000-double-apple-hochwertig-guenstig-sofort-lieferbar\/\"]}]},{\"@type\":\"ImageObject\",\"inLanguage\":\"pl-PL\",\"@id\":\"https:\/\/vapingnet.de\/vape\/elf-shisha-16000-double-apple-hochwertig-guenstig-sofort-lieferbar\/#primaryimage\",\"url\":\"https:\/\/vapingnet.de\/wp-content\/uploads\/2025\/04\/Double-Apple-1.webp\",\"contentUrl\":\"https:\/\/vapingnet.de\/wp-content\/uploads\/2025\/04\/Double-Apple-1.webp\",\"width\":1000,\"height\":1000},{\"@type\":\"BreadcrumbList\",\"@id\":\"https:\/\/vapingnet.de\/vape\/elf-shisha-16000-double-apple-hochwertig-guenstig-sofort-lieferbar\/#breadcrumb\",\"itemListElement\":[{\"@type\":\"ListItem\",\"position\":1,\"name\":\"Home\",\"item\":\"https:\/\/vapingnet.de\/\"},{\"@type\":\"ListItem\",\"position\":2,\"name\":\"Shop\",\"item\":\"https:\/\/vapingnet.de\/vape\/\"},{\"@type\":\"ListItem\",\"position\":3,\"name\":\"ELF SHISHA 16000 Double Apple Hochwertig G\u00fcnstig Sofort Lieferbar\"}]},{\"@type\":\"WebSite\",\"@id\":\"https:\/\/vapingnet.de\/#website\",\"url\":\"https:\/\/vapingnet.de\/\",\"name\":\"Vapingnet.de\",\"description\":\"\",\"publisher\":{\"@id\":\"https:\/\/vapingnet.de\/#organization\"},\"potentialAction\":[{\"@type\":\"SearchAction\",\"target\":{\"@type\":\"EntryPoint\",\"urlTemplate\":\"https:\/\/vapingnet.de\/?s={search_term_string}\"},\"query-input\":{\"@type\":\"PropertyValueSpecification\",\"valueRequired\":true,\"valueName\":\"search_term_string\"}}],\"inLanguage\":\"pl-PL\"},{\"@type\":\"Organization\",\"@id\":\"https:\/\/vapingnet.de\/#organization\",\"name\":\"Vapingnet.de\",\"url\":\"https:\/\/vapingnet.de\/\",\"logo\":{\"@type\":\"ImageObject\",\"inLanguage\":\"pl-PL\",\"@id\":\"https:\/\/vapingnet.de\/#\/schema\/logo\/image\/\",\"url\":\"https:\/\/vapingnet.de\/wp-content\/uploads\/2025\/03\/cropped-vapingnet.de_.jpg\",\"contentUrl\":\"https:\/\/vapingnet.de\/wp-content\/uploads\/2025\/03\/cropped-vapingnet.de_.jpg\",\"width\":512,\"height\":512,\"caption\":\"Vapingnet.de\"},\"image\":{\"@id\":\"https:\/\/vapingnet.de\/#\/schema\/logo\/image\/\"},\"sameAs\":[\"https:\/\/www.facebook.com\/vapingnetde\/\"]}]}<\/script>\n<!-- \/ Yoast SEO plugin. -->","yoast_head_json":{"title":"ELF SHISHA 16000 Double Apple Hochwertig G\u00fcnstig Sofort Lieferbar | Vapingnet.de","description":"Entdecke ELF SHISHA 16000 Double Apple Hochwertig G\u00fcnstig Sofort Lieferbar bei vapingnet.de, \u25ba Gro\u00dfe Auswahl an Geschmacksrichtungen & super g\u00fcnstig!","robots":{"index":"index","follow":"follow","max-snippet":"max-snippet:-1","max-image-preview":"max-image-preview:large","max-video-preview":"max-video-preview:-1"},"canonical":"https:\/\/vapingnet.de\/pl\/vape\/elf-shisha-16000-double-apple-hochwertig-guenstig-sofort-lieferbar\/","og_locale":"pl_PL","og_type":"article","og_title":"ELF SHISHA 16000 Double Apple Hochwertig G\u00fcnstig Sofort Lieferbar | Vapingnet.de","og_description":"Entdecke ELF SHISHA 16000 Double Apple Hochwertig G\u00fcnstig Sofort Lieferbar bei vapingnet.de, \u25ba Gro\u00dfe Auswahl an Geschmacksrichtungen & super g\u00fcnstig!","og_url":"https:\/\/vapingnet.de\/pl\/vape\/elf-shisha-16000-double-apple-hochwertig-guenstig-sofort-lieferbar\/","og_site_name":"Vapingnet.de","article_publisher":"https:\/\/www.facebook.com\/vapingnetde\/","article_modified_time":"2025-06-19T03:42:49+00:00","og_image":[{"width":1000,"height":1000,"url":"https:\/\/vapingnet.de\/wp-content\/uploads\/2025\/04\/Double-Apple-1.webp","type":"image\/webp"}],"twitter_card":"summary_large_image","twitter_misc":{"Est. reading time":"2 minutes"},"schema":{"@context":"https:\/\/schema.org","@graph":[{"@type":"WebPage","@id":"https:\/\/vapingnet.de\/vape\/elf-shisha-16000-double-apple-hochwertig-guenstig-sofort-lieferbar\/","url":"https:\/\/vapingnet.de\/vape\/elf-shisha-16000-double-apple-hochwertig-guenstig-sofort-lieferbar\/","name":"ELF SHISHA 16000 Double Apple Hochwertig G\u00fcnstig Sofort Lieferbar | Vapingnet.de","isPartOf":{"@id":"https:\/\/vapingnet.de\/#website"},"primaryImageOfPage":{"@id":"https:\/\/vapingnet.de\/vape\/elf-shisha-16000-double-apple-hochwertig-guenstig-sofort-lieferbar\/#primaryimage"},"image":{"@id":"https:\/\/vapingnet.de\/vape\/elf-shisha-16000-double-apple-hochwertig-guenstig-sofort-lieferbar\/#primaryimage"},"thumbnailUrl":"https:\/\/vapingnet.de\/wp-content\/uploads\/2025\/04\/Double-Apple-1.webp","datePublished":"2025-04-21T09:09:20+00:00","dateModified":"2025-06-19T03:42:49+00:00","description":"Entdecke ELF SHISHA 16000 Double Apple Hochwertig G\u00fcnstig Sofort Lieferbar bei vapingnet.de, \u25ba Gro\u00dfe Auswahl an Geschmacksrichtungen & super g\u00fcnstig!","breadcrumb":{"@id":"https:\/\/vapingnet.de\/vape\/elf-shisha-16000-double-apple-hochwertig-guenstig-sofort-lieferbar\/#breadcrumb"},"inLanguage":"pl-PL","potentialAction":[{"@type":"ReadAction","target":["https:\/\/vapingnet.de\/vape\/elf-shisha-16000-double-apple-hochwertig-guenstig-sofort-lieferbar\/"]}]},{"@type":"ImageObject","inLanguage":"pl-PL","@id":"https:\/\/vapingnet.de\/vape\/elf-shisha-16000-double-apple-hochwertig-guenstig-sofort-lieferbar\/#primaryimage","url":"https:\/\/vapingnet.de\/wp-content\/uploads\/2025\/04\/Double-Apple-1.webp","contentUrl":"https:\/\/vapingnet.de\/wp-content\/uploads\/2025\/04\/Double-Apple-1.webp","width":1000,"height":1000},{"@type":"BreadcrumbList","@id":"https:\/\/vapingnet.de\/vape\/elf-shisha-16000-double-apple-hochwertig-guenstig-sofort-lieferbar\/#breadcrumb","itemListElement":[{"@type":"ListItem","position":1,"name":"Home","item":"https:\/\/vapingnet.de\/"},{"@type":"ListItem","position":2,"name":"Shop","item":"https:\/\/vapingnet.de\/vape\/"},{"@type":"ListItem","position":3,"name":"ELF SHISHA 16000 Double Apple Hochwertig G\u00fcnstig Sofort Lieferbar"}]},{"@type":"WebSite","@id":"https:\/\/vapingnet.de\/#website","url":"https:\/\/vapingnet.de\/","name":"Vapingnet.de","description":"","publisher":{"@id":"https:\/\/vapingnet.de\/#organization"},"potentialAction":[{"@type":"SearchAction","target":{"@type":"EntryPoint","urlTemplate":"https:\/\/vapingnet.de\/?s={search_term_string}"},"query-input":{"@type":"PropertyValueSpecification","valueRequired":true,"valueName":"search_term_string"}}],"inLanguage":"pl-PL"},{"@type":"Organization","@id":"https:\/\/vapingnet.de\/#organization","name":"Vapingnet.de","url":"https:\/\/vapingnet.de\/","logo":{"@type":"ImageObject","inLanguage":"pl-PL","@id":"https:\/\/vapingnet.de\/#\/schema\/logo\/image\/","url":"https:\/\/vapingnet.de\/wp-content\/uploads\/2025\/03\/cropped-vapingnet.de_.jpg","contentUrl":"https:\/\/vapingnet.de\/wp-content\/uploads\/2025\/03\/cropped-vapingnet.de_.jpg","width":512,"height":512,"caption":"Vapingnet.de"},"image":{"@id":"https:\/\/vapingnet.de\/#\/schema\/logo\/image\/"},"sameAs":["https:\/\/www.facebook.com\/vapingnetde\/"]}]}},"tiered_pricing_type":"fixed","tiered_pricing_fixed_rules":{"10":"9.41","60":"8.47","110":"7.53","200":"6.59"},"tiered_pricing_product_settings":{"layout":"default","base_unit_name":{"singular":null,"plural":null},"default_variation":null},"tiered_pricing_minimum_quantity":null,"tiered_pricing_roles_data":[],"tiered_pricing_percentage_rules":[],"_links":{"self":[{"href":"https:\/\/vapingnet.de\/pl\/wp-json\/wp\/v2\/product\/6462","targetHints":{"allow":["GET"]}}],"collection":[{"href":"https:\/\/vapingnet.de\/pl\/wp-json\/wp\/v2\/product"}],"about":[{"href":"https:\/\/vapingnet.de\/pl\/wp-json\/wp\/v2\/types\/product"}],"version-history":[{"count":1,"href":"https:\/\/vapingnet.de\/pl\/wp-json\/wp\/v2\/product\/6462\/revisions"}],"predecessor-version":[{"id":6482,"href":"https:\/\/vapingnet.de\/pl\/wp-json\/wp\/v2\/product\/6462\/revisions\/6482"}],"wp:featuredmedia":[{"embeddable":true,"href":"https:\/\/vapingnet.de\/pl\/wp-json\/wp\/v2\/media\/6466"}],"wp:attachment":[{"href":"https:\/\/vapingnet.de\/pl\/wp-json\/wp\/v2\/media?parent=6462"}],"wp:term":[{"taxonomy":"brand","embeddable":true,"href":"https:\/\/vapingnet.de\/pl\/wp-json\/wp\/v2\/etheme_brands?post=6462"},{"taxonomy":"product_brand","embeddable":true,"href":"https:\/\/vapingnet.de\/pl\/wp-json\/wp\/v2\/product_brand?post=6462"},{"taxonomy":"product_cat","embeddable":true,"href":"https:\/\/vapingnet.de\/pl\/wp-json\/wp\/v2\/product_cat?post=6462"},{"taxonomy":"product_tag","embeddable":true,"href":"https:\/\/vapingnet.de\/pl\/wp-json\/wp\/v2\/product_tag?post=6462"}],"curies":[{"name":"wp","href":"https:\/\/api.w.org\/{rel}","templated":true}]}}