{"id":6487,"date":"2025-04-21T10:02:55","date_gmt":"2025-04-21T10:02:55","guid":{"rendered":"https:\/\/vapingnet.de\/?post_type=product&#038;p=6487"},"modified":"2026-01-21T03:26:15","modified_gmt":"2026-01-21T03:26:15","slug":"jetzt-grape-ice-testen-elf-shisha-16000-zum-besten-preis-weltweit","status":"publish","type":"product","link":"https:\/\/vapingnet.de\/pl\/vape\/jetzt-grape-ice-testen-elf-shisha-16000-zum-besten-preis-weltweit\/","title":{"rendered":"Teraz testuj Grape Ice ELF SHISHA 16000 w najlepszej cenie na \u015bwiecie"},"content":{"rendered":"<h2 data-start=\"0\" data-end=\"68\" data-immersive-translate-walked=\"4a10e9d6-1d62-4ed5-b5e8-78f2f01c9033\">ELF SHISHA 16000 \u2013 Jednorazowa e-papieros dla wymagaj\u0105cych palaczy<\/h2>\n<p class=\"\" data-start=\"70\" data-end=\"415\" data-immersive-translate-walked=\"4a10e9d6-1d62-4ed5-b5e8-78f2f01c9033\" data-immersive-translate-paragraph=\"1\">ELF SHISHA 16000 jest jednym z najbardziej zaawansowanych jednorazowych e-papieros\u00f3w na rynku, kt\u00f3re zachwycaj\u0105 szerokim zakresem funkcji i wyj\u0105tkowym designem. Z mo\u017cliwo\u015bci\u0105 dostarczenia do 16 000 poci\u0105gni\u0119\u0107, ten model stanowi idealne rozwi\u0105zanie dla palaczy poszukuj\u0105cych d\u0142ugotrwa\u0142ego i intensywnego do\u015bwiadczenia vapingowego.<\/p>\n<h4 data-start=\"417\" data-end=\"484\" data-immersive-translate-walked=\"4a10e9d6-1d62-4ed5-b5e8-78f2f01c9033\" data-immersive-translate-paragraph=\"1\">Pot\u0119\u017cne w\u0142a\u015bciwo\u015bci dla niezr\u00f3wnanego vapingu<\/h4>\n<p class=\"\" data-start=\"486\" data-end=\"901\" data-immersive-translate-walked=\"4a10e9d6-1d62-4ed5-b5e8-78f2f01c9033\" data-immersive-translate-paragraph=\"1\">ELF SHISHA 16000 \u0142\u0105czy innowacyjne technologie i przyjazne u\u017cytkownikowi cechy, aby zapewni\u0107 wyj\u0105tkowe doznania vapingowe. Mesh-Coil o oporno\u015bci 0,6 Ohma zapewnia r\u00f3wnomierne rozprowadzanie ciep\u0142a, co prowadzi do aromatycznego i g\u0119stego dymu. Dzi\u0119ki du\u017cemu zbiornikowi na e-liquid o pojemno\u015bci 28 ml, ten model jest przeznaczony na d\u0142ugie sesje vapowania bez konieczno\u015bci ci\u0105g\u0142ego uzupe\u0142niania.<\/p>\n<p class=\"\" data-start=\"903\" data-end=\"1220\" data-immersive-translate-walked=\"4a10e9d6-1d62-4ed5-b5e8-78f2f01c9033\" data-immersive-translate-paragraph=\"1\">Bateria o pojemno\u015bci 600mAh jest wystarczaj\u0105ca na ca\u0142y cykl \u017cycia 16 000 poci\u0105gni\u0119\u0107 i dzi\u0119ki portowi \u0142adowania Type-C mo\u017cna j\u0105 szybko i wygodnie na\u0142adowa\u0107. Pomimo swoich mocnych funkcji, ELF SHISHA 16000 wa\u017cy tylko 85 g, co czyni j\u0105 kompaktowym i przeno\u015bnym urz\u0105dzeniem.<\/p>\n<h4 data-start=\"1222\" data-end=\"1262\" data-immersive-translate-walked=\"4a10e9d6-1d62-4ed5-b5e8-78f2f01c9033\" data-immersive-translate-paragraph=\"1\">Wszechstronno\u015b\u0107 w zakresie st\u0119\u017cenia nikotyny<\/h4>\n<p class=\"\" data-start=\"1264\" data-end=\"1552\" data-immersive-translate-walked=\"4a10e9d6-1d62-4ed5-b5e8-78f2f01c9033\" data-immersive-translate-paragraph=\"1\">Kolejnym atutem ELF SHISHA 16000 jest mo\u017cliwo\u015b\u0107 dostosowania zawarto\u015bci nikotyny do w\u0142asnych preferencji. Z opcjami 0%, 2%, 3% i 5% nikotyny, ten model oferuje szeroki wyb\u00f3r, odpowiedni dla ka\u017cdego palacza \u2013 od pocz\u0105tkuj\u0105cych po do\u015bwiadczonych u\u017cytkownik\u00f3w.<\/p>\n<h4 data-start=\"1554\" data-end=\"1584\" data-immersive-translate-walked=\"4a10e9d6-1d62-4ed5-b5e8-78f2f01c9033\" data-immersive-translate-paragraph=\"1\">Dostosowywalne doznania vapowania<\/h4>\n<p class=\"\" data-start=\"1586\" data-end=\"2003\" data-immersive-translate-walked=\"4a10e9d6-1d62-4ed5-b5e8-78f2f01c9033\" data-immersive-translate-paragraph=\"1\">Urz\u0105dzenie wyposa\u017cone jest w wy\u015bwietlacz LED, kt\u00f3ry na bie\u017c\u0105co dostarcza u\u017cytkownikowi przydatnych informacji o stanie baterii i statusie. Dodatkowo, regulowany przep\u0142yw powietrza (Adjustable Airflow) to funkcja, kt\u00f3ra pozwala spersonalizowa\u0107 i uprzyjemni\u0107 do\u015bwiadczenie vapowania. Mo\u017cesz dostosowa\u0107 przep\u0142yw powietrza i kontrolowa\u0107 swoje vapowanie \u2013 czy to dla l\u017cejszego, czy bardziej intensywnego poci\u0105gni\u0119cia.<\/p>\n<h4 data-start=\"2005\" data-end=\"2044\" data-immersive-translate-walked=\"4a10e9d6-1d62-4ed5-b5e8-78f2f01c9033\" data-immersive-translate-paragraph=\"1\">Orze\u017awiaj\u0105cy smak \u2013 Grape Ice<\/h4>\n<p class=\"\" data-start=\"2046\" data-end=\"2332\" data-immersive-translate-walked=\"4a10e9d6-1d62-4ed5-b5e8-78f2f01c9033\" data-immersive-translate-paragraph=\"1\">Smak Grape Ice \u0142\u0105czy s\u0142odki smak winogron z orze\u017awiaj\u0105cym, lodowym posmakiem. Ta orze\u017awiaj\u0105ca kombinacja smak\u00f3w zapewnia unikalne doznania vapowania i jest idealna dla tych, kt\u00f3rzy szukaj\u0105 ch\u0142odnego, owocowego do\u015bwiadczenia smakowego.<\/p>\n<h3>Szybka dostawa i korzy\u015bci<\/h3>\n<p class=\"\" data-start=\"2371\" data-end=\"2650\" data-immersive-translate-walked=\"4a10e9d6-1d62-4ed5-b5e8-78f2f01c9033\" data-immersive-translate-paragraph=\"1\">Z czasem dostawy od 7 do 15 dni roboczych mo\u017cesz by\u0107 pewien, \u017ce otrzymasz ELF SHISHA 16000 szybko, bez konieczno\u015bci d\u0142ugiego oczekiwania na zam\u00f3wienie. Dzi\u0119ki bezc\u0142owej wysy\u0142ce, zakup staje si\u0119 jeszcze bardziej atrakcyjny, a dodatkowe koszty s\u0105 eliminowane.<\/p>\n<p class=\"\" data-start=\"2652\" data-end=\"2747\" data-immersive-translate-walked=\"4a10e9d6-1d62-4ed5-b5e8-78f2f01c9033\" data-immersive-translate-paragraph=\"1\">Dost\u0119pne na vapingnet.de, wiod\u0105cym dostawcy wysokiej jako\u015bci produkt\u00f3w e-papierosowych.<\/p>\n<p class=\"\" data-start=\"2754\" data-end=\"3073\" data-immersive-translate-walked=\"4a10e9d6-1d62-4ed5-b5e8-78f2f01c9033\" data-immersive-translate-paragraph=\"1\">ELF SHISHA 16000 to idealny wyb\u00f3r dla palaczy poszukuj\u0105cych mocnego, przyjaznego u\u017cytkownikowi i smakowitego jednorazowego e-papierosa. Z d\u0142ug\u0105 \u017cywotno\u015bci\u0105, elastycznymi st\u0119\u017ceniami nikotyny i unikalnym do\u015bwiadczeniem smakowym, ten model wyznacza nowe standardy na rynku.<\/p>","protected":false},"excerpt":{"rendered":"<p>ELF SHISHA 16000 \u2013 Einweg E-Zigarette f\u00fcr anspruchsvolle Dampfer Die ELF SHISHA 16000 ist eine der fortschrittlichsten Einweg E-Zigaretten auf dem Markt, die mit einer&#8230;<\/p>","protected":false},"featured_media":6467,"template":"","meta":[],"etheme_brands":[],"product_brand":[100],"product_cat":[91,49,61],"product_tag":[],"class_list":{"0":"post-6487","1":"product","2":"type-product","3":"status-publish","4":"has-post-thumbnail","6":"product_brand-elf-box-vape","7":"product_cat-16k-vape","8":"product_cat-einweg-e-zigarette","9":"product_cat-f","11":"first","12":"instock","13":"shipping-taxable","14":"purchasable","15":"product-type-simple"},"yoast_head":"<!-- This site is optimized with the Yoast SEO plugin v26.5 - https:\/\/yoast.com\/wordpress\/plugins\/seo\/ -->\n<title>ELF SHISHA 16000 Einweg E-Zigarette | Grape Ice Geschmack<\/title>\n<meta name=\"description\" content=\"Moderne Einweg E-Zigarette mit kraftvollem Zug und k\u00fchlem Traubengeschmack \u2013 perfekt f\u00fcr den t\u00e4glichen Genuss.\" \/>\n<meta name=\"robots\" content=\"index, follow, max-snippet:-1, max-image-preview:large, max-video-preview:-1\" \/>\n<link rel=\"canonical\" href=\"https:\/\/vapingnet.de\/pl\/vape\/jetzt-grape-ice-testen-elf-shisha-16000-zum-besten-preis-weltweit\/\" \/>\n<meta property=\"og:locale\" content=\"pl_PL\" \/>\n<meta property=\"og:type\" content=\"article\" \/>\n<meta property=\"og:title\" content=\"ELF SHISHA 16000 Einweg E-Zigarette | Grape Ice Geschmack\" \/>\n<meta property=\"og:description\" content=\"Moderne Einweg E-Zigarette mit kraftvollem Zug und k\u00fchlem Traubengeschmack \u2013 perfekt f\u00fcr den t\u00e4glichen Genuss.\" \/>\n<meta property=\"og:url\" content=\"https:\/\/vapingnet.de\/pl\/vape\/jetzt-grape-ice-testen-elf-shisha-16000-zum-besten-preis-weltweit\/\" \/>\n<meta property=\"og:site_name\" content=\"Vapingnet.de\" \/>\n<meta property=\"article:publisher\" content=\"https:\/\/www.facebook.com\/vapingnetde\/\" \/>\n<meta property=\"article:modified_time\" content=\"2026-01-21T03:26:15+00:00\" \/>\n<meta property=\"og:image\" content=\"https:\/\/vapingnet.de\/wp-content\/uploads\/2025\/04\/Grape-Ice-2.webp\" \/>\n\t<meta property=\"og:image:width\" content=\"1000\" \/>\n\t<meta property=\"og:image:height\" content=\"1000\" \/>\n\t<meta property=\"og:image:type\" content=\"image\/webp\" \/>\n<meta name=\"twitter:card\" content=\"summary_large_image\" \/>\n<meta name=\"twitter:label1\" content=\"Est. reading time\" \/>\n\t<meta name=\"twitter:data1\" content=\"3 minutes\" \/>\n<script type=\"application\/ld+json\" class=\"yoast-schema-graph\">{\"@context\":\"https:\/\/schema.org\",\"@graph\":[{\"@type\":\"WebPage\",\"@id\":\"https:\/\/vapingnet.de\/vape\/jetzt-grape-ice-testen-elf-shisha-16000-zum-besten-preis-weltweit\/\",\"url\":\"https:\/\/vapingnet.de\/vape\/jetzt-grape-ice-testen-elf-shisha-16000-zum-besten-preis-weltweit\/\",\"name\":\"ELF SHISHA 16000 Einweg E-Zigarette | Grape Ice Geschmack\",\"isPartOf\":{\"@id\":\"https:\/\/vapingnet.de\/#website\"},\"primaryImageOfPage\":{\"@id\":\"https:\/\/vapingnet.de\/vape\/jetzt-grape-ice-testen-elf-shisha-16000-zum-besten-preis-weltweit\/#primaryimage\"},\"image\":{\"@id\":\"https:\/\/vapingnet.de\/vape\/jetzt-grape-ice-testen-elf-shisha-16000-zum-besten-preis-weltweit\/#primaryimage\"},\"thumbnailUrl\":\"https:\/\/vapingnet.de\/wp-content\/uploads\/2025\/04\/Grape-Ice-2.webp\",\"datePublished\":\"2025-04-21T10:02:55+00:00\",\"dateModified\":\"2026-01-21T03:26:15+00:00\",\"description\":\"Moderne Einweg E-Zigarette mit kraftvollem Zug und k\u00fchlem Traubengeschmack \u2013 perfekt f\u00fcr den t\u00e4glichen Genuss.\",\"breadcrumb\":{\"@id\":\"https:\/\/vapingnet.de\/vape\/jetzt-grape-ice-testen-elf-shisha-16000-zum-besten-preis-weltweit\/#breadcrumb\"},\"inLanguage\":\"pl-PL\",\"potentialAction\":[{\"@type\":\"ReadAction\",\"target\":[\"https:\/\/vapingnet.de\/vape\/jetzt-grape-ice-testen-elf-shisha-16000-zum-besten-preis-weltweit\/\"]}]},{\"@type\":\"ImageObject\",\"inLanguage\":\"pl-PL\",\"@id\":\"https:\/\/vapingnet.de\/vape\/jetzt-grape-ice-testen-elf-shisha-16000-zum-besten-preis-weltweit\/#primaryimage\",\"url\":\"https:\/\/vapingnet.de\/wp-content\/uploads\/2025\/04\/Grape-Ice-2.webp\",\"contentUrl\":\"https:\/\/vapingnet.de\/wp-content\/uploads\/2025\/04\/Grape-Ice-2.webp\",\"width\":1000,\"height\":1000},{\"@type\":\"BreadcrumbList\",\"@id\":\"https:\/\/vapingnet.de\/vape\/jetzt-grape-ice-testen-elf-shisha-16000-zum-besten-preis-weltweit\/#breadcrumb\",\"itemListElement\":[{\"@type\":\"ListItem\",\"position\":1,\"name\":\"Home\",\"item\":\"https:\/\/vapingnet.de\/\"},{\"@type\":\"ListItem\",\"position\":2,\"name\":\"Shop\",\"item\":\"https:\/\/vapingnet.de\/vape\/\"},{\"@type\":\"ListItem\",\"position\":3,\"name\":\"Jetzt Grape Ice Testen ELF SHISHA 16000 Zum Besten Preis Weltweit\"}]},{\"@type\":\"WebSite\",\"@id\":\"https:\/\/vapingnet.de\/#website\",\"url\":\"https:\/\/vapingnet.de\/\",\"name\":\"Vapingnet.de\",\"description\":\"\",\"publisher\":{\"@id\":\"https:\/\/vapingnet.de\/#organization\"},\"potentialAction\":[{\"@type\":\"SearchAction\",\"target\":{\"@type\":\"EntryPoint\",\"urlTemplate\":\"https:\/\/vapingnet.de\/?s={search_term_string}\"},\"query-input\":{\"@type\":\"PropertyValueSpecification\",\"valueRequired\":true,\"valueName\":\"search_term_string\"}}],\"inLanguage\":\"pl-PL\"},{\"@type\":\"Organization\",\"@id\":\"https:\/\/vapingnet.de\/#organization\",\"name\":\"Vapingnet.de\",\"url\":\"https:\/\/vapingnet.de\/\",\"logo\":{\"@type\":\"ImageObject\",\"inLanguage\":\"pl-PL\",\"@id\":\"https:\/\/vapingnet.de\/#\/schema\/logo\/image\/\",\"url\":\"https:\/\/vapingnet.de\/wp-content\/uploads\/2025\/03\/cropped-vapingnet.de_.jpg\",\"contentUrl\":\"https:\/\/vapingnet.de\/wp-content\/uploads\/2025\/03\/cropped-vapingnet.de_.jpg\",\"width\":512,\"height\":512,\"caption\":\"Vapingnet.de\"},\"image\":{\"@id\":\"https:\/\/vapingnet.de\/#\/schema\/logo\/image\/\"},\"sameAs\":[\"https:\/\/www.facebook.com\/vapingnetde\/\"]}]}<\/script>\n<!-- \/ Yoast SEO plugin. -->","yoast_head_json":{"title":"ELF SHISHA 16000 Einweg E-Zigarette | Grape Ice Geschmack","description":"Moderne Einweg E-Zigarette mit kraftvollem Zug und k\u00fchlem Traubengeschmack \u2013 perfekt f\u00fcr den t\u00e4glichen Genuss.","robots":{"index":"index","follow":"follow","max-snippet":"max-snippet:-1","max-image-preview":"max-image-preview:large","max-video-preview":"max-video-preview:-1"},"canonical":"https:\/\/vapingnet.de\/pl\/vape\/jetzt-grape-ice-testen-elf-shisha-16000-zum-besten-preis-weltweit\/","og_locale":"pl_PL","og_type":"article","og_title":"ELF SHISHA 16000 Einweg E-Zigarette | Grape Ice Geschmack","og_description":"Moderne Einweg E-Zigarette mit kraftvollem Zug und k\u00fchlem Traubengeschmack \u2013 perfekt f\u00fcr den t\u00e4glichen Genuss.","og_url":"https:\/\/vapingnet.de\/pl\/vape\/jetzt-grape-ice-testen-elf-shisha-16000-zum-besten-preis-weltweit\/","og_site_name":"Vapingnet.de","article_publisher":"https:\/\/www.facebook.com\/vapingnetde\/","article_modified_time":"2026-01-21T03:26:15+00:00","og_image":[{"width":1000,"height":1000,"url":"https:\/\/vapingnet.de\/wp-content\/uploads\/2025\/04\/Grape-Ice-2.webp","type":"image\/webp"}],"twitter_card":"summary_large_image","twitter_misc":{"Est. reading time":"3 minutes"},"schema":{"@context":"https:\/\/schema.org","@graph":[{"@type":"WebPage","@id":"https:\/\/vapingnet.de\/vape\/jetzt-grape-ice-testen-elf-shisha-16000-zum-besten-preis-weltweit\/","url":"https:\/\/vapingnet.de\/vape\/jetzt-grape-ice-testen-elf-shisha-16000-zum-besten-preis-weltweit\/","name":"ELF SHISHA 16000 Einweg E-Zigarette | Grape Ice Geschmack","isPartOf":{"@id":"https:\/\/vapingnet.de\/#website"},"primaryImageOfPage":{"@id":"https:\/\/vapingnet.de\/vape\/jetzt-grape-ice-testen-elf-shisha-16000-zum-besten-preis-weltweit\/#primaryimage"},"image":{"@id":"https:\/\/vapingnet.de\/vape\/jetzt-grape-ice-testen-elf-shisha-16000-zum-besten-preis-weltweit\/#primaryimage"},"thumbnailUrl":"https:\/\/vapingnet.de\/wp-content\/uploads\/2025\/04\/Grape-Ice-2.webp","datePublished":"2025-04-21T10:02:55+00:00","dateModified":"2026-01-21T03:26:15+00:00","description":"Moderne Einweg E-Zigarette mit kraftvollem Zug und k\u00fchlem Traubengeschmack \u2013 perfekt f\u00fcr den t\u00e4glichen Genuss.","breadcrumb":{"@id":"https:\/\/vapingnet.de\/vape\/jetzt-grape-ice-testen-elf-shisha-16000-zum-besten-preis-weltweit\/#breadcrumb"},"inLanguage":"pl-PL","potentialAction":[{"@type":"ReadAction","target":["https:\/\/vapingnet.de\/vape\/jetzt-grape-ice-testen-elf-shisha-16000-zum-besten-preis-weltweit\/"]}]},{"@type":"ImageObject","inLanguage":"pl-PL","@id":"https:\/\/vapingnet.de\/vape\/jetzt-grape-ice-testen-elf-shisha-16000-zum-besten-preis-weltweit\/#primaryimage","url":"https:\/\/vapingnet.de\/wp-content\/uploads\/2025\/04\/Grape-Ice-2.webp","contentUrl":"https:\/\/vapingnet.de\/wp-content\/uploads\/2025\/04\/Grape-Ice-2.webp","width":1000,"height":1000},{"@type":"BreadcrumbList","@id":"https:\/\/vapingnet.de\/vape\/jetzt-grape-ice-testen-elf-shisha-16000-zum-besten-preis-weltweit\/#breadcrumb","itemListElement":[{"@type":"ListItem","position":1,"name":"Home","item":"https:\/\/vapingnet.de\/"},{"@type":"ListItem","position":2,"name":"Shop","item":"https:\/\/vapingnet.de\/vape\/"},{"@type":"ListItem","position":3,"name":"Jetzt Grape Ice Testen ELF SHISHA 16000 Zum Besten Preis Weltweit"}]},{"@type":"WebSite","@id":"https:\/\/vapingnet.de\/#website","url":"https:\/\/vapingnet.de\/","name":"Vapingnet.de","description":"","publisher":{"@id":"https:\/\/vapingnet.de\/#organization"},"potentialAction":[{"@type":"SearchAction","target":{"@type":"EntryPoint","urlTemplate":"https:\/\/vapingnet.de\/?s={search_term_string}"},"query-input":{"@type":"PropertyValueSpecification","valueRequired":true,"valueName":"search_term_string"}}],"inLanguage":"pl-PL"},{"@type":"Organization","@id":"https:\/\/vapingnet.de\/#organization","name":"Vapingnet.de","url":"https:\/\/vapingnet.de\/","logo":{"@type":"ImageObject","inLanguage":"pl-PL","@id":"https:\/\/vapingnet.de\/#\/schema\/logo\/image\/","url":"https:\/\/vapingnet.de\/wp-content\/uploads\/2025\/03\/cropped-vapingnet.de_.jpg","contentUrl":"https:\/\/vapingnet.de\/wp-content\/uploads\/2025\/03\/cropped-vapingnet.de_.jpg","width":512,"height":512,"caption":"Vapingnet.de"},"image":{"@id":"https:\/\/vapingnet.de\/#\/schema\/logo\/image\/"},"sameAs":["https:\/\/www.facebook.com\/vapingnetde\/"]}]}},"tiered_pricing_type":"fixed","tiered_pricing_fixed_rules":{"10":"9.41","60":"8.47","110":"7.53","200":"6.59"},"tiered_pricing_product_settings":{"layout":"default","base_unit_name":{"singular":null,"plural":null},"default_variation":null},"tiered_pricing_minimum_quantity":null,"tiered_pricing_roles_data":[],"tiered_pricing_percentage_rules":[],"_links":{"self":[{"href":"https:\/\/vapingnet.de\/pl\/wp-json\/wp\/v2\/product\/6487","targetHints":{"allow":["GET"]}}],"collection":[{"href":"https:\/\/vapingnet.de\/pl\/wp-json\/wp\/v2\/product"}],"about":[{"href":"https:\/\/vapingnet.de\/pl\/wp-json\/wp\/v2\/types\/product"}],"version-history":[{"count":1,"href":"https:\/\/vapingnet.de\/pl\/wp-json\/wp\/v2\/product\/6487\/revisions"}],"predecessor-version":[{"id":6488,"href":"https:\/\/vapingnet.de\/pl\/wp-json\/wp\/v2\/product\/6487\/revisions\/6488"}],"wp:featuredmedia":[{"embeddable":true,"href":"https:\/\/vapingnet.de\/pl\/wp-json\/wp\/v2\/media\/6467"}],"wp:attachment":[{"href":"https:\/\/vapingnet.de\/pl\/wp-json\/wp\/v2\/media?parent=6487"}],"wp:term":[{"taxonomy":"brand","embeddable":true,"href":"https:\/\/vapingnet.de\/pl\/wp-json\/wp\/v2\/etheme_brands?post=6487"},{"taxonomy":"product_brand","embeddable":true,"href":"https:\/\/vapingnet.de\/pl\/wp-json\/wp\/v2\/product_brand?post=6487"},{"taxonomy":"product_cat","embeddable":true,"href":"https:\/\/vapingnet.de\/pl\/wp-json\/wp\/v2\/product_cat?post=6487"},{"taxonomy":"product_tag","embeddable":true,"href":"https:\/\/vapingnet.de\/pl\/wp-json\/wp\/v2\/product_tag?post=6487"}],"curies":[{"name":"wp","href":"https:\/\/api.w.org\/{rel}","templated":true}]}}