{"id":6492,"date":"2025-04-22T01:22:11","date_gmt":"2025-04-22T01:22:11","guid":{"rendered":"https:\/\/vapingnet.de\/?post_type=product&#038;p=6492"},"modified":"2025-06-19T03:42:48","modified_gmt":"2025-06-19T03:42:48","slug":"hochwertige-elf-shisha-16000-mit-strawberry-watermelon-geschmack","status":"publish","type":"product","link":"https:\/\/vapingnet.de\/pl\/vape\/hochwertige-elf-shisha-16000-mit-strawberry-watermelon-geschmack\/","title":{"rendered":"Wysokiej jako\u015bci ELF SHISHA 16000 z smakiem Strawberry Watermelon"},"content":{"rendered":"<h2 class=\"\" data-start=\"102\" data-end=\"145\" data-immersive-translate-paragraph=\"1\" data-immersive-translate-walked=\"412c073b-3686-449b-987c-ebea5e3268f3\">ELF SHISHA 16000 \u2013 Truskawka Arbuz<\/h2>\n<p class=\"\" data-start=\"147\" data-end=\"394\" data-immersive-translate-paragraph=\"1\" data-immersive-translate-walked=\"412c073b-3686-449b-987c-ebea5e3268f3\">Ostateczna przyjemno\u015b\u0107 z parowania dla wszystkich, kt\u00f3rzy szukaj\u0105 intensywnego doznania smakowego. Z ELF SHISHA 16000 otrzymujesz unikaln\u0105 owocow\u0105 rozkosz z 16000 poci\u0105gni\u0119ciami i orze\u017awieniem truskawki i arbuzem.<\/p>\n<h3 class=\"\" data-start=\"401\" data-end=\"432\" data-immersive-translate-paragraph=\"1\" data-immersive-translate-walked=\"412c073b-3686-449b-987c-ebea5e3268f3\">Dlaczego ELF SHISHA 16000?<\/h3>\n<p data-start=\"434\" data-end=\"480\" data-immersive-translate-paragraph=\"1\" data-immersive-translate-walked=\"412c073b-3686-449b-987c-ebea5e3268f3\">1. Maksymalna liczba poci\u0105gni\u0119\u0107 dla d\u0142u\u017cszego korzystania<\/p>\n<p class=\"\" data-start=\"482\" data-end=\"672\" data-immersive-translate-paragraph=\"1\" data-immersive-translate-walked=\"412c073b-3686-449b-987c-ebea5e3268f3\">Ciesz si\u0119 do 16000 poci\u0105gni\u0119\u0107 na urz\u0105dzenie. Nie wymaga ci\u0105g\u0142ego uzupe\u0142niania i wymiany. Idealny wyb\u00f3r dla intensywnych u\u017cytkownik\u00f3w i tych, kt\u00f3rzy preferuj\u0105 d\u0142ugotrwa\u0142e doznania z parowania.<\/p>\n<p data-start=\"674\" data-end=\"727\" data-immersive-translate-paragraph=\"1\" data-immersive-translate-walked=\"412c073b-3686-449b-987c-ebea5e3268f3\">2. \u015awie\u017cy smak: Truskawka Arbuz<\/p>\n<p class=\"\" data-start=\"729\" data-end=\"939\" data-immersive-translate-paragraph=\"1\" data-immersive-translate-walked=\"412c073b-3686-449b-987c-ebea5e3268f3\">Smak \u015bwie\u017cej truskawki po\u0142\u0105czony z ch\u0142odnym arbuzem zapewnia orze\u017awiaj\u0105c\u0105 i s\u0142odk\u0105 kombinacj\u0119 smak\u00f3w, kt\u00f3ra pobudza zmys\u0142y. Idealny dla mi\u0142o\u015bnik\u00f3w owocowych aromat\u00f3w.<\/p>\n<p data-start=\"941\" data-end=\"985\" data-immersive-translate-paragraph=\"1\" data-immersive-translate-walked=\"412c073b-3686-449b-987c-ebea5e3268f3\">3. Innowacyjna technologia Mesh Coil<\/p>\n<p class=\"\" data-start=\"987\" data-end=\"1198\" data-immersive-translate-paragraph=\"1\" data-immersive-translate-walked=\"412c073b-3686-449b-987c-ebea5e3268f3\">Dzi\u0119ki 0,6 Ohm Mesh Coil uzyskujesz r\u00f3wnomierny, g\u0119sty dym, kt\u00f3ry wydobywa pe\u0142ni\u0119 smaku z ka\u017cdego poci\u0105gni\u0119cia. Technologia Mesh zapewnia lepsz\u0105 reprodukcj\u0119 aromat\u00f3w i sta\u0142e doznania.<\/p>\n<p data-start=\"1200\" data-end=\"1235\" data-immersive-translate-paragraph=\"1\" data-immersive-translate-walked=\"412c073b-3686-449b-987c-ebea5e3268f3\">4. Regulowany przep\u0142yw powietrza<\/p>\n<p class=\"\" data-start=\"1237\" data-end=\"1426\" data-immersive-translate-paragraph=\"1\" data-immersive-translate-walked=\"412c073b-3686-449b-987c-ebea5e3268f3\">Dzi\u0119ki kontroli przep\u0142ywu powietrza mo\u017cesz dostosowa\u0107 strumie\u0144 powietrza do swoich preferencji. Wybierz mi\u0119dzy lu\u017aniejszym a bardziej restrykcyjnym poci\u0105gni\u0119ciem \u2013 dla dok\u0142adnie takiego do\u015bwiadczenia z parowania, jakie preferujesz.<\/p>\n<h4 data-start=\"1433\" data-end=\"1455\" data-immersive-translate-paragraph=\"1\" data-immersive-translate-walked=\"412c073b-3686-449b-987c-ebea5e3268f3\">Dane techniczne<\/h4>\n<ul data-start=\"1457\" data-end=\"1788\" data-immersive-translate-walked=\"412c073b-3686-449b-987c-ebea5e3268f3\">\n<li class=\"\" data-start=\"1457\" data-end=\"1485\" data-immersive-translate-walked=\"412c073b-3686-449b-987c-ebea5e3268f3\">\n<p class=\"\" data-start=\"1459\" data-end=\"1485\" data-immersive-translate-walked=\"412c073b-3686-449b-987c-ebea5e3268f3\" data-immersive-translate-paragraph=\"1\">Poci\u0105gni\u0119cia: do 16000<\/p>\n<\/li>\n<li class=\"\" data-start=\"1486\" data-end=\"1520\" data-immersive-translate-walked=\"412c073b-3686-449b-987c-ebea5e3268f3\">\n<p class=\"\" data-start=\"1488\" data-end=\"1520\" data-immersive-translate-walked=\"412c073b-3686-449b-987c-ebea5e3268f3\" data-immersive-translate-paragraph=\"1\">Grza\u0142ka: Mesh Coil, 0,6 Ohm<\/p>\n<\/li>\n<li class=\"\" data-start=\"1521\" data-end=\"1546\" data-immersive-translate-walked=\"412c073b-3686-449b-987c-ebea5e3268f3\">\n<p class=\"\" data-start=\"1523\" data-end=\"1546\" data-immersive-translate-walked=\"412c073b-3686-449b-987c-ebea5e3268f3\" data-immersive-translate-paragraph=\"1\">E-liquid: 28 ml<\/p>\n<\/li>\n<li class=\"\" data-start=\"1547\" data-end=\"1584\" data-immersive-translate-walked=\"412c073b-3686-449b-987c-ebea5e3268f3\">\n<p class=\"\" data-start=\"1549\" data-end=\"1584\" data-immersive-translate-walked=\"412c073b-3686-449b-987c-ebea5e3268f3\" data-immersive-translate-paragraph=\"1\">Opcje nikotynowe: 0%, 2%, 3%, 5%<\/p>\n<\/li>\n<li class=\"\" data-start=\"1585\" data-end=\"1645\" data-immersive-translate-walked=\"412c073b-3686-449b-987c-ebea5e3268f3\">\n<p class=\"\" data-start=\"1587\" data-end=\"1645\" data-immersive-translate-walked=\"412c073b-3686-449b-987c-ebea5e3268f3\" data-immersive-translate-paragraph=\"1\">Bateria: 600 mAh (wielokrotnego \u0142adowania przez Type-C)<\/p>\n<\/li>\n<li class=\"\" data-start=\"1646\" data-end=\"1698\" data-immersive-translate-walked=\"412c073b-3686-449b-987c-ebea5e3268f3\">\n<p class=\"\" data-start=\"1648\" data-end=\"1698\" data-immersive-translate-walked=\"412c073b-3686-449b-987c-ebea5e3268f3\" data-immersive-translate-paragraph=\"1\">Wy\u015bwietlacz: LED-owy wy\u015bwietlacz do monitorowania poziomu na\u0142adowania baterii<\/p>\n<\/li>\n<li class=\"\" data-start=\"1699\" data-end=\"1727\" data-immersive-translate-walked=\"412c073b-3686-449b-987c-ebea5e3268f3\">\n<p class=\"\" data-start=\"1701\" data-end=\"1727\" data-immersive-translate-walked=\"412c073b-3686-449b-987c-ebea5e3268f3\" data-immersive-translate-paragraph=\"1\">Przep\u0142yw powietrza: regulowany<\/p>\n<\/li>\n<li class=\"\" data-start=\"1728\" data-end=\"1751\" data-immersive-translate-walked=\"412c073b-3686-449b-987c-ebea5e3268f3\">\n<p class=\"\" data-start=\"1730\" data-end=\"1751\" data-immersive-translate-walked=\"412c073b-3686-449b-987c-ebea5e3268f3\" data-immersive-translate-paragraph=\"1\">Waga: 85 g<\/p>\n<\/li>\n<li class=\"\" data-start=\"1752\" data-end=\"1788\" data-immersive-translate-walked=\"412c073b-3686-449b-987c-ebea5e3268f3\">\n<p class=\"\" data-start=\"1754\" data-end=\"1788\" data-immersive-translate-walked=\"412c073b-3686-449b-987c-ebea5e3268f3\" data-immersive-translate-paragraph=\"1\">Rodzaj produktu: jednorazowa e-papieros<\/p>\n<\/li>\n<\/ul>\n<h4 data-start=\"1795\" data-end=\"1840\" data-immersive-translate-paragraph=\"1\" data-immersive-translate-walked=\"412c073b-3686-449b-987c-ebea5e3268f3\">Praktyczny i kompaktowy \u2013 idealny na podr\u00f3\u017c<\/h4>\n<p class=\"\" data-start=\"1842\" data-end=\"2085\" data-immersive-translate-paragraph=\"1\" data-immersive-translate-walked=\"412c073b-3686-449b-987c-ebea5e3268f3\">Z wag\u0105 zaledwie 85 g ELF SHISHA 16000 jest bardzo lekki i por\u0119czny. Pasuje do ka\u017cdej torby i jest idealnym towarzyszem w podr\u00f3\u017cy, na wycieczkach czy spotkaniach z przyjaci\u00f3\u0142mi. Dzi\u0119ki kompaktowej budowie jest zawsze pod r\u0119k\u0105.<\/p>\n<h4 data-start=\"2092\" data-end=\"2120\" data-immersive-translate-paragraph=\"1\" data-immersive-translate-walked=\"412c073b-3686-449b-987c-ebea5e3268f3\">Zalety w skr\u00f3cie<\/h4>\n<ul data-start=\"2122\" data-end=\"2494\" data-immersive-translate-walked=\"412c073b-3686-449b-987c-ebea5e3268f3\">\n<li class=\"\" data-start=\"2122\" data-end=\"2170\" data-immersive-translate-walked=\"412c073b-3686-449b-987c-ebea5e3268f3\">\n<p class=\"\" data-start=\"2124\" data-end=\"2170\" data-immersive-translate-walked=\"412c073b-3686-449b-987c-ebea5e3268f3\" data-immersive-translate-paragraph=\"1\">16000 poci\u0105gni\u0119\u0107 dla d\u0142ugotrwa\u0142ej przyjemno\u015bci z parowania<\/p>\n<\/li>\n<li class=\"\" data-start=\"2171\" data-end=\"2227\" data-immersive-translate-walked=\"412c073b-3686-449b-987c-ebea5e3268f3\">\n<p class=\"\" data-start=\"2173\" data-end=\"2227\" data-immersive-translate-walked=\"412c073b-3686-449b-987c-ebea5e3268f3\" data-immersive-translate-paragraph=\"1\">Owocowy smak truskawki i arbuz<\/p>\n<\/li>\n<li class=\"\" data-start=\"2228\" data-end=\"2291\" data-immersive-translate-walked=\"412c073b-3686-449b-987c-ebea5e3268f3\">\n<p class=\"\" data-start=\"2230\" data-end=\"2291\" data-immersive-translate-walked=\"412c073b-3686-449b-987c-ebea5e3268f3\" data-immersive-translate-paragraph=\"1\">Technologia cewki Mesh dla intensywnego, r\u00f3wnomiernego dymu<\/p>\n<\/li>\n<li class=\"\" data-start=\"2292\" data-end=\"2357\" data-immersive-translate-walked=\"412c073b-3686-449b-987c-ebea5e3268f3\">\n<p class=\"\" data-start=\"2294\" data-end=\"2357\" data-immersive-translate-walked=\"412c073b-3686-449b-987c-ebea5e3268f3\" data-immersive-translate-paragraph=\"1\">Regulowany przep\u0142yw powietrza dla indywidualnych dozna\u0144 podczas palenia<\/p>\n<\/li>\n<li class=\"\" data-start=\"2358\" data-end=\"2402\" data-immersive-translate-walked=\"412c073b-3686-449b-987c-ebea5e3268f3\">\n<p class=\"\" data-start=\"2360\" data-end=\"2402\" data-immersive-translate-walked=\"412c073b-3686-449b-987c-ebea5e3268f3\" data-immersive-translate-paragraph=\"1\">Wy\u015bwietlacz LED pokazuj\u0105cy poziom na\u0142adowania baterii<\/p>\n<\/li>\n<li class=\"\" data-start=\"2403\" data-end=\"2440\" data-immersive-translate-walked=\"412c073b-3686-449b-987c-ebea5e3268f3\">\n<p class=\"\" data-start=\"2405\" data-end=\"2440\" data-immersive-translate-walked=\"412c073b-3686-449b-987c-ebea5e3268f3\" data-immersive-translate-paragraph=\"1\">Ponownie \u0142adowalny przez Type-C<\/p>\n<\/li>\n<li class=\"\" data-start=\"2441\" data-end=\"2494\" data-immersive-translate-walked=\"412c073b-3686-449b-987c-ebea5e3268f3\">\n<p class=\"\" data-start=\"2443\" data-end=\"2494\" data-immersive-translate-walked=\"412c073b-3686-449b-987c-ebea5e3268f3\" data-immersive-translate-paragraph=\"1\">Dostarczane bez c\u0142a \u2013 brak ukrytych op\u0142at<\/p>\n<\/li>\n<\/ul>\n<h4 data-start=\"2501\" data-end=\"2526\" data-immersive-translate-paragraph=\"1\" data-immersive-translate-walked=\"412c073b-3686-449b-987c-ebea5e3268f3\">Dostawa i wysy\u0142ka<\/h4>\n<p class=\"\" data-start=\"2528\" data-end=\"2694\" data-immersive-translate-paragraph=\"1\" data-immersive-translate-walked=\"412c073b-3686-449b-987c-ebea5e3268f3\">Zam\u00f3w swojego ELF SHISHA 16000 i ciesz si\u0119 szybk\u0105 dostaw\u0105 w ci\u0105gu 7\u201315 dni roboczych. Brak op\u0142at celnych \u2013 p\u0142acisz tylko cen\u0119, kt\u00f3r\u0105 widzisz.<\/p>\n<p class=\"\" data-start=\"2701\" data-end=\"2855\" data-immersive-translate-paragraph=\"1\" data-immersive-translate-walked=\"412c073b-3686-449b-987c-ebea5e3268f3\">Obecnie dost\u0119pny w vapingnet.de \u2013 zdob\u0105d\u017a swojego ELF SHISHA 16000 i do\u015bwiadcz owocowego dymu na najwy\u017cszym poziomie!<\/p>","protected":false},"excerpt":{"rendered":"<p>Elf Shisha 16000 \u2013 Strawberry Watermelon Ostateczna rozkosz dla tych, kt\u00f3rzy szukaj\u0105 intensywnych dozna\u0144 smakowych. Z Elf Shisha 16000 masz pewno\u015b\u0107 wyj\u0105tkowego...<\/p>","protected":false},"featured_media":6474,"template":"","meta":[],"etheme_brands":[],"product_brand":[100],"product_cat":[91,49,61],"product_tag":[],"class_list":{"0":"post-6492","1":"product","2":"type-product","3":"status-publish","4":"has-post-thumbnail","6":"product_brand-elf-box-vape","7":"product_cat-16k-vape","8":"product_cat-einweg-e-zigarette","9":"product_cat-f","11":"first","12":"instock","13":"shipping-taxable","14":"purchasable","15":"product-type-simple"},"yoast_head":"<!-- This site is optimized with the Yoast SEO plugin v26.5 - https:\/\/yoast.com\/wordpress\/plugins\/seo\/ -->\n<title>Hochwertige ELF SHISHA 16000 Mit Strawberry Watermelon Geschmack | Vapingnet.de<\/title>\n<meta name=\"description\" content=\"Entdecke Hochwertige ELF SHISHA 16000 Mit Strawberry Watermelon Geschmack bei vapingnet.de, \u25ba Gro\u00dfe Auswahl an Geschmacksrichtungen &amp; super g\u00fcnstig!\" \/>\n<meta name=\"robots\" content=\"index, follow, max-snippet:-1, max-image-preview:large, max-video-preview:-1\" \/>\n<link rel=\"canonical\" href=\"https:\/\/vapingnet.de\/pl\/vape\/hochwertige-elf-shisha-16000-mit-strawberry-watermelon-geschmack\/\" \/>\n<meta property=\"og:locale\" content=\"pl_PL\" \/>\n<meta property=\"og:type\" content=\"article\" \/>\n<meta property=\"og:title\" content=\"Hochwertige ELF SHISHA 16000 Mit Strawberry Watermelon Geschmack | Vapingnet.de\" \/>\n<meta property=\"og:description\" content=\"Entdecke Hochwertige ELF SHISHA 16000 Mit Strawberry Watermelon Geschmack bei vapingnet.de, \u25ba Gro\u00dfe Auswahl an Geschmacksrichtungen &amp; super g\u00fcnstig!\" \/>\n<meta property=\"og:url\" content=\"https:\/\/vapingnet.de\/pl\/vape\/hochwertige-elf-shisha-16000-mit-strawberry-watermelon-geschmack\/\" \/>\n<meta property=\"og:site_name\" content=\"Vapingnet.de\" \/>\n<meta property=\"article:publisher\" content=\"https:\/\/www.facebook.com\/vapingnetde\/\" \/>\n<meta property=\"article:modified_time\" content=\"2025-06-19T03:42:48+00:00\" \/>\n<meta property=\"og:image\" content=\"https:\/\/vapingnet.de\/wp-content\/uploads\/2025\/04\/Strawberry-Watermelon-3.webp\" \/>\n\t<meta property=\"og:image:width\" content=\"1000\" \/>\n\t<meta property=\"og:image:height\" content=\"1000\" \/>\n\t<meta property=\"og:image:type\" content=\"image\/webp\" \/>\n<meta name=\"twitter:card\" content=\"summary_large_image\" \/>\n<meta name=\"twitter:label1\" content=\"Est. reading time\" \/>\n\t<meta name=\"twitter:data1\" content=\"3 minutes\" \/>\n<script type=\"application\/ld+json\" class=\"yoast-schema-graph\">{\"@context\":\"https:\/\/schema.org\",\"@graph\":[{\"@type\":\"WebPage\",\"@id\":\"https:\/\/vapingnet.de\/vape\/hochwertige-elf-shisha-16000-mit-strawberry-watermelon-geschmack\/\",\"url\":\"https:\/\/vapingnet.de\/vape\/hochwertige-elf-shisha-16000-mit-strawberry-watermelon-geschmack\/\",\"name\":\"Hochwertige ELF SHISHA 16000 Mit Strawberry Watermelon Geschmack | Vapingnet.de\",\"isPartOf\":{\"@id\":\"https:\/\/vapingnet.de\/#website\"},\"primaryImageOfPage\":{\"@id\":\"https:\/\/vapingnet.de\/vape\/hochwertige-elf-shisha-16000-mit-strawberry-watermelon-geschmack\/#primaryimage\"},\"image\":{\"@id\":\"https:\/\/vapingnet.de\/vape\/hochwertige-elf-shisha-16000-mit-strawberry-watermelon-geschmack\/#primaryimage\"},\"thumbnailUrl\":\"https:\/\/vapingnet.de\/wp-content\/uploads\/2025\/04\/Strawberry-Watermelon-3.webp\",\"datePublished\":\"2025-04-22T01:22:11+00:00\",\"dateModified\":\"2025-06-19T03:42:48+00:00\",\"description\":\"Entdecke Hochwertige ELF SHISHA 16000 Mit Strawberry Watermelon Geschmack bei vapingnet.de, \u25ba Gro\u00dfe Auswahl an Geschmacksrichtungen & super g\u00fcnstig!\",\"breadcrumb\":{\"@id\":\"https:\/\/vapingnet.de\/vape\/hochwertige-elf-shisha-16000-mit-strawberry-watermelon-geschmack\/#breadcrumb\"},\"inLanguage\":\"pl-PL\",\"potentialAction\":[{\"@type\":\"ReadAction\",\"target\":[\"https:\/\/vapingnet.de\/vape\/hochwertige-elf-shisha-16000-mit-strawberry-watermelon-geschmack\/\"]}]},{\"@type\":\"ImageObject\",\"inLanguage\":\"pl-PL\",\"@id\":\"https:\/\/vapingnet.de\/vape\/hochwertige-elf-shisha-16000-mit-strawberry-watermelon-geschmack\/#primaryimage\",\"url\":\"https:\/\/vapingnet.de\/wp-content\/uploads\/2025\/04\/Strawberry-Watermelon-3.webp\",\"contentUrl\":\"https:\/\/vapingnet.de\/wp-content\/uploads\/2025\/04\/Strawberry-Watermelon-3.webp\",\"width\":1000,\"height\":1000},{\"@type\":\"BreadcrumbList\",\"@id\":\"https:\/\/vapingnet.de\/vape\/hochwertige-elf-shisha-16000-mit-strawberry-watermelon-geschmack\/#breadcrumb\",\"itemListElement\":[{\"@type\":\"ListItem\",\"position\":1,\"name\":\"Home\",\"item\":\"https:\/\/vapingnet.de\/\"},{\"@type\":\"ListItem\",\"position\":2,\"name\":\"Shop\",\"item\":\"https:\/\/vapingnet.de\/vape\/\"},{\"@type\":\"ListItem\",\"position\":3,\"name\":\"Hochwertige ELF SHISHA 16000 Mit Strawberry Watermelon Geschmack\"}]},{\"@type\":\"WebSite\",\"@id\":\"https:\/\/vapingnet.de\/#website\",\"url\":\"https:\/\/vapingnet.de\/\",\"name\":\"Vapingnet.de\",\"description\":\"\",\"publisher\":{\"@id\":\"https:\/\/vapingnet.de\/#organization\"},\"potentialAction\":[{\"@type\":\"SearchAction\",\"target\":{\"@type\":\"EntryPoint\",\"urlTemplate\":\"https:\/\/vapingnet.de\/?s={search_term_string}\"},\"query-input\":{\"@type\":\"PropertyValueSpecification\",\"valueRequired\":true,\"valueName\":\"search_term_string\"}}],\"inLanguage\":\"pl-PL\"},{\"@type\":\"Organization\",\"@id\":\"https:\/\/vapingnet.de\/#organization\",\"name\":\"Vapingnet.de\",\"url\":\"https:\/\/vapingnet.de\/\",\"logo\":{\"@type\":\"ImageObject\",\"inLanguage\":\"pl-PL\",\"@id\":\"https:\/\/vapingnet.de\/#\/schema\/logo\/image\/\",\"url\":\"https:\/\/vapingnet.de\/wp-content\/uploads\/2025\/03\/cropped-vapingnet.de_.jpg\",\"contentUrl\":\"https:\/\/vapingnet.de\/wp-content\/uploads\/2025\/03\/cropped-vapingnet.de_.jpg\",\"width\":512,\"height\":512,\"caption\":\"Vapingnet.de\"},\"image\":{\"@id\":\"https:\/\/vapingnet.de\/#\/schema\/logo\/image\/\"},\"sameAs\":[\"https:\/\/www.facebook.com\/vapingnetde\/\"]}]}<\/script>\n<!-- \/ Yoast SEO plugin. -->","yoast_head_json":{"title":"Hochwertige ELF SHISHA 16000 Mit Strawberry Watermelon Geschmack | Vapingnet.de","description":"Entdecke Hochwertige ELF SHISHA 16000 Mit Strawberry Watermelon Geschmack bei vapingnet.de, \u25ba Gro\u00dfe Auswahl an Geschmacksrichtungen & super g\u00fcnstig!","robots":{"index":"index","follow":"follow","max-snippet":"max-snippet:-1","max-image-preview":"max-image-preview:large","max-video-preview":"max-video-preview:-1"},"canonical":"https:\/\/vapingnet.de\/pl\/vape\/hochwertige-elf-shisha-16000-mit-strawberry-watermelon-geschmack\/","og_locale":"pl_PL","og_type":"article","og_title":"Hochwertige ELF SHISHA 16000 Mit Strawberry Watermelon Geschmack | Vapingnet.de","og_description":"Entdecke Hochwertige ELF SHISHA 16000 Mit Strawberry Watermelon Geschmack bei vapingnet.de, \u25ba Gro\u00dfe Auswahl an Geschmacksrichtungen & super g\u00fcnstig!","og_url":"https:\/\/vapingnet.de\/pl\/vape\/hochwertige-elf-shisha-16000-mit-strawberry-watermelon-geschmack\/","og_site_name":"Vapingnet.de","article_publisher":"https:\/\/www.facebook.com\/vapingnetde\/","article_modified_time":"2025-06-19T03:42:48+00:00","og_image":[{"width":1000,"height":1000,"url":"https:\/\/vapingnet.de\/wp-content\/uploads\/2025\/04\/Strawberry-Watermelon-3.webp","type":"image\/webp"}],"twitter_card":"summary_large_image","twitter_misc":{"Est. reading time":"3 minutes"},"schema":{"@context":"https:\/\/schema.org","@graph":[{"@type":"WebPage","@id":"https:\/\/vapingnet.de\/vape\/hochwertige-elf-shisha-16000-mit-strawberry-watermelon-geschmack\/","url":"https:\/\/vapingnet.de\/vape\/hochwertige-elf-shisha-16000-mit-strawberry-watermelon-geschmack\/","name":"Hochwertige ELF SHISHA 16000 Mit Strawberry Watermelon Geschmack | Vapingnet.de","isPartOf":{"@id":"https:\/\/vapingnet.de\/#website"},"primaryImageOfPage":{"@id":"https:\/\/vapingnet.de\/vape\/hochwertige-elf-shisha-16000-mit-strawberry-watermelon-geschmack\/#primaryimage"},"image":{"@id":"https:\/\/vapingnet.de\/vape\/hochwertige-elf-shisha-16000-mit-strawberry-watermelon-geschmack\/#primaryimage"},"thumbnailUrl":"https:\/\/vapingnet.de\/wp-content\/uploads\/2025\/04\/Strawberry-Watermelon-3.webp","datePublished":"2025-04-22T01:22:11+00:00","dateModified":"2025-06-19T03:42:48+00:00","description":"Entdecke Hochwertige ELF SHISHA 16000 Mit Strawberry Watermelon Geschmack bei vapingnet.de, \u25ba Gro\u00dfe Auswahl an Geschmacksrichtungen & super g\u00fcnstig!","breadcrumb":{"@id":"https:\/\/vapingnet.de\/vape\/hochwertige-elf-shisha-16000-mit-strawberry-watermelon-geschmack\/#breadcrumb"},"inLanguage":"pl-PL","potentialAction":[{"@type":"ReadAction","target":["https:\/\/vapingnet.de\/vape\/hochwertige-elf-shisha-16000-mit-strawberry-watermelon-geschmack\/"]}]},{"@type":"ImageObject","inLanguage":"pl-PL","@id":"https:\/\/vapingnet.de\/vape\/hochwertige-elf-shisha-16000-mit-strawberry-watermelon-geschmack\/#primaryimage","url":"https:\/\/vapingnet.de\/wp-content\/uploads\/2025\/04\/Strawberry-Watermelon-3.webp","contentUrl":"https:\/\/vapingnet.de\/wp-content\/uploads\/2025\/04\/Strawberry-Watermelon-3.webp","width":1000,"height":1000},{"@type":"BreadcrumbList","@id":"https:\/\/vapingnet.de\/vape\/hochwertige-elf-shisha-16000-mit-strawberry-watermelon-geschmack\/#breadcrumb","itemListElement":[{"@type":"ListItem","position":1,"name":"Home","item":"https:\/\/vapingnet.de\/"},{"@type":"ListItem","position":2,"name":"Shop","item":"https:\/\/vapingnet.de\/vape\/"},{"@type":"ListItem","position":3,"name":"Hochwertige ELF SHISHA 16000 Mit Strawberry Watermelon Geschmack"}]},{"@type":"WebSite","@id":"https:\/\/vapingnet.de\/#website","url":"https:\/\/vapingnet.de\/","name":"Vapingnet.de","description":"","publisher":{"@id":"https:\/\/vapingnet.de\/#organization"},"potentialAction":[{"@type":"SearchAction","target":{"@type":"EntryPoint","urlTemplate":"https:\/\/vapingnet.de\/?s={search_term_string}"},"query-input":{"@type":"PropertyValueSpecification","valueRequired":true,"valueName":"search_term_string"}}],"inLanguage":"pl-PL"},{"@type":"Organization","@id":"https:\/\/vapingnet.de\/#organization","name":"Vapingnet.de","url":"https:\/\/vapingnet.de\/","logo":{"@type":"ImageObject","inLanguage":"pl-PL","@id":"https:\/\/vapingnet.de\/#\/schema\/logo\/image\/","url":"https:\/\/vapingnet.de\/wp-content\/uploads\/2025\/03\/cropped-vapingnet.de_.jpg","contentUrl":"https:\/\/vapingnet.de\/wp-content\/uploads\/2025\/03\/cropped-vapingnet.de_.jpg","width":512,"height":512,"caption":"Vapingnet.de"},"image":{"@id":"https:\/\/vapingnet.de\/#\/schema\/logo\/image\/"},"sameAs":["https:\/\/www.facebook.com\/vapingnetde\/"]}]}},"tiered_pricing_type":"fixed","tiered_pricing_fixed_rules":{"10":"9.41","60":"8.47","110":"7.53","200":"6.59"},"tiered_pricing_product_settings":{"layout":"default","base_unit_name":{"singular":null,"plural":null},"default_variation":null},"tiered_pricing_minimum_quantity":null,"tiered_pricing_roles_data":[],"tiered_pricing_percentage_rules":[],"_links":{"self":[{"href":"https:\/\/vapingnet.de\/pl\/wp-json\/wp\/v2\/product\/6492","targetHints":{"allow":["GET"]}}],"collection":[{"href":"https:\/\/vapingnet.de\/pl\/wp-json\/wp\/v2\/product"}],"about":[{"href":"https:\/\/vapingnet.de\/pl\/wp-json\/wp\/v2\/types\/product"}],"version-history":[{"count":3,"href":"https:\/\/vapingnet.de\/pl\/wp-json\/wp\/v2\/product\/6492\/revisions"}],"predecessor-version":[{"id":6497,"href":"https:\/\/vapingnet.de\/pl\/wp-json\/wp\/v2\/product\/6492\/revisions\/6497"}],"wp:featuredmedia":[{"embeddable":true,"href":"https:\/\/vapingnet.de\/pl\/wp-json\/wp\/v2\/media\/6474"}],"wp:attachment":[{"href":"https:\/\/vapingnet.de\/pl\/wp-json\/wp\/v2\/media?parent=6492"}],"wp:term":[{"taxonomy":"brand","embeddable":true,"href":"https:\/\/vapingnet.de\/pl\/wp-json\/wp\/v2\/etheme_brands?post=6492"},{"taxonomy":"product_brand","embeddable":true,"href":"https:\/\/vapingnet.de\/pl\/wp-json\/wp\/v2\/product_brand?post=6492"},{"taxonomy":"product_cat","embeddable":true,"href":"https:\/\/vapingnet.de\/pl\/wp-json\/wp\/v2\/product_cat?post=6492"},{"taxonomy":"product_tag","embeddable":true,"href":"https:\/\/vapingnet.de\/pl\/wp-json\/wp\/v2\/product_tag?post=6492"}],"curies":[{"name":"wp","href":"https:\/\/api.w.org\/{rel}","templated":true}]}}