{"id":6495,"date":"2025-04-22T01:31:27","date_gmt":"2025-04-22T01:31:27","guid":{"rendered":"https:\/\/vapingnet.de\/?post_type=product&#038;p=6495"},"modified":"2025-06-19T03:42:47","modified_gmt":"2025-06-19T03:42:47","slug":"elf-shisha-16000-mixed-berries-top-verkaeufer-zum-grosshandelspreis","status":"publish","type":"product","link":"https:\/\/vapingnet.de\/pl\/vape\/elf-shisha-16000-mixed-berries-top-verkaeufer-zum-grosshandelspreis\/","title":{"rendered":"ELF SHISHA 16000 Mixed Berries, najlepiej sprzedaj\u0105cy si\u0119 w cenie hurtowej"},"content":{"rendered":"<h2 data-start=\"0\" data-end=\"72\" data-immersive-translate-walked=\"340af814-2565-48e6-b7cc-20f79306691b\">Do\u015bwiadcz smaku Mieszanych Jag\u00f3d z ELF SHISHA 16000<\/h2>\n<p class=\"\" data-start=\"74\" data-end=\"399\" data-immersive-translate-paragraph=\"1\" data-immersive-translate-walked=\"340af814-2565-48e6-b7cc-20f79306691b\">ELF SHISHA 16000 to idealny wyb\u00f3r dla palaczy, kt\u00f3rzy szukaj\u0105 d\u0142ugotrwa\u0142ego i intensywnego do\u015bwiadczenia. Z 16000 poci\u0105gni\u0119ciami i szerok\u0105 gam\u0105 funkcji, takich jak technologia Mesh Coil oraz mo\u017cliwo\u015b\u0107 regulacji przep\u0142ywu powietrza, ten jednorazowy model e-papierosa zapewnia niezr\u00f3wnane doznania podczas palenia.<\/p>\n<h3 class=\"\" data-start=\"401\" data-end=\"440\" data-immersive-translate-walked=\"340af814-2565-48e6-b7cc-20f79306691b\">Funkcje ELF SHISHA 16000<\/h3>\n<h5 data-start=\"442\" data-end=\"485\" data-immersive-translate-walked=\"340af814-2565-48e6-b7cc-20f79306691b\">Wytrzyma\u0142o\u015b\u0107 ELF SHISHA 16000<\/h5>\n<p class=\"\" data-start=\"486\" data-end=\"700\" data-immersive-translate-walked=\"340af814-2565-48e6-b7cc-20f79306691b\" data-immersive-translate-paragraph=\"1\">Z pojemno\u015bci\u0105 16000 poci\u0105gni\u0119\u0107, ELF SHISHA 16000 oferuje wyj\u0105tkow\u0105 trwa\u0142o\u015b\u0107. To czyni j\u0105 idealnym wyborem dla palaczy, kt\u00f3rzy poszukuj\u0105 niezawodnego i d\u0142ugotrwa\u0142ego produktu.<\/p>\n<h5 data-start=\"702\" data-end=\"748\" data-immersive-translate-walked=\"340af814-2565-48e6-b7cc-20f79306691b\">Orze\u017awiaj\u0105cy smak Mieszanych Jag\u00f3d<\/h5>\n<p class=\"\" data-start=\"749\" data-end=\"1060\" data-immersive-translate-walked=\"340af814-2565-48e6-b7cc-20f79306691b\" data-immersive-translate-paragraph=\"1\">Smak Mieszanych Jag\u00f3d to orze\u017awiaj\u0105ca mieszanka s\u0142odkich i kwa\u015bnych jag\u00f3d. Dostarcza naturaln\u0105 i owocow\u0105 gam\u0119 aromat\u00f3w, kt\u00f3re w ka\u017cdym poci\u0105gni\u0119ciu zamieniaj\u0105 si\u0119 w przyjemno\u015b\u0107. Niezale\u017cnie od tego, czy lubisz owocowe aromaty, czy szukasz czego\u015b nowego, ten smak Ci\u0119 nie zawiedzie.<\/p>\n<h5 data-start=\"1062\" data-end=\"1109\" data-immersive-translate-walked=\"340af814-2565-48e6-b7cc-20f79306691b\">Technologia dla optymalnej jako\u015bci pary<\/h5>\n<p class=\"\" data-start=\"1110\" data-end=\"1384\" data-immersive-translate-walked=\"340af814-2565-48e6-b7cc-20f79306691b\" data-immersive-translate-paragraph=\"1\">ELF SHISHA 16000 korzysta z mesh coil o oporno\u015bci 0,6 Ohma, zapewniaj\u0105cego r\u00f3wnomierne odparowywanie i sta\u0142\u0105 jako\u015b\u0107 pary. Ta technologia gwarantuje, \u017ce ka\u017cde poci\u0105gni\u0119cie jest g\u0142adkie i pe\u0142ne smaku, podnosz\u0105c do\u015bwiadczenie palenia na nowy poziom.<\/p>\n<h5 data-start=\"1386\" data-end=\"1424\" data-immersive-translate-walked=\"340af814-2565-48e6-b7cc-20f79306691b\">Ponowne \u0142adowanie i wygoda<\/h5>\n<p class=\"\" data-start=\"1425\" data-end=\"1703\" data-immersive-translate-walked=\"340af814-2565-48e6-b7cc-20f79306691b\" data-immersive-translate-paragraph=\"1\">Z akumulatorem o pojemno\u015bci 600 mAh, \u0142adowanym przez port Type-C, ELF SHISHA 16000 zapewnia dodatkow\u0105 wygod\u0119. Nie musisz martwi\u0107 si\u0119 o poziom na\u0142adowania \u2013 wska\u017anik LED na bie\u017c\u0105co informuje o stanie na\u0142adowania.<\/p>\n<h5 data-start=\"1705\" data-end=\"1735\" data-immersive-translate-walked=\"340af814-2565-48e6-b7cc-20f79306691b\">Regulowany przep\u0142yw powietrza<\/h5>\n<p class=\"\" data-start=\"1736\" data-end=\"1991\" data-immersive-translate-walked=\"340af814-2565-48e6-b7cc-20f79306691b\" data-immersive-translate-paragraph=\"1\">ELF SHISHA 16000 wyposa\u017cona jest w regulowany przep\u0142yw powietrza, dzi\u0119ki czemu mo\u017cesz dostosowa\u0107 dop\u0142yw powietrza do w\u0142asnych preferencji. Pozwala to na indywidualne dopasowanie do\u015bwiadczenia palenia \u2013 czy to delikatne zaci\u0105gni\u0119cia, czy mocniejsza para.<\/p>\n<h3 class=\"\" data-start=\"2691\" data-end=\"2724\" data-immersive-translate-walked=\"340af814-2565-48e6-b7cc-20f79306691b\">Zalety przy zam\u00f3wieniach w Vapingnet.de<\/h3>\n<p class=\"\" data-start=\"2726\" data-end=\"2828\" data-immersive-translate-walked=\"340af814-2565-48e6-b7cc-20f79306691b\" data-immersive-translate-paragraph=\"1\">Kupuj\u0105c ELF SHISHA 16000 w vapingnet.de, korzystasz z kilku korzy\u015bci:<\/p>\n<ul data-start=\"2830\" data-end=\"3190\" data-immersive-translate-walked=\"340af814-2565-48e6-b7cc-20f79306691b\">\n<li class=\"\" data-start=\"2830\" data-end=\"2938\" data-immersive-translate-walked=\"340af814-2565-48e6-b7cc-20f79306691b\">\n<p class=\"\" data-start=\"2832\" data-end=\"2938\" data-immersive-translate-walked=\"340af814-2565-48e6-b7cc-20f79306691b\" data-immersive-translate-paragraph=\"1\">Bez c\u0142a: Brak dodatkowych op\u0142at celnych, co pozwala skupi\u0107 si\u0119 wy\u0142\u0105cznie na zakupie.<\/p>\n<\/li>\n<li class=\"\" data-start=\"2939\" data-end=\"3083\" data-immersive-translate-walked=\"340af814-2565-48e6-b7cc-20f79306691b\">\n<p class=\"\" data-start=\"2941\" data-end=\"3083\" data-immersive-translate-walked=\"340af814-2565-48e6-b7cc-20f79306691b\" data-immersive-translate-paragraph=\"1\">Szybka dostawa: Twoje zam\u00f3wienie zostanie dostarczone w ci\u0105gu 7-15 dni roboczych, aby\u015b m\u00f3g\u0142 szybko zacz\u0105\u0107 korzysta\u0107 z palenia.<\/p>\n<\/li>\n<li class=\"\" data-start=\"3084\" data-end=\"3190\" data-immersive-translate-walked=\"340af814-2565-48e6-b7cc-20f79306691b\">\n<p class=\"\" data-start=\"3086\" data-end=\"3190\" data-immersive-translate-walked=\"340af814-2565-48e6-b7cc-20f79306691b\" data-immersive-translate-paragraph=\"1\">Wysoka jako\u015b\u0107: ELF SHISHA 16000 jest znana z doskona\u0142ej jako\u015bci i trwa\u0142o\u015bci.<\/p>\n<\/li>\n<\/ul>\n<p class=\"\" data-start=\"3496\" data-end=\"3751\" data-immersive-translate-walked=\"340af814-2565-48e6-b7cc-20f79306691b\" data-immersive-translate-paragraph=\"1\">Podsumowanie: ELF SHISHA 16000 o owocowym smaku Mieszanych Jag\u00f3d to doskona\u0142y wyb\u00f3r dla palaczy, kt\u00f3rzy szukaj\u0105 zar\u00f3wno smaku, jak i d\u0142ugiej trwa\u0142o\u015bci. Zam\u00f3w j\u0105 ju\u017c dzi\u015b w vapingnet.de i ciesz si\u0119 najlepszym do\u015bwiadczeniem palenia.<\/p>","protected":false},"excerpt":{"rendered":"<p>Erleben Sie den Geschmack von Mixed Berries mit der ELF SHISHA 16000 Die ELF SHISHA 16000 ist die ideale Wahl f\u00fcr Dampfer, die ein langanhaltendes&#8230;<\/p>","protected":false},"featured_media":6470,"template":"","meta":[],"etheme_brands":[],"product_brand":[100],"product_cat":[91,49,61],"product_tag":[],"class_list":{"0":"post-6495","1":"product","2":"type-product","3":"status-publish","4":"has-post-thumbnail","6":"product_brand-elf-box-vape","7":"product_cat-16k-vape","8":"product_cat-einweg-e-zigarette","9":"product_cat-f","11":"first","12":"instock","13":"shipping-taxable","14":"purchasable","15":"product-type-simple"},"yoast_head":"<!-- This site is optimized with the Yoast SEO plugin v26.5 - https:\/\/yoast.com\/wordpress\/plugins\/seo\/ -->\n<title>ELF SHISHA 16000 Mixed Berries Top Verk\u00e4ufer Zum Gro\u00dfhandelspreis | Vapingnet.de<\/title>\n<meta name=\"description\" content=\"Entdecke ELF SHISHA 16000 Mixed Berries Top Verk\u00e4ufer Zum Gro\u00dfhandelspreis bei vapingnet.de, \u25ba Gro\u00dfe Auswahl an Geschmacksrichtungen &amp; super g\u00fcnstig!\" \/>\n<meta name=\"robots\" content=\"index, follow, max-snippet:-1, max-image-preview:large, max-video-preview:-1\" \/>\n<link rel=\"canonical\" href=\"https:\/\/vapingnet.de\/pl\/vape\/elf-shisha-16000-mixed-berries-top-verkaeufer-zum-grosshandelspreis\/\" \/>\n<meta property=\"og:locale\" content=\"pl_PL\" \/>\n<meta property=\"og:type\" content=\"article\" \/>\n<meta property=\"og:title\" content=\"ELF SHISHA 16000 Mixed Berries Top Verk\u00e4ufer Zum Gro\u00dfhandelspreis | Vapingnet.de\" \/>\n<meta property=\"og:description\" content=\"Entdecke ELF SHISHA 16000 Mixed Berries Top Verk\u00e4ufer Zum Gro\u00dfhandelspreis bei vapingnet.de, \u25ba Gro\u00dfe Auswahl an Geschmacksrichtungen &amp; super g\u00fcnstig!\" \/>\n<meta property=\"og:url\" content=\"https:\/\/vapingnet.de\/pl\/vape\/elf-shisha-16000-mixed-berries-top-verkaeufer-zum-grosshandelspreis\/\" \/>\n<meta property=\"og:site_name\" content=\"Vapingnet.de\" \/>\n<meta property=\"article:publisher\" content=\"https:\/\/www.facebook.com\/vapingnetde\/\" \/>\n<meta property=\"article:modified_time\" content=\"2025-06-19T03:42:47+00:00\" \/>\n<meta property=\"og:image\" content=\"https:\/\/vapingnet.de\/wp-content\/uploads\/2025\/04\/Mixed-Berries.webp\" \/>\n\t<meta property=\"og:image:width\" content=\"1000\" \/>\n\t<meta property=\"og:image:height\" content=\"1000\" \/>\n\t<meta property=\"og:image:type\" content=\"image\/webp\" \/>\n<meta name=\"twitter:card\" content=\"summary_large_image\" \/>\n<meta name=\"twitter:label1\" content=\"Est. reading time\" \/>\n\t<meta name=\"twitter:data1\" content=\"3 minutes\" \/>\n<script type=\"application\/ld+json\" class=\"yoast-schema-graph\">{\"@context\":\"https:\/\/schema.org\",\"@graph\":[{\"@type\":\"WebPage\",\"@id\":\"https:\/\/vapingnet.de\/vape\/elf-shisha-16000-mixed-berries-top-verkaeufer-zum-grosshandelspreis\/\",\"url\":\"https:\/\/vapingnet.de\/vape\/elf-shisha-16000-mixed-berries-top-verkaeufer-zum-grosshandelspreis\/\",\"name\":\"ELF SHISHA 16000 Mixed Berries Top Verk\u00e4ufer Zum Gro\u00dfhandelspreis | Vapingnet.de\",\"isPartOf\":{\"@id\":\"https:\/\/vapingnet.de\/#website\"},\"primaryImageOfPage\":{\"@id\":\"https:\/\/vapingnet.de\/vape\/elf-shisha-16000-mixed-berries-top-verkaeufer-zum-grosshandelspreis\/#primaryimage\"},\"image\":{\"@id\":\"https:\/\/vapingnet.de\/vape\/elf-shisha-16000-mixed-berries-top-verkaeufer-zum-grosshandelspreis\/#primaryimage\"},\"thumbnailUrl\":\"https:\/\/vapingnet.de\/wp-content\/uploads\/2025\/04\/Mixed-Berries.webp\",\"datePublished\":\"2025-04-22T01:31:27+00:00\",\"dateModified\":\"2025-06-19T03:42:47+00:00\",\"description\":\"Entdecke ELF SHISHA 16000 Mixed Berries Top Verk\u00e4ufer Zum Gro\u00dfhandelspreis bei vapingnet.de, \u25ba Gro\u00dfe Auswahl an Geschmacksrichtungen & super g\u00fcnstig!\",\"breadcrumb\":{\"@id\":\"https:\/\/vapingnet.de\/vape\/elf-shisha-16000-mixed-berries-top-verkaeufer-zum-grosshandelspreis\/#breadcrumb\"},\"inLanguage\":\"pl-PL\",\"potentialAction\":[{\"@type\":\"ReadAction\",\"target\":[\"https:\/\/vapingnet.de\/vape\/elf-shisha-16000-mixed-berries-top-verkaeufer-zum-grosshandelspreis\/\"]}]},{\"@type\":\"ImageObject\",\"inLanguage\":\"pl-PL\",\"@id\":\"https:\/\/vapingnet.de\/vape\/elf-shisha-16000-mixed-berries-top-verkaeufer-zum-grosshandelspreis\/#primaryimage\",\"url\":\"https:\/\/vapingnet.de\/wp-content\/uploads\/2025\/04\/Mixed-Berries.webp\",\"contentUrl\":\"https:\/\/vapingnet.de\/wp-content\/uploads\/2025\/04\/Mixed-Berries.webp\",\"width\":1000,\"height\":1000},{\"@type\":\"BreadcrumbList\",\"@id\":\"https:\/\/vapingnet.de\/vape\/elf-shisha-16000-mixed-berries-top-verkaeufer-zum-grosshandelspreis\/#breadcrumb\",\"itemListElement\":[{\"@type\":\"ListItem\",\"position\":1,\"name\":\"Home\",\"item\":\"https:\/\/vapingnet.de\/\"},{\"@type\":\"ListItem\",\"position\":2,\"name\":\"Shop\",\"item\":\"https:\/\/vapingnet.de\/vape\/\"},{\"@type\":\"ListItem\",\"position\":3,\"name\":\"ELF SHISHA 16000 Mixed Berries Top Verk\u00e4ufer Zum Gro\u00dfhandelspreis\"}]},{\"@type\":\"WebSite\",\"@id\":\"https:\/\/vapingnet.de\/#website\",\"url\":\"https:\/\/vapingnet.de\/\",\"name\":\"Vapingnet.de\",\"description\":\"\",\"publisher\":{\"@id\":\"https:\/\/vapingnet.de\/#organization\"},\"potentialAction\":[{\"@type\":\"SearchAction\",\"target\":{\"@type\":\"EntryPoint\",\"urlTemplate\":\"https:\/\/vapingnet.de\/?s={search_term_string}\"},\"query-input\":{\"@type\":\"PropertyValueSpecification\",\"valueRequired\":true,\"valueName\":\"search_term_string\"}}],\"inLanguage\":\"pl-PL\"},{\"@type\":\"Organization\",\"@id\":\"https:\/\/vapingnet.de\/#organization\",\"name\":\"Vapingnet.de\",\"url\":\"https:\/\/vapingnet.de\/\",\"logo\":{\"@type\":\"ImageObject\",\"inLanguage\":\"pl-PL\",\"@id\":\"https:\/\/vapingnet.de\/#\/schema\/logo\/image\/\",\"url\":\"https:\/\/vapingnet.de\/wp-content\/uploads\/2025\/03\/cropped-vapingnet.de_.jpg\",\"contentUrl\":\"https:\/\/vapingnet.de\/wp-content\/uploads\/2025\/03\/cropped-vapingnet.de_.jpg\",\"width\":512,\"height\":512,\"caption\":\"Vapingnet.de\"},\"image\":{\"@id\":\"https:\/\/vapingnet.de\/#\/schema\/logo\/image\/\"},\"sameAs\":[\"https:\/\/www.facebook.com\/vapingnetde\/\"]}]}<\/script>\n<!-- \/ Yoast SEO plugin. -->","yoast_head_json":{"title":"ELF SHISHA 16000 Mixed Berries Top Verk\u00e4ufer Zum Gro\u00dfhandelspreis | Vapingnet.de","description":"Entdecke ELF SHISHA 16000 Mixed Berries Top Verk\u00e4ufer Zum Gro\u00dfhandelspreis bei vapingnet.de, \u25ba Gro\u00dfe Auswahl an Geschmacksrichtungen & super g\u00fcnstig!","robots":{"index":"index","follow":"follow","max-snippet":"max-snippet:-1","max-image-preview":"max-image-preview:large","max-video-preview":"max-video-preview:-1"},"canonical":"https:\/\/vapingnet.de\/pl\/vape\/elf-shisha-16000-mixed-berries-top-verkaeufer-zum-grosshandelspreis\/","og_locale":"pl_PL","og_type":"article","og_title":"ELF SHISHA 16000 Mixed Berries Top Verk\u00e4ufer Zum Gro\u00dfhandelspreis | Vapingnet.de","og_description":"Entdecke ELF SHISHA 16000 Mixed Berries Top Verk\u00e4ufer Zum Gro\u00dfhandelspreis bei vapingnet.de, \u25ba Gro\u00dfe Auswahl an Geschmacksrichtungen & super g\u00fcnstig!","og_url":"https:\/\/vapingnet.de\/pl\/vape\/elf-shisha-16000-mixed-berries-top-verkaeufer-zum-grosshandelspreis\/","og_site_name":"Vapingnet.de","article_publisher":"https:\/\/www.facebook.com\/vapingnetde\/","article_modified_time":"2025-06-19T03:42:47+00:00","og_image":[{"width":1000,"height":1000,"url":"https:\/\/vapingnet.de\/wp-content\/uploads\/2025\/04\/Mixed-Berries.webp","type":"image\/webp"}],"twitter_card":"summary_large_image","twitter_misc":{"Est. reading time":"3 minutes"},"schema":{"@context":"https:\/\/schema.org","@graph":[{"@type":"WebPage","@id":"https:\/\/vapingnet.de\/vape\/elf-shisha-16000-mixed-berries-top-verkaeufer-zum-grosshandelspreis\/","url":"https:\/\/vapingnet.de\/vape\/elf-shisha-16000-mixed-berries-top-verkaeufer-zum-grosshandelspreis\/","name":"ELF SHISHA 16000 Mixed Berries Top Verk\u00e4ufer Zum Gro\u00dfhandelspreis | Vapingnet.de","isPartOf":{"@id":"https:\/\/vapingnet.de\/#website"},"primaryImageOfPage":{"@id":"https:\/\/vapingnet.de\/vape\/elf-shisha-16000-mixed-berries-top-verkaeufer-zum-grosshandelspreis\/#primaryimage"},"image":{"@id":"https:\/\/vapingnet.de\/vape\/elf-shisha-16000-mixed-berries-top-verkaeufer-zum-grosshandelspreis\/#primaryimage"},"thumbnailUrl":"https:\/\/vapingnet.de\/wp-content\/uploads\/2025\/04\/Mixed-Berries.webp","datePublished":"2025-04-22T01:31:27+00:00","dateModified":"2025-06-19T03:42:47+00:00","description":"Entdecke ELF SHISHA 16000 Mixed Berries Top Verk\u00e4ufer Zum Gro\u00dfhandelspreis bei vapingnet.de, \u25ba Gro\u00dfe Auswahl an Geschmacksrichtungen & super g\u00fcnstig!","breadcrumb":{"@id":"https:\/\/vapingnet.de\/vape\/elf-shisha-16000-mixed-berries-top-verkaeufer-zum-grosshandelspreis\/#breadcrumb"},"inLanguage":"pl-PL","potentialAction":[{"@type":"ReadAction","target":["https:\/\/vapingnet.de\/vape\/elf-shisha-16000-mixed-berries-top-verkaeufer-zum-grosshandelspreis\/"]}]},{"@type":"ImageObject","inLanguage":"pl-PL","@id":"https:\/\/vapingnet.de\/vape\/elf-shisha-16000-mixed-berries-top-verkaeufer-zum-grosshandelspreis\/#primaryimage","url":"https:\/\/vapingnet.de\/wp-content\/uploads\/2025\/04\/Mixed-Berries.webp","contentUrl":"https:\/\/vapingnet.de\/wp-content\/uploads\/2025\/04\/Mixed-Berries.webp","width":1000,"height":1000},{"@type":"BreadcrumbList","@id":"https:\/\/vapingnet.de\/vape\/elf-shisha-16000-mixed-berries-top-verkaeufer-zum-grosshandelspreis\/#breadcrumb","itemListElement":[{"@type":"ListItem","position":1,"name":"Home","item":"https:\/\/vapingnet.de\/"},{"@type":"ListItem","position":2,"name":"Shop","item":"https:\/\/vapingnet.de\/vape\/"},{"@type":"ListItem","position":3,"name":"ELF SHISHA 16000 Mixed Berries Top Verk\u00e4ufer Zum Gro\u00dfhandelspreis"}]},{"@type":"WebSite","@id":"https:\/\/vapingnet.de\/#website","url":"https:\/\/vapingnet.de\/","name":"Vapingnet.de","description":"","publisher":{"@id":"https:\/\/vapingnet.de\/#organization"},"potentialAction":[{"@type":"SearchAction","target":{"@type":"EntryPoint","urlTemplate":"https:\/\/vapingnet.de\/?s={search_term_string}"},"query-input":{"@type":"PropertyValueSpecification","valueRequired":true,"valueName":"search_term_string"}}],"inLanguage":"pl-PL"},{"@type":"Organization","@id":"https:\/\/vapingnet.de\/#organization","name":"Vapingnet.de","url":"https:\/\/vapingnet.de\/","logo":{"@type":"ImageObject","inLanguage":"pl-PL","@id":"https:\/\/vapingnet.de\/#\/schema\/logo\/image\/","url":"https:\/\/vapingnet.de\/wp-content\/uploads\/2025\/03\/cropped-vapingnet.de_.jpg","contentUrl":"https:\/\/vapingnet.de\/wp-content\/uploads\/2025\/03\/cropped-vapingnet.de_.jpg","width":512,"height":512,"caption":"Vapingnet.de"},"image":{"@id":"https:\/\/vapingnet.de\/#\/schema\/logo\/image\/"},"sameAs":["https:\/\/www.facebook.com\/vapingnetde\/"]}]}},"tiered_pricing_type":"fixed","tiered_pricing_fixed_rules":{"10":"9.41","60":"8.47","110":"7.53","200":"6.59"},"tiered_pricing_product_settings":{"layout":"default","base_unit_name":{"singular":null,"plural":null},"default_variation":null},"tiered_pricing_minimum_quantity":null,"tiered_pricing_roles_data":[],"tiered_pricing_percentage_rules":[],"_links":{"self":[{"href":"https:\/\/vapingnet.de\/pl\/wp-json\/wp\/v2\/product\/6495","targetHints":{"allow":["GET"]}}],"collection":[{"href":"https:\/\/vapingnet.de\/pl\/wp-json\/wp\/v2\/product"}],"about":[{"href":"https:\/\/vapingnet.de\/pl\/wp-json\/wp\/v2\/types\/product"}],"version-history":[{"count":1,"href":"https:\/\/vapingnet.de\/pl\/wp-json\/wp\/v2\/product\/6495\/revisions"}],"predecessor-version":[{"id":6499,"href":"https:\/\/vapingnet.de\/pl\/wp-json\/wp\/v2\/product\/6495\/revisions\/6499"}],"wp:featuredmedia":[{"embeddable":true,"href":"https:\/\/vapingnet.de\/pl\/wp-json\/wp\/v2\/media\/6470"}],"wp:attachment":[{"href":"https:\/\/vapingnet.de\/pl\/wp-json\/wp\/v2\/media?parent=6495"}],"wp:term":[{"taxonomy":"brand","embeddable":true,"href":"https:\/\/vapingnet.de\/pl\/wp-json\/wp\/v2\/etheme_brands?post=6495"},{"taxonomy":"product_brand","embeddable":true,"href":"https:\/\/vapingnet.de\/pl\/wp-json\/wp\/v2\/product_brand?post=6495"},{"taxonomy":"product_cat","embeddable":true,"href":"https:\/\/vapingnet.de\/pl\/wp-json\/wp\/v2\/product_cat?post=6495"},{"taxonomy":"product_tag","embeddable":true,"href":"https:\/\/vapingnet.de\/pl\/wp-json\/wp\/v2\/product_tag?post=6495"}],"curies":[{"name":"wp","href":"https:\/\/api.w.org\/{rel}","templated":true}]}}