{"id":6546,"date":"2025-04-27T07:17:51","date_gmt":"2025-04-27T07:17:51","guid":{"rendered":"https:\/\/vapingnet.de\/?post_type=product&#038;p=6546"},"modified":"2025-06-19T03:39:26","modified_gmt":"2025-06-19T03:39:26","slug":"bang-tick-tock-20000-puffs-strawberry-kiwi-fuer-unvergesslichen-geschmack","status":"publish","type":"product","link":"https:\/\/vapingnet.de\/pl\/vape\/bang-tick-tock-20000-puffs-strawberry-kiwi-fuer-unvergesslichen-geschmack\/","title":{"rendered":"Bang Tick Tock 20000 Puffs Strawberry Kiwi dla niezapomnianego smaku"},"content":{"rendered":"<h2 data-start=\"145\" data-end=\"211\" data-immersive-translate-walked=\"b44ca453-57a5-400d-9a63-4bed563243b6\">Bang Tick Tock 20000 Puffs \u2013 Innowacja dla Twojego do\u015bwiadczenia z wapowaniem<\/h2>\n<h4 data-start=\"213\" data-end=\"675\" data-immersive-translate-walked=\"b44ca453-57a5-400d-9a63-4bed563243b6\" data-immersive-translate-paragraph=\"1\">Dwa tryby wapowania dla elastycznych dozna\u0144<\/h4>\n<p class=\"\" data-start=\"213\" data-end=\"675\" data-immersive-translate-walked=\"b44ca453-57a5-400d-9a63-4bed563243b6\" data-immersive-translate-paragraph=\"1\">Bang Tick Tock 20000 Puffs wyr\u00f3\u017cnia si\u0119 na tle tradycyjnych jednorazowych urz\u0105dze\u0144 swoj\u0105 unikaln\u0105 technologi\u0105. W trybie Dynamic podczas ka\u017cdego zaci\u0105gni\u0119cia obracaj\u0105 si\u0119 widoczne ko\u0142a z\u0119bate, co czyni wapowanie interaktywnym do\u015bwiadczeniem. Osoby preferuj\u0105ce spokojniejsz\u0105 atmosfer\u0119 mog\u0105 b\u0142yskawicznie prze\u0142\u0105czy\u0107 si\u0119 na tryb Silent: trzy szybkie zaci\u0105gni\u0119cia w ci\u0105gu dw\u00f3ch sekund wystarcz\u0105, aby zatrzyma\u0107 mechaniczny ruch.<\/p>\n<p class=\"\" data-start=\"677\" data-end=\"955\" data-immersive-translate-walked=\"b44ca453-57a5-400d-9a63-4bed563243b6\" data-immersive-translate-paragraph=\"1\">Ta elastyczno\u015b\u0107 pozwala dostosowa\u0107 wapowanie do sytuacji. Niezale\u017cnie od tego, czy jest to efektowna i dynamiczna, czy dyskretna i cicha \u2013 Bang Tick Tock oferuje odpowiedni\u0105 opcj\u0119 na ka\u017cd\u0105 okazj\u0119. Dzi\u0119ki temu jest idealny zar\u00f3wno na towarzyskie spotkania, jak i na dyskretne chwile.<\/p>\n<h4 data-start=\"957\" data-end=\"1282\" data-immersive-translate-walked=\"b44ca453-57a5-400d-9a63-4bed563243b6\" data-immersive-translate-paragraph=\"1\">Maksymalna wytrzyma\u0142o\u015b\u0107 dzi\u0119ki du\u017cej pojemno\u015bci e-liquidu<\/h4>\n<p class=\"\" data-start=\"957\" data-end=\"1282\" data-immersive-translate-walked=\"b44ca453-57a5-400d-9a63-4bed563243b6\" data-immersive-translate-paragraph=\"1\">Z imponuj\u0105c\u0105 pojemno\u015bci\u0105 zbiornika 25 ml, Bang Tick Tock nale\u017cy do najbardziej wytrzyma\u0142ych jednorazowych e-papieros\u00f3w na rynku. D\u0142ugie sesje bez konieczno\u015bci uzupe\u0142niania czy wymiany s\u0105 bezproblemowe, co jest idealne dla u\u017cytkownik\u00f3w ceni\u0105cych niezale\u017cno\u015b\u0107 i wygod\u0119.<\/p>\n<p class=\"\" data-start=\"1284\" data-end=\"1559\" data-immersive-translate-walked=\"b44ca453-57a5-400d-9a63-4bed563243b6\" data-immersive-translate-paragraph=\"1\">Dodatkowo dost\u0119pne s\u0105 r\u00f3\u017cne st\u0119\u017cenia nikotyny: 0\u202f%, 2\u202f%, 3\u202f% i 5\u202f%. Urz\u0105dzenie pokrywa pe\u0142en zakres \u2013 od ca\u0142kowicie beznikotynowych wariant\u00f3w po intensywn\u0105 przyjemno\u015b\u0107. Ka\u017cdy wapowicz znajdzie tu idealn\u0105 r\u00f3wnowag\u0119 mi\u0119dzy smakiem a dzia\u0142aniem.<\/p>\n<h4 data-start=\"1561\" data-end=\"1858\" data-immersive-translate-walked=\"b44ca453-57a5-400d-9a63-4bed563243b6\" data-immersive-translate-paragraph=\"1\">Zaawansowana technologia w kompaktowej formie<\/h4>\n<p class=\"\" data-start=\"1561\" data-end=\"1858\" data-immersive-translate-walked=\"b44ca453-57a5-400d-9a63-4bed563243b6\" data-immersive-translate-paragraph=\"1\">Nap\u0119dzany trwa\u0142ym akumulatorem 500 mAh, Bang Tick Tock wyr\u00f3\u017cnia si\u0119 tak\u017ce pod wzgl\u0119dem wytrzyma\u0142o\u015bci. Pomimo du\u017cej liczby puf\u00f3w, urz\u0105dzenie pozostaje niezwykle lekkie i kompaktowe. Wa\u017cy zaledwie 91 g, co zapewnia wygod\u0119 w trzymaniu i mie\u015bci si\u0119 w ka\u017cdej torbie.<\/p>\n<p class=\"\" data-start=\"1860\" data-end=\"2054\" data-immersive-translate-walked=\"b44ca453-57a5-400d-9a63-4bed563243b6\" data-immersive-translate-paragraph=\"1\">Nowoczesny \u0142adowarka typu C umo\u017cliwia szybkie i proste \u0142adowanie. Ta kombinacja wydajno\u015bci i mobilno\u015bci czyni Bang Tick Tock idealnym towarzyszem w podr\u00f3\u017cy i na co dzie\u0144.<\/p>\n<h4 data-start=\"2056\" data-end=\"2367\" data-immersive-translate-walked=\"b44ca453-57a5-400d-9a63-4bed563243b6\" data-immersive-translate-paragraph=\"1\">Mesh Coil dla intensywnego smaku i delikatnych zaci\u0105gni\u0119\u0107<\/h4>\n<p class=\"\" data-start=\"2056\" data-end=\"2367\" data-immersive-translate-walked=\"b44ca453-57a5-400d-9a63-4bed563243b6\" data-immersive-translate-paragraph=\"1\">Zastosowany mesh coil o oporno\u015bci 1,0 Ohma zapewnia r\u00f3wnomierne rozprowadzanie ciep\u0142a i maksymalizuje aromat e-liquidu. Ka\u017cde zaci\u0105gni\u0119cie jest dzi\u0119ki temu wyj\u0105tkowo delikatne i pe\u0142ne smaku, co czyni go idealnym dla mi\u0142o\u015bnik\u00f3w MTL, kt\u00f3rzy ceni\u0105 autentyczne doznania smakowe.<\/p>\n<p class=\"\" data-start=\"2369\" data-end=\"2607\" data-immersive-translate-walked=\"b44ca453-57a5-400d-9a63-4bed563243b6\" data-immersive-translate-paragraph=\"1\">Dzi\u0119ki aktywacji zaci\u0105gni\u0119ciem wapowanie jest jeszcze prostsze: brak przycisku, brak ustawie\u0144, wystarczy zaci\u0105gn\u0105\u0107 si\u0119 i cieszy\u0107 si\u0119 smakiem. Ta intuicyjna obs\u0142uga sprawia, \u017ce urz\u0105dzenie jest atrakcyjne zar\u00f3wno dla pocz\u0105tkuj\u0105cych, jak i do\u015bwiadczonych wapowicz\u00f3w.<\/p>\n<h4 data-start=\"2609\" data-end=\"2863\" data-immersive-translate-walked=\"b44ca453-57a5-400d-9a63-4bed563243b6\" data-immersive-translate-paragraph=\"1\">Do\u015bwiadczenie smakowe z Strawberry Kiwi<\/h4>\n<p class=\"\" data-start=\"2609\" data-end=\"2863\" data-immersive-translate-walked=\"b44ca453-57a5-400d-9a63-4bed563243b6\" data-immersive-translate-paragraph=\"1\">Smak Strawberry Kiwi to harmonijne po\u0142\u0105czenie s\u0142odkiej truskawki i orze\u017awiaj\u0105cej kiwi. Smak jest perfekcyjnie wywa\u017cony i zapewnia za ka\u017cdym razem owocowe i \u017cywe doznania.<\/p>\n<p class=\"\" data-start=\"2865\" data-end=\"3096\" data-immersive-translate-walked=\"b44ca453-57a5-400d-9a63-4bed563243b6\" data-immersive-translate-paragraph=\"1\">Zw\u0142aszcza w po\u0142\u0105czeniu z mesh coil, pe\u0142ny aromat wydobywa si\u0119 szczeg\u00f3lnie intensywnie. Strawberry Kiwi staje si\u0119 wi\u0119c idealnym codziennym towarzyszem dla tych, kt\u00f3rzy kochaj\u0105 owocowe nuty i nie chc\u0105 i\u015b\u0107 na kompromisy podczas wapowania.<\/p>\n<h3 data-start=\"3098\" data-end=\"3419\" data-immersive-translate-walked=\"b44ca453-57a5-400d-9a63-4bed563243b6\" data-immersive-translate-paragraph=\"1\">Bezpodatkowa i szybka dostawa przez vapingnet.de<\/h3>\n<p class=\"\" data-start=\"3098\" data-end=\"3419\" data-immersive-translate-walked=\"b44ca453-57a5-400d-9a63-4bed563243b6\" data-immersive-translate-paragraph=\"1\">Zamawiaj\u0105c Bang Tick Tock 20000 Puffs na vapingnet.de, korzystasz nie tylko z atrakcyjnych cen, ale tak\u017ce z dostawy wolnej od podatku. Dzi\u0119ki zoptymalizowanej logistyce wysy\u0142ka odbywa si\u0119 w ci\u0105gu 7 do 15 dni roboczych, co jest niezawodne i bezpieczne.<\/p>\n<p class=\"\" data-start=\"3421\" data-end=\"3639\" data-immersive-translate-walked=\"b44ca453-57a5-400d-9a63-4bed563243b6\" data-immersive-translate-paragraph=\"1\">Bez dodatkowych formalno\u015bci celnych i ukrytych koszt\u00f3w, urz\u0105dzenie szybko i bezproblemowo trafia prosto do domu. Mo\u017cesz cieszy\u0107 si\u0119 swoim do\u015bwiadczeniem wapowania bez oczekiwania i skupi\u0107 si\u0119 wy\u0142\u0105cznie na przyjemno\u015bci.<\/p>","protected":false},"excerpt":{"rendered":"<p>Bang Tick Tock 20000 Puffs \u2013 Innovation f\u00fcr dein Dampferlebnis Zwei Vape-Modi f\u00fcr flexible Dampferlebnisse Das Bang Tick Tock 20000 Puffs hebt sich mit seiner&#8230;<\/p>","protected":false},"featured_media":6547,"template":"","meta":[],"etheme_brands":[],"product_brand":[101],"product_cat":[54,49,61],"product_tag":[],"class_list":{"0":"post-6546","1":"product","2":"type-product","3":"status-publish","4":"has-post-thumbnail","6":"product_brand-bang-king-vape","7":"product_cat-vape-20000-zuege","8":"product_cat-einweg-e-zigarette","9":"product_cat-f","11":"first","12":"instock","13":"shipping-taxable","14":"purchasable","15":"product-type-simple"},"yoast_head":"<!-- This site is optimized with the Yoast SEO plugin v26.5 - https:\/\/yoast.com\/wordpress\/plugins\/seo\/ -->\n<title>Bang Tick Tock 20000 Puffs Strawberry Kiwi F\u00fcr Unvergesslichen Geschmack | Vapingnet.de<\/title>\n<meta name=\"description\" content=\"Entdecke Bang Tick Tock 20000 Puffs Strawberry Kiwi F\u00fcr Unvergesslichen Geschmack bei vapingnet.de, \u25ba Gro\u00dfe Auswahl an Geschmacksrichtungen &amp; super g\u00fcnstig!\" \/>\n<meta name=\"robots\" content=\"index, follow, max-snippet:-1, max-image-preview:large, max-video-preview:-1\" \/>\n<link rel=\"canonical\" href=\"https:\/\/vapingnet.de\/pl\/vape\/bang-tick-tock-20000-puffs-strawberry-kiwi-fuer-unvergesslichen-geschmack\/\" \/>\n<meta property=\"og:locale\" content=\"pl_PL\" \/>\n<meta property=\"og:type\" content=\"article\" \/>\n<meta property=\"og:title\" content=\"Bang Tick Tock 20000 Puffs Strawberry Kiwi F\u00fcr Unvergesslichen Geschmack | Vapingnet.de\" \/>\n<meta property=\"og:description\" content=\"Entdecke Bang Tick Tock 20000 Puffs Strawberry Kiwi F\u00fcr Unvergesslichen Geschmack bei vapingnet.de, \u25ba Gro\u00dfe Auswahl an Geschmacksrichtungen &amp; super g\u00fcnstig!\" \/>\n<meta property=\"og:url\" content=\"https:\/\/vapingnet.de\/pl\/vape\/bang-tick-tock-20000-puffs-strawberry-kiwi-fuer-unvergesslichen-geschmack\/\" \/>\n<meta property=\"og:site_name\" content=\"Vapingnet.de\" \/>\n<meta property=\"article:publisher\" content=\"https:\/\/www.facebook.com\/vapingnetde\/\" \/>\n<meta property=\"article:modified_time\" content=\"2025-06-19T03:39:26+00:00\" \/>\n<meta property=\"og:image\" content=\"https:\/\/vapingnet.de\/wp-content\/uploads\/2025\/04\/Strawberry-Kiwi-1.webp\" \/>\n\t<meta property=\"og:image:width\" content=\"1000\" \/>\n\t<meta property=\"og:image:height\" content=\"1000\" \/>\n\t<meta property=\"og:image:type\" content=\"image\/webp\" \/>\n<meta name=\"twitter:card\" content=\"summary_large_image\" \/>\n<meta name=\"twitter:label1\" content=\"Est. reading time\" \/>\n\t<meta name=\"twitter:data1\" content=\"3 minutes\" \/>\n<script type=\"application\/ld+json\" class=\"yoast-schema-graph\">{\"@context\":\"https:\/\/schema.org\",\"@graph\":[{\"@type\":\"WebPage\",\"@id\":\"https:\/\/vapingnet.de\/vape\/bang-tick-tock-20000-puffs-strawberry-kiwi-fuer-unvergesslichen-geschmack\/\",\"url\":\"https:\/\/vapingnet.de\/vape\/bang-tick-tock-20000-puffs-strawberry-kiwi-fuer-unvergesslichen-geschmack\/\",\"name\":\"Bang Tick Tock 20000 Puffs Strawberry Kiwi F\u00fcr Unvergesslichen Geschmack | Vapingnet.de\",\"isPartOf\":{\"@id\":\"https:\/\/vapingnet.de\/#website\"},\"primaryImageOfPage\":{\"@id\":\"https:\/\/vapingnet.de\/vape\/bang-tick-tock-20000-puffs-strawberry-kiwi-fuer-unvergesslichen-geschmack\/#primaryimage\"},\"image\":{\"@id\":\"https:\/\/vapingnet.de\/vape\/bang-tick-tock-20000-puffs-strawberry-kiwi-fuer-unvergesslichen-geschmack\/#primaryimage\"},\"thumbnailUrl\":\"https:\/\/vapingnet.de\/wp-content\/uploads\/2025\/04\/Strawberry-Kiwi-1.webp\",\"datePublished\":\"2025-04-27T07:17:51+00:00\",\"dateModified\":\"2025-06-19T03:39:26+00:00\",\"description\":\"Entdecke Bang Tick Tock 20000 Puffs Strawberry Kiwi F\u00fcr Unvergesslichen Geschmack bei vapingnet.de, \u25ba Gro\u00dfe Auswahl an Geschmacksrichtungen & super g\u00fcnstig!\",\"breadcrumb\":{\"@id\":\"https:\/\/vapingnet.de\/vape\/bang-tick-tock-20000-puffs-strawberry-kiwi-fuer-unvergesslichen-geschmack\/#breadcrumb\"},\"inLanguage\":\"pl-PL\",\"potentialAction\":[{\"@type\":\"ReadAction\",\"target\":[\"https:\/\/vapingnet.de\/vape\/bang-tick-tock-20000-puffs-strawberry-kiwi-fuer-unvergesslichen-geschmack\/\"]}]},{\"@type\":\"ImageObject\",\"inLanguage\":\"pl-PL\",\"@id\":\"https:\/\/vapingnet.de\/vape\/bang-tick-tock-20000-puffs-strawberry-kiwi-fuer-unvergesslichen-geschmack\/#primaryimage\",\"url\":\"https:\/\/vapingnet.de\/wp-content\/uploads\/2025\/04\/Strawberry-Kiwi-1.webp\",\"contentUrl\":\"https:\/\/vapingnet.de\/wp-content\/uploads\/2025\/04\/Strawberry-Kiwi-1.webp\",\"width\":1000,\"height\":1000},{\"@type\":\"BreadcrumbList\",\"@id\":\"https:\/\/vapingnet.de\/vape\/bang-tick-tock-20000-puffs-strawberry-kiwi-fuer-unvergesslichen-geschmack\/#breadcrumb\",\"itemListElement\":[{\"@type\":\"ListItem\",\"position\":1,\"name\":\"Home\",\"item\":\"https:\/\/vapingnet.de\/\"},{\"@type\":\"ListItem\",\"position\":2,\"name\":\"Shop\",\"item\":\"https:\/\/vapingnet.de\/vape\/\"},{\"@type\":\"ListItem\",\"position\":3,\"name\":\"Bang Tick Tock 20000 Puffs Strawberry Kiwi F\u00fcr Unvergesslichen Geschmack\"}]},{\"@type\":\"WebSite\",\"@id\":\"https:\/\/vapingnet.de\/#website\",\"url\":\"https:\/\/vapingnet.de\/\",\"name\":\"Vapingnet.de\",\"description\":\"\",\"publisher\":{\"@id\":\"https:\/\/vapingnet.de\/#organization\"},\"potentialAction\":[{\"@type\":\"SearchAction\",\"target\":{\"@type\":\"EntryPoint\",\"urlTemplate\":\"https:\/\/vapingnet.de\/?s={search_term_string}\"},\"query-input\":{\"@type\":\"PropertyValueSpecification\",\"valueRequired\":true,\"valueName\":\"search_term_string\"}}],\"inLanguage\":\"pl-PL\"},{\"@type\":\"Organization\",\"@id\":\"https:\/\/vapingnet.de\/#organization\",\"name\":\"Vapingnet.de\",\"url\":\"https:\/\/vapingnet.de\/\",\"logo\":{\"@type\":\"ImageObject\",\"inLanguage\":\"pl-PL\",\"@id\":\"https:\/\/vapingnet.de\/#\/schema\/logo\/image\/\",\"url\":\"https:\/\/vapingnet.de\/wp-content\/uploads\/2025\/03\/cropped-vapingnet.de_.jpg\",\"contentUrl\":\"https:\/\/vapingnet.de\/wp-content\/uploads\/2025\/03\/cropped-vapingnet.de_.jpg\",\"width\":512,\"height\":512,\"caption\":\"Vapingnet.de\"},\"image\":{\"@id\":\"https:\/\/vapingnet.de\/#\/schema\/logo\/image\/\"},\"sameAs\":[\"https:\/\/www.facebook.com\/vapingnetde\/\"]}]}<\/script>\n<!-- \/ Yoast SEO plugin. -->","yoast_head_json":{"title":"Bang Tick Tock 20000 Puffs Strawberry Kiwi F\u00fcr Unvergesslichen Geschmack | Vapingnet.de","description":"Entdecke Bang Tick Tock 20000 Puffs Strawberry Kiwi F\u00fcr Unvergesslichen Geschmack bei vapingnet.de, \u25ba Gro\u00dfe Auswahl an Geschmacksrichtungen & super g\u00fcnstig!","robots":{"index":"index","follow":"follow","max-snippet":"max-snippet:-1","max-image-preview":"max-image-preview:large","max-video-preview":"max-video-preview:-1"},"canonical":"https:\/\/vapingnet.de\/pl\/vape\/bang-tick-tock-20000-puffs-strawberry-kiwi-fuer-unvergesslichen-geschmack\/","og_locale":"pl_PL","og_type":"article","og_title":"Bang Tick Tock 20000 Puffs Strawberry Kiwi F\u00fcr Unvergesslichen Geschmack | Vapingnet.de","og_description":"Entdecke Bang Tick Tock 20000 Puffs Strawberry Kiwi F\u00fcr Unvergesslichen Geschmack bei vapingnet.de, \u25ba Gro\u00dfe Auswahl an Geschmacksrichtungen & super g\u00fcnstig!","og_url":"https:\/\/vapingnet.de\/pl\/vape\/bang-tick-tock-20000-puffs-strawberry-kiwi-fuer-unvergesslichen-geschmack\/","og_site_name":"Vapingnet.de","article_publisher":"https:\/\/www.facebook.com\/vapingnetde\/","article_modified_time":"2025-06-19T03:39:26+00:00","og_image":[{"width":1000,"height":1000,"url":"https:\/\/vapingnet.de\/wp-content\/uploads\/2025\/04\/Strawberry-Kiwi-1.webp","type":"image\/webp"}],"twitter_card":"summary_large_image","twitter_misc":{"Est. reading time":"3 minutes"},"schema":{"@context":"https:\/\/schema.org","@graph":[{"@type":"WebPage","@id":"https:\/\/vapingnet.de\/vape\/bang-tick-tock-20000-puffs-strawberry-kiwi-fuer-unvergesslichen-geschmack\/","url":"https:\/\/vapingnet.de\/vape\/bang-tick-tock-20000-puffs-strawberry-kiwi-fuer-unvergesslichen-geschmack\/","name":"Bang Tick Tock 20000 Puffs Strawberry Kiwi F\u00fcr Unvergesslichen Geschmack | Vapingnet.de","isPartOf":{"@id":"https:\/\/vapingnet.de\/#website"},"primaryImageOfPage":{"@id":"https:\/\/vapingnet.de\/vape\/bang-tick-tock-20000-puffs-strawberry-kiwi-fuer-unvergesslichen-geschmack\/#primaryimage"},"image":{"@id":"https:\/\/vapingnet.de\/vape\/bang-tick-tock-20000-puffs-strawberry-kiwi-fuer-unvergesslichen-geschmack\/#primaryimage"},"thumbnailUrl":"https:\/\/vapingnet.de\/wp-content\/uploads\/2025\/04\/Strawberry-Kiwi-1.webp","datePublished":"2025-04-27T07:17:51+00:00","dateModified":"2025-06-19T03:39:26+00:00","description":"Entdecke Bang Tick Tock 20000 Puffs Strawberry Kiwi F\u00fcr Unvergesslichen Geschmack bei vapingnet.de, \u25ba Gro\u00dfe Auswahl an Geschmacksrichtungen & super g\u00fcnstig!","breadcrumb":{"@id":"https:\/\/vapingnet.de\/vape\/bang-tick-tock-20000-puffs-strawberry-kiwi-fuer-unvergesslichen-geschmack\/#breadcrumb"},"inLanguage":"pl-PL","potentialAction":[{"@type":"ReadAction","target":["https:\/\/vapingnet.de\/vape\/bang-tick-tock-20000-puffs-strawberry-kiwi-fuer-unvergesslichen-geschmack\/"]}]},{"@type":"ImageObject","inLanguage":"pl-PL","@id":"https:\/\/vapingnet.de\/vape\/bang-tick-tock-20000-puffs-strawberry-kiwi-fuer-unvergesslichen-geschmack\/#primaryimage","url":"https:\/\/vapingnet.de\/wp-content\/uploads\/2025\/04\/Strawberry-Kiwi-1.webp","contentUrl":"https:\/\/vapingnet.de\/wp-content\/uploads\/2025\/04\/Strawberry-Kiwi-1.webp","width":1000,"height":1000},{"@type":"BreadcrumbList","@id":"https:\/\/vapingnet.de\/vape\/bang-tick-tock-20000-puffs-strawberry-kiwi-fuer-unvergesslichen-geschmack\/#breadcrumb","itemListElement":[{"@type":"ListItem","position":1,"name":"Home","item":"https:\/\/vapingnet.de\/"},{"@type":"ListItem","position":2,"name":"Shop","item":"https:\/\/vapingnet.de\/vape\/"},{"@type":"ListItem","position":3,"name":"Bang Tick Tock 20000 Puffs Strawberry Kiwi F\u00fcr Unvergesslichen Geschmack"}]},{"@type":"WebSite","@id":"https:\/\/vapingnet.de\/#website","url":"https:\/\/vapingnet.de\/","name":"Vapingnet.de","description":"","publisher":{"@id":"https:\/\/vapingnet.de\/#organization"},"potentialAction":[{"@type":"SearchAction","target":{"@type":"EntryPoint","urlTemplate":"https:\/\/vapingnet.de\/?s={search_term_string}"},"query-input":{"@type":"PropertyValueSpecification","valueRequired":true,"valueName":"search_term_string"}}],"inLanguage":"pl-PL"},{"@type":"Organization","@id":"https:\/\/vapingnet.de\/#organization","name":"Vapingnet.de","url":"https:\/\/vapingnet.de\/","logo":{"@type":"ImageObject","inLanguage":"pl-PL","@id":"https:\/\/vapingnet.de\/#\/schema\/logo\/image\/","url":"https:\/\/vapingnet.de\/wp-content\/uploads\/2025\/03\/cropped-vapingnet.de_.jpg","contentUrl":"https:\/\/vapingnet.de\/wp-content\/uploads\/2025\/03\/cropped-vapingnet.de_.jpg","width":512,"height":512,"caption":"Vapingnet.de"},"image":{"@id":"https:\/\/vapingnet.de\/#\/schema\/logo\/image\/"},"sameAs":["https:\/\/www.facebook.com\/vapingnetde\/"]}]}},"tiered_pricing_type":"fixed","tiered_pricing_fixed_rules":{"10":"10.44","60":"9.4","110":"8.35","200":"7.31"},"tiered_pricing_product_settings":{"layout":"default","base_unit_name":{"singular":null,"plural":null},"default_variation":null},"tiered_pricing_minimum_quantity":null,"tiered_pricing_roles_data":[],"tiered_pricing_percentage_rules":[],"_links":{"self":[{"href":"https:\/\/vapingnet.de\/pl\/wp-json\/wp\/v2\/product\/6546","targetHints":{"allow":["GET"]}}],"collection":[{"href":"https:\/\/vapingnet.de\/pl\/wp-json\/wp\/v2\/product"}],"about":[{"href":"https:\/\/vapingnet.de\/pl\/wp-json\/wp\/v2\/types\/product"}],"version-history":[{"count":3,"href":"https:\/\/vapingnet.de\/pl\/wp-json\/wp\/v2\/product\/6546\/revisions"}],"predecessor-version":[{"id":6576,"href":"https:\/\/vapingnet.de\/pl\/wp-json\/wp\/v2\/product\/6546\/revisions\/6576"}],"wp:featuredmedia":[{"embeddable":true,"href":"https:\/\/vapingnet.de\/pl\/wp-json\/wp\/v2\/media\/6547"}],"wp:attachment":[{"href":"https:\/\/vapingnet.de\/pl\/wp-json\/wp\/v2\/media?parent=6546"}],"wp:term":[{"taxonomy":"brand","embeddable":true,"href":"https:\/\/vapingnet.de\/pl\/wp-json\/wp\/v2\/etheme_brands?post=6546"},{"taxonomy":"product_brand","embeddable":true,"href":"https:\/\/vapingnet.de\/pl\/wp-json\/wp\/v2\/product_brand?post=6546"},{"taxonomy":"product_cat","embeddable":true,"href":"https:\/\/vapingnet.de\/pl\/wp-json\/wp\/v2\/product_cat?post=6546"},{"taxonomy":"product_tag","embeddable":true,"href":"https:\/\/vapingnet.de\/pl\/wp-json\/wp\/v2\/product_tag?post=6546"}],"curies":[{"name":"wp","href":"https:\/\/api.w.org\/{rel}","templated":true}]}}