{"id":6559,"date":"2025-04-27T07:33:00","date_gmt":"2025-04-27T07:33:00","guid":{"rendered":"https:\/\/vapingnet.de\/?post_type=product&#038;p=6559"},"modified":"2025-06-19T03:39:26","modified_gmt":"2025-06-19T03:39:26","slug":"geniesse-watermelon-ice-in-20000-puffs-bang-tick-tock-liefert-hoechste","status":"publish","type":"product","link":"https:\/\/vapingnet.de\/pl\/vape\/geniesse-watermelon-ice-in-20000-puffs-bang-tick-tock-liefert-hoechste\/","title":{"rendered":"Ciesz si\u0119 Watermelon Ice w 20000 puf\u00f3w Bang Tick Tock dostarcza najwy\u017cszej jako\u015bci"},"content":{"rendered":"<h2 data-start=\"0\" data-end=\"87\" data-immersive-translate-walked=\"4d7cd596-ff97-49d7-b04f-d4ba56134b21\">Bang Tick Tock 20000 Puffs: Przegl\u0105d innowacyjnego jednorazowego modelu e-papierosa<\/h2>\n<p class=\"\" data-start=\"89\" data-end=\"462\" data-immersive-translate-walked=\"4d7cd596-ff97-49d7-b04f-d4ba56134b21\" data-immersive-translate-paragraph=\"1\">W \u015bwiecie jednorazowych e-papieros\u00f3w pojawiaj\u0105 si\u0119 ci\u0105gle nowe modele, kt\u00f3re wprowadzaj\u0105 innowacyjne funkcje i ulepszone osi\u0105gi. Wyj\u0105tkowym przyk\u0142adem jest Bang Tick Tock 20000 Puffs. Ten e-papieros oferuje niezwyk\u0142e doznania podczas palenia i imponuj\u0105ce specyfikacje, kt\u00f3re zainteresuj\u0105 zar\u00f3wno pocz\u0105tkuj\u0105cych, jak i do\u015bwiadczonych palaczy.<\/p>\n<ul>\n<li data-start=\"464\" data-end=\"490\" data-immersive-translate-walked=\"4d7cd596-ff97-49d7-b04f-d4ba56134b21\">Moc i pojemno\u015b\u0107\n<p>Jednorazowy e-papieros Bang Tick Tock zachwyca imponuj\u0105c\u0105 liczb\u0105 zaci\u0105gni\u0119\u0107 do 20 000, co czyni go jednym z najtrwalszych modeli na rynku. Z pojemno\u015bci\u0105 e-liquid 25 ml i bateri\u0105 500 mAh, ten e-papieros zapewnia wystarczaj\u0105c\u0105 moc, aby zapewni\u0107 d\u0142ugotrwa\u0142e do\u015bwiadczenia z palenia. Mesh Coil o oporze 1.0 Ohm zapewnia r\u00f3wnomierne i intensywne odparowywanie p\u0142ynu, co prowadzi do wyj\u0105tkowo smacznych i satysfakcjonuj\u0105cych dozna\u0144.<\/li>\n<li data-start=\"1032\" data-end=\"1066\" data-immersive-translate-walked=\"4d7cd596-ff97-49d7-b04f-d4ba56134b21\">Wszechstronne mo\u017cliwo\u015bci palenia\n<p>Charakterystyczn\u0105 cech\u0105 Bang Tick Tock jest dynamiczny ekran, kt\u00f3ry wizualnie reaguje na u\u017cytkowanie. Podczas palenia w trybie dynamicznym, obracaj\u0105 si\u0119 z\u0119batki, co tworzy unikalne wra\u017cenia wizualne. Alternatywnie mo\u017cna aktywowa\u0107 tryb cichy, w kt\u00f3rym z\u0119batki zatrzymuj\u0105 si\u0119, gdy w ci\u0105gu dw\u00f3ch sekund zostan\u0105 wykonane trzy szybkie zaci\u0105gni\u0119cia. Ta elastyczno\u015b\u0107 zapewnia spersonalizowane do\u015bwiadczenie palenia, dopasowane do indywidualnych preferencji.<\/li>\n<li data-start=\"1576\" data-end=\"1613\" data-immersive-translate-walked=\"4d7cd596-ff97-49d7-b04f-d4ba56134b21\">Wyb\u00f3r mi\u0119dzy dwoma poziomami nikotyny\n<p>Bang Tick Tock 20000 Puffs jest dost\u0119pny w r\u00f3\u017cnych poziomach nikotyny: 0%, 2%, 3% i 5%. Ta r\u00f3\u017cnorodno\u015b\u0107 umo\u017cliwia u\u017cytkownikom wyb\u00f3r idealnej dawki nikotyny, zar\u00f3wno dla tych, kt\u00f3rzy chc\u0105 ca\u0142kowicie zrezygnowa\u0107 z nikotyny, jak i dla tych, kt\u00f3rzy wol\u0105 wy\u017csz\u0105 dawk\u0119.<\/li>\n<li data-start=\"1909\" data-end=\"1932\" data-immersive-translate-walked=\"4d7cd596-ff97-49d7-b04f-d4ba56134b21\">Smak i aromat\n<p>Model dost\u0119pny jest w r\u00f3\u017cnych smakach, z kt\u00f3rych szczeg\u00f3lnie wyr\u00f3\u017cnia si\u0119 orze\u017awiaj\u0105cy smak \u201eWatermelon Ice\u201d. Mieszanka s\u0142odkiej arbuzowej i ch\u0142odnego mentolu zapewnia orze\u017awiaj\u0105ce doznania, idealne na ka\u017cd\u0105 por\u0119 roku. Smak pozostaje intensywny i przyjemny dzi\u0119ki technologii Mesh Coil.<\/li>\n<li data-start=\"2311\" data-end=\"2361\" data-immersive-translate-walked=\"4d7cd596-ff97-49d7-b04f-d4ba56134b21\">Nowoczesne porty \u0142adowania i \u0142atwa obs\u0142uga\n<p>E-papieros Bang Tick Tock wyposa\u017cony jest w nowoczesny port \u0142adowania typu C, kt\u00f3ry zapewnia szybsze i bardziej efektywne \u0142adowanie. Poniewa\u017c urz\u0105dzenie jest aktywowane przez zaci\u0105gni\u0119cie, nie jest potrzebny dodatkowy przycisk do palenia \u2013 wystarczy jeden prosty zaci\u0105gni\u0119cie, aby uruchomi\u0107 urz\u0105dzenie.<\/li>\n<li data-start=\"2665\" data-end=\"2702\" data-immersive-translate-walked=\"4d7cd596-ff97-49d7-b04f-d4ba56134b21\">Praktyczna dostawa i korzy\u015bci\n<p>Kolejnym atutem Bang Tick Tock jest szybka dostawa, zwykle w ci\u0105gu 7-15 dni roboczych. Ponadto klienci korzystaj\u0105 z braku op\u0142at celnych przy zam\u00f3wieniach powy\u017cej vapingnet.de. To sprawia, \u017ce zakup jest nie tylko wygodny, ale tak\u017ce ekonomiczny.<\/li>\n<\/ul>\n<h3 data-start=\"3024\" data-end=\"3033\" data-immersive-translate-walked=\"4d7cd596-ff97-49d7-b04f-d4ba56134b21\">Unikalne doznania podczas palenia z Bang Tick Tock 20000 Puffs<\/h3>\n<p class=\"\" data-start=\"3035\" data-end=\"3358\" data-immersive-translate-walked=\"4d7cd596-ff97-49d7-b04f-d4ba56134b21\" data-immersive-translate-paragraph=\"1\">Bang Tick Tock 20000 Puffs oferuje idealne po\u0142\u0105czenie d\u0142ugiej trwa\u0142o\u015bci, innowacyjnych funkcji i wszechstronnych mo\u017cliwo\u015bci palenia. Niezale\u017cnie od tego, czy do codziennego u\u017cytku, czy na wyj\u0105tkowe chwile, ten model wyr\u00f3\u017cnia si\u0119 swoimi unikalnymi cechami i zapewnia niezr\u00f3wnane doznania podczas palenia.<\/p>","protected":false},"excerpt":{"rendered":"<p>Bang Tick Tock 20000 Puffs: Spojrzenie na innowacyjny jednorazowy model e-papierosa W \u015bwiecie jednorazowych e-papieros\u00f3w pojawiaj\u0105 si\u0119 ci\u0105gle nowe modele, kt\u00f3re...<\/p>","protected":false},"featured_media":6574,"template":"","meta":[],"etheme_brands":[],"product_brand":[101],"product_cat":[54,49,61],"product_tag":[],"class_list":{"0":"post-6559","1":"product","2":"type-product","3":"status-publish","4":"has-post-thumbnail","6":"product_brand-bang-king-vape","7":"product_cat-vape-20000-zuege","8":"product_cat-einweg-e-zigarette","9":"product_cat-f","11":"first","12":"instock","13":"shipping-taxable","14":"purchasable","15":"product-type-simple"},"yoast_head":"<!-- This site is optimized with the Yoast SEO plugin v26.5 - https:\/\/yoast.com\/wordpress\/plugins\/seo\/ -->\n<title>Genie\u00dfe Watermelon Ice In 20000 Puffs Bang Tick Tock Liefert H\u00f6chste | Vapingnet.de<\/title>\n<meta name=\"description\" content=\"Entdecke Genie\u00dfe Watermelon Ice In 20000 Puffs Bang Tick Tock Liefert H\u00f6chste bei vapingnet.de, \u25ba Gro\u00dfe Auswahl an Geschmacksrichtungen &amp; super g\u00fcnstig!\" \/>\n<meta name=\"robots\" content=\"index, follow, max-snippet:-1, max-image-preview:large, max-video-preview:-1\" \/>\n<link rel=\"canonical\" href=\"https:\/\/vapingnet.de\/pl\/vape\/geniesse-watermelon-ice-in-20000-puffs-bang-tick-tock-liefert-hoechste\/\" \/>\n<meta property=\"og:locale\" content=\"pl_PL\" \/>\n<meta property=\"og:type\" content=\"article\" \/>\n<meta property=\"og:title\" content=\"Genie\u00dfe Watermelon Ice In 20000 Puffs Bang Tick Tock Liefert H\u00f6chste | Vapingnet.de\" \/>\n<meta property=\"og:description\" content=\"Entdecke Genie\u00dfe Watermelon Ice In 20000 Puffs Bang Tick Tock Liefert H\u00f6chste bei vapingnet.de, \u25ba Gro\u00dfe Auswahl an Geschmacksrichtungen &amp; super g\u00fcnstig!\" \/>\n<meta property=\"og:url\" content=\"https:\/\/vapingnet.de\/pl\/vape\/geniesse-watermelon-ice-in-20000-puffs-bang-tick-tock-liefert-hoechste\/\" \/>\n<meta property=\"og:site_name\" content=\"Vapingnet.de\" \/>\n<meta property=\"article:publisher\" content=\"https:\/\/www.facebook.com\/vapingnetde\/\" \/>\n<meta property=\"article:modified_time\" content=\"2025-06-19T03:39:26+00:00\" \/>\n<meta property=\"og:image\" content=\"https:\/\/vapingnet.de\/wp-content\/uploads\/2025\/04\/Watermelon-Ice-2.webp\" \/>\n\t<meta property=\"og:image:width\" content=\"1000\" \/>\n\t<meta property=\"og:image:height\" content=\"1000\" \/>\n\t<meta property=\"og:image:type\" content=\"image\/webp\" \/>\n<meta name=\"twitter:card\" content=\"summary_large_image\" \/>\n<meta name=\"twitter:label1\" content=\"Est. reading time\" \/>\n\t<meta name=\"twitter:data1\" content=\"3 minutes\" \/>\n<script type=\"application\/ld+json\" class=\"yoast-schema-graph\">{\"@context\":\"https:\/\/schema.org\",\"@graph\":[{\"@type\":\"WebPage\",\"@id\":\"https:\/\/vapingnet.de\/vape\/geniesse-watermelon-ice-in-20000-puffs-bang-tick-tock-liefert-hoechste\/\",\"url\":\"https:\/\/vapingnet.de\/vape\/geniesse-watermelon-ice-in-20000-puffs-bang-tick-tock-liefert-hoechste\/\",\"name\":\"Genie\u00dfe Watermelon Ice In 20000 Puffs Bang Tick Tock Liefert H\u00f6chste | Vapingnet.de\",\"isPartOf\":{\"@id\":\"https:\/\/vapingnet.de\/#website\"},\"primaryImageOfPage\":{\"@id\":\"https:\/\/vapingnet.de\/vape\/geniesse-watermelon-ice-in-20000-puffs-bang-tick-tock-liefert-hoechste\/#primaryimage\"},\"image\":{\"@id\":\"https:\/\/vapingnet.de\/vape\/geniesse-watermelon-ice-in-20000-puffs-bang-tick-tock-liefert-hoechste\/#primaryimage\"},\"thumbnailUrl\":\"https:\/\/vapingnet.de\/wp-content\/uploads\/2025\/04\/Watermelon-Ice-2.webp\",\"datePublished\":\"2025-04-27T07:33:00+00:00\",\"dateModified\":\"2025-06-19T03:39:26+00:00\",\"description\":\"Entdecke Genie\u00dfe Watermelon Ice In 20000 Puffs Bang Tick Tock Liefert H\u00f6chste bei vapingnet.de, \u25ba Gro\u00dfe Auswahl an Geschmacksrichtungen & super g\u00fcnstig!\",\"breadcrumb\":{\"@id\":\"https:\/\/vapingnet.de\/vape\/geniesse-watermelon-ice-in-20000-puffs-bang-tick-tock-liefert-hoechste\/#breadcrumb\"},\"inLanguage\":\"pl-PL\",\"potentialAction\":[{\"@type\":\"ReadAction\",\"target\":[\"https:\/\/vapingnet.de\/vape\/geniesse-watermelon-ice-in-20000-puffs-bang-tick-tock-liefert-hoechste\/\"]}]},{\"@type\":\"ImageObject\",\"inLanguage\":\"pl-PL\",\"@id\":\"https:\/\/vapingnet.de\/vape\/geniesse-watermelon-ice-in-20000-puffs-bang-tick-tock-liefert-hoechste\/#primaryimage\",\"url\":\"https:\/\/vapingnet.de\/wp-content\/uploads\/2025\/04\/Watermelon-Ice-2.webp\",\"contentUrl\":\"https:\/\/vapingnet.de\/wp-content\/uploads\/2025\/04\/Watermelon-Ice-2.webp\",\"width\":1000,\"height\":1000},{\"@type\":\"BreadcrumbList\",\"@id\":\"https:\/\/vapingnet.de\/vape\/geniesse-watermelon-ice-in-20000-puffs-bang-tick-tock-liefert-hoechste\/#breadcrumb\",\"itemListElement\":[{\"@type\":\"ListItem\",\"position\":1,\"name\":\"Home\",\"item\":\"https:\/\/vapingnet.de\/\"},{\"@type\":\"ListItem\",\"position\":2,\"name\":\"Shop\",\"item\":\"https:\/\/vapingnet.de\/vape\/\"},{\"@type\":\"ListItem\",\"position\":3,\"name\":\"Genie\u00dfe Watermelon Ice In 20000 Puffs Bang Tick Tock Liefert H\u00f6chste\"}]},{\"@type\":\"WebSite\",\"@id\":\"https:\/\/vapingnet.de\/#website\",\"url\":\"https:\/\/vapingnet.de\/\",\"name\":\"Vapingnet.de\",\"description\":\"\",\"publisher\":{\"@id\":\"https:\/\/vapingnet.de\/#organization\"},\"potentialAction\":[{\"@type\":\"SearchAction\",\"target\":{\"@type\":\"EntryPoint\",\"urlTemplate\":\"https:\/\/vapingnet.de\/?s={search_term_string}\"},\"query-input\":{\"@type\":\"PropertyValueSpecification\",\"valueRequired\":true,\"valueName\":\"search_term_string\"}}],\"inLanguage\":\"pl-PL\"},{\"@type\":\"Organization\",\"@id\":\"https:\/\/vapingnet.de\/#organization\",\"name\":\"Vapingnet.de\",\"url\":\"https:\/\/vapingnet.de\/\",\"logo\":{\"@type\":\"ImageObject\",\"inLanguage\":\"pl-PL\",\"@id\":\"https:\/\/vapingnet.de\/#\/schema\/logo\/image\/\",\"url\":\"https:\/\/vapingnet.de\/wp-content\/uploads\/2025\/03\/cropped-vapingnet.de_.jpg\",\"contentUrl\":\"https:\/\/vapingnet.de\/wp-content\/uploads\/2025\/03\/cropped-vapingnet.de_.jpg\",\"width\":512,\"height\":512,\"caption\":\"Vapingnet.de\"},\"image\":{\"@id\":\"https:\/\/vapingnet.de\/#\/schema\/logo\/image\/\"},\"sameAs\":[\"https:\/\/www.facebook.com\/vapingnetde\/\"]}]}<\/script>\n<!-- \/ Yoast SEO plugin. -->","yoast_head_json":{"title":"Genie\u00dfe Watermelon Ice In 20000 Puffs Bang Tick Tock Liefert H\u00f6chste | Vapingnet.de","description":"Entdecke Genie\u00dfe Watermelon Ice In 20000 Puffs Bang Tick Tock Liefert H\u00f6chste bei vapingnet.de, \u25ba Gro\u00dfe Auswahl an Geschmacksrichtungen & super g\u00fcnstig!","robots":{"index":"index","follow":"follow","max-snippet":"max-snippet:-1","max-image-preview":"max-image-preview:large","max-video-preview":"max-video-preview:-1"},"canonical":"https:\/\/vapingnet.de\/pl\/vape\/geniesse-watermelon-ice-in-20000-puffs-bang-tick-tock-liefert-hoechste\/","og_locale":"pl_PL","og_type":"article","og_title":"Genie\u00dfe Watermelon Ice In 20000 Puffs Bang Tick Tock Liefert H\u00f6chste | Vapingnet.de","og_description":"Entdecke Genie\u00dfe Watermelon Ice In 20000 Puffs Bang Tick Tock Liefert H\u00f6chste bei vapingnet.de, \u25ba Gro\u00dfe Auswahl an Geschmacksrichtungen & super g\u00fcnstig!","og_url":"https:\/\/vapingnet.de\/pl\/vape\/geniesse-watermelon-ice-in-20000-puffs-bang-tick-tock-liefert-hoechste\/","og_site_name":"Vapingnet.de","article_publisher":"https:\/\/www.facebook.com\/vapingnetde\/","article_modified_time":"2025-06-19T03:39:26+00:00","og_image":[{"width":1000,"height":1000,"url":"https:\/\/vapingnet.de\/wp-content\/uploads\/2025\/04\/Watermelon-Ice-2.webp","type":"image\/webp"}],"twitter_card":"summary_large_image","twitter_misc":{"Est. reading time":"3 minutes"},"schema":{"@context":"https:\/\/schema.org","@graph":[{"@type":"WebPage","@id":"https:\/\/vapingnet.de\/vape\/geniesse-watermelon-ice-in-20000-puffs-bang-tick-tock-liefert-hoechste\/","url":"https:\/\/vapingnet.de\/vape\/geniesse-watermelon-ice-in-20000-puffs-bang-tick-tock-liefert-hoechste\/","name":"Genie\u00dfe Watermelon Ice In 20000 Puffs Bang Tick Tock Liefert H\u00f6chste | Vapingnet.de","isPartOf":{"@id":"https:\/\/vapingnet.de\/#website"},"primaryImageOfPage":{"@id":"https:\/\/vapingnet.de\/vape\/geniesse-watermelon-ice-in-20000-puffs-bang-tick-tock-liefert-hoechste\/#primaryimage"},"image":{"@id":"https:\/\/vapingnet.de\/vape\/geniesse-watermelon-ice-in-20000-puffs-bang-tick-tock-liefert-hoechste\/#primaryimage"},"thumbnailUrl":"https:\/\/vapingnet.de\/wp-content\/uploads\/2025\/04\/Watermelon-Ice-2.webp","datePublished":"2025-04-27T07:33:00+00:00","dateModified":"2025-06-19T03:39:26+00:00","description":"Entdecke Genie\u00dfe Watermelon Ice In 20000 Puffs Bang Tick Tock Liefert H\u00f6chste bei vapingnet.de, \u25ba Gro\u00dfe Auswahl an Geschmacksrichtungen & super g\u00fcnstig!","breadcrumb":{"@id":"https:\/\/vapingnet.de\/vape\/geniesse-watermelon-ice-in-20000-puffs-bang-tick-tock-liefert-hoechste\/#breadcrumb"},"inLanguage":"pl-PL","potentialAction":[{"@type":"ReadAction","target":["https:\/\/vapingnet.de\/vape\/geniesse-watermelon-ice-in-20000-puffs-bang-tick-tock-liefert-hoechste\/"]}]},{"@type":"ImageObject","inLanguage":"pl-PL","@id":"https:\/\/vapingnet.de\/vape\/geniesse-watermelon-ice-in-20000-puffs-bang-tick-tock-liefert-hoechste\/#primaryimage","url":"https:\/\/vapingnet.de\/wp-content\/uploads\/2025\/04\/Watermelon-Ice-2.webp","contentUrl":"https:\/\/vapingnet.de\/wp-content\/uploads\/2025\/04\/Watermelon-Ice-2.webp","width":1000,"height":1000},{"@type":"BreadcrumbList","@id":"https:\/\/vapingnet.de\/vape\/geniesse-watermelon-ice-in-20000-puffs-bang-tick-tock-liefert-hoechste\/#breadcrumb","itemListElement":[{"@type":"ListItem","position":1,"name":"Home","item":"https:\/\/vapingnet.de\/"},{"@type":"ListItem","position":2,"name":"Shop","item":"https:\/\/vapingnet.de\/vape\/"},{"@type":"ListItem","position":3,"name":"Genie\u00dfe Watermelon Ice In 20000 Puffs Bang Tick Tock Liefert H\u00f6chste"}]},{"@type":"WebSite","@id":"https:\/\/vapingnet.de\/#website","url":"https:\/\/vapingnet.de\/","name":"Vapingnet.de","description":"","publisher":{"@id":"https:\/\/vapingnet.de\/#organization"},"potentialAction":[{"@type":"SearchAction","target":{"@type":"EntryPoint","urlTemplate":"https:\/\/vapingnet.de\/?s={search_term_string}"},"query-input":{"@type":"PropertyValueSpecification","valueRequired":true,"valueName":"search_term_string"}}],"inLanguage":"pl-PL"},{"@type":"Organization","@id":"https:\/\/vapingnet.de\/#organization","name":"Vapingnet.de","url":"https:\/\/vapingnet.de\/","logo":{"@type":"ImageObject","inLanguage":"pl-PL","@id":"https:\/\/vapingnet.de\/#\/schema\/logo\/image\/","url":"https:\/\/vapingnet.de\/wp-content\/uploads\/2025\/03\/cropped-vapingnet.de_.jpg","contentUrl":"https:\/\/vapingnet.de\/wp-content\/uploads\/2025\/03\/cropped-vapingnet.de_.jpg","width":512,"height":512,"caption":"Vapingnet.de"},"image":{"@id":"https:\/\/vapingnet.de\/#\/schema\/logo\/image\/"},"sameAs":["https:\/\/www.facebook.com\/vapingnetde\/"]}]}},"tiered_pricing_type":"fixed","tiered_pricing_fixed_rules":{"10":"10.44","60":"9.4","110":"8.35","200":"7.31"},"tiered_pricing_product_settings":{"layout":"default","base_unit_name":{"singular":null,"plural":null},"default_variation":null},"tiered_pricing_minimum_quantity":null,"tiered_pricing_roles_data":[],"tiered_pricing_percentage_rules":[],"_links":{"self":[{"href":"https:\/\/vapingnet.de\/pl\/wp-json\/wp\/v2\/product\/6559","targetHints":{"allow":["GET"]}}],"collection":[{"href":"https:\/\/vapingnet.de\/pl\/wp-json\/wp\/v2\/product"}],"about":[{"href":"https:\/\/vapingnet.de\/pl\/wp-json\/wp\/v2\/types\/product"}],"version-history":[{"count":1,"href":"https:\/\/vapingnet.de\/pl\/wp-json\/wp\/v2\/product\/6559\/revisions"}],"predecessor-version":[{"id":6577,"href":"https:\/\/vapingnet.de\/pl\/wp-json\/wp\/v2\/product\/6559\/revisions\/6577"}],"wp:featuredmedia":[{"embeddable":true,"href":"https:\/\/vapingnet.de\/pl\/wp-json\/wp\/v2\/media\/6574"}],"wp:attachment":[{"href":"https:\/\/vapingnet.de\/pl\/wp-json\/wp\/v2\/media?parent=6559"}],"wp:term":[{"taxonomy":"brand","embeddable":true,"href":"https:\/\/vapingnet.de\/pl\/wp-json\/wp\/v2\/etheme_brands?post=6559"},{"taxonomy":"product_brand","embeddable":true,"href":"https:\/\/vapingnet.de\/pl\/wp-json\/wp\/v2\/product_brand?post=6559"},{"taxonomy":"product_cat","embeddable":true,"href":"https:\/\/vapingnet.de\/pl\/wp-json\/wp\/v2\/product_cat?post=6559"},{"taxonomy":"product_tag","embeddable":true,"href":"https:\/\/vapingnet.de\/pl\/wp-json\/wp\/v2\/product_tag?post=6559"}],"curies":[{"name":"wp","href":"https:\/\/api.w.org\/{rel}","templated":true}]}}