{"id":6560,"date":"2025-04-27T07:33:05","date_gmt":"2025-04-27T07:33:05","guid":{"rendered":"https:\/\/vapingnet.de\/?post_type=product&#038;p=6560"},"modified":"2025-06-19T03:39:25","modified_gmt":"2025-06-19T03:39:25","slug":"blueberry-raspberry-von-bang-tick-tock-20000-puffs-jetzt-zollerfrei-bestellen","status":"publish","type":"product","link":"https:\/\/vapingnet.de\/pl\/vape\/blueberry-raspberry-von-bang-tick-tock-20000-puffs-jetzt-zollerfrei-bestellen\/","title":{"rendered":"Blueberry Raspberry od Bang Tick Tock 20000 Puffs \u2013 zam\u00f3w bez Dodatk\u00f3w ju\u017c teraz"},"content":{"rendered":"<h2 data-start=\"0\" data-end=\"58\">Bang Tick Tock 20000 Puffs: Nowa era wapowania<\/h2>\n<p class=\"\" data-start=\"112\" data-end=\"447\">Bang Tick Tock 20000 Puffs oferuje wszystko, czego mo\u017ce oczekiwa\u0107 wymagaj\u0105cy palacz: moc, trwa\u0142o\u015b\u0107, komfort i wyj\u0105tkowy smak. Ten model jest nie tylko dla pocz\u0105tkuj\u0105cych, ale tak\u017ce dla do\u015bwiadczonych palaczy, kt\u00f3rzy szukaj\u0105 niezawodnego, d\u0142ugotrwa\u0142ego u\u017cytkowania i innowacyjnych funkcji.<\/p>\n<h3 class=\"\" data-start=\"449\" data-end=\"507\">Cechy techniczne Bang Tick Tock 20000 Puffs<\/h3>\n<ul data-start=\"509\" data-end=\"708\">\n<li class=\"\" data-start=\"509\" data-end=\"540\">\n<p class=\"\" data-start=\"511\" data-end=\"540\">Pojemno\u015b\u0107 e-liquid: 25 ml<\/p>\n<\/li>\n<li class=\"\" data-start=\"541\" data-end=\"578\">\n<p class=\"\" data-start=\"543\" data-end=\"578\">Opcje nikotynowe: 0%, 2%, 3%, 5%<\/p>\n<\/li>\n<li class=\"\" data-start=\"579\" data-end=\"603\">\n<p class=\"\" data-start=\"581\" data-end=\"603\">Mesh Coil: 1.0 Ohm<\/p>\n<\/li>\n<li class=\"\" data-start=\"604\" data-end=\"627\">\n<p class=\"\" data-start=\"606\" data-end=\"627\">Bateria: 500 mAh<\/p>\n<\/li>\n<li class=\"\" data-start=\"628\" data-end=\"654\">\n<p class=\"\" data-start=\"630\" data-end=\"654\">Gniazdo \u0142adowania: Typ-C<\/p>\n<\/li>\n<li class=\"\" data-start=\"655\" data-end=\"678\">\n<p class=\"\" data-start=\"657\" data-end=\"678\">Zaci\u0105gni\u0119cia: 20 000 zaci\u0105gni\u0119\u0107<\/p>\n<\/li>\n<li class=\"\" data-start=\"679\" data-end=\"708\">\n<p class=\"\" data-start=\"681\" data-end=\"708\">Waga sztuki: 91 g<\/p>\n<\/li>\n<\/ul>\n<p class=\"\" data-start=\"710\" data-end=\"974\">Te cechy techniczne zapewniaj\u0105, \u017ce Bang Tick Tock 20000 Puffs oferuje wysok\u0105 wydajno\u015b\u0107 przy minimalnej konserwacji. 25 ml e-liquidu wystarcza na wiele zastosowa\u0144, a mesh coil gwarantuje r\u00f3wnomierne i intensywne do\u015bwiadczenie wapowania.<\/p>\n<h4 data-start=\"976\" data-end=\"1018\">Wapowanie na w\u0142asny spos\u00f3b<\/h4>\n<p class=\"\" data-start=\"1020\" data-end=\"1500\">Hitem w e-papierosie Bang Tick Tock jest mo\u017cliwo\u015b\u0107 wyboru mi\u0119dzy dwoma trybami wapowania. Tryb Dynamic zapewnia wizualne wra\u017cenia, gdy z\u0119batki si\u0119 obracaj\u0105 podczas zaci\u0105gni\u0119cia, co dodaje element zabawy do wapowania. Je\u015bli wolisz dyskrecj\u0119, mo\u017cesz aktywowa\u0107 tryb Silent \u2013 trzy szybkie zaci\u0105gni\u0119cia w ci\u0105gu dw\u00f3ch sekund zatrzymuj\u0105 obracaj\u0105ce si\u0119 z\u0119batki i pozwalaj\u0105 cieszy\u0107 si\u0119 wapowaniem bez rozprosze\u0144.<\/p>\n<h4 data-start=\"1502\" data-end=\"1566\">Smak Blueberry Raspberry \u2013 owocowy i orze\u017awiaj\u0105cy<\/h4>\n<p class=\"\" data-start=\"1568\" data-end=\"1891\">Dla tych, kt\u00f3rzy szukaj\u0105 owocowego i orze\u017awiaj\u0105cego smaku, idealny jest smak \u201eBlueberry Raspberry\u201d. Po\u0142\u0105czenie s\u0142odkich bor\u00f3wek i \u015bwie\u017cych malin zapewnia zr\u00f3wnowa\u017cony i przyjemny owocowy dym. Smak utrzymuje si\u0119 d\u0142ugo i zapewnia ca\u0142y czas przyjemne do\u015bwiadczenie.<\/p>\n<h4 data-start=\"1893\" data-end=\"1936\">Szybka i wygodna obs\u0142uga<\/h4>\n<p class=\"\" data-start=\"1938\" data-end=\"2234\">Kolejn\u0105 zalet\u0105 tego modelu jest technologia aktywacji zaci\u0105gni\u0119ciem. Nie trzeba naciska\u0107 \u017cadnych przycisk\u00f3w \u2013 wystarczy zaci\u0105gni\u0119cie, aby rozpocz\u0105\u0107 wapowanie. Dla wygody i szybkiego \u0142adowania zastosowano port Typ-C, kt\u00f3ry zapewnia wydajne i szybkie po\u0142\u0105czenie.<\/p>\n<h4 data-start=\"2236\" data-end=\"2284\">Zalety zamawiania w vapingnet.de<\/h4>\n<p class=\"\" data-start=\"2286\" data-end=\"2614\">Zam\u00f3wienia w vapingnet.de korzystaj\u0105 nie tylko z szybkiej dostawy w ci\u0105gu 7-15 dni roboczych, ale tak\u017ce z bezc\u0142owych zakup\u00f3w, co dodatkowo obni\u017ca cen\u0119. Czyni to produkt jeszcze bardziej atrakcyjnym dla klient\u00f3w poszukuj\u0105cych ekonomicznego, ale wysokiej jako\u015bci do\u015bwiadczenia wapowania.<\/p>\n<h4 data-start=\"2616\" data-end=\"2639\">Podsumowanie<\/h4>\n<p class=\"\" data-start=\"2641\" data-end=\"3009\">Jednorazowy e-papieros Bang Tick Tock 20000 Puffs to doskona\u0142y wyb\u00f3r dla palaczy ceni\u0105cych jako\u015b\u0107, wydajno\u015b\u0107 i d\u0142ugotrwa\u0142e u\u017cytkowanie. Dzi\u0119ki innowacyjnym funkcjom, takim jak dynamiczny wy\u015bwietlacz, aktywacja zaci\u0105gni\u0119ciem i owocowy smak Blueberry Raspberry, ten model oferuje wszystko, czego mo\u017cna oczekiwa\u0107 od nowoczesnego e-papierosa.<\/p>","protected":false},"excerpt":{"rendered":"<p>Bang Tick Tock 20000 Puffs: Nowa era palenia Bang Tick Tock 20000 Puffs oferuje wszystko, czego mo\u017ce oczekiwa\u0107 wymagaj\u0105cy palacz:...<\/p>","protected":false},"featured_media":6567,"template":"","meta":[],"etheme_brands":[],"product_brand":[101],"product_cat":[54,49,61],"product_tag":[],"class_list":{"0":"post-6560","1":"product","2":"type-product","3":"status-publish","4":"has-post-thumbnail","6":"product_brand-bang-king-vape","7":"product_cat-vape-20000-zuege","8":"product_cat-einweg-e-zigarette","9":"product_cat-f","11":"first","12":"instock","13":"shipping-taxable","14":"purchasable","15":"product-type-simple"},"yoast_head":"<!-- This site is optimized with the Yoast SEO plugin v26.5 - https:\/\/yoast.com\/wordpress\/plugins\/seo\/ -->\n<title>Blueberry Raspberry Von Bang Tick Tock 20000 Puffs Jetzt Zollerfrei Bestellen | Vapingnet.de<\/title>\n<meta name=\"description\" content=\"Entdecke Blueberry Raspberry Von Bang Tick Tock 20000 Puffs Jetzt Zollerfrei Bestellen bei vapingnet.de, \u25ba Gro\u00dfe Auswahl an Geschmacksrichtungen &amp; super g\u00fcnstig!\" \/>\n<meta name=\"robots\" content=\"index, follow, max-snippet:-1, max-image-preview:large, max-video-preview:-1\" \/>\n<link rel=\"canonical\" href=\"https:\/\/vapingnet.de\/pl\/vape\/blueberry-raspberry-von-bang-tick-tock-20000-puffs-jetzt-zollerfrei-bestellen\/\" \/>\n<meta property=\"og:locale\" content=\"pl_PL\" \/>\n<meta property=\"og:type\" content=\"article\" \/>\n<meta property=\"og:title\" content=\"Blueberry Raspberry Von Bang Tick Tock 20000 Puffs Jetzt Zollerfrei Bestellen | Vapingnet.de\" \/>\n<meta property=\"og:description\" content=\"Entdecke Blueberry Raspberry Von Bang Tick Tock 20000 Puffs Jetzt Zollerfrei Bestellen bei vapingnet.de, \u25ba Gro\u00dfe Auswahl an Geschmacksrichtungen &amp; super g\u00fcnstig!\" \/>\n<meta property=\"og:url\" content=\"https:\/\/vapingnet.de\/pl\/vape\/blueberry-raspberry-von-bang-tick-tock-20000-puffs-jetzt-zollerfrei-bestellen\/\" \/>\n<meta property=\"og:site_name\" content=\"Vapingnet.de\" \/>\n<meta property=\"article:publisher\" content=\"https:\/\/www.facebook.com\/vapingnetde\/\" \/>\n<meta property=\"article:modified_time\" content=\"2025-06-19T03:39:25+00:00\" \/>\n<meta property=\"og:image\" content=\"https:\/\/vapingnet.de\/wp-content\/uploads\/2025\/04\/Blueberry-Raspberry.webp\" \/>\n\t<meta property=\"og:image:width\" content=\"1000\" \/>\n\t<meta property=\"og:image:height\" content=\"1000\" \/>\n\t<meta property=\"og:image:type\" content=\"image\/webp\" \/>\n<meta name=\"twitter:card\" content=\"summary_large_image\" \/>\n<meta name=\"twitter:label1\" content=\"Est. reading time\" \/>\n\t<meta name=\"twitter:data1\" content=\"3 minutes\" \/>\n<script type=\"application\/ld+json\" class=\"yoast-schema-graph\">{\"@context\":\"https:\/\/schema.org\",\"@graph\":[{\"@type\":\"WebPage\",\"@id\":\"https:\/\/vapingnet.de\/vape\/blueberry-raspberry-von-bang-tick-tock-20000-puffs-jetzt-zollerfrei-bestellen\/\",\"url\":\"https:\/\/vapingnet.de\/vape\/blueberry-raspberry-von-bang-tick-tock-20000-puffs-jetzt-zollerfrei-bestellen\/\",\"name\":\"Blueberry Raspberry Von Bang Tick Tock 20000 Puffs Jetzt Zollerfrei Bestellen | Vapingnet.de\",\"isPartOf\":{\"@id\":\"https:\/\/vapingnet.de\/#website\"},\"primaryImageOfPage\":{\"@id\":\"https:\/\/vapingnet.de\/vape\/blueberry-raspberry-von-bang-tick-tock-20000-puffs-jetzt-zollerfrei-bestellen\/#primaryimage\"},\"image\":{\"@id\":\"https:\/\/vapingnet.de\/vape\/blueberry-raspberry-von-bang-tick-tock-20000-puffs-jetzt-zollerfrei-bestellen\/#primaryimage\"},\"thumbnailUrl\":\"https:\/\/vapingnet.de\/wp-content\/uploads\/2025\/04\/Blueberry-Raspberry.webp\",\"datePublished\":\"2025-04-27T07:33:05+00:00\",\"dateModified\":\"2025-06-19T03:39:25+00:00\",\"description\":\"Entdecke Blueberry Raspberry Von Bang Tick Tock 20000 Puffs Jetzt Zollerfrei Bestellen bei vapingnet.de, \u25ba Gro\u00dfe Auswahl an Geschmacksrichtungen & super g\u00fcnstig!\",\"breadcrumb\":{\"@id\":\"https:\/\/vapingnet.de\/vape\/blueberry-raspberry-von-bang-tick-tock-20000-puffs-jetzt-zollerfrei-bestellen\/#breadcrumb\"},\"inLanguage\":\"pl-PL\",\"potentialAction\":[{\"@type\":\"ReadAction\",\"target\":[\"https:\/\/vapingnet.de\/vape\/blueberry-raspberry-von-bang-tick-tock-20000-puffs-jetzt-zollerfrei-bestellen\/\"]}]},{\"@type\":\"ImageObject\",\"inLanguage\":\"pl-PL\",\"@id\":\"https:\/\/vapingnet.de\/vape\/blueberry-raspberry-von-bang-tick-tock-20000-puffs-jetzt-zollerfrei-bestellen\/#primaryimage\",\"url\":\"https:\/\/vapingnet.de\/wp-content\/uploads\/2025\/04\/Blueberry-Raspberry.webp\",\"contentUrl\":\"https:\/\/vapingnet.de\/wp-content\/uploads\/2025\/04\/Blueberry-Raspberry.webp\",\"width\":1000,\"height\":1000},{\"@type\":\"BreadcrumbList\",\"@id\":\"https:\/\/vapingnet.de\/vape\/blueberry-raspberry-von-bang-tick-tock-20000-puffs-jetzt-zollerfrei-bestellen\/#breadcrumb\",\"itemListElement\":[{\"@type\":\"ListItem\",\"position\":1,\"name\":\"Home\",\"item\":\"https:\/\/vapingnet.de\/\"},{\"@type\":\"ListItem\",\"position\":2,\"name\":\"Shop\",\"item\":\"https:\/\/vapingnet.de\/vape\/\"},{\"@type\":\"ListItem\",\"position\":3,\"name\":\"Blueberry Raspberry Von Bang Tick Tock 20000 Puffs Jetzt Zollerfrei Bestellen\"}]},{\"@type\":\"WebSite\",\"@id\":\"https:\/\/vapingnet.de\/#website\",\"url\":\"https:\/\/vapingnet.de\/\",\"name\":\"Vapingnet.de\",\"description\":\"\",\"publisher\":{\"@id\":\"https:\/\/vapingnet.de\/#organization\"},\"potentialAction\":[{\"@type\":\"SearchAction\",\"target\":{\"@type\":\"EntryPoint\",\"urlTemplate\":\"https:\/\/vapingnet.de\/?s={search_term_string}\"},\"query-input\":{\"@type\":\"PropertyValueSpecification\",\"valueRequired\":true,\"valueName\":\"search_term_string\"}}],\"inLanguage\":\"pl-PL\"},{\"@type\":\"Organization\",\"@id\":\"https:\/\/vapingnet.de\/#organization\",\"name\":\"Vapingnet.de\",\"url\":\"https:\/\/vapingnet.de\/\",\"logo\":{\"@type\":\"ImageObject\",\"inLanguage\":\"pl-PL\",\"@id\":\"https:\/\/vapingnet.de\/#\/schema\/logo\/image\/\",\"url\":\"https:\/\/vapingnet.de\/wp-content\/uploads\/2025\/03\/cropped-vapingnet.de_.jpg\",\"contentUrl\":\"https:\/\/vapingnet.de\/wp-content\/uploads\/2025\/03\/cropped-vapingnet.de_.jpg\",\"width\":512,\"height\":512,\"caption\":\"Vapingnet.de\"},\"image\":{\"@id\":\"https:\/\/vapingnet.de\/#\/schema\/logo\/image\/\"},\"sameAs\":[\"https:\/\/www.facebook.com\/vapingnetde\/\"]}]}<\/script>\n<!-- \/ Yoast SEO plugin. -->","yoast_head_json":{"title":"Blueberry Raspberry Von Bang Tick Tock 20000 Puffs Jetzt Zollerfrei Bestellen | Vapingnet.de","description":"Entdecke Blueberry Raspberry Von Bang Tick Tock 20000 Puffs Jetzt Zollerfrei Bestellen bei vapingnet.de, \u25ba Gro\u00dfe Auswahl an Geschmacksrichtungen & super g\u00fcnstig!","robots":{"index":"index","follow":"follow","max-snippet":"max-snippet:-1","max-image-preview":"max-image-preview:large","max-video-preview":"max-video-preview:-1"},"canonical":"https:\/\/vapingnet.de\/pl\/vape\/blueberry-raspberry-von-bang-tick-tock-20000-puffs-jetzt-zollerfrei-bestellen\/","og_locale":"pl_PL","og_type":"article","og_title":"Blueberry Raspberry Von Bang Tick Tock 20000 Puffs Jetzt Zollerfrei Bestellen | Vapingnet.de","og_description":"Entdecke Blueberry Raspberry Von Bang Tick Tock 20000 Puffs Jetzt Zollerfrei Bestellen bei vapingnet.de, \u25ba Gro\u00dfe Auswahl an Geschmacksrichtungen & super g\u00fcnstig!","og_url":"https:\/\/vapingnet.de\/pl\/vape\/blueberry-raspberry-von-bang-tick-tock-20000-puffs-jetzt-zollerfrei-bestellen\/","og_site_name":"Vapingnet.de","article_publisher":"https:\/\/www.facebook.com\/vapingnetde\/","article_modified_time":"2025-06-19T03:39:25+00:00","og_image":[{"width":1000,"height":1000,"url":"https:\/\/vapingnet.de\/wp-content\/uploads\/2025\/04\/Blueberry-Raspberry.webp","type":"image\/webp"}],"twitter_card":"summary_large_image","twitter_misc":{"Est. reading time":"3 minutes"},"schema":{"@context":"https:\/\/schema.org","@graph":[{"@type":"WebPage","@id":"https:\/\/vapingnet.de\/vape\/blueberry-raspberry-von-bang-tick-tock-20000-puffs-jetzt-zollerfrei-bestellen\/","url":"https:\/\/vapingnet.de\/vape\/blueberry-raspberry-von-bang-tick-tock-20000-puffs-jetzt-zollerfrei-bestellen\/","name":"Blueberry Raspberry Von Bang Tick Tock 20000 Puffs Jetzt Zollerfrei Bestellen | Vapingnet.de","isPartOf":{"@id":"https:\/\/vapingnet.de\/#website"},"primaryImageOfPage":{"@id":"https:\/\/vapingnet.de\/vape\/blueberry-raspberry-von-bang-tick-tock-20000-puffs-jetzt-zollerfrei-bestellen\/#primaryimage"},"image":{"@id":"https:\/\/vapingnet.de\/vape\/blueberry-raspberry-von-bang-tick-tock-20000-puffs-jetzt-zollerfrei-bestellen\/#primaryimage"},"thumbnailUrl":"https:\/\/vapingnet.de\/wp-content\/uploads\/2025\/04\/Blueberry-Raspberry.webp","datePublished":"2025-04-27T07:33:05+00:00","dateModified":"2025-06-19T03:39:25+00:00","description":"Entdecke Blueberry Raspberry Von Bang Tick Tock 20000 Puffs Jetzt Zollerfrei Bestellen bei vapingnet.de, \u25ba Gro\u00dfe Auswahl an Geschmacksrichtungen & super g\u00fcnstig!","breadcrumb":{"@id":"https:\/\/vapingnet.de\/vape\/blueberry-raspberry-von-bang-tick-tock-20000-puffs-jetzt-zollerfrei-bestellen\/#breadcrumb"},"inLanguage":"pl-PL","potentialAction":[{"@type":"ReadAction","target":["https:\/\/vapingnet.de\/vape\/blueberry-raspberry-von-bang-tick-tock-20000-puffs-jetzt-zollerfrei-bestellen\/"]}]},{"@type":"ImageObject","inLanguage":"pl-PL","@id":"https:\/\/vapingnet.de\/vape\/blueberry-raspberry-von-bang-tick-tock-20000-puffs-jetzt-zollerfrei-bestellen\/#primaryimage","url":"https:\/\/vapingnet.de\/wp-content\/uploads\/2025\/04\/Blueberry-Raspberry.webp","contentUrl":"https:\/\/vapingnet.de\/wp-content\/uploads\/2025\/04\/Blueberry-Raspberry.webp","width":1000,"height":1000},{"@type":"BreadcrumbList","@id":"https:\/\/vapingnet.de\/vape\/blueberry-raspberry-von-bang-tick-tock-20000-puffs-jetzt-zollerfrei-bestellen\/#breadcrumb","itemListElement":[{"@type":"ListItem","position":1,"name":"Home","item":"https:\/\/vapingnet.de\/"},{"@type":"ListItem","position":2,"name":"Shop","item":"https:\/\/vapingnet.de\/vape\/"},{"@type":"ListItem","position":3,"name":"Blueberry Raspberry Von Bang Tick Tock 20000 Puffs Jetzt Zollerfrei Bestellen"}]},{"@type":"WebSite","@id":"https:\/\/vapingnet.de\/#website","url":"https:\/\/vapingnet.de\/","name":"Vapingnet.de","description":"","publisher":{"@id":"https:\/\/vapingnet.de\/#organization"},"potentialAction":[{"@type":"SearchAction","target":{"@type":"EntryPoint","urlTemplate":"https:\/\/vapingnet.de\/?s={search_term_string}"},"query-input":{"@type":"PropertyValueSpecification","valueRequired":true,"valueName":"search_term_string"}}],"inLanguage":"pl-PL"},{"@type":"Organization","@id":"https:\/\/vapingnet.de\/#organization","name":"Vapingnet.de","url":"https:\/\/vapingnet.de\/","logo":{"@type":"ImageObject","inLanguage":"pl-PL","@id":"https:\/\/vapingnet.de\/#\/schema\/logo\/image\/","url":"https:\/\/vapingnet.de\/wp-content\/uploads\/2025\/03\/cropped-vapingnet.de_.jpg","contentUrl":"https:\/\/vapingnet.de\/wp-content\/uploads\/2025\/03\/cropped-vapingnet.de_.jpg","width":512,"height":512,"caption":"Vapingnet.de"},"image":{"@id":"https:\/\/vapingnet.de\/#\/schema\/logo\/image\/"},"sameAs":["https:\/\/www.facebook.com\/vapingnetde\/"]}]}},"tiered_pricing_type":"fixed","tiered_pricing_fixed_rules":{"10":"10.44","60":"9.4","110":"8.35","200":"7.31"},"tiered_pricing_product_settings":{"layout":"default","base_unit_name":{"singular":null,"plural":null},"default_variation":null},"tiered_pricing_minimum_quantity":null,"tiered_pricing_roles_data":[],"tiered_pricing_percentage_rules":[],"_links":{"self":[{"href":"https:\/\/vapingnet.de\/pl\/wp-json\/wp\/v2\/product\/6560","targetHints":{"allow":["GET"]}}],"collection":[{"href":"https:\/\/vapingnet.de\/pl\/wp-json\/wp\/v2\/product"}],"about":[{"href":"https:\/\/vapingnet.de\/pl\/wp-json\/wp\/v2\/types\/product"}],"version-history":[{"count":1,"href":"https:\/\/vapingnet.de\/pl\/wp-json\/wp\/v2\/product\/6560\/revisions"}],"predecessor-version":[{"id":6578,"href":"https:\/\/vapingnet.de\/pl\/wp-json\/wp\/v2\/product\/6560\/revisions\/6578"}],"wp:featuredmedia":[{"embeddable":true,"href":"https:\/\/vapingnet.de\/pl\/wp-json\/wp\/v2\/media\/6567"}],"wp:attachment":[{"href":"https:\/\/vapingnet.de\/pl\/wp-json\/wp\/v2\/media?parent=6560"}],"wp:term":[{"taxonomy":"brand","embeddable":true,"href":"https:\/\/vapingnet.de\/pl\/wp-json\/wp\/v2\/etheme_brands?post=6560"},{"taxonomy":"product_brand","embeddable":true,"href":"https:\/\/vapingnet.de\/pl\/wp-json\/wp\/v2\/product_brand?post=6560"},{"taxonomy":"product_cat","embeddable":true,"href":"https:\/\/vapingnet.de\/pl\/wp-json\/wp\/v2\/product_cat?post=6560"},{"taxonomy":"product_tag","embeddable":true,"href":"https:\/\/vapingnet.de\/pl\/wp-json\/wp\/v2\/product_tag?post=6560"}],"curies":[{"name":"wp","href":"https:\/\/api.w.org\/{rel}","templated":true}]}}