{"id":6562,"date":"2025-04-27T07:33:09","date_gmt":"2025-04-27T07:33:09","guid":{"rendered":"https:\/\/vapingnet.de\/?post_type=product&#038;p=6562"},"modified":"2025-06-19T03:39:25","modified_gmt":"2025-06-19T03:39:25","slug":"strawberry-mango-in-bang-tick-tock-20000-puffs-der-perfekte-genuss-fuer-dich","status":"publish","type":"product","link":"https:\/\/vapingnet.de\/pl\/vape\/strawberry-mango-in-bang-tick-tock-20000-puffs-der-perfekte-genuss-fuer-dich\/","title":{"rendered":"Truskawka mango w Bang Tick Tock 20000 Pali. Idealna rozkosz dla Ciebie"},"content":{"rendered":"<h2 data-start=\"0\" data-end=\"73\" data-immersive-translate-walked=\"f86bfdd0-e028-44d7-96d5-bb429d300d32\">Bang Tick Tock 20000 Puffs: Do\u015bwiadczenie vapowania nast\u0119pnej generacji<\/h2>\n<p class=\"\" data-start=\"75\" data-end=\"426\" data-immersive-translate-walked=\"f86bfdd0-e028-44d7-96d5-bb429d300d32\" data-immersive-translate-paragraph=\"1\">Bang Tick Tock 20000 Puffs to jednorazowa e-papieros, wyr\u00f3\u017cniaj\u0105ca si\u0119 innowacyjn\u0105 technologi\u0105 i szczeg\u00f3lnym naciskiem na \u0142atwo\u015b\u0107 obs\u0142ugi. Dzi\u0119ki szerokiemu zakresowi funkcji i unikalnemu smakowi oferuje do\u015bwiadczenie vapowania, kt\u00f3re stanowi warto\u015b\u0107 zar\u00f3wno dla pocz\u0105tkuj\u0105cych, jak i do\u015bwiadczonych vaporyst\u00f3w.<\/p>\n<h3>Cechy techniczne Bang Tick Tock 20000 Puffs<\/h3>\n<p class=\"\" data-start=\"488\" data-end=\"568\" data-immersive-translate-walked=\"f86bfdd0-e028-44d7-96d5-bb429d300d32\" data-immersive-translate-paragraph=\"1\">Bang Tick Tock 20000 Puffs wyr\u00f3\u017cnia si\u0119 mocnym wyposa\u017ceniem:<\/p>\n<ul data-start=\"570\" data-end=\"1021\" data-immersive-translate-walked=\"f86bfdd0-e028-44d7-96d5-bb429d300d32\">\n<li class=\"\" data-start=\"570\" data-end=\"681\" data-immersive-translate-walked=\"f86bfdd0-e028-44d7-96d5-bb429d300d32\">\n<p class=\"\" data-start=\"572\" data-end=\"681\" data-immersive-translate-walked=\"f86bfdd0-e028-44d7-96d5-bb429d300d32\" data-immersive-translate-paragraph=\"1\">Mesh Coil 1.0ohm: Mesh Coil o oporno\u015bci 1.0 Ohma zapewnia r\u00f3wnomierne odparowywanie i intensywny smak.<\/p>\n<\/li>\n<li class=\"\" data-start=\"682\" data-end=\"792\" data-immersive-translate-walked=\"f86bfdd0-e028-44d7-96d5-bb429d300d32\">\n<p class=\"\" data-start=\"684\" data-end=\"792\" data-immersive-translate-walked=\"f86bfdd0-e028-44d7-96d5-bb429d300d32\" data-immersive-translate-paragraph=\"1\">Pojemno\u015b\u0107 e-liquid: 25 ml e-liquid zapewnia wystarczaj\u0105c\u0105 pojemno\u015b\u0107 na d\u0142ugotrwa\u0142e korzystanie.<\/p>\n<\/li>\n<li class=\"\" data-start=\"793\" data-end=\"918\" data-immersive-translate-walked=\"f86bfdd0-e028-44d7-96d5-bb429d300d32\">\n<p class=\"\" data-start=\"795\" data-end=\"918\" data-immersive-translate-walked=\"f86bfdd0-e028-44d7-96d5-bb429d300d32\" data-immersive-translate-paragraph=\"1\">Bateria: Wbudowany akumulator 500mAh umo\u017cliwia do 20 000 zaci\u0105gni\u0119\u0107, co czyni Bang Tick Tock wyj\u0105tkowo trwa\u0142ym urz\u0105dzeniem.<\/p>\n<\/li>\n<li class=\"\" data-start=\"919\" data-end=\"1021\" data-immersive-translate-walked=\"f86bfdd0-e028-44d7-96d5-bb429d300d32\">\n<p class=\"\" data-start=\"921\" data-end=\"1021\" data-immersive-translate-walked=\"f86bfdd0-e028-44d7-96d5-bb429d300d32\" data-immersive-translate-paragraph=\"1\">Port \u0142adowania Typ-C: Nowoczesny port Typ-C umo\u017cliwia szybkie i wygodne \u0142adowanie.<\/p>\n<\/li>\n<\/ul>\n<h4 data-start=\"1023\" data-end=\"1062\" data-immersive-translate-walked=\"f86bfdd0-e028-44d7-96d5-bb429d300d32\">Vaping z dwoma trybami<\/h4>\n<p class=\"\" data-start=\"1064\" data-end=\"1127\" data-immersive-translate-walked=\"f86bfdd0-e028-44d7-96d5-bb429d300d32\" data-immersive-translate-paragraph=\"1\">Bang Tick Tock oferuje dwie r\u00f3\u017cne opcje vapowania:<\/p>\n<ol data-start=\"1129\" data-end=\"1498\" data-immersive-translate-walked=\"f86bfdd0-e028-44d7-96d5-bb429d300d32\">\n<li class=\"\" data-start=\"1129\" data-end=\"1285\" data-immersive-translate-walked=\"f86bfdd0-e028-44d7-96d5-bb429d300d32\">\n<p class=\"\" data-start=\"1132\" data-end=\"1285\" data-immersive-translate-walked=\"f86bfdd0-e028-44d7-96d5-bb429d300d32\" data-immersive-translate-paragraph=\"1\">Tryb Dynamiczny: Podczas vapowania obraca si\u0119 system z\u0119batkowy, tworz\u0105c wizualne, dynamiczne do\u015bwiadczenie, kt\u00f3re podnosi vapowanie na nowy poziom.<\/p>\n<\/li>\n<li class=\"\" data-start=\"1286\" data-end=\"1498\" data-immersive-translate-walked=\"f86bfdd0-e028-44d7-96d5-bb429d300d32\">\n<p class=\"\" data-start=\"1289\" data-end=\"1498\" data-immersive-translate-walked=\"f86bfdd0-e028-44d7-96d5-bb429d300d32\" data-immersive-translate-paragraph=\"1\">Tryb Cichy: Dla tych, kt\u00f3rzy wol\u0105 cisz\u0119 i dyskrecj\u0119, mo\u017cna aktywowa\u0107 tryb cichy. Trzy szybkie zaci\u0105gni\u0119cia w ci\u0105gu dw\u00f3ch sekund zatrzymuj\u0105 system z\u0119batkowy, co sprawia, \u017ce vapowanie jest dyskretne.<\/p>\n<\/li>\n<\/ol>\n<h4 data-start=\"1500\" data-end=\"1535\" data-immersive-translate-walked=\"f86bfdd0-e028-44d7-96d5-bb429d300d32\">Smak: Truskawka Mango<\/h4>\n<p class=\"\" data-start=\"1537\" data-end=\"1896\" data-immersive-translate-walked=\"f86bfdd0-e028-44d7-96d5-bb429d300d32\" data-immersive-translate-paragraph=\"1\">Po\u0142\u0105czenie Truskawki i Mango zapewnia \u015bwie\u017ce i egzotyczne doznania smakowe. S\u0142odka truskawka i tropikalne mango harmonijnie ze sob\u0105 wsp\u00f3\u0142graj\u0105, oferuj\u0105c smaczne, orze\u017awiaj\u0105ce doznania z chmur\u0105 dymu, kt\u00f3re utrzymuj\u0105 si\u0119 przez ca\u0142y dzie\u0144. Ta mieszanka smakowa jest szczeg\u00f3lnie polecana dla vaporyst\u00f3w preferuj\u0105cych owocowe i s\u0142odkie aromaty.<\/p>\n<h4 data-start=\"1898\" data-end=\"1940\" data-immersive-translate-walked=\"f86bfdd0-e028-44d7-96d5-bb429d300d32\">Przyjazno\u015b\u0107 dla u\u017cytkownika i komfort<\/h4>\n<p class=\"\" data-start=\"1942\" data-end=\"2224\" data-immersive-translate-walked=\"f86bfdd0-e028-44d7-96d5-bb429d300d32\" data-immersive-translate-paragraph=\"1\">Dzi\u0119ki technologii aktywowanej przez zaci\u0105gni\u0119cie, Bang Tick Tock jest wyj\u0105tkowo przyjazny dla u\u017cytkownika. Wystarczy, \u017ce zaci\u0105gniesz si\u0119 z e-papierosa, aby aktywowa\u0107 wydmuch pary. To czyni vapowanie niezwykle wygodnym, poniewa\u017c nie wymaga przycisk\u00f3w ani dodatkowych ustawie\u0144.<\/p>\n<h4 data-start=\"2226\" data-end=\"2279\" data-immersive-translate-walked=\"f86bfdd0-e028-44d7-96d5-bb429d300d32\">Szybka dostawa i zwolnione z podatku zam\u00f3wienie<\/h4>\n<p class=\"\" data-start=\"2281\" data-end=\"2530\" data-immersive-translate-walked=\"f86bfdd0-e028-44d7-96d5-bb429d300d32\" data-immersive-translate-paragraph=\"1\">Bang Tick Tock 20000 Puffs jest dost\u0119pny w vapingnet.de, a klienci mog\u0105 skorzysta\u0107 z szybkiej dostawy w ci\u0105gu 7 do 15 dni roboczych. Dodatkowo nie obowi\u0105zuj\u0105 c\u0142a, co czyni zam\u00f3wienie szczeg\u00f3lnie atrakcyjnym.<\/p>\n<h4 data-start=\"2532\" data-end=\"2566\" data-immersive-translate-walked=\"f86bfdd0-e028-44d7-96d5-bb429d300d32\">R\u00f3\u017cne poziomy nikotyny<\/h4>\n<p class=\"\" data-start=\"2568\" data-end=\"2775\" data-immersive-translate-walked=\"f86bfdd0-e028-44d7-96d5-bb429d300d32\" data-immersive-translate-paragraph=\"1\">Dla vaporyst\u00f3w, kt\u00f3rzy chc\u0105 indywidualnie dostosowa\u0107 dawk\u0119 nikotyny, Bang Tick Tock oferuje r\u00f3\u017cne st\u0119\u017cenia nikotyny: 0%, 2%, 3%, 5%. W ten spos\u00f3b ka\u017cdy u\u017cytkownik mo\u017ce wybra\u0107 odpowiednie do\u015bwiadczenie vapowania dla siebie.<\/p>\n<p class=\"\" data-start=\"2792\" data-end=\"3216\" data-immersive-translate-walked=\"f86bfdd0-e028-44d7-96d5-bb429d300d32\" data-immersive-translate-paragraph=\"1\">Z Bang Tick Tock 20000 Puffs vaporzy otrzymuj\u0105 nowoczesne, przyjazne dla u\u017cytkownika urz\u0105dzenie, kt\u00f3re przekonuje zar\u00f3wno pod wzgl\u0119dem technicznym, jak i smakowym. Po\u0142\u0105czenie innowacyjnych funkcji, takich jak Tryb Dynamiczny i Tryb Cichy, oraz pyszny smak Truskawki Mango sprawia, \u017ce ta jednorazowa e-papieros jest doskona\u0142ym wyborem dla wszystkich poszukuj\u0105cych wyj\u0105tkowego do\u015bwiadczenia vapowania.<\/p>","protected":false},"excerpt":{"rendered":"<p>Bang Tick Tock 20000 Puffs: Do\u015bwiadczenie vapingu nowej generacji Bang Tick Tock 20000 Puffs to jednorazowy e-papieros, kt\u00f3ry wyr\u00f3\u017cnia si\u0119 swoj\u0105 innowacyjn\u0105 technologi\u0105...<\/p>","protected":false},"featured_media":6572,"template":"","meta":[],"etheme_brands":[],"product_brand":[101],"product_cat":[54,49,61],"product_tag":[],"class_list":{"0":"post-6562","1":"product","2":"type-product","3":"status-publish","4":"has-post-thumbnail","6":"product_brand-bang-king-vape","7":"product_cat-vape-20000-zuege","8":"product_cat-einweg-e-zigarette","9":"product_cat-f","11":"first","12":"instock","13":"shipping-taxable","14":"purchasable","15":"product-type-simple"},"yoast_head":"<!-- This site is optimized with the Yoast SEO plugin v26.5 - https:\/\/yoast.com\/wordpress\/plugins\/seo\/ -->\n<title>Strawberry Mango In Bang Tick Tock 20000 Puffs Der Perfekte Genuss F\u00fcr Dich | Vapingnet.de<\/title>\n<meta name=\"description\" content=\"Entdecke Strawberry Mango In Bang Tick Tock 20000 Puffs Der Perfekte Genuss F\u00fcr Dich bei vapingnet.de, \u25ba Gro\u00dfe Auswahl an Geschmacksrichtungen &amp; super g\u00fcnstig!\" \/>\n<meta name=\"robots\" content=\"index, follow, max-snippet:-1, max-image-preview:large, max-video-preview:-1\" \/>\n<link rel=\"canonical\" href=\"https:\/\/vapingnet.de\/pl\/vape\/strawberry-mango-in-bang-tick-tock-20000-puffs-der-perfekte-genuss-fuer-dich\/\" \/>\n<meta property=\"og:locale\" content=\"pl_PL\" \/>\n<meta property=\"og:type\" content=\"article\" \/>\n<meta property=\"og:title\" content=\"Strawberry Mango In Bang Tick Tock 20000 Puffs Der Perfekte Genuss F\u00fcr Dich | Vapingnet.de\" \/>\n<meta property=\"og:description\" content=\"Entdecke Strawberry Mango In Bang Tick Tock 20000 Puffs Der Perfekte Genuss F\u00fcr Dich bei vapingnet.de, \u25ba Gro\u00dfe Auswahl an Geschmacksrichtungen &amp; super g\u00fcnstig!\" \/>\n<meta property=\"og:url\" content=\"https:\/\/vapingnet.de\/pl\/vape\/strawberry-mango-in-bang-tick-tock-20000-puffs-der-perfekte-genuss-fuer-dich\/\" \/>\n<meta property=\"og:site_name\" content=\"Vapingnet.de\" \/>\n<meta property=\"article:publisher\" content=\"https:\/\/www.facebook.com\/vapingnetde\/\" \/>\n<meta property=\"article:modified_time\" content=\"2025-06-19T03:39:25+00:00\" \/>\n<meta property=\"og:image\" content=\"https:\/\/vapingnet.de\/wp-content\/uploads\/2025\/04\/Strawberry-Mango.webp\" \/>\n\t<meta property=\"og:image:width\" content=\"1000\" \/>\n\t<meta property=\"og:image:height\" content=\"1000\" \/>\n\t<meta property=\"og:image:type\" content=\"image\/webp\" \/>\n<meta name=\"twitter:card\" content=\"summary_large_image\" \/>\n<meta name=\"twitter:label1\" content=\"Est. reading time\" \/>\n\t<meta name=\"twitter:data1\" content=\"3 minutes\" \/>\n<script type=\"application\/ld+json\" class=\"yoast-schema-graph\">{\"@context\":\"https:\/\/schema.org\",\"@graph\":[{\"@type\":\"WebPage\",\"@id\":\"https:\/\/vapingnet.de\/vape\/strawberry-mango-in-bang-tick-tock-20000-puffs-der-perfekte-genuss-fuer-dich\/\",\"url\":\"https:\/\/vapingnet.de\/vape\/strawberry-mango-in-bang-tick-tock-20000-puffs-der-perfekte-genuss-fuer-dich\/\",\"name\":\"Strawberry Mango In Bang Tick Tock 20000 Puffs Der Perfekte Genuss F\u00fcr Dich | Vapingnet.de\",\"isPartOf\":{\"@id\":\"https:\/\/vapingnet.de\/#website\"},\"primaryImageOfPage\":{\"@id\":\"https:\/\/vapingnet.de\/vape\/strawberry-mango-in-bang-tick-tock-20000-puffs-der-perfekte-genuss-fuer-dich\/#primaryimage\"},\"image\":{\"@id\":\"https:\/\/vapingnet.de\/vape\/strawberry-mango-in-bang-tick-tock-20000-puffs-der-perfekte-genuss-fuer-dich\/#primaryimage\"},\"thumbnailUrl\":\"https:\/\/vapingnet.de\/wp-content\/uploads\/2025\/04\/Strawberry-Mango.webp\",\"datePublished\":\"2025-04-27T07:33:09+00:00\",\"dateModified\":\"2025-06-19T03:39:25+00:00\",\"description\":\"Entdecke Strawberry Mango In Bang Tick Tock 20000 Puffs Der Perfekte Genuss F\u00fcr Dich bei vapingnet.de, \u25ba Gro\u00dfe Auswahl an Geschmacksrichtungen & super g\u00fcnstig!\",\"breadcrumb\":{\"@id\":\"https:\/\/vapingnet.de\/vape\/strawberry-mango-in-bang-tick-tock-20000-puffs-der-perfekte-genuss-fuer-dich\/#breadcrumb\"},\"inLanguage\":\"pl-PL\",\"potentialAction\":[{\"@type\":\"ReadAction\",\"target\":[\"https:\/\/vapingnet.de\/vape\/strawberry-mango-in-bang-tick-tock-20000-puffs-der-perfekte-genuss-fuer-dich\/\"]}]},{\"@type\":\"ImageObject\",\"inLanguage\":\"pl-PL\",\"@id\":\"https:\/\/vapingnet.de\/vape\/strawberry-mango-in-bang-tick-tock-20000-puffs-der-perfekte-genuss-fuer-dich\/#primaryimage\",\"url\":\"https:\/\/vapingnet.de\/wp-content\/uploads\/2025\/04\/Strawberry-Mango.webp\",\"contentUrl\":\"https:\/\/vapingnet.de\/wp-content\/uploads\/2025\/04\/Strawberry-Mango.webp\",\"width\":1000,\"height\":1000},{\"@type\":\"BreadcrumbList\",\"@id\":\"https:\/\/vapingnet.de\/vape\/strawberry-mango-in-bang-tick-tock-20000-puffs-der-perfekte-genuss-fuer-dich\/#breadcrumb\",\"itemListElement\":[{\"@type\":\"ListItem\",\"position\":1,\"name\":\"Home\",\"item\":\"https:\/\/vapingnet.de\/\"},{\"@type\":\"ListItem\",\"position\":2,\"name\":\"Shop\",\"item\":\"https:\/\/vapingnet.de\/vape\/\"},{\"@type\":\"ListItem\",\"position\":3,\"name\":\"Strawberry Mango In Bang Tick Tock 20000 Puffs Der Perfekte Genuss F\u00fcr Dich\"}]},{\"@type\":\"WebSite\",\"@id\":\"https:\/\/vapingnet.de\/#website\",\"url\":\"https:\/\/vapingnet.de\/\",\"name\":\"Vapingnet.de\",\"description\":\"\",\"publisher\":{\"@id\":\"https:\/\/vapingnet.de\/#organization\"},\"potentialAction\":[{\"@type\":\"SearchAction\",\"target\":{\"@type\":\"EntryPoint\",\"urlTemplate\":\"https:\/\/vapingnet.de\/?s={search_term_string}\"},\"query-input\":{\"@type\":\"PropertyValueSpecification\",\"valueRequired\":true,\"valueName\":\"search_term_string\"}}],\"inLanguage\":\"pl-PL\"},{\"@type\":\"Organization\",\"@id\":\"https:\/\/vapingnet.de\/#organization\",\"name\":\"Vapingnet.de\",\"url\":\"https:\/\/vapingnet.de\/\",\"logo\":{\"@type\":\"ImageObject\",\"inLanguage\":\"pl-PL\",\"@id\":\"https:\/\/vapingnet.de\/#\/schema\/logo\/image\/\",\"url\":\"https:\/\/vapingnet.de\/wp-content\/uploads\/2025\/03\/cropped-vapingnet.de_.jpg\",\"contentUrl\":\"https:\/\/vapingnet.de\/wp-content\/uploads\/2025\/03\/cropped-vapingnet.de_.jpg\",\"width\":512,\"height\":512,\"caption\":\"Vapingnet.de\"},\"image\":{\"@id\":\"https:\/\/vapingnet.de\/#\/schema\/logo\/image\/\"},\"sameAs\":[\"https:\/\/www.facebook.com\/vapingnetde\/\"]}]}<\/script>\n<!-- \/ Yoast SEO plugin. -->","yoast_head_json":{"title":"Strawberry Mango In Bang Tick Tock 20000 Puffs Der Perfekte Genuss F\u00fcr Dich | Vapingnet.de","description":"Entdecke Strawberry Mango In Bang Tick Tock 20000 Puffs Der Perfekte Genuss F\u00fcr Dich bei vapingnet.de, \u25ba Gro\u00dfe Auswahl an Geschmacksrichtungen & super g\u00fcnstig!","robots":{"index":"index","follow":"follow","max-snippet":"max-snippet:-1","max-image-preview":"max-image-preview:large","max-video-preview":"max-video-preview:-1"},"canonical":"https:\/\/vapingnet.de\/pl\/vape\/strawberry-mango-in-bang-tick-tock-20000-puffs-der-perfekte-genuss-fuer-dich\/","og_locale":"pl_PL","og_type":"article","og_title":"Strawberry Mango In Bang Tick Tock 20000 Puffs Der Perfekte Genuss F\u00fcr Dich | Vapingnet.de","og_description":"Entdecke Strawberry Mango In Bang Tick Tock 20000 Puffs Der Perfekte Genuss F\u00fcr Dich bei vapingnet.de, \u25ba Gro\u00dfe Auswahl an Geschmacksrichtungen & super g\u00fcnstig!","og_url":"https:\/\/vapingnet.de\/pl\/vape\/strawberry-mango-in-bang-tick-tock-20000-puffs-der-perfekte-genuss-fuer-dich\/","og_site_name":"Vapingnet.de","article_publisher":"https:\/\/www.facebook.com\/vapingnetde\/","article_modified_time":"2025-06-19T03:39:25+00:00","og_image":[{"width":1000,"height":1000,"url":"https:\/\/vapingnet.de\/wp-content\/uploads\/2025\/04\/Strawberry-Mango.webp","type":"image\/webp"}],"twitter_card":"summary_large_image","twitter_misc":{"Est. reading time":"3 minutes"},"schema":{"@context":"https:\/\/schema.org","@graph":[{"@type":"WebPage","@id":"https:\/\/vapingnet.de\/vape\/strawberry-mango-in-bang-tick-tock-20000-puffs-der-perfekte-genuss-fuer-dich\/","url":"https:\/\/vapingnet.de\/vape\/strawberry-mango-in-bang-tick-tock-20000-puffs-der-perfekte-genuss-fuer-dich\/","name":"Strawberry Mango In Bang Tick Tock 20000 Puffs Der Perfekte Genuss F\u00fcr Dich | Vapingnet.de","isPartOf":{"@id":"https:\/\/vapingnet.de\/#website"},"primaryImageOfPage":{"@id":"https:\/\/vapingnet.de\/vape\/strawberry-mango-in-bang-tick-tock-20000-puffs-der-perfekte-genuss-fuer-dich\/#primaryimage"},"image":{"@id":"https:\/\/vapingnet.de\/vape\/strawberry-mango-in-bang-tick-tock-20000-puffs-der-perfekte-genuss-fuer-dich\/#primaryimage"},"thumbnailUrl":"https:\/\/vapingnet.de\/wp-content\/uploads\/2025\/04\/Strawberry-Mango.webp","datePublished":"2025-04-27T07:33:09+00:00","dateModified":"2025-06-19T03:39:25+00:00","description":"Entdecke Strawberry Mango In Bang Tick Tock 20000 Puffs Der Perfekte Genuss F\u00fcr Dich bei vapingnet.de, \u25ba Gro\u00dfe Auswahl an Geschmacksrichtungen & super g\u00fcnstig!","breadcrumb":{"@id":"https:\/\/vapingnet.de\/vape\/strawberry-mango-in-bang-tick-tock-20000-puffs-der-perfekte-genuss-fuer-dich\/#breadcrumb"},"inLanguage":"pl-PL","potentialAction":[{"@type":"ReadAction","target":["https:\/\/vapingnet.de\/vape\/strawberry-mango-in-bang-tick-tock-20000-puffs-der-perfekte-genuss-fuer-dich\/"]}]},{"@type":"ImageObject","inLanguage":"pl-PL","@id":"https:\/\/vapingnet.de\/vape\/strawberry-mango-in-bang-tick-tock-20000-puffs-der-perfekte-genuss-fuer-dich\/#primaryimage","url":"https:\/\/vapingnet.de\/wp-content\/uploads\/2025\/04\/Strawberry-Mango.webp","contentUrl":"https:\/\/vapingnet.de\/wp-content\/uploads\/2025\/04\/Strawberry-Mango.webp","width":1000,"height":1000},{"@type":"BreadcrumbList","@id":"https:\/\/vapingnet.de\/vape\/strawberry-mango-in-bang-tick-tock-20000-puffs-der-perfekte-genuss-fuer-dich\/#breadcrumb","itemListElement":[{"@type":"ListItem","position":1,"name":"Home","item":"https:\/\/vapingnet.de\/"},{"@type":"ListItem","position":2,"name":"Shop","item":"https:\/\/vapingnet.de\/vape\/"},{"@type":"ListItem","position":3,"name":"Strawberry Mango In Bang Tick Tock 20000 Puffs Der Perfekte Genuss F\u00fcr Dich"}]},{"@type":"WebSite","@id":"https:\/\/vapingnet.de\/#website","url":"https:\/\/vapingnet.de\/","name":"Vapingnet.de","description":"","publisher":{"@id":"https:\/\/vapingnet.de\/#organization"},"potentialAction":[{"@type":"SearchAction","target":{"@type":"EntryPoint","urlTemplate":"https:\/\/vapingnet.de\/?s={search_term_string}"},"query-input":{"@type":"PropertyValueSpecification","valueRequired":true,"valueName":"search_term_string"}}],"inLanguage":"pl-PL"},{"@type":"Organization","@id":"https:\/\/vapingnet.de\/#organization","name":"Vapingnet.de","url":"https:\/\/vapingnet.de\/","logo":{"@type":"ImageObject","inLanguage":"pl-PL","@id":"https:\/\/vapingnet.de\/#\/schema\/logo\/image\/","url":"https:\/\/vapingnet.de\/wp-content\/uploads\/2025\/03\/cropped-vapingnet.de_.jpg","contentUrl":"https:\/\/vapingnet.de\/wp-content\/uploads\/2025\/03\/cropped-vapingnet.de_.jpg","width":512,"height":512,"caption":"Vapingnet.de"},"image":{"@id":"https:\/\/vapingnet.de\/#\/schema\/logo\/image\/"},"sameAs":["https:\/\/www.facebook.com\/vapingnetde\/"]}]}},"tiered_pricing_type":"fixed","tiered_pricing_fixed_rules":{"10":"10.44","60":"9.4","110":"8.35","200":"7.31"},"tiered_pricing_product_settings":{"layout":"default","base_unit_name":{"singular":null,"plural":null},"default_variation":null},"tiered_pricing_minimum_quantity":null,"tiered_pricing_roles_data":[],"tiered_pricing_percentage_rules":[],"_links":{"self":[{"href":"https:\/\/vapingnet.de\/pl\/wp-json\/wp\/v2\/product\/6562","targetHints":{"allow":["GET"]}}],"collection":[{"href":"https:\/\/vapingnet.de\/pl\/wp-json\/wp\/v2\/product"}],"about":[{"href":"https:\/\/vapingnet.de\/pl\/wp-json\/wp\/v2\/types\/product"}],"version-history":[{"count":1,"href":"https:\/\/vapingnet.de\/pl\/wp-json\/wp\/v2\/product\/6562\/revisions"}],"predecessor-version":[{"id":6580,"href":"https:\/\/vapingnet.de\/pl\/wp-json\/wp\/v2\/product\/6562\/revisions\/6580"}],"wp:featuredmedia":[{"embeddable":true,"href":"https:\/\/vapingnet.de\/pl\/wp-json\/wp\/v2\/media\/6572"}],"wp:attachment":[{"href":"https:\/\/vapingnet.de\/pl\/wp-json\/wp\/v2\/media?parent=6562"}],"wp:term":[{"taxonomy":"brand","embeddable":true,"href":"https:\/\/vapingnet.de\/pl\/wp-json\/wp\/v2\/etheme_brands?post=6562"},{"taxonomy":"product_brand","embeddable":true,"href":"https:\/\/vapingnet.de\/pl\/wp-json\/wp\/v2\/product_brand?post=6562"},{"taxonomy":"product_cat","embeddable":true,"href":"https:\/\/vapingnet.de\/pl\/wp-json\/wp\/v2\/product_cat?post=6562"},{"taxonomy":"product_tag","embeddable":true,"href":"https:\/\/vapingnet.de\/pl\/wp-json\/wp\/v2\/product_tag?post=6562"}],"curies":[{"name":"wp","href":"https:\/\/api.w.org\/{rel}","templated":true}]}}