{"id":6584,"date":"2025-04-27T08:01:53","date_gmt":"2025-04-27T08:01:53","guid":{"rendered":"https:\/\/vapingnet.de\/?post_type=product&#038;p=6584"},"modified":"2025-06-19T03:39:23","modified_gmt":"2025-06-19T03:39:23","slug":"bang-tick-tock-20000-puffs-mit-blackdragon-ice-der-geschmack-des-sommers","status":"publish","type":"product","link":"https:\/\/vapingnet.de\/pl\/vape\/bang-tick-tock-20000-puffs-mit-blackdragon-ice-der-geschmack-des-sommers\/","title":{"rendered":"Bang Tick Tock 20000 Puffs z Blackdragon Ice \u2013 smak lata"},"content":{"rendered":"<h2 data-start=\"0\" data-end=\"64\">Bang Tick Tock 20000 Puffs \u2013 Nowy wymiar vapingu<\/h2>\n<p class=\"\" data-start=\"66\" data-end=\"488\">Bang Tick Tock 20000 Puffs to idealny wyb\u00f3r dla wszystkich vapor\u00f3w, kt\u00f3rzy szukaj\u0105 wydajnego, przyjaznego dla u\u017cytkownika i innowacyjnego jednorazowego e-papierosa. Dzi\u0119ki licznym nowoczesnym funkcjom i unikalnemu doznaniu smakowemu, ten e-papieros spe\u0142nia wszystkie oczekiwania. Przyjrzyjmy si\u0119 szczeg\u00f3\u0142owo najwa\u017cniejszym cechom i korzy\u015bciom.<\/p>\n<h3 class=\"\" data-start=\"490\" data-end=\"548\">Cechy techniczne Bang Tick Tock 20000 Puffs<\/h3>\n<p class=\"\" data-start=\"550\" data-end=\"749\">Bang Tick Tock zachwyca wieloma innowacjami technicznymi. Jego mocne komponenty zapewniaj\u0105 niezwyk\u0142e doznania vapingu, kt\u00f3re zachwyc\u0105 nawet najbardziej wymagaj\u0105cych vapor\u00f3w.<\/p>\n<div class=\"group pointer-events-none relative flex justify-center *:pointer-events-auto\"><button class=\"hover:bg-token-main-surface-secondary text-token-text-secondary pointer-events-auto rounded-lg px-1 py-1 opacity-0 transition-opacity duration-200 group-focus-within:opacity-100 group-hover:opacity-100\"><\/button><\/p>\n<div class=\"tableContainer horzScrollShadows relative\">\n<table class=\"min-w-full\" style=\"height: 335px;\" width=\"647\" data-start=\"751\" data-end=\"1559\">\n<thead data-start=\"751\" data-end=\"831\">\n<tr data-start=\"751\" data-end=\"831\">\n<th data-start=\"751\" data-end=\"778\">Cecha<\/th>\n<th data-start=\"778\" data-end=\"831\">Opis<\/th>\n<\/tr>\n<\/thead>\n<tbody data-start=\"912\" data-end=\"1559\">\n<tr data-start=\"912\" data-end=\"992\">\n<td class=\"max-w-[calc(var(--thread-content-max-width)*2\/3)]\" data-start=\"912\" data-end=\"940\">Pojemno\u015b\u0107 e-liquid<\/td>\n<td class=\"max-w-[calc(var(--thread-content-max-width)*2\/3)]\" data-start=\"940\" data-end=\"992\">25ml<\/td>\n<\/tr>\n<tr data-start=\"993\" data-end=\"1073\">\n<td class=\"max-w-[calc(var(--thread-content-max-width)*2\/3)]\" data-start=\"993\" data-end=\"1021\">Mesh Coil<\/td>\n<td class=\"max-w-[calc(var(--thread-content-max-width)*2\/3)]\" data-start=\"1021\" data-end=\"1073\">1,0 Ohm<\/td>\n<\/tr>\n<tr data-start=\"1074\" data-end=\"1154\">\n<td class=\"max-w-[calc(var(--thread-content-max-width)*2\/3)]\" data-start=\"1074\" data-end=\"1102\">Bateria<\/td>\n<td class=\"max-w-[calc(var(--thread-content-max-width)*2\/3)]\" data-start=\"1102\" data-end=\"1154\">500mAh<\/td>\n<\/tr>\n<tr data-start=\"1155\" data-end=\"1235\">\n<td class=\"max-w-[calc(var(--thread-content-max-width)*2\/3)]\" data-start=\"1155\" data-end=\"1183\">Gniazdo \u0142adowania<\/td>\n<td class=\"max-w-[calc(var(--thread-content-max-width)*2\/3)]\" data-start=\"1183\" data-end=\"1235\">Typ-C<\/td>\n<\/tr>\n<tr data-start=\"1236\" data-end=\"1316\">\n<td class=\"max-w-[calc(var(--thread-content-max-width)*2\/3)]\" data-start=\"1236\" data-end=\"1264\">Tryby parowania<\/td>\n<td class=\"max-w-[calc(var(--thread-content-max-width)*2\/3)]\" data-start=\"1264\" data-end=\"1316\">Tryb dynamiczny \/ Tryb cichy<\/td>\n<\/tr>\n<tr data-start=\"1317\" data-end=\"1397\">\n<td class=\"max-w-[calc(var(--thread-content-max-width)*2\/3)]\" data-start=\"1317\" data-end=\"1345\">Aktywacja<\/td>\n<td class=\"max-w-[calc(var(--thread-content-max-width)*2\/3)]\" data-start=\"1345\" data-end=\"1397\">Aktywowany przez wdech<\/td>\n<\/tr>\n<tr data-start=\"1398\" data-end=\"1478\">\n<td class=\"max-w-[calc(var(--thread-content-max-width)*2\/3)]\" data-start=\"1398\" data-end=\"1426\">Smak<\/td>\n<td class=\"max-w-[calc(var(--thread-content-max-width)*2\/3)]\" data-start=\"1426\" data-end=\"1478\">Blackdragon Ice<\/td>\n<\/tr>\n<tr data-start=\"1479\" data-end=\"1559\">\n<td class=\"max-w-[calc(var(--thread-content-max-width)*2\/3)]\" data-start=\"1479\" data-end=\"1507\">Waga na sztuk\u0119<\/td>\n<td class=\"max-w-[calc(var(--thread-content-max-width)*2\/3)]\" data-start=\"1507\" data-end=\"1559\">91g<\/td>\n<\/tr>\n<\/tbody>\n<\/table>\n<\/div>\n<\/div>\n<h4 data-start=\"1561\" data-end=\"1608\">Dwa tryby vapingu do wszechstronnego u\u017cytku<\/h4>\n<p class=\"\" data-start=\"1610\" data-end=\"1730\">Bang Tick Tock 20000 Puffs oferuje dwa r\u00f3\u017cne tryby vapingu, kt\u00f3re zapewniaj\u0105 r\u00f3\u017cne doznania:<\/p>\n<ol data-start=\"1731\" data-end=\"2030\">\n<li class=\"\" data-start=\"1731\" data-end=\"1851\">\n<p class=\"\" data-start=\"1734\" data-end=\"1851\">Tryb dynamiczny: W tym trybie z\u0119batki si\u0119 obracaj\u0105 podczas vapowania, co zapewnia interaktywne do\u015bwiadczenie.<\/p>\n<\/li>\n<li class=\"\" data-start=\"1852\" data-end=\"2030\">\n<p class=\"\" data-start=\"1855\" data-end=\"2030\">Tryb cichy: Aktywuj ten tryb poprzez trzy szybkie poci\u0105gni\u0119cia w ci\u0105gu dw\u00f3ch sekund, aby zatrzyma\u0107 obracanie si\u0119 z\u0119batek i cieszy\u0107 si\u0119 cichym vapowaniem.<\/p>\n<\/li>\n<\/ol>\n<h4 data-start=\"2032\" data-end=\"2080\">Wysokiej jako\u015bci smak \u2013 Blackdragon Ice<\/h4>\n<p class=\"\" data-start=\"2082\" data-end=\"2383\">Bang Tick Tock 20000 Puffs dostarcza unikalny smak Blackdragon Ice, kt\u00f3ry stanowi idealne po\u0142\u0105czenie s\u0142odkich i egzotycznych nut owocowych, po\u0142\u0105czonych z orze\u017awiaj\u0105cym mentolowym ch\u0142odem. Ten smak to doskona\u0142y wyb\u00f3r dla vapor\u00f3w szukaj\u0105cych czego\u015b wyj\u0105tkowego.<\/p>\n<h4 data-start=\"2385\" data-end=\"2427\">Elastyczno\u015b\u0107 w zakresie nikotyny<\/h4>\n<p class=\"\" data-start=\"2429\" data-end=\"2558\">Dla indywidualnego dopasowania do\u015bwiadczenia vapingu, Bang Tick Tock 20000 Puffs jest dost\u0119pny w r\u00f3\u017cnych st\u0119\u017ceniach nikotyny:<\/p>\n<ul data-start=\"2559\" data-end=\"2703\">\n<li class=\"\" data-start=\"2559\" data-end=\"2625\">\n<p class=\"\" data-start=\"2561\" data-end=\"2625\">0% nikotyna dla tych, kt\u00f3rzy chc\u0105 vapowa\u0107 bez nikotyny.<\/p>\n<\/li>\n<li class=\"\" data-start=\"2626\" data-end=\"2703\">\n<p class=\"\" data-start=\"2628\" data-end=\"2703\">2%, 3% i 5% nikotyna dla u\u017cytkownik\u00f3w preferuj\u0105cych silniejszy efekt.<\/p>\n<\/li>\n<\/ul>\n<h4 data-start=\"2705\" data-end=\"2743\">Przyjazne funkcje u\u017cytkownika<\/h4>\n<p class=\"\" data-start=\"2745\" data-end=\"2980\">Dzi\u0119ki technologii aktywacji przez wdech, e-papieros jest automatycznie w\u0142\u0105czany, gdy si\u0119 go poci\u0105ga, co eliminuje konieczno\u015b\u0107 r\u0119cznego uruchamiania. Ta funkcja sprawia, \u017ce vapowanie jest proste i wygodne.<\/p>\n<h4 data-start=\"2982\" data-end=\"3034\">D\u0142uga \u017cywotno\u015b\u0107 dla d\u0142ugotrwa\u0142ej przyjemno\u015bci<\/h4>\n<p class=\"\" data-start=\"3036\" data-end=\"3316\">Dzi\u0119ki du\u017cej pojemno\u015bci e-liquid o pojemno\u015bci 25 ml, mo\u017cna cieszy\u0107 si\u0119 ponad 20000 poci\u0105gni\u0119ciami, zanim p\u0142yn si\u0119 wyczerpie. Bateria o pojemno\u015bci 500 mAh zapewnia d\u0142ugotrwa\u0142e u\u017cytkowanie bez konieczno\u015bci cz\u0119stego \u0142adowania.<\/p>\n<h4 data-start=\"3318\" data-end=\"3370\">Dlaczego wybra\u0107 Bang Tick Tock 20000 Puffs?<\/h4>\n<p class=\"\" data-start=\"3372\" data-end=\"3694\">Bang Tick Tock 20000 Puffs to idealny wyb\u00f3r dla palaczy, kt\u00f3rzy szukaj\u0105 innowacyjnego, wydajnego i przyjaznego dla u\u017cytkownika jednorazowego e-papierosa. Dzi\u0119ki unikalnemu smakowi i zaawansowanym funkcjom ten produkt oferuje wszystko, czego potrzebujesz, aby do\u015bwiadczy\u0107 niezapomnianego vapowania.<\/p>\n<p class=\"\" data-start=\"3696\" data-end=\"3809\">Aby uzyska\u0107 wi\u0119cej informacji i zam\u00f3wi\u0107 produkt, odwied\u017a vapingnet.de.<\/p>","protected":false},"excerpt":{"rendered":"<p>Bang Tick Tock 20000 Puffs \u2013 Eine neue Dimension des Dampfen Die Bang Tick Tock 20000 Puffs ist die ideale Wahl f\u00fcr alle Dampfer, die&#8230;<\/p>","protected":false},"featured_media":6564,"template":"","meta":[],"etheme_brands":[],"product_brand":[101],"product_cat":[54,49,61],"product_tag":[],"class_list":{"0":"post-6584","1":"product","2":"type-product","3":"status-publish","4":"has-post-thumbnail","6":"product_brand-bang-king-vape","7":"product_cat-vape-20000-zuege","8":"product_cat-einweg-e-zigarette","9":"product_cat-f","11":"first","12":"instock","13":"shipping-taxable","14":"purchasable","15":"product-type-simple"},"yoast_head":"<!-- This site is optimized with the Yoast SEO plugin v26.5 - https:\/\/yoast.com\/wordpress\/plugins\/seo\/ -->\n<title>Bang Tick Tock 20000 Puffs Mit Blackdragon Ice Der Geschmack Des Sommers | Vapingnet.de<\/title>\n<meta name=\"description\" content=\"Entdecke Bang Tick Tock 20000 Puffs Mit Blackdragon Ice Der Geschmack Des Sommers bei vapingnet.de, \u25ba Gro\u00dfe Auswahl an Geschmacksrichtungen &amp; super g\u00fcnstig!\" \/>\n<meta name=\"robots\" content=\"index, follow, max-snippet:-1, max-image-preview:large, max-video-preview:-1\" \/>\n<link rel=\"canonical\" href=\"https:\/\/vapingnet.de\/pl\/vape\/bang-tick-tock-20000-puffs-mit-blackdragon-ice-der-geschmack-des-sommers\/\" \/>\n<meta property=\"og:locale\" content=\"pl_PL\" \/>\n<meta property=\"og:type\" content=\"article\" \/>\n<meta property=\"og:title\" content=\"Bang Tick Tock 20000 Puffs Mit Blackdragon Ice Der Geschmack Des Sommers | Vapingnet.de\" \/>\n<meta property=\"og:description\" content=\"Entdecke Bang Tick Tock 20000 Puffs Mit Blackdragon Ice Der Geschmack Des Sommers bei vapingnet.de, \u25ba Gro\u00dfe Auswahl an Geschmacksrichtungen &amp; super g\u00fcnstig!\" \/>\n<meta property=\"og:url\" content=\"https:\/\/vapingnet.de\/pl\/vape\/bang-tick-tock-20000-puffs-mit-blackdragon-ice-der-geschmack-des-sommers\/\" \/>\n<meta property=\"og:site_name\" content=\"Vapingnet.de\" \/>\n<meta property=\"article:publisher\" content=\"https:\/\/www.facebook.com\/vapingnetde\/\" \/>\n<meta property=\"article:modified_time\" content=\"2025-06-19T03:39:23+00:00\" \/>\n<meta property=\"og:image\" content=\"https:\/\/vapingnet.de\/wp-content\/uploads\/2025\/04\/Blackdragon-Ice.webp\" \/>\n\t<meta property=\"og:image:width\" content=\"1000\" \/>\n\t<meta property=\"og:image:height\" content=\"1000\" \/>\n\t<meta property=\"og:image:type\" content=\"image\/webp\" \/>\n<meta name=\"twitter:card\" content=\"summary_large_image\" \/>\n<meta name=\"twitter:label1\" content=\"Est. reading time\" \/>\n\t<meta name=\"twitter:data1\" content=\"3 minutes\" \/>\n<script type=\"application\/ld+json\" class=\"yoast-schema-graph\">{\"@context\":\"https:\/\/schema.org\",\"@graph\":[{\"@type\":\"WebPage\",\"@id\":\"https:\/\/vapingnet.de\/vape\/bang-tick-tock-20000-puffs-mit-blackdragon-ice-der-geschmack-des-sommers\/\",\"url\":\"https:\/\/vapingnet.de\/vape\/bang-tick-tock-20000-puffs-mit-blackdragon-ice-der-geschmack-des-sommers\/\",\"name\":\"Bang Tick Tock 20000 Puffs Mit Blackdragon Ice Der Geschmack Des Sommers | Vapingnet.de\",\"isPartOf\":{\"@id\":\"https:\/\/vapingnet.de\/#website\"},\"primaryImageOfPage\":{\"@id\":\"https:\/\/vapingnet.de\/vape\/bang-tick-tock-20000-puffs-mit-blackdragon-ice-der-geschmack-des-sommers\/#primaryimage\"},\"image\":{\"@id\":\"https:\/\/vapingnet.de\/vape\/bang-tick-tock-20000-puffs-mit-blackdragon-ice-der-geschmack-des-sommers\/#primaryimage\"},\"thumbnailUrl\":\"https:\/\/vapingnet.de\/wp-content\/uploads\/2025\/04\/Blackdragon-Ice.webp\",\"datePublished\":\"2025-04-27T08:01:53+00:00\",\"dateModified\":\"2025-06-19T03:39:23+00:00\",\"description\":\"Entdecke Bang Tick Tock 20000 Puffs Mit Blackdragon Ice Der Geschmack Des Sommers bei vapingnet.de, \u25ba Gro\u00dfe Auswahl an Geschmacksrichtungen & super g\u00fcnstig!\",\"breadcrumb\":{\"@id\":\"https:\/\/vapingnet.de\/vape\/bang-tick-tock-20000-puffs-mit-blackdragon-ice-der-geschmack-des-sommers\/#breadcrumb\"},\"inLanguage\":\"pl-PL\",\"potentialAction\":[{\"@type\":\"ReadAction\",\"target\":[\"https:\/\/vapingnet.de\/vape\/bang-tick-tock-20000-puffs-mit-blackdragon-ice-der-geschmack-des-sommers\/\"]}]},{\"@type\":\"ImageObject\",\"inLanguage\":\"pl-PL\",\"@id\":\"https:\/\/vapingnet.de\/vape\/bang-tick-tock-20000-puffs-mit-blackdragon-ice-der-geschmack-des-sommers\/#primaryimage\",\"url\":\"https:\/\/vapingnet.de\/wp-content\/uploads\/2025\/04\/Blackdragon-Ice.webp\",\"contentUrl\":\"https:\/\/vapingnet.de\/wp-content\/uploads\/2025\/04\/Blackdragon-Ice.webp\",\"width\":1000,\"height\":1000},{\"@type\":\"BreadcrumbList\",\"@id\":\"https:\/\/vapingnet.de\/vape\/bang-tick-tock-20000-puffs-mit-blackdragon-ice-der-geschmack-des-sommers\/#breadcrumb\",\"itemListElement\":[{\"@type\":\"ListItem\",\"position\":1,\"name\":\"Home\",\"item\":\"https:\/\/vapingnet.de\/\"},{\"@type\":\"ListItem\",\"position\":2,\"name\":\"Shop\",\"item\":\"https:\/\/vapingnet.de\/vape\/\"},{\"@type\":\"ListItem\",\"position\":3,\"name\":\"Bang Tick Tock 20000 Puffs Mit Blackdragon Ice Der Geschmack Des Sommers\"}]},{\"@type\":\"WebSite\",\"@id\":\"https:\/\/vapingnet.de\/#website\",\"url\":\"https:\/\/vapingnet.de\/\",\"name\":\"Vapingnet.de\",\"description\":\"\",\"publisher\":{\"@id\":\"https:\/\/vapingnet.de\/#organization\"},\"potentialAction\":[{\"@type\":\"SearchAction\",\"target\":{\"@type\":\"EntryPoint\",\"urlTemplate\":\"https:\/\/vapingnet.de\/?s={search_term_string}\"},\"query-input\":{\"@type\":\"PropertyValueSpecification\",\"valueRequired\":true,\"valueName\":\"search_term_string\"}}],\"inLanguage\":\"pl-PL\"},{\"@type\":\"Organization\",\"@id\":\"https:\/\/vapingnet.de\/#organization\",\"name\":\"Vapingnet.de\",\"url\":\"https:\/\/vapingnet.de\/\",\"logo\":{\"@type\":\"ImageObject\",\"inLanguage\":\"pl-PL\",\"@id\":\"https:\/\/vapingnet.de\/#\/schema\/logo\/image\/\",\"url\":\"https:\/\/vapingnet.de\/wp-content\/uploads\/2025\/03\/cropped-vapingnet.de_.jpg\",\"contentUrl\":\"https:\/\/vapingnet.de\/wp-content\/uploads\/2025\/03\/cropped-vapingnet.de_.jpg\",\"width\":512,\"height\":512,\"caption\":\"Vapingnet.de\"},\"image\":{\"@id\":\"https:\/\/vapingnet.de\/#\/schema\/logo\/image\/\"},\"sameAs\":[\"https:\/\/www.facebook.com\/vapingnetde\/\"]}]}<\/script>\n<!-- \/ Yoast SEO plugin. -->","yoast_head_json":{"title":"Bang Tick Tock 20000 Puffs Mit Blackdragon Ice Der Geschmack Des Sommers | Vapingnet.de","description":"Entdecke Bang Tick Tock 20000 Puffs Mit Blackdragon Ice Der Geschmack Des Sommers bei vapingnet.de, \u25ba Gro\u00dfe Auswahl an Geschmacksrichtungen & super g\u00fcnstig!","robots":{"index":"index","follow":"follow","max-snippet":"max-snippet:-1","max-image-preview":"max-image-preview:large","max-video-preview":"max-video-preview:-1"},"canonical":"https:\/\/vapingnet.de\/pl\/vape\/bang-tick-tock-20000-puffs-mit-blackdragon-ice-der-geschmack-des-sommers\/","og_locale":"pl_PL","og_type":"article","og_title":"Bang Tick Tock 20000 Puffs Mit Blackdragon Ice Der Geschmack Des Sommers | Vapingnet.de","og_description":"Entdecke Bang Tick Tock 20000 Puffs Mit Blackdragon Ice Der Geschmack Des Sommers bei vapingnet.de, \u25ba Gro\u00dfe Auswahl an Geschmacksrichtungen & super g\u00fcnstig!","og_url":"https:\/\/vapingnet.de\/pl\/vape\/bang-tick-tock-20000-puffs-mit-blackdragon-ice-der-geschmack-des-sommers\/","og_site_name":"Vapingnet.de","article_publisher":"https:\/\/www.facebook.com\/vapingnetde\/","article_modified_time":"2025-06-19T03:39:23+00:00","og_image":[{"width":1000,"height":1000,"url":"https:\/\/vapingnet.de\/wp-content\/uploads\/2025\/04\/Blackdragon-Ice.webp","type":"image\/webp"}],"twitter_card":"summary_large_image","twitter_misc":{"Est. reading time":"3 minutes"},"schema":{"@context":"https:\/\/schema.org","@graph":[{"@type":"WebPage","@id":"https:\/\/vapingnet.de\/vape\/bang-tick-tock-20000-puffs-mit-blackdragon-ice-der-geschmack-des-sommers\/","url":"https:\/\/vapingnet.de\/vape\/bang-tick-tock-20000-puffs-mit-blackdragon-ice-der-geschmack-des-sommers\/","name":"Bang Tick Tock 20000 Puffs Mit Blackdragon Ice Der Geschmack Des Sommers | Vapingnet.de","isPartOf":{"@id":"https:\/\/vapingnet.de\/#website"},"primaryImageOfPage":{"@id":"https:\/\/vapingnet.de\/vape\/bang-tick-tock-20000-puffs-mit-blackdragon-ice-der-geschmack-des-sommers\/#primaryimage"},"image":{"@id":"https:\/\/vapingnet.de\/vape\/bang-tick-tock-20000-puffs-mit-blackdragon-ice-der-geschmack-des-sommers\/#primaryimage"},"thumbnailUrl":"https:\/\/vapingnet.de\/wp-content\/uploads\/2025\/04\/Blackdragon-Ice.webp","datePublished":"2025-04-27T08:01:53+00:00","dateModified":"2025-06-19T03:39:23+00:00","description":"Entdecke Bang Tick Tock 20000 Puffs Mit Blackdragon Ice Der Geschmack Des Sommers bei vapingnet.de, \u25ba Gro\u00dfe Auswahl an Geschmacksrichtungen & super g\u00fcnstig!","breadcrumb":{"@id":"https:\/\/vapingnet.de\/vape\/bang-tick-tock-20000-puffs-mit-blackdragon-ice-der-geschmack-des-sommers\/#breadcrumb"},"inLanguage":"pl-PL","potentialAction":[{"@type":"ReadAction","target":["https:\/\/vapingnet.de\/vape\/bang-tick-tock-20000-puffs-mit-blackdragon-ice-der-geschmack-des-sommers\/"]}]},{"@type":"ImageObject","inLanguage":"pl-PL","@id":"https:\/\/vapingnet.de\/vape\/bang-tick-tock-20000-puffs-mit-blackdragon-ice-der-geschmack-des-sommers\/#primaryimage","url":"https:\/\/vapingnet.de\/wp-content\/uploads\/2025\/04\/Blackdragon-Ice.webp","contentUrl":"https:\/\/vapingnet.de\/wp-content\/uploads\/2025\/04\/Blackdragon-Ice.webp","width":1000,"height":1000},{"@type":"BreadcrumbList","@id":"https:\/\/vapingnet.de\/vape\/bang-tick-tock-20000-puffs-mit-blackdragon-ice-der-geschmack-des-sommers\/#breadcrumb","itemListElement":[{"@type":"ListItem","position":1,"name":"Home","item":"https:\/\/vapingnet.de\/"},{"@type":"ListItem","position":2,"name":"Shop","item":"https:\/\/vapingnet.de\/vape\/"},{"@type":"ListItem","position":3,"name":"Bang Tick Tock 20000 Puffs Mit Blackdragon Ice Der Geschmack Des Sommers"}]},{"@type":"WebSite","@id":"https:\/\/vapingnet.de\/#website","url":"https:\/\/vapingnet.de\/","name":"Vapingnet.de","description":"","publisher":{"@id":"https:\/\/vapingnet.de\/#organization"},"potentialAction":[{"@type":"SearchAction","target":{"@type":"EntryPoint","urlTemplate":"https:\/\/vapingnet.de\/?s={search_term_string}"},"query-input":{"@type":"PropertyValueSpecification","valueRequired":true,"valueName":"search_term_string"}}],"inLanguage":"pl-PL"},{"@type":"Organization","@id":"https:\/\/vapingnet.de\/#organization","name":"Vapingnet.de","url":"https:\/\/vapingnet.de\/","logo":{"@type":"ImageObject","inLanguage":"pl-PL","@id":"https:\/\/vapingnet.de\/#\/schema\/logo\/image\/","url":"https:\/\/vapingnet.de\/wp-content\/uploads\/2025\/03\/cropped-vapingnet.de_.jpg","contentUrl":"https:\/\/vapingnet.de\/wp-content\/uploads\/2025\/03\/cropped-vapingnet.de_.jpg","width":512,"height":512,"caption":"Vapingnet.de"},"image":{"@id":"https:\/\/vapingnet.de\/#\/schema\/logo\/image\/"},"sameAs":["https:\/\/www.facebook.com\/vapingnetde\/"]}]}},"tiered_pricing_type":"fixed","tiered_pricing_fixed_rules":{"10":"10.44","60":"9.4","110":"8.35","200":"7.31"},"tiered_pricing_product_settings":{"layout":"default","base_unit_name":{"singular":null,"plural":null},"default_variation":null},"tiered_pricing_minimum_quantity":null,"tiered_pricing_roles_data":[],"tiered_pricing_percentage_rules":[],"_links":{"self":[{"href":"https:\/\/vapingnet.de\/pl\/wp-json\/wp\/v2\/product\/6584","targetHints":{"allow":["GET"]}}],"collection":[{"href":"https:\/\/vapingnet.de\/pl\/wp-json\/wp\/v2\/product"}],"about":[{"href":"https:\/\/vapingnet.de\/pl\/wp-json\/wp\/v2\/types\/product"}],"version-history":[{"count":1,"href":"https:\/\/vapingnet.de\/pl\/wp-json\/wp\/v2\/product\/6584\/revisions"}],"predecessor-version":[{"id":6591,"href":"https:\/\/vapingnet.de\/pl\/wp-json\/wp\/v2\/product\/6584\/revisions\/6591"}],"wp:featuredmedia":[{"embeddable":true,"href":"https:\/\/vapingnet.de\/pl\/wp-json\/wp\/v2\/media\/6564"}],"wp:attachment":[{"href":"https:\/\/vapingnet.de\/pl\/wp-json\/wp\/v2\/media?parent=6584"}],"wp:term":[{"taxonomy":"brand","embeddable":true,"href":"https:\/\/vapingnet.de\/pl\/wp-json\/wp\/v2\/etheme_brands?post=6584"},{"taxonomy":"product_brand","embeddable":true,"href":"https:\/\/vapingnet.de\/pl\/wp-json\/wp\/v2\/product_brand?post=6584"},{"taxonomy":"product_cat","embeddable":true,"href":"https:\/\/vapingnet.de\/pl\/wp-json\/wp\/v2\/product_cat?post=6584"},{"taxonomy":"product_tag","embeddable":true,"href":"https:\/\/vapingnet.de\/pl\/wp-json\/wp\/v2\/product_tag?post=6584"}],"curies":[{"name":"wp","href":"https:\/\/api.w.org\/{rel}","templated":true}]}}