{"id":6585,"date":"2025-04-27T08:01:54","date_gmt":"2025-04-27T08:01:54","guid":{"rendered":"https:\/\/vapingnet.de\/?post_type=product&#038;p=6585"},"modified":"2025-06-19T03:39:23","modified_gmt":"2025-06-19T03:39:23","slug":"geniesse-den-frischen-geschmack-von-peach-ice-in-20000-puffs","status":"publish","type":"product","link":"https:\/\/vapingnet.de\/pl\/vape\/geniesse-den-frischen-geschmack-von-peach-ice-in-20000-puffs\/","title":{"rendered":"Delektuj si\u0119 \u015bwie\u017cym smakiem Peach Ice w 20000 poci\u0105gni\u0119ciach"},"content":{"rendered":"<h2 data-start=\"0\" data-end=\"65\" data-immersive-translate-walked=\"ce7f7216-1711-433b-b569-9b63081b6a7e\">Bang Tick Tock 20000 Puffs \u2013 Twoja idealna jednorazowa e-papieros<\/h2>\n<p class=\"\" data-start=\"67\" data-end=\"406\" data-immersive-translate-walked=\"ce7f7216-1711-433b-b569-9b63081b6a7e\" data-immersive-translate-paragraph=\"1\">Bang Tick Tock 20000 Puffs to jednorazowy e-papieros, kt\u00f3ry imponuje zaawansowan\u0105 technologi\u0105 i doskona\u0142\u0105 wydajno\u015bci\u0105 pary. Zapewnia trwa\u0142e rozwi\u0105zanie dla palaczy, kt\u00f3rzy szukaj\u0105 nowoczesnego i od\u015bwie\u017caj\u0105cego do\u015bwiadczenia. Poni\u017cej dowiesz si\u0119, co wyr\u00f3\u017cnia ten model.<\/p>\n<h3>G\u0142\u00f3wne cechy Bang Tick Tock 20000 Puffs<\/h3>\n<ul data-start=\"462\" data-end=\"1554\" data-immersive-translate-walked=\"ce7f7216-1711-433b-b569-9b63081b6a7e\">\n<li class=\"\" data-start=\"462\" data-end=\"693\" data-immersive-translate-walked=\"ce7f7216-1711-433b-b569-9b63081b6a7e\">\n<p class=\"\" data-start=\"464\" data-end=\"693\" data-immersive-translate-walked=\"ce7f7216-1711-433b-b569-9b63081b6a7e\" data-immersive-translate-paragraph=\"1\">Mesh Coil: Dzi\u0119ki 1,0 Ohm mesh coil, Bang Tick Tock 20000 Puffs zapewnia r\u00f3wnomiern\u0105 i intensywn\u0105 par\u0119. Technologia mesh gwarantuje lepszy rozk\u0142ad ciep\u0142a i ulepszone doznania podczas palenia.<\/p>\n<\/li>\n<li class=\"\" data-start=\"697\" data-end=\"904\" data-immersive-translate-walked=\"ce7f7216-1711-433b-b569-9b63081b6a7e\">\n<p class=\"\" data-start=\"699\" data-end=\"904\" data-immersive-translate-walked=\"ce7f7216-1711-433b-b569-9b63081b6a7e\" data-immersive-translate-paragraph=\"1\">Pojemno\u015b\u0107 E-liquid: E-papieros mie\u015bci 25 ml e-liquid, co zapewnia d\u0142ugi czas u\u017cytkowania i czyni go praktycznym wyborem dla palaczy, kt\u00f3rzy nie chc\u0105 ci\u0105gle szuka\u0107 zapas\u00f3w.<\/p>\n<\/li>\n<li class=\"\" data-start=\"906\" data-end=\"1139\" data-immersive-translate-walked=\"ce7f7216-1711-433b-b569-9b63081b6a7e\">\n<p class=\"\" data-start=\"908\" data-end=\"1139\" data-immersive-translate-walked=\"ce7f7216-1711-433b-b569-9b63081b6a7e\" data-immersive-translate-paragraph=\"1\">Warianty nikotyny: Dost\u0119pny w st\u0119\u017ceniach nikotyny 0%, 2%, 3% i 5%, ten model oferuje elastyczne opcje, w zale\u017cno\u015bci od preferowanego poziomu. Dzi\u0119ki temu mo\u017cesz dostosowa\u0107 do\u015bwiadczenie palenia do swoich potrzeb.<\/p>\n<\/li>\n<li class=\"\" data-start=\"1141\" data-end=\"1380\" data-immersive-translate-walked=\"ce7f7216-1711-433b-b569-9b63081b6a7e\">\n<p class=\"\" data-start=\"1143\" data-end=\"1380\" data-immersive-translate-walked=\"ce7f7216-1711-433b-b569-9b63081b6a7e\" data-immersive-translate-paragraph=\"1\">Bateria: Wyposa\u017cony w bateri\u0119 500mAh, kt\u00f3ra zapewnia wystarczaj\u0105c\u0105 moc na nawet do 20 000 zaci\u0105gni\u0119\u0107, Bang Tick Tock 20000 Puffs gwarantuje d\u0142ug\u0105 \u017cywotno\u015b\u0107. Nie musisz si\u0119 martwi\u0107 o cz\u0119ste \u0142adowanie.<\/p>\n<\/li>\n<li class=\"\" data-start=\"1382\" data-end=\"1554\" data-immersive-translate-walked=\"ce7f7216-1711-433b-b569-9b63081b6a7e\">\n<p class=\"\" data-start=\"1384\" data-end=\"1554\" data-immersive-translate-walked=\"ce7f7216-1711-433b-b569-9b63081b6a7e\" data-immersive-translate-paragraph=\"1\">Port \u0142adowania: Port \u0142adowania typu C zapewnia szybkie i bezproblemowe \u0142adowanie, dzi\u0119ki czemu szybko wr\u00f3cisz do swojego do\u015bwiadczenia palenia.<\/p>\n<\/li>\n<\/ul>\n<h4 data-start=\"1556\" data-end=\"1593\" data-immersive-translate-walked=\"ce7f7216-1711-433b-b569-9b63081b6a7e\">Specjalne funkcje i tryby<\/h4>\n<ul data-start=\"1595\" data-end=\"2402\" data-immersive-translate-walked=\"ce7f7216-1711-433b-b569-9b63081b6a7e\">\n<li class=\"\" data-start=\"1595\" data-end=\"1888\" data-immersive-translate-walked=\"ce7f7216-1711-433b-b569-9b63081b6a7e\">\n<p class=\"\" data-start=\"1597\" data-end=\"1888\" data-immersive-translate-walked=\"ce7f7216-1711-433b-b569-9b63081b6a7e\" data-immersive-translate-paragraph=\"1\">Dynamiczny wy\u015bwietlacz: Jedn\u0105 z najbardziej innowacyjnych cech tego e-papierosa jest dynamiczny ekran, kt\u00f3ry podczas palenia wy\u015bwietla efekty wizualne. Gdy u\u017cywasz urz\u0105dzenia, obracaj\u0105 si\u0119 z\u0119batki, co czyni palenie bardziej zabawnym i interaktywnym do\u015bwiadczeniem.<\/p>\n<\/li>\n<li class=\"\" data-start=\"1890\" data-end=\"2231\" data-immersive-translate-walked=\"ce7f7216-1711-433b-b569-9b63081b6a7e\">\n<p class=\"\" data-start=\"1892\" data-end=\"2231\" data-immersive-translate-walked=\"ce7f7216-1711-433b-b569-9b63081b6a7e\" data-immersive-translate-paragraph=\"1\">Dwa tryby palenia: Bang Tick Tock 20000 Puffs oferuje dwa tryby palenia: tryb dynamiczny, w kt\u00f3rym z\u0119batki si\u0119 obracaj\u0105 podczas zaci\u0105gania, oraz tryb cichy, aktywowany przez trzy szybkie zaci\u0105gni\u0119cia w ci\u0105gu dw\u00f3ch sekund, zatrzymuj\u0105c z\u0119batki. Mo\u017cesz dostosowa\u0107 palenie wed\u0142ug w\u0142asnych preferencji.<\/p>\n<\/li>\n<li class=\"\" data-start=\"2233\" data-end=\"2402\" data-immersive-translate-walked=\"ce7f7216-1711-433b-b569-9b63081b6a7e\">\n<p class=\"\" data-start=\"2235\" data-end=\"2402\" data-immersive-translate-walked=\"ce7f7216-1711-433b-b569-9b63081b6a7e\" data-immersive-translate-paragraph=\"1\">Vaping MTL: Urz\u0105dzenie jest przeznaczone do palenia typu MTL (mouth to lung), co czyni je idealnym dla u\u017cytkownik\u00f3w preferuj\u0105cych tradycyjny styl palenia papieros\u00f3w.<\/p>\n<\/li>\n<\/ul>\n<h4 data-start=\"2404\" data-end=\"2432\" data-immersive-translate-walked=\"ce7f7216-1711-433b-b569-9b63081b6a7e\">Smak: Peach Ice<\/h4>\n<p class=\"\" data-start=\"2434\" data-end=\"2768\" data-immersive-translate-walked=\"ce7f7216-1711-433b-b569-9b63081b6a7e\" data-immersive-translate-paragraph=\"1\">Smak Bang Tick Tock 20000 Puffs to mieszanka brzoskwini i lodu. S\u0142odki, owocowy smak brzoskwini jest uzupe\u0142niony ch\u0142odz\u0105c\u0105 nut\u0105 mentolu, co zapewnia od\u015bwie\u017caj\u0105ce i przyjemne doznania podczas palenia \u2013 idealne dla tych, kt\u00f3rzy szukaj\u0105 owocowego i ch\u0142odnego do\u015bwiadczenia.<\/p>\n<h4 data-start=\"2770\" data-end=\"2799\" data-immersive-translate-walked=\"ce7f7216-1711-433b-b569-9b63081b6a7e\">Zalety w skr\u00f3cie<\/h4>\n<ul data-start=\"2801\" data-end=\"3325\" data-immersive-translate-walked=\"ce7f7216-1711-433b-b569-9b63081b6a7e\">\n<li class=\"\" data-start=\"2801\" data-end=\"2990\" data-immersive-translate-walked=\"ce7f7216-1711-433b-b569-9b63081b6a7e\">\n<p class=\"\" data-start=\"2803\" data-end=\"2990\" data-immersive-translate-walked=\"ce7f7216-1711-433b-b569-9b63081b6a7e\" data-immersive-translate-paragraph=\"1\">D\u0142uga \u017cywotno\u015b\u0107: Pojemno\u015b\u0107 e-liquid 25 ml i bateria 500mAh sprawiaj\u0105, \u017ce Bang Tick Tock 20000 Puffs jest zaprojektowany, aby zapewni\u0107 do 20 000 zaci\u0105gni\u0119\u0107.<\/p>\n<\/li>\n<li class=\"\" data-start=\"2991\" data-end=\"3174\" data-immersive-translate-walked=\"ce7f7216-1711-433b-b569-9b63081b6a7e\">\n<p class=\"\" data-start=\"2993\" data-end=\"3174\" data-immersive-translate-walked=\"ce7f7216-1711-433b-b569-9b63081b6a7e\" data-immersive-translate-paragraph=\"1\">\u0141atwa obs\u0142uga: System aktywowany przez zaci\u0105gni\u0119cie sprawia, \u017ce urz\u0105dzenie w\u0142\u0105cza si\u0119 automatycznie, gdy poci\u0105gniesz. Nie musisz nic naciska\u0107 ani w\u0142\u0105cza\u0107.<\/p>\n<\/li>\n<li class=\"\" data-start=\"3175\" data-end=\"3325\" data-immersive-translate-walked=\"ce7f7216-1711-433b-b569-9b63081b6a7e\">\n<p class=\"\" data-start=\"3177\" data-end=\"3325\" data-immersive-translate-walked=\"ce7f7216-1711-433b-b569-9b63081b6a7e\" data-immersive-translate-paragraph=\"1\">Wygodne u\u017cytkowanie: Port \u0142adowania typu C umo\u017cliwia szybkie i proste \u0142adowanie, dzi\u0119ki czemu zawsze jeste\u015b gotowy na kolejne palenie.<\/p>\n<\/li>\n<\/ul>\n<p class=\"\" data-start=\"3342\" data-end=\"3835\" data-immersive-translate-walked=\"ce7f7216-1711-433b-b569-9b63081b6a7e\" data-immersive-translate-paragraph=\"1\">Bang Tick Tock 20000 Puffs to wyr\u00f3\u017cniaj\u0105cy si\u0119 jednorazowy e-papieros, kt\u00f3ry nie tylko zachwyca innowacyjn\u0105 technologi\u0105, ale tak\u017ce przyjemnym smakiem i \u0142atwo\u015bci\u0105 obs\u0142ugi. Je\u015bli szukasz trwa\u0142ego i konfigurowalnego e-papierosa, kt\u00f3ry oferuje interaktywne do\u015bwiadczenie palenia, ten model jest dla Ciebie idealny. Odwied\u017a vapingnet.de, aby dowiedzie\u0107 si\u0119 wi\u0119cej i zam\u00f3wi\u0107 Bang Tick Tock 20000 Puffs.<\/p>\n<p>&nbsp;<\/p>","protected":false},"excerpt":{"rendered":"<p>Bang Tick Tock 20000 Puffs \u2013 Twoja idealna jednorazowa e-papieros Bang Tick Tock 20000 Puffs to jednorazowy e-papieros, kt\u00f3ry \u0142\u0105czy zaawansowan\u0105 technologi\u0119 z doskona\u0142\u0105...<\/p>","protected":false},"featured_media":6570,"template":"","meta":[],"etheme_brands":[],"product_brand":[101],"product_cat":[54,49,61],"product_tag":[],"class_list":{"0":"post-6585","1":"product","2":"type-product","3":"status-publish","4":"has-post-thumbnail","6":"product_brand-bang-king-vape","7":"product_cat-vape-20000-zuege","8":"product_cat-einweg-e-zigarette","9":"product_cat-f","11":"first","12":"instock","13":"shipping-taxable","14":"purchasable","15":"product-type-simple"},"yoast_head":"<!-- This site is optimized with the Yoast SEO plugin v26.5 - https:\/\/yoast.com\/wordpress\/plugins\/seo\/ -->\n<title>Genie\u00dfe Den Frischen Geschmack Von Peach Ice In 20000 Puffs | Vapingnet.de<\/title>\n<meta name=\"description\" content=\"Entdecke Genie\u00dfe Den Frischen Geschmack Von Peach Ice In 20000 Puffs bei vapingnet.de, \u25ba Gro\u00dfe Auswahl an Geschmacksrichtungen &amp; super g\u00fcnstig!\" \/>\n<meta name=\"robots\" content=\"index, follow, max-snippet:-1, max-image-preview:large, max-video-preview:-1\" \/>\n<link rel=\"canonical\" href=\"https:\/\/vapingnet.de\/pl\/vape\/geniesse-den-frischen-geschmack-von-peach-ice-in-20000-puffs\/\" \/>\n<meta property=\"og:locale\" content=\"pl_PL\" \/>\n<meta property=\"og:type\" content=\"article\" \/>\n<meta property=\"og:title\" content=\"Genie\u00dfe Den Frischen Geschmack Von Peach Ice In 20000 Puffs | Vapingnet.de\" \/>\n<meta property=\"og:description\" content=\"Entdecke Genie\u00dfe Den Frischen Geschmack Von Peach Ice In 20000 Puffs bei vapingnet.de, \u25ba Gro\u00dfe Auswahl an Geschmacksrichtungen &amp; super g\u00fcnstig!\" \/>\n<meta property=\"og:url\" content=\"https:\/\/vapingnet.de\/pl\/vape\/geniesse-den-frischen-geschmack-von-peach-ice-in-20000-puffs\/\" \/>\n<meta property=\"og:site_name\" content=\"Vapingnet.de\" \/>\n<meta property=\"article:publisher\" content=\"https:\/\/www.facebook.com\/vapingnetde\/\" \/>\n<meta property=\"article:modified_time\" content=\"2025-06-19T03:39:23+00:00\" \/>\n<meta property=\"og:image\" content=\"https:\/\/vapingnet.de\/wp-content\/uploads\/2025\/04\/Peach-Ice-2.webp\" \/>\n\t<meta property=\"og:image:width\" content=\"1000\" \/>\n\t<meta property=\"og:image:height\" content=\"1000\" \/>\n\t<meta property=\"og:image:type\" content=\"image\/webp\" \/>\n<meta name=\"twitter:card\" content=\"summary_large_image\" \/>\n<meta name=\"twitter:label1\" content=\"Est. reading time\" \/>\n\t<meta name=\"twitter:data1\" content=\"4 minutes\" \/>\n<script type=\"application\/ld+json\" class=\"yoast-schema-graph\">{\"@context\":\"https:\/\/schema.org\",\"@graph\":[{\"@type\":\"WebPage\",\"@id\":\"https:\/\/vapingnet.de\/vape\/geniesse-den-frischen-geschmack-von-peach-ice-in-20000-puffs\/\",\"url\":\"https:\/\/vapingnet.de\/vape\/geniesse-den-frischen-geschmack-von-peach-ice-in-20000-puffs\/\",\"name\":\"Genie\u00dfe Den Frischen Geschmack Von Peach Ice In 20000 Puffs | Vapingnet.de\",\"isPartOf\":{\"@id\":\"https:\/\/vapingnet.de\/#website\"},\"primaryImageOfPage\":{\"@id\":\"https:\/\/vapingnet.de\/vape\/geniesse-den-frischen-geschmack-von-peach-ice-in-20000-puffs\/#primaryimage\"},\"image\":{\"@id\":\"https:\/\/vapingnet.de\/vape\/geniesse-den-frischen-geschmack-von-peach-ice-in-20000-puffs\/#primaryimage\"},\"thumbnailUrl\":\"https:\/\/vapingnet.de\/wp-content\/uploads\/2025\/04\/Peach-Ice-2.webp\",\"datePublished\":\"2025-04-27T08:01:54+00:00\",\"dateModified\":\"2025-06-19T03:39:23+00:00\",\"description\":\"Entdecke Genie\u00dfe Den Frischen Geschmack Von Peach Ice In 20000 Puffs bei vapingnet.de, \u25ba Gro\u00dfe Auswahl an Geschmacksrichtungen & super g\u00fcnstig!\",\"breadcrumb\":{\"@id\":\"https:\/\/vapingnet.de\/vape\/geniesse-den-frischen-geschmack-von-peach-ice-in-20000-puffs\/#breadcrumb\"},\"inLanguage\":\"pl-PL\",\"potentialAction\":[{\"@type\":\"ReadAction\",\"target\":[\"https:\/\/vapingnet.de\/vape\/geniesse-den-frischen-geschmack-von-peach-ice-in-20000-puffs\/\"]}]},{\"@type\":\"ImageObject\",\"inLanguage\":\"pl-PL\",\"@id\":\"https:\/\/vapingnet.de\/vape\/geniesse-den-frischen-geschmack-von-peach-ice-in-20000-puffs\/#primaryimage\",\"url\":\"https:\/\/vapingnet.de\/wp-content\/uploads\/2025\/04\/Peach-Ice-2.webp\",\"contentUrl\":\"https:\/\/vapingnet.de\/wp-content\/uploads\/2025\/04\/Peach-Ice-2.webp\",\"width\":1000,\"height\":1000},{\"@type\":\"BreadcrumbList\",\"@id\":\"https:\/\/vapingnet.de\/vape\/geniesse-den-frischen-geschmack-von-peach-ice-in-20000-puffs\/#breadcrumb\",\"itemListElement\":[{\"@type\":\"ListItem\",\"position\":1,\"name\":\"Home\",\"item\":\"https:\/\/vapingnet.de\/\"},{\"@type\":\"ListItem\",\"position\":2,\"name\":\"Shop\",\"item\":\"https:\/\/vapingnet.de\/vape\/\"},{\"@type\":\"ListItem\",\"position\":3,\"name\":\"Genie\u00dfe Den Frischen Geschmack Von Peach Ice In 20000 Puffs\"}]},{\"@type\":\"WebSite\",\"@id\":\"https:\/\/vapingnet.de\/#website\",\"url\":\"https:\/\/vapingnet.de\/\",\"name\":\"Vapingnet.de\",\"description\":\"\",\"publisher\":{\"@id\":\"https:\/\/vapingnet.de\/#organization\"},\"potentialAction\":[{\"@type\":\"SearchAction\",\"target\":{\"@type\":\"EntryPoint\",\"urlTemplate\":\"https:\/\/vapingnet.de\/?s={search_term_string}\"},\"query-input\":{\"@type\":\"PropertyValueSpecification\",\"valueRequired\":true,\"valueName\":\"search_term_string\"}}],\"inLanguage\":\"pl-PL\"},{\"@type\":\"Organization\",\"@id\":\"https:\/\/vapingnet.de\/#organization\",\"name\":\"Vapingnet.de\",\"url\":\"https:\/\/vapingnet.de\/\",\"logo\":{\"@type\":\"ImageObject\",\"inLanguage\":\"pl-PL\",\"@id\":\"https:\/\/vapingnet.de\/#\/schema\/logo\/image\/\",\"url\":\"https:\/\/vapingnet.de\/wp-content\/uploads\/2025\/03\/cropped-vapingnet.de_.jpg\",\"contentUrl\":\"https:\/\/vapingnet.de\/wp-content\/uploads\/2025\/03\/cropped-vapingnet.de_.jpg\",\"width\":512,\"height\":512,\"caption\":\"Vapingnet.de\"},\"image\":{\"@id\":\"https:\/\/vapingnet.de\/#\/schema\/logo\/image\/\"},\"sameAs\":[\"https:\/\/www.facebook.com\/vapingnetde\/\"]}]}<\/script>\n<!-- \/ Yoast SEO plugin. -->","yoast_head_json":{"title":"Genie\u00dfe Den Frischen Geschmack Von Peach Ice In 20000 Puffs | Vapingnet.de","description":"Entdecke Genie\u00dfe Den Frischen Geschmack Von Peach Ice In 20000 Puffs bei vapingnet.de, \u25ba Gro\u00dfe Auswahl an Geschmacksrichtungen & super g\u00fcnstig!","robots":{"index":"index","follow":"follow","max-snippet":"max-snippet:-1","max-image-preview":"max-image-preview:large","max-video-preview":"max-video-preview:-1"},"canonical":"https:\/\/vapingnet.de\/pl\/vape\/geniesse-den-frischen-geschmack-von-peach-ice-in-20000-puffs\/","og_locale":"pl_PL","og_type":"article","og_title":"Genie\u00dfe Den Frischen Geschmack Von Peach Ice In 20000 Puffs | Vapingnet.de","og_description":"Entdecke Genie\u00dfe Den Frischen Geschmack Von Peach Ice In 20000 Puffs bei vapingnet.de, \u25ba Gro\u00dfe Auswahl an Geschmacksrichtungen & super g\u00fcnstig!","og_url":"https:\/\/vapingnet.de\/pl\/vape\/geniesse-den-frischen-geschmack-von-peach-ice-in-20000-puffs\/","og_site_name":"Vapingnet.de","article_publisher":"https:\/\/www.facebook.com\/vapingnetde\/","article_modified_time":"2025-06-19T03:39:23+00:00","og_image":[{"width":1000,"height":1000,"url":"https:\/\/vapingnet.de\/wp-content\/uploads\/2025\/04\/Peach-Ice-2.webp","type":"image\/webp"}],"twitter_card":"summary_large_image","twitter_misc":{"Est. reading time":"4 minutes"},"schema":{"@context":"https:\/\/schema.org","@graph":[{"@type":"WebPage","@id":"https:\/\/vapingnet.de\/vape\/geniesse-den-frischen-geschmack-von-peach-ice-in-20000-puffs\/","url":"https:\/\/vapingnet.de\/vape\/geniesse-den-frischen-geschmack-von-peach-ice-in-20000-puffs\/","name":"Genie\u00dfe Den Frischen Geschmack Von Peach Ice In 20000 Puffs | Vapingnet.de","isPartOf":{"@id":"https:\/\/vapingnet.de\/#website"},"primaryImageOfPage":{"@id":"https:\/\/vapingnet.de\/vape\/geniesse-den-frischen-geschmack-von-peach-ice-in-20000-puffs\/#primaryimage"},"image":{"@id":"https:\/\/vapingnet.de\/vape\/geniesse-den-frischen-geschmack-von-peach-ice-in-20000-puffs\/#primaryimage"},"thumbnailUrl":"https:\/\/vapingnet.de\/wp-content\/uploads\/2025\/04\/Peach-Ice-2.webp","datePublished":"2025-04-27T08:01:54+00:00","dateModified":"2025-06-19T03:39:23+00:00","description":"Entdecke Genie\u00dfe Den Frischen Geschmack Von Peach Ice In 20000 Puffs bei vapingnet.de, \u25ba Gro\u00dfe Auswahl an Geschmacksrichtungen & super g\u00fcnstig!","breadcrumb":{"@id":"https:\/\/vapingnet.de\/vape\/geniesse-den-frischen-geschmack-von-peach-ice-in-20000-puffs\/#breadcrumb"},"inLanguage":"pl-PL","potentialAction":[{"@type":"ReadAction","target":["https:\/\/vapingnet.de\/vape\/geniesse-den-frischen-geschmack-von-peach-ice-in-20000-puffs\/"]}]},{"@type":"ImageObject","inLanguage":"pl-PL","@id":"https:\/\/vapingnet.de\/vape\/geniesse-den-frischen-geschmack-von-peach-ice-in-20000-puffs\/#primaryimage","url":"https:\/\/vapingnet.de\/wp-content\/uploads\/2025\/04\/Peach-Ice-2.webp","contentUrl":"https:\/\/vapingnet.de\/wp-content\/uploads\/2025\/04\/Peach-Ice-2.webp","width":1000,"height":1000},{"@type":"BreadcrumbList","@id":"https:\/\/vapingnet.de\/vape\/geniesse-den-frischen-geschmack-von-peach-ice-in-20000-puffs\/#breadcrumb","itemListElement":[{"@type":"ListItem","position":1,"name":"Home","item":"https:\/\/vapingnet.de\/"},{"@type":"ListItem","position":2,"name":"Shop","item":"https:\/\/vapingnet.de\/vape\/"},{"@type":"ListItem","position":3,"name":"Genie\u00dfe Den Frischen Geschmack Von Peach Ice In 20000 Puffs"}]},{"@type":"WebSite","@id":"https:\/\/vapingnet.de\/#website","url":"https:\/\/vapingnet.de\/","name":"Vapingnet.de","description":"","publisher":{"@id":"https:\/\/vapingnet.de\/#organization"},"potentialAction":[{"@type":"SearchAction","target":{"@type":"EntryPoint","urlTemplate":"https:\/\/vapingnet.de\/?s={search_term_string}"},"query-input":{"@type":"PropertyValueSpecification","valueRequired":true,"valueName":"search_term_string"}}],"inLanguage":"pl-PL"},{"@type":"Organization","@id":"https:\/\/vapingnet.de\/#organization","name":"Vapingnet.de","url":"https:\/\/vapingnet.de\/","logo":{"@type":"ImageObject","inLanguage":"pl-PL","@id":"https:\/\/vapingnet.de\/#\/schema\/logo\/image\/","url":"https:\/\/vapingnet.de\/wp-content\/uploads\/2025\/03\/cropped-vapingnet.de_.jpg","contentUrl":"https:\/\/vapingnet.de\/wp-content\/uploads\/2025\/03\/cropped-vapingnet.de_.jpg","width":512,"height":512,"caption":"Vapingnet.de"},"image":{"@id":"https:\/\/vapingnet.de\/#\/schema\/logo\/image\/"},"sameAs":["https:\/\/www.facebook.com\/vapingnetde\/"]}]}},"tiered_pricing_type":"fixed","tiered_pricing_fixed_rules":{"10":"10.44","60":"9.4","110":"8.35","200":"7.31"},"tiered_pricing_product_settings":{"layout":"default","base_unit_name":{"singular":null,"plural":null},"default_variation":null},"tiered_pricing_minimum_quantity":null,"tiered_pricing_roles_data":[],"tiered_pricing_percentage_rules":[],"_links":{"self":[{"href":"https:\/\/vapingnet.de\/pl\/wp-json\/wp\/v2\/product\/6585","targetHints":{"allow":["GET"]}}],"collection":[{"href":"https:\/\/vapingnet.de\/pl\/wp-json\/wp\/v2\/product"}],"about":[{"href":"https:\/\/vapingnet.de\/pl\/wp-json\/wp\/v2\/types\/product"}],"version-history":[{"count":1,"href":"https:\/\/vapingnet.de\/pl\/wp-json\/wp\/v2\/product\/6585\/revisions"}],"predecessor-version":[{"id":6592,"href":"https:\/\/vapingnet.de\/pl\/wp-json\/wp\/v2\/product\/6585\/revisions\/6592"}],"wp:featuredmedia":[{"embeddable":true,"href":"https:\/\/vapingnet.de\/pl\/wp-json\/wp\/v2\/media\/6570"}],"wp:attachment":[{"href":"https:\/\/vapingnet.de\/pl\/wp-json\/wp\/v2\/media?parent=6585"}],"wp:term":[{"taxonomy":"brand","embeddable":true,"href":"https:\/\/vapingnet.de\/pl\/wp-json\/wp\/v2\/etheme_brands?post=6585"},{"taxonomy":"product_brand","embeddable":true,"href":"https:\/\/vapingnet.de\/pl\/wp-json\/wp\/v2\/product_brand?post=6585"},{"taxonomy":"product_cat","embeddable":true,"href":"https:\/\/vapingnet.de\/pl\/wp-json\/wp\/v2\/product_cat?post=6585"},{"taxonomy":"product_tag","embeddable":true,"href":"https:\/\/vapingnet.de\/pl\/wp-json\/wp\/v2\/product_tag?post=6585"}],"curies":[{"name":"wp","href":"https:\/\/api.w.org\/{rel}","templated":true}]}}