{"id":6587,"date":"2025-04-27T08:01:57","date_gmt":"2025-04-27T08:01:57","guid":{"rendered":"https:\/\/vapingnet.de\/?post_type=product&#038;p=6587"},"modified":"2025-06-19T03:39:22","modified_gmt":"2025-06-19T03:39:22","slug":"mix-fruit-in-bang-tick-tock-20000-puffs-hohe-qualitaet-guenstiger-preis","status":"publish","type":"product","link":"https:\/\/vapingnet.de\/pl\/vape\/mix-fruit-in-bang-tick-tock-20000-puffs-hohe-qualitaet-guenstiger-preis\/","title":{"rendered":"Mix Fruit w Bang Tick Tock 20000 Puffs \u2013 wysoka jako\u015b\u0107, korzystna cena"},"content":{"rendered":"<h2 data-start=\"0\" data-end=\"63\" data-immersive-translate-walked=\"64872b6c-5c31-4eba-b48d-fef384ed5eed\">Bang Tick Tock 20000 Puffs: Nowy wymiar vapingu<\/h2>\n<p class=\"\" data-start=\"65\" data-end=\"393\" data-immersive-translate-walked=\"64872b6c-5c31-4eba-b48d-fef384ed5eed\" data-immersive-translate-paragraph=\"1\">Bang Tick Tock 20000 Puffs wyznacza nowe standardy dla unikalnych e-papieros\u00f3w i zachwyca nowoczesnymi funkcjami oraz wyj\u0105tkow\u0105 wydajno\u015bci\u0105. Ten e-papieros oferuje wszystko, czego mo\u017cna oczekiwa\u0107 od zaawansowanego modelu: d\u0142ug\u0105 \u017cywotno\u015b\u0107, innowacyjn\u0105 technologi\u0119 i niezwyk\u0142e do\u015bwiadczenie u\u017cytkownika.<\/p>\n<h3>Cechy Bang Tick Tock 20000 Puffs<\/h3>\n<ul data-start=\"440\" data-end=\"1025\" data-immersive-translate-walked=\"64872b6c-5c31-4eba-b48d-fef384ed5eed\">\n<li class=\"\" data-start=\"440\" data-end=\"575\" data-immersive-translate-walked=\"64872b6c-5c31-4eba-b48d-fef384ed5eed\">\n<p class=\"\" data-start=\"442\" data-end=\"575\" data-immersive-translate-walked=\"64872b6c-5c31-4eba-b48d-fef384ed5eed\" data-immersive-translate-paragraph=\"1\">Mesh Coil: 1,0 Ohm Mesh Coil zapewnia r\u00f3wnomierne i intensywne parowanie, kt\u00f3re doskonale podkre\u015bla aromaty.<\/p>\n<\/li>\n<li class=\"\" data-start=\"576\" data-end=\"763\" data-immersive-translate-walked=\"64872b6c-5c31-4eba-b48d-fef384ed5eed\">\n<p class=\"\" data-start=\"578\" data-end=\"763\" data-immersive-translate-walked=\"64872b6c-5c31-4eba-b48d-fef384ed5eed\" data-immersive-translate-paragraph=\"1\">Pojemno\u015b\u0107 E-liquid: Z 25 ml E-liquid, Bang Tick Tock 20000 Puffs oferuje wyj\u0105tkowo d\u0142ugi czas parowania, co czyni go idealnym wyborem do codziennego u\u017cytku.<\/p>\n<\/li>\n<li class=\"\" data-start=\"764\" data-end=\"904\" data-immersive-translate-walked=\"64872b6c-5c31-4eba-b48d-fef384ed5eed\">\n<p class=\"\" data-start=\"766\" data-end=\"904\" data-immersive-translate-walked=\"64872b6c-5c31-4eba-b48d-fef384ed5eed\" data-immersive-translate-paragraph=\"1\">Akumulator: Akumulator 500 mAh gwarantuje niezawodn\u0105 wydajno\u015b\u0107 i mo\u017ce by\u0107 szybko na\u0142adowany dzi\u0119ki nowoczesnemu z\u0142\u0105czu Typ-C.<\/p>\n<\/li>\n<li class=\"\" data-start=\"905\" data-end=\"1025\" data-immersive-translate-walked=\"64872b6c-5c31-4eba-b48d-fef384ed5eed\">\n<p class=\"\" data-start=\"907\" data-end=\"1025\" data-immersive-translate-walked=\"64872b6c-5c31-4eba-b48d-fef384ed5eed\" data-immersive-translate-paragraph=\"1\">Opcje nikotyny: Wybierz spo\u015br\u00f3d nikotyny 0%, 2%, 3% lub 5%, aby dostosowa\u0107 vapowanie do swoich preferencji.<\/p>\n<\/li>\n<\/ul>\n<h4 data-start=\"1027\" data-end=\"1065\" data-immersive-translate-walked=\"64872b6c-5c31-4eba-b48d-fef384ed5eed\" data-immersive-translate-paragraph=\"1\">Unikalne funkcje i design<\/h4>\n<ul data-start=\"1067\" data-end=\"1642\" data-immersive-translate-walked=\"64872b6c-5c31-4eba-b48d-fef384ed5eed\">\n<li class=\"\" data-start=\"1067\" data-end=\"1344\" data-immersive-translate-walked=\"64872b6c-5c31-4eba-b48d-fef384ed5eed\">\n<p class=\"\" data-start=\"1069\" data-end=\"1344\" data-immersive-translate-walked=\"64872b6c-5c31-4eba-b48d-fef384ed5eed\" data-immersive-translate-paragraph=\"1\">Dynamiczny wy\u015bwietlacz: Bang Tick Tock 20000 Puffs wyr\u00f3\u017cnia si\u0119 innowacyjnym dynamicznym wy\u015bwietlaczem. Pokazuje on nie tylko poziom na\u0142adowania baterii, ale tak\u017ce tworzy efekt wizualny \u2013 z\u0119batki obracaj\u0105 si\u0119 podczas vapowania w trybie dynamicznym.<\/p>\n<\/li>\n<li class=\"\" data-start=\"1345\" data-end=\"1642\" data-immersive-translate-walked=\"64872b6c-5c31-4eba-b48d-fef384ed5eed\">\n<p class=\"\" data-start=\"1347\" data-end=\"1642\" data-immersive-translate-walked=\"64872b6c-5c31-4eba-b48d-fef384ed5eed\" data-immersive-translate-paragraph=\"1\">Dwa tryby vapowania: U\u017cytkownicy mog\u0105 wybiera\u0107 spo\u015br\u00f3d dw\u00f3ch tryb\u00f3w. W trybie dynamicznym z\u0119batki obracaj\u0105 si\u0119 podczas vapowania, natomiast tryb cichy aktywuje si\u0119 przez trzydmienne dmuchni\u0119cie w ci\u0105gu dw\u00f3ch sekund. Funkcje te zapewniaj\u0105 spersonalizowane do\u015bwiadczenie vapowania.<\/p>\n<\/li>\n<\/ul>\n<h4 data-start=\"1644\" data-end=\"1677\" data-immersive-translate-walked=\"64872b6c-5c31-4eba-b48d-fef384ed5eed\" data-immersive-translate-paragraph=\"1\">Smak i do\u015bwiadczenie vapowania<\/h4>\n<ul data-start=\"1679\" data-end=\"2107\" data-immersive-translate-walked=\"64872b6c-5c31-4eba-b48d-fef384ed5eed\">\n<li class=\"\" data-start=\"1679\" data-end=\"1881\" data-immersive-translate-walked=\"64872b6c-5c31-4eba-b48d-fef384ed5eed\">\n<p class=\"\" data-start=\"1681\" data-end=\"1881\" data-immersive-translate-walked=\"64872b6c-5c31-4eba-b48d-fef384ed5eed\" data-immersive-translate-paragraph=\"1\">Vaping MTL: Bang Tick Tock 20000 Puffs zosta\u0142 specjalnie zaprojektowany do vapowania typu MTL (mouth-to-lung), co umo\u017cliwia przyjemne i delikatne wdychanie \u2013 idealne dla tradycyjnego stylu vapowania.<\/p>\n<\/li>\n<li class=\"\" data-start=\"1882\" data-end=\"2107\" data-immersive-translate-walked=\"64872b6c-5c31-4eba-b48d-fef384ed5eed\">\n<p class=\"\" data-start=\"1884\" data-end=\"2107\" data-immersive-translate-walked=\"64872b6c-5c31-4eba-b48d-fef384ed5eed\" data-immersive-translate-paragraph=\"1\">Smak Mix Fruit: Smak Mix Fruit oferuje orze\u017awiaj\u0105cy i owocowy aromat, kt\u00f3ry zapewnia przyjemne do\u015bwiadczenie vapowania przez wiele godzin. Idealny dla tych, kt\u00f3rzy szukaj\u0105 owocowej eksplozji smak\u00f3w.<\/p>\n<\/li>\n<\/ul>\n<h4 data-start=\"2109\" data-end=\"2134\" data-immersive-translate-walked=\"64872b6c-5c31-4eba-b48d-fef384ed5eed\" data-immersive-translate-paragraph=\"1\">Wysy\u0142ka i dostawa<\/h4>\n<p class=\"\" data-start=\"2136\" data-end=\"2415\" data-immersive-translate-walked=\"64872b6c-5c31-4eba-b48d-fef384ed5eed\" data-immersive-translate-paragraph=\"1\">Kolejn\u0105 zalet\u0105 Bang Tick Tock 20000 Puffs jest szybka wysy\u0142ka w ci\u0105gu Deutschland. Klienci mog\u0105 liczy\u0107 na szybk\u0105 dostaw\u0119 w ci\u0105gu 7-15 dni roboczych. Dodatkowo korzystaj\u0105 z bezpodatkowej wysy\u0142ki, co czyni zakupy jeszcze przyjemniejszymi.<\/p>\n<h4 data-start=\"2417\" data-end=\"2458\" data-immersive-translate-walked=\"64872b6c-5c31-4eba-b48d-fef384ed5eed\" data-immersive-translate-paragraph=\"1\">Dlaczego Bang Tick Tock 20000 Puffs?<\/h4>\n<p class=\"\" data-start=\"2460\" data-end=\"2976\" data-immersive-translate-walked=\"64872b6c-5c31-4eba-b48d-fef384ed5eed\" data-immersive-translate-paragraph=\"1\">Bang Tick Tock 20000 Puffs to idealny wyb\u00f3r dla vapist\u00f3w poszukuj\u0105cych trwa\u0142ego, wydajnego i \u0142atwego w obs\u0142udze e-papierosa. Z du\u017c\u0105 pojemno\u015bci\u0105 e-liquid, wydajnym akumulatorem i innowacyjnymi funkcjami, takimi jak dynamiczny wy\u015bwietlacz i r\u00f3\u017cne tryby vapowania, ten e-papieros zapewnia wyj\u0105tkowe do\u015bwiadczenie. Niezale\u017cnie od tego, czy szukasz owocowego smaku, czy zaawansowanej technologii, Bang Tick Tock 20000 Puffs nie zawiedzie.<\/p>\n<p>&nbsp;<\/p>","protected":false},"excerpt":{"rendered":"<p>Bang Tick Tock 20000 Puffs: Die neue Dimension des Dampfens Die Bang Tick Tock 20000 Puffs setzt neue Ma\u00dfst\u00e4be f\u00fcr einmalige E-Zigaretten und begeistert mit&#8230;<\/p>","protected":false},"featured_media":6569,"template":"","meta":[],"etheme_brands":[],"product_brand":[101],"product_cat":[54,49,61],"product_tag":[],"class_list":{"0":"post-6587","1":"product","2":"type-product","3":"status-publish","4":"has-post-thumbnail","6":"product_brand-bang-king-vape","7":"product_cat-vape-20000-zuege","8":"product_cat-einweg-e-zigarette","9":"product_cat-f","11":"first","12":"instock","13":"shipping-taxable","14":"purchasable","15":"product-type-simple"},"yoast_head":"<!-- This site is optimized with the Yoast SEO plugin v26.5 - https:\/\/yoast.com\/wordpress\/plugins\/seo\/ -->\n<title>Mix Fruit In Bang Tick Tock 20000 Puffs Hohe Qualit\u00e4t G\u00fcnstiger Preis | Vapingnet.de<\/title>\n<meta name=\"description\" content=\"Entdecke Mix Fruit In Bang Tick Tock 20000 Puffs Hohe Qualit\u00e4t G\u00fcnstiger Preis bei vapingnet.de, \u25ba Gro\u00dfe Auswahl an Geschmacksrichtungen &amp; super g\u00fcnstig!\" \/>\n<meta name=\"robots\" content=\"index, follow, max-snippet:-1, max-image-preview:large, max-video-preview:-1\" \/>\n<link rel=\"canonical\" href=\"https:\/\/vapingnet.de\/pl\/vape\/mix-fruit-in-bang-tick-tock-20000-puffs-hohe-qualitaet-guenstiger-preis\/\" \/>\n<meta property=\"og:locale\" content=\"pl_PL\" \/>\n<meta property=\"og:type\" content=\"article\" \/>\n<meta property=\"og:title\" content=\"Mix Fruit In Bang Tick Tock 20000 Puffs Hohe Qualit\u00e4t G\u00fcnstiger Preis | Vapingnet.de\" \/>\n<meta property=\"og:description\" content=\"Entdecke Mix Fruit In Bang Tick Tock 20000 Puffs Hohe Qualit\u00e4t G\u00fcnstiger Preis bei vapingnet.de, \u25ba Gro\u00dfe Auswahl an Geschmacksrichtungen &amp; super g\u00fcnstig!\" \/>\n<meta property=\"og:url\" content=\"https:\/\/vapingnet.de\/pl\/vape\/mix-fruit-in-bang-tick-tock-20000-puffs-hohe-qualitaet-guenstiger-preis\/\" \/>\n<meta property=\"og:site_name\" content=\"Vapingnet.de\" \/>\n<meta property=\"article:publisher\" content=\"https:\/\/www.facebook.com\/vapingnetde\/\" \/>\n<meta property=\"article:modified_time\" content=\"2025-06-19T03:39:22+00:00\" \/>\n<meta property=\"og:image\" content=\"https:\/\/vapingnet.de\/wp-content\/uploads\/2025\/04\/Mix-Fruit.webp\" \/>\n\t<meta property=\"og:image:width\" content=\"1000\" \/>\n\t<meta property=\"og:image:height\" content=\"1000\" \/>\n\t<meta property=\"og:image:type\" content=\"image\/webp\" \/>\n<meta name=\"twitter:card\" content=\"summary_large_image\" \/>\n<meta name=\"twitter:label1\" content=\"Est. reading time\" \/>\n\t<meta name=\"twitter:data1\" content=\"3 minutes\" \/>\n<script type=\"application\/ld+json\" class=\"yoast-schema-graph\">{\"@context\":\"https:\/\/schema.org\",\"@graph\":[{\"@type\":\"WebPage\",\"@id\":\"https:\/\/vapingnet.de\/vape\/mix-fruit-in-bang-tick-tock-20000-puffs-hohe-qualitaet-guenstiger-preis\/\",\"url\":\"https:\/\/vapingnet.de\/vape\/mix-fruit-in-bang-tick-tock-20000-puffs-hohe-qualitaet-guenstiger-preis\/\",\"name\":\"Mix Fruit In Bang Tick Tock 20000 Puffs Hohe Qualit\u00e4t G\u00fcnstiger Preis | Vapingnet.de\",\"isPartOf\":{\"@id\":\"https:\/\/vapingnet.de\/#website\"},\"primaryImageOfPage\":{\"@id\":\"https:\/\/vapingnet.de\/vape\/mix-fruit-in-bang-tick-tock-20000-puffs-hohe-qualitaet-guenstiger-preis\/#primaryimage\"},\"image\":{\"@id\":\"https:\/\/vapingnet.de\/vape\/mix-fruit-in-bang-tick-tock-20000-puffs-hohe-qualitaet-guenstiger-preis\/#primaryimage\"},\"thumbnailUrl\":\"https:\/\/vapingnet.de\/wp-content\/uploads\/2025\/04\/Mix-Fruit.webp\",\"datePublished\":\"2025-04-27T08:01:57+00:00\",\"dateModified\":\"2025-06-19T03:39:22+00:00\",\"description\":\"Entdecke Mix Fruit In Bang Tick Tock 20000 Puffs Hohe Qualit\u00e4t G\u00fcnstiger Preis bei vapingnet.de, \u25ba Gro\u00dfe Auswahl an Geschmacksrichtungen & super g\u00fcnstig!\",\"breadcrumb\":{\"@id\":\"https:\/\/vapingnet.de\/vape\/mix-fruit-in-bang-tick-tock-20000-puffs-hohe-qualitaet-guenstiger-preis\/#breadcrumb\"},\"inLanguage\":\"pl-PL\",\"potentialAction\":[{\"@type\":\"ReadAction\",\"target\":[\"https:\/\/vapingnet.de\/vape\/mix-fruit-in-bang-tick-tock-20000-puffs-hohe-qualitaet-guenstiger-preis\/\"]}]},{\"@type\":\"ImageObject\",\"inLanguage\":\"pl-PL\",\"@id\":\"https:\/\/vapingnet.de\/vape\/mix-fruit-in-bang-tick-tock-20000-puffs-hohe-qualitaet-guenstiger-preis\/#primaryimage\",\"url\":\"https:\/\/vapingnet.de\/wp-content\/uploads\/2025\/04\/Mix-Fruit.webp\",\"contentUrl\":\"https:\/\/vapingnet.de\/wp-content\/uploads\/2025\/04\/Mix-Fruit.webp\",\"width\":1000,\"height\":1000},{\"@type\":\"BreadcrumbList\",\"@id\":\"https:\/\/vapingnet.de\/vape\/mix-fruit-in-bang-tick-tock-20000-puffs-hohe-qualitaet-guenstiger-preis\/#breadcrumb\",\"itemListElement\":[{\"@type\":\"ListItem\",\"position\":1,\"name\":\"Home\",\"item\":\"https:\/\/vapingnet.de\/\"},{\"@type\":\"ListItem\",\"position\":2,\"name\":\"Shop\",\"item\":\"https:\/\/vapingnet.de\/vape\/\"},{\"@type\":\"ListItem\",\"position\":3,\"name\":\"Mix Fruit In Bang Tick Tock 20000 Puffs Hohe Qualit\u00e4t G\u00fcnstiger Preis\"}]},{\"@type\":\"WebSite\",\"@id\":\"https:\/\/vapingnet.de\/#website\",\"url\":\"https:\/\/vapingnet.de\/\",\"name\":\"Vapingnet.de\",\"description\":\"\",\"publisher\":{\"@id\":\"https:\/\/vapingnet.de\/#organization\"},\"potentialAction\":[{\"@type\":\"SearchAction\",\"target\":{\"@type\":\"EntryPoint\",\"urlTemplate\":\"https:\/\/vapingnet.de\/?s={search_term_string}\"},\"query-input\":{\"@type\":\"PropertyValueSpecification\",\"valueRequired\":true,\"valueName\":\"search_term_string\"}}],\"inLanguage\":\"pl-PL\"},{\"@type\":\"Organization\",\"@id\":\"https:\/\/vapingnet.de\/#organization\",\"name\":\"Vapingnet.de\",\"url\":\"https:\/\/vapingnet.de\/\",\"logo\":{\"@type\":\"ImageObject\",\"inLanguage\":\"pl-PL\",\"@id\":\"https:\/\/vapingnet.de\/#\/schema\/logo\/image\/\",\"url\":\"https:\/\/vapingnet.de\/wp-content\/uploads\/2025\/03\/cropped-vapingnet.de_.jpg\",\"contentUrl\":\"https:\/\/vapingnet.de\/wp-content\/uploads\/2025\/03\/cropped-vapingnet.de_.jpg\",\"width\":512,\"height\":512,\"caption\":\"Vapingnet.de\"},\"image\":{\"@id\":\"https:\/\/vapingnet.de\/#\/schema\/logo\/image\/\"},\"sameAs\":[\"https:\/\/www.facebook.com\/vapingnetde\/\"]}]}<\/script>\n<!-- \/ Yoast SEO plugin. -->","yoast_head_json":{"title":"Mix Fruit In Bang Tick Tock 20000 Puffs Hohe Qualit\u00e4t G\u00fcnstiger Preis | Vapingnet.de","description":"Entdecke Mix Fruit In Bang Tick Tock 20000 Puffs Hohe Qualit\u00e4t G\u00fcnstiger Preis bei vapingnet.de, \u25ba Gro\u00dfe Auswahl an Geschmacksrichtungen & super g\u00fcnstig!","robots":{"index":"index","follow":"follow","max-snippet":"max-snippet:-1","max-image-preview":"max-image-preview:large","max-video-preview":"max-video-preview:-1"},"canonical":"https:\/\/vapingnet.de\/pl\/vape\/mix-fruit-in-bang-tick-tock-20000-puffs-hohe-qualitaet-guenstiger-preis\/","og_locale":"pl_PL","og_type":"article","og_title":"Mix Fruit In Bang Tick Tock 20000 Puffs Hohe Qualit\u00e4t G\u00fcnstiger Preis | Vapingnet.de","og_description":"Entdecke Mix Fruit In Bang Tick Tock 20000 Puffs Hohe Qualit\u00e4t G\u00fcnstiger Preis bei vapingnet.de, \u25ba Gro\u00dfe Auswahl an Geschmacksrichtungen & super g\u00fcnstig!","og_url":"https:\/\/vapingnet.de\/pl\/vape\/mix-fruit-in-bang-tick-tock-20000-puffs-hohe-qualitaet-guenstiger-preis\/","og_site_name":"Vapingnet.de","article_publisher":"https:\/\/www.facebook.com\/vapingnetde\/","article_modified_time":"2025-06-19T03:39:22+00:00","og_image":[{"width":1000,"height":1000,"url":"https:\/\/vapingnet.de\/wp-content\/uploads\/2025\/04\/Mix-Fruit.webp","type":"image\/webp"}],"twitter_card":"summary_large_image","twitter_misc":{"Est. reading time":"3 minutes"},"schema":{"@context":"https:\/\/schema.org","@graph":[{"@type":"WebPage","@id":"https:\/\/vapingnet.de\/vape\/mix-fruit-in-bang-tick-tock-20000-puffs-hohe-qualitaet-guenstiger-preis\/","url":"https:\/\/vapingnet.de\/vape\/mix-fruit-in-bang-tick-tock-20000-puffs-hohe-qualitaet-guenstiger-preis\/","name":"Mix Fruit In Bang Tick Tock 20000 Puffs Hohe Qualit\u00e4t G\u00fcnstiger Preis | Vapingnet.de","isPartOf":{"@id":"https:\/\/vapingnet.de\/#website"},"primaryImageOfPage":{"@id":"https:\/\/vapingnet.de\/vape\/mix-fruit-in-bang-tick-tock-20000-puffs-hohe-qualitaet-guenstiger-preis\/#primaryimage"},"image":{"@id":"https:\/\/vapingnet.de\/vape\/mix-fruit-in-bang-tick-tock-20000-puffs-hohe-qualitaet-guenstiger-preis\/#primaryimage"},"thumbnailUrl":"https:\/\/vapingnet.de\/wp-content\/uploads\/2025\/04\/Mix-Fruit.webp","datePublished":"2025-04-27T08:01:57+00:00","dateModified":"2025-06-19T03:39:22+00:00","description":"Entdecke Mix Fruit In Bang Tick Tock 20000 Puffs Hohe Qualit\u00e4t G\u00fcnstiger Preis bei vapingnet.de, \u25ba Gro\u00dfe Auswahl an Geschmacksrichtungen & super g\u00fcnstig!","breadcrumb":{"@id":"https:\/\/vapingnet.de\/vape\/mix-fruit-in-bang-tick-tock-20000-puffs-hohe-qualitaet-guenstiger-preis\/#breadcrumb"},"inLanguage":"pl-PL","potentialAction":[{"@type":"ReadAction","target":["https:\/\/vapingnet.de\/vape\/mix-fruit-in-bang-tick-tock-20000-puffs-hohe-qualitaet-guenstiger-preis\/"]}]},{"@type":"ImageObject","inLanguage":"pl-PL","@id":"https:\/\/vapingnet.de\/vape\/mix-fruit-in-bang-tick-tock-20000-puffs-hohe-qualitaet-guenstiger-preis\/#primaryimage","url":"https:\/\/vapingnet.de\/wp-content\/uploads\/2025\/04\/Mix-Fruit.webp","contentUrl":"https:\/\/vapingnet.de\/wp-content\/uploads\/2025\/04\/Mix-Fruit.webp","width":1000,"height":1000},{"@type":"BreadcrumbList","@id":"https:\/\/vapingnet.de\/vape\/mix-fruit-in-bang-tick-tock-20000-puffs-hohe-qualitaet-guenstiger-preis\/#breadcrumb","itemListElement":[{"@type":"ListItem","position":1,"name":"Home","item":"https:\/\/vapingnet.de\/"},{"@type":"ListItem","position":2,"name":"Shop","item":"https:\/\/vapingnet.de\/vape\/"},{"@type":"ListItem","position":3,"name":"Mix Fruit In Bang Tick Tock 20000 Puffs Hohe Qualit\u00e4t G\u00fcnstiger Preis"}]},{"@type":"WebSite","@id":"https:\/\/vapingnet.de\/#website","url":"https:\/\/vapingnet.de\/","name":"Vapingnet.de","description":"","publisher":{"@id":"https:\/\/vapingnet.de\/#organization"},"potentialAction":[{"@type":"SearchAction","target":{"@type":"EntryPoint","urlTemplate":"https:\/\/vapingnet.de\/?s={search_term_string}"},"query-input":{"@type":"PropertyValueSpecification","valueRequired":true,"valueName":"search_term_string"}}],"inLanguage":"pl-PL"},{"@type":"Organization","@id":"https:\/\/vapingnet.de\/#organization","name":"Vapingnet.de","url":"https:\/\/vapingnet.de\/","logo":{"@type":"ImageObject","inLanguage":"pl-PL","@id":"https:\/\/vapingnet.de\/#\/schema\/logo\/image\/","url":"https:\/\/vapingnet.de\/wp-content\/uploads\/2025\/03\/cropped-vapingnet.de_.jpg","contentUrl":"https:\/\/vapingnet.de\/wp-content\/uploads\/2025\/03\/cropped-vapingnet.de_.jpg","width":512,"height":512,"caption":"Vapingnet.de"},"image":{"@id":"https:\/\/vapingnet.de\/#\/schema\/logo\/image\/"},"sameAs":["https:\/\/www.facebook.com\/vapingnetde\/"]}]}},"tiered_pricing_type":"fixed","tiered_pricing_fixed_rules":{"10":"10.44","60":"9.4","110":"8.35","200":"7.31"},"tiered_pricing_product_settings":{"layout":"default","base_unit_name":{"singular":null,"plural":null},"default_variation":null},"tiered_pricing_minimum_quantity":null,"tiered_pricing_roles_data":[],"tiered_pricing_percentage_rules":[],"_links":{"self":[{"href":"https:\/\/vapingnet.de\/pl\/wp-json\/wp\/v2\/product\/6587","targetHints":{"allow":["GET"]}}],"collection":[{"href":"https:\/\/vapingnet.de\/pl\/wp-json\/wp\/v2\/product"}],"about":[{"href":"https:\/\/vapingnet.de\/pl\/wp-json\/wp\/v2\/types\/product"}],"version-history":[{"count":1,"href":"https:\/\/vapingnet.de\/pl\/wp-json\/wp\/v2\/product\/6587\/revisions"}],"predecessor-version":[{"id":6594,"href":"https:\/\/vapingnet.de\/pl\/wp-json\/wp\/v2\/product\/6587\/revisions\/6594"}],"wp:featuredmedia":[{"embeddable":true,"href":"https:\/\/vapingnet.de\/pl\/wp-json\/wp\/v2\/media\/6569"}],"wp:attachment":[{"href":"https:\/\/vapingnet.de\/pl\/wp-json\/wp\/v2\/media?parent=6587"}],"wp:term":[{"taxonomy":"brand","embeddable":true,"href":"https:\/\/vapingnet.de\/pl\/wp-json\/wp\/v2\/etheme_brands?post=6587"},{"taxonomy":"product_brand","embeddable":true,"href":"https:\/\/vapingnet.de\/pl\/wp-json\/wp\/v2\/product_brand?post=6587"},{"taxonomy":"product_cat","embeddable":true,"href":"https:\/\/vapingnet.de\/pl\/wp-json\/wp\/v2\/product_cat?post=6587"},{"taxonomy":"product_tag","embeddable":true,"href":"https:\/\/vapingnet.de\/pl\/wp-json\/wp\/v2\/product_tag?post=6587"}],"curies":[{"name":"wp","href":"https:\/\/api.w.org\/{rel}","templated":true}]}}