{"id":6588,"date":"2025-04-27T08:01:58","date_gmt":"2025-04-27T08:01:58","guid":{"rendered":"https:\/\/vapingnet.de\/?post_type=product&#038;p=6588"},"modified":"2025-06-19T03:39:22","modified_gmt":"2025-06-19T03:39:22","slug":"erlebe-die-exklusivitaet-von-blueberry-ice-in-bang-tick-tock-20000-puffs","status":"publish","type":"product","link":"https:\/\/vapingnet.de\/pl\/vape\/erlebe-die-exklusivitaet-von-blueberry-ice-in-bang-tick-tock-20000-puffs\/","title":{"rendered":"Do\u015bwiadcz ekskluzywno\u015bci Blueberry Ice w Bang Tick Tock 20000 Puffs"},"content":{"rendered":"<h2 data-start=\"0\" data-end=\"89\" data-immersive-translate-walked=\"3e1f7feb-41af-4c1b-80a9-37e9f110835c\">Bang Tick Tock 20000 Puffs \u2013 Ostateczne do\u015bwiadczenie vapingowe w jednorazowej e-papierosie<\/h2>\n<p class=\"\" data-start=\"91\" data-end=\"396\" data-immersive-translate-walked=\"3e1f7feb-41af-4c1b-80a9-37e9f110835c\" data-immersive-translate-paragraph=\"1\">Jednorazowy e-papieros Bang Tick Tock 20000 Puffs to idealny wyb\u00f3r dla vaporyst\u00f3w poszukuj\u0105cych mocnego i przyjaznego u\u017cytkownikowi produktu. Dzi\u0119ki innowacyjnym funkcjom, du\u017cej pojemno\u015bci e-liquid i orze\u017awiaj\u0105cemu smakowi, ten model zapewnia wyj\u0105tkowe doznania vapingowe.<\/p>\n<h3 class=\"\" data-start=\"398\" data-end=\"428\" data-immersive-translate-walked=\"3e1f7feb-41af-4c1b-80a9-37e9f110835c\" data-immersive-translate-paragraph=\"1\">Specyfikacje techniczne<\/h3>\n<ul data-start=\"430\" data-end=\"1141\" data-immersive-translate-walked=\"3e1f7feb-41af-4c1b-80a9-37e9f110835c\">\n<li class=\"\" data-start=\"430\" data-end=\"607\" data-immersive-translate-walked=\"3e1f7feb-41af-4c1b-80a9-37e9f110835c\">\n<p class=\"\" data-start=\"432\" data-end=\"607\" data-immersive-translate-walked=\"3e1f7feb-41af-4c1b-80a9-37e9f110835c\" data-immersive-translate-paragraph=\"1\">Mesh Coil (1,0 Ohm): Mesh Coil o oporno\u015bci 1,0 Ohm zapewnia r\u00f3wnomierne i intensywne odparowywanie, co przek\u0142ada si\u0119 na doskona\u0142y smak i g\u0119st\u0105 chmur\u0119 pary.<\/p>\n<\/li>\n<li class=\"\" data-start=\"608\" data-end=\"792\" data-immersive-translate-walked=\"3e1f7feb-41af-4c1b-80a9-37e9f110835c\">\n<p class=\"\" data-start=\"610\" data-end=\"792\" data-immersive-translate-walked=\"3e1f7feb-41af-4c1b-80a9-37e9f110835c\" data-immersive-translate-paragraph=\"1\">Pojemno\u015b\u0107 e-liquid (25 ml): Dzi\u0119ki du\u017cej pojemno\u015bci 25 ml, ten jednorazowy e-papieros oferuje d\u0142ugi czas u\u017cytkowania, nie musisz go ci\u0105gle uzupe\u0142nia\u0107.<\/p>\n<\/li>\n<li class=\"\" data-start=\"793\" data-end=\"950\" data-immersive-translate-walked=\"3e1f7feb-41af-4c1b-80a9-37e9f110835c\">\n<p class=\"\" data-start=\"795\" data-end=\"950\" data-immersive-translate-walked=\"3e1f7feb-41af-4c1b-80a9-37e9f110835c\" data-immersive-translate-paragraph=\"1\">Akumulator (500 mAh): Akumulator o pojemno\u015bci 500 mAh dostarcza niezb\u0119dn\u0105 energi\u0119 do stabilnej pracy i pozwala na d\u0142ugie, nieprzerwane vapowanie.<\/p>\n<\/li>\n<li class=\"\" data-start=\"951\" data-end=\"1141\" data-immersive-translate-walked=\"3e1f7feb-41af-4c1b-80a9-37e9f110835c\">\n<p class=\"\" data-start=\"953\" data-end=\"1141\" data-immersive-translate-walked=\"3e1f7feb-41af-4c1b-80a9-37e9f110835c\" data-immersive-translate-paragraph=\"1\">Port \u0142adowania (Typ-C): Port \u0142adowania Typ-C umo\u017cliwia szybkie i \u0142atwe \u0142adowanie urz\u0105dzenia, dzi\u0119ki czemu sp\u0119dzasz mniej czasu na \u0142adowaniu, a wi\u0119cej na vapowaniu.<\/p>\n<\/li>\n<\/ul>\n<h4 data-start=\"1143\" data-end=\"1193\" data-immersive-translate-walked=\"3e1f7feb-41af-4c1b-80a9-37e9f110835c\" data-immersive-translate-paragraph=\"1\">Dwa tryby dla r\u00f3\u017cnych dozna\u0144 vapingowych<\/h4>\n<p class=\"\" data-start=\"1195\" data-end=\"1348\" data-immersive-translate-walked=\"3e1f7feb-41af-4c1b-80a9-37e9f110835c\" data-immersive-translate-paragraph=\"1\">Bang Tick Tock 20000 Puffs oferuje dwa r\u00f3\u017cne tryby vapingowe, daj\u0105ce Ci wolno\u015b\u0107 dostosowania do\u015bwiadczenia do w\u0142asnych preferencji:<\/p>\n<ul data-start=\"1350\" data-end=\"1657\" data-immersive-translate-walked=\"3e1f7feb-41af-4c1b-80a9-37e9f110835c\">\n<li class=\"\" data-start=\"1350\" data-end=\"1500\" data-immersive-translate-walked=\"3e1f7feb-41af-4c1b-80a9-37e9f110835c\">\n<p class=\"\" data-start=\"1352\" data-end=\"1500\" data-immersive-translate-walked=\"3e1f7feb-41af-4c1b-80a9-37e9f110835c\" data-immersive-translate-paragraph=\"1\">Tryb dynamiczny: W tym trybie z\u0119batki poruszaj\u0105 si\u0119 podczas vapowania, dodaj\u0105c ekscytuj\u0105cy element wizualny do procesu.<\/p>\n<\/li>\n<li class=\"\" data-start=\"1501\" data-end=\"1657\" data-immersive-translate-walked=\"3e1f7feb-41af-4c1b-80a9-37e9f110835c\">\n<p class=\"\" data-start=\"1503\" data-end=\"1657\" data-immersive-translate-walked=\"3e1f7feb-41af-4c1b-80a9-37e9f110835c\" data-immersive-translate-paragraph=\"1\">Tryb cichy: Chcesz vapowa\u0107 dyskretnie? Tryb cichy zatrzymuje z\u0119batki po trzech szybkich poci\u0105gni\u0119ciach w ci\u0105gu dw\u00f3ch sekund.<\/p>\n<\/li>\n<\/ul>\n<h4 data-start=\"1659\" data-end=\"1692\" data-immersive-translate-walked=\"3e1f7feb-41af-4c1b-80a9-37e9f110835c\" data-immersive-translate-paragraph=\"1\">Smak i opcje nikotynowe<\/h4>\n<p class=\"\" data-start=\"1694\" data-end=\"1919\" data-immersive-translate-walked=\"3e1f7feb-41af-4c1b-80a9-37e9f110835c\" data-immersive-translate-paragraph=\"1\">Bang Tick Tock 20000 Puffs jest wyposa\u017cony w pyszny smak Blueberry Ice, kt\u00f3ry oferuje idealn\u0105 r\u00f3wnowag\u0119 mi\u0119dzy s\u0142odk\u0105 bor\u00f3wk\u0105 a orze\u017awiaj\u0105c\u0105 ch\u0142od\u0105. Idealny do orze\u017awiaj\u0105cego relaksu podczas vapowania.<\/p>\n<p class=\"\" data-start=\"1921\" data-end=\"2030\" data-immersive-translate-walked=\"3e1f7feb-41af-4c1b-80a9-37e9f110835c\" data-immersive-translate-paragraph=\"1\">Dla vaporyst\u00f3w chc\u0105cych kontrolowa\u0107 ilo\u015b\u0107 przyjmowanej nikotyny, dost\u0119pne s\u0105 r\u00f3\u017cne st\u0119\u017cenia nikotyny:<\/p>\n<ul data-start=\"2032\" data-end=\"2051\" data-immersive-translate-walked=\"3e1f7feb-41af-4c1b-80a9-37e9f110835c\">\n<li class=\"\" data-start=\"2032\" data-end=\"2036\" data-immersive-translate-walked=\"3e1f7feb-41af-4c1b-80a9-37e9f110835c\">\n<p class=\"\" data-start=\"2034\" data-end=\"2036\" data-immersive-translate-walked=\"3e1f7feb-41af-4c1b-80a9-37e9f110835c\">0%<\/p>\n<\/li>\n<li class=\"\" data-start=\"2037\" data-end=\"2041\" data-immersive-translate-walked=\"3e1f7feb-41af-4c1b-80a9-37e9f110835c\">\n<p class=\"\" data-start=\"2039\" data-end=\"2041\" data-immersive-translate-walked=\"3e1f7feb-41af-4c1b-80a9-37e9f110835c\">2%<\/p>\n<\/li>\n<li class=\"\" data-start=\"2042\" data-end=\"2046\" data-immersive-translate-walked=\"3e1f7feb-41af-4c1b-80a9-37e9f110835c\">\n<p class=\"\" data-start=\"2044\" data-end=\"2046\" data-immersive-translate-walked=\"3e1f7feb-41af-4c1b-80a9-37e9f110835c\">3%<\/p>\n<\/li>\n<li class=\"\" data-start=\"2047\" data-end=\"2051\" data-immersive-translate-walked=\"3e1f7feb-41af-4c1b-80a9-37e9f110835c\">\n<p class=\"\" data-start=\"2049\" data-end=\"2051\" data-immersive-translate-walked=\"3e1f7feb-41af-4c1b-80a9-37e9f110835c\">5%<\/p>\n<\/li>\n<\/ul>\n<h4 data-start=\"2053\" data-end=\"2094\" data-immersive-translate-walked=\"3e1f7feb-41af-4c1b-80a9-37e9f110835c\" data-immersive-translate-paragraph=\"1\">Vaping MTL i przyjazno\u015b\u0107 dla u\u017cytkownika<\/h4>\n<p class=\"\" data-start=\"2096\" data-end=\"2424\" data-immersive-translate-walked=\"3e1f7feb-41af-4c1b-80a9-37e9f110835c\" data-immersive-translate-paragraph=\"1\">Bang Tick Tock 20000 Puffs jest zaprojektowany do vapowania typu MTL (mouth-to-lung), co czyni go idealnym dla vaporyst\u00f3w preferuj\u0105cych klasyczn\u0105 technik\u0119 inhalacji. System aktywowany przez zaci\u0105gni\u0119cie zapewnia automatyczne uruchomienie e-papierosa przy ka\u017cdym poci\u0105gni\u0119ciu, co czyni obs\u0142ug\u0119 szczeg\u00f3lnie prost\u0105 i wygodn\u0105.<\/p>\n<h4 data-start=\"2426\" data-end=\"2450\" data-immersive-translate-walked=\"3e1f7feb-41af-4c1b-80a9-37e9f110835c\" data-immersive-translate-paragraph=\"1\">Wysy\u0142ka i korzy\u015bci<\/h4>\n<p class=\"\" data-start=\"2452\" data-end=\"2513\" data-immersive-translate-walked=\"3e1f7feb-41af-4c1b-80a9-37e9f110835c\" data-immersive-translate-paragraph=\"1\">Zam\u00f3wienia na vapingnet.de oferuj\u0105 liczne korzy\u015bci:<\/p>\n<ul data-start=\"2515\" data-end=\"2786\" data-immersive-translate-walked=\"3e1f7feb-41af-4c1b-80a9-37e9f110835c\">\n<li class=\"\" data-start=\"2515\" data-end=\"2637\" data-immersive-translate-walked=\"3e1f7feb-41af-4c1b-80a9-37e9f110835c\">\n<p class=\"\" data-start=\"2517\" data-end=\"2637\" data-immersive-translate-walked=\"3e1f7feb-41af-4c1b-80a9-37e9f110835c\" data-immersive-translate-paragraph=\"1\">Szybka wysy\u0142ka: Czas dostawy wynosi zazwyczaj od 7 do 15 dni roboczych, co gwarantuje szybk\u0105 dost\u0119pno\u015b\u0107.<\/p>\n<\/li>\n<li class=\"\" data-start=\"2638\" data-end=\"2786\" data-immersive-translate-walked=\"3e1f7feb-41af-4c1b-80a9-37e9f110835c\">\n<p class=\"\" data-start=\"2640\" data-end=\"2786\" data-immersive-translate-walked=\"3e1f7feb-41af-4c1b-80a9-37e9f110835c\" data-immersive-translate-paragraph=\"1\">Bez op\u0142at celnych: Przy zakupach powy\u017cej vapingnet.de nie ponosisz dodatkowych op\u0142at celnych ani podatkowych, co czyni proces zakupu jeszcze przyjemniejszym.<\/p>\n<\/li>\n<\/ul>\n<p class=\"\" data-start=\"2799\" data-end=\"3254\" data-immersive-translate-walked=\"3e1f7feb-41af-4c1b-80a9-37e9f110835c\" data-immersive-translate-paragraph=\"1\">Bang Tick Tock 20000 Puffs to wyr\u00f3\u017cniaj\u0105cy si\u0119 jednorazowy e-papieros, kt\u00f3ry zachwyca du\u017c\u0105 pojemno\u015bci\u0105 e-liquid, r\u00f3\u017cnorodno\u015bci\u0105 smak\u00f3w i innowacyjnymi funkcjami. Niezale\u017cnie od trybu dynamicznego czy cichego, do\u015bwiadczenie vapowania jest zawsze unikalne i komfortowe. Z r\u00f3\u017cnymi opcjami nikotyny i przyjazn\u0105 obs\u0142ug\u0105, jest to idealny wyb\u00f3r dla wszystkich vaporyst\u00f3w poszukuj\u0105cych wysokiej jako\u015bci produktu.<\/p>","protected":false},"excerpt":{"rendered":"<p>Bang Tick Tock 20000 Puffs \u2013 Das ultimative Dampferlebnis in einer Einweg-E-Zigarette Die Bang Tick Tock 20000 Puffs Einweg-E-Zigarette ist die perfekte Wahl f\u00fcr Dampfer,&#8230;<\/p>","protected":false},"featured_media":6566,"template":"","meta":[],"etheme_brands":[],"product_brand":[101],"product_cat":[54,49,61],"product_tag":[],"class_list":{"0":"post-6588","1":"product","2":"type-product","3":"status-publish","4":"has-post-thumbnail","6":"product_brand-bang-king-vape","7":"product_cat-vape-20000-zuege","8":"product_cat-einweg-e-zigarette","9":"product_cat-f","11":"first","12":"instock","13":"shipping-taxable","14":"purchasable","15":"product-type-simple"},"yoast_head":"<!-- This site is optimized with the Yoast SEO plugin v26.5 - https:\/\/yoast.com\/wordpress\/plugins\/seo\/ -->\n<title>Erlebe Die Exklusivit\u00e4t Von Blueberry Ice In Bang Tick Tock 20000 Puffs | Vapingnet.de<\/title>\n<meta name=\"description\" content=\"Entdecke Erlebe Die Exklusivit\u00e4t Von Blueberry Ice In Bang Tick Tock 20000 Puffs bei vapingnet.de, \u25ba Gro\u00dfe Auswahl an Geschmacksrichtungen &amp; super g\u00fcnstig!\" \/>\n<meta name=\"robots\" content=\"index, follow, max-snippet:-1, max-image-preview:large, max-video-preview:-1\" \/>\n<link rel=\"canonical\" href=\"https:\/\/vapingnet.de\/pl\/vape\/erlebe-die-exklusivitaet-von-blueberry-ice-in-bang-tick-tock-20000-puffs\/\" \/>\n<meta property=\"og:locale\" content=\"pl_PL\" \/>\n<meta property=\"og:type\" content=\"article\" \/>\n<meta property=\"og:title\" content=\"Erlebe Die Exklusivit\u00e4t Von Blueberry Ice In Bang Tick Tock 20000 Puffs | Vapingnet.de\" \/>\n<meta property=\"og:description\" content=\"Entdecke Erlebe Die Exklusivit\u00e4t Von Blueberry Ice In Bang Tick Tock 20000 Puffs bei vapingnet.de, \u25ba Gro\u00dfe Auswahl an Geschmacksrichtungen &amp; super g\u00fcnstig!\" \/>\n<meta property=\"og:url\" content=\"https:\/\/vapingnet.de\/pl\/vape\/erlebe-die-exklusivitaet-von-blueberry-ice-in-bang-tick-tock-20000-puffs\/\" \/>\n<meta property=\"og:site_name\" content=\"Vapingnet.de\" \/>\n<meta property=\"article:publisher\" content=\"https:\/\/www.facebook.com\/vapingnetde\/\" \/>\n<meta property=\"article:modified_time\" content=\"2025-06-19T03:39:22+00:00\" \/>\n<meta property=\"og:image\" content=\"https:\/\/vapingnet.de\/wp-content\/uploads\/2025\/04\/Blueberry-Ice.webp\" \/>\n\t<meta property=\"og:image:width\" content=\"1000\" \/>\n\t<meta property=\"og:image:height\" content=\"1000\" \/>\n\t<meta property=\"og:image:type\" content=\"image\/webp\" \/>\n<meta name=\"twitter:card\" content=\"summary_large_image\" \/>\n<meta name=\"twitter:label1\" content=\"Est. reading time\" \/>\n\t<meta name=\"twitter:data1\" content=\"3 minutes\" \/>\n<script type=\"application\/ld+json\" class=\"yoast-schema-graph\">{\"@context\":\"https:\/\/schema.org\",\"@graph\":[{\"@type\":\"WebPage\",\"@id\":\"https:\/\/vapingnet.de\/vape\/erlebe-die-exklusivitaet-von-blueberry-ice-in-bang-tick-tock-20000-puffs\/\",\"url\":\"https:\/\/vapingnet.de\/vape\/erlebe-die-exklusivitaet-von-blueberry-ice-in-bang-tick-tock-20000-puffs\/\",\"name\":\"Erlebe Die Exklusivit\u00e4t Von Blueberry Ice In Bang Tick Tock 20000 Puffs | Vapingnet.de\",\"isPartOf\":{\"@id\":\"https:\/\/vapingnet.de\/#website\"},\"primaryImageOfPage\":{\"@id\":\"https:\/\/vapingnet.de\/vape\/erlebe-die-exklusivitaet-von-blueberry-ice-in-bang-tick-tock-20000-puffs\/#primaryimage\"},\"image\":{\"@id\":\"https:\/\/vapingnet.de\/vape\/erlebe-die-exklusivitaet-von-blueberry-ice-in-bang-tick-tock-20000-puffs\/#primaryimage\"},\"thumbnailUrl\":\"https:\/\/vapingnet.de\/wp-content\/uploads\/2025\/04\/Blueberry-Ice.webp\",\"datePublished\":\"2025-04-27T08:01:58+00:00\",\"dateModified\":\"2025-06-19T03:39:22+00:00\",\"description\":\"Entdecke Erlebe Die Exklusivit\u00e4t Von Blueberry Ice In Bang Tick Tock 20000 Puffs bei vapingnet.de, \u25ba Gro\u00dfe Auswahl an Geschmacksrichtungen & super g\u00fcnstig!\",\"breadcrumb\":{\"@id\":\"https:\/\/vapingnet.de\/vape\/erlebe-die-exklusivitaet-von-blueberry-ice-in-bang-tick-tock-20000-puffs\/#breadcrumb\"},\"inLanguage\":\"pl-PL\",\"potentialAction\":[{\"@type\":\"ReadAction\",\"target\":[\"https:\/\/vapingnet.de\/vape\/erlebe-die-exklusivitaet-von-blueberry-ice-in-bang-tick-tock-20000-puffs\/\"]}]},{\"@type\":\"ImageObject\",\"inLanguage\":\"pl-PL\",\"@id\":\"https:\/\/vapingnet.de\/vape\/erlebe-die-exklusivitaet-von-blueberry-ice-in-bang-tick-tock-20000-puffs\/#primaryimage\",\"url\":\"https:\/\/vapingnet.de\/wp-content\/uploads\/2025\/04\/Blueberry-Ice.webp\",\"contentUrl\":\"https:\/\/vapingnet.de\/wp-content\/uploads\/2025\/04\/Blueberry-Ice.webp\",\"width\":1000,\"height\":1000},{\"@type\":\"BreadcrumbList\",\"@id\":\"https:\/\/vapingnet.de\/vape\/erlebe-die-exklusivitaet-von-blueberry-ice-in-bang-tick-tock-20000-puffs\/#breadcrumb\",\"itemListElement\":[{\"@type\":\"ListItem\",\"position\":1,\"name\":\"Home\",\"item\":\"https:\/\/vapingnet.de\/\"},{\"@type\":\"ListItem\",\"position\":2,\"name\":\"Shop\",\"item\":\"https:\/\/vapingnet.de\/vape\/\"},{\"@type\":\"ListItem\",\"position\":3,\"name\":\"Erlebe Die Exklusivit\u00e4t Von Blueberry Ice In Bang Tick Tock 20000 Puffs\"}]},{\"@type\":\"WebSite\",\"@id\":\"https:\/\/vapingnet.de\/#website\",\"url\":\"https:\/\/vapingnet.de\/\",\"name\":\"Vapingnet.de\",\"description\":\"\",\"publisher\":{\"@id\":\"https:\/\/vapingnet.de\/#organization\"},\"potentialAction\":[{\"@type\":\"SearchAction\",\"target\":{\"@type\":\"EntryPoint\",\"urlTemplate\":\"https:\/\/vapingnet.de\/?s={search_term_string}\"},\"query-input\":{\"@type\":\"PropertyValueSpecification\",\"valueRequired\":true,\"valueName\":\"search_term_string\"}}],\"inLanguage\":\"pl-PL\"},{\"@type\":\"Organization\",\"@id\":\"https:\/\/vapingnet.de\/#organization\",\"name\":\"Vapingnet.de\",\"url\":\"https:\/\/vapingnet.de\/\",\"logo\":{\"@type\":\"ImageObject\",\"inLanguage\":\"pl-PL\",\"@id\":\"https:\/\/vapingnet.de\/#\/schema\/logo\/image\/\",\"url\":\"https:\/\/vapingnet.de\/wp-content\/uploads\/2025\/03\/cropped-vapingnet.de_.jpg\",\"contentUrl\":\"https:\/\/vapingnet.de\/wp-content\/uploads\/2025\/03\/cropped-vapingnet.de_.jpg\",\"width\":512,\"height\":512,\"caption\":\"Vapingnet.de\"},\"image\":{\"@id\":\"https:\/\/vapingnet.de\/#\/schema\/logo\/image\/\"},\"sameAs\":[\"https:\/\/www.facebook.com\/vapingnetde\/\"]}]}<\/script>\n<!-- \/ Yoast SEO plugin. -->","yoast_head_json":{"title":"Erlebe Die Exklusivit\u00e4t Von Blueberry Ice In Bang Tick Tock 20000 Puffs | Vapingnet.de","description":"Entdecke Erlebe Die Exklusivit\u00e4t Von Blueberry Ice In Bang Tick Tock 20000 Puffs bei vapingnet.de, \u25ba Gro\u00dfe Auswahl an Geschmacksrichtungen & super g\u00fcnstig!","robots":{"index":"index","follow":"follow","max-snippet":"max-snippet:-1","max-image-preview":"max-image-preview:large","max-video-preview":"max-video-preview:-1"},"canonical":"https:\/\/vapingnet.de\/pl\/vape\/erlebe-die-exklusivitaet-von-blueberry-ice-in-bang-tick-tock-20000-puffs\/","og_locale":"pl_PL","og_type":"article","og_title":"Erlebe Die Exklusivit\u00e4t Von Blueberry Ice In Bang Tick Tock 20000 Puffs | Vapingnet.de","og_description":"Entdecke Erlebe Die Exklusivit\u00e4t Von Blueberry Ice In Bang Tick Tock 20000 Puffs bei vapingnet.de, \u25ba Gro\u00dfe Auswahl an Geschmacksrichtungen & super g\u00fcnstig!","og_url":"https:\/\/vapingnet.de\/pl\/vape\/erlebe-die-exklusivitaet-von-blueberry-ice-in-bang-tick-tock-20000-puffs\/","og_site_name":"Vapingnet.de","article_publisher":"https:\/\/www.facebook.com\/vapingnetde\/","article_modified_time":"2025-06-19T03:39:22+00:00","og_image":[{"width":1000,"height":1000,"url":"https:\/\/vapingnet.de\/wp-content\/uploads\/2025\/04\/Blueberry-Ice.webp","type":"image\/webp"}],"twitter_card":"summary_large_image","twitter_misc":{"Est. reading time":"3 minutes"},"schema":{"@context":"https:\/\/schema.org","@graph":[{"@type":"WebPage","@id":"https:\/\/vapingnet.de\/vape\/erlebe-die-exklusivitaet-von-blueberry-ice-in-bang-tick-tock-20000-puffs\/","url":"https:\/\/vapingnet.de\/vape\/erlebe-die-exklusivitaet-von-blueberry-ice-in-bang-tick-tock-20000-puffs\/","name":"Erlebe Die Exklusivit\u00e4t Von Blueberry Ice In Bang Tick Tock 20000 Puffs | Vapingnet.de","isPartOf":{"@id":"https:\/\/vapingnet.de\/#website"},"primaryImageOfPage":{"@id":"https:\/\/vapingnet.de\/vape\/erlebe-die-exklusivitaet-von-blueberry-ice-in-bang-tick-tock-20000-puffs\/#primaryimage"},"image":{"@id":"https:\/\/vapingnet.de\/vape\/erlebe-die-exklusivitaet-von-blueberry-ice-in-bang-tick-tock-20000-puffs\/#primaryimage"},"thumbnailUrl":"https:\/\/vapingnet.de\/wp-content\/uploads\/2025\/04\/Blueberry-Ice.webp","datePublished":"2025-04-27T08:01:58+00:00","dateModified":"2025-06-19T03:39:22+00:00","description":"Entdecke Erlebe Die Exklusivit\u00e4t Von Blueberry Ice In Bang Tick Tock 20000 Puffs bei vapingnet.de, \u25ba Gro\u00dfe Auswahl an Geschmacksrichtungen & super g\u00fcnstig!","breadcrumb":{"@id":"https:\/\/vapingnet.de\/vape\/erlebe-die-exklusivitaet-von-blueberry-ice-in-bang-tick-tock-20000-puffs\/#breadcrumb"},"inLanguage":"pl-PL","potentialAction":[{"@type":"ReadAction","target":["https:\/\/vapingnet.de\/vape\/erlebe-die-exklusivitaet-von-blueberry-ice-in-bang-tick-tock-20000-puffs\/"]}]},{"@type":"ImageObject","inLanguage":"pl-PL","@id":"https:\/\/vapingnet.de\/vape\/erlebe-die-exklusivitaet-von-blueberry-ice-in-bang-tick-tock-20000-puffs\/#primaryimage","url":"https:\/\/vapingnet.de\/wp-content\/uploads\/2025\/04\/Blueberry-Ice.webp","contentUrl":"https:\/\/vapingnet.de\/wp-content\/uploads\/2025\/04\/Blueberry-Ice.webp","width":1000,"height":1000},{"@type":"BreadcrumbList","@id":"https:\/\/vapingnet.de\/vape\/erlebe-die-exklusivitaet-von-blueberry-ice-in-bang-tick-tock-20000-puffs\/#breadcrumb","itemListElement":[{"@type":"ListItem","position":1,"name":"Home","item":"https:\/\/vapingnet.de\/"},{"@type":"ListItem","position":2,"name":"Shop","item":"https:\/\/vapingnet.de\/vape\/"},{"@type":"ListItem","position":3,"name":"Erlebe Die Exklusivit\u00e4t Von Blueberry Ice In Bang Tick Tock 20000 Puffs"}]},{"@type":"WebSite","@id":"https:\/\/vapingnet.de\/#website","url":"https:\/\/vapingnet.de\/","name":"Vapingnet.de","description":"","publisher":{"@id":"https:\/\/vapingnet.de\/#organization"},"potentialAction":[{"@type":"SearchAction","target":{"@type":"EntryPoint","urlTemplate":"https:\/\/vapingnet.de\/?s={search_term_string}"},"query-input":{"@type":"PropertyValueSpecification","valueRequired":true,"valueName":"search_term_string"}}],"inLanguage":"pl-PL"},{"@type":"Organization","@id":"https:\/\/vapingnet.de\/#organization","name":"Vapingnet.de","url":"https:\/\/vapingnet.de\/","logo":{"@type":"ImageObject","inLanguage":"pl-PL","@id":"https:\/\/vapingnet.de\/#\/schema\/logo\/image\/","url":"https:\/\/vapingnet.de\/wp-content\/uploads\/2025\/03\/cropped-vapingnet.de_.jpg","contentUrl":"https:\/\/vapingnet.de\/wp-content\/uploads\/2025\/03\/cropped-vapingnet.de_.jpg","width":512,"height":512,"caption":"Vapingnet.de"},"image":{"@id":"https:\/\/vapingnet.de\/#\/schema\/logo\/image\/"},"sameAs":["https:\/\/www.facebook.com\/vapingnetde\/"]}]}},"tiered_pricing_type":"fixed","tiered_pricing_fixed_rules":{"10":"10.44","60":"9.4","110":"8.35","200":"7.31"},"tiered_pricing_product_settings":{"layout":"default","base_unit_name":{"singular":null,"plural":null},"default_variation":null},"tiered_pricing_minimum_quantity":null,"tiered_pricing_roles_data":[],"tiered_pricing_percentage_rules":[],"_links":{"self":[{"href":"https:\/\/vapingnet.de\/pl\/wp-json\/wp\/v2\/product\/6588","targetHints":{"allow":["GET"]}}],"collection":[{"href":"https:\/\/vapingnet.de\/pl\/wp-json\/wp\/v2\/product"}],"about":[{"href":"https:\/\/vapingnet.de\/pl\/wp-json\/wp\/v2\/types\/product"}],"version-history":[{"count":1,"href":"https:\/\/vapingnet.de\/pl\/wp-json\/wp\/v2\/product\/6588\/revisions"}],"predecessor-version":[{"id":6595,"href":"https:\/\/vapingnet.de\/pl\/wp-json\/wp\/v2\/product\/6588\/revisions\/6595"}],"wp:featuredmedia":[{"embeddable":true,"href":"https:\/\/vapingnet.de\/pl\/wp-json\/wp\/v2\/media\/6566"}],"wp:attachment":[{"href":"https:\/\/vapingnet.de\/pl\/wp-json\/wp\/v2\/media?parent=6588"}],"wp:term":[{"taxonomy":"brand","embeddable":true,"href":"https:\/\/vapingnet.de\/pl\/wp-json\/wp\/v2\/etheme_brands?post=6588"},{"taxonomy":"product_brand","embeddable":true,"href":"https:\/\/vapingnet.de\/pl\/wp-json\/wp\/v2\/product_brand?post=6588"},{"taxonomy":"product_cat","embeddable":true,"href":"https:\/\/vapingnet.de\/pl\/wp-json\/wp\/v2\/product_cat?post=6588"},{"taxonomy":"product_tag","embeddable":true,"href":"https:\/\/vapingnet.de\/pl\/wp-json\/wp\/v2\/product_tag?post=6588"}],"curies":[{"name":"wp","href":"https:\/\/api.w.org\/{rel}","templated":true}]}}