{"id":6599,"date":"2025-04-29T02:30:41","date_gmt":"2025-04-29T02:30:41","guid":{"rendered":"https:\/\/vapingnet.de\/?post_type=product&#038;p=6599"},"modified":"2026-04-15T09:18:38","modified_gmt":"2026-04-15T09:18:38","slug":"juicy-peach-pineapple-trifft-auf-waspe-12000-puffs-der-geschmack-den-sie-nicht-mehr-missen-wollen","status":"publish","type":"product","link":"https:\/\/vapingnet.de\/pl\/vape\/juicy-peach-pineapple-trifft-auf-waspe-12000-puffs-der-geschmack-den-sie-nicht-mehr-missen-wollen\/","title":{"rendered":"Soczysta brzoskwinia ananas trafia na WASPE 12000 Pali. Smak, kt\u00f3rego nie chcesz ju\u017c przegapi\u0107"},"content":{"rendered":"<h2 data-start=\"0\" data-end=\"98\" data-immersive-translate-walked=\"150360de-7453-456b-934b-590706895042\">WASPE 12000 Puffs Jednorazowa E-papieros: Niezr\u00f3wnane doznania parowania w kompaktowym urz\u0105dzeniu<\/h2>\n<p class=\"\" data-start=\"100\" data-end=\"522\" data-immersive-translate-walked=\"150360de-7453-456b-934b-590706895042\" data-immersive-translate-paragraph=\"1\">WASPE 12000 Puffs Jednorazowy E-papieros oferuje wyj\u0105tkowe po\u0142\u0105czenie wysokiej wydajno\u015bci, stylowego designu i intensywnych dozna\u0144 smakowych. Dzi\u0119ki innowacyjnym funkcjom i przyjaznej obs\u0142udze jest idealnym wyborem dla palaczy, kt\u00f3rzy szukaj\u0105 wydajnego, przeno\u015bnego urz\u0105dzenia. Dowiedz si\u0119 wi\u0119cej o wyr\u00f3\u017cniaj\u0105cych si\u0119 cechach i korzy\u015bciach tego produktu.<\/p>\n<div style=\"width: 1170px;\" class=\"wp-video\"><!--[if lt IE 9]><script>document.createElement('video');<\/script><![endif]-->\n<video class=\"wp-video-shortcode\" id=\"video-6599-1\" width=\"1170\" height=\"658\" preload=\"metadata\" controls=\"controls\"><source type=\"video\/mp4\" src=\"https:\/\/vapingnet.de\/wp-content\/uploads\/2025\/04\/12000Puffs.mp4?_=1\" \/><a href=\"https:\/\/vapingnet.de\/wp-content\/uploads\/2025\/04\/12000Puffs.mp4\">https:\/\/vapingnet.de\/wp-content\/uploads\/2025\/04\/12000Puffs.mp4<\/a><\/video><\/div>\n<h3 class=\"\" data-start=\"524\" data-end=\"567\" data-immersive-translate-walked=\"150360de-7453-456b-934b-590706895042\">G\u0142\u00f3wne cechy WASPE 12000 Puffs<\/h3>\n<ul data-start=\"569\" data-end=\"2571\" data-immersive-translate-walked=\"150360de-7453-456b-934b-590706895042\">\n<li class=\"\" data-start=\"569\" data-end=\"884\" data-immersive-translate-walked=\"150360de-7453-456b-934b-590706895042\">\n<p class=\"\" data-start=\"571\" data-end=\"884\" data-immersive-translate-walked=\"150360de-7453-456b-934b-590706895042\" data-immersive-translate-paragraph=\"1\">Wytrzyma\u0142a bateria i szybkie opcje \u0142adowania<br data-start=\"617\" data-end=\"620\" data-immersive-translate-walked=\"150360de-7453-456b-934b-590706895042\" \/>Bateria 650mAh w WASPE 12000 Puffs zapewnia do 12000 zaci\u0105gni\u0119\u0107. Dzi\u0119ki portowi \u0142adowania Type-C mo\u017cna szybko i \u0142atwo na\u0142adowa\u0107 urz\u0105dzenie, aby by\u0142o gotowe do u\u017cycia w ka\u017cdej chwili. D\u0142uga \u017cywotno\u015b\u0107 baterii zapewnia doskona\u0142e do\u015bwiadczenia u\u017cytkownika.<\/p>\n<\/li>\n<li class=\"\" data-start=\"886\" data-end=\"1255\" data-immersive-translate-walked=\"150360de-7453-456b-934b-590706895042\">\n<p class=\"\" data-start=\"888\" data-end=\"1255\" data-immersive-translate-walked=\"150360de-7453-456b-934b-590706895042\" data-immersive-translate-paragraph=\"1\">Technologia Mesh-Coil dla intensywnego parowania<br data-start=\"934\" data-end=\"937\" data-immersive-translate-walked=\"150360de-7453-456b-934b-590706895042\" \/>Mesh-Coil o oporno\u015bci 0,8 Ohma zapewnia r\u00f3wnomierne odparowywanie i intensywny smak. Technologia mesh gwarantuje, \u017ce ka\u017cdy zaci\u0105g jest optymalny i r\u00f3wnomierny, co czyni parowanie wyj\u0105tkowym prze\u017cyciem. Op\u00f3r grza\u0142ki 1,0\u03a9 zapewnia \u0142agodne, a jednocze\u015bnie mocne parowanie.<\/p>\n<\/li>\n<li class=\"\" data-start=\"1257\" data-end=\"1589\" data-immersive-translate-walked=\"150360de-7453-456b-934b-590706895042\">\n<p class=\"\" data-start=\"1259\" data-end=\"1589\" data-immersive-translate-walked=\"150360de-7453-456b-934b-590706895042\" data-immersive-translate-paragraph=\"1\">Owocowy aromat: Juicy Peach Pineapple<br data-start=\"1302\" data-end=\"1305\" data-immersive-translate-walked=\"150360de-7453-456b-934b-590706895042\" \/>WASPE 12000 Puffs dostarcza orze\u017awiaj\u0105cy aromat \u201eJuicy Peach Pineapple\u201d, kt\u00f3ry stanowi idealne po\u0142\u0105czenie soczystej brzoskwini i s\u0142odkiej ananasa. Smak jest pe\u0142ny i przyjemnie s\u0142odki, co sprawia, \u017ce parowanie to rozkosz, kt\u00f3ra za ka\u017cdym zaci\u0105gni\u0119ciem przynosi rado\u015b\u0107.<\/p>\n<\/li>\n<li class=\"\" data-start=\"1591\" data-end=\"1924\" data-immersive-translate-walked=\"150360de-7453-456b-934b-590706895042\">\n<p class=\"\" data-start=\"1593\" data-end=\"1924\" data-immersive-translate-walked=\"150360de-7453-456b-934b-590706895042\" data-immersive-translate-paragraph=\"1\">Prosta obs\u0142uga dzi\u0119ki aktywacji Puff<br data-start=\"1636\" data-end=\"1639\" data-immersive-translate-walked=\"150360de-7453-456b-934b-590706895042\" \/>Aktywacja zaci\u0105gni\u0119ciem sprawia, \u017ce mo\u017cna \u0142atwo aktywowa\u0107 urz\u0105dzenie poprzez zaci\u0105gni\u0119cie. Nie trzeba naciska\u0107 przycisku \u2013 urz\u0105dzenie automatycznie zaczyna parowa\u0107, gdy si\u0119 zaci\u0105gniesz. Ta przyjazno\u015b\u0107 dla u\u017cytkownika czyni je idealnym zar\u00f3wno dla pocz\u0105tkuj\u0105cych, jak i do\u015bwiadczonych palaczy.<\/p>\n<\/li>\n<li class=\"\" data-start=\"1926\" data-end=\"2251\" data-immersive-translate-walked=\"150360de-7453-456b-934b-590706895042\">\n<p class=\"\" data-start=\"1928\" data-end=\"2251\" data-immersive-translate-walked=\"150360de-7453-456b-934b-590706895042\" data-immersive-translate-paragraph=\"1\">Wygodny design z pod\u015bwietleniem RGB<br data-start=\"1971\" data-end=\"1974\" data-immersive-translate-walked=\"150360de-7453-456b-934b-590706895042\" \/>Design WASPE 12000 Puffs jest nie tylko funkcjonalny, ale tak\u017ce atrakcyjny wizualnie. Z wag\u0105 zaledwie 82g urz\u0105dzenie jest lekkie i por\u0119czne, a pod\u015bwietlenie RGB podnosi estetyk\u0119 parowania. Jest idealne do u\u017cytku mobilnego i \u0142atwo je przenosi\u0107.<\/p>\n<\/li>\n<li class=\"\" data-start=\"2253\" data-end=\"2571\" data-immersive-translate-walked=\"150360de-7453-456b-934b-590706895042\">\n<p class=\"\" data-start=\"2255\" data-end=\"2571\" data-immersive-translate-walked=\"150360de-7453-456b-934b-590706895042\" data-immersive-translate-paragraph=\"1\">Optymalizowany do MTL (mouth-to-lung)<br data-start=\"2284\" data-end=\"2287\" data-immersive-translate-walked=\"150360de-7453-456b-934b-590706895042\" \/>WASPE 12000 Puffs jest zaprojektowany do techniki zaci\u0105gania typu MTL (ustami do p\u0142uc), w kt\u00f3rej dym najpierw trafia do ust, a nast\u0119pnie do p\u0142uc. Ta technika zapewnia intensywniejsze i bardziej autentyczne doznania palacza, co jest szczeg\u00f3lnie popularne w\u015br\u00f3d by\u0142ych palaczy.<\/p>\n<\/li>\n<\/ul>\n<h3 class=\"\" data-start=\"2573\" data-end=\"2611\" data-immersive-translate-walked=\"150360de-7453-456b-934b-590706895042\">Zalety WASPE 12000 Puffs<\/h3>\n<ul data-start=\"2613\" data-end=\"3545\" data-immersive-translate-walked=\"150360de-7453-456b-934b-590706895042\">\n<li class=\"\" data-start=\"2613\" data-end=\"2916\" data-immersive-translate-walked=\"150360de-7453-456b-934b-590706895042\">\n<p class=\"\" data-start=\"2615\" data-end=\"2916\" data-immersive-translate-walked=\"150360de-7453-456b-934b-590706895042\" data-immersive-translate-paragraph=\"1\">Pierwszorz\u0119dny czas pracy baterii<br data-start=\"2644\" data-end=\"2647\" data-immersive-translate-walked=\"150360de-7453-456b-934b-590706895042\" \/>Wydajna bateria zapewnia d\u0142ugie u\u017cytkowanie do 12000 zaci\u0105gni\u0119\u0107, co czyni WASPE 12000 Puffs jednym z najbardziej wydajnych jednorazowych urz\u0105dze\u0144. Nie musisz si\u0119 martwi\u0107 o cz\u0119ste \u0142adowanie i mo\u017cesz korzysta\u0107 z niego przez d\u0142ugi czas.<\/p>\n<\/li>\n<li class=\"\" data-start=\"2918\" data-end=\"3217\" data-immersive-translate-walked=\"150360de-7453-456b-934b-590706895042\">\n<p class=\"\" data-start=\"2920\" data-end=\"3217\" data-immersive-translate-walked=\"150360de-7453-456b-934b-590706895042\" data-immersive-translate-paragraph=\"1\">\u0141atwy w obs\u0142udze i zawsze gotowy do u\u017cycia<br data-start=\"2967\" data-end=\"2970\" data-immersive-translate-walked=\"150360de-7453-456b-934b-590706895042\" \/>Prosta aktywacja zaci\u0105gni\u0119ciem i wygodna obs\u0142uga sprawiaj\u0105, \u017ce WASPE 12000 Puffs jest praktycznym towarzyszem dla ka\u017cdego palacza. Nie trzeba naciska\u0107 \u017cadnego przycisku i mo\u017cna cieszy\u0107 si\u0119 intensywnym doznaniem parowania w ka\u017cdej chwili.<\/p>\n<\/li>\n<li class=\"\" data-start=\"3219\" data-end=\"3545\" data-immersive-translate-walked=\"150360de-7453-456b-934b-590706895042\">\n<p class=\"\" data-start=\"3221\" data-end=\"3545\" data-immersive-translate-walked=\"150360de-7453-456b-934b-590706895042\" data-immersive-translate-paragraph=\"1\">Idealny dla pocz\u0105tkuj\u0105cych i do\u015bwiadczonych palaczy<br data-start=\"3265\" data-end=\"3268\" data-immersive-translate-walked=\"150360de-7453-456b-934b-590706895042\" \/>Dzi\u0119ki przyjaznej obs\u0142udze urz\u0105dzenie jest doskona\u0142ym wyborem zar\u00f3wno dla pocz\u0105tkuj\u0105cych, jak i do\u015bwiadczonych u\u017cytkownik\u00f3w. Niezale\u017cnie od tego, czy dopiero zaczynasz, czy masz ju\u017c du\u017ce do\u015bwiadczenie, WASPE 12000 Puffs oferuje prost\u0105 i niezawodn\u0105 rozwi\u0105zanie dla wszystkich potrzeb.<\/p>\n<\/li>\n<\/ul>\n<p class=\"\" data-start=\"3562\" data-end=\"4022\" data-immersive-translate-walked=\"150360de-7453-456b-934b-590706895042\" data-immersive-translate-paragraph=\"1\">Jednorazowy e-papieros WASPE 12000 Puffs \u0142\u0105czy innowacyjn\u0105 technologi\u0119, funkcje przyjazne u\u017cytkownikowi i intensywny smak, aby zapewni\u0107 palaczom wyj\u0105tkowe doznania. Dzi\u0119ki wytrzyma\u0142ej baterii, technologii mesh-coil i owocowym aromatom jest to idealny wyb\u00f3r dla tych, kt\u00f3rzy szukaj\u0105 niezawodnego i wydajnego jednorazowego e-papierosa. Wybierz WASPE 12000 Puffs i ciesz si\u0119 najlepszym do\u015bwiadczeniem parowania!<\/p>","protected":false},"excerpt":{"rendered":"<p>WASPE 12000 Puffs Jednorazowy e-papieros: Niezr\u00f3wnane doznania vapowania w kompaktowym urz\u0105dzeniu. WASPE 12000 Puffs Jednorazowy e-papieros oferuje wyj\u0105tkowe po\u0142\u0105czenie wysokiej wydajno\u015bci, stylowego wygl\u0105du i...<\/p>","protected":false},"featured_media":6604,"template":"","meta":[],"etheme_brands":[],"product_brand":[98],"product_cat":[88,49,61],"product_tag":[],"class_list":{"0":"post-6599","1":"product","2":"type-product","3":"status-publish","4":"has-post-thumbnail","6":"product_brand-waspe-vape","7":"product_cat-12k-vape","8":"product_cat-einweg-e-zigarette","9":"product_cat-f","11":"first","12":"instock","13":"shipping-taxable","14":"purchasable","15":"product-type-variable"},"yoast_head":"<!-- This site is optimized with the Yoast SEO plugin v26.5 - https:\/\/yoast.com\/wordpress\/plugins\/seo\/ -->\n<title>Juicy Peach Pineapple Trifft Auf WASPE 12000 Puffs Der Geschmack Den Sie Nicht Mehr Missen Wollen | Vapingnet.de<\/title>\n<meta name=\"description\" content=\"Entdecke Juicy Peach Pineapple Trifft Auf WASPE 12000 Puffs Der Geschmack Den Sie Nicht Mehr Missen Wollen bei vapingnet.de, \u25ba Gro\u00dfe Auswahl an Geschmacksrichtungen &amp; super g\u00fcnstig!\" \/>\n<meta name=\"robots\" content=\"index, follow, max-snippet:-1, max-image-preview:large, max-video-preview:-1\" \/>\n<link rel=\"canonical\" href=\"https:\/\/vapingnet.de\/pl\/vape\/juicy-peach-pineapple-trifft-auf-waspe-12000-puffs-der-geschmack-den-sie-nicht-mehr-missen-wollen\/\" \/>\n<meta property=\"og:locale\" content=\"pl_PL\" \/>\n<meta property=\"og:type\" content=\"article\" \/>\n<meta property=\"og:title\" content=\"Juicy Peach Pineapple Trifft Auf WASPE 12000 Puffs Der Geschmack Den Sie Nicht Mehr Missen Wollen | Vapingnet.de\" \/>\n<meta property=\"og:description\" content=\"Entdecke Juicy Peach Pineapple Trifft Auf WASPE 12000 Puffs Der Geschmack Den Sie Nicht Mehr Missen Wollen bei vapingnet.de, \u25ba Gro\u00dfe Auswahl an Geschmacksrichtungen &amp; super g\u00fcnstig!\" \/>\n<meta property=\"og:url\" content=\"https:\/\/vapingnet.de\/pl\/vape\/juicy-peach-pineapple-trifft-auf-waspe-12000-puffs-der-geschmack-den-sie-nicht-mehr-missen-wollen\/\" \/>\n<meta property=\"og:site_name\" content=\"Vapingnet.de\" \/>\n<meta property=\"article:publisher\" content=\"https:\/\/www.facebook.com\/vapingnetde\/\" \/>\n<meta property=\"article:modified_time\" content=\"2026-04-15T09:18:38+00:00\" \/>\n<meta property=\"og:image\" content=\"https:\/\/vapingnet.de\/wp-content\/uploads\/2025\/04\/Juicy-Peach-Pineapple_980.webp\" \/>\n\t<meta property=\"og:image:width\" content=\"1000\" \/>\n\t<meta property=\"og:image:height\" content=\"1000\" \/>\n\t<meta property=\"og:image:type\" content=\"image\/webp\" \/>\n<meta name=\"twitter:card\" content=\"summary_large_image\" \/>\n<meta name=\"twitter:label1\" content=\"Est. reading time\" \/>\n\t<meta name=\"twitter:data1\" content=\"4 minutes\" \/>\n<script type=\"application\/ld+json\" class=\"yoast-schema-graph\">{\"@context\":\"https:\/\/schema.org\",\"@graph\":[{\"@type\":\"WebPage\",\"@id\":\"https:\/\/vapingnet.de\/vape\/juicy-peach-pineapple-trifft-auf-waspe-12000-puffs-der-geschmack-den-sie-nicht-mehr-missen-wollen\/\",\"url\":\"https:\/\/vapingnet.de\/vape\/juicy-peach-pineapple-trifft-auf-waspe-12000-puffs-der-geschmack-den-sie-nicht-mehr-missen-wollen\/\",\"name\":\"Juicy Peach Pineapple Trifft Auf WASPE 12000 Puffs Der Geschmack Den Sie Nicht Mehr Missen Wollen | Vapingnet.de\",\"isPartOf\":{\"@id\":\"https:\/\/vapingnet.de\/#website\"},\"primaryImageOfPage\":{\"@id\":\"https:\/\/vapingnet.de\/vape\/juicy-peach-pineapple-trifft-auf-waspe-12000-puffs-der-geschmack-den-sie-nicht-mehr-missen-wollen\/#primaryimage\"},\"image\":{\"@id\":\"https:\/\/vapingnet.de\/vape\/juicy-peach-pineapple-trifft-auf-waspe-12000-puffs-der-geschmack-den-sie-nicht-mehr-missen-wollen\/#primaryimage\"},\"thumbnailUrl\":\"https:\/\/vapingnet.de\/wp-content\/uploads\/2025\/04\/Juicy-Peach-Pineapple_980.webp\",\"datePublished\":\"2025-04-29T02:30:41+00:00\",\"dateModified\":\"2026-04-15T09:18:38+00:00\",\"description\":\"Entdecke Juicy Peach Pineapple Trifft Auf WASPE 12000 Puffs Der Geschmack Den Sie Nicht Mehr Missen Wollen bei vapingnet.de, \u25ba Gro\u00dfe Auswahl an Geschmacksrichtungen & super g\u00fcnstig!\",\"breadcrumb\":{\"@id\":\"https:\/\/vapingnet.de\/vape\/juicy-peach-pineapple-trifft-auf-waspe-12000-puffs-der-geschmack-den-sie-nicht-mehr-missen-wollen\/#breadcrumb\"},\"inLanguage\":\"pl-PL\",\"potentialAction\":[{\"@type\":\"ReadAction\",\"target\":[\"https:\/\/vapingnet.de\/vape\/juicy-peach-pineapple-trifft-auf-waspe-12000-puffs-der-geschmack-den-sie-nicht-mehr-missen-wollen\/\"]}]},{\"@type\":\"ImageObject\",\"inLanguage\":\"pl-PL\",\"@id\":\"https:\/\/vapingnet.de\/vape\/juicy-peach-pineapple-trifft-auf-waspe-12000-puffs-der-geschmack-den-sie-nicht-mehr-missen-wollen\/#primaryimage\",\"url\":\"https:\/\/vapingnet.de\/wp-content\/uploads\/2025\/04\/Juicy-Peach-Pineapple_980.webp\",\"contentUrl\":\"https:\/\/vapingnet.de\/wp-content\/uploads\/2025\/04\/Juicy-Peach-Pineapple_980.webp\",\"width\":1000,\"height\":1000},{\"@type\":\"BreadcrumbList\",\"@id\":\"https:\/\/vapingnet.de\/vape\/juicy-peach-pineapple-trifft-auf-waspe-12000-puffs-der-geschmack-den-sie-nicht-mehr-missen-wollen\/#breadcrumb\",\"itemListElement\":[{\"@type\":\"ListItem\",\"position\":1,\"name\":\"Home\",\"item\":\"https:\/\/vapingnet.de\/\"},{\"@type\":\"ListItem\",\"position\":2,\"name\":\"Shop\",\"item\":\"https:\/\/vapingnet.de\/vape\/\"},{\"@type\":\"ListItem\",\"position\":3,\"name\":\"Juicy Peach Pineapple Trifft Auf WASPE 12000 Puffs Der Geschmack Den Sie Nicht Mehr Missen Wollen\"}]},{\"@type\":\"WebSite\",\"@id\":\"https:\/\/vapingnet.de\/#website\",\"url\":\"https:\/\/vapingnet.de\/\",\"name\":\"Vapingnet.de\",\"description\":\"\",\"publisher\":{\"@id\":\"https:\/\/vapingnet.de\/#organization\"},\"potentialAction\":[{\"@type\":\"SearchAction\",\"target\":{\"@type\":\"EntryPoint\",\"urlTemplate\":\"https:\/\/vapingnet.de\/?s={search_term_string}\"},\"query-input\":{\"@type\":\"PropertyValueSpecification\",\"valueRequired\":true,\"valueName\":\"search_term_string\"}}],\"inLanguage\":\"pl-PL\"},{\"@type\":\"Organization\",\"@id\":\"https:\/\/vapingnet.de\/#organization\",\"name\":\"Vapingnet.de\",\"url\":\"https:\/\/vapingnet.de\/\",\"logo\":{\"@type\":\"ImageObject\",\"inLanguage\":\"pl-PL\",\"@id\":\"https:\/\/vapingnet.de\/#\/schema\/logo\/image\/\",\"url\":\"https:\/\/vapingnet.de\/wp-content\/uploads\/2025\/03\/cropped-vapingnet.de_.jpg\",\"contentUrl\":\"https:\/\/vapingnet.de\/wp-content\/uploads\/2025\/03\/cropped-vapingnet.de_.jpg\",\"width\":512,\"height\":512,\"caption\":\"Vapingnet.de\"},\"image\":{\"@id\":\"https:\/\/vapingnet.de\/#\/schema\/logo\/image\/\"},\"sameAs\":[\"https:\/\/www.facebook.com\/vapingnetde\/\"]}]}<\/script>\n<!-- \/ Yoast SEO plugin. -->","yoast_head_json":{"title":"Juicy Peach Pineapple Trifft Auf WASPE 12000 Puffs Der Geschmack Den Sie Nicht Mehr Missen Wollen | Vapingnet.de","description":"Entdecke Juicy Peach Pineapple Trifft Auf WASPE 12000 Puffs Der Geschmack Den Sie Nicht Mehr Missen Wollen bei vapingnet.de, \u25ba Gro\u00dfe Auswahl an Geschmacksrichtungen & super g\u00fcnstig!","robots":{"index":"index","follow":"follow","max-snippet":"max-snippet:-1","max-image-preview":"max-image-preview:large","max-video-preview":"max-video-preview:-1"},"canonical":"https:\/\/vapingnet.de\/pl\/vape\/juicy-peach-pineapple-trifft-auf-waspe-12000-puffs-der-geschmack-den-sie-nicht-mehr-missen-wollen\/","og_locale":"pl_PL","og_type":"article","og_title":"Juicy Peach Pineapple Trifft Auf WASPE 12000 Puffs Der Geschmack Den Sie Nicht Mehr Missen Wollen | Vapingnet.de","og_description":"Entdecke Juicy Peach Pineapple Trifft Auf WASPE 12000 Puffs Der Geschmack Den Sie Nicht Mehr Missen Wollen bei vapingnet.de, \u25ba Gro\u00dfe Auswahl an Geschmacksrichtungen & super g\u00fcnstig!","og_url":"https:\/\/vapingnet.de\/pl\/vape\/juicy-peach-pineapple-trifft-auf-waspe-12000-puffs-der-geschmack-den-sie-nicht-mehr-missen-wollen\/","og_site_name":"Vapingnet.de","article_publisher":"https:\/\/www.facebook.com\/vapingnetde\/","article_modified_time":"2026-04-15T09:18:38+00:00","og_image":[{"width":1000,"height":1000,"url":"https:\/\/vapingnet.de\/wp-content\/uploads\/2025\/04\/Juicy-Peach-Pineapple_980.webp","type":"image\/webp"}],"twitter_card":"summary_large_image","twitter_misc":{"Est. reading time":"4 minutes"},"schema":{"@context":"https:\/\/schema.org","@graph":[{"@type":"WebPage","@id":"https:\/\/vapingnet.de\/vape\/juicy-peach-pineapple-trifft-auf-waspe-12000-puffs-der-geschmack-den-sie-nicht-mehr-missen-wollen\/","url":"https:\/\/vapingnet.de\/vape\/juicy-peach-pineapple-trifft-auf-waspe-12000-puffs-der-geschmack-den-sie-nicht-mehr-missen-wollen\/","name":"Juicy Peach Pineapple Trifft Auf WASPE 12000 Puffs Der Geschmack Den Sie Nicht Mehr Missen Wollen | Vapingnet.de","isPartOf":{"@id":"https:\/\/vapingnet.de\/#website"},"primaryImageOfPage":{"@id":"https:\/\/vapingnet.de\/vape\/juicy-peach-pineapple-trifft-auf-waspe-12000-puffs-der-geschmack-den-sie-nicht-mehr-missen-wollen\/#primaryimage"},"image":{"@id":"https:\/\/vapingnet.de\/vape\/juicy-peach-pineapple-trifft-auf-waspe-12000-puffs-der-geschmack-den-sie-nicht-mehr-missen-wollen\/#primaryimage"},"thumbnailUrl":"https:\/\/vapingnet.de\/wp-content\/uploads\/2025\/04\/Juicy-Peach-Pineapple_980.webp","datePublished":"2025-04-29T02:30:41+00:00","dateModified":"2026-04-15T09:18:38+00:00","description":"Entdecke Juicy Peach Pineapple Trifft Auf WASPE 12000 Puffs Der Geschmack Den Sie Nicht Mehr Missen Wollen bei vapingnet.de, \u25ba Gro\u00dfe Auswahl an Geschmacksrichtungen & super g\u00fcnstig!","breadcrumb":{"@id":"https:\/\/vapingnet.de\/vape\/juicy-peach-pineapple-trifft-auf-waspe-12000-puffs-der-geschmack-den-sie-nicht-mehr-missen-wollen\/#breadcrumb"},"inLanguage":"pl-PL","potentialAction":[{"@type":"ReadAction","target":["https:\/\/vapingnet.de\/vape\/juicy-peach-pineapple-trifft-auf-waspe-12000-puffs-der-geschmack-den-sie-nicht-mehr-missen-wollen\/"]}]},{"@type":"ImageObject","inLanguage":"pl-PL","@id":"https:\/\/vapingnet.de\/vape\/juicy-peach-pineapple-trifft-auf-waspe-12000-puffs-der-geschmack-den-sie-nicht-mehr-missen-wollen\/#primaryimage","url":"https:\/\/vapingnet.de\/wp-content\/uploads\/2025\/04\/Juicy-Peach-Pineapple_980.webp","contentUrl":"https:\/\/vapingnet.de\/wp-content\/uploads\/2025\/04\/Juicy-Peach-Pineapple_980.webp","width":1000,"height":1000},{"@type":"BreadcrumbList","@id":"https:\/\/vapingnet.de\/vape\/juicy-peach-pineapple-trifft-auf-waspe-12000-puffs-der-geschmack-den-sie-nicht-mehr-missen-wollen\/#breadcrumb","itemListElement":[{"@type":"ListItem","position":1,"name":"Home","item":"https:\/\/vapingnet.de\/"},{"@type":"ListItem","position":2,"name":"Shop","item":"https:\/\/vapingnet.de\/vape\/"},{"@type":"ListItem","position":3,"name":"Juicy Peach Pineapple Trifft Auf WASPE 12000 Puffs Der Geschmack Den Sie Nicht Mehr Missen Wollen"}]},{"@type":"WebSite","@id":"https:\/\/vapingnet.de\/#website","url":"https:\/\/vapingnet.de\/","name":"Vapingnet.de","description":"","publisher":{"@id":"https:\/\/vapingnet.de\/#organization"},"potentialAction":[{"@type":"SearchAction","target":{"@type":"EntryPoint","urlTemplate":"https:\/\/vapingnet.de\/?s={search_term_string}"},"query-input":{"@type":"PropertyValueSpecification","valueRequired":true,"valueName":"search_term_string"}}],"inLanguage":"pl-PL"},{"@type":"Organization","@id":"https:\/\/vapingnet.de\/#organization","name":"Vapingnet.de","url":"https:\/\/vapingnet.de\/","logo":{"@type":"ImageObject","inLanguage":"pl-PL","@id":"https:\/\/vapingnet.de\/#\/schema\/logo\/image\/","url":"https:\/\/vapingnet.de\/wp-content\/uploads\/2025\/03\/cropped-vapingnet.de_.jpg","contentUrl":"https:\/\/vapingnet.de\/wp-content\/uploads\/2025\/03\/cropped-vapingnet.de_.jpg","width":512,"height":512,"caption":"Vapingnet.de"},"image":{"@id":"https:\/\/vapingnet.de\/#\/schema\/logo\/image\/"},"sameAs":["https:\/\/www.facebook.com\/vapingnetde\/"]}]}},"tiered_pricing_type":"fixed","tiered_pricing_fixed_rules":[],"tiered_pricing_product_settings":{"layout":"default","base_unit_name":{"singular":null,"plural":null},"default_variation":null},"tiered_pricing_minimum_quantity":null,"tiered_pricing_roles_data":[],"tiered_pricing_percentage_rules":[],"_links":{"self":[{"href":"https:\/\/vapingnet.de\/pl\/wp-json\/wp\/v2\/product\/6599","targetHints":{"allow":["GET"]}}],"collection":[{"href":"https:\/\/vapingnet.de\/pl\/wp-json\/wp\/v2\/product"}],"about":[{"href":"https:\/\/vapingnet.de\/pl\/wp-json\/wp\/v2\/types\/product"}],"version-history":[{"count":4,"href":"https:\/\/vapingnet.de\/pl\/wp-json\/wp\/v2\/product\/6599\/revisions"}],"predecessor-version":[{"id":6878,"href":"https:\/\/vapingnet.de\/pl\/wp-json\/wp\/v2\/product\/6599\/revisions\/6878"}],"wp:featuredmedia":[{"embeddable":true,"href":"https:\/\/vapingnet.de\/pl\/wp-json\/wp\/v2\/media\/6604"}],"wp:attachment":[{"href":"https:\/\/vapingnet.de\/pl\/wp-json\/wp\/v2\/media?parent=6599"}],"wp:term":[{"taxonomy":"brand","embeddable":true,"href":"https:\/\/vapingnet.de\/pl\/wp-json\/wp\/v2\/etheme_brands?post=6599"},{"taxonomy":"product_brand","embeddable":true,"href":"https:\/\/vapingnet.de\/pl\/wp-json\/wp\/v2\/product_brand?post=6599"},{"taxonomy":"product_cat","embeddable":true,"href":"https:\/\/vapingnet.de\/pl\/wp-json\/wp\/v2\/product_cat?post=6599"},{"taxonomy":"product_tag","embeddable":true,"href":"https:\/\/vapingnet.de\/pl\/wp-json\/wp\/v2\/product_tag?post=6599"}],"curies":[{"name":"wp","href":"https:\/\/api.w.org\/{rel}","templated":true}]}}