{"id":6616,"date":"2025-04-29T02:53:18","date_gmt":"2025-04-29T02:53:18","guid":{"rendered":"https:\/\/vapingnet.de\/?post_type=product&#038;p=6616"},"modified":"2026-04-15T09:57:54","modified_gmt":"2026-04-15T09:57:54","slug":"watermelon-ice-der-perfekte-geschmack-in-jedem-zug-mit-waspe-12000-puffs","status":"publish","type":"product","link":"https:\/\/vapingnet.de\/pl\/vape\/watermelon-ice-der-perfekte-geschmack-in-jedem-zug-mit-waspe-12000-puffs\/","title":{"rendered":"Watermelon Ice Idealny smak przy ka\u017cdym zaci\u0105gni\u0119ciu z WASPE 12000 Puffs"},"content":{"rendered":"<h2 data-start=\"169\" data-end=\"232\">WASPE 12000 Puffs: Maksymalne doznania podczas vapowania dla wymagaj\u0105cych<\/h2>\n<p class=\"\" data-start=\"268\" data-end=\"678\" data-immersive-translate-walked=\"e08a77f8-9de6-4b55-b248-ac9393c50450\" data-immersive-translate-paragraph=\"1\">WASPE 12000 Puffs zosta\u0142 zaprojektowany dla vapor\u00f3w ceni\u0105cych trwa\u0142o\u015b\u0107 i wydajno\u015b\u0107. Z imponuj\u0105c\u0105 pojemno\u015bci\u0105 e-liquid 20 ml, urz\u0105dzenie umo\u017cliwia nawet do 12000 poci\u0105gni\u0119\u0107 \u2013 idealne dla tych, kt\u00f3rzy szukaj\u0105 intensywnych i d\u0142ugotrwa\u0142ych dozna\u0144 vapowania. Dost\u0119pny wyb\u00f3r st\u0119\u017ce\u0144 nikotyny (0%, 2%, 3% i 5%) pozwala ka\u017cdemu u\u017cytkownikowi wybra\u0107 indywidualny poziom vapowania.<\/p>\n<p class=\"\" data-start=\"680\" data-end=\"881\" data-immersive-translate-walked=\"e08a77f8-9de6-4b55-b248-ac9393c50450\" data-immersive-translate-paragraph=\"1\">Wyposa\u017cony w solidn\u0105 bateri\u0119 650mAh i praktyczn\u0105 \u0142adowark\u0119 Type-C, urz\u0105dzenie pozostaje niezawodne w u\u017cyciu. Nawet w podr\u00f3\u017cy nie trzeba rezygnowa\u0107 z sta\u0142ej wydajno\u015bci.<\/p>\n<h3 data-start=\"883\" data-end=\"931\" data-immersive-translate-walked=\"e08a77f8-9de6-4b55-b248-ac9393c50450\" data-immersive-translate-paragraph=\"1\">Nowoczesny design \u0142\u0105czy si\u0119 z innowacyjn\u0105 technologi\u0105<\/h3>\n<p class=\"\" data-start=\"933\" data-end=\"1328\" data-immersive-translate-walked=\"e08a77f8-9de6-4b55-b248-ac9393c50450\" data-immersive-translate-paragraph=\"1\">Design RGB pod\u015bwietlenia WASPE 12000 Puffs dodaje efekt\u00f3w wizualnych i sprawia, \u017ce ka\u017cda sesja vapowania staje si\u0119 stylowym do\u015bwiadczeniem. Wewn\u0105trz znajduje si\u0119 mesh coil o oporno\u015bci 0,8 Ohm w po\u0142\u0105czeniu z grza\u0142k\u0105 o oporno\u015bci 1,0\u03a9, zapewniaj\u0105c r\u00f3wnomierne odparowywanie i intensywne uwalnianie aromat\u00f3w. Aktywacja pufem umo\u017cliwia intuicyjn\u0105 obs\u0142ug\u0119: wystarczy poci\u0105gn\u0105\u0107 i cieszy\u0107 si\u0119, bez konieczno\u015bci naciskania przycisku.<\/p>\n<p class=\"\" data-start=\"1330\" data-end=\"1511\" data-immersive-translate-walked=\"e08a77f8-9de6-4b55-b248-ac9393c50450\" data-immersive-translate-paragraph=\"1\">Z wag\u0105 zaledwie 82g, WASPE 12000 Puffs jest lekki i wygodny w trzymaniu. Idealny na podr\u00f3\u017c, relaksuj\u0105ce chwile lub codzienne u\u017cytkowanie.<\/p>\n<h3 data-start=\"1513\" data-end=\"1550\" data-immersive-translate-walked=\"e08a77f8-9de6-4b55-b248-ac9393c50450\" data-immersive-translate-paragraph=\"1\">Do\u015bwiadczenie smakowe: Watermelon Ice<\/h3>\n<p class=\"\" data-start=\"1552\" data-end=\"1808\" data-immersive-translate-walked=\"e08a77f8-9de6-4b55-b248-ac9393c50450\" data-immersive-translate-paragraph=\"1\">WASPE 12000 Puffs zachwyca smakiem Watermelon Ice. Soczysta s\u0142odycz arbuza po\u0142\u0105czona z ch\u0142odz\u0105c\u0105 \u015bwie\u017co\u015bci\u0105 oferuje zr\u00f3wnowa\u017cone doznania smakowe, kt\u00f3re sprawdz\u0105 si\u0119 zar\u00f3wno w gor\u0105ce dni, jak i w ch\u0142odniejsze chwile.<\/p>\n<p class=\"\" data-start=\"1810\" data-end=\"1924\" data-immersive-translate-walked=\"e08a77f8-9de6-4b55-b248-ac9393c50450\" data-immersive-translate-paragraph=\"1\">Ta kompozycja sprawia, \u017ce ka\u017cda inhalacja to orze\u017awiaj\u0105ca przyjemno\u015b\u0107 i wprowadza r\u00f3\u017cnorodno\u015b\u0107 do codziennego vapowania.<\/p>\n<h3 data-start=\"1926\" data-end=\"1973\" data-immersive-translate-walked=\"e08a77f8-9de6-4b55-b248-ac9393c50450\" data-immersive-translate-paragraph=\"1\">Wygodna wysy\u0142ka bez dodatkowych koszt\u00f3w<\/h3>\n<p class=\"\" data-start=\"1975\" data-end=\"2258\" data-immersive-translate-walked=\"e08a77f8-9de6-4b55-b248-ac9393c50450\" data-immersive-translate-paragraph=\"1\">WASPE 12000 Puffs mo\u017cna zam\u00f3wi\u0107 wygodnie przez vapingnet.de. Du\u017c\u0105 zalet\u0105 jest to, \u017ce wysy\u0142ka odbywa si\u0119 bez c\u0142a, co eliminuje dodatkowe op\u0142aty. Czas dostawy wynosi oko\u0142o 7 do 15 dni roboczych, dzi\u0119ki czemu produkt szybko i bezproblemowo trafia do klienta.<\/p>","protected":false},"excerpt":{"rendered":"<p>WASPE 12000 Puffs: Maksymalne do\u015bwiadczenie dla wymagaj\u0105cych. WASPE 12000 Puffs zosta\u0142 stworzony dla palaczy ceni\u0105cych trwa\u0142o\u015b\u0107 i wydajno\u015b\u0107. Z imponuj\u0105c\u0105...<\/p>","protected":false},"featured_media":6613,"template":"","meta":[],"etheme_brands":[],"product_brand":[98],"product_cat":[88,49,61],"product_tag":[],"class_list":{"0":"post-6616","1":"product","2":"type-product","3":"status-publish","4":"has-post-thumbnail","6":"product_brand-waspe-vape","7":"product_cat-12k-vape","8":"product_cat-einweg-e-zigarette","9":"product_cat-f","11":"first","12":"instock","13":"shipping-taxable","14":"purchasable","15":"product-type-variable"},"yoast_head":"<!-- This site is optimized with the Yoast SEO plugin v26.5 - https:\/\/yoast.com\/wordpress\/plugins\/seo\/ -->\n<title>Watermelon Ice Der Perfekte Geschmack In Jedem Zug Mit WASPE 12000 Puffs | Vapingnet.de<\/title>\n<meta name=\"description\" content=\"Entdecke Watermelon Ice Der Perfekte Geschmack In Jedem Zug Mit WASPE 12000 Puffs bei vapingnet.de, \u25ba Gro\u00dfe Auswahl an Geschmacksrichtungen &amp; super g\u00fcnstig!\" \/>\n<meta name=\"robots\" content=\"index, follow, max-snippet:-1, max-image-preview:large, max-video-preview:-1\" \/>\n<link rel=\"canonical\" href=\"https:\/\/vapingnet.de\/pl\/vape\/watermelon-ice-der-perfekte-geschmack-in-jedem-zug-mit-waspe-12000-puffs\/\" \/>\n<meta property=\"og:locale\" content=\"pl_PL\" \/>\n<meta property=\"og:type\" content=\"article\" \/>\n<meta property=\"og:title\" content=\"Watermelon Ice Der Perfekte Geschmack In Jedem Zug Mit WASPE 12000 Puffs | Vapingnet.de\" \/>\n<meta property=\"og:description\" content=\"Entdecke Watermelon Ice Der Perfekte Geschmack In Jedem Zug Mit WASPE 12000 Puffs bei vapingnet.de, \u25ba Gro\u00dfe Auswahl an Geschmacksrichtungen &amp; super g\u00fcnstig!\" \/>\n<meta property=\"og:url\" content=\"https:\/\/vapingnet.de\/pl\/vape\/watermelon-ice-der-perfekte-geschmack-in-jedem-zug-mit-waspe-12000-puffs\/\" \/>\n<meta property=\"og:site_name\" content=\"Vapingnet.de\" \/>\n<meta property=\"article:publisher\" content=\"https:\/\/www.facebook.com\/vapingnetde\/\" \/>\n<meta property=\"article:modified_time\" content=\"2026-04-15T09:57:54+00:00\" \/>\n<meta property=\"og:image\" content=\"https:\/\/vapingnet.de\/wp-content\/uploads\/2025\/04\/Watermelon-Ice-3.webp\" \/>\n\t<meta property=\"og:image:width\" content=\"1000\" \/>\n\t<meta property=\"og:image:height\" content=\"1000\" \/>\n\t<meta property=\"og:image:type\" content=\"image\/webp\" \/>\n<meta name=\"twitter:card\" content=\"summary_large_image\" \/>\n<meta name=\"twitter:label1\" content=\"Est. reading time\" \/>\n\t<meta name=\"twitter:data1\" content=\"2 minutes\" \/>\n<script type=\"application\/ld+json\" class=\"yoast-schema-graph\">{\"@context\":\"https:\/\/schema.org\",\"@graph\":[{\"@type\":\"WebPage\",\"@id\":\"https:\/\/vapingnet.de\/vape\/watermelon-ice-der-perfekte-geschmack-in-jedem-zug-mit-waspe-12000-puffs\/\",\"url\":\"https:\/\/vapingnet.de\/vape\/watermelon-ice-der-perfekte-geschmack-in-jedem-zug-mit-waspe-12000-puffs\/\",\"name\":\"Watermelon Ice Der Perfekte Geschmack In Jedem Zug Mit WASPE 12000 Puffs | Vapingnet.de\",\"isPartOf\":{\"@id\":\"https:\/\/vapingnet.de\/#website\"},\"primaryImageOfPage\":{\"@id\":\"https:\/\/vapingnet.de\/vape\/watermelon-ice-der-perfekte-geschmack-in-jedem-zug-mit-waspe-12000-puffs\/#primaryimage\"},\"image\":{\"@id\":\"https:\/\/vapingnet.de\/vape\/watermelon-ice-der-perfekte-geschmack-in-jedem-zug-mit-waspe-12000-puffs\/#primaryimage\"},\"thumbnailUrl\":\"https:\/\/vapingnet.de\/wp-content\/uploads\/2025\/04\/Watermelon-Ice-3.webp\",\"datePublished\":\"2025-04-29T02:53:18+00:00\",\"dateModified\":\"2026-04-15T09:57:54+00:00\",\"description\":\"Entdecke Watermelon Ice Der Perfekte Geschmack In Jedem Zug Mit WASPE 12000 Puffs bei vapingnet.de, \u25ba Gro\u00dfe Auswahl an Geschmacksrichtungen & super g\u00fcnstig!\",\"breadcrumb\":{\"@id\":\"https:\/\/vapingnet.de\/vape\/watermelon-ice-der-perfekte-geschmack-in-jedem-zug-mit-waspe-12000-puffs\/#breadcrumb\"},\"inLanguage\":\"pl-PL\",\"potentialAction\":[{\"@type\":\"ReadAction\",\"target\":[\"https:\/\/vapingnet.de\/vape\/watermelon-ice-der-perfekte-geschmack-in-jedem-zug-mit-waspe-12000-puffs\/\"]}]},{\"@type\":\"ImageObject\",\"inLanguage\":\"pl-PL\",\"@id\":\"https:\/\/vapingnet.de\/vape\/watermelon-ice-der-perfekte-geschmack-in-jedem-zug-mit-waspe-12000-puffs\/#primaryimage\",\"url\":\"https:\/\/vapingnet.de\/wp-content\/uploads\/2025\/04\/Watermelon-Ice-3.webp\",\"contentUrl\":\"https:\/\/vapingnet.de\/wp-content\/uploads\/2025\/04\/Watermelon-Ice-3.webp\",\"width\":1000,\"height\":1000},{\"@type\":\"BreadcrumbList\",\"@id\":\"https:\/\/vapingnet.de\/vape\/watermelon-ice-der-perfekte-geschmack-in-jedem-zug-mit-waspe-12000-puffs\/#breadcrumb\",\"itemListElement\":[{\"@type\":\"ListItem\",\"position\":1,\"name\":\"Home\",\"item\":\"https:\/\/vapingnet.de\/\"},{\"@type\":\"ListItem\",\"position\":2,\"name\":\"Shop\",\"item\":\"https:\/\/vapingnet.de\/vape\/\"},{\"@type\":\"ListItem\",\"position\":3,\"name\":\"Watermelon Ice Der Perfekte Geschmack In Jedem Zug Mit WASPE 12000 Puffs\"}]},{\"@type\":\"WebSite\",\"@id\":\"https:\/\/vapingnet.de\/#website\",\"url\":\"https:\/\/vapingnet.de\/\",\"name\":\"Vapingnet.de\",\"description\":\"\",\"publisher\":{\"@id\":\"https:\/\/vapingnet.de\/#organization\"},\"potentialAction\":[{\"@type\":\"SearchAction\",\"target\":{\"@type\":\"EntryPoint\",\"urlTemplate\":\"https:\/\/vapingnet.de\/?s={search_term_string}\"},\"query-input\":{\"@type\":\"PropertyValueSpecification\",\"valueRequired\":true,\"valueName\":\"search_term_string\"}}],\"inLanguage\":\"pl-PL\"},{\"@type\":\"Organization\",\"@id\":\"https:\/\/vapingnet.de\/#organization\",\"name\":\"Vapingnet.de\",\"url\":\"https:\/\/vapingnet.de\/\",\"logo\":{\"@type\":\"ImageObject\",\"inLanguage\":\"pl-PL\",\"@id\":\"https:\/\/vapingnet.de\/#\/schema\/logo\/image\/\",\"url\":\"https:\/\/vapingnet.de\/wp-content\/uploads\/2025\/03\/cropped-vapingnet.de_.jpg\",\"contentUrl\":\"https:\/\/vapingnet.de\/wp-content\/uploads\/2025\/03\/cropped-vapingnet.de_.jpg\",\"width\":512,\"height\":512,\"caption\":\"Vapingnet.de\"},\"image\":{\"@id\":\"https:\/\/vapingnet.de\/#\/schema\/logo\/image\/\"},\"sameAs\":[\"https:\/\/www.facebook.com\/vapingnetde\/\"]}]}<\/script>\n<!-- \/ Yoast SEO plugin. -->","yoast_head_json":{"title":"Watermelon Ice Der Perfekte Geschmack In Jedem Zug Mit WASPE 12000 Puffs | Vapingnet.de","description":"Entdecke Watermelon Ice Der Perfekte Geschmack In Jedem Zug Mit WASPE 12000 Puffs bei vapingnet.de, \u25ba Gro\u00dfe Auswahl an Geschmacksrichtungen & super g\u00fcnstig!","robots":{"index":"index","follow":"follow","max-snippet":"max-snippet:-1","max-image-preview":"max-image-preview:large","max-video-preview":"max-video-preview:-1"},"canonical":"https:\/\/vapingnet.de\/pl\/vape\/watermelon-ice-der-perfekte-geschmack-in-jedem-zug-mit-waspe-12000-puffs\/","og_locale":"pl_PL","og_type":"article","og_title":"Watermelon Ice Der Perfekte Geschmack In Jedem Zug Mit WASPE 12000 Puffs | Vapingnet.de","og_description":"Entdecke Watermelon Ice Der Perfekte Geschmack In Jedem Zug Mit WASPE 12000 Puffs bei vapingnet.de, \u25ba Gro\u00dfe Auswahl an Geschmacksrichtungen & super g\u00fcnstig!","og_url":"https:\/\/vapingnet.de\/pl\/vape\/watermelon-ice-der-perfekte-geschmack-in-jedem-zug-mit-waspe-12000-puffs\/","og_site_name":"Vapingnet.de","article_publisher":"https:\/\/www.facebook.com\/vapingnetde\/","article_modified_time":"2026-04-15T09:57:54+00:00","og_image":[{"width":1000,"height":1000,"url":"https:\/\/vapingnet.de\/wp-content\/uploads\/2025\/04\/Watermelon-Ice-3.webp","type":"image\/webp"}],"twitter_card":"summary_large_image","twitter_misc":{"Est. reading time":"2 minutes"},"schema":{"@context":"https:\/\/schema.org","@graph":[{"@type":"WebPage","@id":"https:\/\/vapingnet.de\/vape\/watermelon-ice-der-perfekte-geschmack-in-jedem-zug-mit-waspe-12000-puffs\/","url":"https:\/\/vapingnet.de\/vape\/watermelon-ice-der-perfekte-geschmack-in-jedem-zug-mit-waspe-12000-puffs\/","name":"Watermelon Ice Der Perfekte Geschmack In Jedem Zug Mit WASPE 12000 Puffs | Vapingnet.de","isPartOf":{"@id":"https:\/\/vapingnet.de\/#website"},"primaryImageOfPage":{"@id":"https:\/\/vapingnet.de\/vape\/watermelon-ice-der-perfekte-geschmack-in-jedem-zug-mit-waspe-12000-puffs\/#primaryimage"},"image":{"@id":"https:\/\/vapingnet.de\/vape\/watermelon-ice-der-perfekte-geschmack-in-jedem-zug-mit-waspe-12000-puffs\/#primaryimage"},"thumbnailUrl":"https:\/\/vapingnet.de\/wp-content\/uploads\/2025\/04\/Watermelon-Ice-3.webp","datePublished":"2025-04-29T02:53:18+00:00","dateModified":"2026-04-15T09:57:54+00:00","description":"Entdecke Watermelon Ice Der Perfekte Geschmack In Jedem Zug Mit WASPE 12000 Puffs bei vapingnet.de, \u25ba Gro\u00dfe Auswahl an Geschmacksrichtungen & super g\u00fcnstig!","breadcrumb":{"@id":"https:\/\/vapingnet.de\/vape\/watermelon-ice-der-perfekte-geschmack-in-jedem-zug-mit-waspe-12000-puffs\/#breadcrumb"},"inLanguage":"pl-PL","potentialAction":[{"@type":"ReadAction","target":["https:\/\/vapingnet.de\/vape\/watermelon-ice-der-perfekte-geschmack-in-jedem-zug-mit-waspe-12000-puffs\/"]}]},{"@type":"ImageObject","inLanguage":"pl-PL","@id":"https:\/\/vapingnet.de\/vape\/watermelon-ice-der-perfekte-geschmack-in-jedem-zug-mit-waspe-12000-puffs\/#primaryimage","url":"https:\/\/vapingnet.de\/wp-content\/uploads\/2025\/04\/Watermelon-Ice-3.webp","contentUrl":"https:\/\/vapingnet.de\/wp-content\/uploads\/2025\/04\/Watermelon-Ice-3.webp","width":1000,"height":1000},{"@type":"BreadcrumbList","@id":"https:\/\/vapingnet.de\/vape\/watermelon-ice-der-perfekte-geschmack-in-jedem-zug-mit-waspe-12000-puffs\/#breadcrumb","itemListElement":[{"@type":"ListItem","position":1,"name":"Home","item":"https:\/\/vapingnet.de\/"},{"@type":"ListItem","position":2,"name":"Shop","item":"https:\/\/vapingnet.de\/vape\/"},{"@type":"ListItem","position":3,"name":"Watermelon Ice Der Perfekte Geschmack In Jedem Zug Mit WASPE 12000 Puffs"}]},{"@type":"WebSite","@id":"https:\/\/vapingnet.de\/#website","url":"https:\/\/vapingnet.de\/","name":"Vapingnet.de","description":"","publisher":{"@id":"https:\/\/vapingnet.de\/#organization"},"potentialAction":[{"@type":"SearchAction","target":{"@type":"EntryPoint","urlTemplate":"https:\/\/vapingnet.de\/?s={search_term_string}"},"query-input":{"@type":"PropertyValueSpecification","valueRequired":true,"valueName":"search_term_string"}}],"inLanguage":"pl-PL"},{"@type":"Organization","@id":"https:\/\/vapingnet.de\/#organization","name":"Vapingnet.de","url":"https:\/\/vapingnet.de\/","logo":{"@type":"ImageObject","inLanguage":"pl-PL","@id":"https:\/\/vapingnet.de\/#\/schema\/logo\/image\/","url":"https:\/\/vapingnet.de\/wp-content\/uploads\/2025\/03\/cropped-vapingnet.de_.jpg","contentUrl":"https:\/\/vapingnet.de\/wp-content\/uploads\/2025\/03\/cropped-vapingnet.de_.jpg","width":512,"height":512,"caption":"Vapingnet.de"},"image":{"@id":"https:\/\/vapingnet.de\/#\/schema\/logo\/image\/"},"sameAs":["https:\/\/www.facebook.com\/vapingnetde\/"]}]}},"tiered_pricing_type":"fixed","tiered_pricing_fixed_rules":[],"tiered_pricing_product_settings":{"layout":"default","base_unit_name":{"singular":null,"plural":null},"default_variation":null},"tiered_pricing_minimum_quantity":null,"tiered_pricing_roles_data":[],"tiered_pricing_percentage_rules":[],"_links":{"self":[{"href":"https:\/\/vapingnet.de\/pl\/wp-json\/wp\/v2\/product\/6616","targetHints":{"allow":["GET"]}}],"collection":[{"href":"https:\/\/vapingnet.de\/pl\/wp-json\/wp\/v2\/product"}],"about":[{"href":"https:\/\/vapingnet.de\/pl\/wp-json\/wp\/v2\/types\/product"}],"version-history":[{"count":2,"href":"https:\/\/vapingnet.de\/pl\/wp-json\/wp\/v2\/product\/6616\/revisions"}],"predecessor-version":[{"id":6630,"href":"https:\/\/vapingnet.de\/pl\/wp-json\/wp\/v2\/product\/6616\/revisions\/6630"}],"wp:featuredmedia":[{"embeddable":true,"href":"https:\/\/vapingnet.de\/pl\/wp-json\/wp\/v2\/media\/6613"}],"wp:attachment":[{"href":"https:\/\/vapingnet.de\/pl\/wp-json\/wp\/v2\/media?parent=6616"}],"wp:term":[{"taxonomy":"brand","embeddable":true,"href":"https:\/\/vapingnet.de\/pl\/wp-json\/wp\/v2\/etheme_brands?post=6616"},{"taxonomy":"product_brand","embeddable":true,"href":"https:\/\/vapingnet.de\/pl\/wp-json\/wp\/v2\/product_brand?post=6616"},{"taxonomy":"product_cat","embeddable":true,"href":"https:\/\/vapingnet.de\/pl\/wp-json\/wp\/v2\/product_cat?post=6616"},{"taxonomy":"product_tag","embeddable":true,"href":"https:\/\/vapingnet.de\/pl\/wp-json\/wp\/v2\/product_tag?post=6616"}],"curies":[{"name":"wp","href":"https:\/\/api.w.org\/{rel}","templated":true}]}}