{"id":6620,"date":"2025-04-29T02:53:38","date_gmt":"2025-04-29T02:53:38","guid":{"rendered":"https:\/\/vapingnet.de\/?post_type=product&#038;p=6620"},"modified":"2026-04-15T09:16:11","modified_gmt":"2026-04-15T09:16:11","slug":"lassen-sie-sich-von-waspe-12000-puffs-in-strawberry-pitaya-lemonade-verfuehren-topqualitaet-zum-besten-preis","status":"publish","type":"product","link":"https:\/\/vapingnet.de\/pl\/vape\/lassen-sie-sich-von-waspe-12000-puffs-in-strawberry-pitaya-lemonade-verfuehren-topqualitaet-zum-besten-preis\/","title":{"rendered":"Pozw\u00f3l si\u0119 oczarowa\u0107 WASPE 12000 Puffs w smakach Strawberry Pitaya Lemonade Najwy\u017csza jako\u015b\u0107 w najlepszej cenie"},"content":{"rendered":"<h2 data-start=\"0\" data-end=\"99\">WASPE 12000 Puffs Jednorazowa E-papieros: Ostateczna przyjemno\u015b\u0107 z chmurami z \u015bwie\u017cym smakiem owoc\u00f3w<\/h2>\n<p class=\"\" data-start=\"101\" data-end=\"436\">Dla wszystkich palaczy, kt\u00f3rzy szukaj\u0105 wydajnego i \u0142atwego w obs\u0142udze jednorazowego e-papierosa, WASPE 12000 Puffs oferuje dok\u0142adnie to, czego potrzebuj\u0105. Dzi\u0119ki najnowszej technologii, imponuj\u0105co d\u0142ugiemu czasowi korzystania z chmur i orze\u017awiaj\u0105cemu smakowi, ten model jest idealnym wyborem dla wymagaj\u0105cych u\u017cytkownik\u00f3w.<\/p>\n<h3 data-start=\"438\" data-end=\"498\">1. Wyj\u0105tkowe cechy WASPE 12000 Puffs<\/h3>\n<ul data-start=\"500\" data-end=\"1600\">\n<li class=\"\" data-start=\"500\" data-end=\"796\">\n<p class=\"\" data-start=\"502\" data-end=\"796\">Bateria i pojemno\u015b\u0107 chmur<br data-start=\"529\" data-end=\"532\" \/>Z pojemno\u015bci\u0105 650mAh i \u017cywotno\u015bci\u0105 do 12000 poci\u0105gni\u0119\u0107, WASPE 12000 Puffs zapewnia niezwykle d\u0142ugi czas u\u017cytkowania. E-papieros jest idealny dla tych, kt\u00f3rzy chc\u0105 korzysta\u0107 z chmur przez ca\u0142y dzie\u0144 lub nawet kilka dni bez konieczno\u015bci ci\u0105g\u0142ego \u0142adowania.<\/p>\n<\/li>\n<li class=\"\" data-start=\"798\" data-end=\"1045\">\n<p class=\"\" data-start=\"800\" data-end=\"1045\">z\u0142\u0105cze \u0142adowania Type-C<br data-start=\"824\" data-end=\"827\" \/>Dzi\u0119ki portowi \u0142adowania Type-C \u0142adowanie jest szybkie i proste. Nawet gdy bateria si\u0119 wyczerpie, mo\u017cna j\u0105 b\u0142yskawicznie na\u0142adowa\u0107 i by\u0107 gotowym na kolejne korzystanie z chmur.<\/p>\n<\/li>\n<li class=\"\" data-start=\"1047\" data-end=\"1301\">\n<p class=\"\" data-start=\"1049\" data-end=\"1301\">Aktywacja chmur<br data-start=\"1069\" data-end=\"1072\" \/>Jedn\u0105 z najbardziej przyjaznych u\u017cytkownikowi funkcji WASPE 12000 Puffs jest aktywacja chmur. Wystarczy poci\u0105gn\u0105\u0107 za e-papieros, a urz\u0105dzenie automatycznie si\u0119 w\u0142\u0105czy \u2013 nie potrzeba \u017cadnych przycisk\u00f3w ani skomplikowanych ustawie\u0144.<\/p>\n<\/li>\n<li class=\"\" data-start=\"1303\" data-end=\"1600\">\n<p class=\"\" data-start=\"1305\" data-end=\"1600\">Technologia MTL<br data-start=\"1324\" data-end=\"1327\" \/>WASPE 12000 Puffs jest zoptymalizowany do palenia metod\u0105 MTL (mouth-to-lung), co oznacza, \u017ce dym najpierw trafia do ust, a nast\u0119pnie jest wdychany do p\u0142uc. Ta technika zapewnia autentyczne do\u015bwiadczenie palenia, szczeg\u00f3lnie dla os\u00f3b przechodz\u0105cych z papieros\u00f3w.<\/p>\n<\/li>\n<\/ul>\n<h4 data-start=\"1602\" data-end=\"1662\">\u015awie\u017cy smak z truskawkow\u0105 pitaj\u0105 i lemoniad\u0105<\/h4>\n<p class=\"\" data-start=\"1664\" data-end=\"2005\">Aromat WASPE 12000 Puffs to rozkosz dla podniebienia. Mieszanka s\u0142odkiej truskawki, egzotycznej pitaji (smoczej owoc) i orze\u017awiaj\u0105cej lemoniady oferuje niepowtarzalne doznania smakowe. Ta owocowa kompozycja zapewnia przyjemne korzystanie z chmur, kt\u00f3re od\u015bwie\u017ca i pobudza przez ca\u0142y dzie\u0144.<\/p>\n<h4 data-start=\"2007\" data-end=\"2062\">\u00a0Wysokiej jako\u015bci technologia dla najlepszego smaku<\/h4>\n<p class=\"\" data-start=\"2064\" data-end=\"2478\">WASPE 12000 Puffs korzysta z mesh-coila o oporze 0,8\u03a9, kt\u00f3ry zapewnia r\u00f3wnomierne odparowywanie i intensywniejszy, pe\u0142niejszy smak. Element grzewczy mesh o oporze 1,0\u03a9 pomaga zoptymalizowa\u0107 dym i wydoby\u0107 pe\u0142ne aromaty e-liquid\u00f3w. Technologia ta umo\u017cliwia stabiln\u0105 i r\u00f3wnomiern\u0105 produkcj\u0119 chmur bez utraty jako\u015bci smaku.<\/p>\n<h4 data-start=\"2480\" data-end=\"2527\">Kompaktowy design i pod\u015bwietlenie RGB<\/h4>\n<p class=\"\" data-start=\"2529\" data-end=\"2864\">WASPE 12000 Puffs wyr\u00f3\u017cnia si\u0119 nie tylko wydajno\u015bci\u0105, ale tak\u017ce nowoczesnym designem. Wa\u017c\u0105c zaledwie 82 g, jest lekki i por\u0119czny, co pozwala na \u0142atwe schowanie do ka\u017cdej torby. Pod\u015bwietlenie RGB zapewnia efekt wizualny, kt\u00f3ry czyni korzystanie z chmur jeszcze bardziej ekscytuj\u0105cym do\u015bwiadczeniem.<\/p>\n<h3>Zalety WASPE 12000 Puffs<\/h3>\n<ul data-start=\"2909\" data-end=\"3559\">\n<li class=\"\" data-start=\"2909\" data-end=\"3035\">\n<p class=\"\" data-start=\"2911\" data-end=\"3035\">D\u0142ugi czas korzystania z chmur<br data-start=\"2930\" data-end=\"2933\" \/>Z 12000 poci\u0105gni\u0119ciami mo\u017cesz cieszy\u0107 si\u0119 przez wiele dni, nie martwi\u0105c si\u0119 o \u0142adowanie.<\/p>\n<\/li>\n<li class=\"\" data-start=\"3039\" data-end=\"3217\">\n<p class=\"\" data-start=\"3041\" data-end=\"3217\">Szybkie \u0142adowanie za pomoc\u0105 Type-C<br data-start=\"3074\" data-end=\"3077\" \/>Port \u0142adowania Type-C gwarantuje szybkie i wygodne \u0142adowanie, dzi\u0119ki czemu nie musisz d\u0142ugo czeka\u0107 na kolejn\u0105 sesj\u0119 korzystania z chmur.<\/p>\n<\/li>\n<li class=\"\" data-start=\"3219\" data-end=\"3411\">\n<p class=\"\" data-start=\"3221\" data-end=\"3411\">\u0141atwy w obs\u0142udze<br data-start=\"3244\" data-end=\"3247\" \/>Dzi\u0119ki aktywacji Puff i technologii MTL, stosowanie WASPE 12000 Puffs jest niezwykle przyjazne dla u\u017cytkownika i idealne dla palaczy e-papieros\u00f3w na ka\u017cdym poziomie zaawansowania.<\/p>\n<\/li>\n<li class=\"\" data-start=\"3413\" data-end=\"3559\">\n<p class=\"\" data-start=\"3415\" data-end=\"3559\">Owocowy smak<br data-start=\"3439\" data-end=\"3442\" \/>Idealna mieszanka truskawki, pitaji i lemoniady zapewnia \u015bwie\u017ce, d\u0142ugotrwa\u0142e doznania smakowe.<\/p>\n<\/li>\n<\/ul>\n<p class=\"\" data-start=\"3579\" data-end=\"3984\">Jednorazowy e-papieros WASPE 12000 Puffs to doskona\u0142y wyb\u00f3r dla palaczy, kt\u00f3rzy szukaj\u0105 mocnego, \u0142atwego w obs\u0142udze i intensywnego smakowo do\u015bwiadczenia. Dzi\u0119ki d\u0142ugiej \u017cywotno\u015bci, prostemu aktywatorowi i pysznemu smakowi truskawki, pitaji i lemoniady wyr\u00f3\u017cnia si\u0119 spo\u015br\u00f3d innych produkt\u00f3w. Idealny dla tych, kt\u00f3rzy chc\u0105 cieszy\u0107 si\u0119 codzienno\u015bci\u0105 bez komplikacji.<\/p>","protected":false},"excerpt":{"rendered":"<p>WASPE 12000 Puffs Jednorazowy e-papieros: Ostateczne doznania vapowania z \u015bwie\u017cym smakiem owoc\u00f3w. Dla wszystkich vapowicz\u00f3w szukaj\u0105cych mocnego i \u0142atwego w obs\u0142udze jednorazowego e-papierosa,...<\/p>","protected":false},"featured_media":6610,"template":"","meta":[],"etheme_brands":[],"product_brand":[98],"product_cat":[88,49,61],"product_tag":[],"class_list":{"0":"post-6620","1":"product","2":"type-product","3":"status-publish","4":"has-post-thumbnail","6":"product_brand-waspe-vape","7":"product_cat-12k-vape","8":"product_cat-einweg-e-zigarette","9":"product_cat-f","11":"first","12":"instock","13":"shipping-taxable","14":"purchasable","15":"product-type-variable"},"yoast_head":"<!-- This site is optimized with the Yoast SEO plugin v26.5 - https:\/\/yoast.com\/wordpress\/plugins\/seo\/ -->\n<title>Lassen Sie Sich Von WASPE 12000 Puffs In Strawberry Pitaya Lemonade Verf\u00fchren Topqualit\u00e4t Zum Besten Preis | Vapingnet.de<\/title>\n<meta name=\"description\" content=\"Entdecke Lassen Sie Sich Von WASPE 12000 Puffs In Strawberry Pitaya Lemonade Verf\u00fchren Topqualit\u00e4t Zum Besten Preis bei vapingnet.de, \u25ba Gro\u00dfe Auswahl an Geschmacksrichtungen &amp; super g\u00fcnstig!\" \/>\n<meta name=\"robots\" content=\"index, follow, max-snippet:-1, max-image-preview:large, max-video-preview:-1\" \/>\n<link rel=\"canonical\" href=\"https:\/\/vapingnet.de\/pl\/vape\/lassen-sie-sich-von-waspe-12000-puffs-in-strawberry-pitaya-lemonade-verfuehren-topqualitaet-zum-besten-preis\/\" \/>\n<meta property=\"og:locale\" content=\"pl_PL\" \/>\n<meta property=\"og:type\" content=\"article\" \/>\n<meta property=\"og:title\" content=\"Lassen Sie Sich Von WASPE 12000 Puffs In Strawberry Pitaya Lemonade Verf\u00fchren Topqualit\u00e4t Zum Besten Preis | Vapingnet.de\" \/>\n<meta property=\"og:description\" content=\"Entdecke Lassen Sie Sich Von WASPE 12000 Puffs In Strawberry Pitaya Lemonade Verf\u00fchren Topqualit\u00e4t Zum Besten Preis bei vapingnet.de, \u25ba Gro\u00dfe Auswahl an Geschmacksrichtungen &amp; super g\u00fcnstig!\" \/>\n<meta property=\"og:url\" content=\"https:\/\/vapingnet.de\/pl\/vape\/lassen-sie-sich-von-waspe-12000-puffs-in-strawberry-pitaya-lemonade-verfuehren-topqualitaet-zum-besten-preis\/\" \/>\n<meta property=\"og:site_name\" content=\"Vapingnet.de\" \/>\n<meta property=\"article:publisher\" content=\"https:\/\/www.facebook.com\/vapingnetde\/\" \/>\n<meta property=\"article:modified_time\" content=\"2026-04-15T09:16:11+00:00\" \/>\n<meta property=\"og:image\" content=\"https:\/\/vapingnet.de\/wp-content\/uploads\/2025\/04\/Strawberry-pitaya-lemonade_980.webp\" \/>\n\t<meta property=\"og:image:width\" content=\"1000\" \/>\n\t<meta property=\"og:image:height\" content=\"1000\" \/>\n\t<meta property=\"og:image:type\" content=\"image\/webp\" \/>\n<meta name=\"twitter:card\" content=\"summary_large_image\" \/>\n<meta name=\"twitter:label1\" content=\"Est. reading time\" \/>\n\t<meta name=\"twitter:data1\" content=\"4 minutes\" \/>\n<script type=\"application\/ld+json\" class=\"yoast-schema-graph\">{\"@context\":\"https:\/\/schema.org\",\"@graph\":[{\"@type\":\"WebPage\",\"@id\":\"https:\/\/vapingnet.de\/vape\/lassen-sie-sich-von-waspe-12000-puffs-in-strawberry-pitaya-lemonade-verfuehren-topqualitaet-zum-besten-preis\/\",\"url\":\"https:\/\/vapingnet.de\/vape\/lassen-sie-sich-von-waspe-12000-puffs-in-strawberry-pitaya-lemonade-verfuehren-topqualitaet-zum-besten-preis\/\",\"name\":\"Lassen Sie Sich Von WASPE 12000 Puffs In Strawberry Pitaya Lemonade Verf\u00fchren Topqualit\u00e4t Zum Besten Preis | Vapingnet.de\",\"isPartOf\":{\"@id\":\"https:\/\/vapingnet.de\/#website\"},\"primaryImageOfPage\":{\"@id\":\"https:\/\/vapingnet.de\/vape\/lassen-sie-sich-von-waspe-12000-puffs-in-strawberry-pitaya-lemonade-verfuehren-topqualitaet-zum-besten-preis\/#primaryimage\"},\"image\":{\"@id\":\"https:\/\/vapingnet.de\/vape\/lassen-sie-sich-von-waspe-12000-puffs-in-strawberry-pitaya-lemonade-verfuehren-topqualitaet-zum-besten-preis\/#primaryimage\"},\"thumbnailUrl\":\"https:\/\/vapingnet.de\/wp-content\/uploads\/2025\/04\/Strawberry-pitaya-lemonade_980.webp\",\"datePublished\":\"2025-04-29T02:53:38+00:00\",\"dateModified\":\"2026-04-15T09:16:11+00:00\",\"description\":\"Entdecke Lassen Sie Sich Von WASPE 12000 Puffs In Strawberry Pitaya Lemonade Verf\u00fchren Topqualit\u00e4t Zum Besten Preis bei vapingnet.de, \u25ba Gro\u00dfe Auswahl an Geschmacksrichtungen & super g\u00fcnstig!\",\"breadcrumb\":{\"@id\":\"https:\/\/vapingnet.de\/vape\/lassen-sie-sich-von-waspe-12000-puffs-in-strawberry-pitaya-lemonade-verfuehren-topqualitaet-zum-besten-preis\/#breadcrumb\"},\"inLanguage\":\"pl-PL\",\"potentialAction\":[{\"@type\":\"ReadAction\",\"target\":[\"https:\/\/vapingnet.de\/vape\/lassen-sie-sich-von-waspe-12000-puffs-in-strawberry-pitaya-lemonade-verfuehren-topqualitaet-zum-besten-preis\/\"]}]},{\"@type\":\"ImageObject\",\"inLanguage\":\"pl-PL\",\"@id\":\"https:\/\/vapingnet.de\/vape\/lassen-sie-sich-von-waspe-12000-puffs-in-strawberry-pitaya-lemonade-verfuehren-topqualitaet-zum-besten-preis\/#primaryimage\",\"url\":\"https:\/\/vapingnet.de\/wp-content\/uploads\/2025\/04\/Strawberry-pitaya-lemonade_980.webp\",\"contentUrl\":\"https:\/\/vapingnet.de\/wp-content\/uploads\/2025\/04\/Strawberry-pitaya-lemonade_980.webp\",\"width\":1000,\"height\":1000},{\"@type\":\"BreadcrumbList\",\"@id\":\"https:\/\/vapingnet.de\/vape\/lassen-sie-sich-von-waspe-12000-puffs-in-strawberry-pitaya-lemonade-verfuehren-topqualitaet-zum-besten-preis\/#breadcrumb\",\"itemListElement\":[{\"@type\":\"ListItem\",\"position\":1,\"name\":\"Home\",\"item\":\"https:\/\/vapingnet.de\/\"},{\"@type\":\"ListItem\",\"position\":2,\"name\":\"Shop\",\"item\":\"https:\/\/vapingnet.de\/vape\/\"},{\"@type\":\"ListItem\",\"position\":3,\"name\":\"Lassen Sie Sich Von WASPE 12000 Puffs In Strawberry Pitaya Lemonade Verf\u00fchren Topqualit\u00e4t Zum Besten Preis\"}]},{\"@type\":\"WebSite\",\"@id\":\"https:\/\/vapingnet.de\/#website\",\"url\":\"https:\/\/vapingnet.de\/\",\"name\":\"Vapingnet.de\",\"description\":\"\",\"publisher\":{\"@id\":\"https:\/\/vapingnet.de\/#organization\"},\"potentialAction\":[{\"@type\":\"SearchAction\",\"target\":{\"@type\":\"EntryPoint\",\"urlTemplate\":\"https:\/\/vapingnet.de\/?s={search_term_string}\"},\"query-input\":{\"@type\":\"PropertyValueSpecification\",\"valueRequired\":true,\"valueName\":\"search_term_string\"}}],\"inLanguage\":\"pl-PL\"},{\"@type\":\"Organization\",\"@id\":\"https:\/\/vapingnet.de\/#organization\",\"name\":\"Vapingnet.de\",\"url\":\"https:\/\/vapingnet.de\/\",\"logo\":{\"@type\":\"ImageObject\",\"inLanguage\":\"pl-PL\",\"@id\":\"https:\/\/vapingnet.de\/#\/schema\/logo\/image\/\",\"url\":\"https:\/\/vapingnet.de\/wp-content\/uploads\/2025\/03\/cropped-vapingnet.de_.jpg\",\"contentUrl\":\"https:\/\/vapingnet.de\/wp-content\/uploads\/2025\/03\/cropped-vapingnet.de_.jpg\",\"width\":512,\"height\":512,\"caption\":\"Vapingnet.de\"},\"image\":{\"@id\":\"https:\/\/vapingnet.de\/#\/schema\/logo\/image\/\"},\"sameAs\":[\"https:\/\/www.facebook.com\/vapingnetde\/\"]}]}<\/script>\n<!-- \/ Yoast SEO plugin. -->","yoast_head_json":{"title":"Lassen Sie Sich Von WASPE 12000 Puffs In Strawberry Pitaya Lemonade Verf\u00fchren Topqualit\u00e4t Zum Besten Preis | Vapingnet.de","description":"Entdecke Lassen Sie Sich Von WASPE 12000 Puffs In Strawberry Pitaya Lemonade Verf\u00fchren Topqualit\u00e4t Zum Besten Preis bei vapingnet.de, \u25ba Gro\u00dfe Auswahl an Geschmacksrichtungen & super g\u00fcnstig!","robots":{"index":"index","follow":"follow","max-snippet":"max-snippet:-1","max-image-preview":"max-image-preview:large","max-video-preview":"max-video-preview:-1"},"canonical":"https:\/\/vapingnet.de\/pl\/vape\/lassen-sie-sich-von-waspe-12000-puffs-in-strawberry-pitaya-lemonade-verfuehren-topqualitaet-zum-besten-preis\/","og_locale":"pl_PL","og_type":"article","og_title":"Lassen Sie Sich Von WASPE 12000 Puffs In Strawberry Pitaya Lemonade Verf\u00fchren Topqualit\u00e4t Zum Besten Preis | Vapingnet.de","og_description":"Entdecke Lassen Sie Sich Von WASPE 12000 Puffs In Strawberry Pitaya Lemonade Verf\u00fchren Topqualit\u00e4t Zum Besten Preis bei vapingnet.de, \u25ba Gro\u00dfe Auswahl an Geschmacksrichtungen & super g\u00fcnstig!","og_url":"https:\/\/vapingnet.de\/pl\/vape\/lassen-sie-sich-von-waspe-12000-puffs-in-strawberry-pitaya-lemonade-verfuehren-topqualitaet-zum-besten-preis\/","og_site_name":"Vapingnet.de","article_publisher":"https:\/\/www.facebook.com\/vapingnetde\/","article_modified_time":"2026-04-15T09:16:11+00:00","og_image":[{"width":1000,"height":1000,"url":"https:\/\/vapingnet.de\/wp-content\/uploads\/2025\/04\/Strawberry-pitaya-lemonade_980.webp","type":"image\/webp"}],"twitter_card":"summary_large_image","twitter_misc":{"Est. reading time":"4 minutes"},"schema":{"@context":"https:\/\/schema.org","@graph":[{"@type":"WebPage","@id":"https:\/\/vapingnet.de\/vape\/lassen-sie-sich-von-waspe-12000-puffs-in-strawberry-pitaya-lemonade-verfuehren-topqualitaet-zum-besten-preis\/","url":"https:\/\/vapingnet.de\/vape\/lassen-sie-sich-von-waspe-12000-puffs-in-strawberry-pitaya-lemonade-verfuehren-topqualitaet-zum-besten-preis\/","name":"Lassen Sie Sich Von WASPE 12000 Puffs In Strawberry Pitaya Lemonade Verf\u00fchren Topqualit\u00e4t Zum Besten Preis | Vapingnet.de","isPartOf":{"@id":"https:\/\/vapingnet.de\/#website"},"primaryImageOfPage":{"@id":"https:\/\/vapingnet.de\/vape\/lassen-sie-sich-von-waspe-12000-puffs-in-strawberry-pitaya-lemonade-verfuehren-topqualitaet-zum-besten-preis\/#primaryimage"},"image":{"@id":"https:\/\/vapingnet.de\/vape\/lassen-sie-sich-von-waspe-12000-puffs-in-strawberry-pitaya-lemonade-verfuehren-topqualitaet-zum-besten-preis\/#primaryimage"},"thumbnailUrl":"https:\/\/vapingnet.de\/wp-content\/uploads\/2025\/04\/Strawberry-pitaya-lemonade_980.webp","datePublished":"2025-04-29T02:53:38+00:00","dateModified":"2026-04-15T09:16:11+00:00","description":"Entdecke Lassen Sie Sich Von WASPE 12000 Puffs In Strawberry Pitaya Lemonade Verf\u00fchren Topqualit\u00e4t Zum Besten Preis bei vapingnet.de, \u25ba Gro\u00dfe Auswahl an Geschmacksrichtungen & super g\u00fcnstig!","breadcrumb":{"@id":"https:\/\/vapingnet.de\/vape\/lassen-sie-sich-von-waspe-12000-puffs-in-strawberry-pitaya-lemonade-verfuehren-topqualitaet-zum-besten-preis\/#breadcrumb"},"inLanguage":"pl-PL","potentialAction":[{"@type":"ReadAction","target":["https:\/\/vapingnet.de\/vape\/lassen-sie-sich-von-waspe-12000-puffs-in-strawberry-pitaya-lemonade-verfuehren-topqualitaet-zum-besten-preis\/"]}]},{"@type":"ImageObject","inLanguage":"pl-PL","@id":"https:\/\/vapingnet.de\/vape\/lassen-sie-sich-von-waspe-12000-puffs-in-strawberry-pitaya-lemonade-verfuehren-topqualitaet-zum-besten-preis\/#primaryimage","url":"https:\/\/vapingnet.de\/wp-content\/uploads\/2025\/04\/Strawberry-pitaya-lemonade_980.webp","contentUrl":"https:\/\/vapingnet.de\/wp-content\/uploads\/2025\/04\/Strawberry-pitaya-lemonade_980.webp","width":1000,"height":1000},{"@type":"BreadcrumbList","@id":"https:\/\/vapingnet.de\/vape\/lassen-sie-sich-von-waspe-12000-puffs-in-strawberry-pitaya-lemonade-verfuehren-topqualitaet-zum-besten-preis\/#breadcrumb","itemListElement":[{"@type":"ListItem","position":1,"name":"Home","item":"https:\/\/vapingnet.de\/"},{"@type":"ListItem","position":2,"name":"Shop","item":"https:\/\/vapingnet.de\/vape\/"},{"@type":"ListItem","position":3,"name":"Lassen Sie Sich Von WASPE 12000 Puffs In Strawberry Pitaya Lemonade Verf\u00fchren Topqualit\u00e4t Zum Besten Preis"}]},{"@type":"WebSite","@id":"https:\/\/vapingnet.de\/#website","url":"https:\/\/vapingnet.de\/","name":"Vapingnet.de","description":"","publisher":{"@id":"https:\/\/vapingnet.de\/#organization"},"potentialAction":[{"@type":"SearchAction","target":{"@type":"EntryPoint","urlTemplate":"https:\/\/vapingnet.de\/?s={search_term_string}"},"query-input":{"@type":"PropertyValueSpecification","valueRequired":true,"valueName":"search_term_string"}}],"inLanguage":"pl-PL"},{"@type":"Organization","@id":"https:\/\/vapingnet.de\/#organization","name":"Vapingnet.de","url":"https:\/\/vapingnet.de\/","logo":{"@type":"ImageObject","inLanguage":"pl-PL","@id":"https:\/\/vapingnet.de\/#\/schema\/logo\/image\/","url":"https:\/\/vapingnet.de\/wp-content\/uploads\/2025\/03\/cropped-vapingnet.de_.jpg","contentUrl":"https:\/\/vapingnet.de\/wp-content\/uploads\/2025\/03\/cropped-vapingnet.de_.jpg","width":512,"height":512,"caption":"Vapingnet.de"},"image":{"@id":"https:\/\/vapingnet.de\/#\/schema\/logo\/image\/"},"sameAs":["https:\/\/www.facebook.com\/vapingnetde\/"]}]}},"tiered_pricing_type":"fixed","tiered_pricing_fixed_rules":[],"tiered_pricing_product_settings":{"layout":"default","base_unit_name":{"singular":null,"plural":null},"default_variation":null},"tiered_pricing_minimum_quantity":null,"tiered_pricing_roles_data":[],"tiered_pricing_percentage_rules":[],"_links":{"self":[{"href":"https:\/\/vapingnet.de\/pl\/wp-json\/wp\/v2\/product\/6620","targetHints":{"allow":["GET"]}}],"collection":[{"href":"https:\/\/vapingnet.de\/pl\/wp-json\/wp\/v2\/product"}],"about":[{"href":"https:\/\/vapingnet.de\/pl\/wp-json\/wp\/v2\/types\/product"}],"version-history":[{"count":1,"href":"https:\/\/vapingnet.de\/pl\/wp-json\/wp\/v2\/product\/6620\/revisions"}],"predecessor-version":[{"id":6624,"href":"https:\/\/vapingnet.de\/pl\/wp-json\/wp\/v2\/product\/6620\/revisions\/6624"}],"wp:featuredmedia":[{"embeddable":true,"href":"https:\/\/vapingnet.de\/pl\/wp-json\/wp\/v2\/media\/6610"}],"wp:attachment":[{"href":"https:\/\/vapingnet.de\/pl\/wp-json\/wp\/v2\/media?parent=6620"}],"wp:term":[{"taxonomy":"brand","embeddable":true,"href":"https:\/\/vapingnet.de\/pl\/wp-json\/wp\/v2\/etheme_brands?post=6620"},{"taxonomy":"product_brand","embeddable":true,"href":"https:\/\/vapingnet.de\/pl\/wp-json\/wp\/v2\/product_brand?post=6620"},{"taxonomy":"product_cat","embeddable":true,"href":"https:\/\/vapingnet.de\/pl\/wp-json\/wp\/v2\/product_cat?post=6620"},{"taxonomy":"product_tag","embeddable":true,"href":"https:\/\/vapingnet.de\/pl\/wp-json\/wp\/v2\/product_tag?post=6620"}],"curies":[{"name":"wp","href":"https:\/\/api.w.org\/{rel}","templated":true}]}}