{"id":6636,"date":"2025-04-29T06:04:33","date_gmt":"2025-04-29T06:04:33","guid":{"rendered":"https:\/\/vapingnet.de\/?post_type=product&#038;p=6636"},"modified":"2026-04-15T09:15:42","modified_gmt":"2026-04-15T09:15:42","slug":"geniessen-sie-cool-mint-in-jedem-zug-waspe-12000-puffs-die-frische-wahl-ohne-zollgebuehren","status":"publish","type":"product","link":"https:\/\/vapingnet.de\/pl\/vape\/geniessen-sie-cool-mint-in-jedem-zug-waspe-12000-puffs-die-frische-wahl-ohne-zollgebuehren\/","title":{"rendered":"Ciesz si\u0119 ch\u0142odnym Mintem przy ka\u017cdym zaci\u0105gni\u0119ciu si\u0119 WASPE 12000 Puffs, \u015bwie\u017cy wyb\u00f3r bez op\u0142at celnych"},"content":{"rendered":"<h2 data-start=\"72\" data-end=\"140\" data-immersive-translate-walked=\"d5c9712f-9cd7-4109-a216-533aa97bb721\">WASPE 12000 Puffs: Techniczna perfekcja i styl w jednym urz\u0105dzeniu<\/h2>\n<p class=\"\" data-start=\"167\" data-end=\"497\" data-immersive-translate-walked=\"d5c9712f-9cd7-4109-a216-533aa97bb721\" data-immersive-translate-paragraph=\"1\">WASPE 12000 Puffs to nowoczesny jednorazowy e-papieros, zaprojektowany dla palaczy, kt\u00f3rzy ceni\u0105 du\u017c\u0105 pojemno\u015b\u0107, komfort i stylowy design. Wyposa\u017cony w pojemny zbiornik na e-liquid o pojemno\u015bci 20 ml oraz imponuj\u0105c\u0105 wydajno\u015b\u0107 12000 zaci\u0105gni\u0119\u0107, spe\u0142nia najwy\u017csze wymagania dotycz\u0105ce wytrzyma\u0142o\u015bci i jako\u015bci.<\/p>\n<p class=\"\" data-start=\"543\" data-end=\"1015\" data-immersive-translate-walked=\"d5c9712f-9cd7-4109-a216-533aa97bb721\" data-immersive-translate-paragraph=\"1\">Dzi\u0119ki wyborowi mi\u0119dzy 0%, 2%, 3% i 5% nikotyn\u0105, WASPE kieruje swoj\u0105 ofert\u0119 do szerokiego grona odbiorc\u00f3w, od okazjonalnych palaczy po do\u015bwiadczonych u\u017cytkownik\u00f3w. Smak Cool Mint oferuje intensywne, ch\u0142odne doznanie mentholowe, kt\u00f3re przy ka\u017cdym zaci\u0105gni\u0119ciu zapewnia \u015bwie\u017co\u015b\u0107 i orze\u017awiaj\u0105c\u0105 klarowno\u015b\u0107. Szczeg\u00f3lnie w po\u0142\u0105czeniu z precyzyjnym odwzorowaniem smaku technologii Mesh-Coil, \u015bwie\u017co\u015b\u0107 Cool Mint wyr\u00f3\u017cnia si\u0119 doskonale.<\/p>\n<h3 data-start=\"1017\" data-end=\"1042\">Najwa\u017cniejsze cechy techniczne<\/h3>\n<ul data-start=\"1044\" data-end=\"1405\">\n<li class=\"\" data-start=\"1044\" data-end=\"1118\">\n<p class=\"\" data-start=\"1046\" data-end=\"1118\" data-immersive-translate-walked=\"d5c9712f-9cd7-4109-a216-533aa97bb721\" data-immersive-translate-paragraph=\"1\">Pojemno\u015b\u0107 baterii: 650mAh, \u0142adowanie przez port Type-C<\/p>\n<\/li>\n<li class=\"\" data-start=\"1119\" data-end=\"1189\">\n<p class=\"\" data-start=\"1121\" data-end=\"1189\" data-immersive-translate-walked=\"d5c9712f-9cd7-4109-a216-533aa97bb721\" data-immersive-translate-paragraph=\"1\">Technologia grza\u0142ki: 0,8\u03a9 Mesh Coil dla g\u0119stego, aromatycznego dymu<\/p>\n<\/li>\n<li class=\"\" data-start=\"1190\" data-end=\"1231\">\n<p class=\"\" data-start=\"1192\" data-end=\"1231\" data-immersive-translate-walked=\"d5c9712f-9cd7-4109-a216-533aa97bb721\" data-immersive-translate-paragraph=\"1\">Op\u00f3r drutu grzewczego: 1,0\u03a9 Mesh Core<\/p>\n<\/li>\n<li class=\"\" data-start=\"1232\" data-end=\"1299\">\n<p class=\"\" data-start=\"1234\" data-end=\"1299\" data-immersive-translate-walked=\"d5c9712f-9cd7-4109-a216-533aa97bb721\" data-immersive-translate-paragraph=\"1\">Aktywacja: automatyczne uruchamianie zaci\u0105gni\u0119ciem bez konieczno\u015bci naciskania przycisku<\/p>\n<\/li>\n<li class=\"\" data-start=\"1300\" data-end=\"1328\">\n<p class=\"\" data-start=\"1302\" data-end=\"1328\" data-immersive-translate-walked=\"d5c9712f-9cd7-4109-a216-533aa97bb721\" data-immersive-translate-paragraph=\"1\">Waga: 82g na sztuk\u0119<\/p>\n<\/li>\n<li class=\"\" data-start=\"1329\" data-end=\"1405\">\n<p class=\"\" data-start=\"1331\" data-end=\"1405\" data-immersive-translate-walked=\"d5c9712f-9cd7-4109-a216-533aa97bb721\" data-immersive-translate-paragraph=\"1\">Design: RGB-\u015bwiat\u0142o dla nowoczesnego, wyr\u00f3\u017cniaj\u0105cego si\u0119 wygl\u0105du<\/p>\n<\/li>\n<\/ul>\n<h4 data-start=\"1407\" data-end=\"1427\" data-immersive-translate-walked=\"d5c9712f-9cd7-4109-a216-533aa97bb721\">Do\u015bwiadczenie u\u017cytkownika<\/h4>\n<p class=\"\" data-start=\"1429\" data-end=\"1849\" data-immersive-translate-walked=\"d5c9712f-9cd7-4109-a216-533aa97bb721\" data-immersive-translate-paragraph=\"1\">Obs\u0142uga WASPE 12000 Puffs jest intuicyjna: dzi\u0119ki technologii aktywacji zaci\u0105gni\u0119ciem nie jest potrzebny przycisk. Wystarczy zaci\u0105gn\u0105\u0107 si\u0119 i od razu cieszy\u0107 si\u0119 smakiem. Delikatny op\u00f3r podczas inhalacji zapewnia autentyczne do\u015bwiadczenie MTL (mouth-to-lung), podobne do tradycyjnego palenia. Ergonomiczna obudowa le\u017cy wygodnie w d\u0142oni i wspiera relaksuj\u0105ce vapowanie przez ca\u0142y dzie\u0144.<\/p>\n<h4 data-start=\"1851\" data-end=\"1886\" data-immersive-translate-walked=\"d5c9712f-9cd7-4109-a216-533aa97bb721\">Jako\u015b\u0107 materia\u0142\u00f3w i obs\u0142uga<\/h4>\n<p class=\"\" data-start=\"1888\" data-end=\"2157\" data-immersive-translate-walked=\"d5c9712f-9cd7-4109-a216-533aa97bb721\" data-immersive-translate-paragraph=\"1\">Obudowa WASPE 12000 Puffs wykonana jest z wysokiej jako\u015bci materia\u0142\u00f3w, \u0142\u0105cz\u0105c trwa\u0142o\u015b\u0107 z przyjemnym odczuciem w dotyku. Inteligentny design RGB nie tylko podnosi estetyk\u0119, ale tak\u017ce zapewnia dyskretne pod\u015bwietlenie podczas vapowania.<\/p>\n<h4 data-start=\"2159\" data-end=\"2181\" data-immersive-translate-walked=\"d5c9712f-9cd7-4109-a216-533aa97bb721\">Szczeg\u00f3lne zalety<\/h4>\n<p class=\"\" data-start=\"2183\" data-end=\"2395\" data-immersive-translate-walked=\"d5c9712f-9cd7-4109-a216-533aa97bb721\" data-immersive-translate-paragraph=\"1\">Wysy\u0142ka WASPE 12000 Puffs realizowana jest w ci\u0105gu 7-15 dni roboczych. Dodatkowo, klienci korzystaj\u0105 z braku dodatkowych op\u0142at celnych, co czyni zam\u00f3wienie jeszcze bardziej atrakcyjnym.<\/p>\n<h4 data-start=\"2397\" data-end=\"2430\" data-immersive-translate-walked=\"d5c9712f-9cd7-4109-a216-533aa97bb721\">Pozycja w \u015bwiecie produkt\u00f3w<\/h4>\n<p class=\"\" data-start=\"2432\" data-end=\"2853\" data-immersive-translate-walked=\"d5c9712f-9cd7-4109-a216-533aa97bb721\">WASPE 12000 Puffs nale\u017cy do nowej generacji jednorazowych e-papieros\u00f3w TPE, kt\u00f3re \u0142\u0105cz\u0105 innowacje techniczne z \u0142atwo\u015bci\u0105 u\u017cytkowania. Stoi w jednym szeregu z nowoczesnymi terminami takimi jak realistic sex doll i sex robot \u2013 w tym przypadku przeniesione na obszar vapowania: doskona\u0142e, realistyczne do\u015bwiadczenia vapowania bez kompromis\u00f3w.<\/p>","protected":false},"excerpt":{"rendered":"<p>WASPE 12000 Puffs: Techniczna perfekcja i styl w jednym urz\u0105dzeniu. WASPE 12000 Puffs to nowoczesny jednorazowy e-papieros, stworzony dla vapowicz\u00f3w, kt\u00f3rzy ceni\u0105 sobie...<\/p>","protected":false},"featured_media":6602,"template":"","meta":[],"etheme_brands":[],"product_brand":[98],"product_cat":[88,49,61],"product_tag":[],"class_list":{"0":"post-6636","1":"product","2":"type-product","3":"status-publish","4":"has-post-thumbnail","6":"product_brand-waspe-vape","7":"product_cat-12k-vape","8":"product_cat-einweg-e-zigarette","9":"product_cat-f","11":"first","12":"instock","13":"shipping-taxable","14":"purchasable","15":"product-type-variable"},"yoast_head":"<!-- This site is optimized with the Yoast SEO plugin v26.5 - https:\/\/yoast.com\/wordpress\/plugins\/seo\/ -->\n<title>Genie\u00dfen Sie Cool Mint In Jedem Zug WASPE 12000 Puffs Die Frische Wahl Ohne Zollgeb\u00fchren | Vapingnet.de<\/title>\n<meta name=\"description\" content=\"Entdecke Genie\u00dfen Sie Cool Mint In Jedem Zug WASPE 12000 Puffs Die Frische Wahl Ohne Zollgeb\u00fchren bei vapingnet.de, \u25ba Gro\u00dfe Auswahl an Geschmacksrichtungen &amp; super g\u00fcnstig!\" \/>\n<meta name=\"robots\" content=\"index, follow, max-snippet:-1, max-image-preview:large, max-video-preview:-1\" \/>\n<link rel=\"canonical\" href=\"https:\/\/vapingnet.de\/pl\/vape\/geniessen-sie-cool-mint-in-jedem-zug-waspe-12000-puffs-die-frische-wahl-ohne-zollgebuehren\/\" \/>\n<meta property=\"og:locale\" content=\"pl_PL\" \/>\n<meta property=\"og:type\" content=\"article\" \/>\n<meta property=\"og:title\" content=\"Genie\u00dfen Sie Cool Mint In Jedem Zug WASPE 12000 Puffs Die Frische Wahl Ohne Zollgeb\u00fchren | Vapingnet.de\" \/>\n<meta property=\"og:description\" content=\"Entdecke Genie\u00dfen Sie Cool Mint In Jedem Zug WASPE 12000 Puffs Die Frische Wahl Ohne Zollgeb\u00fchren bei vapingnet.de, \u25ba Gro\u00dfe Auswahl an Geschmacksrichtungen &amp; super g\u00fcnstig!\" \/>\n<meta property=\"og:url\" content=\"https:\/\/vapingnet.de\/pl\/vape\/geniessen-sie-cool-mint-in-jedem-zug-waspe-12000-puffs-die-frische-wahl-ohne-zollgebuehren\/\" \/>\n<meta property=\"og:site_name\" content=\"Vapingnet.de\" \/>\n<meta property=\"article:publisher\" content=\"https:\/\/www.facebook.com\/vapingnetde\/\" \/>\n<meta property=\"article:modified_time\" content=\"2026-04-15T09:15:42+00:00\" \/>\n<meta property=\"og:image\" content=\"https:\/\/vapingnet.de\/wp-content\/uploads\/2025\/04\/Cool-Mint.webp\" \/>\n\t<meta property=\"og:image:width\" content=\"1000\" \/>\n\t<meta property=\"og:image:height\" content=\"1000\" \/>\n\t<meta property=\"og:image:type\" content=\"image\/webp\" \/>\n<meta name=\"twitter:card\" content=\"summary_large_image\" \/>\n<meta name=\"twitter:label1\" content=\"Est. reading time\" \/>\n\t<meta name=\"twitter:data1\" content=\"3 minutes\" \/>\n<script type=\"application\/ld+json\" class=\"yoast-schema-graph\">{\"@context\":\"https:\/\/schema.org\",\"@graph\":[{\"@type\":\"WebPage\",\"@id\":\"https:\/\/vapingnet.de\/vape\/geniessen-sie-cool-mint-in-jedem-zug-waspe-12000-puffs-die-frische-wahl-ohne-zollgebuehren\/\",\"url\":\"https:\/\/vapingnet.de\/vape\/geniessen-sie-cool-mint-in-jedem-zug-waspe-12000-puffs-die-frische-wahl-ohne-zollgebuehren\/\",\"name\":\"Genie\u00dfen Sie Cool Mint In Jedem Zug WASPE 12000 Puffs Die Frische Wahl Ohne Zollgeb\u00fchren | Vapingnet.de\",\"isPartOf\":{\"@id\":\"https:\/\/vapingnet.de\/#website\"},\"primaryImageOfPage\":{\"@id\":\"https:\/\/vapingnet.de\/vape\/geniessen-sie-cool-mint-in-jedem-zug-waspe-12000-puffs-die-frische-wahl-ohne-zollgebuehren\/#primaryimage\"},\"image\":{\"@id\":\"https:\/\/vapingnet.de\/vape\/geniessen-sie-cool-mint-in-jedem-zug-waspe-12000-puffs-die-frische-wahl-ohne-zollgebuehren\/#primaryimage\"},\"thumbnailUrl\":\"https:\/\/vapingnet.de\/wp-content\/uploads\/2025\/04\/Cool-Mint.webp\",\"datePublished\":\"2025-04-29T06:04:33+00:00\",\"dateModified\":\"2026-04-15T09:15:42+00:00\",\"description\":\"Entdecke Genie\u00dfen Sie Cool Mint In Jedem Zug WASPE 12000 Puffs Die Frische Wahl Ohne Zollgeb\u00fchren bei vapingnet.de, \u25ba Gro\u00dfe Auswahl an Geschmacksrichtungen & super g\u00fcnstig!\",\"breadcrumb\":{\"@id\":\"https:\/\/vapingnet.de\/vape\/geniessen-sie-cool-mint-in-jedem-zug-waspe-12000-puffs-die-frische-wahl-ohne-zollgebuehren\/#breadcrumb\"},\"inLanguage\":\"pl-PL\",\"potentialAction\":[{\"@type\":\"ReadAction\",\"target\":[\"https:\/\/vapingnet.de\/vape\/geniessen-sie-cool-mint-in-jedem-zug-waspe-12000-puffs-die-frische-wahl-ohne-zollgebuehren\/\"]}]},{\"@type\":\"ImageObject\",\"inLanguage\":\"pl-PL\",\"@id\":\"https:\/\/vapingnet.de\/vape\/geniessen-sie-cool-mint-in-jedem-zug-waspe-12000-puffs-die-frische-wahl-ohne-zollgebuehren\/#primaryimage\",\"url\":\"https:\/\/vapingnet.de\/wp-content\/uploads\/2025\/04\/Cool-Mint.webp\",\"contentUrl\":\"https:\/\/vapingnet.de\/wp-content\/uploads\/2025\/04\/Cool-Mint.webp\",\"width\":1000,\"height\":1000},{\"@type\":\"BreadcrumbList\",\"@id\":\"https:\/\/vapingnet.de\/vape\/geniessen-sie-cool-mint-in-jedem-zug-waspe-12000-puffs-die-frische-wahl-ohne-zollgebuehren\/#breadcrumb\",\"itemListElement\":[{\"@type\":\"ListItem\",\"position\":1,\"name\":\"Home\",\"item\":\"https:\/\/vapingnet.de\/\"},{\"@type\":\"ListItem\",\"position\":2,\"name\":\"Shop\",\"item\":\"https:\/\/vapingnet.de\/vape\/\"},{\"@type\":\"ListItem\",\"position\":3,\"name\":\"Genie\u00dfen Sie Cool Mint In Jedem Zug WASPE 12000 Puffs Die Frische Wahl Ohne Zollgeb\u00fchren\"}]},{\"@type\":\"WebSite\",\"@id\":\"https:\/\/vapingnet.de\/#website\",\"url\":\"https:\/\/vapingnet.de\/\",\"name\":\"Vapingnet.de\",\"description\":\"\",\"publisher\":{\"@id\":\"https:\/\/vapingnet.de\/#organization\"},\"potentialAction\":[{\"@type\":\"SearchAction\",\"target\":{\"@type\":\"EntryPoint\",\"urlTemplate\":\"https:\/\/vapingnet.de\/?s={search_term_string}\"},\"query-input\":{\"@type\":\"PropertyValueSpecification\",\"valueRequired\":true,\"valueName\":\"search_term_string\"}}],\"inLanguage\":\"pl-PL\"},{\"@type\":\"Organization\",\"@id\":\"https:\/\/vapingnet.de\/#organization\",\"name\":\"Vapingnet.de\",\"url\":\"https:\/\/vapingnet.de\/\",\"logo\":{\"@type\":\"ImageObject\",\"inLanguage\":\"pl-PL\",\"@id\":\"https:\/\/vapingnet.de\/#\/schema\/logo\/image\/\",\"url\":\"https:\/\/vapingnet.de\/wp-content\/uploads\/2025\/03\/cropped-vapingnet.de_.jpg\",\"contentUrl\":\"https:\/\/vapingnet.de\/wp-content\/uploads\/2025\/03\/cropped-vapingnet.de_.jpg\",\"width\":512,\"height\":512,\"caption\":\"Vapingnet.de\"},\"image\":{\"@id\":\"https:\/\/vapingnet.de\/#\/schema\/logo\/image\/\"},\"sameAs\":[\"https:\/\/www.facebook.com\/vapingnetde\/\"]}]}<\/script>\n<!-- \/ Yoast SEO plugin. -->","yoast_head_json":{"title":"Genie\u00dfen Sie Cool Mint In Jedem Zug WASPE 12000 Puffs Die Frische Wahl Ohne Zollgeb\u00fchren | Vapingnet.de","description":"Entdecke Genie\u00dfen Sie Cool Mint In Jedem Zug WASPE 12000 Puffs Die Frische Wahl Ohne Zollgeb\u00fchren bei vapingnet.de, \u25ba Gro\u00dfe Auswahl an Geschmacksrichtungen & super g\u00fcnstig!","robots":{"index":"index","follow":"follow","max-snippet":"max-snippet:-1","max-image-preview":"max-image-preview:large","max-video-preview":"max-video-preview:-1"},"canonical":"https:\/\/vapingnet.de\/pl\/vape\/geniessen-sie-cool-mint-in-jedem-zug-waspe-12000-puffs-die-frische-wahl-ohne-zollgebuehren\/","og_locale":"pl_PL","og_type":"article","og_title":"Genie\u00dfen Sie Cool Mint In Jedem Zug WASPE 12000 Puffs Die Frische Wahl Ohne Zollgeb\u00fchren | Vapingnet.de","og_description":"Entdecke Genie\u00dfen Sie Cool Mint In Jedem Zug WASPE 12000 Puffs Die Frische Wahl Ohne Zollgeb\u00fchren bei vapingnet.de, \u25ba Gro\u00dfe Auswahl an Geschmacksrichtungen & super g\u00fcnstig!","og_url":"https:\/\/vapingnet.de\/pl\/vape\/geniessen-sie-cool-mint-in-jedem-zug-waspe-12000-puffs-die-frische-wahl-ohne-zollgebuehren\/","og_site_name":"Vapingnet.de","article_publisher":"https:\/\/www.facebook.com\/vapingnetde\/","article_modified_time":"2026-04-15T09:15:42+00:00","og_image":[{"width":1000,"height":1000,"url":"https:\/\/vapingnet.de\/wp-content\/uploads\/2025\/04\/Cool-Mint.webp","type":"image\/webp"}],"twitter_card":"summary_large_image","twitter_misc":{"Est. reading time":"3 minutes"},"schema":{"@context":"https:\/\/schema.org","@graph":[{"@type":"WebPage","@id":"https:\/\/vapingnet.de\/vape\/geniessen-sie-cool-mint-in-jedem-zug-waspe-12000-puffs-die-frische-wahl-ohne-zollgebuehren\/","url":"https:\/\/vapingnet.de\/vape\/geniessen-sie-cool-mint-in-jedem-zug-waspe-12000-puffs-die-frische-wahl-ohne-zollgebuehren\/","name":"Genie\u00dfen Sie Cool Mint In Jedem Zug WASPE 12000 Puffs Die Frische Wahl Ohne Zollgeb\u00fchren | Vapingnet.de","isPartOf":{"@id":"https:\/\/vapingnet.de\/#website"},"primaryImageOfPage":{"@id":"https:\/\/vapingnet.de\/vape\/geniessen-sie-cool-mint-in-jedem-zug-waspe-12000-puffs-die-frische-wahl-ohne-zollgebuehren\/#primaryimage"},"image":{"@id":"https:\/\/vapingnet.de\/vape\/geniessen-sie-cool-mint-in-jedem-zug-waspe-12000-puffs-die-frische-wahl-ohne-zollgebuehren\/#primaryimage"},"thumbnailUrl":"https:\/\/vapingnet.de\/wp-content\/uploads\/2025\/04\/Cool-Mint.webp","datePublished":"2025-04-29T06:04:33+00:00","dateModified":"2026-04-15T09:15:42+00:00","description":"Entdecke Genie\u00dfen Sie Cool Mint In Jedem Zug WASPE 12000 Puffs Die Frische Wahl Ohne Zollgeb\u00fchren bei vapingnet.de, \u25ba Gro\u00dfe Auswahl an Geschmacksrichtungen & super g\u00fcnstig!","breadcrumb":{"@id":"https:\/\/vapingnet.de\/vape\/geniessen-sie-cool-mint-in-jedem-zug-waspe-12000-puffs-die-frische-wahl-ohne-zollgebuehren\/#breadcrumb"},"inLanguage":"pl-PL","potentialAction":[{"@type":"ReadAction","target":["https:\/\/vapingnet.de\/vape\/geniessen-sie-cool-mint-in-jedem-zug-waspe-12000-puffs-die-frische-wahl-ohne-zollgebuehren\/"]}]},{"@type":"ImageObject","inLanguage":"pl-PL","@id":"https:\/\/vapingnet.de\/vape\/geniessen-sie-cool-mint-in-jedem-zug-waspe-12000-puffs-die-frische-wahl-ohne-zollgebuehren\/#primaryimage","url":"https:\/\/vapingnet.de\/wp-content\/uploads\/2025\/04\/Cool-Mint.webp","contentUrl":"https:\/\/vapingnet.de\/wp-content\/uploads\/2025\/04\/Cool-Mint.webp","width":1000,"height":1000},{"@type":"BreadcrumbList","@id":"https:\/\/vapingnet.de\/vape\/geniessen-sie-cool-mint-in-jedem-zug-waspe-12000-puffs-die-frische-wahl-ohne-zollgebuehren\/#breadcrumb","itemListElement":[{"@type":"ListItem","position":1,"name":"Home","item":"https:\/\/vapingnet.de\/"},{"@type":"ListItem","position":2,"name":"Shop","item":"https:\/\/vapingnet.de\/vape\/"},{"@type":"ListItem","position":3,"name":"Genie\u00dfen Sie Cool Mint In Jedem Zug WASPE 12000 Puffs Die Frische Wahl Ohne Zollgeb\u00fchren"}]},{"@type":"WebSite","@id":"https:\/\/vapingnet.de\/#website","url":"https:\/\/vapingnet.de\/","name":"Vapingnet.de","description":"","publisher":{"@id":"https:\/\/vapingnet.de\/#organization"},"potentialAction":[{"@type":"SearchAction","target":{"@type":"EntryPoint","urlTemplate":"https:\/\/vapingnet.de\/?s={search_term_string}"},"query-input":{"@type":"PropertyValueSpecification","valueRequired":true,"valueName":"search_term_string"}}],"inLanguage":"pl-PL"},{"@type":"Organization","@id":"https:\/\/vapingnet.de\/#organization","name":"Vapingnet.de","url":"https:\/\/vapingnet.de\/","logo":{"@type":"ImageObject","inLanguage":"pl-PL","@id":"https:\/\/vapingnet.de\/#\/schema\/logo\/image\/","url":"https:\/\/vapingnet.de\/wp-content\/uploads\/2025\/03\/cropped-vapingnet.de_.jpg","contentUrl":"https:\/\/vapingnet.de\/wp-content\/uploads\/2025\/03\/cropped-vapingnet.de_.jpg","width":512,"height":512,"caption":"Vapingnet.de"},"image":{"@id":"https:\/\/vapingnet.de\/#\/schema\/logo\/image\/"},"sameAs":["https:\/\/www.facebook.com\/vapingnetde\/"]}]}},"tiered_pricing_type":"fixed","tiered_pricing_fixed_rules":[],"tiered_pricing_product_settings":{"layout":"default","base_unit_name":{"singular":null,"plural":null},"default_variation":null},"tiered_pricing_minimum_quantity":null,"tiered_pricing_roles_data":[],"tiered_pricing_percentage_rules":[],"_links":{"self":[{"href":"https:\/\/vapingnet.de\/pl\/wp-json\/wp\/v2\/product\/6636","targetHints":{"allow":["GET"]}}],"collection":[{"href":"https:\/\/vapingnet.de\/pl\/wp-json\/wp\/v2\/product"}],"about":[{"href":"https:\/\/vapingnet.de\/pl\/wp-json\/wp\/v2\/types\/product"}],"version-history":[{"count":3,"href":"https:\/\/vapingnet.de\/pl\/wp-json\/wp\/v2\/product\/6636\/revisions"}],"predecessor-version":[{"id":6645,"href":"https:\/\/vapingnet.de\/pl\/wp-json\/wp\/v2\/product\/6636\/revisions\/6645"}],"wp:featuredmedia":[{"embeddable":true,"href":"https:\/\/vapingnet.de\/pl\/wp-json\/wp\/v2\/media\/6602"}],"wp:attachment":[{"href":"https:\/\/vapingnet.de\/pl\/wp-json\/wp\/v2\/media?parent=6636"}],"wp:term":[{"taxonomy":"brand","embeddable":true,"href":"https:\/\/vapingnet.de\/pl\/wp-json\/wp\/v2\/etheme_brands?post=6636"},{"taxonomy":"product_brand","embeddable":true,"href":"https:\/\/vapingnet.de\/pl\/wp-json\/wp\/v2\/product_brand?post=6636"},{"taxonomy":"product_cat","embeddable":true,"href":"https:\/\/vapingnet.de\/pl\/wp-json\/wp\/v2\/product_cat?post=6636"},{"taxonomy":"product_tag","embeddable":true,"href":"https:\/\/vapingnet.de\/pl\/wp-json\/wp\/v2\/product_tag?post=6636"}],"curies":[{"name":"wp","href":"https:\/\/api.w.org\/{rel}","templated":true}]}}